{"id":12313,"date":"2021-08-09T02:29:47","date_gmt":"2021-08-09T02:29:47","guid":{"rendered":"https:\/\/tonysourcing.com\/?page_id=12313"},"modified":"2021-08-09T02:30:54","modified_gmt":"2021-08-09T02:30:54","slug":"tonysourcing-nutzungsbedingungen","status":"publish","type":"page","link":"https:\/\/tonysourcing.com\/de\/tonysourcing-terms-of-service\/","title":{"rendered":"TonySourcing Servicebedingungen"},"content":{"rendered":"<h1 class=\"wp-block-heading\" id=\"headline-4-341\">TonySourcing Servicebedingungen<\/h1>\n\n\n\n<h3 class=\"wp-block-heading\">1. Bedingungen<\/h3>\n\n\n\n<p>Durch den Zugriff auf die Website unter&nbsp;<a href=\"https:\/\/www.TonySourcing.com\/\">https:\/\/www.TonySourcing.com<\/a>Mit der Nutzung dieser Website erkl\u00e4ren Sie sich mit diesen Nutzungsbedingungen sowie allen geltenden Gesetzen und Vorschriften einverstanden und sind f\u00fcr die Einhaltung der geltenden lokalen Gesetze verantwortlich. Sollten Sie mit diesen Bedingungen nicht einverstanden sein, ist Ihnen die Nutzung und der Zugriff auf diese Website untersagt. Die auf dieser Website enthaltenen Materialien sind durch geltendes Urheber- und Markenrecht gesch\u00fctzt.<\/p>\n\n\n\n<h3 class=\"wp-block-heading\">2. Nutzungslizenz<\/h3>\n\n\n\n<ol class=\"wp-block-list\" type=\"a\"><li>Es wird die Erlaubnis erteilt, vor\u00fcbergehend eine Kopie der Materialien (Informationen oder Software) auf der VSCOLD-Website herunterzuladen, und zwar ausschlie\u00dflich f\u00fcr den pers\u00f6nlichen, nicht kommerziellen Gebrauch. Es handelt sich um die Erteilung einer Lizenz, nicht um eine \u00dcbertragung des Eigentums. Im Rahmen dieser Lizenz d\u00fcrfen Sie nicht:<ol type=\"i\"><li>die Materialien zu ver\u00e4ndern oder zu kopieren;<\/li><li>die Materialien f\u00fcr kommerzielle Zwecke oder f\u00fcr eine \u00f6ffentliche Darstellung (kommerziell oder nicht kommerziell) zu verwenden;<\/li><li>versuchen, die auf der Website von VSCOLD enthaltene Software zu dekompilieren oder zur\u00fcckzuentwickeln;<\/li><li>jegliche Urheberrechts- oder sonstige Eigentumsvermerke aus den Materialien entfernen; oder<\/li><li>die Materialien an eine andere Person \u00fcbertragen oder die Materialien auf einem anderen Server \u201espiegeln\u201c.<\/li><\/ol><\/li><li>Diese Lizenz erlischt automatisch, wenn Sie gegen eine dieser Einschr\u00e4nkungen versto\u00dfen, und kann von VSCOLD jederzeit gek\u00fcndigt werden. Nach Beendigung der Anzeige dieser Materialien oder nach Beendigung dieser Lizenz m\u00fcssen Sie alle heruntergeladenen Materialien in Ihrem Besitz vernichten, unabh\u00e4ngig davon, ob sie in elektronischer oder gedruckter Form vorliegen.<\/li><\/ol>\n\n\n\n<h3 class=\"wp-block-heading\">3. Haftungsausschluss<\/h3>\n\n\n\n<ol class=\"wp-block-list\" type=\"a\"><li>Die Materialien auf der VSCOLD-Website werden \u201ewie besehen\u201c bereitgestellt. VSCOLD \u00fcbernimmt keine ausdr\u00fccklichen oder stillschweigenden Garantien und schlie\u00dft hiermit alle anderen Garantien aus, einschlie\u00dflich, aber nicht beschr\u00e4nkt auf stillschweigende Garantien oder Bedingungen der Marktg\u00e4ngigkeit, Eignung f\u00fcr einen bestimmten Zweck oder Nichtverletzung von geistigem Eigentum oder anderen Rechtsverletzungen.<\/li><li>Dar\u00fcber hinaus \u00fcbernimmt VSCOLD keine Garantie oder Zusicherung hinsichtlich der Genauigkeit, der wahrscheinlichen Ergebnisse oder der Zuverl\u00e4ssigkeit der Verwendung der Materialien auf seiner Website oder in sonstiger Weise in Bezug auf solche Materialien oder auf Websites, die mit dieser Website verlinkt sind.<\/li><\/ol>\n\n\n\n<h3 class=\"wp-block-heading\">4. Einschr\u00e4nkungen<\/h3>\n\n\n\n<p>VSCOLD oder seine Lieferanten haften in keinem Fall f\u00fcr Sch\u00e4den (einschlie\u00dflich, aber nicht beschr\u00e4nkt auf Sch\u00e4den durch Datenverlust, entgangenen Gewinn oder Betriebsunterbrechung), die aus der Nutzung oder der Unm\u00f6glichkeit der Nutzung der Materialien auf der VSCOLD-Website entstehen, selbst wenn VSCOLD oder ein autorisierter Vertreter von VSCOLD m\u00fcndlich oder schriftlich auf die M\u00f6glichkeit solcher Sch\u00e4den hingewiesen wurde. Da in einigen Rechtsr\u00e4umen Beschr\u00e4nkungen stillschweigender Garantien oder Haftungsbeschr\u00e4nkungen f\u00fcr Folge- oder Nebensch\u00e4den nicht zul\u00e4ssig sind, gelten diese Beschr\u00e4nkungen m\u00f6glicherweise nicht f\u00fcr Sie.<\/p>\n\n\n\n<h3 class=\"wp-block-heading\">5. Genauigkeit der Materialien<\/h3>\n\n\n\n<p>Die auf der VSCOLD-Website ver\u00f6ffentlichten Inhalte k\u00f6nnen technische, typografische oder fotografische Fehler enthalten. VSCOLD \u00fcbernimmt keine Gew\u00e4hr f\u00fcr die Richtigkeit, Vollst\u00e4ndigkeit und Aktualit\u00e4t der Inhalte. VSCOLD beh\u00e4lt sich das Recht vor, die Inhalte seiner Website jederzeit und ohne Vorank\u00fcndigung zu \u00e4ndern. VSCOLD verpflichtet sich jedoch nicht zur Aktualisierung der Inhalte.<\/p>\n\n\n\n<h3 class=\"wp-block-heading\">6. Links<\/h3>\n\n\n\n<p>VSCOLD hat nicht alle mit seiner Website verlinkten Seiten \u00fcberpr\u00fcft und ist nicht f\u00fcr deren Inhalt verantwortlich. Die Bereitstellung eines Links bedeutet nicht, dass VSCOLD die Seite unterst\u00fctzt. Die Nutzung verlinkter Websites erfolgt auf eigene Gefahr des Nutzers.<\/p>\n\n\n\n<h3 class=\"wp-block-heading\">7. \u00c4nderungen<\/h3>\n\n\n\n<p>VSCOLD kann diese Nutzungsbedingungen f\u00fcr seine Website jederzeit und ohne Vorank\u00fcndigung \u00e4ndern. Durch die Nutzung dieser Website erkl\u00e4ren Sie sich mit der jeweils aktuellen Version dieser Nutzungsbedingungen einverstanden.<\/p>\n\n\n\n<h3 class=\"wp-block-heading\">8. Geltendes Recht<\/h3>\n\n\n\n<p>Diese Gesch\u00e4ftsbedingungen unterliegen den Gesetzen Chinas und werden in \u00dcbereinstimmung mit diesen ausgelegt. Sie unterwerfen sich unwiderruflich der ausschlie\u00dflichen Zust\u00e4ndigkeit der Gerichte dieses Staates oder Standorts.<\/p>","protected":false},"excerpt":{"rendered":"<p>TonySourcing Terms of Service 1. Terms By accessing the website at&nbsp;https:\/\/www.TonySourcing.com, you are agreeing to be bound by these terms of service, all applicable laws and regulations, and agree that you are responsible for compliance with any applicable local laws. If you do not agree with any of these terms, you are prohibited from using&#8230;<\/p>","protected":false},"author":1,"featured_media":0,"parent":0,"menu_order":0,"comment_status":"closed","ping_status":"closed","template":"","meta":{"_kad_post_transparent":"","_kad_post_title":"","_kad_post_layout":"","_kad_post_sidebar_id":"","_kad_post_content_style":"","_kad_post_vertical_padding":"","_kad_post_feature":"","_kad_post_feature_position":"","_kad_post_header":false,"_kad_post_footer":false,"footnotes":""},"class_list":["post-12313","page","type-page","status-publish","hentry"],"yoast_head":"<!-- This site is optimized with the Yoast SEO plugin v27.4 - https:\/\/yoast.com\/product\/yoast-seo-wordpress\/ -->\n<title>TonySourcing Terms of Service - TonySourcing<\/title>\n<meta name=\"robots\" content=\"index, follow, max-snippet:-1, max-image-preview:large, max-video-preview:-1\" \/>\n<link rel=\"canonical\" href=\"https:\/\/tonysourcing.com\/de\/tonysourcing-nutzungsbedingungen\/\" \/>\n<meta property=\"og:locale\" content=\"de_DE\" \/>\n<meta property=\"og:type\" content=\"article\" \/>\n<meta property=\"og:title\" content=\"TonySourcing Terms of Service - TonySourcing\" \/>\n<meta property=\"og:description\" content=\"TonySourcing Terms of Service 1. Terms By accessing the website at&nbsp;https:\/\/www.TonySourcing.com, you are agreeing to be bound by these terms of service, all applicable laws and regulations, and agree that you are responsible for compliance with any applicable local laws. If you do not agree with any of these terms, you are prohibited from using...\" \/>\n<meta property=\"og:url\" content=\"https:\/\/tonysourcing.com\/de\/tonysourcing-nutzungsbedingungen\/\" \/>\n<meta property=\"og:site_name\" content=\"TonySourcing\" \/>\n<meta property=\"article:publisher\" content=\"https:\/\/www.facebook.com\/TonySourcing\" \/>\n<meta property=\"article:modified_time\" content=\"2021-08-09T02:30:54+00:00\" \/>\n<meta name=\"twitter:card\" content=\"summary_large_image\" \/>\n<meta name=\"twitter:site\" content=\"@TonySourcing\" \/>\n<meta name=\"twitter:label1\" content=\"Gesch\u00e4tzte Lesezeit\" \/>\n\t<meta name=\"twitter:data1\" content=\"3\u00a0Minuten\" \/>\n<script type=\"application\/ld+json\" class=\"yoast-schema-graph\">{\"@context\":\"https:\\\/\\\/schema.org\",\"@graph\":[{\"@type\":\"Article\",\"@id\":\"https:\\\/\\\/tonysourcing.com\\\/tonysourcing-terms-of-service\\\/#article\",\"isPartOf\":{\"@id\":\"https:\\\/\\\/tonysourcing.com\\\/tonysourcing-terms-of-service\\\/\"},\"author\":{\"name\":\"Tony Chen\",\"@id\":\"https:\\\/\\\/tonysourcing.com\\\/#\\\/schema\\\/person\\\/4e4714e456f747f921bd2cce0cad60f8\"},\"headline\":\"TonySourcing Terms of Service\",\"datePublished\":\"2021-08-09T02:29:47+00:00\",\"dateModified\":\"2021-08-09T02:30:54+00:00\",\"mainEntityOfPage\":{\"@id\":\"https:\\\/\\\/tonysourcing.com\\\/tonysourcing-terms-of-service\\\/\"},\"wordCount\":600,\"publisher\":{\"@id\":\"https:\\\/\\\/tonysourcing.com\\\/#organization\"},\"inLanguage\":\"de\"},{\"@type\":\"WebPage\",\"@id\":\"https:\\\/\\\/tonysourcing.com\\\/tonysourcing-terms-of-service\\\/\",\"url\":\"https:\\\/\\\/tonysourcing.com\\\/tonysourcing-terms-of-service\\\/\",\"name\":\"TonySourcing Terms of Service - TonySourcing\",\"isPartOf\":{\"@id\":\"https:\\\/\\\/tonysourcing.com\\\/#website\"},\"datePublished\":\"2021-08-09T02:29:47+00:00\",\"dateModified\":\"2021-08-09T02:30:54+00:00\",\"breadcrumb\":{\"@id\":\"https:\\\/\\\/tonysourcing.com\\\/tonysourcing-terms-of-service\\\/#breadcrumb\"},\"inLanguage\":\"de\",\"potentialAction\":[{\"@type\":\"ReadAction\",\"target\":[\"https:\\\/\\\/tonysourcing.com\\\/tonysourcing-terms-of-service\\\/\"]}]},{\"@type\":\"BreadcrumbList\",\"@id\":\"https:\\\/\\\/tonysourcing.com\\\/tonysourcing-terms-of-service\\\/#breadcrumb\",\"itemListElement\":[{\"@type\":\"ListItem\",\"position\":1,\"name\":\"Home\",\"item\":\"https:\\\/\\\/tonysourcing.com\\\/\"},{\"@type\":\"ListItem\",\"position\":2,\"name\":\"TonySourcing Terms of Service\"}]},{\"@type\":\"WebSite\",\"@id\":\"https:\\\/\\\/tonysourcing.com\\\/#website\",\"url\":\"https:\\\/\\\/tonysourcing.com\\\/\",\"name\":\"TonySourcing\",\"description\":\"Toys Wholesale Distributor &amp; China Promition Items\",\"publisher\":{\"@id\":\"https:\\\/\\\/tonysourcing.com\\\/#organization\"},\"potentialAction\":[{\"@type\":\"SearchAction\",\"target\":{\"@type\":\"EntryPoint\",\"urlTemplate\":\"https:\\\/\\\/tonysourcing.com\\\/?s={search_term_string}\"},\"query-input\":{\"@type\":\"PropertyValueSpecification\",\"valueRequired\":true,\"valueName\":\"search_term_string\"}}],\"inLanguage\":\"de\"},{\"@type\":\"Organization\",\"@id\":\"https:\\\/\\\/tonysourcing.com\\\/#organization\",\"name\":\"Yiwu Zongge\",\"url\":\"https:\\\/\\\/tonysourcing.com\\\/\",\"logo\":{\"@type\":\"ImageObject\",\"inLanguage\":\"de\",\"@id\":\"https:\\\/\\\/tonysourcing.com\\\/#\\\/schema\\\/logo\\\/image\\\/\",\"url\":\"https:\\\/\\\/tonysourcing.com\\\/wp-content\\\/uploads\\\/2021\\\/07\\\/cropped-TonySourcing-logo-1.png\",\"contentUrl\":\"https:\\\/\\\/tonysourcing.com\\\/wp-content\\\/uploads\\\/2021\\\/07\\\/cropped-TonySourcing-logo-1.png\",\"width\":300,\"height\":92,\"caption\":\"Yiwu Zongge\"},\"image\":{\"@id\":\"https:\\\/\\\/tonysourcing.com\\\/#\\\/schema\\\/logo\\\/image\\\/\"},\"sameAs\":[\"https:\\\/\\\/www.facebook.com\\\/TonySourcing\",\"https:\\\/\\\/x.com\\\/TonySourcing\",\"https:\\\/\\\/www.instagram.com\\\/tony_sourcing\\\/\",\"http:\\\/\\\/www.linkedin.com\\\/in\\\/tonychen88\",\"https:\\\/\\\/www.youtube.com\\\/channel\\\/UCZfST1M-NDoqjQ3dB-Tzszg\"]},{\"@type\":\"Person\",\"@id\":\"https:\\\/\\\/tonysourcing.com\\\/#\\\/schema\\\/person\\\/4e4714e456f747f921bd2cce0cad60f8\",\"name\":\"Tony Chen\",\"description\":\"Tony Chen, the founder of TonySourcing.com &amp; TonyPromos.com He is Professional merchandiser in China since 2011, Now he have quote a lot of Professional knowledge for all kind of Toys and Promos item.\",\"sameAs\":[\"https:\\\/\\\/tonysourcing.com\"],\"url\":\"https:\\\/\\\/tonysourcing.com\\\/de\\\/author\\\/tony\\\/\"}]}<\/script>\n<!-- \/ Yoast SEO plugin. -->","yoast_head_json":{"title":"TonySourcing Servicebedingungen - TonySourcing","robots":{"index":"index","follow":"follow","max-snippet":"max-snippet:-1","max-image-preview":"max-image-preview:large","max-video-preview":"max-video-preview:-1"},"canonical":"https:\/\/tonysourcing.com\/de\/tonysourcing-nutzungsbedingungen\/","og_locale":"de_DE","og_type":"article","og_title":"TonySourcing Terms of Service - TonySourcing","og_description":"TonySourcing Terms of Service 1. Terms By accessing the website at&nbsp;https:\/\/www.TonySourcing.com, you are agreeing to be bound by these terms of service, all applicable laws and regulations, and agree that you are responsible for compliance with any applicable local laws. If you do not agree with any of these terms, you are prohibited from using...","og_url":"https:\/\/tonysourcing.com\/de\/tonysourcing-nutzungsbedingungen\/","og_site_name":"TonySourcing","article_publisher":"https:\/\/www.facebook.com\/TonySourcing","article_modified_time":"2021-08-09T02:30:54+00:00","twitter_card":"summary_large_image","twitter_site":"@TonySourcing","twitter_misc":{"Gesch\u00e4tzte Lesezeit":"3\u00a0Minuten"},"schema":{"@context":"https:\/\/schema.org","@graph":[{"@type":"Article","@id":"https:\/\/tonysourcing.com\/tonysourcing-terms-of-service\/#article","isPartOf":{"@id":"https:\/\/tonysourcing.com\/tonysourcing-terms-of-service\/"},"author":{"name":"Tony Chen","@id":"https:\/\/tonysourcing.com\/#\/schema\/person\/4e4714e456f747f921bd2cce0cad60f8"},"headline":"TonySourcing Terms of Service","datePublished":"2021-08-09T02:29:47+00:00","dateModified":"2021-08-09T02:30:54+00:00","mainEntityOfPage":{"@id":"https:\/\/tonysourcing.com\/tonysourcing-terms-of-service\/"},"wordCount":600,"publisher":{"@id":"https:\/\/tonysourcing.com\/#organization"},"inLanguage":"de"},{"@type":"WebPage","@id":"https:\/\/tonysourcing.com\/tonysourcing-terms-of-service\/","url":"https:\/\/tonysourcing.com\/tonysourcing-terms-of-service\/","name":"TonySourcing Servicebedingungen - TonySourcing","isPartOf":{"@id":"https:\/\/tonysourcing.com\/#website"},"datePublished":"2021-08-09T02:29:47+00:00","dateModified":"2021-08-09T02:30:54+00:00","breadcrumb":{"@id":"https:\/\/tonysourcing.com\/tonysourcing-terms-of-service\/#breadcrumb"},"inLanguage":"de","potentialAction":[{"@type":"ReadAction","target":["https:\/\/tonysourcing.com\/tonysourcing-terms-of-service\/"]}]},{"@type":"BreadcrumbList","@id":"https:\/\/tonysourcing.com\/tonysourcing-terms-of-service\/#breadcrumb","itemListElement":[{"@type":"ListItem","position":1,"name":"Home","item":"https:\/\/tonysourcing.com\/"},{"@type":"ListItem","position":2,"name":"TonySourcing Terms of Service"}]},{"@type":"WebSite","@id":"https:\/\/tonysourcing.com\/#website","url":"https:\/\/tonysourcing.com\/","name":"TonySourcing","description":"Spielzeuggro\u00dfh\u00e4ndler und Werbeartikel aus China","publisher":{"@id":"https:\/\/tonysourcing.com\/#organization"},"potentialAction":[{"@type":"SearchAction","target":{"@type":"EntryPoint","urlTemplate":"https:\/\/tonysourcing.com\/?s={search_term_string}"},"query-input":{"@type":"PropertyValueSpecification","valueRequired":true,"valueName":"search_term_string"}}],"inLanguage":"de"},{"@type":"Organization","@id":"https:\/\/tonysourcing.com\/#organization","name":"Yiwu Zongge","url":"https:\/\/tonysourcing.com\/","logo":{"@type":"ImageObject","inLanguage":"de","@id":"https:\/\/tonysourcing.com\/#\/schema\/logo\/image\/","url":"https:\/\/tonysourcing.com\/wp-content\/uploads\/2021\/07\/cropped-TonySourcing-logo-1.png","contentUrl":"https:\/\/tonysourcing.com\/wp-content\/uploads\/2021\/07\/cropped-TonySourcing-logo-1.png","width":300,"height":92,"caption":"Yiwu Zongge"},"image":{"@id":"https:\/\/tonysourcing.com\/#\/schema\/logo\/image\/"},"sameAs":["https:\/\/www.facebook.com\/TonySourcing","https:\/\/x.com\/TonySourcing","https:\/\/www.instagram.com\/tony_sourcing\/","http:\/\/www.linkedin.com\/in\/tonychen88","https:\/\/www.youtube.com\/channel\/UCZfST1M-NDoqjQ3dB-Tzszg"]},{"@type":"Person","@id":"https:\/\/tonysourcing.com\/#\/schema\/person\/4e4714e456f747f921bd2cce0cad60f8","name":"Tony Chen","description":"Tony Chen, der Gr\u00fcnder von TonySourcing.com und TonyPromos.com, ist seit 2011 professioneller H\u00e4ndler in China und verf\u00fcgt mittlerweile \u00fcber umfangreiches Fachwissen zu allen Arten von Spielzeugen und Werbeartikeln.","sameAs":["https:\/\/tonysourcing.com"],"url":"https:\/\/tonysourcing.com\/de\/author\/tony\/"}]}},"_links":{"self":[{"href":"https:\/\/tonysourcing.com\/de\/wp-json\/wp\/v2\/pages\/12313","targetHints":{"allow":["GET"]}}],"collection":[{"href":"https:\/\/tonysourcing.com\/de\/wp-json\/wp\/v2\/pages"}],"about":[{"href":"https:\/\/tonysourcing.com\/de\/wp-json\/wp\/v2\/types\/page"}],"author":[{"embeddable":true,"href":"https:\/\/tonysourcing.com\/de\/wp-json\/wp\/v2\/users\/1"}],"replies":[{"embeddable":true,"href":"https:\/\/tonysourcing.com\/de\/wp-json\/wp\/v2\/comments?post=12313"}],"version-history":[{"count":3,"href":"https:\/\/tonysourcing.com\/de\/wp-json\/wp\/v2\/pages\/12313\/revisions"}],"predecessor-version":[{"id":12317,"href":"https:\/\/tonysourcing.com\/de\/wp-json\/wp\/v2\/pages\/12313\/revisions\/12317"}],"wp:attachment":[{"href":"https:\/\/tonysourcing.com\/de\/wp-json\/wp\/v2\/media?parent=12313"}],"curies":[{"name":"wp","href":"https:\/\/api.w.org\/{rel}","templated":true}]}}