{"id":5579,"date":"2019-11-12T03:34:49","date_gmt":"2019-11-12T03:34:49","guid":{"rendered":"https:\/\/tonysourcing.com\/?page_id=5579"},"modified":"2019-11-12T03:38:44","modified_gmt":"2019-11-12T03:38:44","slug":"china-toys-suppliers","status":"publish","type":"page","link":"https:\/\/tonysourcing.com\/de\/china-toys-suppliers\/","title":{"rendered":"\u52a9\u529b\u4e2d\u56fd\u73a9\u5177\u4f9b\u5e94\u5546"},"content":{"rendered":"<p>[fusion_builder_container hundred_percent=&#8221;no&#8221; equal_height_columns=&#8221;no&#8221; menu_anchor=&#8221;&#8221; hide_on_mobile=&#8221;small-visibility,medium-visibility,large-visibility&#8221; class=&#8221;&#8221; id=&#8221;&#8221; background_color=&#8221;&#8221; background_image=&#8221;&#8221; background_position=&#8221;center center&#8221; background_repeat=&#8221;no-repeat&#8221; fade=&#8221;no&#8221; background_parallax=&#8221;none&#8221; parallax_speed=&#8221;0.3&#8243; video_mp4=&#8221;&#8221; video_webm=&#8221;&#8221; video_ogv=&#8221;&#8221; video_url=&#8221;&#8221; video_aspect_ratio=&#8221;16:9&#8243; video_loop=&#8221;yes&#8221; video_mute=&#8221;yes&#8221; overlay_color=&#8221;&#8221; video_preview_image=&#8221;&#8221; border_size=&#8221;&#8221; border_color=&#8221;&#8221; border_style=&#8221;solid&#8221; padding_top=&#8221;&#8221; padding_bottom=&#8221;&#8221; padding_left=&#8221;&#8221; padding_right=&#8221;&#8221;][fusion_builder_row][fusion_builder_column type=&#8221;1_1&#8243; layout=&#8221;1_1&#8243; background_position=&#8221;left top&#8221; background_color=&#8221;&#8221; border_size=&#8221;&#8221; border_color=&#8221;&#8221; border_style=&#8221;solid&#8221; border_position=&#8221;all&#8221; spacing=&#8221;yes&#8221; background_image=&#8221;&#8221; background_repeat=&#8221;no-repeat&#8221; padding_top=&#8221;&#8221; padding_right=&#8221;&#8221; padding_bottom=&#8221;&#8221; padding_left=&#8221;&#8221; margin_top=&#8221;0px&#8221; margin_bottom=&#8221;0px&#8221; class=&#8221;&#8221; id=&#8221;&#8221; animation_type=&#8221;&#8221; animation_speed=&#8221;0.3&#8243; animation_direction=&#8221;left&#8221; hide_on_mobile=&#8221;small-visibility,medium-visibility,large-visibility&#8221; center_content=&#8221;no&#8221; last=&#8221;no&#8221; min_height=&#8221;&#8221; hover_type=&#8221;none&#8221; link=&#8221;&#8221;][fusion_text columns=&#8221;&#8221; column_min_width=&#8221;&#8221; column_spacing=&#8221;&#8221; rule_style=&#8221;default&#8221; rule_size=&#8221;&#8221; rule_color=&#8221;&#8221; hide_on_mobile=&#8221;small-visibility,medium-visibility,large-visibility&#8221; class=&#8221;&#8221; id=&#8221;&#8221;]<\/p>\n<h2 style=\"text-align: center;\">TonySourcing \u52a9\u529b \u4e2d\u56fd\u73a9\u5177\u4f9b\u5e94\u5546\uff08China Toys suppliers\uff09 \u4ea7\u54c1\u51fa\u6d77<\/h2>\n<p style=\"text-align: center;\"><img fetchpriority=\"high\" decoding=\"async\" class=\"aligncenter size-full wp-image-366\" src=\"http:\/\/tonysourcing.com\/wp-content\/uploads\/2017\/10\/TonySourcing.jpg\" alt=\"TonySourcing\" width=\"500\" height=\"154\" srcset=\"https:\/\/tonysourcing.com\/wp-content\/uploads\/2017\/10\/TonySourcing.jpg 500w, https:\/\/tonysourcing.com\/wp-content\/uploads\/2017\/10\/TonySourcing-400x123.jpg 400w, https:\/\/tonysourcing.com\/wp-content\/uploads\/2017\/10\/TonySourcing-300x92.jpg 300w, https:\/\/tonysourcing.com\/wp-content\/uploads\/2017\/10\/TonySourcing-200x62.jpg 200w\" sizes=\"(max-width: 500px) 100vw, 500px\" \/><\/p>\n<p style=\"text-align: center;\">\u65e0\u8bba\u4f60\u662f<\/p>\n<p style=\"text-align: center;\"><em>\u73a9\u5177\u5de5\u5382<\/em><\/p>\n<p style=\"text-align: center;\"><em>\u73a9\u5177\u8d38\u6613\u516c\u53f8<\/em><\/p>\n<p style=\"text-align: center;\">\u8fd8\u662f<\/p>\n<p style=\"text-align: center;\"><em>\u73a9\u5177\u6279\u53d1\u5546<\/em><\/p>\n<p>&nbsp;<\/p>\n<p style=\"text-align: center;\">\u53ea\u8981\u4f60\u7b26\u5408\u4ee5\u4e0b\u6761\u4ef6<\/p>\n<p style=\"text-align: center;\"><strong>\u5177\u5907\u82f1\u8bed\u6c9f\u901a\u80fd\u529b<\/strong><\/p>\n<p style=\"text-align: center;\"><strong>\u4e13\u6ce8\u4e00\u7c7b\u73a9\u5177\u7c7b\u522b\u7684\u751f\u4ea7 \u6216 \u9500\u552e<\/strong><\/p>\n<p style=\"text-align: center;\"><strong>\u5e0c\u671b\u901a\u8fc7\u7f51\u7edc\u8425\u9500\u66dd\u5149\u4ea7\u54c1<\/strong><\/p>\n<p style=\"text-align: center;\">\u53ef\u4ee5\u8054\u7cfb\u6211\u4eec\u3002<\/p>\n<p style=\"text-align: center;\">TonySourcing\u6b63\u5f0f\u542f\u7528\u5408\u4f5c\u4f19\u4f34\u62db\u5546, \u73b0\u9636\u6bb5\u2014&#8211;\u514d\u8d39<\/p>\n<p style=\"text-align: center;\">\u62db\u5546\u7c7b\u76ee\u5982\u4e0b\uff1a<\/p>\n<p style=\"text-align: center;\">Building blocks toys, ride on car, Baby strollers, Kids tricycles, Kids bicycles, Kick scooters, Board games toys, Jigsaw puzzle, Car toys, RC toys, Kitchen toys, Dinosaur toys, Educational toys, Manga toys, Baby toys, Candy toys, Capsule toys, Farm toys, Science toys, Stem toys, Toys Box, Silicone squishy, TPR toys\u2026<\/p>\n<h2 style=\"text-align: center;\">&nbsp;<\/h2>\n<h2 style=\"text-align: center;\">\u4f60\u9700\u8981\u505a\u4ec0\u4e48\uff1f<\/h2>\n<p style=\"text-align: center;\">\u63d0\u4f9b\u516c\u53f8\u57fa\u672c\u4fe1\u606f\uff08\u540d\u79f0\uff0c\u5730\u5740\uff0c\u8054\u7cfb\u4eba\u4ee5\u53ca\u8054\u7cfb\u65b9\u5f0f\uff09<\/p>\n<p style=\"text-align: center;\">\u516c\u53f8\u4e3b\u8425\u4ea7\u54c1\u7c7b\u76ee \u4ee5\u53ca\u5728\u4ea7\u54c1\u6216\u516c\u53f8\u7684\u4f18\u52bf<\/p>\n<p style=\"text-align: center;\">\u4ea7\u54c1\u6216\u6837\u54c1\u95f4\u7684\u56fe\u7247<\/p>\n<p style=\"text-align: center;\">\u7f51\u7ad9\u94fe\u63a5\uff08\u5982\u679c\u6709\uff09<\/p>\n<p style=\"text-align: center;\">&nbsp;<\/p>\n<h2 style=\"text-align: center;\"><strong>TonySourcing\u4f1a\u505a\u4ec0\u4e48\uff1f<\/strong><\/h2>\n<p style=\"text-align: center;\">\u5bf9\u5408\u4f5c\u4f19\u4f34\u7684\u7b80\u4ecb\u6587\u6848\u4fee\u6539\u53ca\u5efa\u8bae<\/p>\n<p style=\"text-align: center;\">\u5728\u5bf9\u5e94\u4ea7\u54c1\u7c7b\u76ee\u7684\u9875\u9762\u52a0\u63a8\u201c<a href=\"https:\/\/tonysourcing.com\/\">\u4f18\u8d28\u4f9b\u5e94\u5546<\/a>\u201d<\/p>\n<p style=\"text-align: center;\">\u5982\u5408\u4f5c\u4f19\u4f34\u6709\u4f18\u8d28\u7f51\u7ad9\uff0c\u6211\u4eec\u53ef\u4ee5\u8003\u8651\u7ed9\u5916\u94fe\u3002<\/p>\n<p style=\"text-align: center;\">&nbsp;<\/p>\n<h2 style=\"text-align: center;\">\u6211\u4eec\u8fd9\u8fb9\u505a\u662f\u4e3a\u4e86\u4ec0\u4e48\uff1f<\/h2>\n<p style=\"text-align: center;\">\u8d44\u6e90\u6574\u5408\u548c\u4e92\u8865<\/p>\n<p style=\"text-align: center;\">\u589e\u52a0\u7f51\u7edc\u8425\u9500\u4e0a\u7684\u66dd\u5149\uff0c\u7279\u522b\u662f<a href=\"http:\/\/www.google.com\">google\u8425\u9500<\/a><\/p>\n<p style=\"text-align: center;\">\u5408\u4f5c\u5171\u8d62\uff01<\/p>\n<p style=\"text-align: center;\">\u8054\u7cfb\u90ae\u7bb1\uff1a itonychen@163.com<\/p>\n<p>[\/fusion_text][\/fusion_builder_column][\/fusion_builder_row][\/fusion_builder_container]<\/p>\n","protected":false},"excerpt":{"rendered":"<p>[fusion_builder_container hundred_percent=&#8221;no&#8221; equal_height_columns=&#8221;no&#8221; menu_anchor=&#8221;&#8221; hide_on_mobile=&#8221;small-visibility,medium-visibility,large-visibility&#8221; class=&#8221;&#8221; id=&#8221;&#8221; background_color=&#8221;&#8221; background_image=&#8221;&#8221; background_position=&#8221;center center&#8221; background_repeat=&#8221;no-repeat&#8221; fade=&#8221;no&#8221; background_parallax=&#8221;none&#8221; parallax_speed=&#8221;0.3&#8243; video_mp4=&#8221;&#8221; video_webm=&#8221;&#8221; video_ogv=&#8221;&#8221; video_url=&#8221;&#8221; video_aspect_ratio=&#8221;16:9&#8243; video_loop=&#8221;yes&#8221; video_mute=&#8221;yes&#8221; overlay_color=&#8221;&#8221; video_preview_image=&#8221;&#8221; border_size=&#8221;&#8221; border_color=&#8221;&#8221; border_style=&#8221;solid&#8221; padding_top=&#8221;&#8221; padding_bottom=&#8221;&#8221; padding_left=&#8221;&#8221; padding_right=&#8221;&#8221;][fusion_builder_row][fusion_builder_column type=&#8221;1_1&#8243; layout=&#8221;1_1&#8243; background_position=&#8221;left top&#8221; background_color=&#8221;&#8221; border_size=&#8221;&#8221; border_color=&#8221;&#8221; border_style=&#8221;solid&#8221; border_position=&#8221;all&#8221; spacing=&#8221;yes&#8221; background_image=&#8221;&#8221; background_repeat=&#8221;no-repeat&#8221; padding_top=&#8221;&#8221; padding_right=&#8221;&#8221; padding_bottom=&#8221;&#8221; padding_left=&#8221;&#8221; margin_top=&#8221;0px&#8221; margin_bottom=&#8221;0px&#8221; class=&#8221;&#8221; id=&#8221;&#8221; animation_type=&#8221;&#8221; animation_speed=&#8221;0.3&#8243; animation_direction=&#8221;left&#8221; hide_on_mobile=&#8221;small-visibility,medium-visibility,large-visibility&#8221;&#8230;<\/p>\n","protected":false},"author":1,"featured_media":0,"parent":0,"menu_order":0,"comment_status":"closed","ping_status":"closed","template":"","meta":{"_kad_post_transparent":"","_kad_post_title":"","_kad_post_layout":"","_kad_post_sidebar_id":"","_kad_post_content_style":"","_kad_post_vertical_padding":"","_kad_post_feature":"","_kad_post_feature_position":"","_kad_post_header":false,"_kad_post_footer":false,"footnotes":""},"class_list":["post-5579","page","type-page","status-publish","hentry"],"yoast_head":"<!-- This site is optimized with the Yoast SEO plugin v27.4 - https:\/\/yoast.com\/product\/yoast-seo-wordpress\/ -->\n<title>TonySourcing \u52a9\u529b\u4e2d\u56fd\u73a9\u5177\u4f9b\u5e94\u5546 China Toys Suppliers<\/title>\n<meta name=\"description\" content=\"\u65e0\u8bba\u4f60\u662f\u73a9\u5177\u5de5\u5382\u73a9\u5177\uff0c\u8d38\u6613\u516c\u53f8\u8fd8\u662f\u73a9\u5177\u6279\u53d1\u5546\uff0c\u53ea\u8981\u4f60\u6709\u4f18\u52bf\u4ea7\u54c1\uff0c\u5c31\u53ef\u4ee5\u8054\u7cfb\u6211\u4eec\u3002TonySourcing support China Toys Suppliers \u6b63\u5f0f\u542f\u7528\u5408\u4f5c\u4f19\u4f34\u62db\u5546, \u8be6\u60c5\u8bf7\u70b9\u51fb\u9875\u9762\u5e76\u8054\u7cfb\u6211\u4eec\uff1a itonychen@163.com\" \/>\n<meta name=\"robots\" content=\"index, follow, max-snippet:-1, max-image-preview:large, max-video-preview:-1\" \/>\n<link rel=\"canonical\" href=\"https:\/\/tonysourcing.com\/de\/china-toys-suppliers\/\" \/>\n<meta property=\"og:locale\" content=\"de_DE\" \/>\n<meta property=\"og:type\" content=\"article\" \/>\n<meta property=\"og:title\" content=\"TonySourcing \u52a9\u529b\u4e2d\u56fd\u73a9\u5177\u4f9b\u5e94\u5546 China Toys Suppliers\" \/>\n<meta property=\"og:description\" content=\"\u65e0\u8bba\u4f60\u662f\u73a9\u5177\u5de5\u5382\u73a9\u5177\uff0c\u8d38\u6613\u516c\u53f8\u8fd8\u662f\u73a9\u5177\u6279\u53d1\u5546\uff0c\u53ea\u8981\u4f60\u6709\u4f18\u52bf\u4ea7\u54c1\uff0c\u5c31\u53ef\u4ee5\u8054\u7cfb\u6211\u4eec\u3002TonySourcing support China Toys Suppliers \u6b63\u5f0f\u542f\u7528\u5408\u4f5c\u4f19\u4f34\u62db\u5546, \u8be6\u60c5\u8bf7\u70b9\u51fb\u9875\u9762\u5e76\u8054\u7cfb\u6211\u4eec\uff1a itonychen@163.com\" \/>\n<meta property=\"og:url\" content=\"https:\/\/tonysourcing.com\/de\/china-toys-suppliers\/\" \/>\n<meta property=\"og:site_name\" content=\"TonySourcing\" \/>\n<meta property=\"article:publisher\" content=\"https:\/\/www.facebook.com\/TonySourcing\" \/>\n<meta property=\"article:modified_time\" content=\"2019-11-12T03:38:44+00:00\" \/>\n<meta property=\"og:image\" content=\"http:\/\/tonysourcing.com\/wp-content\/uploads\/2017\/10\/TonySourcing.jpg\" \/>\n<meta name=\"twitter:card\" content=\"summary_large_image\" \/>\n<meta name=\"twitter:site\" content=\"@TonySourcing\" \/>\n<meta name=\"twitter:label1\" content=\"Gesch\u00e4tzte Lesezeit\" \/>\n\t<meta name=\"twitter:data1\" content=\"1\u00a0Minute\" \/>\n<script type=\"application\/ld+json\" class=\"yoast-schema-graph\">{\"@context\":\"https:\\\/\\\/schema.org\",\"@graph\":[{\"@type\":\"Article\",\"@id\":\"https:\\\/\\\/tonysourcing.com\\\/china-toys-suppliers\\\/#article\",\"isPartOf\":{\"@id\":\"https:\\\/\\\/tonysourcing.com\\\/china-toys-suppliers\\\/\"},\"author\":{\"name\":\"Tony Chen\",\"@id\":\"https:\\\/\\\/tonysourcing.com\\\/#\\\/schema\\\/person\\\/4e4714e456f747f921bd2cce0cad60f8\"},\"headline\":\"\u52a9\u529b\u4e2d\u56fd\u73a9\u5177\u4f9b\u5e94\u5546\",\"datePublished\":\"2019-11-12T03:34:49+00:00\",\"dateModified\":\"2019-11-12T03:38:44+00:00\",\"mainEntityOfPage\":{\"@id\":\"https:\\\/\\\/tonysourcing.com\\\/china-toys-suppliers\\\/\"},\"wordCount\":243,\"publisher\":{\"@id\":\"https:\\\/\\\/tonysourcing.com\\\/#organization\"},\"image\":{\"@id\":\"https:\\\/\\\/tonysourcing.com\\\/china-toys-suppliers\\\/#primaryimage\"},\"thumbnailUrl\":\"http:\\\/\\\/tonysourcing.com\\\/wp-content\\\/uploads\\\/2017\\\/10\\\/TonySourcing.jpg\",\"inLanguage\":\"de\"},{\"@type\":\"WebPage\",\"@id\":\"https:\\\/\\\/tonysourcing.com\\\/china-toys-suppliers\\\/\",\"url\":\"https:\\\/\\\/tonysourcing.com\\\/china-toys-suppliers\\\/\",\"name\":\"TonySourcing \u52a9\u529b\u4e2d\u56fd\u73a9\u5177\u4f9b\u5e94\u5546 China Toys Suppliers\",\"isPartOf\":{\"@id\":\"https:\\\/\\\/tonysourcing.com\\\/#website\"},\"primaryImageOfPage\":{\"@id\":\"https:\\\/\\\/tonysourcing.com\\\/china-toys-suppliers\\\/#primaryimage\"},\"image\":{\"@id\":\"https:\\\/\\\/tonysourcing.com\\\/china-toys-suppliers\\\/#primaryimage\"},\"thumbnailUrl\":\"http:\\\/\\\/tonysourcing.com\\\/wp-content\\\/uploads\\\/2017\\\/10\\\/TonySourcing.jpg\",\"datePublished\":\"2019-11-12T03:34:49+00:00\",\"dateModified\":\"2019-11-12T03:38:44+00:00\",\"description\":\"\u65e0\u8bba\u4f60\u662f\u73a9\u5177\u5de5\u5382\u73a9\u5177\uff0c\u8d38\u6613\u516c\u53f8\u8fd8\u662f\u73a9\u5177\u6279\u53d1\u5546\uff0c\u53ea\u8981\u4f60\u6709\u4f18\u52bf\u4ea7\u54c1\uff0c\u5c31\u53ef\u4ee5\u8054\u7cfb\u6211\u4eec\u3002TonySourcing support China Toys Suppliers \u6b63\u5f0f\u542f\u7528\u5408\u4f5c\u4f19\u4f34\u62db\u5546, \u8be6\u60c5\u8bf7\u70b9\u51fb\u9875\u9762\u5e76\u8054\u7cfb\u6211\u4eec\uff1a itonychen@163.com\",\"breadcrumb\":{\"@id\":\"https:\\\/\\\/tonysourcing.com\\\/china-toys-suppliers\\\/#breadcrumb\"},\"inLanguage\":\"de\",\"potentialAction\":[{\"@type\":\"ReadAction\",\"target\":[\"https:\\\/\\\/tonysourcing.com\\\/china-toys-suppliers\\\/\"]}]},{\"@type\":\"ImageObject\",\"inLanguage\":\"de\",\"@id\":\"https:\\\/\\\/tonysourcing.com\\\/china-toys-suppliers\\\/#primaryimage\",\"url\":\"http:\\\/\\\/tonysourcing.com\\\/wp-content\\\/uploads\\\/2017\\\/10\\\/TonySourcing.jpg\",\"contentUrl\":\"http:\\\/\\\/tonysourcing.com\\\/wp-content\\\/uploads\\\/2017\\\/10\\\/TonySourcing.jpg\"},{\"@type\":\"BreadcrumbList\",\"@id\":\"https:\\\/\\\/tonysourcing.com\\\/china-toys-suppliers\\\/#breadcrumb\",\"itemListElement\":[{\"@type\":\"ListItem\",\"position\":1,\"name\":\"Home\",\"item\":\"https:\\\/\\\/tonysourcing.com\\\/\"},{\"@type\":\"ListItem\",\"position\":2,\"name\":\"\u52a9\u529b\u4e2d\u56fd\u73a9\u5177\u4f9b\u5e94\u5546\"}]},{\"@type\":\"WebSite\",\"@id\":\"https:\\\/\\\/tonysourcing.com\\\/#website\",\"url\":\"https:\\\/\\\/tonysourcing.com\\\/\",\"name\":\"TonySourcing\",\"description\":\"Toys Wholesale Distributor &amp; China Promition Items\",\"publisher\":{\"@id\":\"https:\\\/\\\/tonysourcing.com\\\/#organization\"},\"potentialAction\":[{\"@type\":\"SearchAction\",\"target\":{\"@type\":\"EntryPoint\",\"urlTemplate\":\"https:\\\/\\\/tonysourcing.com\\\/?s={search_term_string}\"},\"query-input\":{\"@type\":\"PropertyValueSpecification\",\"valueRequired\":true,\"valueName\":\"search_term_string\"}}],\"inLanguage\":\"de\"},{\"@type\":\"Organization\",\"@id\":\"https:\\\/\\\/tonysourcing.com\\\/#organization\",\"name\":\"Yiwu Zongge\",\"url\":\"https:\\\/\\\/tonysourcing.com\\\/\",\"logo\":{\"@type\":\"ImageObject\",\"inLanguage\":\"de\",\"@id\":\"https:\\\/\\\/tonysourcing.com\\\/#\\\/schema\\\/logo\\\/image\\\/\",\"url\":\"https:\\\/\\\/tonysourcing.com\\\/wp-content\\\/uploads\\\/2021\\\/07\\\/cropped-TonySourcing-logo-1.png\",\"contentUrl\":\"https:\\\/\\\/tonysourcing.com\\\/wp-content\\\/uploads\\\/2021\\\/07\\\/cropped-TonySourcing-logo-1.png\",\"width\":300,\"height\":92,\"caption\":\"Yiwu Zongge\"},\"image\":{\"@id\":\"https:\\\/\\\/tonysourcing.com\\\/#\\\/schema\\\/logo\\\/image\\\/\"},\"sameAs\":[\"https:\\\/\\\/www.facebook.com\\\/TonySourcing\",\"https:\\\/\\\/x.com\\\/TonySourcing\",\"https:\\\/\\\/www.instagram.com\\\/tony_sourcing\\\/\",\"http:\\\/\\\/www.linkedin.com\\\/in\\\/tonychen88\",\"https:\\\/\\\/www.youtube.com\\\/channel\\\/UCZfST1M-NDoqjQ3dB-Tzszg\"]},{\"@type\":\"Person\",\"@id\":\"https:\\\/\\\/tonysourcing.com\\\/#\\\/schema\\\/person\\\/4e4714e456f747f921bd2cce0cad60f8\",\"name\":\"Tony Chen\",\"description\":\"Tony Chen, the founder of TonySourcing.com &amp; TonyPromos.com He is Professional merchandiser in China since 2011, Now he have quote a lot of Professional knowledge for all kind of Toys and Promos item.\",\"sameAs\":[\"https:\\\/\\\/tonysourcing.com\"],\"url\":\"https:\\\/\\\/tonysourcing.com\\\/de\\\/author\\\/tony\\\/\"}]}<\/script>\n<!-- \/ Yoast SEO plugin. -->","yoast_head_json":{"title":"TonySourcing \u52a9\u529b\u4e2d\u56fd\u73a9\u5177\u4f9b\u5e94\u5546 China Toys Suppliers","description":"\u65e0\u8bba\u4f60\u662f\u73a9\u5177\u5de5\u5382\u73a9\u5177\uff0c\u8d38\u6613\u516c\u53f8\u8fd8\u662f\u73a9\u5177\u6279\u53d1\u5546\uff0c\u53ea\u8981\u4f60\u6709\u4f18\u52bf\u4ea7\u54c1\uff0c\u5c31\u53ef\u4ee5\u8054\u7cfb\u6211\u4eec\u3002TonySourcing support China Toys Suppliers \u6b63\u5f0f\u542f\u7528\u5408\u4f5c\u4f19\u4f34\u62db\u5546, \u8be6\u60c5\u8bf7\u70b9\u51fb\u9875\u9762\u5e76\u8054\u7cfb\u6211\u4eec\uff1a itonychen@163.com","robots":{"index":"index","follow":"follow","max-snippet":"max-snippet:-1","max-image-preview":"max-image-preview:large","max-video-preview":"max-video-preview:-1"},"canonical":"https:\/\/tonysourcing.com\/de\/china-toys-suppliers\/","og_locale":"de_DE","og_type":"article","og_title":"TonySourcing \u52a9\u529b\u4e2d\u56fd\u73a9\u5177\u4f9b\u5e94\u5546 China Toys Suppliers","og_description":"\u65e0\u8bba\u4f60\u662f\u73a9\u5177\u5de5\u5382\u73a9\u5177\uff0c\u8d38\u6613\u516c\u53f8\u8fd8\u662f\u73a9\u5177\u6279\u53d1\u5546\uff0c\u53ea\u8981\u4f60\u6709\u4f18\u52bf\u4ea7\u54c1\uff0c\u5c31\u53ef\u4ee5\u8054\u7cfb\u6211\u4eec\u3002TonySourcing support China Toys Suppliers \u6b63\u5f0f\u542f\u7528\u5408\u4f5c\u4f19\u4f34\u62db\u5546, \u8be6\u60c5\u8bf7\u70b9\u51fb\u9875\u9762\u5e76\u8054\u7cfb\u6211\u4eec\uff1a itonychen@163.com","og_url":"https:\/\/tonysourcing.com\/de\/china-toys-suppliers\/","og_site_name":"TonySourcing","article_publisher":"https:\/\/www.facebook.com\/TonySourcing","article_modified_time":"2019-11-12T03:38:44+00:00","og_image":[{"url":"http:\/\/tonysourcing.com\/wp-content\/uploads\/2017\/10\/TonySourcing.jpg","type":"","width":"","height":""}],"twitter_card":"summary_large_image","twitter_site":"@TonySourcing","twitter_misc":{"Gesch\u00e4tzte Lesezeit":"1\u00a0Minute"},"schema":{"@context":"https:\/\/schema.org","@graph":[{"@type":"Article","@id":"https:\/\/tonysourcing.com\/china-toys-suppliers\/#article","isPartOf":{"@id":"https:\/\/tonysourcing.com\/china-toys-suppliers\/"},"author":{"name":"Tony Chen","@id":"https:\/\/tonysourcing.com\/#\/schema\/person\/4e4714e456f747f921bd2cce0cad60f8"},"headline":"\u52a9\u529b\u4e2d\u56fd\u73a9\u5177\u4f9b\u5e94\u5546","datePublished":"2019-11-12T03:34:49+00:00","dateModified":"2019-11-12T03:38:44+00:00","mainEntityOfPage":{"@id":"https:\/\/tonysourcing.com\/china-toys-suppliers\/"},"wordCount":243,"publisher":{"@id":"https:\/\/tonysourcing.com\/#organization"},"image":{"@id":"https:\/\/tonysourcing.com\/china-toys-suppliers\/#primaryimage"},"thumbnailUrl":"http:\/\/tonysourcing.com\/wp-content\/uploads\/2017\/10\/TonySourcing.jpg","inLanguage":"de"},{"@type":"WebPage","@id":"https:\/\/tonysourcing.com\/china-toys-suppliers\/","url":"https:\/\/tonysourcing.com\/china-toys-suppliers\/","name":"TonySourcing \u52a9\u529b\u4e2d\u56fd\u73a9\u5177\u4f9b\u5e94\u5546 China Toys Suppliers","isPartOf":{"@id":"https:\/\/tonysourcing.com\/#website"},"primaryImageOfPage":{"@id":"https:\/\/tonysourcing.com\/china-toys-suppliers\/#primaryimage"},"image":{"@id":"https:\/\/tonysourcing.com\/china-toys-suppliers\/#primaryimage"},"thumbnailUrl":"http:\/\/tonysourcing.com\/wp-content\/uploads\/2017\/10\/TonySourcing.jpg","datePublished":"2019-11-12T03:34:49+00:00","dateModified":"2019-11-12T03:38:44+00:00","description":"\u65e0\u8bba\u4f60\u662f\u73a9\u5177\u5de5\u5382\u73a9\u5177\uff0c\u8d38\u6613\u516c\u53f8\u8fd8\u662f\u73a9\u5177\u6279\u53d1\u5546\uff0c\u53ea\u8981\u4f60\u6709\u4f18\u52bf\u4ea7\u54c1\uff0c\u5c31\u53ef\u4ee5\u8054\u7cfb\u6211\u4eec\u3002TonySourcing support China Toys Suppliers \u6b63\u5f0f\u542f\u7528\u5408\u4f5c\u4f19\u4f34\u62db\u5546, \u8be6\u60c5\u8bf7\u70b9\u51fb\u9875\u9762\u5e76\u8054\u7cfb\u6211\u4eec\uff1a itonychen@163.com","breadcrumb":{"@id":"https:\/\/tonysourcing.com\/china-toys-suppliers\/#breadcrumb"},"inLanguage":"de","potentialAction":[{"@type":"ReadAction","target":["https:\/\/tonysourcing.com\/china-toys-suppliers\/"]}]},{"@type":"ImageObject","inLanguage":"de","@id":"https:\/\/tonysourcing.com\/china-toys-suppliers\/#primaryimage","url":"http:\/\/tonysourcing.com\/wp-content\/uploads\/2017\/10\/TonySourcing.jpg","contentUrl":"http:\/\/tonysourcing.com\/wp-content\/uploads\/2017\/10\/TonySourcing.jpg"},{"@type":"BreadcrumbList","@id":"https:\/\/tonysourcing.com\/china-toys-suppliers\/#breadcrumb","itemListElement":[{"@type":"ListItem","position":1,"name":"Home","item":"https:\/\/tonysourcing.com\/"},{"@type":"ListItem","position":2,"name":"\u52a9\u529b\u4e2d\u56fd\u73a9\u5177\u4f9b\u5e94\u5546"}]},{"@type":"WebSite","@id":"https:\/\/tonysourcing.com\/#website","url":"https:\/\/tonysourcing.com\/","name":"TonySourcing","description":"Spielzeuggro\u00dfh\u00e4ndler und Werbeartikel aus China","publisher":{"@id":"https:\/\/tonysourcing.com\/#organization"},"potentialAction":[{"@type":"SearchAction","target":{"@type":"EntryPoint","urlTemplate":"https:\/\/tonysourcing.com\/?s={search_term_string}"},"query-input":{"@type":"PropertyValueSpecification","valueRequired":true,"valueName":"search_term_string"}}],"inLanguage":"de"},{"@type":"Organization","@id":"https:\/\/tonysourcing.com\/#organization","name":"Yiwu Zongge","url":"https:\/\/tonysourcing.com\/","logo":{"@type":"ImageObject","inLanguage":"de","@id":"https:\/\/tonysourcing.com\/#\/schema\/logo\/image\/","url":"https:\/\/tonysourcing.com\/wp-content\/uploads\/2021\/07\/cropped-TonySourcing-logo-1.png","contentUrl":"https:\/\/tonysourcing.com\/wp-content\/uploads\/2021\/07\/cropped-TonySourcing-logo-1.png","width":300,"height":92,"caption":"Yiwu Zongge"},"image":{"@id":"https:\/\/tonysourcing.com\/#\/schema\/logo\/image\/"},"sameAs":["https:\/\/www.facebook.com\/TonySourcing","https:\/\/x.com\/TonySourcing","https:\/\/www.instagram.com\/tony_sourcing\/","http:\/\/www.linkedin.com\/in\/tonychen88","https:\/\/www.youtube.com\/channel\/UCZfST1M-NDoqjQ3dB-Tzszg"]},{"@type":"Person","@id":"https:\/\/tonysourcing.com\/#\/schema\/person\/4e4714e456f747f921bd2cce0cad60f8","name":"Tony Chen","description":"Tony Chen, der Gr\u00fcnder von TonySourcing.com und TonyPromos.com, ist seit 2011 professioneller H\u00e4ndler in China und verf\u00fcgt mittlerweile \u00fcber umfangreiches Fachwissen zu allen Arten von Spielzeugen und Werbeartikeln.","sameAs":["https:\/\/tonysourcing.com"],"url":"https:\/\/tonysourcing.com\/de\/author\/tony\/"}]}},"_links":{"self":[{"href":"https:\/\/tonysourcing.com\/de\/wp-json\/wp\/v2\/pages\/5579","targetHints":{"allow":["GET"]}}],"collection":[{"href":"https:\/\/tonysourcing.com\/de\/wp-json\/wp\/v2\/pages"}],"about":[{"href":"https:\/\/tonysourcing.com\/de\/wp-json\/wp\/v2\/types\/page"}],"author":[{"embeddable":true,"href":"https:\/\/tonysourcing.com\/de\/wp-json\/wp\/v2\/users\/1"}],"replies":[{"embeddable":true,"href":"https:\/\/tonysourcing.com\/de\/wp-json\/wp\/v2\/comments?post=5579"}],"version-history":[{"count":0,"href":"https:\/\/tonysourcing.com\/de\/wp-json\/wp\/v2\/pages\/5579\/revisions"}],"wp:attachment":[{"href":"https:\/\/tonysourcing.com\/de\/wp-json\/wp\/v2\/media?parent=5579"}],"curies":[{"name":"wp","href":"https:\/\/api.w.org\/{rel}","templated":true}]}}