{"id":6153,"date":"2020-03-16T14:58:15","date_gmt":"2020-03-16T14:58:15","guid":{"rendered":"https:\/\/tonysourcing.com\/?page_id=6153"},"modified":"2022-09-02T02:13:31","modified_gmt":"2022-09-02T02:13:31","slug":"thank-you-for-asking-quote","status":"publish","type":"page","link":"https:\/\/tonysourcing.com\/de\/thank-you-for-asking-quote\/","title":{"rendered":"Thank you for asking quote"},"content":{"rendered":"<div data-elementor-type=\"wp-page\" data-elementor-id=\"6153\" class=\"elementor elementor-6153\" data-elementor-post-type=\"page\">\n\t\t\t\t\t\t<section class=\"elementor-section elementor-top-section elementor-element elementor-element-ad1ce79 elementor-section-stretched elementor-section-boxed elementor-section-height-default elementor-section-height-default\" data-id=\"ad1ce79\" data-element_type=\"section\" data-e-type=\"section\" data-settings=\"{&quot;stretch_section&quot;:&quot;section-stretched&quot;}\">\n\t\t\t\t\t\t<div class=\"elementor-container elementor-column-gap-default\">\n\t\t\t\t\t<div class=\"elementor-column elementor-col-50 elementor-top-column elementor-element elementor-element-5b6f9f6\" data-id=\"5b6f9f6\" data-element_type=\"column\" data-e-type=\"column\">\n\t\t\t<div class=\"elementor-widget-wrap elementor-element-populated\">\n\t\t\t\t\t\t<div class=\"elementor-element elementor-element-2ceb436 elementor-widget elementor-widget-spacer\" data-id=\"2ceb436\" data-element_type=\"widget\" data-e-type=\"widget\" data-widget_type=\"spacer.default\">\n\t\t\t\t<div class=\"elementor-widget-container\">\n\t\t\t\t\t\t\t<div class=\"elementor-spacer\">\n\t\t\t<div class=\"elementor-spacer-inner\"><\/div>\n\t\t<\/div>\n\t\t\t\t\t\t<\/div>\n\t\t\t\t<\/div>\n\t\t\t\t<div class=\"elementor-element elementor-element-b4bb777 elementor-widget elementor-widget-image\" data-id=\"b4bb777\" data-element_type=\"widget\" data-e-type=\"widget\" data-widget_type=\"image.default\">\n\t\t\t\t<div class=\"elementor-widget-container\">\n\t\t\t\t\t\t\t\t\t\t\t\t\t\t\t<img fetchpriority=\"high\" decoding=\"async\" width=\"800\" height=\"506\" src=\"https:\/\/tonysourcing.com\/wp-content\/uploads\/2020\/03\/eezy_71-01-800x506.jpg\" class=\"attachment-large size-large wp-image-6156\" alt=\"return to homepage\" srcset=\"https:\/\/tonysourcing.com\/wp-content\/uploads\/2020\/03\/eezy_71-01-800x506.jpg 800w, https:\/\/tonysourcing.com\/wp-content\/uploads\/2020\/03\/eezy_71-01-scaled-600x379.jpg 600w, https:\/\/tonysourcing.com\/wp-content\/uploads\/2020\/03\/eezy_71-01-300x190.jpg 300w, https:\/\/tonysourcing.com\/wp-content\/uploads\/2020\/03\/eezy_71-01-768x485.jpg 768w, https:\/\/tonysourcing.com\/wp-content\/uploads\/2020\/03\/eezy_71-01-1536x971.jpg 1536w, https:\/\/tonysourcing.com\/wp-content\/uploads\/2020\/03\/eezy_71-01-2048x1294.jpg 2048w, https:\/\/tonysourcing.com\/wp-content\/uploads\/2020\/03\/eezy_71-01-320x202.jpg 320w, https:\/\/tonysourcing.com\/wp-content\/uploads\/2020\/03\/eezy_71-01-200x126.jpg 200w, https:\/\/tonysourcing.com\/wp-content\/uploads\/2020\/03\/eezy_71-01-400x253.jpg 400w, https:\/\/tonysourcing.com\/wp-content\/uploads\/2020\/03\/eezy_71-01-1200x758.jpg 1200w\" sizes=\"(max-width: 800px) 100vw, 800px\" \/>\t\t\t\t\t\t\t\t\t\t\t\t\t\t\t<\/div>\n\t\t\t\t<\/div>\n\t\t\t\t\t<\/div>\n\t\t<\/div>\n\t\t\t\t<div class=\"elementor-column elementor-col-50 elementor-top-column elementor-element elementor-element-8deb40f\" data-id=\"8deb40f\" data-element_type=\"column\" data-e-type=\"column\">\n\t\t\t<div class=\"elementor-widget-wrap elementor-element-populated\">\n\t\t\t\t\t\t<div class=\"elementor-element elementor-element-c554074 elementor-widget elementor-widget-spacer\" data-id=\"c554074\" data-element_type=\"widget\" data-e-type=\"widget\" data-widget_type=\"spacer.default\">\n\t\t\t\t<div class=\"elementor-widget-container\">\n\t\t\t\t\t\t\t<div class=\"elementor-spacer\">\n\t\t\t<div class=\"elementor-spacer-inner\"><\/div>\n\t\t<\/div>\n\t\t\t\t\t\t<\/div>\n\t\t\t\t<\/div>\n\t\t\t\t<div class=\"elementor-element elementor-element-f1ab544 elementor-widget elementor-widget-heading\" data-id=\"f1ab544\" data-element_type=\"widget\" data-e-type=\"widget\" data-widget_type=\"heading.default\">\n\t\t\t\t<div class=\"elementor-widget-container\">\n\t\t\t\t\t<h1 class=\"elementor-heading-title elementor-size-default\">Thank You!<\/h1>\t\t\t\t<\/div>\n\t\t\t\t<\/div>\n\t\t\t\t<div class=\"elementor-element elementor-element-00ef0af elementor-widget elementor-widget-text-editor\" data-id=\"00ef0af\" data-element_type=\"widget\" data-e-type=\"widget\" data-widget_type=\"text-editor.default\">\n\t\t\t\t<div class=\"elementor-widget-container\">\n\t\t\t\t\t\t\t\t\t<p>The message was sent successfully.<\/p><p>We will contact you within 1 working day, please pay attention to the email with the suffix &#8220;@TonySourcing.com&#8221;<\/p><p>\u00a0<\/p><p>hope we will have astable business ralationship in the furture.<\/p>\t\t\t\t\t\t\t\t<\/div>\n\t\t\t\t<\/div>\n\t\t\t\t\t<\/div>\n\t\t<\/div>\n\t\t\t\t\t<\/div>\n\t\t<\/section>\n\t\t\t\t<section class=\"elementor-section elementor-top-section elementor-element elementor-element-6d3e49e elementor-section-content-middle elementor-section-boxed elementor-section-height-default elementor-section-height-default\" data-id=\"6d3e49e\" data-element_type=\"section\" data-e-type=\"section\">\n\t\t\t\t\t\t<div class=\"elementor-container elementor-column-gap-default\">\n\t\t\t\t\t<div class=\"elementor-column elementor-col-100 elementor-top-column elementor-element elementor-element-debfc8e\" data-id=\"debfc8e\" data-element_type=\"column\" data-e-type=\"column\">\n\t\t\t<div class=\"elementor-widget-wrap elementor-element-populated\">\n\t\t\t\t\t\t<section class=\"elementor-section elementor-inner-section elementor-element elementor-element-85e705d elementor-section-boxed elementor-section-height-default elementor-section-height-default\" data-id=\"85e705d\" data-element_type=\"section\" data-e-type=\"section\">\n\t\t\t\t\t\t<div class=\"elementor-container elementor-column-gap-default\">\n\t\t\t\t\t<div class=\"elementor-column elementor-col-50 elementor-inner-column elementor-element elementor-element-4ddcd94\" data-id=\"4ddcd94\" data-element_type=\"column\" data-e-type=\"column\">\n\t\t\t<div class=\"elementor-widget-wrap elementor-element-populated\">\n\t\t\t\t\t\t<div class=\"elementor-element elementor-element-827846d elementor-widget elementor-widget-text-editor\" data-id=\"827846d\" data-element_type=\"widget\" data-e-type=\"widget\" data-widget_type=\"text-editor.default\">\n\t\t\t\t<div class=\"elementor-widget-container\">\n\t\t\t\t\t\t\t\t\t<p>If you are just starting your business of importing from China, we have some guide posts about the entire process: <a href=\"https:\/\/tonysourcing.com\/de\/kategorie\/import-aus-china\/\">https:\/\/tonysourcing.com\/category\/import-from-china\/<\/a><\/p><p>Regarding shipping, if your order will fill a container and be shipped by sea, please see this link: <a href=\"https:\/\/youtu.be\/Xu_vOdmC9As\" target=\"_blank\" rel=\"noopener\">https:\/\/youtu.be\/Xu_vOdmC9As<\/a><\/p><p>If you only intend to place a small number of orders to test the market, please provide your received address after our manager contacts you, and we will send you a quote for air shipping fees.\u00a0<\/p><p>We are constantly sourcing new items for our clients; please visit and subscribe to our YouTube channel for updates:<a href=\"https:\/\/www.youtube.com\/c\/TonySourcing\" target=\"_blank\" rel=\"noopener\">https:\/\/www.youtube.com\/c\/TonySourcing<\/a><\/p>\t\t\t\t\t\t\t\t<\/div>\n\t\t\t\t<\/div>\n\t\t\t\t\t<\/div>\n\t\t<\/div>\n\t\t\t\t<div class=\"elementor-column elementor-col-50 elementor-inner-column elementor-element elementor-element-af7e5cc\" data-id=\"af7e5cc\" data-element_type=\"column\" data-e-type=\"column\">\n\t\t\t<div class=\"elementor-widget-wrap elementor-element-populated\">\n\t\t\t\t\t\t<div class=\"elementor-element elementor-element-9faa82d elementor-widget elementor-widget-image\" data-id=\"9faa82d\" data-element_type=\"widget\" data-e-type=\"widget\" data-widget_type=\"image.default\">\n\t\t\t\t<div class=\"elementor-widget-container\">\n\t\t\t\t\t\t\t\t\t\t\t\t\t\t\t<img decoding=\"async\" width=\"400\" height=\"400\" src=\"https:\/\/tonysourcing.com\/wp-content\/uploads\/2022\/09\/helpful-tips-from-TonySourcing.jpg\" class=\"attachment-large size-large wp-image-15850\" alt=\"helpful tips from TonySourcing\" srcset=\"https:\/\/tonysourcing.com\/wp-content\/uploads\/2022\/09\/helpful-tips-from-TonySourcing.jpg 400w, https:\/\/tonysourcing.com\/wp-content\/uploads\/2022\/09\/helpful-tips-from-TonySourcing-300x300.jpg 300w, https:\/\/tonysourcing.com\/wp-content\/uploads\/2022\/09\/helpful-tips-from-TonySourcing-150x150.jpg 150w, https:\/\/tonysourcing.com\/wp-content\/uploads\/2022\/09\/helpful-tips-from-TonySourcing-200x200.jpg 200w, https:\/\/tonysourcing.com\/wp-content\/uploads\/2022\/09\/helpful-tips-from-TonySourcing-100x100.jpg 100w\" sizes=\"(max-width: 400px) 100vw, 400px\" \/>\t\t\t\t\t\t\t\t\t\t\t\t\t\t\t<\/div>\n\t\t\t\t<\/div>\n\t\t\t\t\t<\/div>\n\t\t<\/div>\n\t\t\t\t\t<\/div>\n\t\t<\/section>\n\t\t\t\t\t<\/div>\n\t\t<\/div>\n\t\t\t\t\t<\/div>\n\t\t<\/section>\n\t\t\t\t<section class=\"elementor-section elementor-top-section elementor-element elementor-element-9ef9dc9 elementor-section-boxed elementor-section-height-default elementor-section-height-default\" data-id=\"9ef9dc9\" data-element_type=\"section\" data-e-type=\"section\">\n\t\t\t\t\t\t<div class=\"elementor-container elementor-column-gap-default\">\n\t\t\t\t\t<div class=\"elementor-column elementor-col-100 elementor-top-column elementor-element elementor-element-fd73a8e\" data-id=\"fd73a8e\" data-element_type=\"column\" data-e-type=\"column\">\n\t\t\t<div class=\"elementor-widget-wrap elementor-element-populated\">\n\t\t\t\t\t\t<div class=\"elementor-element elementor-element-8688c2e elementor-button-warning elementor-align-center elementor-widget elementor-widget-button\" data-id=\"8688c2e\" data-element_type=\"widget\" data-e-type=\"widget\" data-widget_type=\"button.default\">\n\t\t\t\t<div class=\"elementor-widget-container\">\n\t\t\t\t\t\t\t\t\t<div class=\"elementor-button-wrapper\">\n\t\t\t\t\t<a class=\"elementor-button elementor-button-link elementor-size-md\" href=\"https:\/\/tonysourcing.com\/de\/\">\n\t\t\t\t\t\t<span class=\"elementor-button-content-wrapper\">\n\t\t\t\t\t\t<span class=\"elementor-button-icon\">\n\t\t\t\t<i aria-hidden=\"true\" class=\"fas fa-arrow-left\"><\/i>\t\t\t<\/span>\n\t\t\t\t\t\t\t\t\t<span class=\"elementor-button-text\">Return to Homepage<\/span>\n\t\t\t\t\t<\/span>\n\t\t\t\t\t<\/a>\n\t\t\t\t<\/div>\n\t\t\t\t\t\t\t\t<\/div>\n\t\t\t\t<\/div>\n\t\t\t\t\t<\/div>\n\t\t<\/div>\n\t\t\t\t\t<\/div>\n\t\t<\/section>\n\t\t\t\t<\/div>","protected":false},"excerpt":{"rendered":"<p>Thank You! The message was sent successfully. We will contact you within 1 working day, please pay attention to the email with the suffix &#8220;@TonySourcing.com&#8221; \u00a0 hope we will have astable business ralationship in the furture. If you are just starting your business of importing from China, we have some guide posts about the entire&#8230;<\/p>","protected":false},"author":1,"featured_media":0,"parent":0,"menu_order":0,"comment_status":"closed","ping_status":"closed","template":"","meta":{"_kad_post_transparent":"","_kad_post_title":"","_kad_post_layout":"","_kad_post_sidebar_id":"","_kad_post_content_style":"","_kad_post_vertical_padding":"","_kad_post_feature":"","_kad_post_feature_position":"","_kad_post_header":false,"_kad_post_footer":false,"footnotes":""},"class_list":["post-6153","page","type-page","status-publish","hentry"],"yoast_head":"<!-- This site is optimized with the Yoast SEO plugin v27.4 - https:\/\/yoast.com\/product\/yoast-seo-wordpress\/ -->\n<title>Thank you for asking quote<\/title>\n<meta name=\"description\" content=\"After send inquiry to TonySourcing, our team will contact you within 24 hours. here is more info about buying from us.\" \/>\n<meta name=\"robots\" content=\"index, follow, max-snippet:-1, max-image-preview:large, max-video-preview:-1\" \/>\n<link rel=\"canonical\" href=\"https:\/\/tonysourcing.com\/de\/thank-you-for-asking-quote\/\" \/>\n<meta property=\"og:locale\" content=\"de_DE\" \/>\n<meta property=\"og:type\" content=\"article\" \/>\n<meta property=\"og:title\" content=\"Thank you for asking quote\" \/>\n<meta property=\"og:description\" content=\"After send inquiry to TonySourcing, our team will contact you within 24 hours. here is more info about buying from us.\" \/>\n<meta property=\"og:url\" content=\"https:\/\/tonysourcing.com\/de\/thank-you-for-asking-quote\/\" \/>\n<meta property=\"og:site_name\" content=\"TonySourcing\" \/>\n<meta property=\"article:publisher\" content=\"https:\/\/www.facebook.com\/TonySourcing\" \/>\n<meta property=\"article:modified_time\" content=\"2022-09-02T02:13:31+00:00\" \/>\n<meta property=\"og:image\" content=\"https:\/\/tonysourcing.com\/wp-content\/uploads\/2020\/03\/eezy_71-01-800x506.jpg\" \/>\n<meta name=\"twitter:card\" content=\"summary_large_image\" \/>\n<meta name=\"twitter:site\" content=\"@TonySourcing\" \/>\n<meta name=\"twitter:label1\" content=\"Gesch\u00e4tzte Lesezeit\" \/>\n\t<meta name=\"twitter:data1\" content=\"1\u00a0Minute\" \/>\n<script type=\"application\/ld+json\" class=\"yoast-schema-graph\">{\"@context\":\"https:\\\/\\\/schema.org\",\"@graph\":[{\"@type\":\"Article\",\"@id\":\"https:\\\/\\\/tonysourcing.com\\\/thank-you-for-asking-quote\\\/#article\",\"isPartOf\":{\"@id\":\"https:\\\/\\\/tonysourcing.com\\\/thank-you-for-asking-quote\\\/\"},\"author\":{\"name\":\"Tony Chen\",\"@id\":\"https:\\\/\\\/tonysourcing.com\\\/#\\\/schema\\\/person\\\/4e4714e456f747f921bd2cce0cad60f8\"},\"headline\":\"Thank you for asking quote\",\"datePublished\":\"2020-03-16T14:58:15+00:00\",\"dateModified\":\"2022-09-02T02:13:31+00:00\",\"mainEntityOfPage\":{\"@id\":\"https:\\\/\\\/tonysourcing.com\\\/thank-you-for-asking-quote\\\/\"},\"wordCount\":153,\"publisher\":{\"@id\":\"https:\\\/\\\/tonysourcing.com\\\/#organization\"},\"image\":{\"@id\":\"https:\\\/\\\/tonysourcing.com\\\/thank-you-for-asking-quote\\\/#primaryimage\"},\"thumbnailUrl\":\"https:\\\/\\\/tonysourcing.com\\\/wp-content\\\/uploads\\\/2020\\\/03\\\/eezy_71-01-800x506.jpg\",\"inLanguage\":\"de\"},{\"@type\":\"WebPage\",\"@id\":\"https:\\\/\\\/tonysourcing.com\\\/thank-you-for-asking-quote\\\/\",\"url\":\"https:\\\/\\\/tonysourcing.com\\\/thank-you-for-asking-quote\\\/\",\"name\":\"Thank you for asking quote\",\"isPartOf\":{\"@id\":\"https:\\\/\\\/tonysourcing.com\\\/#website\"},\"primaryImageOfPage\":{\"@id\":\"https:\\\/\\\/tonysourcing.com\\\/thank-you-for-asking-quote\\\/#primaryimage\"},\"image\":{\"@id\":\"https:\\\/\\\/tonysourcing.com\\\/thank-you-for-asking-quote\\\/#primaryimage\"},\"thumbnailUrl\":\"https:\\\/\\\/tonysourcing.com\\\/wp-content\\\/uploads\\\/2020\\\/03\\\/eezy_71-01-800x506.jpg\",\"datePublished\":\"2020-03-16T14:58:15+00:00\",\"dateModified\":\"2022-09-02T02:13:31+00:00\",\"description\":\"After send inquiry to TonySourcing, our team will contact you within 24 hours. here is more info about buying from us.\",\"breadcrumb\":{\"@id\":\"https:\\\/\\\/tonysourcing.com\\\/thank-you-for-asking-quote\\\/#breadcrumb\"},\"inLanguage\":\"de\",\"potentialAction\":[{\"@type\":\"ReadAction\",\"target\":[\"https:\\\/\\\/tonysourcing.com\\\/thank-you-for-asking-quote\\\/\"]}]},{\"@type\":\"ImageObject\",\"inLanguage\":\"de\",\"@id\":\"https:\\\/\\\/tonysourcing.com\\\/thank-you-for-asking-quote\\\/#primaryimage\",\"url\":\"https:\\\/\\\/tonysourcing.com\\\/wp-content\\\/uploads\\\/2020\\\/03\\\/eezy_71-01-800x506.jpg\",\"contentUrl\":\"https:\\\/\\\/tonysourcing.com\\\/wp-content\\\/uploads\\\/2020\\\/03\\\/eezy_71-01-800x506.jpg\"},{\"@type\":\"BreadcrumbList\",\"@id\":\"https:\\\/\\\/tonysourcing.com\\\/thank-you-for-asking-quote\\\/#breadcrumb\",\"itemListElement\":[{\"@type\":\"ListItem\",\"position\":1,\"name\":\"Home\",\"item\":\"https:\\\/\\\/tonysourcing.com\\\/\"},{\"@type\":\"ListItem\",\"position\":2,\"name\":\"Thank you for asking quote\"}]},{\"@type\":\"WebSite\",\"@id\":\"https:\\\/\\\/tonysourcing.com\\\/#website\",\"url\":\"https:\\\/\\\/tonysourcing.com\\\/\",\"name\":\"TonySourcing\",\"description\":\"Toys Wholesale Distributor &amp; China Promition Items\",\"publisher\":{\"@id\":\"https:\\\/\\\/tonysourcing.com\\\/#organization\"},\"potentialAction\":[{\"@type\":\"SearchAction\",\"target\":{\"@type\":\"EntryPoint\",\"urlTemplate\":\"https:\\\/\\\/tonysourcing.com\\\/?s={search_term_string}\"},\"query-input\":{\"@type\":\"PropertyValueSpecification\",\"valueRequired\":true,\"valueName\":\"search_term_string\"}}],\"inLanguage\":\"de\"},{\"@type\":\"Organization\",\"@id\":\"https:\\\/\\\/tonysourcing.com\\\/#organization\",\"name\":\"Yiwu Zongge\",\"url\":\"https:\\\/\\\/tonysourcing.com\\\/\",\"logo\":{\"@type\":\"ImageObject\",\"inLanguage\":\"de\",\"@id\":\"https:\\\/\\\/tonysourcing.com\\\/#\\\/schema\\\/logo\\\/image\\\/\",\"url\":\"https:\\\/\\\/tonysourcing.com\\\/wp-content\\\/uploads\\\/2021\\\/07\\\/cropped-TonySourcing-logo-1.png\",\"contentUrl\":\"https:\\\/\\\/tonysourcing.com\\\/wp-content\\\/uploads\\\/2021\\\/07\\\/cropped-TonySourcing-logo-1.png\",\"width\":300,\"height\":92,\"caption\":\"Yiwu Zongge\"},\"image\":{\"@id\":\"https:\\\/\\\/tonysourcing.com\\\/#\\\/schema\\\/logo\\\/image\\\/\"},\"sameAs\":[\"https:\\\/\\\/www.facebook.com\\\/TonySourcing\",\"https:\\\/\\\/x.com\\\/TonySourcing\",\"https:\\\/\\\/www.instagram.com\\\/tony_sourcing\\\/\",\"http:\\\/\\\/www.linkedin.com\\\/in\\\/tonychen88\",\"https:\\\/\\\/www.youtube.com\\\/channel\\\/UCZfST1M-NDoqjQ3dB-Tzszg\"]},{\"@type\":\"Person\",\"@id\":\"https:\\\/\\\/tonysourcing.com\\\/#\\\/schema\\\/person\\\/4e4714e456f747f921bd2cce0cad60f8\",\"name\":\"Tony Chen\",\"description\":\"Tony Chen, the founder of TonySourcing.com &amp; TonyPromos.com He is Professional merchandiser in China since 2011, Now he have quote a lot of Professional knowledge for all kind of Toys and Promos item.\",\"sameAs\":[\"https:\\\/\\\/tonysourcing.com\"],\"url\":\"https:\\\/\\\/tonysourcing.com\\\/de\\\/author\\\/tony\\\/\"}]}<\/script>\n<!-- \/ Yoast SEO plugin. -->","yoast_head_json":{"title":"Thank you for asking quote","description":"After send inquiry to TonySourcing, our team will contact you within 24 hours. here is more info about buying from us.","robots":{"index":"index","follow":"follow","max-snippet":"max-snippet:-1","max-image-preview":"max-image-preview:large","max-video-preview":"max-video-preview:-1"},"canonical":"https:\/\/tonysourcing.com\/de\/thank-you-for-asking-quote\/","og_locale":"de_DE","og_type":"article","og_title":"Thank you for asking quote","og_description":"After send inquiry to TonySourcing, our team will contact you within 24 hours. here is more info about buying from us.","og_url":"https:\/\/tonysourcing.com\/de\/thank-you-for-asking-quote\/","og_site_name":"TonySourcing","article_publisher":"https:\/\/www.facebook.com\/TonySourcing","article_modified_time":"2022-09-02T02:13:31+00:00","og_image":[{"url":"https:\/\/tonysourcing.com\/wp-content\/uploads\/2020\/03\/eezy_71-01-800x506.jpg","type":"","width":"","height":""}],"twitter_card":"summary_large_image","twitter_site":"@TonySourcing","twitter_misc":{"Gesch\u00e4tzte Lesezeit":"1\u00a0Minute"},"schema":{"@context":"https:\/\/schema.org","@graph":[{"@type":"Article","@id":"https:\/\/tonysourcing.com\/thank-you-for-asking-quote\/#article","isPartOf":{"@id":"https:\/\/tonysourcing.com\/thank-you-for-asking-quote\/"},"author":{"name":"Tony Chen","@id":"https:\/\/tonysourcing.com\/#\/schema\/person\/4e4714e456f747f921bd2cce0cad60f8"},"headline":"Thank you for asking quote","datePublished":"2020-03-16T14:58:15+00:00","dateModified":"2022-09-02T02:13:31+00:00","mainEntityOfPage":{"@id":"https:\/\/tonysourcing.com\/thank-you-for-asking-quote\/"},"wordCount":153,"publisher":{"@id":"https:\/\/tonysourcing.com\/#organization"},"image":{"@id":"https:\/\/tonysourcing.com\/thank-you-for-asking-quote\/#primaryimage"},"thumbnailUrl":"https:\/\/tonysourcing.com\/wp-content\/uploads\/2020\/03\/eezy_71-01-800x506.jpg","inLanguage":"de"},{"@type":"WebPage","@id":"https:\/\/tonysourcing.com\/thank-you-for-asking-quote\/","url":"https:\/\/tonysourcing.com\/thank-you-for-asking-quote\/","name":"Thank you for asking quote","isPartOf":{"@id":"https:\/\/tonysourcing.com\/#website"},"primaryImageOfPage":{"@id":"https:\/\/tonysourcing.com\/thank-you-for-asking-quote\/#primaryimage"},"image":{"@id":"https:\/\/tonysourcing.com\/thank-you-for-asking-quote\/#primaryimage"},"thumbnailUrl":"https:\/\/tonysourcing.com\/wp-content\/uploads\/2020\/03\/eezy_71-01-800x506.jpg","datePublished":"2020-03-16T14:58:15+00:00","dateModified":"2022-09-02T02:13:31+00:00","description":"After send inquiry to TonySourcing, our team will contact you within 24 hours. here is more info about buying from us.","breadcrumb":{"@id":"https:\/\/tonysourcing.com\/thank-you-for-asking-quote\/#breadcrumb"},"inLanguage":"de","potentialAction":[{"@type":"ReadAction","target":["https:\/\/tonysourcing.com\/thank-you-for-asking-quote\/"]}]},{"@type":"ImageObject","inLanguage":"de","@id":"https:\/\/tonysourcing.com\/thank-you-for-asking-quote\/#primaryimage","url":"https:\/\/tonysourcing.com\/wp-content\/uploads\/2020\/03\/eezy_71-01-800x506.jpg","contentUrl":"https:\/\/tonysourcing.com\/wp-content\/uploads\/2020\/03\/eezy_71-01-800x506.jpg"},{"@type":"BreadcrumbList","@id":"https:\/\/tonysourcing.com\/thank-you-for-asking-quote\/#breadcrumb","itemListElement":[{"@type":"ListItem","position":1,"name":"Home","item":"https:\/\/tonysourcing.com\/"},{"@type":"ListItem","position":2,"name":"Thank you for asking quote"}]},{"@type":"WebSite","@id":"https:\/\/tonysourcing.com\/#website","url":"https:\/\/tonysourcing.com\/","name":"TonySourcing","description":"Spielzeuggro\u00dfh\u00e4ndler und Werbeartikel aus China","publisher":{"@id":"https:\/\/tonysourcing.com\/#organization"},"potentialAction":[{"@type":"SearchAction","target":{"@type":"EntryPoint","urlTemplate":"https:\/\/tonysourcing.com\/?s={search_term_string}"},"query-input":{"@type":"PropertyValueSpecification","valueRequired":true,"valueName":"search_term_string"}}],"inLanguage":"de"},{"@type":"Organization","@id":"https:\/\/tonysourcing.com\/#organization","name":"Yiwu Zongge","url":"https:\/\/tonysourcing.com\/","logo":{"@type":"ImageObject","inLanguage":"de","@id":"https:\/\/tonysourcing.com\/#\/schema\/logo\/image\/","url":"https:\/\/tonysourcing.com\/wp-content\/uploads\/2021\/07\/cropped-TonySourcing-logo-1.png","contentUrl":"https:\/\/tonysourcing.com\/wp-content\/uploads\/2021\/07\/cropped-TonySourcing-logo-1.png","width":300,"height":92,"caption":"Yiwu Zongge"},"image":{"@id":"https:\/\/tonysourcing.com\/#\/schema\/logo\/image\/"},"sameAs":["https:\/\/www.facebook.com\/TonySourcing","https:\/\/x.com\/TonySourcing","https:\/\/www.instagram.com\/tony_sourcing\/","http:\/\/www.linkedin.com\/in\/tonychen88","https:\/\/www.youtube.com\/channel\/UCZfST1M-NDoqjQ3dB-Tzszg"]},{"@type":"Person","@id":"https:\/\/tonysourcing.com\/#\/schema\/person\/4e4714e456f747f921bd2cce0cad60f8","name":"Tony Chen","description":"Tony Chen, der Gr\u00fcnder von TonySourcing.com und TonyPromos.com, ist seit 2011 professioneller H\u00e4ndler in China und verf\u00fcgt mittlerweile \u00fcber umfangreiches Fachwissen zu allen Arten von Spielzeugen und Werbeartikeln.","sameAs":["https:\/\/tonysourcing.com"],"url":"https:\/\/tonysourcing.com\/de\/author\/tony\/"}]}},"_links":{"self":[{"href":"https:\/\/tonysourcing.com\/de\/wp-json\/wp\/v2\/pages\/6153","targetHints":{"allow":["GET"]}}],"collection":[{"href":"https:\/\/tonysourcing.com\/de\/wp-json\/wp\/v2\/pages"}],"about":[{"href":"https:\/\/tonysourcing.com\/de\/wp-json\/wp\/v2\/types\/page"}],"author":[{"embeddable":true,"href":"https:\/\/tonysourcing.com\/de\/wp-json\/wp\/v2\/users\/1"}],"replies":[{"embeddable":true,"href":"https:\/\/tonysourcing.com\/de\/wp-json\/wp\/v2\/comments?post=6153"}],"version-history":[{"count":8,"href":"https:\/\/tonysourcing.com\/de\/wp-json\/wp\/v2\/pages\/6153\/revisions"}],"predecessor-version":[{"id":15853,"href":"https:\/\/tonysourcing.com\/de\/wp-json\/wp\/v2\/pages\/6153\/revisions\/15853"}],"wp:attachment":[{"href":"https:\/\/tonysourcing.com\/de\/wp-json\/wp\/v2\/media?parent=6153"}],"curies":[{"name":"wp","href":"https:\/\/api.w.org\/{rel}","templated":true}]}}