{"id":6446,"date":"2020-06-04T13:43:29","date_gmt":"2020-06-04T13:43:29","guid":{"rendered":"https:\/\/tonysourcing.com\/?page_id=6446"},"modified":"2020-06-04T13:55:24","modified_gmt":"2020-06-04T13:55:24","slug":"2020-catalog-thanks","status":"publish","type":"page","link":"https:\/\/tonysourcing.com\/de\/2020-catalog-thanks\/","title":{"rendered":"2020 Catalog Thanks"},"content":{"rendered":"<div data-elementor-type=\"wp-page\" data-elementor-id=\"6446\" class=\"elementor elementor-6446\" data-elementor-post-type=\"page\">\n\t\t\t\t\t\t<section class=\"elementor-section elementor-top-section elementor-element elementor-element-4bc94cb elementor-section-boxed elementor-section-height-default elementor-section-height-default\" data-id=\"4bc94cb\" data-element_type=\"section\" data-e-type=\"section\">\n\t\t\t\t\t\t<div class=\"elementor-container elementor-column-gap-default\">\n\t\t\t\t\t<div class=\"elementor-column elementor-col-33 elementor-top-column elementor-element elementor-element-5d2c91e\" data-id=\"5d2c91e\" data-element_type=\"column\" data-e-type=\"column\">\n\t\t\t<div class=\"elementor-widget-wrap\">\n\t\t\t\t\t\t\t<\/div>\n\t\t<\/div>\n\t\t\t\t<div class=\"elementor-column elementor-col-33 elementor-top-column elementor-element elementor-element-bc239d5\" data-id=\"bc239d5\" data-element_type=\"column\" data-e-type=\"column\">\n\t\t\t<div class=\"elementor-widget-wrap\">\n\t\t\t\t\t\t\t<\/div>\n\t\t<\/div>\n\t\t\t\t<div class=\"elementor-column elementor-col-33 elementor-top-column elementor-element elementor-element-95e940e\" data-id=\"95e940e\" data-element_type=\"column\" data-e-type=\"column\">\n\t\t\t<div class=\"elementor-widget-wrap\">\n\t\t\t\t\t\t\t<\/div>\n\t\t<\/div>\n\t\t\t\t\t<\/div>\n\t\t<\/section>\n\t\t\t\t<section class=\"elementor-section elementor-top-section elementor-element elementor-element-24a996a elementor-section-content-middle elementor-section-boxed elementor-section-height-default elementor-section-height-default\" data-id=\"24a996a\" data-element_type=\"section\" data-e-type=\"section\">\n\t\t\t\t\t\t<div class=\"elementor-container elementor-column-gap-default\">\n\t\t\t\t\t<div class=\"elementor-column elementor-col-50 elementor-top-column elementor-element elementor-element-3218da3\" data-id=\"3218da3\" data-element_type=\"column\" data-e-type=\"column\">\n\t\t\t<div class=\"elementor-widget-wrap elementor-element-populated\">\n\t\t\t\t\t\t<div class=\"elementor-element elementor-element-da8c09e elementor-widget elementor-widget-image\" data-id=\"da8c09e\" data-element_type=\"widget\" data-e-type=\"widget\" data-widget_type=\"image.default\">\n\t\t\t\t<div class=\"elementor-widget-container\">\n\t\t\t\t\t\t\t\t\t\t\t\t\t\t\t<img fetchpriority=\"high\" decoding=\"async\" width=\"512\" height=\"512\" src=\"https:\/\/tonysourcing.com\/wp-content\/uploads\/2020\/06\/email.png\" class=\"attachment-large size-large wp-image-6447\" alt=\"E-Mail\" srcset=\"https:\/\/tonysourcing.com\/wp-content\/uploads\/2020\/06\/email.png 512w, https:\/\/tonysourcing.com\/wp-content\/uploads\/2020\/06\/email-200x200.png 200w, https:\/\/tonysourcing.com\/wp-content\/uploads\/2020\/06\/email-100x100.png 100w, https:\/\/tonysourcing.com\/wp-content\/uploads\/2020\/06\/email-400x400.png 400w, https:\/\/tonysourcing.com\/wp-content\/uploads\/2020\/06\/email-300x300.png 300w, https:\/\/tonysourcing.com\/wp-content\/uploads\/2020\/06\/email-150x150.png 150w, https:\/\/tonysourcing.com\/wp-content\/uploads\/2020\/06\/email-66x66.png 66w\" sizes=\"(max-width: 512px) 100vw, 512px\" \/>\t\t\t\t\t\t\t\t\t\t\t\t\t\t\t<\/div>\n\t\t\t\t<\/div>\n\t\t\t\t\t<\/div>\n\t\t<\/div>\n\t\t\t\t<div class=\"elementor-column elementor-col-50 elementor-top-column elementor-element elementor-element-507a2c8\" data-id=\"507a2c8\" data-element_type=\"column\" data-e-type=\"column\">\n\t\t\t<div class=\"elementor-widget-wrap elementor-element-populated\">\n\t\t\t\t\t\t<div class=\"elementor-element elementor-element-0bf406a elementor-widget elementor-widget-text-editor\" data-id=\"0bf406a\" data-element_type=\"widget\" data-e-type=\"widget\" data-widget_type=\"text-editor.default\">\n\t\t\t\t<div class=\"elementor-widget-container\">\n\t\t\t\t\t\t\t\t\t<p><strong><span style=\"color: #ff6600;\">Thank\u00a0 You!<\/span><\/strong><\/p><p><span style=\"color: #ff6600;\">\u00a0<\/span><\/p><p>We will send you 2020 Catalog within 1-2 mins, please pay attention to the email with the suffix \u201c@TonySourcing.com\u201d<\/p><p><span style=\"font-size: 16px;\">Hope we will have an astable business relationship in the future.<\/span><\/p>\t\t\t\t\t\t\t\t<\/div>\n\t\t\t\t<\/div>\n\t\t\t\t<div class=\"elementor-element elementor-element-0e3c677 elementor-widget elementor-widget-button\" data-id=\"0e3c677\" data-element_type=\"widget\" data-e-type=\"widget\" data-widget_type=\"button.default\">\n\t\t\t\t<div class=\"elementor-widget-container\">\n\t\t\t\t\t\t\t\t\t<div class=\"elementor-button-wrapper\">\n\t\t\t\t\t<a class=\"elementor-button elementor-button-link elementor-size-sm\" href=\"http:\/\/TonySourcing.com\">\n\t\t\t\t\t\t<span class=\"elementor-button-content-wrapper\">\n\t\t\t\t\t\t<span class=\"elementor-button-icon\">\n\t\t\t\t<i aria-hidden=\"true\" class=\"fas fa-long-arrow-alt-left\"><\/i>\t\t\t<\/span>\n\t\t\t\t\t\t\t\t\t<span class=\"elementor-button-text\">Back To the Homepage<\/span>\n\t\t\t\t\t<\/span>\n\t\t\t\t\t<\/a>\n\t\t\t\t<\/div>\n\t\t\t\t\t\t\t\t<\/div>\n\t\t\t\t<\/div>\n\t\t\t\t\t<\/div>\n\t\t<\/div>\n\t\t\t\t\t<\/div>\n\t\t<\/section>\n\t\t\t\t<\/div>","protected":false},"excerpt":{"rendered":"<p>Thank\u00a0 You! \u00a0 We will send you 2020 Catalog within 1-2 mins, please pay attention to the email with the suffix \u201c@TonySourcing.com\u201d Hope we will have an astable business relationship in the future. Back To the Homepage<\/p>","protected":false},"author":1,"featured_media":0,"parent":0,"menu_order":0,"comment_status":"closed","ping_status":"closed","template":"","meta":{"_kad_post_transparent":"","_kad_post_title":"","_kad_post_layout":"","_kad_post_sidebar_id":"","_kad_post_content_style":"","_kad_post_vertical_padding":"","_kad_post_feature":"","_kad_post_feature_position":"","_kad_post_header":false,"_kad_post_footer":false,"footnotes":""},"class_list":["post-6446","page","type-page","status-publish","hentry"],"yoast_head":"<!-- This site is optimized with the Yoast SEO plugin v27.4 - https:\/\/yoast.com\/product\/yoast-seo-wordpress\/ -->\n<title>2020 Catalog Thanks - TonySourcing<\/title>\n<meta name=\"robots\" content=\"index, follow, max-snippet:-1, max-image-preview:large, max-video-preview:-1\" \/>\n<link rel=\"canonical\" href=\"https:\/\/tonysourcing.com\/de\/2020-catalog-thanks\/\" \/>\n<meta property=\"og:locale\" content=\"de_DE\" \/>\n<meta property=\"og:type\" content=\"article\" \/>\n<meta property=\"og:title\" content=\"2020 Catalog Thanks - TonySourcing\" \/>\n<meta property=\"og:description\" content=\"Thank\u00a0 You! \u00a0 We will send you 2020 Catalog within 1-2 mins, please pay attention to the email with the suffix \u201c@TonySourcing.com\u201d Hope we will have an astable business relationship in the future. Back To the Homepage\" \/>\n<meta property=\"og:url\" content=\"https:\/\/tonysourcing.com\/de\/2020-catalog-thanks\/\" \/>\n<meta property=\"og:site_name\" content=\"TonySourcing\" \/>\n<meta property=\"article:publisher\" content=\"https:\/\/www.facebook.com\/TonySourcing\" \/>\n<meta property=\"article:modified_time\" content=\"2020-06-04T13:55:24+00:00\" \/>\n<meta property=\"og:image\" content=\"http:\/\/tonysourcing.com\/wp-content\/uploads\/2020\/06\/email.png\" \/>\n<meta name=\"twitter:card\" content=\"summary_large_image\" \/>\n<meta name=\"twitter:site\" content=\"@TonySourcing\" \/>\n<script type=\"application\/ld+json\" class=\"yoast-schema-graph\">{\"@context\":\"https:\\\/\\\/schema.org\",\"@graph\":[{\"@type\":\"Article\",\"@id\":\"https:\\\/\\\/tonysourcing.com\\\/2020-catalog-thanks\\\/#article\",\"isPartOf\":{\"@id\":\"https:\\\/\\\/tonysourcing.com\\\/2020-catalog-thanks\\\/\"},\"author\":{\"name\":\"Tony Chen\",\"@id\":\"https:\\\/\\\/tonysourcing.com\\\/#\\\/schema\\\/person\\\/4e4714e456f747f921bd2cce0cad60f8\"},\"headline\":\"2020 Catalog Thanks\",\"datePublished\":\"2020-06-04T13:43:29+00:00\",\"dateModified\":\"2020-06-04T13:55:24+00:00\",\"mainEntityOfPage\":{\"@id\":\"https:\\\/\\\/tonysourcing.com\\\/2020-catalog-thanks\\\/\"},\"wordCount\":38,\"publisher\":{\"@id\":\"https:\\\/\\\/tonysourcing.com\\\/#organization\"},\"image\":{\"@id\":\"https:\\\/\\\/tonysourcing.com\\\/2020-catalog-thanks\\\/#primaryimage\"},\"thumbnailUrl\":\"http:\\\/\\\/tonysourcing.com\\\/wp-content\\\/uploads\\\/2020\\\/06\\\/email.png\",\"inLanguage\":\"de\"},{\"@type\":\"WebPage\",\"@id\":\"https:\\\/\\\/tonysourcing.com\\\/2020-catalog-thanks\\\/\",\"url\":\"https:\\\/\\\/tonysourcing.com\\\/2020-catalog-thanks\\\/\",\"name\":\"2020 Catalog Thanks - TonySourcing\",\"isPartOf\":{\"@id\":\"https:\\\/\\\/tonysourcing.com\\\/#website\"},\"primaryImageOfPage\":{\"@id\":\"https:\\\/\\\/tonysourcing.com\\\/2020-catalog-thanks\\\/#primaryimage\"},\"image\":{\"@id\":\"https:\\\/\\\/tonysourcing.com\\\/2020-catalog-thanks\\\/#primaryimage\"},\"thumbnailUrl\":\"http:\\\/\\\/tonysourcing.com\\\/wp-content\\\/uploads\\\/2020\\\/06\\\/email.png\",\"datePublished\":\"2020-06-04T13:43:29+00:00\",\"dateModified\":\"2020-06-04T13:55:24+00:00\",\"breadcrumb\":{\"@id\":\"https:\\\/\\\/tonysourcing.com\\\/2020-catalog-thanks\\\/#breadcrumb\"},\"inLanguage\":\"de\",\"potentialAction\":[{\"@type\":\"ReadAction\",\"target\":[\"https:\\\/\\\/tonysourcing.com\\\/2020-catalog-thanks\\\/\"]}]},{\"@type\":\"ImageObject\",\"inLanguage\":\"de\",\"@id\":\"https:\\\/\\\/tonysourcing.com\\\/2020-catalog-thanks\\\/#primaryimage\",\"url\":\"http:\\\/\\\/tonysourcing.com\\\/wp-content\\\/uploads\\\/2020\\\/06\\\/email.png\",\"contentUrl\":\"http:\\\/\\\/tonysourcing.com\\\/wp-content\\\/uploads\\\/2020\\\/06\\\/email.png\"},{\"@type\":\"BreadcrumbList\",\"@id\":\"https:\\\/\\\/tonysourcing.com\\\/2020-catalog-thanks\\\/#breadcrumb\",\"itemListElement\":[{\"@type\":\"ListItem\",\"position\":1,\"name\":\"Home\",\"item\":\"https:\\\/\\\/tonysourcing.com\\\/\"},{\"@type\":\"ListItem\",\"position\":2,\"name\":\"2020 Catalog Thanks\"}]},{\"@type\":\"WebSite\",\"@id\":\"https:\\\/\\\/tonysourcing.com\\\/#website\",\"url\":\"https:\\\/\\\/tonysourcing.com\\\/\",\"name\":\"TonySourcing\",\"description\":\"Toys Wholesale Distributor &amp; China Promition Items\",\"publisher\":{\"@id\":\"https:\\\/\\\/tonysourcing.com\\\/#organization\"},\"potentialAction\":[{\"@type\":\"SearchAction\",\"target\":{\"@type\":\"EntryPoint\",\"urlTemplate\":\"https:\\\/\\\/tonysourcing.com\\\/?s={search_term_string}\"},\"query-input\":{\"@type\":\"PropertyValueSpecification\",\"valueRequired\":true,\"valueName\":\"search_term_string\"}}],\"inLanguage\":\"de\"},{\"@type\":\"Organization\",\"@id\":\"https:\\\/\\\/tonysourcing.com\\\/#organization\",\"name\":\"Yiwu Zongge\",\"url\":\"https:\\\/\\\/tonysourcing.com\\\/\",\"logo\":{\"@type\":\"ImageObject\",\"inLanguage\":\"de\",\"@id\":\"https:\\\/\\\/tonysourcing.com\\\/#\\\/schema\\\/logo\\\/image\\\/\",\"url\":\"https:\\\/\\\/tonysourcing.com\\\/wp-content\\\/uploads\\\/2021\\\/07\\\/cropped-TonySourcing-logo-1.png\",\"contentUrl\":\"https:\\\/\\\/tonysourcing.com\\\/wp-content\\\/uploads\\\/2021\\\/07\\\/cropped-TonySourcing-logo-1.png\",\"width\":300,\"height\":92,\"caption\":\"Yiwu Zongge\"},\"image\":{\"@id\":\"https:\\\/\\\/tonysourcing.com\\\/#\\\/schema\\\/logo\\\/image\\\/\"},\"sameAs\":[\"https:\\\/\\\/www.facebook.com\\\/TonySourcing\",\"https:\\\/\\\/x.com\\\/TonySourcing\",\"https:\\\/\\\/www.instagram.com\\\/tony_sourcing\\\/\",\"http:\\\/\\\/www.linkedin.com\\\/in\\\/tonychen88\",\"https:\\\/\\\/www.youtube.com\\\/channel\\\/UCZfST1M-NDoqjQ3dB-Tzszg\"]},{\"@type\":\"Person\",\"@id\":\"https:\\\/\\\/tonysourcing.com\\\/#\\\/schema\\\/person\\\/4e4714e456f747f921bd2cce0cad60f8\",\"name\":\"Tony Chen\",\"description\":\"Tony Chen, the founder of TonySourcing.com &amp; TonyPromos.com He is Professional merchandiser in China since 2011, Now he have quote a lot of Professional knowledge for all kind of Toys and Promos item.\",\"sameAs\":[\"https:\\\/\\\/tonysourcing.com\"],\"url\":\"https:\\\/\\\/tonysourcing.com\\\/de\\\/author\\\/tony\\\/\"}]}<\/script>\n<!-- \/ Yoast SEO plugin. -->","yoast_head_json":{"title":"2020 Catalog Thanks - TonySourcing","robots":{"index":"index","follow":"follow","max-snippet":"max-snippet:-1","max-image-preview":"max-image-preview:large","max-video-preview":"max-video-preview:-1"},"canonical":"https:\/\/tonysourcing.com\/de\/2020-catalog-thanks\/","og_locale":"de_DE","og_type":"article","og_title":"2020 Catalog Thanks - TonySourcing","og_description":"Thank\u00a0 You! \u00a0 We will send you 2020 Catalog within 1-2 mins, please pay attention to the email with the suffix \u201c@TonySourcing.com\u201d Hope we will have an astable business relationship in the future. Back To the Homepage","og_url":"https:\/\/tonysourcing.com\/de\/2020-catalog-thanks\/","og_site_name":"TonySourcing","article_publisher":"https:\/\/www.facebook.com\/TonySourcing","article_modified_time":"2020-06-04T13:55:24+00:00","og_image":[{"url":"http:\/\/tonysourcing.com\/wp-content\/uploads\/2020\/06\/email.png","type":"","width":"","height":""}],"twitter_card":"summary_large_image","twitter_site":"@TonySourcing","schema":{"@context":"https:\/\/schema.org","@graph":[{"@type":"Article","@id":"https:\/\/tonysourcing.com\/2020-catalog-thanks\/#article","isPartOf":{"@id":"https:\/\/tonysourcing.com\/2020-catalog-thanks\/"},"author":{"name":"Tony Chen","@id":"https:\/\/tonysourcing.com\/#\/schema\/person\/4e4714e456f747f921bd2cce0cad60f8"},"headline":"2020 Catalog Thanks","datePublished":"2020-06-04T13:43:29+00:00","dateModified":"2020-06-04T13:55:24+00:00","mainEntityOfPage":{"@id":"https:\/\/tonysourcing.com\/2020-catalog-thanks\/"},"wordCount":38,"publisher":{"@id":"https:\/\/tonysourcing.com\/#organization"},"image":{"@id":"https:\/\/tonysourcing.com\/2020-catalog-thanks\/#primaryimage"},"thumbnailUrl":"http:\/\/tonysourcing.com\/wp-content\/uploads\/2020\/06\/email.png","inLanguage":"de"},{"@type":"WebPage","@id":"https:\/\/tonysourcing.com\/2020-catalog-thanks\/","url":"https:\/\/tonysourcing.com\/2020-catalog-thanks\/","name":"2020 Catalog Thanks - TonySourcing","isPartOf":{"@id":"https:\/\/tonysourcing.com\/#website"},"primaryImageOfPage":{"@id":"https:\/\/tonysourcing.com\/2020-catalog-thanks\/#primaryimage"},"image":{"@id":"https:\/\/tonysourcing.com\/2020-catalog-thanks\/#primaryimage"},"thumbnailUrl":"http:\/\/tonysourcing.com\/wp-content\/uploads\/2020\/06\/email.png","datePublished":"2020-06-04T13:43:29+00:00","dateModified":"2020-06-04T13:55:24+00:00","breadcrumb":{"@id":"https:\/\/tonysourcing.com\/2020-catalog-thanks\/#breadcrumb"},"inLanguage":"de","potentialAction":[{"@type":"ReadAction","target":["https:\/\/tonysourcing.com\/2020-catalog-thanks\/"]}]},{"@type":"ImageObject","inLanguage":"de","@id":"https:\/\/tonysourcing.com\/2020-catalog-thanks\/#primaryimage","url":"http:\/\/tonysourcing.com\/wp-content\/uploads\/2020\/06\/email.png","contentUrl":"http:\/\/tonysourcing.com\/wp-content\/uploads\/2020\/06\/email.png"},{"@type":"BreadcrumbList","@id":"https:\/\/tonysourcing.com\/2020-catalog-thanks\/#breadcrumb","itemListElement":[{"@type":"ListItem","position":1,"name":"Home","item":"https:\/\/tonysourcing.com\/"},{"@type":"ListItem","position":2,"name":"2020 Catalog Thanks"}]},{"@type":"WebSite","@id":"https:\/\/tonysourcing.com\/#website","url":"https:\/\/tonysourcing.com\/","name":"TonySourcing","description":"Spielzeuggro\u00dfh\u00e4ndler und Werbeartikel aus China","publisher":{"@id":"https:\/\/tonysourcing.com\/#organization"},"potentialAction":[{"@type":"SearchAction","target":{"@type":"EntryPoint","urlTemplate":"https:\/\/tonysourcing.com\/?s={search_term_string}"},"query-input":{"@type":"PropertyValueSpecification","valueRequired":true,"valueName":"search_term_string"}}],"inLanguage":"de"},{"@type":"Organization","@id":"https:\/\/tonysourcing.com\/#organization","name":"Yiwu Zongge","url":"https:\/\/tonysourcing.com\/","logo":{"@type":"ImageObject","inLanguage":"de","@id":"https:\/\/tonysourcing.com\/#\/schema\/logo\/image\/","url":"https:\/\/tonysourcing.com\/wp-content\/uploads\/2021\/07\/cropped-TonySourcing-logo-1.png","contentUrl":"https:\/\/tonysourcing.com\/wp-content\/uploads\/2021\/07\/cropped-TonySourcing-logo-1.png","width":300,"height":92,"caption":"Yiwu Zongge"},"image":{"@id":"https:\/\/tonysourcing.com\/#\/schema\/logo\/image\/"},"sameAs":["https:\/\/www.facebook.com\/TonySourcing","https:\/\/x.com\/TonySourcing","https:\/\/www.instagram.com\/tony_sourcing\/","http:\/\/www.linkedin.com\/in\/tonychen88","https:\/\/www.youtube.com\/channel\/UCZfST1M-NDoqjQ3dB-Tzszg"]},{"@type":"Person","@id":"https:\/\/tonysourcing.com\/#\/schema\/person\/4e4714e456f747f921bd2cce0cad60f8","name":"Tony Chen","description":"Tony Chen, der Gr\u00fcnder von TonySourcing.com und TonyPromos.com, ist seit 2011 professioneller H\u00e4ndler in China und verf\u00fcgt mittlerweile \u00fcber umfangreiches Fachwissen zu allen Arten von Spielzeugen und Werbeartikeln.","sameAs":["https:\/\/tonysourcing.com"],"url":"https:\/\/tonysourcing.com\/de\/author\/tony\/"}]}},"_links":{"self":[{"href":"https:\/\/tonysourcing.com\/de\/wp-json\/wp\/v2\/pages\/6446","targetHints":{"allow":["GET"]}}],"collection":[{"href":"https:\/\/tonysourcing.com\/de\/wp-json\/wp\/v2\/pages"}],"about":[{"href":"https:\/\/tonysourcing.com\/de\/wp-json\/wp\/v2\/types\/page"}],"author":[{"embeddable":true,"href":"https:\/\/tonysourcing.com\/de\/wp-json\/wp\/v2\/users\/1"}],"replies":[{"embeddable":true,"href":"https:\/\/tonysourcing.com\/de\/wp-json\/wp\/v2\/comments?post=6446"}],"version-history":[{"count":8,"href":"https:\/\/tonysourcing.com\/de\/wp-json\/wp\/v2\/pages\/6446\/revisions"}],"predecessor-version":[{"id":6481,"href":"https:\/\/tonysourcing.com\/de\/wp-json\/wp\/v2\/pages\/6446\/revisions\/6481"}],"wp:attachment":[{"href":"https:\/\/tonysourcing.com\/de\/wp-json\/wp\/v2\/media?parent=6446"}],"curies":[{"name":"wp","href":"https:\/\/api.w.org\/{rel}","templated":true}]}}