{"id":7468,"date":"2020-10-20T14:41:47","date_gmt":"2020-10-20T14:41:47","guid":{"rendered":"https:\/\/tonysourcing.com\/?page_id=7468"},"modified":"2020-10-20T14:42:22","modified_gmt":"2020-10-20T14:42:22","slug":"building-blocks-catalog-download","status":"publish","type":"page","link":"https:\/\/tonysourcing.com\/de\/building-blocks-catalog-download\/","title":{"rendered":"Building Blocks Catalog Download"},"content":{"rendered":"\t\t<div data-elementor-type=\"wp-page\" data-elementor-id=\"7468\" class=\"elementor elementor-7468\" data-elementor-post-type=\"page\">\n\t\t\t\t\t\t<section class=\"elementor-section elementor-top-section elementor-element elementor-element-469d5a1 elementor-section-boxed elementor-section-height-default elementor-section-height-default\" data-id=\"469d5a1\" data-element_type=\"section\" data-e-type=\"section\">\n\t\t\t\t\t\t<div class=\"elementor-container elementor-column-gap-default\">\n\t\t\t\t\t<div class=\"elementor-column elementor-col-33 elementor-top-column elementor-element elementor-element-d92b212\" data-id=\"d92b212\" data-element_type=\"column\" data-e-type=\"column\">\n\t\t\t<div class=\"elementor-widget-wrap\">\n\t\t\t\t\t\t\t<\/div>\n\t\t<\/div>\n\t\t\t\t<div class=\"elementor-column elementor-col-33 elementor-top-column elementor-element elementor-element-e67522f\" data-id=\"e67522f\" data-element_type=\"column\" data-e-type=\"column\">\n\t\t\t<div class=\"elementor-widget-wrap elementor-element-populated\">\n\t\t\t\t\t\t<div class=\"elementor-element elementor-element-509c65f elementor-widget elementor-widget-text-editor\" data-id=\"509c65f\" data-element_type=\"widget\" data-e-type=\"widget\" data-widget_type=\"text-editor.default\">\n\t\t\t\t<div class=\"elementor-widget-container\">\n\t\t\t\t\t\t\t\t\t<p>[mailmunch-form id=&#8221;960800&#8243;]<\/p>\t\t\t\t\t\t\t\t<\/div>\n\t\t\t\t<\/div>\n\t\t\t\t\t<\/div>\n\t\t<\/div>\n\t\t\t\t<div class=\"elementor-column elementor-col-33 elementor-top-column elementor-element elementor-element-75e0409\" data-id=\"75e0409\" data-element_type=\"column\" data-e-type=\"column\">\n\t\t\t<div class=\"elementor-widget-wrap\">\n\t\t\t\t\t\t\t<\/div>\n\t\t<\/div>\n\t\t\t\t\t<\/div>\n\t\t<\/section>\n\t\t\t\t<\/div>\n\t\t","protected":false},"excerpt":{"rendered":"<p>[mailmunch-form id=&#8221;960800&#8243;]<\/p>\n","protected":false},"author":1,"featured_media":0,"parent":0,"menu_order":0,"comment_status":"closed","ping_status":"closed","template":"","meta":{"_kad_post_transparent":"","_kad_post_title":"","_kad_post_layout":"","_kad_post_sidebar_id":"","_kad_post_content_style":"","_kad_post_vertical_padding":"","_kad_post_feature":"","_kad_post_feature_position":"","_kad_post_header":false,"_kad_post_footer":false,"footnotes":""},"class_list":["post-7468","page","type-page","status-publish","hentry"],"yoast_head":"<!-- This site is optimized with the Yoast SEO plugin v27.4 - https:\/\/yoast.com\/product\/yoast-seo-wordpress\/ -->\n<title>Building Blocks Catalog Download - TonySourcing<\/title>\n<meta name=\"robots\" content=\"index, follow, max-snippet:-1, max-image-preview:large, max-video-preview:-1\" \/>\n<link rel=\"canonical\" href=\"https:\/\/tonysourcing.com\/de\/building-blocks-catalog-download\/\" \/>\n<meta property=\"og:locale\" content=\"de_DE\" \/>\n<meta property=\"og:type\" content=\"article\" \/>\n<meta property=\"og:title\" content=\"Building Blocks Catalog Download - TonySourcing\" \/>\n<meta property=\"og:description\" content=\"[mailmunch-form id=&#8221;960800&#8243;]\" \/>\n<meta property=\"og:url\" content=\"https:\/\/tonysourcing.com\/de\/building-blocks-catalog-download\/\" \/>\n<meta property=\"og:site_name\" content=\"TonySourcing\" \/>\n<meta property=\"article:publisher\" content=\"https:\/\/www.facebook.com\/TonySourcing\" \/>\n<meta property=\"article:modified_time\" content=\"2020-10-20T14:42:22+00:00\" \/>\n<meta name=\"twitter:card\" content=\"summary_large_image\" \/>\n<meta name=\"twitter:site\" content=\"@TonySourcing\" \/>\n<script type=\"application\/ld+json\" class=\"yoast-schema-graph\">{\"@context\":\"https:\\\/\\\/schema.org\",\"@graph\":[{\"@type\":\"Article\",\"@id\":\"https:\\\/\\\/tonysourcing.com\\\/building-blocks-catalog-download\\\/#article\",\"isPartOf\":{\"@id\":\"https:\\\/\\\/tonysourcing.com\\\/building-blocks-catalog-download\\\/\"},\"author\":{\"name\":\"Tony Chen\",\"@id\":\"https:\\\/\\\/tonysourcing.com\\\/#\\\/schema\\\/person\\\/4e4714e456f747f921bd2cce0cad60f8\"},\"headline\":\"Building Blocks Catalog Download\",\"datePublished\":\"2020-10-20T14:41:47+00:00\",\"dateModified\":\"2020-10-20T14:42:22+00:00\",\"mainEntityOfPage\":{\"@id\":\"https:\\\/\\\/tonysourcing.com\\\/building-blocks-catalog-download\\\/\"},\"wordCount\":6,\"publisher\":{\"@id\":\"https:\\\/\\\/tonysourcing.com\\\/#organization\"},\"inLanguage\":\"de\"},{\"@type\":\"WebPage\",\"@id\":\"https:\\\/\\\/tonysourcing.com\\\/building-blocks-catalog-download\\\/\",\"url\":\"https:\\\/\\\/tonysourcing.com\\\/building-blocks-catalog-download\\\/\",\"name\":\"Building Blocks Catalog Download - TonySourcing\",\"isPartOf\":{\"@id\":\"https:\\\/\\\/tonysourcing.com\\\/#website\"},\"datePublished\":\"2020-10-20T14:41:47+00:00\",\"dateModified\":\"2020-10-20T14:42:22+00:00\",\"breadcrumb\":{\"@id\":\"https:\\\/\\\/tonysourcing.com\\\/building-blocks-catalog-download\\\/#breadcrumb\"},\"inLanguage\":\"de\",\"potentialAction\":[{\"@type\":\"ReadAction\",\"target\":[\"https:\\\/\\\/tonysourcing.com\\\/building-blocks-catalog-download\\\/\"]}]},{\"@type\":\"BreadcrumbList\",\"@id\":\"https:\\\/\\\/tonysourcing.com\\\/building-blocks-catalog-download\\\/#breadcrumb\",\"itemListElement\":[{\"@type\":\"ListItem\",\"position\":1,\"name\":\"Home\",\"item\":\"https:\\\/\\\/tonysourcing.com\\\/\"},{\"@type\":\"ListItem\",\"position\":2,\"name\":\"Building Blocks Catalog Download\"}]},{\"@type\":\"WebSite\",\"@id\":\"https:\\\/\\\/tonysourcing.com\\\/#website\",\"url\":\"https:\\\/\\\/tonysourcing.com\\\/\",\"name\":\"TonySourcing\",\"description\":\"Toys Wholesale Distributor &amp; China Promition Items\",\"publisher\":{\"@id\":\"https:\\\/\\\/tonysourcing.com\\\/#organization\"},\"potentialAction\":[{\"@type\":\"SearchAction\",\"target\":{\"@type\":\"EntryPoint\",\"urlTemplate\":\"https:\\\/\\\/tonysourcing.com\\\/?s={search_term_string}\"},\"query-input\":{\"@type\":\"PropertyValueSpecification\",\"valueRequired\":true,\"valueName\":\"search_term_string\"}}],\"inLanguage\":\"de\"},{\"@type\":\"Organization\",\"@id\":\"https:\\\/\\\/tonysourcing.com\\\/#organization\",\"name\":\"Yiwu Zongge\",\"url\":\"https:\\\/\\\/tonysourcing.com\\\/\",\"logo\":{\"@type\":\"ImageObject\",\"inLanguage\":\"de\",\"@id\":\"https:\\\/\\\/tonysourcing.com\\\/#\\\/schema\\\/logo\\\/image\\\/\",\"url\":\"https:\\\/\\\/tonysourcing.com\\\/wp-content\\\/uploads\\\/2021\\\/07\\\/cropped-TonySourcing-logo-1.png\",\"contentUrl\":\"https:\\\/\\\/tonysourcing.com\\\/wp-content\\\/uploads\\\/2021\\\/07\\\/cropped-TonySourcing-logo-1.png\",\"width\":300,\"height\":92,\"caption\":\"Yiwu Zongge\"},\"image\":{\"@id\":\"https:\\\/\\\/tonysourcing.com\\\/#\\\/schema\\\/logo\\\/image\\\/\"},\"sameAs\":[\"https:\\\/\\\/www.facebook.com\\\/TonySourcing\",\"https:\\\/\\\/x.com\\\/TonySourcing\",\"https:\\\/\\\/www.instagram.com\\\/tony_sourcing\\\/\",\"http:\\\/\\\/www.linkedin.com\\\/in\\\/tonychen88\",\"https:\\\/\\\/www.youtube.com\\\/channel\\\/UCZfST1M-NDoqjQ3dB-Tzszg\"]},{\"@type\":\"Person\",\"@id\":\"https:\\\/\\\/tonysourcing.com\\\/#\\\/schema\\\/person\\\/4e4714e456f747f921bd2cce0cad60f8\",\"name\":\"Tony Chen\",\"description\":\"Tony Chen, the founder of TonySourcing.com &amp; TonyPromos.com He is Professional merchandiser in China since 2011, Now he have quote a lot of Professional knowledge for all kind of Toys and Promos item.\",\"sameAs\":[\"https:\\\/\\\/tonysourcing.com\"],\"url\":\"https:\\\/\\\/tonysourcing.com\\\/de\\\/author\\\/tony\\\/\"}]}<\/script>\n<!-- \/ Yoast SEO plugin. -->","yoast_head_json":{"title":"Building Blocks Catalog Download - TonySourcing","robots":{"index":"index","follow":"follow","max-snippet":"max-snippet:-1","max-image-preview":"max-image-preview:large","max-video-preview":"max-video-preview:-1"},"canonical":"https:\/\/tonysourcing.com\/de\/building-blocks-catalog-download\/","og_locale":"de_DE","og_type":"article","og_title":"Building Blocks Catalog Download - TonySourcing","og_description":"[mailmunch-form id=&#8221;960800&#8243;]","og_url":"https:\/\/tonysourcing.com\/de\/building-blocks-catalog-download\/","og_site_name":"TonySourcing","article_publisher":"https:\/\/www.facebook.com\/TonySourcing","article_modified_time":"2020-10-20T14:42:22+00:00","twitter_card":"summary_large_image","twitter_site":"@TonySourcing","schema":{"@context":"https:\/\/schema.org","@graph":[{"@type":"Article","@id":"https:\/\/tonysourcing.com\/building-blocks-catalog-download\/#article","isPartOf":{"@id":"https:\/\/tonysourcing.com\/building-blocks-catalog-download\/"},"author":{"name":"Tony Chen","@id":"https:\/\/tonysourcing.com\/#\/schema\/person\/4e4714e456f747f921bd2cce0cad60f8"},"headline":"Building Blocks Catalog Download","datePublished":"2020-10-20T14:41:47+00:00","dateModified":"2020-10-20T14:42:22+00:00","mainEntityOfPage":{"@id":"https:\/\/tonysourcing.com\/building-blocks-catalog-download\/"},"wordCount":6,"publisher":{"@id":"https:\/\/tonysourcing.com\/#organization"},"inLanguage":"de"},{"@type":"WebPage","@id":"https:\/\/tonysourcing.com\/building-blocks-catalog-download\/","url":"https:\/\/tonysourcing.com\/building-blocks-catalog-download\/","name":"Building Blocks Catalog Download - TonySourcing","isPartOf":{"@id":"https:\/\/tonysourcing.com\/#website"},"datePublished":"2020-10-20T14:41:47+00:00","dateModified":"2020-10-20T14:42:22+00:00","breadcrumb":{"@id":"https:\/\/tonysourcing.com\/building-blocks-catalog-download\/#breadcrumb"},"inLanguage":"de","potentialAction":[{"@type":"ReadAction","target":["https:\/\/tonysourcing.com\/building-blocks-catalog-download\/"]}]},{"@type":"BreadcrumbList","@id":"https:\/\/tonysourcing.com\/building-blocks-catalog-download\/#breadcrumb","itemListElement":[{"@type":"ListItem","position":1,"name":"Home","item":"https:\/\/tonysourcing.com\/"},{"@type":"ListItem","position":2,"name":"Building Blocks Catalog Download"}]},{"@type":"WebSite","@id":"https:\/\/tonysourcing.com\/#website","url":"https:\/\/tonysourcing.com\/","name":"TonySourcing","description":"Spielzeuggro\u00dfh\u00e4ndler und Werbeartikel aus China","publisher":{"@id":"https:\/\/tonysourcing.com\/#organization"},"potentialAction":[{"@type":"SearchAction","target":{"@type":"EntryPoint","urlTemplate":"https:\/\/tonysourcing.com\/?s={search_term_string}"},"query-input":{"@type":"PropertyValueSpecification","valueRequired":true,"valueName":"search_term_string"}}],"inLanguage":"de"},{"@type":"Organization","@id":"https:\/\/tonysourcing.com\/#organization","name":"Yiwu Zongge","url":"https:\/\/tonysourcing.com\/","logo":{"@type":"ImageObject","inLanguage":"de","@id":"https:\/\/tonysourcing.com\/#\/schema\/logo\/image\/","url":"https:\/\/tonysourcing.com\/wp-content\/uploads\/2021\/07\/cropped-TonySourcing-logo-1.png","contentUrl":"https:\/\/tonysourcing.com\/wp-content\/uploads\/2021\/07\/cropped-TonySourcing-logo-1.png","width":300,"height":92,"caption":"Yiwu Zongge"},"image":{"@id":"https:\/\/tonysourcing.com\/#\/schema\/logo\/image\/"},"sameAs":["https:\/\/www.facebook.com\/TonySourcing","https:\/\/x.com\/TonySourcing","https:\/\/www.instagram.com\/tony_sourcing\/","http:\/\/www.linkedin.com\/in\/tonychen88","https:\/\/www.youtube.com\/channel\/UCZfST1M-NDoqjQ3dB-Tzszg"]},{"@type":"Person","@id":"https:\/\/tonysourcing.com\/#\/schema\/person\/4e4714e456f747f921bd2cce0cad60f8","name":"Tony Chen","description":"Tony Chen, der Gr\u00fcnder von TonySourcing.com und TonyPromos.com, ist seit 2011 professioneller H\u00e4ndler in China und verf\u00fcgt mittlerweile \u00fcber umfangreiches Fachwissen zu allen Arten von Spielzeugen und Werbeartikeln.","sameAs":["https:\/\/tonysourcing.com"],"url":"https:\/\/tonysourcing.com\/de\/author\/tony\/"}]}},"_links":{"self":[{"href":"https:\/\/tonysourcing.com\/de\/wp-json\/wp\/v2\/pages\/7468","targetHints":{"allow":["GET"]}}],"collection":[{"href":"https:\/\/tonysourcing.com\/de\/wp-json\/wp\/v2\/pages"}],"about":[{"href":"https:\/\/tonysourcing.com\/de\/wp-json\/wp\/v2\/types\/page"}],"author":[{"embeddable":true,"href":"https:\/\/tonysourcing.com\/de\/wp-json\/wp\/v2\/users\/1"}],"replies":[{"embeddable":true,"href":"https:\/\/tonysourcing.com\/de\/wp-json\/wp\/v2\/comments?post=7468"}],"version-history":[{"count":1,"href":"https:\/\/tonysourcing.com\/de\/wp-json\/wp\/v2\/pages\/7468\/revisions"}],"predecessor-version":[{"id":7469,"href":"https:\/\/tonysourcing.com\/de\/wp-json\/wp\/v2\/pages\/7468\/revisions\/7469"}],"wp:attachment":[{"href":"https:\/\/tonysourcing.com\/de\/wp-json\/wp\/v2\/media?parent=7468"}],"curies":[{"name":"wp","href":"https:\/\/api.w.org\/{rel}","templated":true}]}}