{"id":12864,"date":"2021-11-17T07:02:41","date_gmt":"2021-11-17T07:02:41","guid":{"rendered":"https:\/\/tonysourcing.com\/?post_type=product&#038;p=12864"},"modified":"2024-11-08T11:46:34","modified_gmt":"2024-11-08T11:46:34","slug":"kratzpapierkunst","status":"publish","type":"product","link":"https:\/\/tonysourcing.com\/de\/wholesale\/scratch-paper-art\/","title":{"rendered":"Kratzpapier-Kunstbuch"},"content":{"rendered":"<p>Scratch-Art-Papier ist f\u00fcr Sch\u00fcler aller Altersstufen geeignet. Das Papier ist schwarz beschichtet und mit leuchtenden Farben und Wei\u00df \u00fcberzogen. Entfernen Sie die Beschichtung mit dem Kratzwerkzeug, um die darunter liegenden Farben freizulegen.<\/p>\n<p><img fetchpriority=\"high\" decoding=\"async\" class=\"size-full wp-image-12869 alignleft\" src=\"https:\/\/tonysourcing.com\/wp-content\/uploads\/2021\/11\/scratch-paper-package-.jpg\" alt=\"\" width=\"750\" height=\"643\" srcset=\"https:\/\/tonysourcing.com\/wp-content\/uploads\/2021\/11\/scratch-paper-package-.jpg 750w, https:\/\/tonysourcing.com\/wp-content\/uploads\/2021\/11\/scratch-paper-package--300x257.jpg 300w, https:\/\/tonysourcing.com\/wp-content\/uploads\/2021\/11\/scratch-paper-package--600x514.jpg 600w\" sizes=\"(max-width: 750px) 100vw, 750px\" \/><\/p>\n<figure id=\"attachment_12870\" aria-describedby=\"caption-attachment-12870\" style=\"width: 752px\" class=\"wp-caption alignleft\"><img decoding=\"async\" class=\"size-full wp-image-12870\" src=\"https:\/\/tonysourcing.com\/wp-content\/uploads\/2021\/11\/paper-art-scratch-design.png\" alt=\"Papierkunst-Kratzdesign\" width=\"752\" height=\"501\" srcset=\"https:\/\/tonysourcing.com\/wp-content\/uploads\/2021\/11\/paper-art-scratch-design.png 752w, https:\/\/tonysourcing.com\/wp-content\/uploads\/2021\/11\/paper-art-scratch-design-300x200.png 300w, https:\/\/tonysourcing.com\/wp-content\/uploads\/2021\/11\/paper-art-scratch-design-600x400.png 600w\" sizes=\"(max-width: 752px) 100vw, 752px\" \/><figcaption id=\"caption-attachment-12870\" class=\"wp-caption-text\">Papierkunst-Kratzdesign<\/figcaption><\/figure>\n<figure id=\"attachment_12871\" aria-describedby=\"caption-attachment-12871\" style=\"width: 751px\" class=\"wp-caption alignleft\"><img decoding=\"async\" class=\"size-full wp-image-12871\" src=\"https:\/\/tonysourcing.com\/wp-content\/uploads\/2021\/11\/scratch-art.png\" alt=\"Kratzkunst\" width=\"751\" height=\"502\" srcset=\"https:\/\/tonysourcing.com\/wp-content\/uploads\/2021\/11\/scratch-art.png 751w, https:\/\/tonysourcing.com\/wp-content\/uploads\/2021\/11\/scratch-art-300x201.png 300w, https:\/\/tonysourcing.com\/wp-content\/uploads\/2021\/11\/scratch-art-600x401.png 600w\" sizes=\"(max-width: 751px) 100vw, 751px\" \/><figcaption id=\"caption-attachment-12871\" class=\"wp-caption-text\">Kratzkunst<\/figcaption><\/figure>\n<figure id=\"attachment_12872\" aria-describedby=\"caption-attachment-12872\" style=\"width: 748px\" class=\"wp-caption alignleft\"><img loading=\"lazy\" decoding=\"async\" class=\"size-full wp-image-12872\" src=\"https:\/\/tonysourcing.com\/wp-content\/uploads\/2021\/11\/scratch-design-1.png\" alt=\"Scratch-Design-1\" width=\"748\" height=\"613\" srcset=\"https:\/\/tonysourcing.com\/wp-content\/uploads\/2021\/11\/scratch-design-1.png 748w, https:\/\/tonysourcing.com\/wp-content\/uploads\/2021\/11\/scratch-design-1-300x246.png 300w, https:\/\/tonysourcing.com\/wp-content\/uploads\/2021\/11\/scratch-design-1-600x492.png 600w\" sizes=\"(max-width: 748px) 100vw, 748px\" \/><figcaption id=\"caption-attachment-12872\" class=\"wp-caption-text\">Scratch-Design-1<\/figcaption><\/figure>\n<p>&nbsp;<\/p>\n<figure id=\"attachment_12873\" aria-describedby=\"caption-attachment-12873\" style=\"width: 750px\" class=\"wp-caption alignleft\"><img loading=\"lazy\" decoding=\"async\" class=\"size-full wp-image-12873\" src=\"https:\/\/tonysourcing.com\/wp-content\/uploads\/2021\/11\/scratch-design-2.png\" alt=\"Scratch-Design-2\" width=\"750\" height=\"609\" srcset=\"https:\/\/tonysourcing.com\/wp-content\/uploads\/2021\/11\/scratch-design-2.png 750w, https:\/\/tonysourcing.com\/wp-content\/uploads\/2021\/11\/scratch-design-2-300x244.png 300w, https:\/\/tonysourcing.com\/wp-content\/uploads\/2021\/11\/scratch-design-2-600x487.png 600w\" sizes=\"(max-width: 750px) 100vw, 750px\" \/><figcaption id=\"caption-attachment-12873\" class=\"wp-caption-text\">Scratch-Design-2<\/figcaption><\/figure>\n<p>&nbsp;<\/p>\n<div class=\"entry-content-asset videofit\"><iframe title=\"Wie spielt man Scratch Art Paper? | Scratch Art Paper Gro\u00dfhandel | Virtuelles Scratch Paper\" width=\"720\" height=\"405\" src=\"https:\/\/www.youtube.com\/embed\/b3IBwNnqtr4?feature=oembed\" frameborder=\"0\" allow=\"accelerometer; autoplay; clipboard-write; encrypted-media; gyroscope; picture-in-picture; web-share\" referrerpolicy=\"strict-origin-when-cross-origin\" allowfullscreen><\/iframe><\/div>","protected":false},"excerpt":{"rendered":"<p>Inhalt: 2 Blatt\/Umschlag mit einem Holzstift<br \/>\nEinzelverpackungsgr\u00f6\u00dfe: 45 x 30,5 x 4 cm<br \/>\nEinzelbruttogewicht: 0,250 kg<\/p>","protected":false},"featured_media":12865,"template":"","meta":{"_kad_post_transparent":"","_kad_post_title":"","_kad_post_layout":"","_kad_post_sidebar_id":"","_kad_post_content_style":"","_kad_post_vertical_padding":"","_kad_post_feature":"","_kad_post_feature_position":"","_kad_post_header":false,"_kad_post_footer":false,"_kad_post_classname":""},"product_brand":[],"product_cat":[662],"product_tag":[1538],"class_list":{"0":"post-12864","1":"product","2":"type-product","3":"status-publish","4":"has-post-thumbnail","6":"product_cat-art-craft","7":"product_tag-scratch-paper-art","9":"first","10":"instock","11":"shipping-taxable","12":"product-type-simple","13":"entry","14":"content-bg","15":"loop-entry"},"yoast_head":"<!-- This site is optimized with the Yoast SEO plugin v27.5 - https:\/\/yoast.com\/product\/yoast-seo-wordpress\/ -->\n<title>Scratch Paper Art book -- Import From Manufacturer<\/title>\n<meta name=\"description\" content=\"Import Scratch Paper Art Book from China Manufacturer, Good Product and Good Price, Contact TonySourcing for Catalog today.\" \/>\n<meta name=\"robots\" content=\"index, follow, max-snippet:-1, max-image-preview:large, max-video-preview:-1\" \/>\n<link rel=\"canonical\" href=\"https:\/\/tonysourcing.com\/de\/groshandel\/kratzpapierkunst\/\" \/>\n<meta property=\"og:locale\" content=\"de_DE\" \/>\n<meta property=\"og:type\" content=\"article\" \/>\n<meta property=\"og:title\" content=\"Scratch Paper Art book -- Import From Manufacturer\" \/>\n<meta property=\"og:description\" content=\"Import Scratch Paper Art Book from China Manufacturer, Good Product and Good Price, Contact TonySourcing for Catalog today.\" \/>\n<meta property=\"og:url\" content=\"https:\/\/tonysourcing.com\/de\/groshandel\/kratzpapierkunst\/\" \/>\n<meta property=\"og:site_name\" content=\"TonySourcing\" \/>\n<meta property=\"article:publisher\" content=\"https:\/\/www.facebook.com\/TonySourcing\" \/>\n<meta property=\"article:modified_time\" content=\"2024-11-08T11:46:34+00:00\" \/>\n<meta property=\"og:image\" content=\"https:\/\/tonysourcing.com\/wp-content\/uploads\/2021\/11\/scratch-paper-art.jpg\" \/>\n\t<meta property=\"og:image:width\" content=\"800\" \/>\n\t<meta property=\"og:image:height\" content=\"800\" \/>\n\t<meta property=\"og:image:type\" content=\"image\/jpeg\" \/>\n<meta name=\"twitter:card\" content=\"summary_large_image\" \/>\n<meta name=\"twitter:site\" content=\"@TonySourcing\" \/>\n<meta name=\"twitter:label1\" content=\"Gesch\u00e4tzte Lesezeit\" \/>\n\t<meta name=\"twitter:data1\" content=\"2\u00a0Minuten\" \/>\n<script type=\"application\/ld+json\" class=\"yoast-schema-graph\">{\"@context\":\"https:\\\/\\\/schema.org\",\"@graph\":[{\"@type\":\"WebPage\",\"@id\":\"https:\\\/\\\/tonysourcing.com\\\/wholesale\\\/scratch-paper-art\\\/\",\"url\":\"https:\\\/\\\/tonysourcing.com\\\/wholesale\\\/scratch-paper-art\\\/\",\"name\":\"Scratch Paper Art book -- Import From Manufacturer\",\"isPartOf\":{\"@id\":\"https:\\\/\\\/tonysourcing.com\\\/#website\"},\"primaryImageOfPage\":{\"@id\":\"https:\\\/\\\/tonysourcing.com\\\/wholesale\\\/scratch-paper-art\\\/#primaryimage\"},\"image\":{\"@id\":\"https:\\\/\\\/tonysourcing.com\\\/wholesale\\\/scratch-paper-art\\\/#primaryimage\"},\"thumbnailUrl\":\"https:\\\/\\\/tonysourcing.com\\\/wp-content\\\/uploads\\\/2021\\\/11\\\/scratch-paper-art.jpg\",\"datePublished\":\"2021-11-17T07:02:41+00:00\",\"dateModified\":\"2024-11-08T11:46:34+00:00\",\"description\":\"Import Scratch Paper Art Book from China Manufacturer, Good Product and Good Price, Contact TonySourcing for Catalog today.\",\"breadcrumb\":{\"@id\":\"https:\\\/\\\/tonysourcing.com\\\/wholesale\\\/scratch-paper-art\\\/#breadcrumb\"},\"inLanguage\":\"de\",\"potentialAction\":[{\"@type\":\"ReadAction\",\"target\":[\"https:\\\/\\\/tonysourcing.com\\\/wholesale\\\/scratch-paper-art\\\/\"]}]},{\"@type\":\"ImageObject\",\"inLanguage\":\"de\",\"@id\":\"https:\\\/\\\/tonysourcing.com\\\/wholesale\\\/scratch-paper-art\\\/#primaryimage\",\"url\":\"https:\\\/\\\/tonysourcing.com\\\/wp-content\\\/uploads\\\/2021\\\/11\\\/scratch-paper-art.jpg\",\"contentUrl\":\"https:\\\/\\\/tonysourcing.com\\\/wp-content\\\/uploads\\\/2021\\\/11\\\/scratch-paper-art.jpg\",\"width\":800,\"height\":800,\"caption\":\"scratch paper art\"},{\"@type\":\"BreadcrumbList\",\"@id\":\"https:\\\/\\\/tonysourcing.com\\\/wholesale\\\/scratch-paper-art\\\/#breadcrumb\",\"itemListElement\":[{\"@type\":\"ListItem\",\"position\":1,\"name\":\"Home\",\"item\":\"https:\\\/\\\/tonysourcing.com\\\/\"},{\"@type\":\"ListItem\",\"position\":2,\"name\":\"Wholesale\",\"item\":\"https:\\\/\\\/tonysourcing.com\\\/wholesale\\\/\"},{\"@type\":\"ListItem\",\"position\":3,\"name\":\"Scratch Paper Art Book\"}]},{\"@type\":\"WebSite\",\"@id\":\"https:\\\/\\\/tonysourcing.com\\\/#website\",\"url\":\"https:\\\/\\\/tonysourcing.com\\\/\",\"name\":\"TonySourcing\",\"description\":\"Toys Wholesale Distributor &amp; China Promition Items\",\"publisher\":{\"@id\":\"https:\\\/\\\/tonysourcing.com\\\/#organization\"},\"potentialAction\":[{\"@type\":\"SearchAction\",\"target\":{\"@type\":\"EntryPoint\",\"urlTemplate\":\"https:\\\/\\\/tonysourcing.com\\\/?s={search_term_string}\"},\"query-input\":{\"@type\":\"PropertyValueSpecification\",\"valueRequired\":true,\"valueName\":\"search_term_string\"}}],\"inLanguage\":\"de\"},{\"@type\":\"Organization\",\"@id\":\"https:\\\/\\\/tonysourcing.com\\\/#organization\",\"name\":\"Yiwu Zongge\",\"url\":\"https:\\\/\\\/tonysourcing.com\\\/\",\"logo\":{\"@type\":\"ImageObject\",\"inLanguage\":\"de\",\"@id\":\"https:\\\/\\\/tonysourcing.com\\\/#\\\/schema\\\/logo\\\/image\\\/\",\"url\":\"https:\\\/\\\/tonysourcing.com\\\/wp-content\\\/uploads\\\/2021\\\/07\\\/cropped-TonySourcing-logo-1.png\",\"contentUrl\":\"https:\\\/\\\/tonysourcing.com\\\/wp-content\\\/uploads\\\/2021\\\/07\\\/cropped-TonySourcing-logo-1.png\",\"width\":300,\"height\":92,\"caption\":\"Yiwu Zongge\"},\"image\":{\"@id\":\"https:\\\/\\\/tonysourcing.com\\\/#\\\/schema\\\/logo\\\/image\\\/\"},\"sameAs\":[\"https:\\\/\\\/www.facebook.com\\\/TonySourcing\",\"https:\\\/\\\/x.com\\\/TonySourcing\",\"https:\\\/\\\/www.instagram.com\\\/tony_sourcing\\\/\",\"http:\\\/\\\/www.linkedin.com\\\/in\\\/tonychen88\",\"https:\\\/\\\/www.youtube.com\\\/channel\\\/UCZfST1M-NDoqjQ3dB-Tzszg\"]}]}<\/script>\n<!-- \/ Yoast SEO plugin. -->","yoast_head_json":{"title":"Scratch Paper Art Buch -- Import vom Hersteller","description":"Importieren Sie Scratch Paper Art Book von einem chinesischen Hersteller. Gutes Produkt und guter Preis. Kontaktieren Sie TonySourcing noch heute f\u00fcr den Katalog.","robots":{"index":"index","follow":"follow","max-snippet":"max-snippet:-1","max-image-preview":"max-image-preview:large","max-video-preview":"max-video-preview:-1"},"canonical":"https:\/\/tonysourcing.com\/de\/groshandel\/kratzpapierkunst\/","og_locale":"de_DE","og_type":"article","og_title":"Scratch Paper Art book -- Import From Manufacturer","og_description":"Import Scratch Paper Art Book from China Manufacturer, Good Product and Good Price, Contact TonySourcing for Catalog today.","og_url":"https:\/\/tonysourcing.com\/de\/groshandel\/kratzpapierkunst\/","og_site_name":"TonySourcing","article_publisher":"https:\/\/www.facebook.com\/TonySourcing","article_modified_time":"2024-11-08T11:46:34+00:00","og_image":[{"width":800,"height":800,"url":"https:\/\/tonysourcing.com\/wp-content\/uploads\/2021\/11\/scratch-paper-art.jpg","type":"image\/jpeg"}],"twitter_card":"summary_large_image","twitter_site":"@TonySourcing","twitter_misc":{"Gesch\u00e4tzte Lesezeit":"2\u00a0Minuten"},"schema":{"@context":"https:\/\/schema.org","@graph":[{"@type":"WebPage","@id":"https:\/\/tonysourcing.com\/wholesale\/scratch-paper-art\/","url":"https:\/\/tonysourcing.com\/wholesale\/scratch-paper-art\/","name":"Scratch Paper Art Buch -- Import vom Hersteller","isPartOf":{"@id":"https:\/\/tonysourcing.com\/#website"},"primaryImageOfPage":{"@id":"https:\/\/tonysourcing.com\/wholesale\/scratch-paper-art\/#primaryimage"},"image":{"@id":"https:\/\/tonysourcing.com\/wholesale\/scratch-paper-art\/#primaryimage"},"thumbnailUrl":"https:\/\/tonysourcing.com\/wp-content\/uploads\/2021\/11\/scratch-paper-art.jpg","datePublished":"2021-11-17T07:02:41+00:00","dateModified":"2024-11-08T11:46:34+00:00","description":"Importieren Sie Scratch Paper Art Book von einem chinesischen Hersteller. Gutes Produkt und guter Preis. Kontaktieren Sie TonySourcing noch heute f\u00fcr den Katalog.","breadcrumb":{"@id":"https:\/\/tonysourcing.com\/wholesale\/scratch-paper-art\/#breadcrumb"},"inLanguage":"de","potentialAction":[{"@type":"ReadAction","target":["https:\/\/tonysourcing.com\/wholesale\/scratch-paper-art\/"]}]},{"@type":"ImageObject","inLanguage":"de","@id":"https:\/\/tonysourcing.com\/wholesale\/scratch-paper-art\/#primaryimage","url":"https:\/\/tonysourcing.com\/wp-content\/uploads\/2021\/11\/scratch-paper-art.jpg","contentUrl":"https:\/\/tonysourcing.com\/wp-content\/uploads\/2021\/11\/scratch-paper-art.jpg","width":800,"height":800,"caption":"scratch paper art"},{"@type":"BreadcrumbList","@id":"https:\/\/tonysourcing.com\/wholesale\/scratch-paper-art\/#breadcrumb","itemListElement":[{"@type":"ListItem","position":1,"name":"Home","item":"https:\/\/tonysourcing.com\/"},{"@type":"ListItem","position":2,"name":"Wholesale","item":"https:\/\/tonysourcing.com\/wholesale\/"},{"@type":"ListItem","position":3,"name":"Scratch Paper Art Book"}]},{"@type":"WebSite","@id":"https:\/\/tonysourcing.com\/#website","url":"https:\/\/tonysourcing.com\/","name":"TonySourcing","description":"Spielzeuggro\u00dfh\u00e4ndler und Werbeartikel aus China","publisher":{"@id":"https:\/\/tonysourcing.com\/#organization"},"potentialAction":[{"@type":"SearchAction","target":{"@type":"EntryPoint","urlTemplate":"https:\/\/tonysourcing.com\/?s={search_term_string}"},"query-input":{"@type":"PropertyValueSpecification","valueRequired":true,"valueName":"search_term_string"}}],"inLanguage":"de"},{"@type":"Organization","@id":"https:\/\/tonysourcing.com\/#organization","name":"Yiwu Zongge","url":"https:\/\/tonysourcing.com\/","logo":{"@type":"ImageObject","inLanguage":"de","@id":"https:\/\/tonysourcing.com\/#\/schema\/logo\/image\/","url":"https:\/\/tonysourcing.com\/wp-content\/uploads\/2021\/07\/cropped-TonySourcing-logo-1.png","contentUrl":"https:\/\/tonysourcing.com\/wp-content\/uploads\/2021\/07\/cropped-TonySourcing-logo-1.png","width":300,"height":92,"caption":"Yiwu Zongge"},"image":{"@id":"https:\/\/tonysourcing.com\/#\/schema\/logo\/image\/"},"sameAs":["https:\/\/www.facebook.com\/TonySourcing","https:\/\/x.com\/TonySourcing","https:\/\/www.instagram.com\/tony_sourcing\/","http:\/\/www.linkedin.com\/in\/tonychen88","https:\/\/www.youtube.com\/channel\/UCZfST1M-NDoqjQ3dB-Tzszg"]}]}},"_links":{"self":[{"href":"https:\/\/tonysourcing.com\/de\/wp-json\/wp\/v2\/product\/12864","targetHints":{"allow":["GET"]}}],"collection":[{"href":"https:\/\/tonysourcing.com\/de\/wp-json\/wp\/v2\/product"}],"about":[{"href":"https:\/\/tonysourcing.com\/de\/wp-json\/wp\/v2\/types\/product"}],"version-history":[{"count":4,"href":"https:\/\/tonysourcing.com\/de\/wp-json\/wp\/v2\/product\/12864\/revisions"}],"predecessor-version":[{"id":21679,"href":"https:\/\/tonysourcing.com\/de\/wp-json\/wp\/v2\/product\/12864\/revisions\/21679"}],"wp:featuredmedia":[{"embeddable":true,"href":"https:\/\/tonysourcing.com\/de\/wp-json\/wp\/v2\/media\/12865"}],"wp:attachment":[{"href":"https:\/\/tonysourcing.com\/de\/wp-json\/wp\/v2\/media?parent=12864"}],"wp:term":[{"taxonomy":"product_brand","embeddable":true,"href":"https:\/\/tonysourcing.com\/de\/wp-json\/wp\/v2\/product_brand?post=12864"},{"taxonomy":"product_cat","embeddable":true,"href":"https:\/\/tonysourcing.com\/de\/wp-json\/wp\/v2\/product_cat?post=12864"},{"taxonomy":"product_tag","embeddable":true,"href":"https:\/\/tonysourcing.com\/de\/wp-json\/wp\/v2\/product_tag?post=12864"}],"curies":[{"name":"wp","href":"https:\/\/api.w.org\/{rel}","templated":true}]}}