{"id":12937,"date":"2021-11-29T01:56:51","date_gmt":"2021-11-29T01:56:51","guid":{"rendered":"https:\/\/tonysourcing.com\/?post_type=product&#038;p=12937"},"modified":"2021-11-29T01:56:52","modified_gmt":"2021-11-29T01:56:52","slug":"lebensmittelbehalter-aus-glas","status":"publish","type":"product","link":"https:\/\/tonysourcing.com\/de\/wholesale\/glass-food-containers\/","title":{"rendered":"Lebensmittelbeh\u00e4lter aus Glas"},"content":{"rendered":"<p>Mit Frischhaltedosen aus Glas und Bio-Kunststoff halten Sie Ihre Lebensmittel frisch und lecker!<\/p>\n<p>18-teiliges Set \u2013 Dieses Vorratsdosen-Set besteht aus 9 Glasbeh\u00e4ltern unterschiedlicher Gr\u00f6\u00dfe und 9 passenden Deckeln. Es ist eine gro\u00dfartige L\u00f6sung f\u00fcr die Aufbewahrung aller zubereiteten Mahlzeiten, Snacks und Essensreste.<\/p>\n<p>Qualit\u00e4t \u2013 Lebensmittelbeh\u00e4lter bestehen aus Borosilikatglas und lassen sich leicht erhitzen oder k\u00fchlen. Sie eignen sich hervorragend zum Kochen und f\u00fcr Reste f\u00fcr die ganze Familie!<\/p>\n<p>Backofen, Mikrowelle, Sp\u00fclmaschine, K\u00fchlschrank \u2013 dieses Geschirr ist hitzebest\u00e4ndig bis 490 \u00b0C. Es ist au\u00dferdem flecken- und geruchsresistent \u2013 die Deckel sind nicht f\u00fcr den Backofen geeignet. Vor dem Erhitzen die Deckel abnehmen. Gl\u00e4ser und Deckel vorsichtig in der Sp\u00fclmaschine reinigen und Lebensmittel oder Essensreste im Gefrierschrank aufbewahren. (-40 \u00b0C)<\/p>\n<p>Praktisches Design \u2013 das Geschirr passt sowohl in den Schrank als auch in den K\u00fchlschrank oder einfach in die K\u00fcche, ohne das Bild zu st\u00f6ren und unn\u00f6tig Platz einzunehmen.<\/p>\n<p>Bio \u2013 dieser Glasbeh\u00e4lter ist \u00f6kologisch und recycelbar.<\/p>\n<p>Das Set besteht aus folgenden Beh\u00e4ltergr\u00f6\u00dfen:<\/p>\n<ul>\n<li>210 ml;<\/li>\n<li>320 ml;<\/li>\n<li>370 ml;<\/li>\n<li>400 ml;<\/li>\n<li>640 ml;<\/li>\n<li>650 ml;<\/li>\n<li>800 ml;<\/li>\n<li>1050 ml;<\/li>\n<li>1520 ml.<\/li>\n<\/ul>\n<p>Merkmale:<\/p>\n<ul>\n<li>9 Glaswaren, 9 passende Deckel;<\/li>\n<li>aus langlebigem Borosilikatglas f\u00fcr einfaches Erhitzen;<\/li>\n<li>hitzebest\u00e4ndig bis 1040 \u2109;<\/li>\n<li>kann im Gefrierschrank bis -40 \u00b0F aufbewahrt werden;<\/li>\n<li>Glasbeh\u00e4lter sind umweltfreundlich und recycelbar.<\/li>\n<\/ul>","protected":false},"excerpt":{"rendered":"<ul>\n<li>ARTIKEL-NR. ZJ112605<\/li>\n<li>9 Glaswaren, 9 passende Deckel;<\/li>\n<li>aus langlebigem Borosilikatglas f\u00fcr einfaches Erhitzen;<\/li>\n<li>hitzebest\u00e4ndig bis 1040 \u2109;<\/li>\n<li>kann im Gefrierschrank bis -40 \u00b0F aufbewahrt werden;<\/li>\n<li>Glasbeh\u00e4lter sind umweltfreundlich und recycelbar.<\/li>\n<\/ul>","protected":false},"featured_media":12938,"template":"","meta":{"_kad_post_transparent":"","_kad_post_title":"","_kad_post_layout":"","_kad_post_sidebar_id":"","_kad_post_content_style":"","_kad_post_vertical_padding":"","_kad_post_feature":"","_kad_post_feature_position":"","_kad_post_header":false,"_kad_post_footer":false,"_kad_post_classname":""},"product_brand":[],"product_cat":[1539],"product_tag":[],"class_list":{"0":"post-12937","1":"product","2":"type-product","3":"status-publish","4":"has-post-thumbnail","6":"product_cat-kitchen-equipment","8":"first","9":"instock","10":"shipping-taxable","11":"product-type-simple","12":"entry","13":"content-bg","14":"loop-entry"},"yoast_head":"<!-- This site is optimized with the Yoast SEO plugin v27.5 - https:\/\/yoast.com\/product\/yoast-seo-wordpress\/ -->\n<title>Glass food containers - Import Wholesale Directly From Manufacturer<\/title>\n<meta name=\"description\" content=\"Import Glass food containers from China Manufacturer, Good Product and Good Price, Contact TonySourcing for Catalog today.\" \/>\n<meta name=\"robots\" content=\"index, follow, max-snippet:-1, max-image-preview:large, max-video-preview:-1\" \/>\n<link rel=\"canonical\" href=\"https:\/\/tonysourcing.com\/de\/groshandel\/lebensmittelbehalter-aus-glas\/\" \/>\n<meta property=\"og:locale\" content=\"de_DE\" \/>\n<meta property=\"og:type\" content=\"article\" \/>\n<meta property=\"og:title\" content=\"Glass food containers - Import Wholesale Directly From Manufacturer\" \/>\n<meta property=\"og:description\" content=\"Import Glass food containers from China Manufacturer, Good Product and Good Price, Contact TonySourcing for Catalog today.\" \/>\n<meta property=\"og:url\" content=\"https:\/\/tonysourcing.com\/de\/groshandel\/lebensmittelbehalter-aus-glas\/\" \/>\n<meta property=\"og:site_name\" content=\"TonySourcing\" \/>\n<meta property=\"article:publisher\" content=\"https:\/\/www.facebook.com\/TonySourcing\" \/>\n<meta property=\"article:modified_time\" content=\"2021-11-29T01:56:52+00:00\" \/>\n<meta property=\"og:image\" content=\"https:\/\/tonysourcing.com\/wp-content\/uploads\/2021\/11\/stikliniai-maisto-indeliai.jpg\" \/>\n\t<meta property=\"og:image:width\" content=\"700\" \/>\n\t<meta property=\"og:image:height\" content=\"807\" \/>\n\t<meta property=\"og:image:type\" content=\"image\/jpeg\" \/>\n<meta name=\"twitter:card\" content=\"summary_large_image\" \/>\n<meta name=\"twitter:site\" content=\"@TonySourcing\" \/>\n<meta name=\"twitter:label1\" content=\"Gesch\u00e4tzte Lesezeit\" \/>\n\t<meta name=\"twitter:data1\" content=\"1\u00a0Minute\" \/>\n<script type=\"application\/ld+json\" class=\"yoast-schema-graph\">{\"@context\":\"https:\\\/\\\/schema.org\",\"@graph\":[{\"@type\":\"WebPage\",\"@id\":\"https:\\\/\\\/tonysourcing.com\\\/wholesale\\\/glass-food-containers\\\/\",\"url\":\"https:\\\/\\\/tonysourcing.com\\\/wholesale\\\/glass-food-containers\\\/\",\"name\":\"Glass food containers - Import Wholesale Directly From Manufacturer\",\"isPartOf\":{\"@id\":\"https:\\\/\\\/tonysourcing.com\\\/#website\"},\"primaryImageOfPage\":{\"@id\":\"https:\\\/\\\/tonysourcing.com\\\/wholesale\\\/glass-food-containers\\\/#primaryimage\"},\"image\":{\"@id\":\"https:\\\/\\\/tonysourcing.com\\\/wholesale\\\/glass-food-containers\\\/#primaryimage\"},\"thumbnailUrl\":\"https:\\\/\\\/tonysourcing.com\\\/wp-content\\\/uploads\\\/2021\\\/11\\\/stikliniai-maisto-indeliai.jpg\",\"datePublished\":\"2021-11-29T01:56:51+00:00\",\"dateModified\":\"2021-11-29T01:56:52+00:00\",\"description\":\"Import Glass food containers from China Manufacturer, Good Product and Good Price, Contact TonySourcing for Catalog today.\",\"breadcrumb\":{\"@id\":\"https:\\\/\\\/tonysourcing.com\\\/wholesale\\\/glass-food-containers\\\/#breadcrumb\"},\"inLanguage\":\"de\",\"potentialAction\":[{\"@type\":\"ReadAction\",\"target\":[\"https:\\\/\\\/tonysourcing.com\\\/wholesale\\\/glass-food-containers\\\/\"]}]},{\"@type\":\"ImageObject\",\"inLanguage\":\"de\",\"@id\":\"https:\\\/\\\/tonysourcing.com\\\/wholesale\\\/glass-food-containers\\\/#primaryimage\",\"url\":\"https:\\\/\\\/tonysourcing.com\\\/wp-content\\\/uploads\\\/2021\\\/11\\\/stikliniai-maisto-indeliai.jpg\",\"contentUrl\":\"https:\\\/\\\/tonysourcing.com\\\/wp-content\\\/uploads\\\/2021\\\/11\\\/stikliniai-maisto-indeliai.jpg\",\"width\":700,\"height\":807,\"caption\":\"stikliniai-maisto-indeliai\"},{\"@type\":\"BreadcrumbList\",\"@id\":\"https:\\\/\\\/tonysourcing.com\\\/wholesale\\\/glass-food-containers\\\/#breadcrumb\",\"itemListElement\":[{\"@type\":\"ListItem\",\"position\":1,\"name\":\"Home\",\"item\":\"https:\\\/\\\/tonysourcing.com\\\/\"},{\"@type\":\"ListItem\",\"position\":2,\"name\":\"Wholesale\",\"item\":\"https:\\\/\\\/tonysourcing.com\\\/wholesale\\\/\"},{\"@type\":\"ListItem\",\"position\":3,\"name\":\"Glass food containers\"}]},{\"@type\":\"WebSite\",\"@id\":\"https:\\\/\\\/tonysourcing.com\\\/#website\",\"url\":\"https:\\\/\\\/tonysourcing.com\\\/\",\"name\":\"TonySourcing\",\"description\":\"Toys Wholesale Distributor &amp; China Promition Items\",\"publisher\":{\"@id\":\"https:\\\/\\\/tonysourcing.com\\\/#organization\"},\"potentialAction\":[{\"@type\":\"SearchAction\",\"target\":{\"@type\":\"EntryPoint\",\"urlTemplate\":\"https:\\\/\\\/tonysourcing.com\\\/?s={search_term_string}\"},\"query-input\":{\"@type\":\"PropertyValueSpecification\",\"valueRequired\":true,\"valueName\":\"search_term_string\"}}],\"inLanguage\":\"de\"},{\"@type\":\"Organization\",\"@id\":\"https:\\\/\\\/tonysourcing.com\\\/#organization\",\"name\":\"Yiwu Zongge\",\"url\":\"https:\\\/\\\/tonysourcing.com\\\/\",\"logo\":{\"@type\":\"ImageObject\",\"inLanguage\":\"de\",\"@id\":\"https:\\\/\\\/tonysourcing.com\\\/#\\\/schema\\\/logo\\\/image\\\/\",\"url\":\"https:\\\/\\\/tonysourcing.com\\\/wp-content\\\/uploads\\\/2021\\\/07\\\/cropped-TonySourcing-logo-1.png\",\"contentUrl\":\"https:\\\/\\\/tonysourcing.com\\\/wp-content\\\/uploads\\\/2021\\\/07\\\/cropped-TonySourcing-logo-1.png\",\"width\":300,\"height\":92,\"caption\":\"Yiwu Zongge\"},\"image\":{\"@id\":\"https:\\\/\\\/tonysourcing.com\\\/#\\\/schema\\\/logo\\\/image\\\/\"},\"sameAs\":[\"https:\\\/\\\/www.facebook.com\\\/TonySourcing\",\"https:\\\/\\\/x.com\\\/TonySourcing\",\"https:\\\/\\\/www.instagram.com\\\/tony_sourcing\\\/\",\"http:\\\/\\\/www.linkedin.com\\\/in\\\/tonychen88\",\"https:\\\/\\\/www.youtube.com\\\/channel\\\/UCZfST1M-NDoqjQ3dB-Tzszg\"]}]}<\/script>\n<!-- \/ Yoast SEO plugin. -->","yoast_head_json":{"title":"Lebensmittelbeh\u00e4lter aus Glas \u2013 Importgro\u00dfhandel direkt vom Hersteller","description":"Importieren Sie Lebensmittelbeh\u00e4lter aus Glas von einem chinesischen Hersteller. Gutes Produkt und guter Preis. Kontaktieren Sie TonySourcing noch heute f\u00fcr den Katalog.","robots":{"index":"index","follow":"follow","max-snippet":"max-snippet:-1","max-image-preview":"max-image-preview:large","max-video-preview":"max-video-preview:-1"},"canonical":"https:\/\/tonysourcing.com\/de\/groshandel\/lebensmittelbehalter-aus-glas\/","og_locale":"de_DE","og_type":"article","og_title":"Glass food containers - Import Wholesale Directly From Manufacturer","og_description":"Import Glass food containers from China Manufacturer, Good Product and Good Price, Contact TonySourcing for Catalog today.","og_url":"https:\/\/tonysourcing.com\/de\/groshandel\/lebensmittelbehalter-aus-glas\/","og_site_name":"TonySourcing","article_publisher":"https:\/\/www.facebook.com\/TonySourcing","article_modified_time":"2021-11-29T01:56:52+00:00","og_image":[{"width":700,"height":807,"url":"https:\/\/tonysourcing.com\/wp-content\/uploads\/2021\/11\/stikliniai-maisto-indeliai.jpg","type":"image\/jpeg"}],"twitter_card":"summary_large_image","twitter_site":"@TonySourcing","twitter_misc":{"Gesch\u00e4tzte Lesezeit":"1\u00a0Minute"},"schema":{"@context":"https:\/\/schema.org","@graph":[{"@type":"WebPage","@id":"https:\/\/tonysourcing.com\/wholesale\/glass-food-containers\/","url":"https:\/\/tonysourcing.com\/wholesale\/glass-food-containers\/","name":"Lebensmittelbeh\u00e4lter aus Glas \u2013 Importgro\u00dfhandel direkt vom Hersteller","isPartOf":{"@id":"https:\/\/tonysourcing.com\/#website"},"primaryImageOfPage":{"@id":"https:\/\/tonysourcing.com\/wholesale\/glass-food-containers\/#primaryimage"},"image":{"@id":"https:\/\/tonysourcing.com\/wholesale\/glass-food-containers\/#primaryimage"},"thumbnailUrl":"https:\/\/tonysourcing.com\/wp-content\/uploads\/2021\/11\/stikliniai-maisto-indeliai.jpg","datePublished":"2021-11-29T01:56:51+00:00","dateModified":"2021-11-29T01:56:52+00:00","description":"Importieren Sie Lebensmittelbeh\u00e4lter aus Glas von einem chinesischen Hersteller. Gutes Produkt und guter Preis. Kontaktieren Sie TonySourcing noch heute f\u00fcr den Katalog.","breadcrumb":{"@id":"https:\/\/tonysourcing.com\/wholesale\/glass-food-containers\/#breadcrumb"},"inLanguage":"de","potentialAction":[{"@type":"ReadAction","target":["https:\/\/tonysourcing.com\/wholesale\/glass-food-containers\/"]}]},{"@type":"ImageObject","inLanguage":"de","@id":"https:\/\/tonysourcing.com\/wholesale\/glass-food-containers\/#primaryimage","url":"https:\/\/tonysourcing.com\/wp-content\/uploads\/2021\/11\/stikliniai-maisto-indeliai.jpg","contentUrl":"https:\/\/tonysourcing.com\/wp-content\/uploads\/2021\/11\/stikliniai-maisto-indeliai.jpg","width":700,"height":807,"caption":"stikliniai-maisto-indeliai"},{"@type":"BreadcrumbList","@id":"https:\/\/tonysourcing.com\/wholesale\/glass-food-containers\/#breadcrumb","itemListElement":[{"@type":"ListItem","position":1,"name":"Home","item":"https:\/\/tonysourcing.com\/"},{"@type":"ListItem","position":2,"name":"Wholesale","item":"https:\/\/tonysourcing.com\/wholesale\/"},{"@type":"ListItem","position":3,"name":"Glass food containers"}]},{"@type":"WebSite","@id":"https:\/\/tonysourcing.com\/#website","url":"https:\/\/tonysourcing.com\/","name":"TonySourcing","description":"Spielzeuggro\u00dfh\u00e4ndler und Werbeartikel aus China","publisher":{"@id":"https:\/\/tonysourcing.com\/#organization"},"potentialAction":[{"@type":"SearchAction","target":{"@type":"EntryPoint","urlTemplate":"https:\/\/tonysourcing.com\/?s={search_term_string}"},"query-input":{"@type":"PropertyValueSpecification","valueRequired":true,"valueName":"search_term_string"}}],"inLanguage":"de"},{"@type":"Organization","@id":"https:\/\/tonysourcing.com\/#organization","name":"Yiwu Zongge","url":"https:\/\/tonysourcing.com\/","logo":{"@type":"ImageObject","inLanguage":"de","@id":"https:\/\/tonysourcing.com\/#\/schema\/logo\/image\/","url":"https:\/\/tonysourcing.com\/wp-content\/uploads\/2021\/07\/cropped-TonySourcing-logo-1.png","contentUrl":"https:\/\/tonysourcing.com\/wp-content\/uploads\/2021\/07\/cropped-TonySourcing-logo-1.png","width":300,"height":92,"caption":"Yiwu Zongge"},"image":{"@id":"https:\/\/tonysourcing.com\/#\/schema\/logo\/image\/"},"sameAs":["https:\/\/www.facebook.com\/TonySourcing","https:\/\/x.com\/TonySourcing","https:\/\/www.instagram.com\/tony_sourcing\/","http:\/\/www.linkedin.com\/in\/tonychen88","https:\/\/www.youtube.com\/channel\/UCZfST1M-NDoqjQ3dB-Tzszg"]}]}},"_links":{"self":[{"href":"https:\/\/tonysourcing.com\/de\/wp-json\/wp\/v2\/product\/12937","targetHints":{"allow":["GET"]}}],"collection":[{"href":"https:\/\/tonysourcing.com\/de\/wp-json\/wp\/v2\/product"}],"about":[{"href":"https:\/\/tonysourcing.com\/de\/wp-json\/wp\/v2\/types\/product"}],"version-history":[{"count":2,"href":"https:\/\/tonysourcing.com\/de\/wp-json\/wp\/v2\/product\/12937\/revisions"}],"predecessor-version":[{"id":12945,"href":"https:\/\/tonysourcing.com\/de\/wp-json\/wp\/v2\/product\/12937\/revisions\/12945"}],"wp:featuredmedia":[{"embeddable":true,"href":"https:\/\/tonysourcing.com\/de\/wp-json\/wp\/v2\/media\/12938"}],"wp:attachment":[{"href":"https:\/\/tonysourcing.com\/de\/wp-json\/wp\/v2\/media?parent=12937"}],"wp:term":[{"taxonomy":"product_brand","embeddable":true,"href":"https:\/\/tonysourcing.com\/de\/wp-json\/wp\/v2\/product_brand?post=12937"},{"taxonomy":"product_cat","embeddable":true,"href":"https:\/\/tonysourcing.com\/de\/wp-json\/wp\/v2\/product_cat?post=12937"},{"taxonomy":"product_tag","embeddable":true,"href":"https:\/\/tonysourcing.com\/de\/wp-json\/wp\/v2\/product_tag?post=12937"}],"curies":[{"name":"wp","href":"https:\/\/api.w.org\/{rel}","templated":true}]}}