{"id":12955,"date":"2021-11-29T02:15:38","date_gmt":"2021-11-29T02:15:38","guid":{"rendered":"https:\/\/tonysourcing.com\/?post_type=product&#038;p=12955"},"modified":"2021-11-29T02:15:38","modified_gmt":"2021-11-29T02:15:38","slug":"kaufladen-set-aus-holz-29-teilig","status":"publish","type":"product","link":"https:\/\/tonysourcing.com\/de\/wholesale\/wooden-shop-set-29pcs\/","title":{"rendered":"Kaufladenset aus Holz 29-teilig"},"content":{"rendered":"<p>Der Holzstand ist ein tolles Spielzeug f\u00fcr alle kleinen Kaufmannsladen-Fans. Das Set enth\u00e4lt viele wichtige Accessoires wie eine Kasse, eine Uhr, eine Waage und Kisten mit viel frischem Obst und Gem\u00fcse. Beim Spielen kann das Kind mit Kreditkarte bezahlen. Alle Accessoires sowie die Theke sind bunt und imitieren ansprechend echte Produkte und Eink\u00e4ufe.<\/p>\n<p>Mit diesem Spielzeug k\u00f6nnen Sie gro\u00dfen Spa\u00df und Lernen verbinden. Mit den verkauften Produkten kann das Kind einfache mathematische Berechnungen erlernen. Jedes Spiel kann auf einem anderen Szenario basieren, was auch die Fantasie des Kindes anregt.<\/p>\n<p>Die klassische Sch\u00f6nheit und Haltbarkeit von Holz wurden schon immer hoch gesch\u00e4tzt. Dieser Rohstoff sieht sowohl in nat\u00fcrlichen Farben als auch gef\u00e4rbt gut aus. Die Accessoires sind f\u00fcr jedes Kind sicher. Nat\u00fcrliches Material bedeutet, dass ein Kind, selbst wenn es ein Spielzeug in den Mund nimmt, nicht mit Kunststoff oder Schadstoffen in Ber\u00fchrung kommt.<\/p>\n<p>Der Laden ist in leuchtenden Farben dekoriert, sodass er die Kleinen zum Spielen anregt und ihre Fantasie und Kreativit\u00e4t anregt. Das Spielzeug spiegelt echte Produkte perfekt wider. Perfekt als Geschenk.<\/p>\n<p>&nbsp;<\/p>\n<p><strong>SPEZIFIKATION:<\/strong><\/p>\n<ul>\n<li>Material: Holz<\/li>\n<li>Anzahl der Artikel: 29<\/li>\n<li>Ma\u00dfe (L\u00e4nge \/ Breite \/ H\u00f6he): 29 \/ 44,5 \/ 94cm<\/li>\n<li>Gewicht: 3,2 kg<\/li>\n<li>Alter: 3+<\/li>\n<\/ul>\n<p>&nbsp;<\/p>\n<p><strong>IN DER KOLLEKTION:<\/strong><\/p>\n<ul>\n<li>Stand<\/li>\n<li>Kasse<\/li>\n<li>Uhr<\/li>\n<li>Waage<\/li>\n<li>Kreditkarte<\/li>\n<li>Salz und Pfeffer<\/li>\n<li>Joghurts<\/li>\n<li>verschiedene Flaschen<\/li>\n<li>K\u00f6rbe<\/li>\n<li>Milch<\/li>\n<li>Gem\u00fcse<\/li>\n<li>Fr\u00fcchte<\/li>\n<\/ul>","protected":false},"excerpt":{"rendered":"<p>ARTIKEL-NR. ZJ112607<\/p>\n<p><strong>SPEZIFIKATION:<\/strong><\/p>\n<ul>\n<li>Material: Holz<\/li>\n<li>Anzahl der Artikel: 29<\/li>\n<li>Ma\u00dfe (L\u00e4nge \/ Breite \/ H\u00f6he): 29 \/ 44,5 \/ 94cm<\/li>\n<li>Gewicht: 3,2 kg<\/li>\n<li>Alter: 3+<\/li>\n<\/ul>\n<p>&nbsp;<\/p>\n<p><strong>IN DER KOLLEKTION:<\/strong><\/p>\n<ul>\n<li>Stand<\/li>\n<li>Kasse<\/li>\n<li>Uhr<\/li>\n<li>Waage<\/li>\n<li>Kreditkarte<\/li>\n<li>Salz und Pfeffer<\/li>\n<li>Joghurts<\/li>\n<li>verschiedene Flaschen<\/li>\n<li>K\u00f6rbe<\/li>\n<li>Milch<\/li>\n<li>Gem\u00fcse<\/li>\n<li>Fr\u00fcchte<\/li>\n<\/ul>","protected":false},"featured_media":12956,"template":"","meta":{"_kad_post_transparent":"","_kad_post_title":"","_kad_post_layout":"","_kad_post_sidebar_id":"","_kad_post_content_style":"","_kad_post_vertical_padding":"","_kad_post_feature":"","_kad_post_feature_position":"","_kad_post_header":false,"_kad_post_footer":false,"_kad_post_classname":""},"product_brand":[],"product_cat":[1539],"product_tag":[],"class_list":{"0":"post-12955","1":"product","2":"type-product","3":"status-publish","4":"has-post-thumbnail","6":"product_cat-kitchen-equipment","8":"first","9":"instock","10":"shipping-taxable","11":"product-type-simple","12":"entry","13":"content-bg","14":"loop-entry"},"yoast_head":"<!-- This site is optimized with the Yoast SEO plugin v27.5 - https:\/\/yoast.com\/product\/yoast-seo-wordpress\/ -->\n<title>Wooden shop set 29pcs - Import Wholesale Directly From Manufacturer<\/title>\n<meta name=\"description\" content=\"Import Wooden shop set 29pcs from China Manufacturer, Good Product and Good Price, Contact TonySourcing for Catalog today.\" \/>\n<meta name=\"robots\" content=\"index, follow, max-snippet:-1, max-image-preview:large, max-video-preview:-1\" \/>\n<link rel=\"canonical\" href=\"https:\/\/tonysourcing.com\/de\/groshandel\/kaufladen-set-aus-holz-29-teilig\/\" \/>\n<meta property=\"og:locale\" content=\"de_DE\" \/>\n<meta property=\"og:type\" content=\"article\" \/>\n<meta property=\"og:title\" content=\"Wooden shop set 29pcs - Import Wholesale Directly From Manufacturer\" \/>\n<meta property=\"og:description\" content=\"Import Wooden shop set 29pcs from China Manufacturer, Good Product and Good Price, Contact TonySourcing for Catalog today.\" \/>\n<meta property=\"og:url\" content=\"https:\/\/tonysourcing.com\/de\/groshandel\/kaufladen-set-aus-holz-29-teilig\/\" \/>\n<meta property=\"og:site_name\" content=\"TonySourcing\" \/>\n<meta property=\"article:publisher\" content=\"https:\/\/www.facebook.com\/TonySourcing\" \/>\n<meta property=\"og:image\" content=\"https:\/\/tonysourcing.com\/wp-content\/uploads\/2021\/11\/medinis-parduotuves-rinkinys.jpg\" \/>\n\t<meta property=\"og:image:width\" content=\"700\" \/>\n\t<meta property=\"og:image:height\" content=\"807\" \/>\n\t<meta property=\"og:image:type\" content=\"image\/jpeg\" \/>\n<meta name=\"twitter:card\" content=\"summary_large_image\" \/>\n<meta name=\"twitter:site\" content=\"@TonySourcing\" \/>\n<meta name=\"twitter:label1\" content=\"Gesch\u00e4tzte Lesezeit\" \/>\n\t<meta name=\"twitter:data1\" content=\"1\u00a0Minute\" \/>\n<script type=\"application\/ld+json\" class=\"yoast-schema-graph\">{\"@context\":\"https:\\\/\\\/schema.org\",\"@graph\":[{\"@type\":\"WebPage\",\"@id\":\"https:\\\/\\\/tonysourcing.com\\\/wholesale\\\/wooden-shop-set-29pcs\\\/\",\"url\":\"https:\\\/\\\/tonysourcing.com\\\/wholesale\\\/wooden-shop-set-29pcs\\\/\",\"name\":\"Wooden shop set 29pcs - Import Wholesale Directly From Manufacturer\",\"isPartOf\":{\"@id\":\"https:\\\/\\\/tonysourcing.com\\\/#website\"},\"primaryImageOfPage\":{\"@id\":\"https:\\\/\\\/tonysourcing.com\\\/wholesale\\\/wooden-shop-set-29pcs\\\/#primaryimage\"},\"image\":{\"@id\":\"https:\\\/\\\/tonysourcing.com\\\/wholesale\\\/wooden-shop-set-29pcs\\\/#primaryimage\"},\"thumbnailUrl\":\"https:\\\/\\\/tonysourcing.com\\\/wp-content\\\/uploads\\\/2021\\\/11\\\/medinis-parduotuves-rinkinys.jpg\",\"datePublished\":\"2021-11-29T02:15:38+00:00\",\"description\":\"Import Wooden shop set 29pcs from China Manufacturer, Good Product and Good Price, Contact TonySourcing for Catalog today.\",\"breadcrumb\":{\"@id\":\"https:\\\/\\\/tonysourcing.com\\\/wholesale\\\/wooden-shop-set-29pcs\\\/#breadcrumb\"},\"inLanguage\":\"de\",\"potentialAction\":[{\"@type\":\"ReadAction\",\"target\":[\"https:\\\/\\\/tonysourcing.com\\\/wholesale\\\/wooden-shop-set-29pcs\\\/\"]}]},{\"@type\":\"ImageObject\",\"inLanguage\":\"de\",\"@id\":\"https:\\\/\\\/tonysourcing.com\\\/wholesale\\\/wooden-shop-set-29pcs\\\/#primaryimage\",\"url\":\"https:\\\/\\\/tonysourcing.com\\\/wp-content\\\/uploads\\\/2021\\\/11\\\/medinis-parduotuves-rinkinys.jpg\",\"contentUrl\":\"https:\\\/\\\/tonysourcing.com\\\/wp-content\\\/uploads\\\/2021\\\/11\\\/medinis-parduotuves-rinkinys.jpg\",\"width\":700,\"height\":807,\"caption\":\"medinis-parduotuves-rinkinys\"},{\"@type\":\"BreadcrumbList\",\"@id\":\"https:\\\/\\\/tonysourcing.com\\\/wholesale\\\/wooden-shop-set-29pcs\\\/#breadcrumb\",\"itemListElement\":[{\"@type\":\"ListItem\",\"position\":1,\"name\":\"Home\",\"item\":\"https:\\\/\\\/tonysourcing.com\\\/\"},{\"@type\":\"ListItem\",\"position\":2,\"name\":\"Wholesale\",\"item\":\"https:\\\/\\\/tonysourcing.com\\\/wholesale\\\/\"},{\"@type\":\"ListItem\",\"position\":3,\"name\":\"Wooden shop set 29pcs\"}]},{\"@type\":\"WebSite\",\"@id\":\"https:\\\/\\\/tonysourcing.com\\\/#website\",\"url\":\"https:\\\/\\\/tonysourcing.com\\\/\",\"name\":\"TonySourcing\",\"description\":\"Toys Wholesale Distributor &amp; China Promition Items\",\"publisher\":{\"@id\":\"https:\\\/\\\/tonysourcing.com\\\/#organization\"},\"potentialAction\":[{\"@type\":\"SearchAction\",\"target\":{\"@type\":\"EntryPoint\",\"urlTemplate\":\"https:\\\/\\\/tonysourcing.com\\\/?s={search_term_string}\"},\"query-input\":{\"@type\":\"PropertyValueSpecification\",\"valueRequired\":true,\"valueName\":\"search_term_string\"}}],\"inLanguage\":\"de\"},{\"@type\":\"Organization\",\"@id\":\"https:\\\/\\\/tonysourcing.com\\\/#organization\",\"name\":\"Yiwu Zongge\",\"url\":\"https:\\\/\\\/tonysourcing.com\\\/\",\"logo\":{\"@type\":\"ImageObject\",\"inLanguage\":\"de\",\"@id\":\"https:\\\/\\\/tonysourcing.com\\\/#\\\/schema\\\/logo\\\/image\\\/\",\"url\":\"https:\\\/\\\/tonysourcing.com\\\/wp-content\\\/uploads\\\/2021\\\/07\\\/cropped-TonySourcing-logo-1.png\",\"contentUrl\":\"https:\\\/\\\/tonysourcing.com\\\/wp-content\\\/uploads\\\/2021\\\/07\\\/cropped-TonySourcing-logo-1.png\",\"width\":300,\"height\":92,\"caption\":\"Yiwu Zongge\"},\"image\":{\"@id\":\"https:\\\/\\\/tonysourcing.com\\\/#\\\/schema\\\/logo\\\/image\\\/\"},\"sameAs\":[\"https:\\\/\\\/www.facebook.com\\\/TonySourcing\",\"https:\\\/\\\/x.com\\\/TonySourcing\",\"https:\\\/\\\/www.instagram.com\\\/tony_sourcing\\\/\",\"http:\\\/\\\/www.linkedin.com\\\/in\\\/tonychen88\",\"https:\\\/\\\/www.youtube.com\\\/channel\\\/UCZfST1M-NDoqjQ3dB-Tzszg\"]}]}<\/script>\n<!-- \/ Yoast SEO plugin. -->","yoast_head_json":{"title":"Kaufladenset aus Holz 29-teilig - Import Gro\u00dfhandel Direkt vom Hersteller","description":"Importieren Sie ein 29-teiliges Holz-Kaufladenset von einem chinesischen Hersteller. Gutes Produkt und guter Preis. Kontaktieren Sie TonySourcing noch heute f\u00fcr den Katalog.","robots":{"index":"index","follow":"follow","max-snippet":"max-snippet:-1","max-image-preview":"max-image-preview:large","max-video-preview":"max-video-preview:-1"},"canonical":"https:\/\/tonysourcing.com\/de\/groshandel\/kaufladen-set-aus-holz-29-teilig\/","og_locale":"de_DE","og_type":"article","og_title":"Wooden shop set 29pcs - Import Wholesale Directly From Manufacturer","og_description":"Import Wooden shop set 29pcs from China Manufacturer, Good Product and Good Price, Contact TonySourcing for Catalog today.","og_url":"https:\/\/tonysourcing.com\/de\/groshandel\/kaufladen-set-aus-holz-29-teilig\/","og_site_name":"TonySourcing","article_publisher":"https:\/\/www.facebook.com\/TonySourcing","og_image":[{"width":700,"height":807,"url":"https:\/\/tonysourcing.com\/wp-content\/uploads\/2021\/11\/medinis-parduotuves-rinkinys.jpg","type":"image\/jpeg"}],"twitter_card":"summary_large_image","twitter_site":"@TonySourcing","twitter_misc":{"Gesch\u00e4tzte Lesezeit":"1\u00a0Minute"},"schema":{"@context":"https:\/\/schema.org","@graph":[{"@type":"WebPage","@id":"https:\/\/tonysourcing.com\/wholesale\/wooden-shop-set-29pcs\/","url":"https:\/\/tonysourcing.com\/wholesale\/wooden-shop-set-29pcs\/","name":"Kaufladenset aus Holz 29-teilig - Import Gro\u00dfhandel Direkt vom Hersteller","isPartOf":{"@id":"https:\/\/tonysourcing.com\/#website"},"primaryImageOfPage":{"@id":"https:\/\/tonysourcing.com\/wholesale\/wooden-shop-set-29pcs\/#primaryimage"},"image":{"@id":"https:\/\/tonysourcing.com\/wholesale\/wooden-shop-set-29pcs\/#primaryimage"},"thumbnailUrl":"https:\/\/tonysourcing.com\/wp-content\/uploads\/2021\/11\/medinis-parduotuves-rinkinys.jpg","datePublished":"2021-11-29T02:15:38+00:00","description":"Importieren Sie ein 29-teiliges Holz-Kaufladenset von einem chinesischen Hersteller. Gutes Produkt und guter Preis. Kontaktieren Sie TonySourcing noch heute f\u00fcr den Katalog.","breadcrumb":{"@id":"https:\/\/tonysourcing.com\/wholesale\/wooden-shop-set-29pcs\/#breadcrumb"},"inLanguage":"de","potentialAction":[{"@type":"ReadAction","target":["https:\/\/tonysourcing.com\/wholesale\/wooden-shop-set-29pcs\/"]}]},{"@type":"ImageObject","inLanguage":"de","@id":"https:\/\/tonysourcing.com\/wholesale\/wooden-shop-set-29pcs\/#primaryimage","url":"https:\/\/tonysourcing.com\/wp-content\/uploads\/2021\/11\/medinis-parduotuves-rinkinys.jpg","contentUrl":"https:\/\/tonysourcing.com\/wp-content\/uploads\/2021\/11\/medinis-parduotuves-rinkinys.jpg","width":700,"height":807,"caption":"medinis-parduotuves-rinkinys"},{"@type":"BreadcrumbList","@id":"https:\/\/tonysourcing.com\/wholesale\/wooden-shop-set-29pcs\/#breadcrumb","itemListElement":[{"@type":"ListItem","position":1,"name":"Home","item":"https:\/\/tonysourcing.com\/"},{"@type":"ListItem","position":2,"name":"Wholesale","item":"https:\/\/tonysourcing.com\/wholesale\/"},{"@type":"ListItem","position":3,"name":"Wooden shop set 29pcs"}]},{"@type":"WebSite","@id":"https:\/\/tonysourcing.com\/#website","url":"https:\/\/tonysourcing.com\/","name":"TonySourcing","description":"Spielzeuggro\u00dfh\u00e4ndler und Werbeartikel aus China","publisher":{"@id":"https:\/\/tonysourcing.com\/#organization"},"potentialAction":[{"@type":"SearchAction","target":{"@type":"EntryPoint","urlTemplate":"https:\/\/tonysourcing.com\/?s={search_term_string}"},"query-input":{"@type":"PropertyValueSpecification","valueRequired":true,"valueName":"search_term_string"}}],"inLanguage":"de"},{"@type":"Organization","@id":"https:\/\/tonysourcing.com\/#organization","name":"Yiwu Zongge","url":"https:\/\/tonysourcing.com\/","logo":{"@type":"ImageObject","inLanguage":"de","@id":"https:\/\/tonysourcing.com\/#\/schema\/logo\/image\/","url":"https:\/\/tonysourcing.com\/wp-content\/uploads\/2021\/07\/cropped-TonySourcing-logo-1.png","contentUrl":"https:\/\/tonysourcing.com\/wp-content\/uploads\/2021\/07\/cropped-TonySourcing-logo-1.png","width":300,"height":92,"caption":"Yiwu Zongge"},"image":{"@id":"https:\/\/tonysourcing.com\/#\/schema\/logo\/image\/"},"sameAs":["https:\/\/www.facebook.com\/TonySourcing","https:\/\/x.com\/TonySourcing","https:\/\/www.instagram.com\/tony_sourcing\/","http:\/\/www.linkedin.com\/in\/tonychen88","https:\/\/www.youtube.com\/channel\/UCZfST1M-NDoqjQ3dB-Tzszg"]}]}},"_links":{"self":[{"href":"https:\/\/tonysourcing.com\/de\/wp-json\/wp\/v2\/product\/12955","targetHints":{"allow":["GET"]}}],"collection":[{"href":"https:\/\/tonysourcing.com\/de\/wp-json\/wp\/v2\/product"}],"about":[{"href":"https:\/\/tonysourcing.com\/de\/wp-json\/wp\/v2\/types\/product"}],"version-history":[{"count":1,"href":"https:\/\/tonysourcing.com\/de\/wp-json\/wp\/v2\/product\/12955\/revisions"}],"predecessor-version":[{"id":12965,"href":"https:\/\/tonysourcing.com\/de\/wp-json\/wp\/v2\/product\/12955\/revisions\/12965"}],"wp:featuredmedia":[{"embeddable":true,"href":"https:\/\/tonysourcing.com\/de\/wp-json\/wp\/v2\/media\/12956"}],"wp:attachment":[{"href":"https:\/\/tonysourcing.com\/de\/wp-json\/wp\/v2\/media?parent=12955"}],"wp:term":[{"taxonomy":"product_brand","embeddable":true,"href":"https:\/\/tonysourcing.com\/de\/wp-json\/wp\/v2\/product_brand?post=12955"},{"taxonomy":"product_cat","embeddable":true,"href":"https:\/\/tonysourcing.com\/de\/wp-json\/wp\/v2\/product_cat?post=12955"},{"taxonomy":"product_tag","embeddable":true,"href":"https:\/\/tonysourcing.com\/de\/wp-json\/wp\/v2\/product_tag?post=12955"}],"curies":[{"name":"wp","href":"https:\/\/api.w.org\/{rel}","templated":true}]}}