{"id":13009,"date":"2021-11-29T03:25:51","date_gmt":"2021-11-29T03:25:51","guid":{"rendered":"https:\/\/tonysourcing.com\/?post_type=product&#038;p=13009"},"modified":"2021-11-29T03:25:51","modified_gmt":"2021-11-29T03:25:51","slug":"elektrischer-warmwasserbereiter-mit-lcd-bildschirm","status":"publish","type":"product","link":"https:\/\/tonysourcing.com\/de\/wholesale\/electric-water-heater-with-lcd-screen\/","title":{"rendered":"Elektrischer Warmwasserbereiter mit LCD-Bildschirm"},"content":{"rendered":"<p>Warmwasserbereiter mit LED-Anzeige zur Anzeige der Wassertemperatur. Die maximale Heiztemperatur betr\u00e4gt 60 \u00b0C. Sie sparen Zeit, Energie und Wasser, da Sie keine gro\u00dfen Heizger\u00e4te oder eine Zentralheizung ben\u00f6tigen, um Warmwasser aus dem Wasserhahn laufen zu lassen.<br \/>\nEin moderner Warmwasserbereiter verleiht Ihrer K\u00fcche Eleganz. Das Ger\u00e4t nimmt wenig Platz ein und erm\u00f6glicht mit einem praktischen Griff die einfache Einstellung der Wassertemperatur. Diese Technologie spart Ihnen Zeit und Geld \u2013 ein Schnelldurchlauferhitzer erm\u00f6glicht Ihnen die Nutzung von Warmwasser, wann immer Sie es brauchen.<br \/>\nKeine Heizkessel oder Zentralheizung mehr!<br \/>\nDas automatische Heizsystem ist mit einer Standardspirale einfach zu installieren.<\/p>\n<ul>\n<li>Spannung: 220-240 V.<\/li>\n<li>Frequenz: 50\/60 Hz.<\/li>\n<li>Leistung: 3 kW.<\/li>\n<li>Betriebsdruck: 0,04\u20130,5 MPA<\/li>\n<li>Wasserfest<\/li>\n<li>Oberfl\u00e4chenbehandlung: Neubeschichtung<\/li>\n<li>Spule: Keramikspule auf Diamantniveau<\/li>\n<li>Heizrohr: Heizelement mit hochreinem Kupferfutter<\/li>\n<li>Hauptmaterial: Umweltfreundliches raffiniertes Kupfer der Stufe H59A + technischer ABS-Kunststoff<\/li>\n<li>Der Ger\u00e4teanschluss befindet sich seitlich.<\/li>\n<li>F\u00fcr den Heimgebrauch (im Innenbereich).<\/li>\n<li>Garantie \u2013 12 Monate.<\/li>\n<\/ul>","protected":false},"excerpt":{"rendered":"<ul>\n<li>ARTIKEL-NR. ZJ112614<\/li>\n<li>Spannung: 220-240 V.<\/li>\n<li>Frequenz: 50\/60 Hz.<\/li>\n<li>Leistung: 3 kW.<\/li>\n<li>F\u00fcr den Heimgebrauch (im Innenbereich).<\/li>\n<li>Garantie \u2013 12 Monate.<\/li>\n<\/ul>","protected":false},"featured_media":13010,"template":"","meta":{"_kad_post_transparent":"","_kad_post_title":"","_kad_post_layout":"","_kad_post_sidebar_id":"","_kad_post_content_style":"","_kad_post_vertical_padding":"","_kad_post_feature":"","_kad_post_feature_position":"","_kad_post_header":false,"_kad_post_footer":false,"_kad_post_classname":""},"product_brand":[],"product_cat":[1539],"product_tag":[],"class_list":{"0":"post-13009","1":"product","2":"type-product","3":"status-publish","4":"has-post-thumbnail","6":"product_cat-kitchen-equipment","8":"first","9":"instock","10":"shipping-taxable","11":"product-type-simple","12":"entry","13":"content-bg","14":"loop-entry"},"yoast_head":"<!-- This site is optimized with the Yoast SEO plugin v27.5 - https:\/\/yoast.com\/product\/yoast-seo-wordpress\/ -->\n<title>Electric water heater with LCD screen - Import Wholesale Directly From Manufacturer<\/title>\n<meta name=\"description\" content=\"Import Electric water heater with LCD screen from China Manufacturer, Good Product and Good Price, Contact TonySourcing for Catalog today.\" \/>\n<meta name=\"robots\" content=\"index, follow, max-snippet:-1, max-image-preview:large, max-video-preview:-1\" \/>\n<link rel=\"canonical\" href=\"https:\/\/tonysourcing.com\/de\/groshandel\/elektrischer-warmwasserbereiter-mit-lcd-bildschirm\/\" \/>\n<meta property=\"og:locale\" content=\"de_DE\" \/>\n<meta property=\"og:type\" content=\"article\" \/>\n<meta property=\"og:title\" content=\"Electric water heater with LCD screen - Import Wholesale Directly From Manufacturer\" \/>\n<meta property=\"og:description\" content=\"Import Electric water heater with LCD screen from China Manufacturer, Good Product and Good Price, Contact TonySourcing for Catalog today.\" \/>\n<meta property=\"og:url\" content=\"https:\/\/tonysourcing.com\/de\/groshandel\/elektrischer-warmwasserbereiter-mit-lcd-bildschirm\/\" \/>\n<meta property=\"og:site_name\" content=\"TonySourcing\" \/>\n<meta property=\"article:publisher\" content=\"https:\/\/www.facebook.com\/TonySourcing\" \/>\n<meta property=\"og:image\" content=\"https:\/\/tonysourcing.com\/wp-content\/uploads\/2021\/11\/elektrinis-vandens-sildytuvas-su-lcd-ekranu.png\" \/>\n\t<meta property=\"og:image:width\" content=\"800\" \/>\n\t<meta property=\"og:image:height\" content=\"800\" \/>\n\t<meta property=\"og:image:type\" content=\"image\/png\" \/>\n<meta name=\"twitter:card\" content=\"summary_large_image\" \/>\n<meta name=\"twitter:site\" content=\"@TonySourcing\" \/>\n<meta name=\"twitter:label1\" content=\"Gesch\u00e4tzte Lesezeit\" \/>\n\t<meta name=\"twitter:data1\" content=\"1\u00a0Minute\" \/>\n<script type=\"application\/ld+json\" class=\"yoast-schema-graph\">{\"@context\":\"https:\\\/\\\/schema.org\",\"@graph\":[{\"@type\":\"WebPage\",\"@id\":\"https:\\\/\\\/tonysourcing.com\\\/wholesale\\\/electric-water-heater-with-lcd-screen\\\/\",\"url\":\"https:\\\/\\\/tonysourcing.com\\\/wholesale\\\/electric-water-heater-with-lcd-screen\\\/\",\"name\":\"Electric water heater with LCD screen - Import Wholesale Directly From Manufacturer\",\"isPartOf\":{\"@id\":\"https:\\\/\\\/tonysourcing.com\\\/#website\"},\"primaryImageOfPage\":{\"@id\":\"https:\\\/\\\/tonysourcing.com\\\/wholesale\\\/electric-water-heater-with-lcd-screen\\\/#primaryimage\"},\"image\":{\"@id\":\"https:\\\/\\\/tonysourcing.com\\\/wholesale\\\/electric-water-heater-with-lcd-screen\\\/#primaryimage\"},\"thumbnailUrl\":\"https:\\\/\\\/tonysourcing.com\\\/wp-content\\\/uploads\\\/2021\\\/11\\\/elektrinis-vandens-sildytuvas-su-lcd-ekranu.png\",\"datePublished\":\"2021-11-29T03:25:51+00:00\",\"description\":\"Import Electric water heater with LCD screen from China Manufacturer, Good Product and Good Price, Contact TonySourcing for Catalog today.\",\"breadcrumb\":{\"@id\":\"https:\\\/\\\/tonysourcing.com\\\/wholesale\\\/electric-water-heater-with-lcd-screen\\\/#breadcrumb\"},\"inLanguage\":\"de\",\"potentialAction\":[{\"@type\":\"ReadAction\",\"target\":[\"https:\\\/\\\/tonysourcing.com\\\/wholesale\\\/electric-water-heater-with-lcd-screen\\\/\"]}]},{\"@type\":\"ImageObject\",\"inLanguage\":\"de\",\"@id\":\"https:\\\/\\\/tonysourcing.com\\\/wholesale\\\/electric-water-heater-with-lcd-screen\\\/#primaryimage\",\"url\":\"https:\\\/\\\/tonysourcing.com\\\/wp-content\\\/uploads\\\/2021\\\/11\\\/elektrinis-vandens-sildytuvas-su-lcd-ekranu.png\",\"contentUrl\":\"https:\\\/\\\/tonysourcing.com\\\/wp-content\\\/uploads\\\/2021\\\/11\\\/elektrinis-vandens-sildytuvas-su-lcd-ekranu.png\",\"width\":800,\"height\":800,\"caption\":\"elektrinis-vandens-sildytuvas-su-lcd-ekranu\"},{\"@type\":\"BreadcrumbList\",\"@id\":\"https:\\\/\\\/tonysourcing.com\\\/wholesale\\\/electric-water-heater-with-lcd-screen\\\/#breadcrumb\",\"itemListElement\":[{\"@type\":\"ListItem\",\"position\":1,\"name\":\"Home\",\"item\":\"https:\\\/\\\/tonysourcing.com\\\/\"},{\"@type\":\"ListItem\",\"position\":2,\"name\":\"Wholesale\",\"item\":\"https:\\\/\\\/tonysourcing.com\\\/wholesale\\\/\"},{\"@type\":\"ListItem\",\"position\":3,\"name\":\"Electric water heater with LCD screen\"}]},{\"@type\":\"WebSite\",\"@id\":\"https:\\\/\\\/tonysourcing.com\\\/#website\",\"url\":\"https:\\\/\\\/tonysourcing.com\\\/\",\"name\":\"TonySourcing\",\"description\":\"Toys Wholesale Distributor &amp; China Promition Items\",\"publisher\":{\"@id\":\"https:\\\/\\\/tonysourcing.com\\\/#organization\"},\"potentialAction\":[{\"@type\":\"SearchAction\",\"target\":{\"@type\":\"EntryPoint\",\"urlTemplate\":\"https:\\\/\\\/tonysourcing.com\\\/?s={search_term_string}\"},\"query-input\":{\"@type\":\"PropertyValueSpecification\",\"valueRequired\":true,\"valueName\":\"search_term_string\"}}],\"inLanguage\":\"de\"},{\"@type\":\"Organization\",\"@id\":\"https:\\\/\\\/tonysourcing.com\\\/#organization\",\"name\":\"Yiwu Zongge\",\"url\":\"https:\\\/\\\/tonysourcing.com\\\/\",\"logo\":{\"@type\":\"ImageObject\",\"inLanguage\":\"de\",\"@id\":\"https:\\\/\\\/tonysourcing.com\\\/#\\\/schema\\\/logo\\\/image\\\/\",\"url\":\"https:\\\/\\\/tonysourcing.com\\\/wp-content\\\/uploads\\\/2021\\\/07\\\/cropped-TonySourcing-logo-1.png\",\"contentUrl\":\"https:\\\/\\\/tonysourcing.com\\\/wp-content\\\/uploads\\\/2021\\\/07\\\/cropped-TonySourcing-logo-1.png\",\"width\":300,\"height\":92,\"caption\":\"Yiwu Zongge\"},\"image\":{\"@id\":\"https:\\\/\\\/tonysourcing.com\\\/#\\\/schema\\\/logo\\\/image\\\/\"},\"sameAs\":[\"https:\\\/\\\/www.facebook.com\\\/TonySourcing\",\"https:\\\/\\\/x.com\\\/TonySourcing\",\"https:\\\/\\\/www.instagram.com\\\/tony_sourcing\\\/\",\"http:\\\/\\\/www.linkedin.com\\\/in\\\/tonychen88\",\"https:\\\/\\\/www.youtube.com\\\/channel\\\/UCZfST1M-NDoqjQ3dB-Tzszg\"]}]}<\/script>\n<!-- \/ Yoast SEO plugin. -->","yoast_head_json":{"title":"Elektrischer Warmwasserbereiter mit LCD-Bildschirm \u2013 Importgro\u00dfhandel direkt vom Hersteller","description":"Importieren Sie einen elektrischen Warmwasserbereiter mit LCD-Bildschirm von einem chinesischen Hersteller. Gutes Produkt und guter Preis. Kontaktieren Sie TonySourcing noch heute f\u00fcr den Katalog.","robots":{"index":"index","follow":"follow","max-snippet":"max-snippet:-1","max-image-preview":"max-image-preview:large","max-video-preview":"max-video-preview:-1"},"canonical":"https:\/\/tonysourcing.com\/de\/groshandel\/elektrischer-warmwasserbereiter-mit-lcd-bildschirm\/","og_locale":"de_DE","og_type":"article","og_title":"Electric water heater with LCD screen - Import Wholesale Directly From Manufacturer","og_description":"Import Electric water heater with LCD screen from China Manufacturer, Good Product and Good Price, Contact TonySourcing for Catalog today.","og_url":"https:\/\/tonysourcing.com\/de\/groshandel\/elektrischer-warmwasserbereiter-mit-lcd-bildschirm\/","og_site_name":"TonySourcing","article_publisher":"https:\/\/www.facebook.com\/TonySourcing","og_image":[{"width":800,"height":800,"url":"https:\/\/tonysourcing.com\/wp-content\/uploads\/2021\/11\/elektrinis-vandens-sildytuvas-su-lcd-ekranu.png","type":"image\/png"}],"twitter_card":"summary_large_image","twitter_site":"@TonySourcing","twitter_misc":{"Gesch\u00e4tzte Lesezeit":"1\u00a0Minute"},"schema":{"@context":"https:\/\/schema.org","@graph":[{"@type":"WebPage","@id":"https:\/\/tonysourcing.com\/wholesale\/electric-water-heater-with-lcd-screen\/","url":"https:\/\/tonysourcing.com\/wholesale\/electric-water-heater-with-lcd-screen\/","name":"Elektrischer Warmwasserbereiter mit LCD-Bildschirm \u2013 Importgro\u00dfhandel direkt vom Hersteller","isPartOf":{"@id":"https:\/\/tonysourcing.com\/#website"},"primaryImageOfPage":{"@id":"https:\/\/tonysourcing.com\/wholesale\/electric-water-heater-with-lcd-screen\/#primaryimage"},"image":{"@id":"https:\/\/tonysourcing.com\/wholesale\/electric-water-heater-with-lcd-screen\/#primaryimage"},"thumbnailUrl":"https:\/\/tonysourcing.com\/wp-content\/uploads\/2021\/11\/elektrinis-vandens-sildytuvas-su-lcd-ekranu.png","datePublished":"2021-11-29T03:25:51+00:00","description":"Importieren Sie einen elektrischen Warmwasserbereiter mit LCD-Bildschirm von einem chinesischen Hersteller. Gutes Produkt und guter Preis. Kontaktieren Sie TonySourcing noch heute f\u00fcr den Katalog.","breadcrumb":{"@id":"https:\/\/tonysourcing.com\/wholesale\/electric-water-heater-with-lcd-screen\/#breadcrumb"},"inLanguage":"de","potentialAction":[{"@type":"ReadAction","target":["https:\/\/tonysourcing.com\/wholesale\/electric-water-heater-with-lcd-screen\/"]}]},{"@type":"ImageObject","inLanguage":"de","@id":"https:\/\/tonysourcing.com\/wholesale\/electric-water-heater-with-lcd-screen\/#primaryimage","url":"https:\/\/tonysourcing.com\/wp-content\/uploads\/2021\/11\/elektrinis-vandens-sildytuvas-su-lcd-ekranu.png","contentUrl":"https:\/\/tonysourcing.com\/wp-content\/uploads\/2021\/11\/elektrinis-vandens-sildytuvas-su-lcd-ekranu.png","width":800,"height":800,"caption":"elektrinis-vandens-sildytuvas-su-lcd-ekranu"},{"@type":"BreadcrumbList","@id":"https:\/\/tonysourcing.com\/wholesale\/electric-water-heater-with-lcd-screen\/#breadcrumb","itemListElement":[{"@type":"ListItem","position":1,"name":"Home","item":"https:\/\/tonysourcing.com\/"},{"@type":"ListItem","position":2,"name":"Wholesale","item":"https:\/\/tonysourcing.com\/wholesale\/"},{"@type":"ListItem","position":3,"name":"Electric water heater with LCD screen"}]},{"@type":"WebSite","@id":"https:\/\/tonysourcing.com\/#website","url":"https:\/\/tonysourcing.com\/","name":"TonySourcing","description":"Spielzeuggro\u00dfh\u00e4ndler und Werbeartikel aus China","publisher":{"@id":"https:\/\/tonysourcing.com\/#organization"},"potentialAction":[{"@type":"SearchAction","target":{"@type":"EntryPoint","urlTemplate":"https:\/\/tonysourcing.com\/?s={search_term_string}"},"query-input":{"@type":"PropertyValueSpecification","valueRequired":true,"valueName":"search_term_string"}}],"inLanguage":"de"},{"@type":"Organization","@id":"https:\/\/tonysourcing.com\/#organization","name":"Yiwu Zongge","url":"https:\/\/tonysourcing.com\/","logo":{"@type":"ImageObject","inLanguage":"de","@id":"https:\/\/tonysourcing.com\/#\/schema\/logo\/image\/","url":"https:\/\/tonysourcing.com\/wp-content\/uploads\/2021\/07\/cropped-TonySourcing-logo-1.png","contentUrl":"https:\/\/tonysourcing.com\/wp-content\/uploads\/2021\/07\/cropped-TonySourcing-logo-1.png","width":300,"height":92,"caption":"Yiwu Zongge"},"image":{"@id":"https:\/\/tonysourcing.com\/#\/schema\/logo\/image\/"},"sameAs":["https:\/\/www.facebook.com\/TonySourcing","https:\/\/x.com\/TonySourcing","https:\/\/www.instagram.com\/tony_sourcing\/","http:\/\/www.linkedin.com\/in\/tonychen88","https:\/\/www.youtube.com\/channel\/UCZfST1M-NDoqjQ3dB-Tzszg"]}]}},"_links":{"self":[{"href":"https:\/\/tonysourcing.com\/de\/wp-json\/wp\/v2\/product\/13009","targetHints":{"allow":["GET"]}}],"collection":[{"href":"https:\/\/tonysourcing.com\/de\/wp-json\/wp\/v2\/product"}],"about":[{"href":"https:\/\/tonysourcing.com\/de\/wp-json\/wp\/v2\/types\/product"}],"version-history":[{"count":1,"href":"https:\/\/tonysourcing.com\/de\/wp-json\/wp\/v2\/product\/13009\/revisions"}],"predecessor-version":[{"id":13014,"href":"https:\/\/tonysourcing.com\/de\/wp-json\/wp\/v2\/product\/13009\/revisions\/13014"}],"wp:featuredmedia":[{"embeddable":true,"href":"https:\/\/tonysourcing.com\/de\/wp-json\/wp\/v2\/media\/13010"}],"wp:attachment":[{"href":"https:\/\/tonysourcing.com\/de\/wp-json\/wp\/v2\/media?parent=13009"}],"wp:term":[{"taxonomy":"product_brand","embeddable":true,"href":"https:\/\/tonysourcing.com\/de\/wp-json\/wp\/v2\/product_brand?post=13009"},{"taxonomy":"product_cat","embeddable":true,"href":"https:\/\/tonysourcing.com\/de\/wp-json\/wp\/v2\/product_cat?post=13009"},{"taxonomy":"product_tag","embeddable":true,"href":"https:\/\/tonysourcing.com\/de\/wp-json\/wp\/v2\/product_tag?post=13009"}],"curies":[{"name":"wp","href":"https:\/\/api.w.org\/{rel}","templated":true}]}}