{"id":13127,"date":"2021-11-29T07:26:56","date_gmt":"2021-11-29T07:26:56","guid":{"rendered":"https:\/\/tonysourcing.com\/?post_type=product&#038;p=13127"},"modified":"2021-11-29T07:26:57","modified_gmt":"2021-11-29T07:26:57","slug":"popcorn-making-machine","status":"publish","type":"product","link":"https:\/\/tonysourcing.com\/de\/wholesale\/popcorn-making-machine\/","title":{"rendered":"Popcornmaschine"},"content":{"rendered":"<p>Do you like to make movie nights at home?<\/p>\n<p>We have a great offer for you! This popcorn maker will surprise not only you but your friends as well. You will be able to enjoy the most delicious popcorn you have ever tasted.<\/p>\n<p><strong>\u00dcber diesen Artikel:<\/strong><\/p>\n<ul>\n<li>gesunder Snack: Das Ger\u00e4t verwendet Hei\u00dfluft anstelle von \u00d6l, um die K\u00f6rner aufzublasen und so einen Snack ohne \u00d6l und ohne schlechtes Gewissen zuzubereiten;<\/li>\n<li>Das einzigartige Design der Prallkammer erzeugt einen rotierenden Luftstrom, der zu weniger unverbrannten Kernen f\u00fchrt.<\/li>\n<li>komfortable Tischplattengr\u00f6\u00dfe.<\/li>\n<\/ul>\n<p><strong>Abmessungen:<\/strong><\/p>\n<ul>\n<li>17 x 38 x 22,5 cm<\/li>\n<\/ul>","protected":false},"excerpt":{"rendered":"<p>ARTIKEL-NR. ZJ112624<\/p>\n<p><strong>\u00dcber diesen Artikel:<\/strong><\/p>\n<ul>\n<li>gesunder Snack: Das Ger\u00e4t verwendet Hei\u00dfluft anstelle von \u00d6l, um die K\u00f6rner aufzublasen und so einen Snack ohne \u00d6l und ohne schlechtes Gewissen zuzubereiten;<\/li>\n<li>Das einzigartige Design der Prallkammer erzeugt einen rotierenden Luftstrom, der zu weniger unverbrannten Kernen f\u00fchrt.<\/li>\n<li>komfortable Tischplattengr\u00f6\u00dfe.<\/li>\n<\/ul>\n<p><strong>Abmessungen:<\/strong><\/p>\n<ul>\n<li>17 x 38 x 22,5 cm<\/li>\n<\/ul>","protected":false},"featured_media":13129,"template":"","meta":{"_kad_post_transparent":"","_kad_post_title":"","_kad_post_layout":"","_kad_post_sidebar_id":"","_kad_post_content_style":"","_kad_post_vertical_padding":"","_kad_post_feature":"","_kad_post_feature_position":"","_kad_post_header":false,"_kad_post_footer":false,"_kad_post_classname":""},"product_brand":[],"product_cat":[1539],"product_tag":[],"class_list":{"0":"post-13127","1":"product","2":"type-product","3":"status-publish","4":"has-post-thumbnail","6":"product_cat-kitchen-equipment","8":"first","9":"instock","10":"shipping-taxable","11":"product-type-simple","12":"entry","13":"content-bg","14":"loop-entry"},"yoast_head":"<!-- This site is optimized with the Yoast SEO plugin v27.5 - https:\/\/yoast.com\/product\/yoast-seo-wordpress\/ -->\n<title>Popcorn making machine - Import Wholesale Directly From Manufacturer<\/title>\n<meta name=\"description\" content=\"Import Popcorn making machine from China Manufacturer, Good Product and Good Price, Contact TonySourcing for Catalog today.\" \/>\n<meta name=\"robots\" content=\"index, follow, max-snippet:-1, max-image-preview:large, max-video-preview:-1\" \/>\n<link rel=\"canonical\" href=\"https:\/\/tonysourcing.com\/de\/groshandel\/popcorn-making-machine\/\" \/>\n<meta property=\"og:locale\" content=\"de_DE\" \/>\n<meta property=\"og:type\" content=\"article\" \/>\n<meta property=\"og:title\" content=\"Popcorn making machine - Import Wholesale Directly From Manufacturer\" \/>\n<meta property=\"og:description\" content=\"Import Popcorn making machine from China Manufacturer, Good Product and Good Price, Contact TonySourcing for Catalog today.\" \/>\n<meta property=\"og:url\" content=\"https:\/\/tonysourcing.com\/de\/groshandel\/popcorn-making-machine\/\" \/>\n<meta property=\"og:site_name\" content=\"TonySourcing\" \/>\n<meta property=\"article:publisher\" content=\"https:\/\/www.facebook.com\/TonySourcing\" \/>\n<meta property=\"article:modified_time\" content=\"2021-11-29T07:26:57+00:00\" \/>\n<meta property=\"og:image\" content=\"https:\/\/tonysourcing.com\/wp-content\/uploads\/2021\/11\/automatinis-muilo-dozatorius.jpg\" \/>\n\t<meta property=\"og:image:width\" content=\"700\" \/>\n\t<meta property=\"og:image:height\" content=\"807\" \/>\n\t<meta property=\"og:image:type\" content=\"image\/jpeg\" \/>\n<meta name=\"twitter:card\" content=\"summary_large_image\" \/>\n<meta name=\"twitter:site\" content=\"@TonySourcing\" \/>\n<script type=\"application\/ld+json\" class=\"yoast-schema-graph\">{\"@context\":\"https:\\\/\\\/schema.org\",\"@graph\":[{\"@type\":\"WebPage\",\"@id\":\"https:\\\/\\\/tonysourcing.com\\\/wholesale\\\/popcorn-making-machine\\\/\",\"url\":\"https:\\\/\\\/tonysourcing.com\\\/wholesale\\\/popcorn-making-machine\\\/\",\"name\":\"Popcorn making machine - Import Wholesale Directly From Manufacturer\",\"isPartOf\":{\"@id\":\"https:\\\/\\\/tonysourcing.com\\\/#website\"},\"primaryImageOfPage\":{\"@id\":\"https:\\\/\\\/tonysourcing.com\\\/wholesale\\\/popcorn-making-machine\\\/#primaryimage\"},\"image\":{\"@id\":\"https:\\\/\\\/tonysourcing.com\\\/wholesale\\\/popcorn-making-machine\\\/#primaryimage\"},\"thumbnailUrl\":\"https:\\\/\\\/tonysourcing.com\\\/wp-content\\\/uploads\\\/2021\\\/11\\\/automatinis-muilo-dozatorius.jpg\",\"datePublished\":\"2021-11-29T07:26:56+00:00\",\"dateModified\":\"2021-11-29T07:26:57+00:00\",\"description\":\"Import Popcorn making machine from China Manufacturer, Good Product and Good Price, Contact TonySourcing for Catalog today.\",\"breadcrumb\":{\"@id\":\"https:\\\/\\\/tonysourcing.com\\\/wholesale\\\/popcorn-making-machine\\\/#breadcrumb\"},\"inLanguage\":\"de\",\"potentialAction\":[{\"@type\":\"ReadAction\",\"target\":[\"https:\\\/\\\/tonysourcing.com\\\/wholesale\\\/popcorn-making-machine\\\/\"]}]},{\"@type\":\"ImageObject\",\"inLanguage\":\"de\",\"@id\":\"https:\\\/\\\/tonysourcing.com\\\/wholesale\\\/popcorn-making-machine\\\/#primaryimage\",\"url\":\"https:\\\/\\\/tonysourcing.com\\\/wp-content\\\/uploads\\\/2021\\\/11\\\/automatinis-muilo-dozatorius.jpg\",\"contentUrl\":\"https:\\\/\\\/tonysourcing.com\\\/wp-content\\\/uploads\\\/2021\\\/11\\\/automatinis-muilo-dozatorius.jpg\",\"width\":700,\"height\":807,\"caption\":\"automatinis-muilo-dozatorius\"},{\"@type\":\"BreadcrumbList\",\"@id\":\"https:\\\/\\\/tonysourcing.com\\\/wholesale\\\/popcorn-making-machine\\\/#breadcrumb\",\"itemListElement\":[{\"@type\":\"ListItem\",\"position\":1,\"name\":\"Home\",\"item\":\"https:\\\/\\\/tonysourcing.com\\\/\"},{\"@type\":\"ListItem\",\"position\":2,\"name\":\"Wholesale\",\"item\":\"https:\\\/\\\/tonysourcing.com\\\/wholesale\\\/\"},{\"@type\":\"ListItem\",\"position\":3,\"name\":\"Popcorn making machine\"}]},{\"@type\":\"WebSite\",\"@id\":\"https:\\\/\\\/tonysourcing.com\\\/#website\",\"url\":\"https:\\\/\\\/tonysourcing.com\\\/\",\"name\":\"TonySourcing\",\"description\":\"Toys Wholesale Distributor &amp; China Promition Items\",\"publisher\":{\"@id\":\"https:\\\/\\\/tonysourcing.com\\\/#organization\"},\"potentialAction\":[{\"@type\":\"SearchAction\",\"target\":{\"@type\":\"EntryPoint\",\"urlTemplate\":\"https:\\\/\\\/tonysourcing.com\\\/?s={search_term_string}\"},\"query-input\":{\"@type\":\"PropertyValueSpecification\",\"valueRequired\":true,\"valueName\":\"search_term_string\"}}],\"inLanguage\":\"de\"},{\"@type\":\"Organization\",\"@id\":\"https:\\\/\\\/tonysourcing.com\\\/#organization\",\"name\":\"Yiwu Zongge\",\"url\":\"https:\\\/\\\/tonysourcing.com\\\/\",\"logo\":{\"@type\":\"ImageObject\",\"inLanguage\":\"de\",\"@id\":\"https:\\\/\\\/tonysourcing.com\\\/#\\\/schema\\\/logo\\\/image\\\/\",\"url\":\"https:\\\/\\\/tonysourcing.com\\\/wp-content\\\/uploads\\\/2021\\\/07\\\/cropped-TonySourcing-logo-1.png\",\"contentUrl\":\"https:\\\/\\\/tonysourcing.com\\\/wp-content\\\/uploads\\\/2021\\\/07\\\/cropped-TonySourcing-logo-1.png\",\"width\":300,\"height\":92,\"caption\":\"Yiwu Zongge\"},\"image\":{\"@id\":\"https:\\\/\\\/tonysourcing.com\\\/#\\\/schema\\\/logo\\\/image\\\/\"},\"sameAs\":[\"https:\\\/\\\/www.facebook.com\\\/TonySourcing\",\"https:\\\/\\\/x.com\\\/TonySourcing\",\"https:\\\/\\\/www.instagram.com\\\/tony_sourcing\\\/\",\"http:\\\/\\\/www.linkedin.com\\\/in\\\/tonychen88\",\"https:\\\/\\\/www.youtube.com\\\/channel\\\/UCZfST1M-NDoqjQ3dB-Tzszg\"]}]}<\/script>\n<!-- \/ Yoast SEO plugin. -->","yoast_head_json":{"title":"Popcorn making machine - Import Wholesale Directly From Manufacturer","description":"Import Popcorn making machine from China Manufacturer, Good Product and Good Price, Contact TonySourcing for Catalog today.","robots":{"index":"index","follow":"follow","max-snippet":"max-snippet:-1","max-image-preview":"max-image-preview:large","max-video-preview":"max-video-preview:-1"},"canonical":"https:\/\/tonysourcing.com\/de\/groshandel\/popcorn-making-machine\/","og_locale":"de_DE","og_type":"article","og_title":"Popcorn making machine - Import Wholesale Directly From Manufacturer","og_description":"Import Popcorn making machine from China Manufacturer, Good Product and Good Price, Contact TonySourcing for Catalog today.","og_url":"https:\/\/tonysourcing.com\/de\/groshandel\/popcorn-making-machine\/","og_site_name":"TonySourcing","article_publisher":"https:\/\/www.facebook.com\/TonySourcing","article_modified_time":"2021-11-29T07:26:57+00:00","og_image":[{"width":700,"height":807,"url":"https:\/\/tonysourcing.com\/wp-content\/uploads\/2021\/11\/automatinis-muilo-dozatorius.jpg","type":"image\/jpeg"}],"twitter_card":"summary_large_image","twitter_site":"@TonySourcing","schema":{"@context":"https:\/\/schema.org","@graph":[{"@type":"WebPage","@id":"https:\/\/tonysourcing.com\/wholesale\/popcorn-making-machine\/","url":"https:\/\/tonysourcing.com\/wholesale\/popcorn-making-machine\/","name":"Popcorn making machine - Import Wholesale Directly From Manufacturer","isPartOf":{"@id":"https:\/\/tonysourcing.com\/#website"},"primaryImageOfPage":{"@id":"https:\/\/tonysourcing.com\/wholesale\/popcorn-making-machine\/#primaryimage"},"image":{"@id":"https:\/\/tonysourcing.com\/wholesale\/popcorn-making-machine\/#primaryimage"},"thumbnailUrl":"https:\/\/tonysourcing.com\/wp-content\/uploads\/2021\/11\/automatinis-muilo-dozatorius.jpg","datePublished":"2021-11-29T07:26:56+00:00","dateModified":"2021-11-29T07:26:57+00:00","description":"Import Popcorn making machine from China Manufacturer, Good Product and Good Price, Contact TonySourcing for Catalog today.","breadcrumb":{"@id":"https:\/\/tonysourcing.com\/wholesale\/popcorn-making-machine\/#breadcrumb"},"inLanguage":"de","potentialAction":[{"@type":"ReadAction","target":["https:\/\/tonysourcing.com\/wholesale\/popcorn-making-machine\/"]}]},{"@type":"ImageObject","inLanguage":"de","@id":"https:\/\/tonysourcing.com\/wholesale\/popcorn-making-machine\/#primaryimage","url":"https:\/\/tonysourcing.com\/wp-content\/uploads\/2021\/11\/automatinis-muilo-dozatorius.jpg","contentUrl":"https:\/\/tonysourcing.com\/wp-content\/uploads\/2021\/11\/automatinis-muilo-dozatorius.jpg","width":700,"height":807,"caption":"automatinis-muilo-dozatorius"},{"@type":"BreadcrumbList","@id":"https:\/\/tonysourcing.com\/wholesale\/popcorn-making-machine\/#breadcrumb","itemListElement":[{"@type":"ListItem","position":1,"name":"Home","item":"https:\/\/tonysourcing.com\/"},{"@type":"ListItem","position":2,"name":"Wholesale","item":"https:\/\/tonysourcing.com\/wholesale\/"},{"@type":"ListItem","position":3,"name":"Popcorn making machine"}]},{"@type":"WebSite","@id":"https:\/\/tonysourcing.com\/#website","url":"https:\/\/tonysourcing.com\/","name":"TonySourcing","description":"Spielzeuggro\u00dfh\u00e4ndler und Werbeartikel aus China","publisher":{"@id":"https:\/\/tonysourcing.com\/#organization"},"potentialAction":[{"@type":"SearchAction","target":{"@type":"EntryPoint","urlTemplate":"https:\/\/tonysourcing.com\/?s={search_term_string}"},"query-input":{"@type":"PropertyValueSpecification","valueRequired":true,"valueName":"search_term_string"}}],"inLanguage":"de"},{"@type":"Organization","@id":"https:\/\/tonysourcing.com\/#organization","name":"Yiwu Zongge","url":"https:\/\/tonysourcing.com\/","logo":{"@type":"ImageObject","inLanguage":"de","@id":"https:\/\/tonysourcing.com\/#\/schema\/logo\/image\/","url":"https:\/\/tonysourcing.com\/wp-content\/uploads\/2021\/07\/cropped-TonySourcing-logo-1.png","contentUrl":"https:\/\/tonysourcing.com\/wp-content\/uploads\/2021\/07\/cropped-TonySourcing-logo-1.png","width":300,"height":92,"caption":"Yiwu Zongge"},"image":{"@id":"https:\/\/tonysourcing.com\/#\/schema\/logo\/image\/"},"sameAs":["https:\/\/www.facebook.com\/TonySourcing","https:\/\/x.com\/TonySourcing","https:\/\/www.instagram.com\/tony_sourcing\/","http:\/\/www.linkedin.com\/in\/tonychen88","https:\/\/www.youtube.com\/channel\/UCZfST1M-NDoqjQ3dB-Tzszg"]}]}},"_links":{"self":[{"href":"https:\/\/tonysourcing.com\/de\/wp-json\/wp\/v2\/product\/13127","targetHints":{"allow":["GET"]}}],"collection":[{"href":"https:\/\/tonysourcing.com\/de\/wp-json\/wp\/v2\/product"}],"about":[{"href":"https:\/\/tonysourcing.com\/de\/wp-json\/wp\/v2\/types\/product"}],"version-history":[{"count":1,"href":"https:\/\/tonysourcing.com\/de\/wp-json\/wp\/v2\/product\/13127\/revisions"}],"predecessor-version":[{"id":13138,"href":"https:\/\/tonysourcing.com\/de\/wp-json\/wp\/v2\/product\/13127\/revisions\/13138"}],"wp:featuredmedia":[{"embeddable":true,"href":"https:\/\/tonysourcing.com\/de\/wp-json\/wp\/v2\/media\/13129"}],"wp:attachment":[{"href":"https:\/\/tonysourcing.com\/de\/wp-json\/wp\/v2\/media?parent=13127"}],"wp:term":[{"taxonomy":"product_brand","embeddable":true,"href":"https:\/\/tonysourcing.com\/de\/wp-json\/wp\/v2\/product_brand?post=13127"},{"taxonomy":"product_cat","embeddable":true,"href":"https:\/\/tonysourcing.com\/de\/wp-json\/wp\/v2\/product_cat?post=13127"},{"taxonomy":"product_tag","embeddable":true,"href":"https:\/\/tonysourcing.com\/de\/wp-json\/wp\/v2\/product_tag?post=13127"}],"curies":[{"name":"wp","href":"https:\/\/api.w.org\/{rel}","templated":true}]}}