{"id":13231,"date":"2021-11-30T01:39:07","date_gmt":"2021-11-30T01:39:07","guid":{"rendered":"https:\/\/tonysourcing.com\/?post_type=product&#038;p=13231"},"modified":"2021-11-30T01:39:07","modified_gmt":"2021-11-30T01:39:07","slug":"double-walled-glasses-with-lid-2pcs-450ml","status":"publish","type":"product","link":"https:\/\/tonysourcing.com\/de\/wholesale\/double-walled-glasses-with-lid-2pcs-450ml\/","title":{"rendered":"Doppelwandige Gl\u00e4ser mit Deckel (2 Stk.) 450ml."},"content":{"rendered":"<p>Present and enjoy delicious hot &amp; cold drinks in stylish borosilicate glasses &#8211; On cold autumn and winter days there is nothing better than warming your hands with a delicious cocoa or cappuccino. However, you want to enjoy the delicious cup of tea or coffee every morning without burning your fingers. That is why the double-walled mug for coffee and tea reliably protects your hands from the heat of your favorite hot beverage. At the same time, the innovative vessel prevents it from cooling down too quickly. The insulating thermo glasses are also great for cold drinks. but not just great for hot drinks. On hot summer days you can perfectly serve ice cream cafes, cocktails and iced teas with the thermo cups because they stay pleasantly cool for a long time.<br \/>\nBorosilicate glasses are noble and robust. Many cafes, restaurants, hip pubs and tea rooms offer your drinks in these particularly resistant, noble borosilicate glasses. After melting, borosilicate glass is completely recyclable and reusable.<br \/>\nEnjoy delicious coffee or tea in a stylish design &#8211; transparent cups &#8211; which keep your drinks warm for a long time.<br \/>\nCapacity &#8211;\u00a0 450 ml<\/p>\n<p>Merkmale:<br \/>\nDie Doppelw\u00e4nde halten hei\u00dfe Getr\u00e4nke viel l\u00e4nger warm;<br \/>\nDurch die Doppelw\u00e4nde wird keine W\u00e4rme nach au\u00dfen abgegeben, sodass Sie hei\u00dfen Kaffee oder Tee bedenkenlos in die Hand nehmen k\u00f6nnen \u2013 Sie verbrennen sich garantiert nicht;<br \/>\nBeim Trinken kalter Getr\u00e4nke kondensiert die Feuchtigkeit nicht an der Glasau\u00dfenseite, sodass das Glas keine Wasserspuren auf dem Tisch hinterl\u00e4sst;<br \/>\nsp\u00fclmaschinenfest;<br \/>\nKann in der Mikrowelle erhitzt werden;<br \/>\nMaterial \u2013 Borosilikatglas.<\/p>","protected":false},"excerpt":{"rendered":"<p>ARTIKEL-NR. ZJ112631<\/p>\n<p>Merkmale:<br \/>\nDie Doppelw\u00e4nde halten hei\u00dfe Getr\u00e4nke viel l\u00e4nger warm;<br \/>\nDurch die Doppelw\u00e4nde wird keine W\u00e4rme nach au\u00dfen abgegeben, sodass Sie hei\u00dfen Kaffee oder Tee bedenkenlos in die Hand nehmen k\u00f6nnen \u2013 Sie verbrennen sich garantiert nicht;<br \/>\nBeim Trinken kalter Getr\u00e4nke kondensiert die Feuchtigkeit nicht an der Glasau\u00dfenseite, sodass das Glas keine Wasserspuren auf dem Tisch hinterl\u00e4sst;<br \/>\nsp\u00fclmaschinenfest;<br \/>\nKann in der Mikrowelle erhitzt werden;<br \/>\nMaterial \u2013 Borosilikatglas.<\/p>","protected":false},"featured_media":13232,"template":"","meta":{"_kad_post_transparent":"","_kad_post_title":"","_kad_post_layout":"","_kad_post_sidebar_id":"","_kad_post_content_style":"","_kad_post_vertical_padding":"","_kad_post_feature":"","_kad_post_feature_position":"","_kad_post_header":false,"_kad_post_footer":false,"_kad_post_classname":""},"product_brand":[],"product_cat":[1544],"product_tag":[],"class_list":{"0":"post-13231","1":"product","2":"type-product","3":"status-publish","4":"has-post-thumbnail","6":"product_cat-kitchen-and-tableware","8":"first","9":"instock","10":"shipping-taxable","11":"product-type-simple","12":"entry","13":"content-bg","14":"loop-entry"},"yoast_head":"<!-- This site is optimized with the Yoast SEO plugin v27.5 - https:\/\/yoast.com\/product\/yoast-seo-wordpress\/ -->\n<title>Double-Walled glasses - Import Wholesale Directly From Manufacturer<\/title>\n<meta name=\"description\" content=\"Import Double-Walled glasses from China Manufacturer, Good Product and Good Price, Contact TonySourcing for Catalog today.\" \/>\n<meta name=\"robots\" content=\"index, follow, max-snippet:-1, max-image-preview:large, max-video-preview:-1\" \/>\n<link rel=\"canonical\" href=\"https:\/\/tonysourcing.com\/de\/groshandel\/double-walled-glasses-with-lid-2pcs-450ml\/\" \/>\n<meta property=\"og:locale\" content=\"de_DE\" \/>\n<meta property=\"og:type\" content=\"article\" \/>\n<meta property=\"og:title\" content=\"Double-Walled glasses - Import Wholesale Directly From Manufacturer\" \/>\n<meta property=\"og:description\" content=\"Import Double-Walled glasses from China Manufacturer, Good Product and Good Price, Contact TonySourcing for Catalog today.\" \/>\n<meta property=\"og:url\" content=\"https:\/\/tonysourcing.com\/de\/groshandel\/double-walled-glasses-with-lid-2pcs-450ml\/\" \/>\n<meta property=\"og:site_name\" content=\"TonySourcing\" \/>\n<meta property=\"article:publisher\" content=\"https:\/\/www.facebook.com\/TonySourcing\" \/>\n<meta property=\"og:image\" content=\"https:\/\/tonysourcing.com\/wp-content\/uploads\/2021\/11\/stikliniu-su-dvigubomis-sienelemis-rinkinys-su-dangteliais-2vnt-450ml.jpg\" \/>\n\t<meta property=\"og:image:width\" content=\"700\" \/>\n\t<meta property=\"og:image:height\" content=\"807\" \/>\n\t<meta property=\"og:image:type\" content=\"image\/jpeg\" \/>\n<meta name=\"twitter:card\" content=\"summary_large_image\" \/>\n<meta name=\"twitter:site\" content=\"@TonySourcing\" \/>\n<meta name=\"twitter:label1\" content=\"Gesch\u00e4tzte Lesezeit\" \/>\n\t<meta name=\"twitter:data1\" content=\"1\u00a0Minute\" \/>\n<script type=\"application\/ld+json\" class=\"yoast-schema-graph\">{\"@context\":\"https:\\\/\\\/schema.org\",\"@graph\":[{\"@type\":\"WebPage\",\"@id\":\"https:\\\/\\\/tonysourcing.com\\\/wholesale\\\/double-walled-glasses-with-lid-2pcs-450ml\\\/\",\"url\":\"https:\\\/\\\/tonysourcing.com\\\/wholesale\\\/double-walled-glasses-with-lid-2pcs-450ml\\\/\",\"name\":\"Double-Walled glasses - Import Wholesale Directly From Manufacturer\",\"isPartOf\":{\"@id\":\"https:\\\/\\\/tonysourcing.com\\\/#website\"},\"primaryImageOfPage\":{\"@id\":\"https:\\\/\\\/tonysourcing.com\\\/wholesale\\\/double-walled-glasses-with-lid-2pcs-450ml\\\/#primaryimage\"},\"image\":{\"@id\":\"https:\\\/\\\/tonysourcing.com\\\/wholesale\\\/double-walled-glasses-with-lid-2pcs-450ml\\\/#primaryimage\"},\"thumbnailUrl\":\"https:\\\/\\\/tonysourcing.com\\\/wp-content\\\/uploads\\\/2021\\\/11\\\/stikliniu-su-dvigubomis-sienelemis-rinkinys-su-dangteliais-2vnt-450ml.jpg\",\"datePublished\":\"2021-11-30T01:39:07+00:00\",\"description\":\"Import Double-Walled glasses from China Manufacturer, Good Product and Good Price, Contact TonySourcing for Catalog today.\",\"breadcrumb\":{\"@id\":\"https:\\\/\\\/tonysourcing.com\\\/wholesale\\\/double-walled-glasses-with-lid-2pcs-450ml\\\/#breadcrumb\"},\"inLanguage\":\"de\",\"potentialAction\":[{\"@type\":\"ReadAction\",\"target\":[\"https:\\\/\\\/tonysourcing.com\\\/wholesale\\\/double-walled-glasses-with-lid-2pcs-450ml\\\/\"]}]},{\"@type\":\"ImageObject\",\"inLanguage\":\"de\",\"@id\":\"https:\\\/\\\/tonysourcing.com\\\/wholesale\\\/double-walled-glasses-with-lid-2pcs-450ml\\\/#primaryimage\",\"url\":\"https:\\\/\\\/tonysourcing.com\\\/wp-content\\\/uploads\\\/2021\\\/11\\\/stikliniu-su-dvigubomis-sienelemis-rinkinys-su-dangteliais-2vnt-450ml.jpg\",\"contentUrl\":\"https:\\\/\\\/tonysourcing.com\\\/wp-content\\\/uploads\\\/2021\\\/11\\\/stikliniu-su-dvigubomis-sienelemis-rinkinys-su-dangteliais-2vnt-450ml.jpg\",\"width\":700,\"height\":807,\"caption\":\"stikliniu-su-dvigubomis-sienelemis-rinkinys-su-dangteliais-2vnt-450ml\"},{\"@type\":\"BreadcrumbList\",\"@id\":\"https:\\\/\\\/tonysourcing.com\\\/wholesale\\\/double-walled-glasses-with-lid-2pcs-450ml\\\/#breadcrumb\",\"itemListElement\":[{\"@type\":\"ListItem\",\"position\":1,\"name\":\"Home\",\"item\":\"https:\\\/\\\/tonysourcing.com\\\/\"},{\"@type\":\"ListItem\",\"position\":2,\"name\":\"Wholesale\",\"item\":\"https:\\\/\\\/tonysourcing.com\\\/wholesale\\\/\"},{\"@type\":\"ListItem\",\"position\":3,\"name\":\"Double-Walled glasses with lid (2pcs.) 450ml.\"}]},{\"@type\":\"WebSite\",\"@id\":\"https:\\\/\\\/tonysourcing.com\\\/#website\",\"url\":\"https:\\\/\\\/tonysourcing.com\\\/\",\"name\":\"TonySourcing\",\"description\":\"Toys Wholesale Distributor &amp; China Promition Items\",\"publisher\":{\"@id\":\"https:\\\/\\\/tonysourcing.com\\\/#organization\"},\"potentialAction\":[{\"@type\":\"SearchAction\",\"target\":{\"@type\":\"EntryPoint\",\"urlTemplate\":\"https:\\\/\\\/tonysourcing.com\\\/?s={search_term_string}\"},\"query-input\":{\"@type\":\"PropertyValueSpecification\",\"valueRequired\":true,\"valueName\":\"search_term_string\"}}],\"inLanguage\":\"de\"},{\"@type\":\"Organization\",\"@id\":\"https:\\\/\\\/tonysourcing.com\\\/#organization\",\"name\":\"Yiwu Zongge\",\"url\":\"https:\\\/\\\/tonysourcing.com\\\/\",\"logo\":{\"@type\":\"ImageObject\",\"inLanguage\":\"de\",\"@id\":\"https:\\\/\\\/tonysourcing.com\\\/#\\\/schema\\\/logo\\\/image\\\/\",\"url\":\"https:\\\/\\\/tonysourcing.com\\\/wp-content\\\/uploads\\\/2021\\\/07\\\/cropped-TonySourcing-logo-1.png\",\"contentUrl\":\"https:\\\/\\\/tonysourcing.com\\\/wp-content\\\/uploads\\\/2021\\\/07\\\/cropped-TonySourcing-logo-1.png\",\"width\":300,\"height\":92,\"caption\":\"Yiwu Zongge\"},\"image\":{\"@id\":\"https:\\\/\\\/tonysourcing.com\\\/#\\\/schema\\\/logo\\\/image\\\/\"},\"sameAs\":[\"https:\\\/\\\/www.facebook.com\\\/TonySourcing\",\"https:\\\/\\\/x.com\\\/TonySourcing\",\"https:\\\/\\\/www.instagram.com\\\/tony_sourcing\\\/\",\"http:\\\/\\\/www.linkedin.com\\\/in\\\/tonychen88\",\"https:\\\/\\\/www.youtube.com\\\/channel\\\/UCZfST1M-NDoqjQ3dB-Tzszg\"]}]}<\/script>\n<!-- \/ Yoast SEO plugin. -->","yoast_head_json":{"title":"Double-Walled glasses - Import Wholesale Directly From Manufacturer","description":"Import Double-Walled glasses from China Manufacturer, Good Product and Good Price, Contact TonySourcing for Catalog today.","robots":{"index":"index","follow":"follow","max-snippet":"max-snippet:-1","max-image-preview":"max-image-preview:large","max-video-preview":"max-video-preview:-1"},"canonical":"https:\/\/tonysourcing.com\/de\/groshandel\/double-walled-glasses-with-lid-2pcs-450ml\/","og_locale":"de_DE","og_type":"article","og_title":"Double-Walled glasses - Import Wholesale Directly From Manufacturer","og_description":"Import Double-Walled glasses from China Manufacturer, Good Product and Good Price, Contact TonySourcing for Catalog today.","og_url":"https:\/\/tonysourcing.com\/de\/groshandel\/double-walled-glasses-with-lid-2pcs-450ml\/","og_site_name":"TonySourcing","article_publisher":"https:\/\/www.facebook.com\/TonySourcing","og_image":[{"width":700,"height":807,"url":"https:\/\/tonysourcing.com\/wp-content\/uploads\/2021\/11\/stikliniu-su-dvigubomis-sienelemis-rinkinys-su-dangteliais-2vnt-450ml.jpg","type":"image\/jpeg"}],"twitter_card":"summary_large_image","twitter_site":"@TonySourcing","twitter_misc":{"Gesch\u00e4tzte Lesezeit":"1\u00a0Minute"},"schema":{"@context":"https:\/\/schema.org","@graph":[{"@type":"WebPage","@id":"https:\/\/tonysourcing.com\/wholesale\/double-walled-glasses-with-lid-2pcs-450ml\/","url":"https:\/\/tonysourcing.com\/wholesale\/double-walled-glasses-with-lid-2pcs-450ml\/","name":"Double-Walled glasses - Import Wholesale Directly From Manufacturer","isPartOf":{"@id":"https:\/\/tonysourcing.com\/#website"},"primaryImageOfPage":{"@id":"https:\/\/tonysourcing.com\/wholesale\/double-walled-glasses-with-lid-2pcs-450ml\/#primaryimage"},"image":{"@id":"https:\/\/tonysourcing.com\/wholesale\/double-walled-glasses-with-lid-2pcs-450ml\/#primaryimage"},"thumbnailUrl":"https:\/\/tonysourcing.com\/wp-content\/uploads\/2021\/11\/stikliniu-su-dvigubomis-sienelemis-rinkinys-su-dangteliais-2vnt-450ml.jpg","datePublished":"2021-11-30T01:39:07+00:00","description":"Import Double-Walled glasses from China Manufacturer, Good Product and Good Price, Contact TonySourcing for Catalog today.","breadcrumb":{"@id":"https:\/\/tonysourcing.com\/wholesale\/double-walled-glasses-with-lid-2pcs-450ml\/#breadcrumb"},"inLanguage":"de","potentialAction":[{"@type":"ReadAction","target":["https:\/\/tonysourcing.com\/wholesale\/double-walled-glasses-with-lid-2pcs-450ml\/"]}]},{"@type":"ImageObject","inLanguage":"de","@id":"https:\/\/tonysourcing.com\/wholesale\/double-walled-glasses-with-lid-2pcs-450ml\/#primaryimage","url":"https:\/\/tonysourcing.com\/wp-content\/uploads\/2021\/11\/stikliniu-su-dvigubomis-sienelemis-rinkinys-su-dangteliais-2vnt-450ml.jpg","contentUrl":"https:\/\/tonysourcing.com\/wp-content\/uploads\/2021\/11\/stikliniu-su-dvigubomis-sienelemis-rinkinys-su-dangteliais-2vnt-450ml.jpg","width":700,"height":807,"caption":"stikliniu-su-dvigubomis-sienelemis-rinkinys-su-dangteliais-2vnt-450ml"},{"@type":"BreadcrumbList","@id":"https:\/\/tonysourcing.com\/wholesale\/double-walled-glasses-with-lid-2pcs-450ml\/#breadcrumb","itemListElement":[{"@type":"ListItem","position":1,"name":"Home","item":"https:\/\/tonysourcing.com\/"},{"@type":"ListItem","position":2,"name":"Wholesale","item":"https:\/\/tonysourcing.com\/wholesale\/"},{"@type":"ListItem","position":3,"name":"Double-Walled glasses with lid (2pcs.) 450ml."}]},{"@type":"WebSite","@id":"https:\/\/tonysourcing.com\/#website","url":"https:\/\/tonysourcing.com\/","name":"TonySourcing","description":"Spielzeuggro\u00dfh\u00e4ndler und Werbeartikel aus China","publisher":{"@id":"https:\/\/tonysourcing.com\/#organization"},"potentialAction":[{"@type":"SearchAction","target":{"@type":"EntryPoint","urlTemplate":"https:\/\/tonysourcing.com\/?s={search_term_string}"},"query-input":{"@type":"PropertyValueSpecification","valueRequired":true,"valueName":"search_term_string"}}],"inLanguage":"de"},{"@type":"Organization","@id":"https:\/\/tonysourcing.com\/#organization","name":"Yiwu Zongge","url":"https:\/\/tonysourcing.com\/","logo":{"@type":"ImageObject","inLanguage":"de","@id":"https:\/\/tonysourcing.com\/#\/schema\/logo\/image\/","url":"https:\/\/tonysourcing.com\/wp-content\/uploads\/2021\/07\/cropped-TonySourcing-logo-1.png","contentUrl":"https:\/\/tonysourcing.com\/wp-content\/uploads\/2021\/07\/cropped-TonySourcing-logo-1.png","width":300,"height":92,"caption":"Yiwu Zongge"},"image":{"@id":"https:\/\/tonysourcing.com\/#\/schema\/logo\/image\/"},"sameAs":["https:\/\/www.facebook.com\/TonySourcing","https:\/\/x.com\/TonySourcing","https:\/\/www.instagram.com\/tony_sourcing\/","http:\/\/www.linkedin.com\/in\/tonychen88","https:\/\/www.youtube.com\/channel\/UCZfST1M-NDoqjQ3dB-Tzszg"]}]}},"_links":{"self":[{"href":"https:\/\/tonysourcing.com\/de\/wp-json\/wp\/v2\/product\/13231","targetHints":{"allow":["GET"]}}],"collection":[{"href":"https:\/\/tonysourcing.com\/de\/wp-json\/wp\/v2\/product"}],"about":[{"href":"https:\/\/tonysourcing.com\/de\/wp-json\/wp\/v2\/types\/product"}],"version-history":[{"count":1,"href":"https:\/\/tonysourcing.com\/de\/wp-json\/wp\/v2\/product\/13231\/revisions"}],"predecessor-version":[{"id":13241,"href":"https:\/\/tonysourcing.com\/de\/wp-json\/wp\/v2\/product\/13231\/revisions\/13241"}],"wp:featuredmedia":[{"embeddable":true,"href":"https:\/\/tonysourcing.com\/de\/wp-json\/wp\/v2\/media\/13232"}],"wp:attachment":[{"href":"https:\/\/tonysourcing.com\/de\/wp-json\/wp\/v2\/media?parent=13231"}],"wp:term":[{"taxonomy":"product_brand","embeddable":true,"href":"https:\/\/tonysourcing.com\/de\/wp-json\/wp\/v2\/product_brand?post=13231"},{"taxonomy":"product_cat","embeddable":true,"href":"https:\/\/tonysourcing.com\/de\/wp-json\/wp\/v2\/product_cat?post=13231"},{"taxonomy":"product_tag","embeddable":true,"href":"https:\/\/tonysourcing.com\/de\/wp-json\/wp\/v2\/product_tag?post=13231"}],"curies":[{"name":"wp","href":"https:\/\/api.w.org\/{rel}","templated":true}]}}