{"id":13248,"date":"2021-11-30T01:48:53","date_gmt":"2021-11-30T01:48:53","guid":{"rendered":"https:\/\/tonysourcing.com\/?post_type=product&#038;p=13248"},"modified":"2021-11-30T01:48:53","modified_gmt":"2021-11-30T01:48:53","slug":"besteckset-im-koffer-goldfarben-24-teilig","status":"publish","type":"product","link":"https:\/\/tonysourcing.com\/de\/wholesale\/cutlery-set-in-a-suitcase-gold-color-24-pcs\/","title":{"rendered":"Besteckset im Koffer \u2013 goldfarben, 24-tlg."},"content":{"rendered":"<p>Das Besteckset eignet sich perfekt f\u00fcr Ihre K\u00fcche oder als Geschenk f\u00fcr Freunde. Das perfekte Design und die Farbe eignen sich f\u00fcr den t\u00e4glichen Gebrauch, Familienfeiern, Partys, Camping, Restaurants, Hotels oder Hochzeiten. Alle Werkzeuge sind in einem ohrenfarbenen Etui mit bequemem Griff untergebracht.<\/p>\n<p>Sp\u00fclmaschinenfest.<\/p>\n<p>Das Set besteht aus: Edelstahl 6 Messer + 6 Gabeln + 6 L\u00f6ffel + 6 Teel\u00f6ffel (24 St\u00fcck\/Set):<\/p>\n<ul>\n<li>Messerl\u00e4nge 220mm \/ 40g;<\/li>\n<li>Gabell\u00e4nge 220 mm \/ 30 g;<\/li>\n<li>L\u00f6ffell\u00e4nge: 215 mm \/ 40 g;<\/li>\n<li>Teel\u00f6ffell\u00e4nge: 125 mm \/ 10 g.<\/li>\n<\/ul>","protected":false},"excerpt":{"rendered":"<p>ARTIKEL-NR. ZJ112633<\/p>\n<p>Das Set besteht aus: Edelstahl 6 Messer + 6 Gabeln + 6 L\u00f6ffel + 6 Teel\u00f6ffel (24 St\u00fcck\/Set):<\/p>\n<ul>\n<li>Messerl\u00e4nge 220mm \/ 40g;<\/li>\n<li>Gabell\u00e4nge 220 mm \/ 30 g;<\/li>\n<li>L\u00f6ffell\u00e4nge: 215 mm \/ 40 g;<\/li>\n<li>Teel\u00f6ffell\u00e4nge: 125 mm \/ 10 g.<\/li>\n<\/ul>","protected":false},"featured_media":13251,"template":"","meta":{"_kad_post_transparent":"","_kad_post_title":"","_kad_post_layout":"","_kad_post_sidebar_id":"","_kad_post_content_style":"","_kad_post_vertical_padding":"","_kad_post_feature":"","_kad_post_feature_position":"","_kad_post_header":false,"_kad_post_footer":false,"_kad_post_classname":""},"product_brand":[],"product_cat":[1544],"product_tag":[],"class_list":{"0":"post-13248","1":"product","2":"type-product","3":"status-publish","4":"has-post-thumbnail","6":"product_cat-kitchen-and-tableware","8":"first","9":"instock","10":"shipping-taxable","11":"product-type-simple","12":"entry","13":"content-bg","14":"loop-entry"},"yoast_head":"<!-- This site is optimized with the Yoast SEO plugin v27.5 - https:\/\/yoast.com\/product\/yoast-seo-wordpress\/ -->\n<title>Cutlery set gold color - Import Wholesale Directly From Manufacturer<\/title>\n<meta name=\"description\" content=\"Import Cutlery set gold color from China Manufacturer, Good Product and Good Price, Contact TonySourcing for Catalog today.\" \/>\n<meta name=\"robots\" content=\"index, follow, max-snippet:-1, max-image-preview:large, max-video-preview:-1\" \/>\n<link rel=\"canonical\" href=\"https:\/\/tonysourcing.com\/de\/groshandel\/besteckset-im-koffer-goldfarben-24-teilig\/\" \/>\n<meta property=\"og:locale\" content=\"de_DE\" \/>\n<meta property=\"og:type\" content=\"article\" \/>\n<meta property=\"og:title\" content=\"Cutlery set gold color - Import Wholesale Directly From Manufacturer\" \/>\n<meta property=\"og:description\" content=\"Import Cutlery set gold color from China Manufacturer, Good Product and Good Price, Contact TonySourcing for Catalog today.\" \/>\n<meta property=\"og:url\" content=\"https:\/\/tonysourcing.com\/de\/groshandel\/besteckset-im-koffer-goldfarben-24-teilig\/\" \/>\n<meta property=\"og:site_name\" content=\"TonySourcing\" \/>\n<meta property=\"article:publisher\" content=\"https:\/\/www.facebook.com\/TonySourcing\" \/>\n<meta property=\"og:image\" content=\"https:\/\/tonysourcing.com\/wp-content\/uploads\/2021\/11\/stalo-irankiu-rinkinys-lagaminelyje-aukso-spalvos-24-vnt.jpg\" \/>\n\t<meta property=\"og:image:width\" content=\"700\" \/>\n\t<meta property=\"og:image:height\" content=\"807\" \/>\n\t<meta property=\"og:image:type\" content=\"image\/jpeg\" \/>\n<meta name=\"twitter:card\" content=\"summary_large_image\" \/>\n<meta name=\"twitter:site\" content=\"@TonySourcing\" \/>\n<script type=\"application\/ld+json\" class=\"yoast-schema-graph\">{\"@context\":\"https:\\\/\\\/schema.org\",\"@graph\":[{\"@type\":\"WebPage\",\"@id\":\"https:\\\/\\\/tonysourcing.com\\\/wholesale\\\/cutlery-set-in-a-suitcase-gold-color-24-pcs\\\/\",\"url\":\"https:\\\/\\\/tonysourcing.com\\\/wholesale\\\/cutlery-set-in-a-suitcase-gold-color-24-pcs\\\/\",\"name\":\"Cutlery set gold color - Import Wholesale Directly From Manufacturer\",\"isPartOf\":{\"@id\":\"https:\\\/\\\/tonysourcing.com\\\/#website\"},\"primaryImageOfPage\":{\"@id\":\"https:\\\/\\\/tonysourcing.com\\\/wholesale\\\/cutlery-set-in-a-suitcase-gold-color-24-pcs\\\/#primaryimage\"},\"image\":{\"@id\":\"https:\\\/\\\/tonysourcing.com\\\/wholesale\\\/cutlery-set-in-a-suitcase-gold-color-24-pcs\\\/#primaryimage\"},\"thumbnailUrl\":\"https:\\\/\\\/tonysourcing.com\\\/wp-content\\\/uploads\\\/2021\\\/11\\\/stalo-irankiu-rinkinys-lagaminelyje-aukso-spalvos-24-vnt.jpg\",\"datePublished\":\"2021-11-30T01:48:53+00:00\",\"description\":\"Import Cutlery set gold color from China Manufacturer, Good Product and Good Price, Contact TonySourcing for Catalog today.\",\"breadcrumb\":{\"@id\":\"https:\\\/\\\/tonysourcing.com\\\/wholesale\\\/cutlery-set-in-a-suitcase-gold-color-24-pcs\\\/#breadcrumb\"},\"inLanguage\":\"de\",\"potentialAction\":[{\"@type\":\"ReadAction\",\"target\":[\"https:\\\/\\\/tonysourcing.com\\\/wholesale\\\/cutlery-set-in-a-suitcase-gold-color-24-pcs\\\/\"]}]},{\"@type\":\"ImageObject\",\"inLanguage\":\"de\",\"@id\":\"https:\\\/\\\/tonysourcing.com\\\/wholesale\\\/cutlery-set-in-a-suitcase-gold-color-24-pcs\\\/#primaryimage\",\"url\":\"https:\\\/\\\/tonysourcing.com\\\/wp-content\\\/uploads\\\/2021\\\/11\\\/stalo-irankiu-rinkinys-lagaminelyje-aukso-spalvos-24-vnt.jpg\",\"contentUrl\":\"https:\\\/\\\/tonysourcing.com\\\/wp-content\\\/uploads\\\/2021\\\/11\\\/stalo-irankiu-rinkinys-lagaminelyje-aukso-spalvos-24-vnt.jpg\",\"width\":700,\"height\":807,\"caption\":\"stalo-irankiu-rinkinys-lagaminelyje-aukso-spalvos-24-vnt\"},{\"@type\":\"BreadcrumbList\",\"@id\":\"https:\\\/\\\/tonysourcing.com\\\/wholesale\\\/cutlery-set-in-a-suitcase-gold-color-24-pcs\\\/#breadcrumb\",\"itemListElement\":[{\"@type\":\"ListItem\",\"position\":1,\"name\":\"Home\",\"item\":\"https:\\\/\\\/tonysourcing.com\\\/\"},{\"@type\":\"ListItem\",\"position\":2,\"name\":\"Wholesale\",\"item\":\"https:\\\/\\\/tonysourcing.com\\\/wholesale\\\/\"},{\"@type\":\"ListItem\",\"position\":3,\"name\":\"Cutlery set in a suitcase &#8211; gold color, 24 pcs.\"}]},{\"@type\":\"WebSite\",\"@id\":\"https:\\\/\\\/tonysourcing.com\\\/#website\",\"url\":\"https:\\\/\\\/tonysourcing.com\\\/\",\"name\":\"TonySourcing\",\"description\":\"Toys Wholesale Distributor &amp; China Promition Items\",\"publisher\":{\"@id\":\"https:\\\/\\\/tonysourcing.com\\\/#organization\"},\"potentialAction\":[{\"@type\":\"SearchAction\",\"target\":{\"@type\":\"EntryPoint\",\"urlTemplate\":\"https:\\\/\\\/tonysourcing.com\\\/?s={search_term_string}\"},\"query-input\":{\"@type\":\"PropertyValueSpecification\",\"valueRequired\":true,\"valueName\":\"search_term_string\"}}],\"inLanguage\":\"de\"},{\"@type\":\"Organization\",\"@id\":\"https:\\\/\\\/tonysourcing.com\\\/#organization\",\"name\":\"Yiwu Zongge\",\"url\":\"https:\\\/\\\/tonysourcing.com\\\/\",\"logo\":{\"@type\":\"ImageObject\",\"inLanguage\":\"de\",\"@id\":\"https:\\\/\\\/tonysourcing.com\\\/#\\\/schema\\\/logo\\\/image\\\/\",\"url\":\"https:\\\/\\\/tonysourcing.com\\\/wp-content\\\/uploads\\\/2021\\\/07\\\/cropped-TonySourcing-logo-1.png\",\"contentUrl\":\"https:\\\/\\\/tonysourcing.com\\\/wp-content\\\/uploads\\\/2021\\\/07\\\/cropped-TonySourcing-logo-1.png\",\"width\":300,\"height\":92,\"caption\":\"Yiwu Zongge\"},\"image\":{\"@id\":\"https:\\\/\\\/tonysourcing.com\\\/#\\\/schema\\\/logo\\\/image\\\/\"},\"sameAs\":[\"https:\\\/\\\/www.facebook.com\\\/TonySourcing\",\"https:\\\/\\\/x.com\\\/TonySourcing\",\"https:\\\/\\\/www.instagram.com\\\/tony_sourcing\\\/\",\"http:\\\/\\\/www.linkedin.com\\\/in\\\/tonychen88\",\"https:\\\/\\\/www.youtube.com\\\/channel\\\/UCZfST1M-NDoqjQ3dB-Tzszg\"]}]}<\/script>\n<!-- \/ Yoast SEO plugin. -->","yoast_head_json":{"title":"Besteckset goldfarben - Import Gro\u00dfhandel direkt vom Hersteller","description":"Importiertes Besteckset in Goldfarbe von einem chinesischen Hersteller. Gutes Produkt und guter Preis. Kontaktieren Sie TonySourcing noch heute f\u00fcr den Katalog.","robots":{"index":"index","follow":"follow","max-snippet":"max-snippet:-1","max-image-preview":"max-image-preview:large","max-video-preview":"max-video-preview:-1"},"canonical":"https:\/\/tonysourcing.com\/de\/groshandel\/besteckset-im-koffer-goldfarben-24-teilig\/","og_locale":"de_DE","og_type":"article","og_title":"Cutlery set gold color - Import Wholesale Directly From Manufacturer","og_description":"Import Cutlery set gold color from China Manufacturer, Good Product and Good Price, Contact TonySourcing for Catalog today.","og_url":"https:\/\/tonysourcing.com\/de\/groshandel\/besteckset-im-koffer-goldfarben-24-teilig\/","og_site_name":"TonySourcing","article_publisher":"https:\/\/www.facebook.com\/TonySourcing","og_image":[{"width":700,"height":807,"url":"https:\/\/tonysourcing.com\/wp-content\/uploads\/2021\/11\/stalo-irankiu-rinkinys-lagaminelyje-aukso-spalvos-24-vnt.jpg","type":"image\/jpeg"}],"twitter_card":"summary_large_image","twitter_site":"@TonySourcing","schema":{"@context":"https:\/\/schema.org","@graph":[{"@type":"WebPage","@id":"https:\/\/tonysourcing.com\/wholesale\/cutlery-set-in-a-suitcase-gold-color-24-pcs\/","url":"https:\/\/tonysourcing.com\/wholesale\/cutlery-set-in-a-suitcase-gold-color-24-pcs\/","name":"Besteckset goldfarben - Import Gro\u00dfhandel direkt vom Hersteller","isPartOf":{"@id":"https:\/\/tonysourcing.com\/#website"},"primaryImageOfPage":{"@id":"https:\/\/tonysourcing.com\/wholesale\/cutlery-set-in-a-suitcase-gold-color-24-pcs\/#primaryimage"},"image":{"@id":"https:\/\/tonysourcing.com\/wholesale\/cutlery-set-in-a-suitcase-gold-color-24-pcs\/#primaryimage"},"thumbnailUrl":"https:\/\/tonysourcing.com\/wp-content\/uploads\/2021\/11\/stalo-irankiu-rinkinys-lagaminelyje-aukso-spalvos-24-vnt.jpg","datePublished":"2021-11-30T01:48:53+00:00","description":"Importiertes Besteckset in Goldfarbe von einem chinesischen Hersteller. Gutes Produkt und guter Preis. Kontaktieren Sie TonySourcing noch heute f\u00fcr den Katalog.","breadcrumb":{"@id":"https:\/\/tonysourcing.com\/wholesale\/cutlery-set-in-a-suitcase-gold-color-24-pcs\/#breadcrumb"},"inLanguage":"de","potentialAction":[{"@type":"ReadAction","target":["https:\/\/tonysourcing.com\/wholesale\/cutlery-set-in-a-suitcase-gold-color-24-pcs\/"]}]},{"@type":"ImageObject","inLanguage":"de","@id":"https:\/\/tonysourcing.com\/wholesale\/cutlery-set-in-a-suitcase-gold-color-24-pcs\/#primaryimage","url":"https:\/\/tonysourcing.com\/wp-content\/uploads\/2021\/11\/stalo-irankiu-rinkinys-lagaminelyje-aukso-spalvos-24-vnt.jpg","contentUrl":"https:\/\/tonysourcing.com\/wp-content\/uploads\/2021\/11\/stalo-irankiu-rinkinys-lagaminelyje-aukso-spalvos-24-vnt.jpg","width":700,"height":807,"caption":"stalo-irankiu-rinkinys-lagaminelyje-aukso-spalvos-24-vnt"},{"@type":"BreadcrumbList","@id":"https:\/\/tonysourcing.com\/wholesale\/cutlery-set-in-a-suitcase-gold-color-24-pcs\/#breadcrumb","itemListElement":[{"@type":"ListItem","position":1,"name":"Home","item":"https:\/\/tonysourcing.com\/"},{"@type":"ListItem","position":2,"name":"Wholesale","item":"https:\/\/tonysourcing.com\/wholesale\/"},{"@type":"ListItem","position":3,"name":"Cutlery set in a suitcase &#8211; gold color, 24 pcs."}]},{"@type":"WebSite","@id":"https:\/\/tonysourcing.com\/#website","url":"https:\/\/tonysourcing.com\/","name":"TonySourcing","description":"Spielzeuggro\u00dfh\u00e4ndler und Werbeartikel aus China","publisher":{"@id":"https:\/\/tonysourcing.com\/#organization"},"potentialAction":[{"@type":"SearchAction","target":{"@type":"EntryPoint","urlTemplate":"https:\/\/tonysourcing.com\/?s={search_term_string}"},"query-input":{"@type":"PropertyValueSpecification","valueRequired":true,"valueName":"search_term_string"}}],"inLanguage":"de"},{"@type":"Organization","@id":"https:\/\/tonysourcing.com\/#organization","name":"Yiwu Zongge","url":"https:\/\/tonysourcing.com\/","logo":{"@type":"ImageObject","inLanguage":"de","@id":"https:\/\/tonysourcing.com\/#\/schema\/logo\/image\/","url":"https:\/\/tonysourcing.com\/wp-content\/uploads\/2021\/07\/cropped-TonySourcing-logo-1.png","contentUrl":"https:\/\/tonysourcing.com\/wp-content\/uploads\/2021\/07\/cropped-TonySourcing-logo-1.png","width":300,"height":92,"caption":"Yiwu Zongge"},"image":{"@id":"https:\/\/tonysourcing.com\/#\/schema\/logo\/image\/"},"sameAs":["https:\/\/www.facebook.com\/TonySourcing","https:\/\/x.com\/TonySourcing","https:\/\/www.instagram.com\/tony_sourcing\/","http:\/\/www.linkedin.com\/in\/tonychen88","https:\/\/www.youtube.com\/channel\/UCZfST1M-NDoqjQ3dB-Tzszg"]}]}},"_links":{"self":[{"href":"https:\/\/tonysourcing.com\/de\/wp-json\/wp\/v2\/product\/13248","targetHints":{"allow":["GET"]}}],"collection":[{"href":"https:\/\/tonysourcing.com\/de\/wp-json\/wp\/v2\/product"}],"about":[{"href":"https:\/\/tonysourcing.com\/de\/wp-json\/wp\/v2\/types\/product"}],"version-history":[{"count":1,"href":"https:\/\/tonysourcing.com\/de\/wp-json\/wp\/v2\/product\/13248\/revisions"}],"predecessor-version":[{"id":13258,"href":"https:\/\/tonysourcing.com\/de\/wp-json\/wp\/v2\/product\/13248\/revisions\/13258"}],"wp:featuredmedia":[{"embeddable":true,"href":"https:\/\/tonysourcing.com\/de\/wp-json\/wp\/v2\/media\/13251"}],"wp:attachment":[{"href":"https:\/\/tonysourcing.com\/de\/wp-json\/wp\/v2\/media?parent=13248"}],"wp:term":[{"taxonomy":"product_brand","embeddable":true,"href":"https:\/\/tonysourcing.com\/de\/wp-json\/wp\/v2\/product_brand?post=13248"},{"taxonomy":"product_cat","embeddable":true,"href":"https:\/\/tonysourcing.com\/de\/wp-json\/wp\/v2\/product_cat?post=13248"},{"taxonomy":"product_tag","embeddable":true,"href":"https:\/\/tonysourcing.com\/de\/wp-json\/wp\/v2\/product_tag?post=13248"}],"curies":[{"name":"wp","href":"https:\/\/api.w.org\/{rel}","templated":true}]}}