{"id":13387,"date":"2021-11-30T03:35:04","date_gmt":"2021-11-30T03:35:04","guid":{"rendered":"https:\/\/tonysourcing.com\/?post_type=product&#038;p=13387"},"modified":"2021-11-30T03:35:05","modified_gmt":"2021-11-30T03:35:05","slug":"camping-kochgeschirr-set","status":"publish","type":"product","link":"https:\/\/tonysourcing.com\/de\/wholesale\/camping-cookware-set\/","title":{"rendered":"Camping Kochgeschirr Set"},"content":{"rendered":"<p>Extrem langlebiges Material: Das leichte, hochtemperaturbest\u00e4ndige Topfsch\u00fcssel-Set besteht aus FDA-zugelassenem, ungiftigem, eloxiertem Aluminium, was es robust und langlebig macht.<\/p>\n<p>Einfaches Verpacken und Transportieren: Wenn Sie genug von \u00fcbergro\u00dfem, klobigem Kochgeschirr haben, k\u00f6nnen Sie unseres ausprobieren. F\u00fcr den einfachen Transport auf Outdoor-Ausfl\u00fcgen. Das gesamte Set wiegt nur 0,65 kg und l\u00e4sst sich kompakt in den mitgelieferten Netztragetaschen verstauen. Sowohl das Kochset als auch der Herd haben klappbare Griffe f\u00fcr Platzersparnis und Kompaktheit.<\/p>\n<p>Praktisch und sicher: Das hochenergetische piezoelektrische Keramikz\u00fcndsystem macht den Ofen besonders praktisch f\u00fcr Camping, Wandern, Picknicks und Grillabende. Kochgeschirr mit kompaktem und faltbarem Design kombiniert mit Tragetasche oder Tasche f\u00fcr verbesserte Mobilit\u00e4t. Hervorragende Ausr\u00fcstung f\u00fcr Camping, Wandern, Ausfl\u00fcge mit \u00dcbernachtung oder andere Outdoor-Aktivit\u00e4ten.<\/p>\n<p><strong>Perfektes Outdoor-Kochgeschirr, 9-teiliges Set:<\/strong><\/p>\n<ul>\n<li>Camping-Kochgeschirr-Set bestehend aus Edelstahl-Klappmesser, Gabel, L\u00f6ffel;<\/li>\n<li>Minikocher mit Piezoz\u00fcndung;<\/li>\n<li>K\u00fcchenwerkzeugtasche;<\/li>\n<li>mittelgro\u00dfer Topf aus eloxiertem Aluminium;<\/li>\n<li>kleiner Topf aus eloxiertem Aluminium;<\/li>\n<li>Kanisterst\u00e4nder;<\/li>\n<li>Netz.<\/li>\n<\/ul>\n<p>Leicht zu reinigen: Das antihaftbeschichtete Campingkochset ist leicht zu reinigen und trocknet schnell. \u00d6lflecken und Schmutz lassen sich einfach abwischen und nach der R\u00fcckkehr nach Hause waschen. Mit dem Camping-Messset k\u00f6nnen Sie einfach, wunderbar und bequem im Freien essen.<\/p>","protected":false},"excerpt":{"rendered":"<p>ARTIKEL-NR. ZJ112644<\/p>\n<p><strong>Perfektes Outdoor-Kochgeschirr, 9-teiliges Set:<\/strong><\/p>\n<ul>\n<li>Camping-Kochgeschirr-Set bestehend aus Edelstahl-Klappmesser, Gabel, L\u00f6ffel;<\/li>\n<li>Minikocher mit Piezoz\u00fcndung;<\/li>\n<li>K\u00fcchenwerkzeugtasche;<\/li>\n<li>mittelgro\u00dfer Topf aus eloxiertem Aluminium;<\/li>\n<li>kleiner Topf aus eloxiertem Aluminium;<\/li>\n<li>Kanisterst\u00e4nder;<\/li>\n<li>Netz.<\/li>\n<\/ul>","protected":false},"featured_media":13394,"template":"","meta":{"_kad_post_transparent":"","_kad_post_title":"","_kad_post_layout":"","_kad_post_sidebar_id":"","_kad_post_content_style":"","_kad_post_vertical_padding":"","_kad_post_feature":"","_kad_post_feature_position":"","_kad_post_header":false,"_kad_post_footer":false,"_kad_post_classname":""},"product_brand":[],"product_cat":[1544],"product_tag":[],"class_list":{"0":"post-13387","1":"product","2":"type-product","3":"status-publish","4":"has-post-thumbnail","6":"product_cat-kitchen-and-tableware","8":"first","9":"instock","10":"shipping-taxable","11":"product-type-simple","12":"entry","13":"content-bg","14":"loop-entry"},"yoast_head":"<!-- This site is optimized with the Yoast SEO plugin v27.5 - https:\/\/yoast.com\/product\/yoast-seo-wordpress\/ -->\n<title>Camping cookware - Import Wholesale Directly From Manufacturer<\/title>\n<meta name=\"description\" content=\"Import Camping cookware from China Manufacturer, Good Product and Good Price, Contact TonySourcing for Catalog today.\" \/>\n<meta name=\"robots\" content=\"index, follow, max-snippet:-1, max-image-preview:large, max-video-preview:-1\" \/>\n<link rel=\"canonical\" href=\"https:\/\/tonysourcing.com\/de\/groshandel\/camping-kochgeschirr-set\/\" \/>\n<meta property=\"og:locale\" content=\"de_DE\" \/>\n<meta property=\"og:type\" content=\"article\" \/>\n<meta property=\"og:title\" content=\"Camping cookware - Import Wholesale Directly From Manufacturer\" \/>\n<meta property=\"og:description\" content=\"Import Camping cookware from China Manufacturer, Good Product and Good Price, Contact TonySourcing for Catalog today.\" \/>\n<meta property=\"og:url\" content=\"https:\/\/tonysourcing.com\/de\/groshandel\/camping-kochgeschirr-set\/\" \/>\n<meta property=\"og:site_name\" content=\"TonySourcing\" \/>\n<meta property=\"article:publisher\" content=\"https:\/\/www.facebook.com\/TonySourcing\" \/>\n<meta property=\"article:modified_time\" content=\"2021-11-30T03:35:05+00:00\" \/>\n<meta property=\"og:image\" content=\"https:\/\/tonysourcing.com\/wp-content\/uploads\/2021\/11\/iskylavimo-rinkinys.png\" \/>\n\t<meta property=\"og:image:width\" content=\"700\" \/>\n\t<meta property=\"og:image:height\" content=\"807\" \/>\n\t<meta property=\"og:image:type\" content=\"image\/png\" \/>\n<meta name=\"twitter:card\" content=\"summary_large_image\" \/>\n<meta name=\"twitter:site\" content=\"@TonySourcing\" \/>\n<meta name=\"twitter:label1\" content=\"Gesch\u00e4tzte Lesezeit\" \/>\n\t<meta name=\"twitter:data1\" content=\"1\u00a0Minute\" \/>\n<script type=\"application\/ld+json\" class=\"yoast-schema-graph\">{\"@context\":\"https:\\\/\\\/schema.org\",\"@graph\":[{\"@type\":\"WebPage\",\"@id\":\"https:\\\/\\\/tonysourcing.com\\\/wholesale\\\/camping-cookware-set\\\/\",\"url\":\"https:\\\/\\\/tonysourcing.com\\\/wholesale\\\/camping-cookware-set\\\/\",\"name\":\"Camping cookware - Import Wholesale Directly From Manufacturer\",\"isPartOf\":{\"@id\":\"https:\\\/\\\/tonysourcing.com\\\/#website\"},\"primaryImageOfPage\":{\"@id\":\"https:\\\/\\\/tonysourcing.com\\\/wholesale\\\/camping-cookware-set\\\/#primaryimage\"},\"image\":{\"@id\":\"https:\\\/\\\/tonysourcing.com\\\/wholesale\\\/camping-cookware-set\\\/#primaryimage\"},\"thumbnailUrl\":\"https:\\\/\\\/tonysourcing.com\\\/wp-content\\\/uploads\\\/2021\\\/11\\\/iskylavimo-rinkinys.png\",\"datePublished\":\"2021-11-30T03:35:04+00:00\",\"dateModified\":\"2021-11-30T03:35:05+00:00\",\"description\":\"Import Camping cookware from China Manufacturer, Good Product and Good Price, Contact TonySourcing for Catalog today.\",\"breadcrumb\":{\"@id\":\"https:\\\/\\\/tonysourcing.com\\\/wholesale\\\/camping-cookware-set\\\/#breadcrumb\"},\"inLanguage\":\"de\",\"potentialAction\":[{\"@type\":\"ReadAction\",\"target\":[\"https:\\\/\\\/tonysourcing.com\\\/wholesale\\\/camping-cookware-set\\\/\"]}]},{\"@type\":\"ImageObject\",\"inLanguage\":\"de\",\"@id\":\"https:\\\/\\\/tonysourcing.com\\\/wholesale\\\/camping-cookware-set\\\/#primaryimage\",\"url\":\"https:\\\/\\\/tonysourcing.com\\\/wp-content\\\/uploads\\\/2021\\\/11\\\/iskylavimo-rinkinys.png\",\"contentUrl\":\"https:\\\/\\\/tonysourcing.com\\\/wp-content\\\/uploads\\\/2021\\\/11\\\/iskylavimo-rinkinys.png\",\"width\":700,\"height\":807,\"caption\":\"iskylavimo-rinkinys\"},{\"@type\":\"BreadcrumbList\",\"@id\":\"https:\\\/\\\/tonysourcing.com\\\/wholesale\\\/camping-cookware-set\\\/#breadcrumb\",\"itemListElement\":[{\"@type\":\"ListItem\",\"position\":1,\"name\":\"Home\",\"item\":\"https:\\\/\\\/tonysourcing.com\\\/\"},{\"@type\":\"ListItem\",\"position\":2,\"name\":\"Wholesale\",\"item\":\"https:\\\/\\\/tonysourcing.com\\\/wholesale\\\/\"},{\"@type\":\"ListItem\",\"position\":3,\"name\":\"Camping cookware set\"}]},{\"@type\":\"WebSite\",\"@id\":\"https:\\\/\\\/tonysourcing.com\\\/#website\",\"url\":\"https:\\\/\\\/tonysourcing.com\\\/\",\"name\":\"TonySourcing\",\"description\":\"Toys Wholesale Distributor &amp; China Promition Items\",\"publisher\":{\"@id\":\"https:\\\/\\\/tonysourcing.com\\\/#organization\"},\"potentialAction\":[{\"@type\":\"SearchAction\",\"target\":{\"@type\":\"EntryPoint\",\"urlTemplate\":\"https:\\\/\\\/tonysourcing.com\\\/?s={search_term_string}\"},\"query-input\":{\"@type\":\"PropertyValueSpecification\",\"valueRequired\":true,\"valueName\":\"search_term_string\"}}],\"inLanguage\":\"de\"},{\"@type\":\"Organization\",\"@id\":\"https:\\\/\\\/tonysourcing.com\\\/#organization\",\"name\":\"Yiwu Zongge\",\"url\":\"https:\\\/\\\/tonysourcing.com\\\/\",\"logo\":{\"@type\":\"ImageObject\",\"inLanguage\":\"de\",\"@id\":\"https:\\\/\\\/tonysourcing.com\\\/#\\\/schema\\\/logo\\\/image\\\/\",\"url\":\"https:\\\/\\\/tonysourcing.com\\\/wp-content\\\/uploads\\\/2021\\\/07\\\/cropped-TonySourcing-logo-1.png\",\"contentUrl\":\"https:\\\/\\\/tonysourcing.com\\\/wp-content\\\/uploads\\\/2021\\\/07\\\/cropped-TonySourcing-logo-1.png\",\"width\":300,\"height\":92,\"caption\":\"Yiwu Zongge\"},\"image\":{\"@id\":\"https:\\\/\\\/tonysourcing.com\\\/#\\\/schema\\\/logo\\\/image\\\/\"},\"sameAs\":[\"https:\\\/\\\/www.facebook.com\\\/TonySourcing\",\"https:\\\/\\\/x.com\\\/TonySourcing\",\"https:\\\/\\\/www.instagram.com\\\/tony_sourcing\\\/\",\"http:\\\/\\\/www.linkedin.com\\\/in\\\/tonychen88\",\"https:\\\/\\\/www.youtube.com\\\/channel\\\/UCZfST1M-NDoqjQ3dB-Tzszg\"]}]}<\/script>\n<!-- \/ Yoast SEO plugin. -->","yoast_head_json":{"title":"Camping Kochgeschirr - Import Gro\u00dfhandel direkt vom Hersteller","description":"Importieren Sie Campingkochgeschirr von einem chinesischen Hersteller. Gutes Produkt und guter Preis. Kontaktieren Sie TonySourcing noch heute f\u00fcr den Katalog.","robots":{"index":"index","follow":"follow","max-snippet":"max-snippet:-1","max-image-preview":"max-image-preview:large","max-video-preview":"max-video-preview:-1"},"canonical":"https:\/\/tonysourcing.com\/de\/groshandel\/camping-kochgeschirr-set\/","og_locale":"de_DE","og_type":"article","og_title":"Camping cookware - Import Wholesale Directly From Manufacturer","og_description":"Import Camping cookware from China Manufacturer, Good Product and Good Price, Contact TonySourcing for Catalog today.","og_url":"https:\/\/tonysourcing.com\/de\/groshandel\/camping-kochgeschirr-set\/","og_site_name":"TonySourcing","article_publisher":"https:\/\/www.facebook.com\/TonySourcing","article_modified_time":"2021-11-30T03:35:05+00:00","og_image":[{"width":700,"height":807,"url":"https:\/\/tonysourcing.com\/wp-content\/uploads\/2021\/11\/iskylavimo-rinkinys.png","type":"image\/png"}],"twitter_card":"summary_large_image","twitter_site":"@TonySourcing","twitter_misc":{"Gesch\u00e4tzte Lesezeit":"1\u00a0Minute"},"schema":{"@context":"https:\/\/schema.org","@graph":[{"@type":"WebPage","@id":"https:\/\/tonysourcing.com\/wholesale\/camping-cookware-set\/","url":"https:\/\/tonysourcing.com\/wholesale\/camping-cookware-set\/","name":"Camping Kochgeschirr - Import Gro\u00dfhandel direkt vom Hersteller","isPartOf":{"@id":"https:\/\/tonysourcing.com\/#website"},"primaryImageOfPage":{"@id":"https:\/\/tonysourcing.com\/wholesale\/camping-cookware-set\/#primaryimage"},"image":{"@id":"https:\/\/tonysourcing.com\/wholesale\/camping-cookware-set\/#primaryimage"},"thumbnailUrl":"https:\/\/tonysourcing.com\/wp-content\/uploads\/2021\/11\/iskylavimo-rinkinys.png","datePublished":"2021-11-30T03:35:04+00:00","dateModified":"2021-11-30T03:35:05+00:00","description":"Importieren Sie Campingkochgeschirr von einem chinesischen Hersteller. Gutes Produkt und guter Preis. Kontaktieren Sie TonySourcing noch heute f\u00fcr den Katalog.","breadcrumb":{"@id":"https:\/\/tonysourcing.com\/wholesale\/camping-cookware-set\/#breadcrumb"},"inLanguage":"de","potentialAction":[{"@type":"ReadAction","target":["https:\/\/tonysourcing.com\/wholesale\/camping-cookware-set\/"]}]},{"@type":"ImageObject","inLanguage":"de","@id":"https:\/\/tonysourcing.com\/wholesale\/camping-cookware-set\/#primaryimage","url":"https:\/\/tonysourcing.com\/wp-content\/uploads\/2021\/11\/iskylavimo-rinkinys.png","contentUrl":"https:\/\/tonysourcing.com\/wp-content\/uploads\/2021\/11\/iskylavimo-rinkinys.png","width":700,"height":807,"caption":"iskylavimo-rinkinys"},{"@type":"BreadcrumbList","@id":"https:\/\/tonysourcing.com\/wholesale\/camping-cookware-set\/#breadcrumb","itemListElement":[{"@type":"ListItem","position":1,"name":"Home","item":"https:\/\/tonysourcing.com\/"},{"@type":"ListItem","position":2,"name":"Wholesale","item":"https:\/\/tonysourcing.com\/wholesale\/"},{"@type":"ListItem","position":3,"name":"Camping cookware set"}]},{"@type":"WebSite","@id":"https:\/\/tonysourcing.com\/#website","url":"https:\/\/tonysourcing.com\/","name":"TonySourcing","description":"Spielzeuggro\u00dfh\u00e4ndler und Werbeartikel aus China","publisher":{"@id":"https:\/\/tonysourcing.com\/#organization"},"potentialAction":[{"@type":"SearchAction","target":{"@type":"EntryPoint","urlTemplate":"https:\/\/tonysourcing.com\/?s={search_term_string}"},"query-input":{"@type":"PropertyValueSpecification","valueRequired":true,"valueName":"search_term_string"}}],"inLanguage":"de"},{"@type":"Organization","@id":"https:\/\/tonysourcing.com\/#organization","name":"Yiwu Zongge","url":"https:\/\/tonysourcing.com\/","logo":{"@type":"ImageObject","inLanguage":"de","@id":"https:\/\/tonysourcing.com\/#\/schema\/logo\/image\/","url":"https:\/\/tonysourcing.com\/wp-content\/uploads\/2021\/07\/cropped-TonySourcing-logo-1.png","contentUrl":"https:\/\/tonysourcing.com\/wp-content\/uploads\/2021\/07\/cropped-TonySourcing-logo-1.png","width":300,"height":92,"caption":"Yiwu Zongge"},"image":{"@id":"https:\/\/tonysourcing.com\/#\/schema\/logo\/image\/"},"sameAs":["https:\/\/www.facebook.com\/TonySourcing","https:\/\/x.com\/TonySourcing","https:\/\/www.instagram.com\/tony_sourcing\/","http:\/\/www.linkedin.com\/in\/tonychen88","https:\/\/www.youtube.com\/channel\/UCZfST1M-NDoqjQ3dB-Tzszg"]}]}},"_links":{"self":[{"href":"https:\/\/tonysourcing.com\/de\/wp-json\/wp\/v2\/product\/13387","targetHints":{"allow":["GET"]}}],"collection":[{"href":"https:\/\/tonysourcing.com\/de\/wp-json\/wp\/v2\/product"}],"about":[{"href":"https:\/\/tonysourcing.com\/de\/wp-json\/wp\/v2\/types\/product"}],"version-history":[{"count":1,"href":"https:\/\/tonysourcing.com\/de\/wp-json\/wp\/v2\/product\/13387\/revisions"}],"predecessor-version":[{"id":13402,"href":"https:\/\/tonysourcing.com\/de\/wp-json\/wp\/v2\/product\/13387\/revisions\/13402"}],"wp:featuredmedia":[{"embeddable":true,"href":"https:\/\/tonysourcing.com\/de\/wp-json\/wp\/v2\/media\/13394"}],"wp:attachment":[{"href":"https:\/\/tonysourcing.com\/de\/wp-json\/wp\/v2\/media?parent=13387"}],"wp:term":[{"taxonomy":"product_brand","embeddable":true,"href":"https:\/\/tonysourcing.com\/de\/wp-json\/wp\/v2\/product_brand?post=13387"},{"taxonomy":"product_cat","embeddable":true,"href":"https:\/\/tonysourcing.com\/de\/wp-json\/wp\/v2\/product_cat?post=13387"},{"taxonomy":"product_tag","embeddable":true,"href":"https:\/\/tonysourcing.com\/de\/wp-json\/wp\/v2\/product_tag?post=13387"}],"curies":[{"name":"wp","href":"https:\/\/api.w.org\/{rel}","templated":true}]}}