{"id":13876,"date":"2022-05-11T06:59:32","date_gmt":"2022-05-11T06:59:32","guid":{"rendered":"https:\/\/tonysourcing.com\/?post_type=product&#038;p=13876"},"modified":"2022-05-11T07:07:24","modified_gmt":"2022-05-11T07:07:24","slug":"murmelbahn-baustein","status":"publish","type":"product","link":"https:\/\/tonysourcing.com\/de\/wholesale\/marble-track-building-block\/","title":{"rendered":"Murmelbahn-Baustein"},"content":{"rendered":"<article class=\"4ever-article\">\n<figure id=\"attachment_13885\" aria-describedby=\"caption-attachment-13885\" style=\"width: 1327px\" class=\"wp-caption alignnone\"><img fetchpriority=\"high\" decoding=\"async\" class=\"wp-image-13885 size-full\" src=\"https:\/\/tonysourcing.com\/wp-content\/uploads\/2022\/05\/popular-product-friction-car-toys-magnetic-race-track.jpg\" alt=\"magnetischer Baustein Kinder Spielzeugautos Rennstrecke\" width=\"1327\" height=\"713\" srcset=\"https:\/\/tonysourcing.com\/wp-content\/uploads\/2022\/05\/popular-product-friction-car-toys-magnetic-race-track.jpg 1327w, https:\/\/tonysourcing.com\/wp-content\/uploads\/2022\/05\/popular-product-friction-car-toys-magnetic-race-track-300x161.jpg 300w, https:\/\/tonysourcing.com\/wp-content\/uploads\/2022\/05\/popular-product-friction-car-toys-magnetic-race-track-800x430.jpg 800w, https:\/\/tonysourcing.com\/wp-content\/uploads\/2022\/05\/popular-product-friction-car-toys-magnetic-race-track-768x413.jpg 768w, https:\/\/tonysourcing.com\/wp-content\/uploads\/2022\/05\/popular-product-friction-car-toys-magnetic-race-track-600x322.jpg 600w\" sizes=\"(max-width: 1327px) 100vw, 1327px\" \/><figcaption id=\"caption-attachment-13885\" class=\"wp-caption-text\">magnetischer Baustein Kinder Spielzeugautos Rennstrecke<\/figcaption><\/figure>\n<figure id=\"attachment_13880\" aria-describedby=\"caption-attachment-13880\" style=\"width: 1357px\" class=\"wp-caption alignnone\"><img decoding=\"async\" class=\"wp-image-13880 size-full\" src=\"https:\/\/tonysourcing.com\/wp-content\/uploads\/2022\/05\/friction-car-assembly-building-blocks-toys-magnetic-track.jpg\" alt=\"magnetischer Baustein Kinder Spielzeugautos Rennstrecke\" width=\"1357\" height=\"725\" srcset=\"https:\/\/tonysourcing.com\/wp-content\/uploads\/2022\/05\/friction-car-assembly-building-blocks-toys-magnetic-track.jpg 1357w, https:\/\/tonysourcing.com\/wp-content\/uploads\/2022\/05\/friction-car-assembly-building-blocks-toys-magnetic-track-300x160.jpg 300w, https:\/\/tonysourcing.com\/wp-content\/uploads\/2022\/05\/friction-car-assembly-building-blocks-toys-magnetic-track-800x427.jpg 800w, https:\/\/tonysourcing.com\/wp-content\/uploads\/2022\/05\/friction-car-assembly-building-blocks-toys-magnetic-track-768x410.jpg 768w, https:\/\/tonysourcing.com\/wp-content\/uploads\/2022\/05\/friction-car-assembly-building-blocks-toys-magnetic-track-600x321.jpg 600w\" sizes=\"(max-width: 1357px) 100vw, 1357px\" \/><figcaption id=\"caption-attachment-13880\" class=\"wp-caption-text\">magnetischer Baustein Kinder Spielzeugautos Rennstrecke<\/figcaption><\/figure>\n<figure id=\"attachment_13884\" aria-describedby=\"caption-attachment-13884\" style=\"width: 1303px\" class=\"wp-caption alignnone\"><img decoding=\"async\" class=\"wp-image-13884 size-full\" src=\"https:\/\/tonysourcing.com\/wp-content\/uploads\/2022\/05\/Marble-Run-Game-Toy-Building-Block-Track.jpg\" alt=\"Murmelbahn-Baustein\" width=\"1303\" height=\"699\" srcset=\"https:\/\/tonysourcing.com\/wp-content\/uploads\/2022\/05\/Marble-Run-Game-Toy-Building-Block-Track.jpg 1303w, https:\/\/tonysourcing.com\/wp-content\/uploads\/2022\/05\/Marble-Run-Game-Toy-Building-Block-Track-300x161.jpg 300w, https:\/\/tonysourcing.com\/wp-content\/uploads\/2022\/05\/Marble-Run-Game-Toy-Building-Block-Track-800x429.jpg 800w, https:\/\/tonysourcing.com\/wp-content\/uploads\/2022\/05\/Marble-Run-Game-Toy-Building-Block-Track-768x412.jpg 768w, https:\/\/tonysourcing.com\/wp-content\/uploads\/2022\/05\/Marble-Run-Game-Toy-Building-Block-Track-600x322.jpg 600w\" sizes=\"(max-width: 1303px) 100vw, 1303px\" \/><figcaption id=\"caption-attachment-13884\" class=\"wp-caption-text\">Murmelbahn-Baustein<\/figcaption><\/figure>\n<\/article>\n<p>&nbsp;<\/p>\n<p>#1 Warum Spielzeug f\u00fcr Kinder kaufen von\u00a0<a href=\"https:\/\/tonysourcing.com\/de\/\">TonySouring.com<\/a><br \/>\nW\u00e4hlen Sie aus \u00fcber 5.000 chinesischen Spielzeuglieferanten mit \u00fcber 100.000.000 Artikeln<br \/>\nSparen Sie bis zu 60% an Kosten, indem Sie direkt von chinesischen Spielzeugherstellern beziehen<br \/>\nErledigen Sie alles \u00fcber den One-Step-Service von TonySourcing<br \/>\nArbeiten Sie mit dem TonySourcing-Team zusammen, um Wissen und Unterst\u00fctzung beim Spielzeugkauf zu erhalten<\/p>\n<p>#2 Welche Zertifizierung haben Kinderspielzeuge?<br \/>\nEN71 &amp; CE-Pr\u00fcfbericht: Die europ\u00e4ische Norm EN 71 legt Sicherheitsanforderungen f\u00fcr Spielzeug fest. Die Einhaltung der Norm ist f\u00fcr alle in der Europ\u00e4ischen Union verkauften Spielzeuge gesetzlich vorgeschrieben.<br \/>\nASTM-Testbericht: Nach der neuen Bundesgesetzgebung, die heute in Kraft tritt, m\u00fcssen alle in den USA verkauften Spielzeuge die Sicherheitsanforderungen von ASTM F963 erf\u00fcllen.<\/p>\n<p>#3 Was ist das beste Spielzeug?<br \/>\nDie besten Pop It Fidget-Spielzeuge sollten \u00fcber Spiel-, Lern- und L\u00e4chelfunktionen verf\u00fcgen.<\/p>\n<p>&gt;&gt;Play-Funktion<br \/>\nLernspielzeuge werden auf der Grundlage von Bereichen wie r\u00e4umlichen Konzepten, mathematischer Logik, intellektueller Entwicklung, Sprachenlernen, Kunstverst\u00e4ndnis und kognitiver Kompetenz entwickelt. Verschiedene Lernspielzeuge k\u00f6nnen die F\u00e4higkeiten von Kindern in verschiedenen Bereichen f\u00f6rdern und ihr angeborenes Potenzial durch lustige Spiele erschlie\u00dfen.<\/p>\n<p>&gt;&gt;Lernfunktion<br \/>\nBringen Sie Kinder dazu, die Initiative zu ergreifen und bereitwillig zu lernen. Spielen ist die Grundlage des Lernens! Wenn ein Kind interessiert ein Spielzeug in die Hand nimmt, zeigt dies, dass sein Gehirn bereits auf Hochtouren arbeitet. Gleichzeitig trainiert das Kind seine motorischen F\u00e4higkeiten, die Auge-Hand-Koordination, Konzentration, Sprach- und Kommunikationsf\u00e4higkeiten, Kreativit\u00e4t, Vorstellungskraft, r\u00e4umliches Vorstellungsverm\u00f6gen, Logik, Probleml\u00f6sungsf\u00e4higkeiten sowie mathematisches Denkverm\u00f6gen.<\/p>\n<p>&gt;&gt;Smile-Funktion:<br \/>\n\u201eSpielen und Lernen\u201c reicht noch nicht aus.<br \/>\nDer sch\u00f6nste Wunsch ist, dass jedes Kind beim Spielen mit Lernspielzeug von Herzen l\u00e4chelt, lernt zu denken und sogar einen Schritt weiter zu gehen und zu erforschen.<\/p>\n<p><img loading=\"lazy\" decoding=\"async\" class=\"size-full wp-image-13628\" src=\"https:\/\/tonysourcing.com\/wp-content\/uploads\/2022\/04\/Tony-catalog-toys.jpg\" alt=\"Tony Katalog Spielzeug\" width=\"900\" height=\"360\" srcset=\"https:\/\/tonysourcing.com\/wp-content\/uploads\/2022\/04\/Tony-catalog-toys.jpg 900w, https:\/\/tonysourcing.com\/wp-content\/uploads\/2022\/04\/Tony-catalog-toys-300x120.jpg 300w, https:\/\/tonysourcing.com\/wp-content\/uploads\/2022\/04\/Tony-catalog-toys-800x320.jpg 800w, https:\/\/tonysourcing.com\/wp-content\/uploads\/2022\/04\/Tony-catalog-toys-768x307.jpg 768w, https:\/\/tonysourcing.com\/wp-content\/uploads\/2022\/04\/Tony-catalog-toys-600x240.jpg 600w\" sizes=\"(max-width: 900px) 100vw, 900px\" \/><\/p>","protected":false},"excerpt":{"rendered":"<table style=\"border-collapse: collapse;width: 283px;height: 107px\" border=\"0\" width=\"290\" cellspacing=\"0\" cellpadding=\"0\">\n<tbody>\n<tr style=\"height: 57.00pt\">\n<td class=\"et2\" style=\"height: 57.00pt;width: 217.50pt\" width=\"290\" height=\"76\">Artikelnummer: JE013<\/td>\n<\/tr>\n<\/tbody>\n<\/table>","protected":false},"featured_media":13877,"template":"","meta":{"_kad_post_transparent":"","_kad_post_title":"","_kad_post_layout":"","_kad_post_sidebar_id":"","_kad_post_content_style":"","_kad_post_vertical_padding":"","_kad_post_feature":"","_kad_post_feature_position":"","_kad_post_header":false,"_kad_post_footer":false,"_kad_post_classname":""},"product_brand":[],"product_cat":[519,506],"product_tag":[1177,787,1473],"class_list":{"0":"post-13876","1":"product","2":"type-product","3":"status-publish","4":"has-post-thumbnail","6":"product_cat-building-blocks-toys","7":"product_cat-wholesale-educational-toys","8":"product_tag-build-your-city-truck","9":"product_tag-building-blocks","10":"product_tag-magnetic-tiles-race-track","12":"first","13":"instock","14":"shipping-taxable","15":"product-type-simple","16":"entry","17":"content-bg","18":"loop-entry"},"yoast_head":"<!-- This site is optimized with the Yoast SEO plugin v27.4 - https:\/\/yoast.com\/product\/yoast-seo-wordpress\/ -->\n<title>Marble Track Building Block - Import Toys Wholesale Directly From Manufacturer<\/title>\n<meta name=\"description\" content=\"Import Marble Track Building Block from China Manufacturer, Good Product and Good Price, Contact TonySourcing for Catalog today\" \/>\n<meta name=\"robots\" content=\"index, follow, max-snippet:-1, max-image-preview:large, max-video-preview:-1\" \/>\n<link rel=\"canonical\" href=\"https:\/\/tonysourcing.com\/de\/groshandel\/murmelbahn-baustein\/\" \/>\n<meta property=\"og:locale\" content=\"de_DE\" \/>\n<meta property=\"og:type\" content=\"article\" \/>\n<meta property=\"og:title\" content=\"Marble Track Building Block - Import Toys Wholesale Directly From Manufacturer\" \/>\n<meta property=\"og:description\" content=\"Import Marble Track Building Block from China Manufacturer, Good Product and Good Price, Contact TonySourcing for Catalog today\" \/>\n<meta property=\"og:url\" content=\"https:\/\/tonysourcing.com\/de\/groshandel\/murmelbahn-baustein\/\" \/>\n<meta property=\"og:site_name\" content=\"TonySourcing\" \/>\n<meta property=\"article:publisher\" content=\"https:\/\/www.facebook.com\/TonySourcing\" \/>\n<meta property=\"article:modified_time\" content=\"2022-05-11T07:07:24+00:00\" \/>\n<meta property=\"og:image\" content=\"https:\/\/tonysourcing.com\/wp-content\/uploads\/2022\/05\/assembled-trackball-toy.jpg\" \/>\n\t<meta property=\"og:image:width\" content=\"800\" \/>\n\t<meta property=\"og:image:height\" content=\"800\" \/>\n\t<meta property=\"og:image:type\" content=\"image\/jpeg\" \/>\n<meta name=\"twitter:card\" content=\"summary_large_image\" \/>\n<meta name=\"twitter:site\" content=\"@TonySourcing\" \/>\n<meta name=\"twitter:label1\" content=\"Gesch\u00e4tzte Lesezeit\" \/>\n\t<meta name=\"twitter:data1\" content=\"3\u00a0Minuten\" \/>\n<script type=\"application\/ld+json\" class=\"yoast-schema-graph\">{\"@context\":\"https:\\\/\\\/schema.org\",\"@graph\":[{\"@type\":\"WebPage\",\"@id\":\"https:\\\/\\\/tonysourcing.com\\\/wholesale\\\/marble-track-building-block\\\/\",\"url\":\"https:\\\/\\\/tonysourcing.com\\\/wholesale\\\/marble-track-building-block\\\/\",\"name\":\"Marble Track Building Block - Import Toys Wholesale Directly From Manufacturer\",\"isPartOf\":{\"@id\":\"https:\\\/\\\/tonysourcing.com\\\/#website\"},\"primaryImageOfPage\":{\"@id\":\"https:\\\/\\\/tonysourcing.com\\\/wholesale\\\/marble-track-building-block\\\/#primaryimage\"},\"image\":{\"@id\":\"https:\\\/\\\/tonysourcing.com\\\/wholesale\\\/marble-track-building-block\\\/#primaryimage\"},\"thumbnailUrl\":\"https:\\\/\\\/tonysourcing.com\\\/wp-content\\\/uploads\\\/2022\\\/05\\\/assembled-trackball-toy.jpg\",\"datePublished\":\"2022-05-11T06:59:32+00:00\",\"dateModified\":\"2022-05-11T07:07:24+00:00\",\"description\":\"Import Marble Track Building Block from China Manufacturer, Good Product and Good Price, Contact TonySourcing for Catalog today\",\"breadcrumb\":{\"@id\":\"https:\\\/\\\/tonysourcing.com\\\/wholesale\\\/marble-track-building-block\\\/#breadcrumb\"},\"inLanguage\":\"de\",\"potentialAction\":[{\"@type\":\"ReadAction\",\"target\":[\"https:\\\/\\\/tonysourcing.com\\\/wholesale\\\/marble-track-building-block\\\/\"]}]},{\"@type\":\"ImageObject\",\"inLanguage\":\"de\",\"@id\":\"https:\\\/\\\/tonysourcing.com\\\/wholesale\\\/marble-track-building-block\\\/#primaryimage\",\"url\":\"https:\\\/\\\/tonysourcing.com\\\/wp-content\\\/uploads\\\/2022\\\/05\\\/assembled-trackball-toy.jpg\",\"contentUrl\":\"https:\\\/\\\/tonysourcing.com\\\/wp-content\\\/uploads\\\/2022\\\/05\\\/assembled-trackball-toy.jpg\",\"width\":800,\"height\":800,\"caption\":\"Marble Track Building Block\"},{\"@type\":\"BreadcrumbList\",\"@id\":\"https:\\\/\\\/tonysourcing.com\\\/wholesale\\\/marble-track-building-block\\\/#breadcrumb\",\"itemListElement\":[{\"@type\":\"ListItem\",\"position\":1,\"name\":\"Home\",\"item\":\"https:\\\/\\\/tonysourcing.com\\\/\"},{\"@type\":\"ListItem\",\"position\":2,\"name\":\"Wholesale\",\"item\":\"https:\\\/\\\/tonysourcing.com\\\/wholesale\\\/\"},{\"@type\":\"ListItem\",\"position\":3,\"name\":\"Marble Track Building Block\"}]},{\"@type\":\"WebSite\",\"@id\":\"https:\\\/\\\/tonysourcing.com\\\/#website\",\"url\":\"https:\\\/\\\/tonysourcing.com\\\/\",\"name\":\"TonySourcing\",\"description\":\"Toys Wholesale Distributor &amp; China Promition Items\",\"publisher\":{\"@id\":\"https:\\\/\\\/tonysourcing.com\\\/#organization\"},\"potentialAction\":[{\"@type\":\"SearchAction\",\"target\":{\"@type\":\"EntryPoint\",\"urlTemplate\":\"https:\\\/\\\/tonysourcing.com\\\/?s={search_term_string}\"},\"query-input\":{\"@type\":\"PropertyValueSpecification\",\"valueRequired\":true,\"valueName\":\"search_term_string\"}}],\"inLanguage\":\"de\"},{\"@type\":\"Organization\",\"@id\":\"https:\\\/\\\/tonysourcing.com\\\/#organization\",\"name\":\"Yiwu Zongge\",\"url\":\"https:\\\/\\\/tonysourcing.com\\\/\",\"logo\":{\"@type\":\"ImageObject\",\"inLanguage\":\"de\",\"@id\":\"https:\\\/\\\/tonysourcing.com\\\/#\\\/schema\\\/logo\\\/image\\\/\",\"url\":\"https:\\\/\\\/tonysourcing.com\\\/wp-content\\\/uploads\\\/2021\\\/07\\\/cropped-TonySourcing-logo-1.png\",\"contentUrl\":\"https:\\\/\\\/tonysourcing.com\\\/wp-content\\\/uploads\\\/2021\\\/07\\\/cropped-TonySourcing-logo-1.png\",\"width\":300,\"height\":92,\"caption\":\"Yiwu Zongge\"},\"image\":{\"@id\":\"https:\\\/\\\/tonysourcing.com\\\/#\\\/schema\\\/logo\\\/image\\\/\"},\"sameAs\":[\"https:\\\/\\\/www.facebook.com\\\/TonySourcing\",\"https:\\\/\\\/x.com\\\/TonySourcing\",\"https:\\\/\\\/www.instagram.com\\\/tony_sourcing\\\/\",\"http:\\\/\\\/www.linkedin.com\\\/in\\\/tonychen88\",\"https:\\\/\\\/www.youtube.com\\\/channel\\\/UCZfST1M-NDoqjQ3dB-Tzszg\"]}]}<\/script>\n<!-- \/ Yoast SEO plugin. -->","yoast_head_json":{"title":"Murmelbahn Baustein - Import Spielzeug Gro\u00dfhandel Direkt Vom Hersteller","description":"Importieren Sie Murmelbahn-Bausteine vom chinesischen Hersteller. Gutes Produkt und guter Preis. Kontaktieren Sie TonySourcing noch heute f\u00fcr den Katalog.","robots":{"index":"index","follow":"follow","max-snippet":"max-snippet:-1","max-image-preview":"max-image-preview:large","max-video-preview":"max-video-preview:-1"},"canonical":"https:\/\/tonysourcing.com\/de\/groshandel\/murmelbahn-baustein\/","og_locale":"de_DE","og_type":"article","og_title":"Marble Track Building Block - Import Toys Wholesale Directly From Manufacturer","og_description":"Import Marble Track Building Block from China Manufacturer, Good Product and Good Price, Contact TonySourcing for Catalog today","og_url":"https:\/\/tonysourcing.com\/de\/groshandel\/murmelbahn-baustein\/","og_site_name":"TonySourcing","article_publisher":"https:\/\/www.facebook.com\/TonySourcing","article_modified_time":"2022-05-11T07:07:24+00:00","og_image":[{"width":800,"height":800,"url":"https:\/\/tonysourcing.com\/wp-content\/uploads\/2022\/05\/assembled-trackball-toy.jpg","type":"image\/jpeg"}],"twitter_card":"summary_large_image","twitter_site":"@TonySourcing","twitter_misc":{"Gesch\u00e4tzte Lesezeit":"3\u00a0Minuten"},"schema":{"@context":"https:\/\/schema.org","@graph":[{"@type":"WebPage","@id":"https:\/\/tonysourcing.com\/wholesale\/marble-track-building-block\/","url":"https:\/\/tonysourcing.com\/wholesale\/marble-track-building-block\/","name":"Murmelbahn Baustein - Import Spielzeug Gro\u00dfhandel Direkt Vom Hersteller","isPartOf":{"@id":"https:\/\/tonysourcing.com\/#website"},"primaryImageOfPage":{"@id":"https:\/\/tonysourcing.com\/wholesale\/marble-track-building-block\/#primaryimage"},"image":{"@id":"https:\/\/tonysourcing.com\/wholesale\/marble-track-building-block\/#primaryimage"},"thumbnailUrl":"https:\/\/tonysourcing.com\/wp-content\/uploads\/2022\/05\/assembled-trackball-toy.jpg","datePublished":"2022-05-11T06:59:32+00:00","dateModified":"2022-05-11T07:07:24+00:00","description":"Importieren Sie Murmelbahn-Bausteine vom chinesischen Hersteller. Gutes Produkt und guter Preis. Kontaktieren Sie TonySourcing noch heute f\u00fcr den Katalog.","breadcrumb":{"@id":"https:\/\/tonysourcing.com\/wholesale\/marble-track-building-block\/#breadcrumb"},"inLanguage":"de","potentialAction":[{"@type":"ReadAction","target":["https:\/\/tonysourcing.com\/wholesale\/marble-track-building-block\/"]}]},{"@type":"ImageObject","inLanguage":"de","@id":"https:\/\/tonysourcing.com\/wholesale\/marble-track-building-block\/#primaryimage","url":"https:\/\/tonysourcing.com\/wp-content\/uploads\/2022\/05\/assembled-trackball-toy.jpg","contentUrl":"https:\/\/tonysourcing.com\/wp-content\/uploads\/2022\/05\/assembled-trackball-toy.jpg","width":800,"height":800,"caption":"Marble Track Building Block"},{"@type":"BreadcrumbList","@id":"https:\/\/tonysourcing.com\/wholesale\/marble-track-building-block\/#breadcrumb","itemListElement":[{"@type":"ListItem","position":1,"name":"Home","item":"https:\/\/tonysourcing.com\/"},{"@type":"ListItem","position":2,"name":"Wholesale","item":"https:\/\/tonysourcing.com\/wholesale\/"},{"@type":"ListItem","position":3,"name":"Marble Track Building Block"}]},{"@type":"WebSite","@id":"https:\/\/tonysourcing.com\/#website","url":"https:\/\/tonysourcing.com\/","name":"TonySourcing","description":"Spielzeuggro\u00dfh\u00e4ndler und Werbeartikel aus China","publisher":{"@id":"https:\/\/tonysourcing.com\/#organization"},"potentialAction":[{"@type":"SearchAction","target":{"@type":"EntryPoint","urlTemplate":"https:\/\/tonysourcing.com\/?s={search_term_string}"},"query-input":{"@type":"PropertyValueSpecification","valueRequired":true,"valueName":"search_term_string"}}],"inLanguage":"de"},{"@type":"Organization","@id":"https:\/\/tonysourcing.com\/#organization","name":"Yiwu Zongge","url":"https:\/\/tonysourcing.com\/","logo":{"@type":"ImageObject","inLanguage":"de","@id":"https:\/\/tonysourcing.com\/#\/schema\/logo\/image\/","url":"https:\/\/tonysourcing.com\/wp-content\/uploads\/2021\/07\/cropped-TonySourcing-logo-1.png","contentUrl":"https:\/\/tonysourcing.com\/wp-content\/uploads\/2021\/07\/cropped-TonySourcing-logo-1.png","width":300,"height":92,"caption":"Yiwu Zongge"},"image":{"@id":"https:\/\/tonysourcing.com\/#\/schema\/logo\/image\/"},"sameAs":["https:\/\/www.facebook.com\/TonySourcing","https:\/\/x.com\/TonySourcing","https:\/\/www.instagram.com\/tony_sourcing\/","http:\/\/www.linkedin.com\/in\/tonychen88","https:\/\/www.youtube.com\/channel\/UCZfST1M-NDoqjQ3dB-Tzszg"]}]}},"_links":{"self":[{"href":"https:\/\/tonysourcing.com\/de\/wp-json\/wp\/v2\/product\/13876","targetHints":{"allow":["GET"]}}],"collection":[{"href":"https:\/\/tonysourcing.com\/de\/wp-json\/wp\/v2\/product"}],"about":[{"href":"https:\/\/tonysourcing.com\/de\/wp-json\/wp\/v2\/types\/product"}],"version-history":[{"count":2,"href":"https:\/\/tonysourcing.com\/de\/wp-json\/wp\/v2\/product\/13876\/revisions"}],"predecessor-version":[{"id":13887,"href":"https:\/\/tonysourcing.com\/de\/wp-json\/wp\/v2\/product\/13876\/revisions\/13887"}],"wp:featuredmedia":[{"embeddable":true,"href":"https:\/\/tonysourcing.com\/de\/wp-json\/wp\/v2\/media\/13877"}],"wp:attachment":[{"href":"https:\/\/tonysourcing.com\/de\/wp-json\/wp\/v2\/media?parent=13876"}],"wp:term":[{"taxonomy":"product_brand","embeddable":true,"href":"https:\/\/tonysourcing.com\/de\/wp-json\/wp\/v2\/product_brand?post=13876"},{"taxonomy":"product_cat","embeddable":true,"href":"https:\/\/tonysourcing.com\/de\/wp-json\/wp\/v2\/product_cat?post=13876"},{"taxonomy":"product_tag","embeddable":true,"href":"https:\/\/tonysourcing.com\/de\/wp-json\/wp\/v2\/product_tag?post=13876"}],"curies":[{"name":"wp","href":"https:\/\/api.w.org\/{rel}","templated":true}]}}