{"id":14262,"date":"2022-09-14T00:28:23","date_gmt":"2022-09-14T00:28:23","guid":{"rendered":"https:\/\/tonysourcing.com\/?post_type=product&#038;p=14262"},"modified":"2025-05-29T00:58:21","modified_gmt":"2025-05-29T00:58:21","slug":"tanzender-kaktus","status":"publish","type":"product","link":"https:\/\/tonysourcing.com\/de\/wholesale\/dancing-cactus\/","title":{"rendered":"Tanzender Kaktus"},"content":{"rendered":"<p><img fetchpriority=\"high\" decoding=\"async\" class=\"wp-image-19251 size-full aligncenter\" src=\"https:\/\/tonysourcing.com\/wp-content\/uploads\/2022\/09\/Dancing-Cactus.jpg\" alt=\"\" width=\"750\" height=\"1285\" srcset=\"https:\/\/tonysourcing.com\/wp-content\/uploads\/2022\/09\/Dancing-Cactus.jpg 750w, https:\/\/tonysourcing.com\/wp-content\/uploads\/2022\/09\/Dancing-Cactus-175x300.jpg 175w, https:\/\/tonysourcing.com\/wp-content\/uploads\/2022\/09\/Dancing-Cactus-467x800.jpg 467w, https:\/\/tonysourcing.com\/wp-content\/uploads\/2022\/09\/Dancing-Cactus-600x1028.jpg 600w\" sizes=\"(max-width: 750px) 100vw, 750px\" \/> <img decoding=\"async\" class=\"wp-image-19252 size-full aligncenter\" src=\"https:\/\/tonysourcing.com\/wp-content\/uploads\/2022\/09\/play-dancing-cactus.jpg\" alt=\"\" width=\"750\" height=\"1591\" srcset=\"https:\/\/tonysourcing.com\/wp-content\/uploads\/2022\/09\/play-dancing-cactus.jpg 750w, https:\/\/tonysourcing.com\/wp-content\/uploads\/2022\/09\/play-dancing-cactus-141x300.jpg 141w, https:\/\/tonysourcing.com\/wp-content\/uploads\/2022\/09\/play-dancing-cactus-377x800.jpg 377w, https:\/\/tonysourcing.com\/wp-content\/uploads\/2022\/09\/play-dancing-cactus-724x1536.jpg 724w, https:\/\/tonysourcing.com\/wp-content\/uploads\/2022\/09\/play-dancing-cactus-600x1273.jpg 600w\" sizes=\"(max-width: 750px) 100vw, 750px\" \/> <img decoding=\"async\" class=\"wp-image-19253 size-full aligncenter\" src=\"https:\/\/tonysourcing.com\/wp-content\/uploads\/2022\/09\/cute-plush-doll.jpg\" alt=\"\" width=\"750\" height=\"974\" srcset=\"https:\/\/tonysourcing.com\/wp-content\/uploads\/2022\/09\/cute-plush-doll.jpg 750w, https:\/\/tonysourcing.com\/wp-content\/uploads\/2022\/09\/cute-plush-doll-231x300.jpg 231w, https:\/\/tonysourcing.com\/wp-content\/uploads\/2022\/09\/cute-plush-doll-616x800.jpg 616w, https:\/\/tonysourcing.com\/wp-content\/uploads\/2022\/09\/cute-plush-doll-600x779.jpg 600w\" sizes=\"(max-width: 750px) 100vw, 750px\" \/><\/p>\n<p>&nbsp;<\/p>\n<p>#1 Warum Dancing Cactus kaufen von <a href=\"https:\/\/tonysourcing.com\/de\/\">TonySouring.com<\/a><br \/>\nW\u00e4hlen Sie aus \u00fcber 5.000 chinesischen Spielzeuglieferanten mit \u00fcber 100.000.000 Artikeln<br \/>\nSparen Sie bis zu 60% an Kosten, indem Sie direkt von chinesischen Spielzeugherstellern beziehen<br \/>\nErledigen Sie alles \u00fcber den One-Step-Service von TonySourcing<br \/>\nArbeiten Sie mit dem TonySourcing-Team zusammen, um Wissen und Unterst\u00fctzung beim Spielzeugkauf zu erhalten<\/p>\n<p>#2 Welche Zertifizierung hat Dancing Cactus?<br \/>\nEN71 &amp; CE-Pr\u00fcfbericht: Die europ\u00e4ische Norm EN 71 legt Sicherheitsanforderungen f\u00fcr Spielzeug fest. Die Einhaltung der Norm ist f\u00fcr alle in der Europ\u00e4ischen Union verkauften Spielzeuge gesetzlich vorgeschrieben.<br \/>\nASTM-Testbericht: Nach der neuen Bundesgesetzgebung, die heute in Kraft tritt, m\u00fcssen alle in den USA verkauften Spielzeuge die Sicherheitsanforderungen von ASTM F963 erf\u00fcllen.<\/p>\n<p>#3 Was ist der tanzende Kaktus?<br \/>\nDer beste tanzende Kaktus sollte \u00fcber eine Spiel-, Lern- und L\u00e4chelfunktion verf\u00fcgen.<\/p>\n<p>&gt;&gt;Play-Funktion<br \/>\nLernspielzeuge werden auf der Grundlage von Bereichen wie r\u00e4umlichen Konzepten, mathematischer Logik, intellektueller Entwicklung, Sprachenlernen, Kunstverst\u00e4ndnis und kognitiver Kompetenz entwickelt. Verschiedene Lernspielzeuge k\u00f6nnen die F\u00e4higkeiten von Kindern in verschiedenen Bereichen f\u00f6rdern und ihr angeborenes Potenzial durch lustige Spiele erschlie\u00dfen.<\/p>\n<p>&gt;&gt;Lernfunktion<br \/>\nBringen Sie Kinder dazu, die Initiative zu ergreifen und bereitwillig zu lernen. Spielen ist die Grundlage des Lernens! Wenn ein Kind interessiert ein Spielzeug in die Hand nimmt, zeigt dies, dass sein Gehirn bereits auf Hochtouren arbeitet. Gleichzeitig trainiert das Kind seine motorischen F\u00e4higkeiten, die Auge-Hand-Koordination, Konzentration, Sprach- und Kommunikationsf\u00e4higkeiten, Kreativit\u00e4t, Vorstellungskraft, r\u00e4umliches Vorstellungsverm\u00f6gen, Logik, Probleml\u00f6sungsf\u00e4higkeiten sowie mathematisches Denkverm\u00f6gen.<\/p>\n<p>&gt;&gt;Smile-Funktion:<br \/>\n\u201eSpielen und Lernen\u201c reicht noch nicht aus.<br \/>\nDer sch\u00f6nste Wunsch ist, dass jedes Kind beim Spielen mit Lernspielzeug von Herzen l\u00e4chelt, lernt zu denken und sogar einen Schritt weiter zu gehen und zu erforschen.<\/p>\n<p>&nbsp;<\/p>","protected":false},"excerpt":{"rendered":"<p>Artikelnummer: SUDH\u201300023<\/p>\n<p>Gro\u00dfhandelspreis: 4.5<strong>-4,81 TP4T\/Einheit<\/strong><\/p>\n<p>UVP:<strong>\u00a015.99$<\/strong><\/p>\n<p>Produktname: Kaktus-Tanz-Pl\u00fcschtier<br \/>\nMaterial: Pl\u00fcsch<br \/>\nGr\u00f6\u00dfe: 13 * 33 cm<br \/>\nFarbe: Gr\u00fcn<br \/>\nForm: Kaktus<br \/>\nFunktion: Unterhaltung und Bildung<br \/>\nGewicht: 185 \u2013 230 g<br \/>\nPaket: OPP-Beutel\/Karton, benutzerdefinierte Farbbox<\/p>","protected":false},"featured_media":12880,"template":"","meta":{"_kad_post_transparent":"","_kad_post_title":"","_kad_post_layout":"","_kad_post_sidebar_id":"","_kad_post_content_style":"","_kad_post_vertical_padding":"","_kad_post_feature":"","_kad_post_feature_position":"","_kad_post_header":false,"_kad_post_footer":false,"_kad_post_classname":""},"product_brand":[],"product_cat":[822],"product_tag":[1393,823,824],"class_list":{"0":"post-14262","1":"product","2":"type-product","3":"status-publish","4":"has-post-thumbnail","6":"product_cat-plush-toys","7":"product_tag-dancing-cactus","8":"product_tag-plush-interactive-toys","9":"product_tag-preschool-toys","11":"first","12":"instock","13":"shipping-taxable","14":"product-type-simple","15":"entry","16":"content-bg","17":"loop-entry"},"yoast_head":"<!-- This site is optimized with the Yoast SEO plugin v27.5 - https:\/\/yoast.com\/product\/yoast-seo-wordpress\/ -->\n<title>Dancing Cactus - Import Toys Wholesale From Manufacturer<\/title>\n<meta name=\"description\" content=\"Import Dancing Cactus from China Manufacturer, Good Product and Good Price, Contact TonySourcing for Catalog\" \/>\n<meta name=\"robots\" content=\"index, follow, max-snippet:-1, max-image-preview:large, max-video-preview:-1\" \/>\n<link rel=\"canonical\" href=\"https:\/\/tonysourcing.com\/de\/groshandel\/tanzender-kaktus\/\" \/>\n<meta property=\"og:locale\" content=\"de_DE\" \/>\n<meta property=\"og:type\" content=\"article\" \/>\n<meta property=\"og:title\" content=\"Dancing Cactus - Import Toys Wholesale From Manufacturer\" \/>\n<meta property=\"og:description\" content=\"Import Dancing Cactus from China Manufacturer, Good Product and Good Price, Contact TonySourcing for Catalog\" \/>\n<meta property=\"og:url\" content=\"https:\/\/tonysourcing.com\/de\/groshandel\/tanzender-kaktus\/\" \/>\n<meta property=\"og:site_name\" content=\"TonySourcing\" \/>\n<meta property=\"article:publisher\" content=\"https:\/\/www.facebook.com\/TonySourcing\" \/>\n<meta property=\"article:modified_time\" content=\"2025-05-29T00:58:21+00:00\" \/>\n<meta property=\"og:image\" content=\"https:\/\/tonysourcing.com\/wp-content\/uploads\/2021\/05\/Dancing-Saxophone-Cactus.jpg\" \/>\n\t<meta property=\"og:image:width\" content=\"800\" \/>\n\t<meta property=\"og:image:height\" content=\"800\" \/>\n\t<meta property=\"og:image:type\" content=\"image\/jpeg\" \/>\n<meta name=\"twitter:card\" content=\"summary_large_image\" \/>\n<meta name=\"twitter:site\" content=\"@TonySourcing\" \/>\n<meta name=\"twitter:label1\" content=\"Gesch\u00e4tzte Lesezeit\" \/>\n\t<meta name=\"twitter:data1\" content=\"2\u00a0Minuten\" \/>\n<script type=\"application\/ld+json\" class=\"yoast-schema-graph\">{\"@context\":\"https:\\\/\\\/schema.org\",\"@graph\":[{\"@type\":\"WebPage\",\"@id\":\"https:\\\/\\\/tonysourcing.com\\\/wholesale\\\/dancing-cactus\\\/\",\"url\":\"https:\\\/\\\/tonysourcing.com\\\/wholesale\\\/dancing-cactus\\\/\",\"name\":\"Dancing Cactus - Import Toys Wholesale From Manufacturer\",\"isPartOf\":{\"@id\":\"https:\\\/\\\/tonysourcing.com\\\/#website\"},\"primaryImageOfPage\":{\"@id\":\"https:\\\/\\\/tonysourcing.com\\\/wholesale\\\/dancing-cactus\\\/#primaryimage\"},\"image\":{\"@id\":\"https:\\\/\\\/tonysourcing.com\\\/wholesale\\\/dancing-cactus\\\/#primaryimage\"},\"thumbnailUrl\":\"https:\\\/\\\/tonysourcing.com\\\/wp-content\\\/uploads\\\/2021\\\/05\\\/Dancing-Saxophone-Cactus.jpg\",\"datePublished\":\"2022-09-14T00:28:23+00:00\",\"dateModified\":\"2025-05-29T00:58:21+00:00\",\"description\":\"Import Dancing Cactus from China Manufacturer, Good Product and Good Price, Contact TonySourcing for Catalog\",\"breadcrumb\":{\"@id\":\"https:\\\/\\\/tonysourcing.com\\\/wholesale\\\/dancing-cactus\\\/#breadcrumb\"},\"inLanguage\":\"de\",\"potentialAction\":[{\"@type\":\"ReadAction\",\"target\":[\"https:\\\/\\\/tonysourcing.com\\\/wholesale\\\/dancing-cactus\\\/\"]}]},{\"@type\":\"ImageObject\",\"inLanguage\":\"de\",\"@id\":\"https:\\\/\\\/tonysourcing.com\\\/wholesale\\\/dancing-cactus\\\/#primaryimage\",\"url\":\"https:\\\/\\\/tonysourcing.com\\\/wp-content\\\/uploads\\\/2021\\\/05\\\/Dancing-Saxophone-Cactus.jpg\",\"contentUrl\":\"https:\\\/\\\/tonysourcing.com\\\/wp-content\\\/uploads\\\/2021\\\/05\\\/Dancing-Saxophone-Cactus.jpg\",\"width\":800,\"height\":800,\"caption\":\"Dancing Saxophone Cactus\"},{\"@type\":\"BreadcrumbList\",\"@id\":\"https:\\\/\\\/tonysourcing.com\\\/wholesale\\\/dancing-cactus\\\/#breadcrumb\",\"itemListElement\":[{\"@type\":\"ListItem\",\"position\":1,\"name\":\"Home\",\"item\":\"https:\\\/\\\/tonysourcing.com\\\/\"},{\"@type\":\"ListItem\",\"position\":2,\"name\":\"Wholesale\",\"item\":\"https:\\\/\\\/tonysourcing.com\\\/wholesale\\\/\"},{\"@type\":\"ListItem\",\"position\":3,\"name\":\"Dancing Cactus\"}]},{\"@type\":\"WebSite\",\"@id\":\"https:\\\/\\\/tonysourcing.com\\\/#website\",\"url\":\"https:\\\/\\\/tonysourcing.com\\\/\",\"name\":\"TonySourcing\",\"description\":\"Toys Wholesale Distributor &amp; China Promition Items\",\"publisher\":{\"@id\":\"https:\\\/\\\/tonysourcing.com\\\/#organization\"},\"potentialAction\":[{\"@type\":\"SearchAction\",\"target\":{\"@type\":\"EntryPoint\",\"urlTemplate\":\"https:\\\/\\\/tonysourcing.com\\\/?s={search_term_string}\"},\"query-input\":{\"@type\":\"PropertyValueSpecification\",\"valueRequired\":true,\"valueName\":\"search_term_string\"}}],\"inLanguage\":\"de\"},{\"@type\":\"Organization\",\"@id\":\"https:\\\/\\\/tonysourcing.com\\\/#organization\",\"name\":\"Yiwu Zongge\",\"url\":\"https:\\\/\\\/tonysourcing.com\\\/\",\"logo\":{\"@type\":\"ImageObject\",\"inLanguage\":\"de\",\"@id\":\"https:\\\/\\\/tonysourcing.com\\\/#\\\/schema\\\/logo\\\/image\\\/\",\"url\":\"https:\\\/\\\/tonysourcing.com\\\/wp-content\\\/uploads\\\/2021\\\/07\\\/cropped-TonySourcing-logo-1.png\",\"contentUrl\":\"https:\\\/\\\/tonysourcing.com\\\/wp-content\\\/uploads\\\/2021\\\/07\\\/cropped-TonySourcing-logo-1.png\",\"width\":300,\"height\":92,\"caption\":\"Yiwu Zongge\"},\"image\":{\"@id\":\"https:\\\/\\\/tonysourcing.com\\\/#\\\/schema\\\/logo\\\/image\\\/\"},\"sameAs\":[\"https:\\\/\\\/www.facebook.com\\\/TonySourcing\",\"https:\\\/\\\/x.com\\\/TonySourcing\",\"https:\\\/\\\/www.instagram.com\\\/tony_sourcing\\\/\",\"http:\\\/\\\/www.linkedin.com\\\/in\\\/tonychen88\",\"https:\\\/\\\/www.youtube.com\\\/channel\\\/UCZfST1M-NDoqjQ3dB-Tzszg\"]}]}<\/script>\n<!-- \/ Yoast SEO plugin. -->","yoast_head_json":{"title":"Tanzender Kaktus - Importspielzeug Gro\u00dfhandel vom Hersteller","description":"Importieren Sie tanzende Kakteen vom chinesischen Hersteller. Gutes Produkt und guter Preis. Kontaktieren Sie TonySourcing f\u00fcr den Katalog.","robots":{"index":"index","follow":"follow","max-snippet":"max-snippet:-1","max-image-preview":"max-image-preview:large","max-video-preview":"max-video-preview:-1"},"canonical":"https:\/\/tonysourcing.com\/de\/groshandel\/tanzender-kaktus\/","og_locale":"de_DE","og_type":"article","og_title":"Dancing Cactus - Import Toys Wholesale From Manufacturer","og_description":"Import Dancing Cactus from China Manufacturer, Good Product and Good Price, Contact TonySourcing for Catalog","og_url":"https:\/\/tonysourcing.com\/de\/groshandel\/tanzender-kaktus\/","og_site_name":"TonySourcing","article_publisher":"https:\/\/www.facebook.com\/TonySourcing","article_modified_time":"2025-05-29T00:58:21+00:00","og_image":[{"width":800,"height":800,"url":"https:\/\/tonysourcing.com\/wp-content\/uploads\/2021\/05\/Dancing-Saxophone-Cactus.jpg","type":"image\/jpeg"}],"twitter_card":"summary_large_image","twitter_site":"@TonySourcing","twitter_misc":{"Gesch\u00e4tzte Lesezeit":"2\u00a0Minuten"},"schema":{"@context":"https:\/\/schema.org","@graph":[{"@type":"WebPage","@id":"https:\/\/tonysourcing.com\/wholesale\/dancing-cactus\/","url":"https:\/\/tonysourcing.com\/wholesale\/dancing-cactus\/","name":"Tanzender Kaktus - Importspielzeug Gro\u00dfhandel vom Hersteller","isPartOf":{"@id":"https:\/\/tonysourcing.com\/#website"},"primaryImageOfPage":{"@id":"https:\/\/tonysourcing.com\/wholesale\/dancing-cactus\/#primaryimage"},"image":{"@id":"https:\/\/tonysourcing.com\/wholesale\/dancing-cactus\/#primaryimage"},"thumbnailUrl":"https:\/\/tonysourcing.com\/wp-content\/uploads\/2021\/05\/Dancing-Saxophone-Cactus.jpg","datePublished":"2022-09-14T00:28:23+00:00","dateModified":"2025-05-29T00:58:21+00:00","description":"Importieren Sie tanzende Kakteen vom chinesischen Hersteller. Gutes Produkt und guter Preis. Kontaktieren Sie TonySourcing f\u00fcr den Katalog.","breadcrumb":{"@id":"https:\/\/tonysourcing.com\/wholesale\/dancing-cactus\/#breadcrumb"},"inLanguage":"de","potentialAction":[{"@type":"ReadAction","target":["https:\/\/tonysourcing.com\/wholesale\/dancing-cactus\/"]}]},{"@type":"ImageObject","inLanguage":"de","@id":"https:\/\/tonysourcing.com\/wholesale\/dancing-cactus\/#primaryimage","url":"https:\/\/tonysourcing.com\/wp-content\/uploads\/2021\/05\/Dancing-Saxophone-Cactus.jpg","contentUrl":"https:\/\/tonysourcing.com\/wp-content\/uploads\/2021\/05\/Dancing-Saxophone-Cactus.jpg","width":800,"height":800,"caption":"Dancing Saxophone Cactus"},{"@type":"BreadcrumbList","@id":"https:\/\/tonysourcing.com\/wholesale\/dancing-cactus\/#breadcrumb","itemListElement":[{"@type":"ListItem","position":1,"name":"Home","item":"https:\/\/tonysourcing.com\/"},{"@type":"ListItem","position":2,"name":"Wholesale","item":"https:\/\/tonysourcing.com\/wholesale\/"},{"@type":"ListItem","position":3,"name":"Dancing Cactus"}]},{"@type":"WebSite","@id":"https:\/\/tonysourcing.com\/#website","url":"https:\/\/tonysourcing.com\/","name":"TonySourcing","description":"Spielzeuggro\u00dfh\u00e4ndler und Werbeartikel aus China","publisher":{"@id":"https:\/\/tonysourcing.com\/#organization"},"potentialAction":[{"@type":"SearchAction","target":{"@type":"EntryPoint","urlTemplate":"https:\/\/tonysourcing.com\/?s={search_term_string}"},"query-input":{"@type":"PropertyValueSpecification","valueRequired":true,"valueName":"search_term_string"}}],"inLanguage":"de"},{"@type":"Organization","@id":"https:\/\/tonysourcing.com\/#organization","name":"Yiwu Zongge","url":"https:\/\/tonysourcing.com\/","logo":{"@type":"ImageObject","inLanguage":"de","@id":"https:\/\/tonysourcing.com\/#\/schema\/logo\/image\/","url":"https:\/\/tonysourcing.com\/wp-content\/uploads\/2021\/07\/cropped-TonySourcing-logo-1.png","contentUrl":"https:\/\/tonysourcing.com\/wp-content\/uploads\/2021\/07\/cropped-TonySourcing-logo-1.png","width":300,"height":92,"caption":"Yiwu Zongge"},"image":{"@id":"https:\/\/tonysourcing.com\/#\/schema\/logo\/image\/"},"sameAs":["https:\/\/www.facebook.com\/TonySourcing","https:\/\/x.com\/TonySourcing","https:\/\/www.instagram.com\/tony_sourcing\/","http:\/\/www.linkedin.com\/in\/tonychen88","https:\/\/www.youtube.com\/channel\/UCZfST1M-NDoqjQ3dB-Tzszg"]}]}},"_links":{"self":[{"href":"https:\/\/tonysourcing.com\/de\/wp-json\/wp\/v2\/product\/14262","targetHints":{"allow":["GET"]}}],"collection":[{"href":"https:\/\/tonysourcing.com\/de\/wp-json\/wp\/v2\/product"}],"about":[{"href":"https:\/\/tonysourcing.com\/de\/wp-json\/wp\/v2\/types\/product"}],"version-history":[{"count":3,"href":"https:\/\/tonysourcing.com\/de\/wp-json\/wp\/v2\/product\/14262\/revisions"}],"predecessor-version":[{"id":19255,"href":"https:\/\/tonysourcing.com\/de\/wp-json\/wp\/v2\/product\/14262\/revisions\/19255"}],"wp:featuredmedia":[{"embeddable":true,"href":"https:\/\/tonysourcing.com\/de\/wp-json\/wp\/v2\/media\/12880"}],"wp:attachment":[{"href":"https:\/\/tonysourcing.com\/de\/wp-json\/wp\/v2\/media?parent=14262"}],"wp:term":[{"taxonomy":"product_brand","embeddable":true,"href":"https:\/\/tonysourcing.com\/de\/wp-json\/wp\/v2\/product_brand?post=14262"},{"taxonomy":"product_cat","embeddable":true,"href":"https:\/\/tonysourcing.com\/de\/wp-json\/wp\/v2\/product_cat?post=14262"},{"taxonomy":"product_tag","embeddable":true,"href":"https:\/\/tonysourcing.com\/de\/wp-json\/wp\/v2\/product_tag?post=14262"}],"curies":[{"name":"wp","href":"https:\/\/api.w.org\/{rel}","templated":true}]}}