{"id":15667,"date":"2022-09-10T07:06:34","date_gmt":"2022-09-10T07:06:34","guid":{"rendered":"https:\/\/tonysourcing.com\/?post_type=product&#038;p=15667"},"modified":"2024-10-29T09:26:50","modified_gmt":"2024-10-29T09:26:50","slug":"ferngesteuertes-fliegendes-motorrad","status":"publish","type":"product","link":"https:\/\/tonysourcing.com\/de\/wholesale\/remote-control-flying-motorcycle\/","title":{"rendered":"Ferngesteuerte Land- und Luft-Zwei-in-Eins-Motorrad-Minidrohne"},"content":{"rendered":"<p>Spezifikation:<\/p>\n<p>\u3010Produktname\u3011: Ferngesteuerte Land- und Luft-Zwei-in-Eins-Motorrad-Minidrohne<\/p>\n<p>\u3010Produktcode\u3011: Fly-moto<\/p>\n<p>\u3010Ladezeit\u3011: Etwa 60 Minuten<\/p>\n<p>\u3010Flugh\u00f6he\u3011: 50 Meter<\/p>\n<p>\u3010Geschwindigkeit\u3011: Es gibt 3 Geschwindigkeitsmodi<\/p>\n<p>\u3010Produktspezifikationen\u3011: 12,5 * 7,5 * 8 cm<\/p>\n<p>\u3010Verpackungsmethode\u3011: Fensterbox<\/p>\n<p>\u3010Farbkastenspezifikationen\u3011: 21 * 8 * 17,5 cm<\/p>\n<p>\u3010Gewicht einer Schachtel\u3011: 250 g (0,55 lb)<\/p>\n<p>\u3010Bemerkungen\u3011: Die Fernbedienung, bitte bereiten Sie 3 <a href=\"https:\/\/cmbatteries.com\/custom-battery-packs\/\" target=\"_blank\" rel=\"noopener\">Batterien<\/a> selbst (Das Batteriemodell der Fernbedienung ist: AAA-Batterie (Batterie Nr. 7\/LR03\/AM4) Durchmesser \u044410,5; H\u00f6he 44,5 mm)<\/p>\n<p>Besonderheit<\/p>\n<p>\u3010Konfiguration\u3011: K\u00f6rperbatterie V 250 mAh, Flugzeit 6-8 Minuten<\/p>\n<p>\u3010Funktion\u3011: Land- und Luft-Dual-Use-Zwei-in-Eins, Rollen auf dem Boden, Fliegen in der Luft, Start mit einer Taste, Landung mit einer Taste, R\u00fcckkehr mit einer Taste, Headless-Modus, 360\u00b0-Stuntrolle, brillante Lichter an den Motorradscheinwerfern, 2,4-G-Fernbedienungsger\u00e4t.<\/p>\n<p>\u3010Farbe\u3011: Blau\/Rot<\/p>\n<p>\u3010F\u00e4higkeitsentwicklung\u3011: emotionale, visuelle, greifende, praktische, intellektuelle Entwicklung, sensorische, Augen-Tax-Koordination, interaktives Spielzeug, auditive, Eltern-Kind-Kommunikation, Interessenentwicklung<\/p>","protected":false},"excerpt":{"rendered":"<ul>\n<li>ARTIKELNR.: AL2023072401<\/li>\n<li>Gro\u00dfhandelspreis: <span style=\"color: #ff0000;\">$9.3\/Einheit<\/span><\/li>\n<li>UVP: <span style=\"color: #ff0000;\">$37.66<\/span><\/li>\n<\/ul>","protected":false},"featured_media":15668,"template":"","meta":{"_kad_post_transparent":"","_kad_post_title":"","_kad_post_layout":"","_kad_post_sidebar_id":"","_kad_post_content_style":"","_kad_post_vertical_padding":"","_kad_post_feature":"","_kad_post_feature_position":"","_kad_post_header":false,"_kad_post_footer":false,"_kad_post_classname":""},"product_brand":[],"product_cat":[518],"product_tag":[],"class_list":{"0":"post-15667","1":"product","2":"type-product","3":"status-publish","4":"has-post-thumbnail","6":"product_cat-drone-toys","8":"first","9":"instock","10":"featured","11":"shipping-taxable","12":"product-type-simple","13":"entry","14":"content-bg","15":"loop-entry"},"yoast_head":"<!-- This site is optimized with the Yoast SEO plugin v27.5 - https:\/\/yoast.com\/product\/yoast-seo-wordpress\/ -->\n<title>Remote Control Flying Motorcycle - Import Toys Wholesale Directly From Manufacturer<\/title>\n<meta name=\"description\" content=\"Import Remote Control Flying Motorcycle from China Manufacturer, Good Product and Good Price, Contact TonySourcing for Catalog today\" \/>\n<meta name=\"robots\" content=\"index, follow, max-snippet:-1, max-image-preview:large, max-video-preview:-1\" \/>\n<link rel=\"canonical\" href=\"https:\/\/tonysourcing.com\/de\/groshandel\/ferngesteuertes-fliegendes-motorrad\/\" \/>\n<meta property=\"og:locale\" content=\"de_DE\" \/>\n<meta property=\"og:type\" content=\"article\" \/>\n<meta property=\"og:title\" content=\"Remote Control Flying Motorcycle - Import Toys Wholesale Directly From Manufacturer\" \/>\n<meta property=\"og:description\" content=\"Import Remote Control Flying Motorcycle from China Manufacturer, Good Product and Good Price, Contact TonySourcing for Catalog today\" \/>\n<meta property=\"og:url\" content=\"https:\/\/tonysourcing.com\/de\/groshandel\/ferngesteuertes-fliegendes-motorrad\/\" \/>\n<meta property=\"og:site_name\" content=\"TonySourcing\" \/>\n<meta property=\"article:publisher\" content=\"https:\/\/www.facebook.com\/TonySourcing\" \/>\n<meta property=\"article:modified_time\" content=\"2024-10-29T09:26:50+00:00\" \/>\n<meta property=\"og:image\" content=\"https:\/\/tonysourcing.com\/wp-content\/uploads\/2022\/08\/remote-control-flying-motorcycle.jpg\" \/>\n\t<meta property=\"og:image:width\" content=\"760\" \/>\n\t<meta property=\"og:image:height\" content=\"760\" \/>\n\t<meta property=\"og:image:type\" content=\"image\/jpeg\" \/>\n<meta name=\"twitter:card\" content=\"summary_large_image\" \/>\n<meta name=\"twitter:site\" content=\"@TonySourcing\" \/>\n<meta name=\"twitter:label1\" content=\"Gesch\u00e4tzte Lesezeit\" \/>\n\t<meta name=\"twitter:data1\" content=\"1\u00a0Minute\" \/>\n<script type=\"application\/ld+json\" class=\"yoast-schema-graph\">{\"@context\":\"https:\\\/\\\/schema.org\",\"@graph\":[{\"@type\":\"WebPage\",\"@id\":\"https:\\\/\\\/tonysourcing.com\\\/wholesale\\\/remote-control-flying-motorcycle\\\/\",\"url\":\"https:\\\/\\\/tonysourcing.com\\\/wholesale\\\/remote-control-flying-motorcycle\\\/\",\"name\":\"Remote Control Flying Motorcycle - Import Toys Wholesale Directly From Manufacturer\",\"isPartOf\":{\"@id\":\"https:\\\/\\\/tonysourcing.com\\\/#website\"},\"primaryImageOfPage\":{\"@id\":\"https:\\\/\\\/tonysourcing.com\\\/wholesale\\\/remote-control-flying-motorcycle\\\/#primaryimage\"},\"image\":{\"@id\":\"https:\\\/\\\/tonysourcing.com\\\/wholesale\\\/remote-control-flying-motorcycle\\\/#primaryimage\"},\"thumbnailUrl\":\"https:\\\/\\\/tonysourcing.com\\\/wp-content\\\/uploads\\\/2022\\\/08\\\/remote-control-flying-motorcycle.jpg\",\"datePublished\":\"2022-09-10T07:06:34+00:00\",\"dateModified\":\"2024-10-29T09:26:50+00:00\",\"description\":\"Import Remote Control Flying Motorcycle from China Manufacturer, Good Product and Good Price, Contact TonySourcing for Catalog today\",\"breadcrumb\":{\"@id\":\"https:\\\/\\\/tonysourcing.com\\\/wholesale\\\/remote-control-flying-motorcycle\\\/#breadcrumb\"},\"inLanguage\":\"de\",\"potentialAction\":[{\"@type\":\"ReadAction\",\"target\":[\"https:\\\/\\\/tonysourcing.com\\\/wholesale\\\/remote-control-flying-motorcycle\\\/\"]}]},{\"@type\":\"ImageObject\",\"inLanguage\":\"de\",\"@id\":\"https:\\\/\\\/tonysourcing.com\\\/wholesale\\\/remote-control-flying-motorcycle\\\/#primaryimage\",\"url\":\"https:\\\/\\\/tonysourcing.com\\\/wp-content\\\/uploads\\\/2022\\\/08\\\/remote-control-flying-motorcycle.jpg\",\"contentUrl\":\"https:\\\/\\\/tonysourcing.com\\\/wp-content\\\/uploads\\\/2022\\\/08\\\/remote-control-flying-motorcycle.jpg\",\"width\":760,\"height\":760,\"caption\":\"remote control flying motorcycle\"},{\"@type\":\"BreadcrumbList\",\"@id\":\"https:\\\/\\\/tonysourcing.com\\\/wholesale\\\/remote-control-flying-motorcycle\\\/#breadcrumb\",\"itemListElement\":[{\"@type\":\"ListItem\",\"position\":1,\"name\":\"Home\",\"item\":\"https:\\\/\\\/tonysourcing.com\\\/\"},{\"@type\":\"ListItem\",\"position\":2,\"name\":\"Wholesale\",\"item\":\"https:\\\/\\\/tonysourcing.com\\\/wholesale\\\/\"},{\"@type\":\"ListItem\",\"position\":3,\"name\":\"Remote control land and air two-in-one motorcycle mini drone\"}]},{\"@type\":\"WebSite\",\"@id\":\"https:\\\/\\\/tonysourcing.com\\\/#website\",\"url\":\"https:\\\/\\\/tonysourcing.com\\\/\",\"name\":\"TonySourcing\",\"description\":\"Toys Wholesale Distributor &amp; China Promition Items\",\"publisher\":{\"@id\":\"https:\\\/\\\/tonysourcing.com\\\/#organization\"},\"potentialAction\":[{\"@type\":\"SearchAction\",\"target\":{\"@type\":\"EntryPoint\",\"urlTemplate\":\"https:\\\/\\\/tonysourcing.com\\\/?s={search_term_string}\"},\"query-input\":{\"@type\":\"PropertyValueSpecification\",\"valueRequired\":true,\"valueName\":\"search_term_string\"}}],\"inLanguage\":\"de\"},{\"@type\":\"Organization\",\"@id\":\"https:\\\/\\\/tonysourcing.com\\\/#organization\",\"name\":\"Yiwu Zongge\",\"url\":\"https:\\\/\\\/tonysourcing.com\\\/\",\"logo\":{\"@type\":\"ImageObject\",\"inLanguage\":\"de\",\"@id\":\"https:\\\/\\\/tonysourcing.com\\\/#\\\/schema\\\/logo\\\/image\\\/\",\"url\":\"https:\\\/\\\/tonysourcing.com\\\/wp-content\\\/uploads\\\/2021\\\/07\\\/cropped-TonySourcing-logo-1.png\",\"contentUrl\":\"https:\\\/\\\/tonysourcing.com\\\/wp-content\\\/uploads\\\/2021\\\/07\\\/cropped-TonySourcing-logo-1.png\",\"width\":300,\"height\":92,\"caption\":\"Yiwu Zongge\"},\"image\":{\"@id\":\"https:\\\/\\\/tonysourcing.com\\\/#\\\/schema\\\/logo\\\/image\\\/\"},\"sameAs\":[\"https:\\\/\\\/www.facebook.com\\\/TonySourcing\",\"https:\\\/\\\/x.com\\\/TonySourcing\",\"https:\\\/\\\/www.instagram.com\\\/tony_sourcing\\\/\",\"http:\\\/\\\/www.linkedin.com\\\/in\\\/tonychen88\",\"https:\\\/\\\/www.youtube.com\\\/channel\\\/UCZfST1M-NDoqjQ3dB-Tzszg\"]}]}<\/script>\n<!-- \/ Yoast SEO plugin. -->","yoast_head_json":{"title":"Ferngesteuertes fliegendes Motorrad - Importieren Sie Spielzeug im Gro\u00dfhandel direkt vom Hersteller","description":"Importieren Sie ferngesteuerte fliegende Motorr\u00e4der von einem chinesischen Hersteller. Gutes Produkt und guter Preis. Kontaktieren Sie TonySourcing noch heute f\u00fcr den Katalog.","robots":{"index":"index","follow":"follow","max-snippet":"max-snippet:-1","max-image-preview":"max-image-preview:large","max-video-preview":"max-video-preview:-1"},"canonical":"https:\/\/tonysourcing.com\/de\/groshandel\/ferngesteuertes-fliegendes-motorrad\/","og_locale":"de_DE","og_type":"article","og_title":"Remote Control Flying Motorcycle - Import Toys Wholesale Directly From Manufacturer","og_description":"Import Remote Control Flying Motorcycle from China Manufacturer, Good Product and Good Price, Contact TonySourcing for Catalog today","og_url":"https:\/\/tonysourcing.com\/de\/groshandel\/ferngesteuertes-fliegendes-motorrad\/","og_site_name":"TonySourcing","article_publisher":"https:\/\/www.facebook.com\/TonySourcing","article_modified_time":"2024-10-29T09:26:50+00:00","og_image":[{"width":760,"height":760,"url":"https:\/\/tonysourcing.com\/wp-content\/uploads\/2022\/08\/remote-control-flying-motorcycle.jpg","type":"image\/jpeg"}],"twitter_card":"summary_large_image","twitter_site":"@TonySourcing","twitter_misc":{"Gesch\u00e4tzte Lesezeit":"1\u00a0Minute"},"schema":{"@context":"https:\/\/schema.org","@graph":[{"@type":"WebPage","@id":"https:\/\/tonysourcing.com\/wholesale\/remote-control-flying-motorcycle\/","url":"https:\/\/tonysourcing.com\/wholesale\/remote-control-flying-motorcycle\/","name":"Ferngesteuertes fliegendes Motorrad - Importieren Sie Spielzeug im Gro\u00dfhandel direkt vom Hersteller","isPartOf":{"@id":"https:\/\/tonysourcing.com\/#website"},"primaryImageOfPage":{"@id":"https:\/\/tonysourcing.com\/wholesale\/remote-control-flying-motorcycle\/#primaryimage"},"image":{"@id":"https:\/\/tonysourcing.com\/wholesale\/remote-control-flying-motorcycle\/#primaryimage"},"thumbnailUrl":"https:\/\/tonysourcing.com\/wp-content\/uploads\/2022\/08\/remote-control-flying-motorcycle.jpg","datePublished":"2022-09-10T07:06:34+00:00","dateModified":"2024-10-29T09:26:50+00:00","description":"Importieren Sie ferngesteuerte fliegende Motorr\u00e4der von einem chinesischen Hersteller. Gutes Produkt und guter Preis. Kontaktieren Sie TonySourcing noch heute f\u00fcr den Katalog.","breadcrumb":{"@id":"https:\/\/tonysourcing.com\/wholesale\/remote-control-flying-motorcycle\/#breadcrumb"},"inLanguage":"de","potentialAction":[{"@type":"ReadAction","target":["https:\/\/tonysourcing.com\/wholesale\/remote-control-flying-motorcycle\/"]}]},{"@type":"ImageObject","inLanguage":"de","@id":"https:\/\/tonysourcing.com\/wholesale\/remote-control-flying-motorcycle\/#primaryimage","url":"https:\/\/tonysourcing.com\/wp-content\/uploads\/2022\/08\/remote-control-flying-motorcycle.jpg","contentUrl":"https:\/\/tonysourcing.com\/wp-content\/uploads\/2022\/08\/remote-control-flying-motorcycle.jpg","width":760,"height":760,"caption":"remote control flying motorcycle"},{"@type":"BreadcrumbList","@id":"https:\/\/tonysourcing.com\/wholesale\/remote-control-flying-motorcycle\/#breadcrumb","itemListElement":[{"@type":"ListItem","position":1,"name":"Home","item":"https:\/\/tonysourcing.com\/"},{"@type":"ListItem","position":2,"name":"Wholesale","item":"https:\/\/tonysourcing.com\/wholesale\/"},{"@type":"ListItem","position":3,"name":"Remote control land and air two-in-one motorcycle mini drone"}]},{"@type":"WebSite","@id":"https:\/\/tonysourcing.com\/#website","url":"https:\/\/tonysourcing.com\/","name":"TonySourcing","description":"Spielzeuggro\u00dfh\u00e4ndler und Werbeartikel aus China","publisher":{"@id":"https:\/\/tonysourcing.com\/#organization"},"potentialAction":[{"@type":"SearchAction","target":{"@type":"EntryPoint","urlTemplate":"https:\/\/tonysourcing.com\/?s={search_term_string}"},"query-input":{"@type":"PropertyValueSpecification","valueRequired":true,"valueName":"search_term_string"}}],"inLanguage":"de"},{"@type":"Organization","@id":"https:\/\/tonysourcing.com\/#organization","name":"Yiwu Zongge","url":"https:\/\/tonysourcing.com\/","logo":{"@type":"ImageObject","inLanguage":"de","@id":"https:\/\/tonysourcing.com\/#\/schema\/logo\/image\/","url":"https:\/\/tonysourcing.com\/wp-content\/uploads\/2021\/07\/cropped-TonySourcing-logo-1.png","contentUrl":"https:\/\/tonysourcing.com\/wp-content\/uploads\/2021\/07\/cropped-TonySourcing-logo-1.png","width":300,"height":92,"caption":"Yiwu Zongge"},"image":{"@id":"https:\/\/tonysourcing.com\/#\/schema\/logo\/image\/"},"sameAs":["https:\/\/www.facebook.com\/TonySourcing","https:\/\/x.com\/TonySourcing","https:\/\/www.instagram.com\/tony_sourcing\/","http:\/\/www.linkedin.com\/in\/tonychen88","https:\/\/www.youtube.com\/channel\/UCZfST1M-NDoqjQ3dB-Tzszg"]}]}},"_links":{"self":[{"href":"https:\/\/tonysourcing.com\/de\/wp-json\/wp\/v2\/product\/15667","targetHints":{"allow":["GET"]}}],"collection":[{"href":"https:\/\/tonysourcing.com\/de\/wp-json\/wp\/v2\/product"}],"about":[{"href":"https:\/\/tonysourcing.com\/de\/wp-json\/wp\/v2\/types\/product"}],"version-history":[{"count":6,"href":"https:\/\/tonysourcing.com\/de\/wp-json\/wp\/v2\/product\/15667\/revisions"}],"predecessor-version":[{"id":21598,"href":"https:\/\/tonysourcing.com\/de\/wp-json\/wp\/v2\/product\/15667\/revisions\/21598"}],"wp:featuredmedia":[{"embeddable":true,"href":"https:\/\/tonysourcing.com\/de\/wp-json\/wp\/v2\/media\/15668"}],"wp:attachment":[{"href":"https:\/\/tonysourcing.com\/de\/wp-json\/wp\/v2\/media?parent=15667"}],"wp:term":[{"taxonomy":"product_brand","embeddable":true,"href":"https:\/\/tonysourcing.com\/de\/wp-json\/wp\/v2\/product_brand?post=15667"},{"taxonomy":"product_cat","embeddable":true,"href":"https:\/\/tonysourcing.com\/de\/wp-json\/wp\/v2\/product_cat?post=15667"},{"taxonomy":"product_tag","embeddable":true,"href":"https:\/\/tonysourcing.com\/de\/wp-json\/wp\/v2\/product_tag?post=15667"}],"curies":[{"name":"wp","href":"https:\/\/api.w.org\/{rel}","templated":true}]}}