{"id":16047,"date":"2022-10-26T03:55:25","date_gmt":"2022-10-26T03:55:25","guid":{"rendered":"https:\/\/tonysourcing.com\/?post_type=product&#038;p=16047"},"modified":"2022-10-26T03:59:27","modified_gmt":"2022-10-26T03:59:27","slug":"keychian-for-party","status":"publish","type":"product","link":"https:\/\/tonysourcing.com\/de\/wholesale\/keychian-for-party\/","title":{"rendered":"keychian for party"},"content":{"rendered":"<p><img fetchpriority=\"high\" decoding=\"async\" class=\"aligncenter wp-image-16034 size-full\" src=\"https:\/\/tonysourcing.com\/wp-content\/uploads\/2022\/10\/key-chain-catalog.jpg\" alt=\"\" width=\"1057\" height=\"793\" srcset=\"https:\/\/tonysourcing.com\/wp-content\/uploads\/2022\/10\/key-chain-catalog.jpg 1057w, https:\/\/tonysourcing.com\/wp-content\/uploads\/2022\/10\/key-chain-catalog-300x225.jpg 300w, https:\/\/tonysourcing.com\/wp-content\/uploads\/2022\/10\/key-chain-catalog-800x600.jpg 800w, https:\/\/tonysourcing.com\/wp-content\/uploads\/2022\/10\/key-chain-catalog-768x576.jpg 768w, https:\/\/tonysourcing.com\/wp-content\/uploads\/2022\/10\/key-chain-catalog-600x450.jpg 600w\" sizes=\"(max-width: 1057px) 100vw, 1057px\" \/> <img decoding=\"async\" class=\"aligncenter wp-image-16035 size-full\" src=\"https:\/\/tonysourcing.com\/wp-content\/uploads\/2022\/10\/keychain-catalog.jpg\" alt=\"\" width=\"1055\" height=\"789\" srcset=\"https:\/\/tonysourcing.com\/wp-content\/uploads\/2022\/10\/keychain-catalog.jpg 1055w, https:\/\/tonysourcing.com\/wp-content\/uploads\/2022\/10\/keychain-catalog-300x224.jpg 300w, https:\/\/tonysourcing.com\/wp-content\/uploads\/2022\/10\/keychain-catalog-800x598.jpg 800w, https:\/\/tonysourcing.com\/wp-content\/uploads\/2022\/10\/keychain-catalog-768x574.jpg 768w, https:\/\/tonysourcing.com\/wp-content\/uploads\/2022\/10\/keychain-catalog-600x449.jpg 600w\" sizes=\"(max-width: 1055px) 100vw, 1055px\" \/><\/p>\n<p>&nbsp;<\/p>\n<p>#1 Why buy keychian for party from <a href=\"https:\/\/tonysourcing.com\/de\/\">TonySouring.com<\/a><br \/>\nW\u00e4hlen Sie aus \u00fcber 5.000 chinesischen Spielzeuglieferanten mit \u00fcber 100.000.000 Artikeln<br \/>\nSparen Sie bis zu 60% an Kosten, indem Sie direkt von chinesischen Spielzeugherstellern beziehen<br \/>\nErledigen Sie alles \u00fcber den One-Step-Service von TonySourcing<br \/>\nArbeiten Sie mit dem TonySourcing-Team zusammen, um Wissen und Unterst\u00fctzung beim Spielzeugkauf zu erhalten<\/p>\n<p>#2 What Certification of keychian for party have?<br \/>\nEN71 &amp; CE-Pr\u00fcfbericht: Die europ\u00e4ische Norm EN 71 legt Sicherheitsanforderungen f\u00fcr Spielzeug fest. Die Einhaltung der Norm ist f\u00fcr alle in der Europ\u00e4ischen Union verkauften Spielzeuge gesetzlich vorgeschrieben.<br \/>\nASTM-Testbericht: Nach der neuen Bundesgesetzgebung, die heute in Kraft tritt, m\u00fcssen alle in den USA verkauften Spielzeuge die Sicherheitsanforderungen von ASTM F963 erf\u00fcllen.<\/p>\n<p>#3 What is the best keychian for party?<br \/>\nThe best keychian for party should be with play, learn and smile function.<\/p>\n<p>&gt;&gt;Play-Funktion<br \/>\nLernspielzeuge werden auf der Grundlage von Bereichen wie r\u00e4umlichen Konzepten, mathematischer Logik, intellektueller Entwicklung, Sprachenlernen, Kunstverst\u00e4ndnis und kognitiver Kompetenz entwickelt. Verschiedene Lernspielzeuge k\u00f6nnen die F\u00e4higkeiten von Kindern in verschiedenen Bereichen f\u00f6rdern und ihr angeborenes Potenzial durch lustige Spiele erschlie\u00dfen.<\/p>\n<p>&gt;&gt;Lernfunktion<br \/>\nBringen Sie Kinder dazu, die Initiative zu ergreifen und bereitwillig zu lernen. Spielen ist die Grundlage des Lernens! Wenn ein Kind interessiert ein Spielzeug in die Hand nimmt, zeigt dies, dass sein Gehirn bereits auf Hochtouren arbeitet. Gleichzeitig trainiert das Kind seine motorischen F\u00e4higkeiten, die Auge-Hand-Koordination, Konzentration, Sprach- und Kommunikationsf\u00e4higkeiten, Kreativit\u00e4t, Vorstellungskraft, r\u00e4umliches Vorstellungsverm\u00f6gen, Logik, Probleml\u00f6sungsf\u00e4higkeiten sowie mathematisches Denkverm\u00f6gen.<\/p>\n<p>&gt;&gt;Smile-Funktion:<br \/>\n\u201eSpielen und Lernen\u201c reicht noch nicht aus.<br \/>\nDer sch\u00f6nste Wunsch ist, dass jedes Kind beim Spielen mit Lernspielzeug von Herzen l\u00e4chelt, lernt zu denken und sogar einen Schritt weiter zu gehen und zu erforschen.<\/p>\n<figure id=\"attachment_9946\" aria-describedby=\"caption-attachment-9946\" style=\"width: 1017px\" class=\"wp-caption aligncenter\"><img decoding=\"async\" class=\"size-full wp-image-9946\" src=\"https:\/\/tonysourcing.com\/wp-content\/uploads\/2021\/01\/Noveity-Toys-Catalogue.jpg\" alt=\"Katalog f\u00fcr Neuheitenspielzeug\" width=\"1017\" height=\"423\" srcset=\"https:\/\/tonysourcing.com\/wp-content\/uploads\/2021\/01\/Noveity-Toys-Catalogue.jpg 1017w, https:\/\/tonysourcing.com\/wp-content\/uploads\/2021\/01\/Noveity-Toys-Catalogue-300x125.jpg 300w, https:\/\/tonysourcing.com\/wp-content\/uploads\/2021\/01\/Noveity-Toys-Catalogue-800x333.jpg 800w, https:\/\/tonysourcing.com\/wp-content\/uploads\/2021\/01\/Noveity-Toys-Catalogue-768x319.jpg 768w, https:\/\/tonysourcing.com\/wp-content\/uploads\/2021\/01\/Noveity-Toys-Catalogue-600x250.jpg 600w\" sizes=\"(max-width: 1017px) 100vw, 1017px\" \/><figcaption id=\"caption-attachment-9946\" class=\"wp-caption-text\">Katalog f\u00fcr Neuheitenspielzeug<\/figcaption><\/figure>","protected":false},"excerpt":{"rendered":"<p>Item No.: SU-20220605<\/p>\n<p>&nbsp;<\/p>","protected":false},"featured_media":16049,"template":"","meta":{"_kad_post_transparent":"","_kad_post_title":"","_kad_post_layout":"","_kad_post_sidebar_id":"","_kad_post_content_style":"","_kad_post_vertical_padding":"","_kad_post_feature":"","_kad_post_feature_position":"","_kad_post_header":false,"_kad_post_footer":false,"_kad_post_classname":""},"product_brand":[],"product_cat":[999],"product_tag":[1576],"class_list":{"0":"post-16047","1":"product","2":"type-product","3":"status-publish","4":"has-post-thumbnail","6":"product_cat-novelty-toys","7":"product_tag-poppy-playtime-keychain","9":"first","10":"instock","11":"shipping-taxable","12":"product-type-simple","13":"entry","14":"content-bg","15":"loop-entry"},"yoast_head":"<!-- This site is optimized with the Yoast SEO plugin v27.5 - https:\/\/yoast.com\/product\/yoast-seo-wordpress\/ -->\n<title>keychian for party - Import Toys From ManufacturerPoppy Playtime<\/title>\n<meta name=\"description\" content=\"Import keychian for party from China Manufacturer, Good Product and Good Price, Contact TonySourcing for Catalog today directly\" \/>\n<meta name=\"robots\" content=\"index, follow, max-snippet:-1, max-image-preview:large, max-video-preview:-1\" \/>\n<link rel=\"canonical\" href=\"https:\/\/tonysourcing.com\/de\/groshandel\/keychian-for-party\/\" \/>\n<meta property=\"og:locale\" content=\"de_DE\" \/>\n<meta property=\"og:type\" content=\"article\" \/>\n<meta property=\"og:title\" content=\"keychian for party - Import Toys From ManufacturerPoppy Playtime\" \/>\n<meta property=\"og:description\" content=\"Import keychian for party from China Manufacturer, Good Product and Good Price, Contact TonySourcing for Catalog today directly\" \/>\n<meta property=\"og:url\" content=\"https:\/\/tonysourcing.com\/de\/groshandel\/keychian-for-party\/\" \/>\n<meta property=\"og:site_name\" content=\"TonySourcing\" \/>\n<meta property=\"article:publisher\" content=\"https:\/\/www.facebook.com\/TonySourcing\" \/>\n<meta property=\"article:modified_time\" content=\"2022-10-26T03:59:27+00:00\" \/>\n<meta property=\"og:image\" content=\"https:\/\/tonysourcing.com\/wp-content\/uploads\/2022\/10\/Halloween-key-chain.jpg\" \/>\n\t<meta property=\"og:image:width\" content=\"569\" \/>\n\t<meta property=\"og:image:height\" content=\"517\" \/>\n\t<meta property=\"og:image:type\" content=\"image\/jpeg\" \/>\n<meta name=\"twitter:card\" content=\"summary_large_image\" \/>\n<meta name=\"twitter:site\" content=\"@TonySourcing\" \/>\n<meta name=\"twitter:label1\" content=\"Gesch\u00e4tzte Lesezeit\" \/>\n\t<meta name=\"twitter:data1\" content=\"2\u00a0Minuten\" \/>\n<script type=\"application\/ld+json\" class=\"yoast-schema-graph\">{\"@context\":\"https:\\\/\\\/schema.org\",\"@graph\":[{\"@type\":\"WebPage\",\"@id\":\"https:\\\/\\\/tonysourcing.com\\\/wholesale\\\/keychian-for-party\\\/\",\"url\":\"https:\\\/\\\/tonysourcing.com\\\/wholesale\\\/keychian-for-party\\\/\",\"name\":\"keychian for party - Import Toys From ManufacturerPoppy Playtime\",\"isPartOf\":{\"@id\":\"https:\\\/\\\/tonysourcing.com\\\/#website\"},\"primaryImageOfPage\":{\"@id\":\"https:\\\/\\\/tonysourcing.com\\\/wholesale\\\/keychian-for-party\\\/#primaryimage\"},\"image\":{\"@id\":\"https:\\\/\\\/tonysourcing.com\\\/wholesale\\\/keychian-for-party\\\/#primaryimage\"},\"thumbnailUrl\":\"https:\\\/\\\/tonysourcing.com\\\/wp-content\\\/uploads\\\/2022\\\/10\\\/Halloween-key-chain.jpg\",\"datePublished\":\"2022-10-26T03:55:25+00:00\",\"dateModified\":\"2022-10-26T03:59:27+00:00\",\"description\":\"Import keychian for party from China Manufacturer, Good Product and Good Price, Contact TonySourcing for Catalog today directly\",\"breadcrumb\":{\"@id\":\"https:\\\/\\\/tonysourcing.com\\\/wholesale\\\/keychian-for-party\\\/#breadcrumb\"},\"inLanguage\":\"de\",\"potentialAction\":[{\"@type\":\"ReadAction\",\"target\":[\"https:\\\/\\\/tonysourcing.com\\\/wholesale\\\/keychian-for-party\\\/\"]}]},{\"@type\":\"ImageObject\",\"inLanguage\":\"de\",\"@id\":\"https:\\\/\\\/tonysourcing.com\\\/wholesale\\\/keychian-for-party\\\/#primaryimage\",\"url\":\"https:\\\/\\\/tonysourcing.com\\\/wp-content\\\/uploads\\\/2022\\\/10\\\/Halloween-key-chain.jpg\",\"contentUrl\":\"https:\\\/\\\/tonysourcing.com\\\/wp-content\\\/uploads\\\/2022\\\/10\\\/Halloween-key-chain.jpg\",\"width\":569,\"height\":517},{\"@type\":\"BreadcrumbList\",\"@id\":\"https:\\\/\\\/tonysourcing.com\\\/wholesale\\\/keychian-for-party\\\/#breadcrumb\",\"itemListElement\":[{\"@type\":\"ListItem\",\"position\":1,\"name\":\"Home\",\"item\":\"https:\\\/\\\/tonysourcing.com\\\/\"},{\"@type\":\"ListItem\",\"position\":2,\"name\":\"Wholesale\",\"item\":\"https:\\\/\\\/tonysourcing.com\\\/wholesale\\\/\"},{\"@type\":\"ListItem\",\"position\":3,\"name\":\"keychian for party\"}]},{\"@type\":\"WebSite\",\"@id\":\"https:\\\/\\\/tonysourcing.com\\\/#website\",\"url\":\"https:\\\/\\\/tonysourcing.com\\\/\",\"name\":\"TonySourcing\",\"description\":\"Toys Wholesale Distributor &amp; China Promition Items\",\"publisher\":{\"@id\":\"https:\\\/\\\/tonysourcing.com\\\/#organization\"},\"potentialAction\":[{\"@type\":\"SearchAction\",\"target\":{\"@type\":\"EntryPoint\",\"urlTemplate\":\"https:\\\/\\\/tonysourcing.com\\\/?s={search_term_string}\"},\"query-input\":{\"@type\":\"PropertyValueSpecification\",\"valueRequired\":true,\"valueName\":\"search_term_string\"}}],\"inLanguage\":\"de\"},{\"@type\":\"Organization\",\"@id\":\"https:\\\/\\\/tonysourcing.com\\\/#organization\",\"name\":\"Yiwu Zongge\",\"url\":\"https:\\\/\\\/tonysourcing.com\\\/\",\"logo\":{\"@type\":\"ImageObject\",\"inLanguage\":\"de\",\"@id\":\"https:\\\/\\\/tonysourcing.com\\\/#\\\/schema\\\/logo\\\/image\\\/\",\"url\":\"https:\\\/\\\/tonysourcing.com\\\/wp-content\\\/uploads\\\/2021\\\/07\\\/cropped-TonySourcing-logo-1.png\",\"contentUrl\":\"https:\\\/\\\/tonysourcing.com\\\/wp-content\\\/uploads\\\/2021\\\/07\\\/cropped-TonySourcing-logo-1.png\",\"width\":300,\"height\":92,\"caption\":\"Yiwu Zongge\"},\"image\":{\"@id\":\"https:\\\/\\\/tonysourcing.com\\\/#\\\/schema\\\/logo\\\/image\\\/\"},\"sameAs\":[\"https:\\\/\\\/www.facebook.com\\\/TonySourcing\",\"https:\\\/\\\/x.com\\\/TonySourcing\",\"https:\\\/\\\/www.instagram.com\\\/tony_sourcing\\\/\",\"http:\\\/\\\/www.linkedin.com\\\/in\\\/tonychen88\",\"https:\\\/\\\/www.youtube.com\\\/channel\\\/UCZfST1M-NDoqjQ3dB-Tzszg\"]}]}<\/script>\n<!-- \/ Yoast SEO plugin. -->","yoast_head_json":{"title":"keychian for party - Import Toys From ManufacturerPoppy Playtime","description":"Import keychian for party from China Manufacturer, Good Product and Good Price, Contact TonySourcing for Catalog today directly","robots":{"index":"index","follow":"follow","max-snippet":"max-snippet:-1","max-image-preview":"max-image-preview:large","max-video-preview":"max-video-preview:-1"},"canonical":"https:\/\/tonysourcing.com\/de\/groshandel\/keychian-for-party\/","og_locale":"de_DE","og_type":"article","og_title":"keychian for party - Import Toys From ManufacturerPoppy Playtime","og_description":"Import keychian for party from China Manufacturer, Good Product and Good Price, Contact TonySourcing for Catalog today directly","og_url":"https:\/\/tonysourcing.com\/de\/groshandel\/keychian-for-party\/","og_site_name":"TonySourcing","article_publisher":"https:\/\/www.facebook.com\/TonySourcing","article_modified_time":"2022-10-26T03:59:27+00:00","og_image":[{"width":569,"height":517,"url":"https:\/\/tonysourcing.com\/wp-content\/uploads\/2022\/10\/Halloween-key-chain.jpg","type":"image\/jpeg"}],"twitter_card":"summary_large_image","twitter_site":"@TonySourcing","twitter_misc":{"Gesch\u00e4tzte Lesezeit":"2\u00a0Minuten"},"schema":{"@context":"https:\/\/schema.org","@graph":[{"@type":"WebPage","@id":"https:\/\/tonysourcing.com\/wholesale\/keychian-for-party\/","url":"https:\/\/tonysourcing.com\/wholesale\/keychian-for-party\/","name":"keychian for party - Import Toys From ManufacturerPoppy Playtime","isPartOf":{"@id":"https:\/\/tonysourcing.com\/#website"},"primaryImageOfPage":{"@id":"https:\/\/tonysourcing.com\/wholesale\/keychian-for-party\/#primaryimage"},"image":{"@id":"https:\/\/tonysourcing.com\/wholesale\/keychian-for-party\/#primaryimage"},"thumbnailUrl":"https:\/\/tonysourcing.com\/wp-content\/uploads\/2022\/10\/Halloween-key-chain.jpg","datePublished":"2022-10-26T03:55:25+00:00","dateModified":"2022-10-26T03:59:27+00:00","description":"Import keychian for party from China Manufacturer, Good Product and Good Price, Contact TonySourcing for Catalog today directly","breadcrumb":{"@id":"https:\/\/tonysourcing.com\/wholesale\/keychian-for-party\/#breadcrumb"},"inLanguage":"de","potentialAction":[{"@type":"ReadAction","target":["https:\/\/tonysourcing.com\/wholesale\/keychian-for-party\/"]}]},{"@type":"ImageObject","inLanguage":"de","@id":"https:\/\/tonysourcing.com\/wholesale\/keychian-for-party\/#primaryimage","url":"https:\/\/tonysourcing.com\/wp-content\/uploads\/2022\/10\/Halloween-key-chain.jpg","contentUrl":"https:\/\/tonysourcing.com\/wp-content\/uploads\/2022\/10\/Halloween-key-chain.jpg","width":569,"height":517},{"@type":"BreadcrumbList","@id":"https:\/\/tonysourcing.com\/wholesale\/keychian-for-party\/#breadcrumb","itemListElement":[{"@type":"ListItem","position":1,"name":"Home","item":"https:\/\/tonysourcing.com\/"},{"@type":"ListItem","position":2,"name":"Wholesale","item":"https:\/\/tonysourcing.com\/wholesale\/"},{"@type":"ListItem","position":3,"name":"keychian for party"}]},{"@type":"WebSite","@id":"https:\/\/tonysourcing.com\/#website","url":"https:\/\/tonysourcing.com\/","name":"TonySourcing","description":"Spielzeuggro\u00dfh\u00e4ndler und Werbeartikel aus China","publisher":{"@id":"https:\/\/tonysourcing.com\/#organization"},"potentialAction":[{"@type":"SearchAction","target":{"@type":"EntryPoint","urlTemplate":"https:\/\/tonysourcing.com\/?s={search_term_string}"},"query-input":{"@type":"PropertyValueSpecification","valueRequired":true,"valueName":"search_term_string"}}],"inLanguage":"de"},{"@type":"Organization","@id":"https:\/\/tonysourcing.com\/#organization","name":"Yiwu Zongge","url":"https:\/\/tonysourcing.com\/","logo":{"@type":"ImageObject","inLanguage":"de","@id":"https:\/\/tonysourcing.com\/#\/schema\/logo\/image\/","url":"https:\/\/tonysourcing.com\/wp-content\/uploads\/2021\/07\/cropped-TonySourcing-logo-1.png","contentUrl":"https:\/\/tonysourcing.com\/wp-content\/uploads\/2021\/07\/cropped-TonySourcing-logo-1.png","width":300,"height":92,"caption":"Yiwu Zongge"},"image":{"@id":"https:\/\/tonysourcing.com\/#\/schema\/logo\/image\/"},"sameAs":["https:\/\/www.facebook.com\/TonySourcing","https:\/\/x.com\/TonySourcing","https:\/\/www.instagram.com\/tony_sourcing\/","http:\/\/www.linkedin.com\/in\/tonychen88","https:\/\/www.youtube.com\/channel\/UCZfST1M-NDoqjQ3dB-Tzszg"]}]}},"_links":{"self":[{"href":"https:\/\/tonysourcing.com\/de\/wp-json\/wp\/v2\/product\/16047","targetHints":{"allow":["GET"]}}],"collection":[{"href":"https:\/\/tonysourcing.com\/de\/wp-json\/wp\/v2\/product"}],"about":[{"href":"https:\/\/tonysourcing.com\/de\/wp-json\/wp\/v2\/types\/product"}],"version-history":[{"count":1,"href":"https:\/\/tonysourcing.com\/de\/wp-json\/wp\/v2\/product\/16047\/revisions"}],"predecessor-version":[{"id":16051,"href":"https:\/\/tonysourcing.com\/de\/wp-json\/wp\/v2\/product\/16047\/revisions\/16051"}],"wp:featuredmedia":[{"embeddable":true,"href":"https:\/\/tonysourcing.com\/de\/wp-json\/wp\/v2\/media\/16049"}],"wp:attachment":[{"href":"https:\/\/tonysourcing.com\/de\/wp-json\/wp\/v2\/media?parent=16047"}],"wp:term":[{"taxonomy":"product_brand","embeddable":true,"href":"https:\/\/tonysourcing.com\/de\/wp-json\/wp\/v2\/product_brand?post=16047"},{"taxonomy":"product_cat","embeddable":true,"href":"https:\/\/tonysourcing.com\/de\/wp-json\/wp\/v2\/product_cat?post=16047"},{"taxonomy":"product_tag","embeddable":true,"href":"https:\/\/tonysourcing.com\/de\/wp-json\/wp\/v2\/product_tag?post=16047"}],"curies":[{"name":"wp","href":"https:\/\/api.w.org\/{rel}","templated":true}]}}