{"id":17659,"date":"2023-04-11T02:22:28","date_gmt":"2023-04-11T02:22:28","guid":{"rendered":"https:\/\/tonysourcing.com\/?post_type=product&#038;p=17659"},"modified":"2023-08-30T09:59:26","modified_gmt":"2023-08-30T09:59:26","slug":"folienballon-mit-regentropfenkegeln","status":"publish","type":"product","link":"https:\/\/tonysourcing.com\/de\/wholesale\/raindrop-cones-foil-balloon\/","title":{"rendered":"Folienballon \u201eRegentropfenkegel\u201c"},"content":{"rendered":"<h2 style=\"text-align: center\">Sonstige<\/h2>\n<p><img fetchpriority=\"high\" decoding=\"async\" class=\"wp-image-18217 aligncenter\" src=\"https:\/\/tonysourcing.com\/wp-content\/uploads\/2023\/04\/H767381f2f19144d4944c5623daaedfd6o.jpg\" alt=\"Mini-Folienballon\" width=\"873\" height=\"873\" srcset=\"https:\/\/tonysourcing.com\/wp-content\/uploads\/2023\/04\/H767381f2f19144d4944c5623daaedfd6o.jpg 750w, https:\/\/tonysourcing.com\/wp-content\/uploads\/2023\/04\/H767381f2f19144d4944c5623daaedfd6o-300x300.jpg 300w, https:\/\/tonysourcing.com\/wp-content\/uploads\/2023\/04\/H767381f2f19144d4944c5623daaedfd6o-150x150.jpg 150w, https:\/\/tonysourcing.com\/wp-content\/uploads\/2023\/04\/H767381f2f19144d4944c5623daaedfd6o-600x600.jpg 600w, https:\/\/tonysourcing.com\/wp-content\/uploads\/2023\/04\/H767381f2f19144d4944c5623daaedfd6o-200x200.jpg 200w, https:\/\/tonysourcing.com\/wp-content\/uploads\/2023\/04\/H767381f2f19144d4944c5623daaedfd6o-100x100.jpg 100w\" sizes=\"(max-width: 873px) 100vw, 873px\" \/><img decoding=\"async\" class=\"wp-image-19203 aligncenter\" src=\"https:\/\/tonysourcing.com\/wp-content\/uploads\/2023\/04\/Raindrop-Cones-foil-balloon.jpg\" alt=\"Folienballon \u201eRegentropfenkegel\u201c\" width=\"833\" height=\"833\" srcset=\"https:\/\/tonysourcing.com\/wp-content\/uploads\/2023\/04\/Raindrop-Cones-foil-balloon.jpg 750w, https:\/\/tonysourcing.com\/wp-content\/uploads\/2023\/04\/Raindrop-Cones-foil-balloon-300x300.jpg 300w, https:\/\/tonysourcing.com\/wp-content\/uploads\/2023\/04\/Raindrop-Cones-foil-balloon-150x150.jpg 150w, https:\/\/tonysourcing.com\/wp-content\/uploads\/2023\/04\/Raindrop-Cones-foil-balloon-600x600.jpg 600w, https:\/\/tonysourcing.com\/wp-content\/uploads\/2023\/04\/Raindrop-Cones-foil-balloon-200x200.jpg 200w, https:\/\/tonysourcing.com\/wp-content\/uploads\/2023\/04\/Raindrop-Cones-foil-balloon-100x100.jpg 100w\" sizes=\"(max-width: 833px) 100vw, 833px\" \/><\/p>\n<p>&nbsp;<\/p>\n<table class=\"hight-light-first-column all magic-4\">\n<tbody>\n<tr>\n<td colspan=\"1\" rowspan=\"1\">\n<div class=\"magic-5\" data-spm-anchor-id=\"a2700.details.0.i88.145d66d6O8OhAC\"><b>Artikel<\/b><\/div>\n<\/td>\n<td colspan=\"1\" rowspan=\"1\">\n<div class=\"magic-6\">Folienballon \u201eRegentropfenkegel\u201c\/Folienballon \u201eStarburst\u201c<\/div>\n<\/td>\n<\/tr>\n<tr>\n<td colspan=\"1\" rowspan=\"1\">\n<div class=\"magic-5\" data-spm-anchor-id=\"a2700.details.0.i89.145d66d6O8OhAC\"><b>Material<\/b><\/div>\n<\/td>\n<td colspan=\"1\" rowspan=\"1\">\n<div class=\"magic-6\">Aluminiumfolie<\/div>\n<\/td>\n<\/tr>\n<tr>\n<td colspan=\"1\" rowspan=\"1\">\n<div class=\"magic-5\"><b>F\u00fcllgas<\/b><\/div>\n<\/td>\n<td colspan=\"1\" rowspan=\"1\">\n<div class=\"magic-6\">Luft oder Helium<\/div>\n<\/td>\n<\/tr>\n<tr>\n<td colspan=\"1\" rowspan=\"1\">\n<div class=\"magic-5\"><b>Form<\/b><\/div>\n<\/td>\n<td colspan=\"1\" rowspan=\"1\">\n<div class=\"magic-6\">Stern<\/div>\n<\/td>\n<\/tr>\n<tr>\n<td colspan=\"1\" rowspan=\"1\">\n<div class=\"magic-5\"><b>Gr\u00f6\u00dfe<\/b><\/div>\n<\/td>\n<td colspan=\"1\" rowspan=\"1\">\n<div class=\"magic-6\">26 Zoll\/40 Zoll<\/div>\n<\/td>\n<\/tr>\n<tr>\n<td colspan=\"1\" rowspan=\"1\">\n<div class=\"magic-5\"><b>Abtastzeit<\/b><\/div>\n<\/td>\n<td colspan=\"1\" rowspan=\"1\">\n<div class=\"magic-6\" data-spm-anchor-id=\"a2700.details.0.i61.145d66d6O8OhAC\">5 \u2013 7 Tage<\/div>\n<\/td>\n<\/tr>\n<tr>\n<td colspan=\"1\" rowspan=\"1\">\n<div class=\"magic-5\"><b>Produktionszeit<\/b><\/div>\n<\/td>\n<td colspan=\"1\" rowspan=\"1\">\n<div class=\"magic-6\" data-spm-anchor-id=\"a2700.details.0.i62.145d66d6O8OhAC\">10 \u2013 30 Tage, abh\u00e4ngig von der Menge<\/div>\n<\/td>\n<\/tr>\n<tr>\n<td colspan=\"1\" rowspan=\"1\">\n<div class=\"magic-5\"><b>Farbe<\/b><\/div>\n<\/td>\n<td colspan=\"1\" rowspan=\"1\">\n<div class=\"magic-6\" data-spm-anchor-id=\"a2700.details.0.i63.145d66d6O8OhAC\">als Bild<\/div>\n<\/td>\n<\/tr>\n<tr>\n<td colspan=\"1\" rowspan=\"1\">\n<div class=\"magic-5\"><b>Ma\u00dfgeschneidert<\/b><\/div>\n<\/td>\n<td colspan=\"1\" rowspan=\"1\">\n<div class=\"magic-6\" data-spm-anchor-id=\"a2700.details.0.i64.145d66d6O8OhAC\">OEM\/ODM akzeptabel<\/div>\n<\/td>\n<\/tr>\n<tr>\n<td colspan=\"1\" rowspan=\"1\">\n<div class=\"magic-5\"><b>Mindestbestellmenge<\/b><\/div>\n<\/td>\n<td colspan=\"1\" rowspan=\"1\">\n<div class=\"magic-6\">50 St\u00fcck<\/div>\n<\/td>\n<\/tr>\n<tr>\n<td colspan=\"1\" rowspan=\"1\">\n<div class=\"magic-5\"><b>Paket<\/b><\/div>\n<\/td>\n<td colspan=\"1\" rowspan=\"1\">\n<div class=\"magic-6\" data-spm-anchor-id=\"a2700.details.0.i76.145d66d6O8OhAC\">50 St\u00fcck\/Opp-Beutel<\/div>\n<\/td>\n<\/tr>\n<tr>\n<td colspan=\"1\" rowspan=\"1\">\n<div class=\"magic-5\"><b>Zahlung<\/b><\/div>\n<\/td>\n<td colspan=\"1\" rowspan=\"1\">\n<div class=\"magic-6\">Bank\u00fcberweisung\/Paypal<\/div>\n<\/td>\n<\/tr>\n<tr>\n<td colspan=\"1\" rowspan=\"1\">\n<div class=\"magic-5\"><b>Verwendung<\/b><\/div>\n<\/td>\n<td colspan=\"1\" rowspan=\"1\">\n<div class=\"magic-6\" data-spm-anchor-id=\"a2700.details.0.i60.145d66d6O8OhAC\">Ballonprodukte k\u00f6nnen f\u00fcr Geburtstagsfeiern, Babypartys, Jubil\u00e4en, Hochzeiten, als Werbegeschenk und f\u00fcr Bankette verwendet werden.<\/div>\n<\/td>\n<\/tr>\n<\/tbody>\n<\/table>\n<p>&nbsp;<\/p>\n<h2><strong>H\u00e4ufig gestellte Fragen<\/strong><\/h2>\n<p><strong>1. Wie wird der Ballon aufgeblasen?<\/strong><\/p>\n<p>a. F\u00fchren Sie vorsichtig einen Plastikstrohhalm oder eine Heliumd\u00fcse in die \u00d6ffnung des Ballons ein.<br \/>\nb. In den Strohhalm blasen<br \/>\nc. Verschlie\u00dfen Sie den Ballon, indem Sie mit Daumen und Zeigefinger auf das Ballonende dr\u00fccken.<\/p>\n<p data-spm-anchor-id=\"a2700.details.0.i40.3feb68de1h7gLn\"><strong>2. Wie l\u00e4sst man die Luft aus dem Ballon ab?<\/strong><\/p>\n<p data-spm-anchor-id=\"a2700.details.0.i40.3feb68de1h7gLn\">a. F\u00fchren Sie vorsichtig einen langen Strohhalm in die \u00d6ffnung des Ballons ein, bis Sie sp\u00fcren, wie die Luft aus dem Strohhalm str\u00f6mt.<br \/>\nb. Wenn die Luft aus dem Strohhalm zu str\u00f6men beginnt, dr\u00fccken Sie mit der Handfl\u00e4che vorsichtig auf den Ballonk\u00f6rper, bis die gesamte Luft oder das Helium entwichen ist.<br \/>\nc. Zusammenfalten und einpacken f\u00fcr die n\u00e4chste Feier<\/p>\n<p data-spm-anchor-id=\"a2700.details.0.i40.3feb68de1h7gLn\"><strong>3. Wie kann ich Sie kontaktieren?<\/strong><\/p>\n<p data-spm-anchor-id=\"a2700.details.0.i42.3feb68de1h7gLn\">Sie k\u00f6nnen uns eine Anfrage senden. Ich werde Ihnen innerhalb von 24 Stunden antworten. Oder Sie k\u00f6nnen mich \u00fcber WhatsApp (+86-18128173928) kontaktieren.<\/p>\n<p><strong>4. Sind die Preise und Mindestbestellmengen auf der Website korrekt?<\/strong><\/p>\n<p>Ja, das stimmt, die meisten Produkte sind auf Lager. Teilen Sie mir einfach die Bestellmenge und Einzelheiten mit, und ich pr\u00fcfe den besten Preis und die Versandkosten f\u00fcr Sie.<\/p>\n<p><strong>5. Wie gebe ich eine Bestellung auf?<\/strong><\/p>\n<p>Nachdem wir die Bestelldetails best\u00e4tigt haben, teilen Sie mir bitte den Empf\u00e4nger, die Adresse und die Telefonnummer mit. Ich sende Ihnen dann eine Proforma-Rechnung mit detaillierten Zahlungsbedingungen. Sie k\u00f6nnen die bequemste Zahlungsmethode w\u00e4hlen.<\/p>\n<p><strong>6. Wie ist die Qualit\u00e4t der Ware?<\/strong><\/p>\n<p>Bestellungen werden vor dem Versand einzeln gepr\u00fcft, bei Ballons gelten jedoch weniger als 3% M\u00e4ngel als normal.<\/p>\n<p>Keine Sorge, wenn das Produkt mehr als 3% besch\u00e4digt ist, k\u00f6nnen Sie mir ein Foto des besch\u00e4digten Produkts schicken und ich schicke Ihnen das intakte Produkt bei Ihrer n\u00e4chsten Bestellung oder erstatte Ihnen den Kaufpreis zur\u00fcck.<\/p>\n<p><strong>7. Wie lange ist die Liefer- und Lieferzeit?<\/strong><\/p>\n<p>Normalerweise werden Bestellungen innerhalb von 3 bis 4 Tagen versendet. Die Expressversandzeit betr\u00e4gt ca. 5 bis 8 Werktage, die Luftfrachtzeit ca. 10 bis 12 Werktage und die Seefrachtzeit ca. 30 bis 32 Werktage.<\/p>\n<p><strong>8. Akzeptieren Sie kundenspezifische Bestellungen und Logos?<\/strong><\/p>\n<p>Sicher, senden Sie uns bitte Ihr Logo und Ihre detaillierten Anforderungen. Wir beraten Sie professionell und erstellen Ihnen ein passendes Design. Ein Muster ist verf\u00fcgbar.<\/p>\n<p data-spm-anchor-id=\"a2700.details.0.i40.3feb68de1h7gLn\"><img decoding=\"async\" class=\"alignnone size-full wp-image-18180\" src=\"https:\/\/tonysourcing.com\/wp-content\/uploads\/2023\/05\/H448ea90e0ee8477d95f3905c4ac5b331m.jpg\" alt=\"\" width=\"1000\" height=\"755\" srcset=\"https:\/\/tonysourcing.com\/wp-content\/uploads\/2023\/05\/H448ea90e0ee8477d95f3905c4ac5b331m.jpg 1000w, https:\/\/tonysourcing.com\/wp-content\/uploads\/2023\/05\/H448ea90e0ee8477d95f3905c4ac5b331m-300x227.jpg 300w, https:\/\/tonysourcing.com\/wp-content\/uploads\/2023\/05\/H448ea90e0ee8477d95f3905c4ac5b331m-800x604.jpg 800w, https:\/\/tonysourcing.com\/wp-content\/uploads\/2023\/05\/H448ea90e0ee8477d95f3905c4ac5b331m-768x580.jpg 768w, https:\/\/tonysourcing.com\/wp-content\/uploads\/2023\/05\/H448ea90e0ee8477d95f3905c4ac5b331m-600x453.jpg 600w\" sizes=\"(max-width: 1000px) 100vw, 1000px\" \/> <img loading=\"lazy\" decoding=\"async\" class=\"alignnone size-full wp-image-18181\" src=\"https:\/\/tonysourcing.com\/wp-content\/uploads\/2023\/05\/H850bcf35ce5a481a8db5841b8cef2c4aw.jpg\" alt=\"\" width=\"1000\" height=\"682\" srcset=\"https:\/\/tonysourcing.com\/wp-content\/uploads\/2023\/05\/H850bcf35ce5a481a8db5841b8cef2c4aw.jpg 1000w, https:\/\/tonysourcing.com\/wp-content\/uploads\/2023\/05\/H850bcf35ce5a481a8db5841b8cef2c4aw-300x205.jpg 300w, https:\/\/tonysourcing.com\/wp-content\/uploads\/2023\/05\/H850bcf35ce5a481a8db5841b8cef2c4aw-800x546.jpg 800w, https:\/\/tonysourcing.com\/wp-content\/uploads\/2023\/05\/H850bcf35ce5a481a8db5841b8cef2c4aw-768x524.jpg 768w, https:\/\/tonysourcing.com\/wp-content\/uploads\/2023\/05\/H850bcf35ce5a481a8db5841b8cef2c4aw-600x409.jpg 600w\" sizes=\"(max-width: 1000px) 100vw, 1000px\" \/> <img loading=\"lazy\" decoding=\"async\" class=\"alignnone size-full wp-image-18178\" src=\"https:\/\/tonysourcing.com\/wp-content\/uploads\/2023\/05\/H6c744bfddc044f2ba9fcb092fcac1660F.jpg\" alt=\"\" width=\"1000\" height=\"1019\" srcset=\"https:\/\/tonysourcing.com\/wp-content\/uploads\/2023\/05\/H6c744bfddc044f2ba9fcb092fcac1660F.jpg 1000w, https:\/\/tonysourcing.com\/wp-content\/uploads\/2023\/05\/H6c744bfddc044f2ba9fcb092fcac1660F-294x300.jpg 294w, https:\/\/tonysourcing.com\/wp-content\/uploads\/2023\/05\/H6c744bfddc044f2ba9fcb092fcac1660F-785x800.jpg 785w, https:\/\/tonysourcing.com\/wp-content\/uploads\/2023\/05\/H6c744bfddc044f2ba9fcb092fcac1660F-768x783.jpg 768w, https:\/\/tonysourcing.com\/wp-content\/uploads\/2023\/05\/H6c744bfddc044f2ba9fcb092fcac1660F-600x611.jpg 600w\" sizes=\"(max-width: 1000px) 100vw, 1000px\" \/> <img loading=\"lazy\" decoding=\"async\" class=\"alignnone size-full wp-image-18179\" src=\"https:\/\/tonysourcing.com\/wp-content\/uploads\/2023\/05\/H9dfb32f213184a34adb3e05737d0e9ae6.jpg\" alt=\"\" width=\"1000\" height=\"1446\" srcset=\"https:\/\/tonysourcing.com\/wp-content\/uploads\/2023\/05\/H9dfb32f213184a34adb3e05737d0e9ae6.jpg 1000w, https:\/\/tonysourcing.com\/wp-content\/uploads\/2023\/05\/H9dfb32f213184a34adb3e05737d0e9ae6-207x300.jpg 207w, https:\/\/tonysourcing.com\/wp-content\/uploads\/2023\/05\/H9dfb32f213184a34adb3e05737d0e9ae6-553x800.jpg 553w, https:\/\/tonysourcing.com\/wp-content\/uploads\/2023\/05\/H9dfb32f213184a34adb3e05737d0e9ae6-768x1111.jpg 768w, https:\/\/tonysourcing.com\/wp-content\/uploads\/2023\/05\/H9dfb32f213184a34adb3e05737d0e9ae6-600x868.jpg 600w\" sizes=\"(max-width: 1000px) 100vw, 1000px\" \/> <img loading=\"lazy\" decoding=\"async\" class=\"alignnone size-full wp-image-18194\" src=\"https:\/\/tonysourcing.com\/wp-content\/uploads\/2023\/04\/H85f3579a2e3a4d5ab5d4a2a56975fcb8F.jpg\" alt=\"\" width=\"1000\" height=\"968\" srcset=\"https:\/\/tonysourcing.com\/wp-content\/uploads\/2023\/04\/H85f3579a2e3a4d5ab5d4a2a56975fcb8F.jpg 1000w, https:\/\/tonysourcing.com\/wp-content\/uploads\/2023\/04\/H85f3579a2e3a4d5ab5d4a2a56975fcb8F-300x290.jpg 300w, https:\/\/tonysourcing.com\/wp-content\/uploads\/2023\/04\/H85f3579a2e3a4d5ab5d4a2a56975fcb8F-800x774.jpg 800w, https:\/\/tonysourcing.com\/wp-content\/uploads\/2023\/04\/H85f3579a2e3a4d5ab5d4a2a56975fcb8F-768x743.jpg 768w, https:\/\/tonysourcing.com\/wp-content\/uploads\/2023\/04\/H85f3579a2e3a4d5ab5d4a2a56975fcb8F-600x581.jpg 600w\" sizes=\"(max-width: 1000px) 100vw, 1000px\" \/> <img loading=\"lazy\" decoding=\"async\" class=\"alignnone size-full wp-image-18195\" src=\"https:\/\/tonysourcing.com\/wp-content\/uploads\/2023\/04\/H57236eb7d25847c68bc999a215e45469m.jpg\" alt=\"\" width=\"1000\" height=\"882\" srcset=\"https:\/\/tonysourcing.com\/wp-content\/uploads\/2023\/04\/H57236eb7d25847c68bc999a215e45469m.jpg 1000w, https:\/\/tonysourcing.com\/wp-content\/uploads\/2023\/04\/H57236eb7d25847c68bc999a215e45469m-300x265.jpg 300w, https:\/\/tonysourcing.com\/wp-content\/uploads\/2023\/04\/H57236eb7d25847c68bc999a215e45469m-800x706.jpg 800w, https:\/\/tonysourcing.com\/wp-content\/uploads\/2023\/04\/H57236eb7d25847c68bc999a215e45469m-768x677.jpg 768w, https:\/\/tonysourcing.com\/wp-content\/uploads\/2023\/04\/H57236eb7d25847c68bc999a215e45469m-600x529.jpg 600w\" sizes=\"(max-width: 1000px) 100vw, 1000px\" \/><\/p>","protected":false},"excerpt":{"rendered":"<p>Artikelnummer: 8462H<\/p>\n<p>Unser Preis: $0.01 \u2013 $0.06<\/p>\n<p>Anderer Preis: $0.08 \u2013 $0.15<\/p>\n<p>UVP: $1.99<\/p>","protected":false},"featured_media":18218,"template":"","meta":{"_kad_post_transparent":"","_kad_post_title":"","_kad_post_layout":"","_kad_post_sidebar_id":"","_kad_post_content_style":"","_kad_post_vertical_padding":"","_kad_post_feature":"","_kad_post_feature_position":"","_kad_post_header":false,"_kad_post_footer":false,"_kad_post_classname":""},"product_brand":[],"product_cat":[997,998],"product_tag":[1666],"class_list":{"0":"post-17659","1":"product","2":"type-product","3":"status-publish","4":"has-post-thumbnail","6":"product_cat-party-supplies-wholesale","7":"product_cat-balloon","8":"product_tag-foil-balloon","10":"first","11":"instock","12":"shipping-taxable","13":"product-type-simple","14":"entry","15":"content-bg","16":"loop-entry"},"yoast_head":"<!-- This site is optimized with the Yoast SEO plugin v27.4 - https:\/\/yoast.com\/product\/yoast-seo-wordpress\/ -->\n<title>Raindrop cones balloon-Import Directly From Manufacturer<\/title>\n<meta name=\"description\" content=\"Import foil balloon from China Manufacturer, Good Product and Good Price, Contact TonySourcing for Catalog today.Click now\" \/>\n<meta name=\"robots\" content=\"index, follow, max-snippet:-1, max-image-preview:large, max-video-preview:-1\" \/>\n<link rel=\"canonical\" href=\"https:\/\/tonysourcing.com\/de\/groshandel\/folienballon-mit-regentropfenkegeln\/\" \/>\n<meta property=\"og:locale\" content=\"de_DE\" \/>\n<meta property=\"og:type\" content=\"article\" \/>\n<meta property=\"og:title\" content=\"Raindrop cones balloon-Import Directly From Manufacturer\" \/>\n<meta property=\"og:description\" content=\"Import foil balloon from China Manufacturer, Good Product and Good Price, Contact TonySourcing for Catalog today.Click now\" \/>\n<meta property=\"og:url\" content=\"https:\/\/tonysourcing.com\/de\/groshandel\/folienballon-mit-regentropfenkegeln\/\" \/>\n<meta property=\"og:site_name\" content=\"TonySourcing\" \/>\n<meta property=\"article:publisher\" content=\"https:\/\/www.facebook.com\/TonySourcing\" \/>\n<meta property=\"article:modified_time\" content=\"2023-08-30T09:59:26+00:00\" \/>\n<meta property=\"og:image\" content=\"https:\/\/tonysourcing.com\/wp-content\/uploads\/2023\/04\/Hbd710733b7384b0c85a37affe79e513ek.jpg\" \/>\n\t<meta property=\"og:image:width\" content=\"750\" \/>\n\t<meta property=\"og:image:height\" content=\"750\" \/>\n\t<meta property=\"og:image:type\" content=\"image\/jpeg\" \/>\n<meta name=\"twitter:card\" content=\"summary_large_image\" \/>\n<meta name=\"twitter:site\" content=\"@TonySourcing\" \/>\n<meta name=\"twitter:label1\" content=\"Gesch\u00e4tzte Lesezeit\" \/>\n\t<meta name=\"twitter:data1\" content=\"4\u00a0Minuten\" \/>\n<script type=\"application\/ld+json\" class=\"yoast-schema-graph\">{\"@context\":\"https:\\\/\\\/schema.org\",\"@graph\":[{\"@type\":\"WebPage\",\"@id\":\"https:\\\/\\\/tonysourcing.com\\\/wholesale\\\/raindrop-cones-foil-balloon\\\/\",\"url\":\"https:\\\/\\\/tonysourcing.com\\\/wholesale\\\/raindrop-cones-foil-balloon\\\/\",\"name\":\"Raindrop cones balloon-Import Directly From Manufacturer\",\"isPartOf\":{\"@id\":\"https:\\\/\\\/tonysourcing.com\\\/#website\"},\"primaryImageOfPage\":{\"@id\":\"https:\\\/\\\/tonysourcing.com\\\/wholesale\\\/raindrop-cones-foil-balloon\\\/#primaryimage\"},\"image\":{\"@id\":\"https:\\\/\\\/tonysourcing.com\\\/wholesale\\\/raindrop-cones-foil-balloon\\\/#primaryimage\"},\"thumbnailUrl\":\"https:\\\/\\\/tonysourcing.com\\\/wp-content\\\/uploads\\\/2023\\\/04\\\/Hbd710733b7384b0c85a37affe79e513ek.jpg\",\"datePublished\":\"2023-04-11T02:22:28+00:00\",\"dateModified\":\"2023-08-30T09:59:26+00:00\",\"description\":\"Import foil balloon from China Manufacturer, Good Product and Good Price, Contact TonySourcing for Catalog today.Click now\",\"breadcrumb\":{\"@id\":\"https:\\\/\\\/tonysourcing.com\\\/wholesale\\\/raindrop-cones-foil-balloon\\\/#breadcrumb\"},\"inLanguage\":\"de\",\"potentialAction\":[{\"@type\":\"ReadAction\",\"target\":[\"https:\\\/\\\/tonysourcing.com\\\/wholesale\\\/raindrop-cones-foil-balloon\\\/\"]}]},{\"@type\":\"ImageObject\",\"inLanguage\":\"de\",\"@id\":\"https:\\\/\\\/tonysourcing.com\\\/wholesale\\\/raindrop-cones-foil-balloon\\\/#primaryimage\",\"url\":\"https:\\\/\\\/tonysourcing.com\\\/wp-content\\\/uploads\\\/2023\\\/04\\\/Hbd710733b7384b0c85a37affe79e513ek.jpg\",\"contentUrl\":\"https:\\\/\\\/tonysourcing.com\\\/wp-content\\\/uploads\\\/2023\\\/04\\\/Hbd710733b7384b0c85a37affe79e513ek.jpg\",\"width\":750,\"height\":750,\"caption\":\"Raindrop cones foil balloon\"},{\"@type\":\"BreadcrumbList\",\"@id\":\"https:\\\/\\\/tonysourcing.com\\\/wholesale\\\/raindrop-cones-foil-balloon\\\/#breadcrumb\",\"itemListElement\":[{\"@type\":\"ListItem\",\"position\":1,\"name\":\"Home\",\"item\":\"https:\\\/\\\/tonysourcing.com\\\/\"},{\"@type\":\"ListItem\",\"position\":2,\"name\":\"Wholesale\",\"item\":\"https:\\\/\\\/tonysourcing.com\\\/wholesale\\\/\"},{\"@type\":\"ListItem\",\"position\":3,\"name\":\"Raindrop Cones foil balloon\"}]},{\"@type\":\"WebSite\",\"@id\":\"https:\\\/\\\/tonysourcing.com\\\/#website\",\"url\":\"https:\\\/\\\/tonysourcing.com\\\/\",\"name\":\"TonySourcing\",\"description\":\"Toys Wholesale Distributor &amp; China Promition Items\",\"publisher\":{\"@id\":\"https:\\\/\\\/tonysourcing.com\\\/#organization\"},\"potentialAction\":[{\"@type\":\"SearchAction\",\"target\":{\"@type\":\"EntryPoint\",\"urlTemplate\":\"https:\\\/\\\/tonysourcing.com\\\/?s={search_term_string}\"},\"query-input\":{\"@type\":\"PropertyValueSpecification\",\"valueRequired\":true,\"valueName\":\"search_term_string\"}}],\"inLanguage\":\"de\"},{\"@type\":\"Organization\",\"@id\":\"https:\\\/\\\/tonysourcing.com\\\/#organization\",\"name\":\"Yiwu Zongge\",\"url\":\"https:\\\/\\\/tonysourcing.com\\\/\",\"logo\":{\"@type\":\"ImageObject\",\"inLanguage\":\"de\",\"@id\":\"https:\\\/\\\/tonysourcing.com\\\/#\\\/schema\\\/logo\\\/image\\\/\",\"url\":\"https:\\\/\\\/tonysourcing.com\\\/wp-content\\\/uploads\\\/2021\\\/07\\\/cropped-TonySourcing-logo-1.png\",\"contentUrl\":\"https:\\\/\\\/tonysourcing.com\\\/wp-content\\\/uploads\\\/2021\\\/07\\\/cropped-TonySourcing-logo-1.png\",\"width\":300,\"height\":92,\"caption\":\"Yiwu Zongge\"},\"image\":{\"@id\":\"https:\\\/\\\/tonysourcing.com\\\/#\\\/schema\\\/logo\\\/image\\\/\"},\"sameAs\":[\"https:\\\/\\\/www.facebook.com\\\/TonySourcing\",\"https:\\\/\\\/x.com\\\/TonySourcing\",\"https:\\\/\\\/www.instagram.com\\\/tony_sourcing\\\/\",\"http:\\\/\\\/www.linkedin.com\\\/in\\\/tonychen88\",\"https:\\\/\\\/www.youtube.com\\\/channel\\\/UCZfST1M-NDoqjQ3dB-Tzszg\"]}]}<\/script>\n<!-- \/ Yoast SEO plugin. -->","yoast_head_json":{"title":"Regentropfen-Kegelballon - Direkt vom Hersteller importieren","description":"Importieren Sie Folienballons von einem chinesischen Hersteller. Gutes Produkt und guter Preis. Kontaktieren Sie TonySourcing noch heute f\u00fcr den Katalog. Klicken Sie jetzt","robots":{"index":"index","follow":"follow","max-snippet":"max-snippet:-1","max-image-preview":"max-image-preview:large","max-video-preview":"max-video-preview:-1"},"canonical":"https:\/\/tonysourcing.com\/de\/groshandel\/folienballon-mit-regentropfenkegeln\/","og_locale":"de_DE","og_type":"article","og_title":"Raindrop cones balloon-Import Directly From Manufacturer","og_description":"Import foil balloon from China Manufacturer, Good Product and Good Price, Contact TonySourcing for Catalog today.Click now","og_url":"https:\/\/tonysourcing.com\/de\/groshandel\/folienballon-mit-regentropfenkegeln\/","og_site_name":"TonySourcing","article_publisher":"https:\/\/www.facebook.com\/TonySourcing","article_modified_time":"2023-08-30T09:59:26+00:00","og_image":[{"width":750,"height":750,"url":"https:\/\/tonysourcing.com\/wp-content\/uploads\/2023\/04\/Hbd710733b7384b0c85a37affe79e513ek.jpg","type":"image\/jpeg"}],"twitter_card":"summary_large_image","twitter_site":"@TonySourcing","twitter_misc":{"Gesch\u00e4tzte Lesezeit":"4\u00a0Minuten"},"schema":{"@context":"https:\/\/schema.org","@graph":[{"@type":"WebPage","@id":"https:\/\/tonysourcing.com\/wholesale\/raindrop-cones-foil-balloon\/","url":"https:\/\/tonysourcing.com\/wholesale\/raindrop-cones-foil-balloon\/","name":"Regentropfen-Kegelballon - Direkt vom Hersteller importieren","isPartOf":{"@id":"https:\/\/tonysourcing.com\/#website"},"primaryImageOfPage":{"@id":"https:\/\/tonysourcing.com\/wholesale\/raindrop-cones-foil-balloon\/#primaryimage"},"image":{"@id":"https:\/\/tonysourcing.com\/wholesale\/raindrop-cones-foil-balloon\/#primaryimage"},"thumbnailUrl":"https:\/\/tonysourcing.com\/wp-content\/uploads\/2023\/04\/Hbd710733b7384b0c85a37affe79e513ek.jpg","datePublished":"2023-04-11T02:22:28+00:00","dateModified":"2023-08-30T09:59:26+00:00","description":"Importieren Sie Folienballons von einem chinesischen Hersteller. Gutes Produkt und guter Preis. Kontaktieren Sie TonySourcing noch heute f\u00fcr den Katalog. Klicken Sie jetzt","breadcrumb":{"@id":"https:\/\/tonysourcing.com\/wholesale\/raindrop-cones-foil-balloon\/#breadcrumb"},"inLanguage":"de","potentialAction":[{"@type":"ReadAction","target":["https:\/\/tonysourcing.com\/wholesale\/raindrop-cones-foil-balloon\/"]}]},{"@type":"ImageObject","inLanguage":"de","@id":"https:\/\/tonysourcing.com\/wholesale\/raindrop-cones-foil-balloon\/#primaryimage","url":"https:\/\/tonysourcing.com\/wp-content\/uploads\/2023\/04\/Hbd710733b7384b0c85a37affe79e513ek.jpg","contentUrl":"https:\/\/tonysourcing.com\/wp-content\/uploads\/2023\/04\/Hbd710733b7384b0c85a37affe79e513ek.jpg","width":750,"height":750,"caption":"Raindrop cones foil balloon"},{"@type":"BreadcrumbList","@id":"https:\/\/tonysourcing.com\/wholesale\/raindrop-cones-foil-balloon\/#breadcrumb","itemListElement":[{"@type":"ListItem","position":1,"name":"Home","item":"https:\/\/tonysourcing.com\/"},{"@type":"ListItem","position":2,"name":"Wholesale","item":"https:\/\/tonysourcing.com\/wholesale\/"},{"@type":"ListItem","position":3,"name":"Raindrop Cones foil balloon"}]},{"@type":"WebSite","@id":"https:\/\/tonysourcing.com\/#website","url":"https:\/\/tonysourcing.com\/","name":"TonySourcing","description":"Spielzeuggro\u00dfh\u00e4ndler und Werbeartikel aus China","publisher":{"@id":"https:\/\/tonysourcing.com\/#organization"},"potentialAction":[{"@type":"SearchAction","target":{"@type":"EntryPoint","urlTemplate":"https:\/\/tonysourcing.com\/?s={search_term_string}"},"query-input":{"@type":"PropertyValueSpecification","valueRequired":true,"valueName":"search_term_string"}}],"inLanguage":"de"},{"@type":"Organization","@id":"https:\/\/tonysourcing.com\/#organization","name":"Yiwu Zongge","url":"https:\/\/tonysourcing.com\/","logo":{"@type":"ImageObject","inLanguage":"de","@id":"https:\/\/tonysourcing.com\/#\/schema\/logo\/image\/","url":"https:\/\/tonysourcing.com\/wp-content\/uploads\/2021\/07\/cropped-TonySourcing-logo-1.png","contentUrl":"https:\/\/tonysourcing.com\/wp-content\/uploads\/2021\/07\/cropped-TonySourcing-logo-1.png","width":300,"height":92,"caption":"Yiwu Zongge"},"image":{"@id":"https:\/\/tonysourcing.com\/#\/schema\/logo\/image\/"},"sameAs":["https:\/\/www.facebook.com\/TonySourcing","https:\/\/x.com\/TonySourcing","https:\/\/www.instagram.com\/tony_sourcing\/","http:\/\/www.linkedin.com\/in\/tonychen88","https:\/\/www.youtube.com\/channel\/UCZfST1M-NDoqjQ3dB-Tzszg"]}]}},"_links":{"self":[{"href":"https:\/\/tonysourcing.com\/de\/wp-json\/wp\/v2\/product\/17659","targetHints":{"allow":["GET"]}}],"collection":[{"href":"https:\/\/tonysourcing.com\/de\/wp-json\/wp\/v2\/product"}],"about":[{"href":"https:\/\/tonysourcing.com\/de\/wp-json\/wp\/v2\/types\/product"}],"version-history":[{"count":7,"href":"https:\/\/tonysourcing.com\/de\/wp-json\/wp\/v2\/product\/17659\/revisions"}],"predecessor-version":[{"id":19246,"href":"https:\/\/tonysourcing.com\/de\/wp-json\/wp\/v2\/product\/17659\/revisions\/19246"}],"wp:featuredmedia":[{"embeddable":true,"href":"https:\/\/tonysourcing.com\/de\/wp-json\/wp\/v2\/media\/18218"}],"wp:attachment":[{"href":"https:\/\/tonysourcing.com\/de\/wp-json\/wp\/v2\/media?parent=17659"}],"wp:term":[{"taxonomy":"product_brand","embeddable":true,"href":"https:\/\/tonysourcing.com\/de\/wp-json\/wp\/v2\/product_brand?post=17659"},{"taxonomy":"product_cat","embeddable":true,"href":"https:\/\/tonysourcing.com\/de\/wp-json\/wp\/v2\/product_cat?post=17659"},{"taxonomy":"product_tag","embeddable":true,"href":"https:\/\/tonysourcing.com\/de\/wp-json\/wp\/v2\/product_tag?post=17659"}],"curies":[{"name":"wp","href":"https:\/\/api.w.org\/{rel}","templated":true}]}}