{"id":17940,"date":"2023-05-03T09:10:44","date_gmt":"2023-05-03T09:10:44","guid":{"rendered":"https:\/\/tonysourcing.com\/?post_type=product&#038;p=17940"},"modified":"2023-05-26T08:15:46","modified_gmt":"2023-05-26T08:15:46","slug":"halloween-luftfullballon-mit-spinne","status":"publish","type":"product","link":"https:\/\/tonysourcing.com\/de\/wholesale\/halloween-airfill-spider-balloon\/","title":{"rendered":"Aufblasbarer Halloween-Spinnenballon mit Luftf\u00fcllung"},"content":{"rendered":"<p><img fetchpriority=\"high\" decoding=\"async\" class=\"alignnone wp-image-18180 size-large\" src=\"https:\/\/tonysourcing.com\/wp-content\/uploads\/2023\/05\/H448ea90e0ee8477d95f3905c4ac5b331m-800x604.jpg\" alt=\"\" width=\"800\" height=\"604\" srcset=\"https:\/\/tonysourcing.com\/wp-content\/uploads\/2023\/05\/H448ea90e0ee8477d95f3905c4ac5b331m-800x604.jpg 800w, https:\/\/tonysourcing.com\/wp-content\/uploads\/2023\/05\/H448ea90e0ee8477d95f3905c4ac5b331m-300x227.jpg 300w, https:\/\/tonysourcing.com\/wp-content\/uploads\/2023\/05\/H448ea90e0ee8477d95f3905c4ac5b331m-768x580.jpg 768w, https:\/\/tonysourcing.com\/wp-content\/uploads\/2023\/05\/H448ea90e0ee8477d95f3905c4ac5b331m-600x453.jpg 600w, https:\/\/tonysourcing.com\/wp-content\/uploads\/2023\/05\/H448ea90e0ee8477d95f3905c4ac5b331m.jpg 1000w\" sizes=\"(max-width: 800px) 100vw, 800px\" \/><img decoding=\"async\" class=\"alignnone wp-image-18181 size-large\" src=\"https:\/\/tonysourcing.com\/wp-content\/uploads\/2023\/05\/H850bcf35ce5a481a8db5841b8cef2c4aw-800x546.jpg\" alt=\"\" width=\"800\" height=\"546\" srcset=\"https:\/\/tonysourcing.com\/wp-content\/uploads\/2023\/05\/H850bcf35ce5a481a8db5841b8cef2c4aw-800x546.jpg 800w, https:\/\/tonysourcing.com\/wp-content\/uploads\/2023\/05\/H850bcf35ce5a481a8db5841b8cef2c4aw-300x205.jpg 300w, https:\/\/tonysourcing.com\/wp-content\/uploads\/2023\/05\/H850bcf35ce5a481a8db5841b8cef2c4aw-768x524.jpg 768w, https:\/\/tonysourcing.com\/wp-content\/uploads\/2023\/05\/H850bcf35ce5a481a8db5841b8cef2c4aw-600x409.jpg 600w, https:\/\/tonysourcing.com\/wp-content\/uploads\/2023\/05\/H850bcf35ce5a481a8db5841b8cef2c4aw.jpg 1000w\" sizes=\"(max-width: 800px) 100vw, 800px\" \/><img decoding=\"async\" class=\"alignnone wp-image-18178 size-large\" src=\"https:\/\/tonysourcing.com\/wp-content\/uploads\/2023\/05\/H6c744bfddc044f2ba9fcb092fcac1660F-785x800.jpg\" alt=\"\" width=\"785\" height=\"800\" srcset=\"https:\/\/tonysourcing.com\/wp-content\/uploads\/2023\/05\/H6c744bfddc044f2ba9fcb092fcac1660F-785x800.jpg 785w, https:\/\/tonysourcing.com\/wp-content\/uploads\/2023\/05\/H6c744bfddc044f2ba9fcb092fcac1660F-294x300.jpg 294w, https:\/\/tonysourcing.com\/wp-content\/uploads\/2023\/05\/H6c744bfddc044f2ba9fcb092fcac1660F-768x783.jpg 768w, https:\/\/tonysourcing.com\/wp-content\/uploads\/2023\/05\/H6c744bfddc044f2ba9fcb092fcac1660F-600x611.jpg 600w, https:\/\/tonysourcing.com\/wp-content\/uploads\/2023\/05\/H6c744bfddc044f2ba9fcb092fcac1660F.jpg 1000w\" sizes=\"(max-width: 785px) 100vw, 785px\" \/><\/p>\n<p><img loading=\"lazy\" decoding=\"async\" class=\"alignnone wp-image-18179 size-large\" src=\"https:\/\/tonysourcing.com\/wp-content\/uploads\/2023\/05\/H9dfb32f213184a34adb3e05737d0e9ae6-553x800.jpg\" alt=\"\" width=\"553\" height=\"800\" srcset=\"https:\/\/tonysourcing.com\/wp-content\/uploads\/2023\/05\/H9dfb32f213184a34adb3e05737d0e9ae6-553x800.jpg 553w, https:\/\/tonysourcing.com\/wp-content\/uploads\/2023\/05\/H9dfb32f213184a34adb3e05737d0e9ae6-207x300.jpg 207w, https:\/\/tonysourcing.com\/wp-content\/uploads\/2023\/05\/H9dfb32f213184a34adb3e05737d0e9ae6-768x1111.jpg 768w, https:\/\/tonysourcing.com\/wp-content\/uploads\/2023\/05\/H9dfb32f213184a34adb3e05737d0e9ae6-600x868.jpg 600w, https:\/\/tonysourcing.com\/wp-content\/uploads\/2023\/05\/H9dfb32f213184a34adb3e05737d0e9ae6.jpg 1000w\" sizes=\"(max-width: 553px) 100vw, 553px\" \/><\/p>\n<p><img loading=\"lazy\" decoding=\"async\" class=\"alignnone size-full wp-image-18187\" src=\"https:\/\/tonysourcing.com\/wp-content\/uploads\/2023\/05\/H85f3579a2e3a4d5ab5d4a2a56975fcb8F.jpg\" alt=\"\" width=\"750\" height=\"726\" \/><img loading=\"lazy\" decoding=\"async\" class=\"alignnone size-full wp-image-18188\" src=\"https:\/\/tonysourcing.com\/wp-content\/uploads\/2023\/05\/H57236eb7d25847c68bc999a215e45469m.jpg\" alt=\"\" width=\"750\" height=\"662\" \/><\/p>\n<p>&nbsp;<\/p>\n<table class=\"hight-light-first-column all magic-1\" style=\"height: 356px\" width=\"756\">\n<tbody>\n<tr>\n<td colspan=\"1\" rowspan=\"1\">\n<div class=\"magic-2\" data-spm-anchor-id=\"a2700.details.0.i46.65616a62QueSyz\">\n<div class=\"magic-3\" data-spm-anchor-id=\"a2700.siteadmin.0.i4.6cd5ac40jsRn3t\"><span class=\"magic-4\">Material<\/span><\/div>\n<\/div>\n<\/td>\n<td colspan=\"1\" rowspan=\"1\">\n<div class=\"magic-5\" data-spm-anchor-id=\"a2700.details.0.i45.65616a62QueSyz\"><span class=\"magic-4\">Aluminiumfolie\u00a0<\/span><\/div>\n<\/td>\n<\/tr>\n<tr>\n<td colspan=\"1\" rowspan=\"1\">\n<div class=\"magic-2\">\n<div class=\"magic-3\"><span class=\"magic-4\">Farbe<\/span><\/div>\n<\/div>\n<\/td>\n<td colspan=\"1\" rowspan=\"1\">\n<div class=\"magic-5\"><span class=\"magic-4\">Als Bild<\/span><\/div>\n<\/td>\n<\/tr>\n<tr>\n<td colspan=\"1\" rowspan=\"1\">\n<div class=\"magic-2\">\n<div class=\"magic-3\"><span class=\"magic-4\">Verpackung<\/span><\/div>\n<\/div>\n<\/td>\n<td colspan=\"1\" rowspan=\"1\">\n<div class=\"magic-5\"><span class=\"magic-4\">1000 St\u00fcck<\/span><\/div>\n<\/td>\n<\/tr>\n<tr>\n<td colspan=\"1\" rowspan=\"1\">Gr\u00f6\u00dfe<\/td>\n<td colspan=\"1\" rowspan=\"1\"><span class=\"magic-6\" data-spm-anchor-id=\"a2700.pc-decorate.0.i2.6c643333H2Q7rt\">72\u00d777cm (<\/span>gemessen vor dem Aufblasen)<\/td>\n<\/tr>\n<tr>\n<td colspan=\"1\" rowspan=\"1\"><span class=\"attr-name J-attr-name\" title=\"F\u00fcllgas\">F\u00fcllgas<\/span><\/td>\n<td colspan=\"1\" rowspan=\"1\">Normale Luft<\/td>\n<\/tr>\n<tr>\n<td colspan=\"1\" rowspan=\"1\"><span class=\"attr-name J-attr-name\" title=\"F\u00fcllgas\">Farbunterschied<\/span><\/td>\n<td colspan=\"1\" rowspan=\"1\">Je nach Umgebung reflektiert der Ballon einen anderen Glanz und Farbton. Ob drinnen, drau\u00dfen, bew\u00f6lkt oder sonnig \u2013 die Farbwahrnehmung des gleichen Ballons wird unterschiedlich sein. Aufgrund des Einflusses von Display und Kamera ist es unvermeidlich, dass es zwischen dem Objekt und dem Bild zu leichten Farbunterschieden kommt.<\/td>\n<\/tr>\n<tr>\n<td colspan=\"1\" rowspan=\"1\">\n<div class=\"magic-2\">\n<div class=\"magic-3\" data-spm-anchor-id=\"a2700.pc-decorate.0.i4.5b123333yggaj2\"><span class=\"magic-4\">\u00a0<\/span><\/div>\n<\/div>\n<\/td>\n<td colspan=\"1\" rowspan=\"1\">Machen Sie Ihre Dekoration zum Hingucker mit einem riesigen, luftgef\u00fcllten Ballon! Diese festliche Dekoration ist das perfekte Herzst\u00fcck f\u00fcr Halloween, kann auf dem Boden aufgestellt oder mit anderen Gegenst\u00e4nden kombiniert werden. Der Airloonz-Ballon l\u00e4sst sich mit einer Ballonpumpe oder dem mitgelieferten Strohhalm aufblasen \u2013 ganz ohne Helium! Bringen Sie mit diesem leuchtenden, freistehenden Ballon Farbe auf Ihre Party.<\/td>\n<\/tr>\n<\/tbody>\n<\/table>","protected":false},"excerpt":{"rendered":"<p>Artikelnummer: 451H<\/p>","protected":false},"featured_media":17928,"template":"","meta":{"_kad_post_transparent":"","_kad_post_title":"","_kad_post_layout":"","_kad_post_sidebar_id":"","_kad_post_content_style":"","_kad_post_vertical_padding":"","_kad_post_feature":"","_kad_post_feature_position":"","_kad_post_header":false,"_kad_post_footer":false,"_kad_post_classname":""},"product_brand":[],"product_cat":[997,998],"product_tag":[1657],"class_list":{"0":"post-17940","1":"product","2":"type-product","3":"status-publish","4":"has-post-thumbnail","6":"product_cat-party-supplies-wholesale","7":"product_cat-balloon","8":"product_tag-hallonween","10":"first","11":"instock","12":"shipping-taxable","13":"product-type-simple","14":"entry","15":"content-bg","16":"loop-entry"},"yoast_head":"<!-- This site is optimized with the Yoast SEO plugin v27.5 - https:\/\/yoast.com\/product\/yoast-seo-wordpress\/ -->\n<title>Halloween Airfill Spider Balloon - Import From Manufacturer<\/title>\n<meta name=\"description\" content=\"Import Halloween Airfill Spider Balloon from China Manufacturer, Good Product and Good Price, Contact TonySourcing for Catalog today\" \/>\n<meta name=\"robots\" content=\"index, follow, max-snippet:-1, max-image-preview:large, max-video-preview:-1\" \/>\n<link rel=\"canonical\" href=\"https:\/\/tonysourcing.com\/de\/groshandel\/halloween-luftfullballon-mit-spinne\/\" \/>\n<meta property=\"og:locale\" content=\"de_DE\" \/>\n<meta property=\"og:type\" content=\"article\" \/>\n<meta property=\"og:title\" content=\"Halloween Airfill Spider Balloon - Import From Manufacturer\" \/>\n<meta property=\"og:description\" content=\"Import Halloween Airfill Spider Balloon from China Manufacturer, Good Product and Good Price, Contact TonySourcing for Catalog today\" \/>\n<meta property=\"og:url\" content=\"https:\/\/tonysourcing.com\/de\/groshandel\/halloween-luftfullballon-mit-spinne\/\" \/>\n<meta property=\"og:site_name\" content=\"TonySourcing\" \/>\n<meta property=\"article:publisher\" content=\"https:\/\/www.facebook.com\/TonySourcing\" \/>\n<meta property=\"article:modified_time\" content=\"2023-05-26T08:15:46+00:00\" \/>\n<meta property=\"og:image\" content=\"https:\/\/tonysourcing.com\/wp-content\/uploads\/2023\/05\/Halloween-Airfill-Spider-Balloon.jpg\" \/>\n\t<meta property=\"og:image:width\" content=\"604\" \/>\n\t<meta property=\"og:image:height\" content=\"800\" \/>\n\t<meta property=\"og:image:type\" content=\"image\/jpeg\" \/>\n<meta name=\"twitter:card\" content=\"summary_large_image\" \/>\n<meta name=\"twitter:site\" content=\"@TonySourcing\" \/>\n<meta name=\"twitter:label1\" content=\"Gesch\u00e4tzte Lesezeit\" \/>\n\t<meta name=\"twitter:data1\" content=\"2\u00a0Minuten\" \/>\n<script type=\"application\/ld+json\" class=\"yoast-schema-graph\">{\"@context\":\"https:\\\/\\\/schema.org\",\"@graph\":[{\"@type\":\"WebPage\",\"@id\":\"https:\\\/\\\/tonysourcing.com\\\/wholesale\\\/halloween-airfill-spider-balloon\\\/\",\"url\":\"https:\\\/\\\/tonysourcing.com\\\/wholesale\\\/halloween-airfill-spider-balloon\\\/\",\"name\":\"Halloween Airfill Spider Balloon - Import From Manufacturer\",\"isPartOf\":{\"@id\":\"https:\\\/\\\/tonysourcing.com\\\/#website\"},\"primaryImageOfPage\":{\"@id\":\"https:\\\/\\\/tonysourcing.com\\\/wholesale\\\/halloween-airfill-spider-balloon\\\/#primaryimage\"},\"image\":{\"@id\":\"https:\\\/\\\/tonysourcing.com\\\/wholesale\\\/halloween-airfill-spider-balloon\\\/#primaryimage\"},\"thumbnailUrl\":\"https:\\\/\\\/tonysourcing.com\\\/wp-content\\\/uploads\\\/2023\\\/05\\\/Halloween-Airfill-Spider-Balloon.jpg\",\"datePublished\":\"2023-05-03T09:10:44+00:00\",\"dateModified\":\"2023-05-26T08:15:46+00:00\",\"description\":\"Import Halloween Airfill Spider Balloon from China Manufacturer, Good Product and Good Price, Contact TonySourcing for Catalog today\",\"breadcrumb\":{\"@id\":\"https:\\\/\\\/tonysourcing.com\\\/wholesale\\\/halloween-airfill-spider-balloon\\\/#breadcrumb\"},\"inLanguage\":\"de\",\"potentialAction\":[{\"@type\":\"ReadAction\",\"target\":[\"https:\\\/\\\/tonysourcing.com\\\/wholesale\\\/halloween-airfill-spider-balloon\\\/\"]}]},{\"@type\":\"ImageObject\",\"inLanguage\":\"de\",\"@id\":\"https:\\\/\\\/tonysourcing.com\\\/wholesale\\\/halloween-airfill-spider-balloon\\\/#primaryimage\",\"url\":\"https:\\\/\\\/tonysourcing.com\\\/wp-content\\\/uploads\\\/2023\\\/05\\\/Halloween-Airfill-Spider-Balloon.jpg\",\"contentUrl\":\"https:\\\/\\\/tonysourcing.com\\\/wp-content\\\/uploads\\\/2023\\\/05\\\/Halloween-Airfill-Spider-Balloon.jpg\",\"width\":604,\"height\":800,\"caption\":\"Halloween Airfill Spider Balloon\"},{\"@type\":\"BreadcrumbList\",\"@id\":\"https:\\\/\\\/tonysourcing.com\\\/wholesale\\\/halloween-airfill-spider-balloon\\\/#breadcrumb\",\"itemListElement\":[{\"@type\":\"ListItem\",\"position\":1,\"name\":\"Home\",\"item\":\"https:\\\/\\\/tonysourcing.com\\\/\"},{\"@type\":\"ListItem\",\"position\":2,\"name\":\"Wholesale\",\"item\":\"https:\\\/\\\/tonysourcing.com\\\/wholesale\\\/\"},{\"@type\":\"ListItem\",\"position\":3,\"name\":\"Halloween Airfill Inflatable Spider Balloon\"}]},{\"@type\":\"WebSite\",\"@id\":\"https:\\\/\\\/tonysourcing.com\\\/#website\",\"url\":\"https:\\\/\\\/tonysourcing.com\\\/\",\"name\":\"TonySourcing\",\"description\":\"Toys Wholesale Distributor &amp; China Promition Items\",\"publisher\":{\"@id\":\"https:\\\/\\\/tonysourcing.com\\\/#organization\"},\"potentialAction\":[{\"@type\":\"SearchAction\",\"target\":{\"@type\":\"EntryPoint\",\"urlTemplate\":\"https:\\\/\\\/tonysourcing.com\\\/?s={search_term_string}\"},\"query-input\":{\"@type\":\"PropertyValueSpecification\",\"valueRequired\":true,\"valueName\":\"search_term_string\"}}],\"inLanguage\":\"de\"},{\"@type\":\"Organization\",\"@id\":\"https:\\\/\\\/tonysourcing.com\\\/#organization\",\"name\":\"Yiwu Zongge\",\"url\":\"https:\\\/\\\/tonysourcing.com\\\/\",\"logo\":{\"@type\":\"ImageObject\",\"inLanguage\":\"de\",\"@id\":\"https:\\\/\\\/tonysourcing.com\\\/#\\\/schema\\\/logo\\\/image\\\/\",\"url\":\"https:\\\/\\\/tonysourcing.com\\\/wp-content\\\/uploads\\\/2021\\\/07\\\/cropped-TonySourcing-logo-1.png\",\"contentUrl\":\"https:\\\/\\\/tonysourcing.com\\\/wp-content\\\/uploads\\\/2021\\\/07\\\/cropped-TonySourcing-logo-1.png\",\"width\":300,\"height\":92,\"caption\":\"Yiwu Zongge\"},\"image\":{\"@id\":\"https:\\\/\\\/tonysourcing.com\\\/#\\\/schema\\\/logo\\\/image\\\/\"},\"sameAs\":[\"https:\\\/\\\/www.facebook.com\\\/TonySourcing\",\"https:\\\/\\\/x.com\\\/TonySourcing\",\"https:\\\/\\\/www.instagram.com\\\/tony_sourcing\\\/\",\"http:\\\/\\\/www.linkedin.com\\\/in\\\/tonychen88\",\"https:\\\/\\\/www.youtube.com\\\/channel\\\/UCZfST1M-NDoqjQ3dB-Tzszg\"]}]}<\/script>\n<!-- \/ Yoast SEO plugin. -->","yoast_head_json":{"title":"Halloween-Luftf\u00fcllballon mit Spinne \u2013 Import vom Hersteller","description":"Importieren Sie einen Halloween-Spinnenballon mit Luftf\u00fcllung von einem chinesischen Hersteller. Gutes Produkt und guter Preis. Kontaktieren Sie TonySourcing noch heute f\u00fcr den Katalog.","robots":{"index":"index","follow":"follow","max-snippet":"max-snippet:-1","max-image-preview":"max-image-preview:large","max-video-preview":"max-video-preview:-1"},"canonical":"https:\/\/tonysourcing.com\/de\/groshandel\/halloween-luftfullballon-mit-spinne\/","og_locale":"de_DE","og_type":"article","og_title":"Halloween Airfill Spider Balloon - Import From Manufacturer","og_description":"Import Halloween Airfill Spider Balloon from China Manufacturer, Good Product and Good Price, Contact TonySourcing for Catalog today","og_url":"https:\/\/tonysourcing.com\/de\/groshandel\/halloween-luftfullballon-mit-spinne\/","og_site_name":"TonySourcing","article_publisher":"https:\/\/www.facebook.com\/TonySourcing","article_modified_time":"2023-05-26T08:15:46+00:00","og_image":[{"width":604,"height":800,"url":"https:\/\/tonysourcing.com\/wp-content\/uploads\/2023\/05\/Halloween-Airfill-Spider-Balloon.jpg","type":"image\/jpeg"}],"twitter_card":"summary_large_image","twitter_site":"@TonySourcing","twitter_misc":{"Gesch\u00e4tzte Lesezeit":"2\u00a0Minuten"},"schema":{"@context":"https:\/\/schema.org","@graph":[{"@type":"WebPage","@id":"https:\/\/tonysourcing.com\/wholesale\/halloween-airfill-spider-balloon\/","url":"https:\/\/tonysourcing.com\/wholesale\/halloween-airfill-spider-balloon\/","name":"Halloween-Luftf\u00fcllballon mit Spinne \u2013 Import vom Hersteller","isPartOf":{"@id":"https:\/\/tonysourcing.com\/#website"},"primaryImageOfPage":{"@id":"https:\/\/tonysourcing.com\/wholesale\/halloween-airfill-spider-balloon\/#primaryimage"},"image":{"@id":"https:\/\/tonysourcing.com\/wholesale\/halloween-airfill-spider-balloon\/#primaryimage"},"thumbnailUrl":"https:\/\/tonysourcing.com\/wp-content\/uploads\/2023\/05\/Halloween-Airfill-Spider-Balloon.jpg","datePublished":"2023-05-03T09:10:44+00:00","dateModified":"2023-05-26T08:15:46+00:00","description":"Importieren Sie einen Halloween-Spinnenballon mit Luftf\u00fcllung von einem chinesischen Hersteller. Gutes Produkt und guter Preis. Kontaktieren Sie TonySourcing noch heute f\u00fcr den Katalog.","breadcrumb":{"@id":"https:\/\/tonysourcing.com\/wholesale\/halloween-airfill-spider-balloon\/#breadcrumb"},"inLanguage":"de","potentialAction":[{"@type":"ReadAction","target":["https:\/\/tonysourcing.com\/wholesale\/halloween-airfill-spider-balloon\/"]}]},{"@type":"ImageObject","inLanguage":"de","@id":"https:\/\/tonysourcing.com\/wholesale\/halloween-airfill-spider-balloon\/#primaryimage","url":"https:\/\/tonysourcing.com\/wp-content\/uploads\/2023\/05\/Halloween-Airfill-Spider-Balloon.jpg","contentUrl":"https:\/\/tonysourcing.com\/wp-content\/uploads\/2023\/05\/Halloween-Airfill-Spider-Balloon.jpg","width":604,"height":800,"caption":"Halloween Airfill Spider Balloon"},{"@type":"BreadcrumbList","@id":"https:\/\/tonysourcing.com\/wholesale\/halloween-airfill-spider-balloon\/#breadcrumb","itemListElement":[{"@type":"ListItem","position":1,"name":"Home","item":"https:\/\/tonysourcing.com\/"},{"@type":"ListItem","position":2,"name":"Wholesale","item":"https:\/\/tonysourcing.com\/wholesale\/"},{"@type":"ListItem","position":3,"name":"Halloween Airfill Inflatable Spider Balloon"}]},{"@type":"WebSite","@id":"https:\/\/tonysourcing.com\/#website","url":"https:\/\/tonysourcing.com\/","name":"TonySourcing","description":"Spielzeuggro\u00dfh\u00e4ndler und Werbeartikel aus China","publisher":{"@id":"https:\/\/tonysourcing.com\/#organization"},"potentialAction":[{"@type":"SearchAction","target":{"@type":"EntryPoint","urlTemplate":"https:\/\/tonysourcing.com\/?s={search_term_string}"},"query-input":{"@type":"PropertyValueSpecification","valueRequired":true,"valueName":"search_term_string"}}],"inLanguage":"de"},{"@type":"Organization","@id":"https:\/\/tonysourcing.com\/#organization","name":"Yiwu Zongge","url":"https:\/\/tonysourcing.com\/","logo":{"@type":"ImageObject","inLanguage":"de","@id":"https:\/\/tonysourcing.com\/#\/schema\/logo\/image\/","url":"https:\/\/tonysourcing.com\/wp-content\/uploads\/2021\/07\/cropped-TonySourcing-logo-1.png","contentUrl":"https:\/\/tonysourcing.com\/wp-content\/uploads\/2021\/07\/cropped-TonySourcing-logo-1.png","width":300,"height":92,"caption":"Yiwu Zongge"},"image":{"@id":"https:\/\/tonysourcing.com\/#\/schema\/logo\/image\/"},"sameAs":["https:\/\/www.facebook.com\/TonySourcing","https:\/\/x.com\/TonySourcing","https:\/\/www.instagram.com\/tony_sourcing\/","http:\/\/www.linkedin.com\/in\/tonychen88","https:\/\/www.youtube.com\/channel\/UCZfST1M-NDoqjQ3dB-Tzszg"]}]}},"_links":{"self":[{"href":"https:\/\/tonysourcing.com\/de\/wp-json\/wp\/v2\/product\/17940","targetHints":{"allow":["GET"]}}],"collection":[{"href":"https:\/\/tonysourcing.com\/de\/wp-json\/wp\/v2\/product"}],"about":[{"href":"https:\/\/tonysourcing.com\/de\/wp-json\/wp\/v2\/types\/product"}],"version-history":[{"count":6,"href":"https:\/\/tonysourcing.com\/de\/wp-json\/wp\/v2\/product\/17940\/revisions"}],"predecessor-version":[{"id":18191,"href":"https:\/\/tonysourcing.com\/de\/wp-json\/wp\/v2\/product\/17940\/revisions\/18191"}],"wp:featuredmedia":[{"embeddable":true,"href":"https:\/\/tonysourcing.com\/de\/wp-json\/wp\/v2\/media\/17928"}],"wp:attachment":[{"href":"https:\/\/tonysourcing.com\/de\/wp-json\/wp\/v2\/media?parent=17940"}],"wp:term":[{"taxonomy":"product_brand","embeddable":true,"href":"https:\/\/tonysourcing.com\/de\/wp-json\/wp\/v2\/product_brand?post=17940"},{"taxonomy":"product_cat","embeddable":true,"href":"https:\/\/tonysourcing.com\/de\/wp-json\/wp\/v2\/product_cat?post=17940"},{"taxonomy":"product_tag","embeddable":true,"href":"https:\/\/tonysourcing.com\/de\/wp-json\/wp\/v2\/product_tag?post=17940"}],"curies":[{"name":"wp","href":"https:\/\/api.w.org\/{rel}","templated":true}]}}