{"id":18304,"date":"2023-05-30T11:01:47","date_gmt":"2023-05-30T11:01:47","guid":{"rendered":"https:\/\/tonysourcing.com\/?post_type=product&#038;p=18304"},"modified":"2023-05-31T06:45:58","modified_gmt":"2023-05-31T06:45:58","slug":"party-paper-disposable-straw","status":"publish","type":"product","link":"https:\/\/tonysourcing.com\/de\/wholesale\/party-paper-disposable-straw\/","title":{"rendered":"Einweg-Strohhalm aus Partypapier"},"content":{"rendered":"<p><img fetchpriority=\"high\" decoding=\"async\" class=\"size-full wp-image-18305 aligncenter\" src=\"https:\/\/tonysourcing.com\/wp-content\/uploads\/2023\/05\/straw.jpg\" alt=\"\" width=\"800\" height=\"1044\" srcset=\"https:\/\/tonysourcing.com\/wp-content\/uploads\/2023\/05\/straw.jpg 800w, https:\/\/tonysourcing.com\/wp-content\/uploads\/2023\/05\/straw-230x300.jpg 230w, https:\/\/tonysourcing.com\/wp-content\/uploads\/2023\/05\/straw-613x800.jpg 613w, https:\/\/tonysourcing.com\/wp-content\/uploads\/2023\/05\/straw-768x1002.jpg 768w, https:\/\/tonysourcing.com\/wp-content\/uploads\/2023\/05\/straw-600x783.jpg 600w\" sizes=\"(max-width: 800px) 100vw, 800px\" \/><\/p>\n<table class=\"has-title is-zebra all magic-26\" style=\"height: 382px\" width=\"1017\">\n<tbody>\n<tr>\n<td colspan=\"5\" rowspan=\"1\">\n<div class=\"magic-27\" data-spm-anchor-id=\"a2700.details.0.i48.52a95517HFsZEc\">\u00a0 \u00a0 \u00a0 \u00a0 \u00a0 \u00a0 \u00a0 \u00a0 \u00a0 \u00a0 \u00a0 \u00a0 \u00a0 \u00a0 \u00a0 \u00a0 \u00a0 \u00a0 \u00a0 \u00a0 \u00a0 \u00a0 \u00a0 Informationen zu unserem Party-Dekorationszubeh\u00f6r<\/div>\n<\/td>\n<\/tr>\n<tr>\n<td colspan=\"1\" rowspan=\"1\">\n<div class=\"magic-33\">W\u00fcstenteller<\/div>\n<\/td>\n<td colspan=\"1\" rowspan=\"1\">\n<div class=\"magic-29\">Material: Umweltfreundliche, lebensmittelechte Elfenbeinplatte, Gewicht: 300 g<\/div>\n<\/td>\n<td colspan=\"1\" rowspan=\"1\">\n<div class=\"magic-34\">Die normale Gr\u00f6\u00dfe betr\u00e4gt 7 Zoll (17,5 cm)<\/div>\n<\/td>\n<\/tr>\n<tr>\n<td colspan=\"1\" rowspan=\"1\">\n<div class=\"magic-33\">Essteller<\/div>\n<\/td>\n<td colspan=\"1\" rowspan=\"1\">\n<div class=\"magic-29\" data-spm-anchor-id=\"a2700.details.0.i28.52a95517HFsZEc\">Material: Umweltfreundliche, lebensmittelechte Elfenbeinplatte, Gewicht: 300 g<\/div>\n<\/td>\n<td colspan=\"1\" rowspan=\"1\">\n<div class=\"magic-34\">Die normale Gr\u00f6\u00dfe betr\u00e4gt 9 Zoll (22 cm)<\/div>\n<\/td>\n<\/tr>\n<tr>\n<td colspan=\"1\" rowspan=\"1\">\n<div class=\"magic-33\">Tasse<\/div>\n<\/td>\n<td colspan=\"1\" rowspan=\"1\">\n<div class=\"magic-29\" data-spm-anchor-id=\"a2700.details.0.i30.52a95517HFsZEc\">Material: Umweltfreundliche, lebensmittelechte Elfenbeinplatte, Gewicht: 300 g<\/div>\n<\/td>\n<td colspan=\"1\" rowspan=\"1\">\n<div class=\"magic-34\">Die normale Gr\u00f6\u00dfe betr\u00e4gt 250 ml<\/div>\n<\/td>\n<\/tr>\n<tr>\n<td colspan=\"1\" rowspan=\"1\">\n<div class=\"magic-33\">Serviette<\/div>\n<\/td>\n<td colspan=\"1\" rowspan=\"1\">\n<div class=\"magic-29\" data-spm-anchor-id=\"a2700.details.0.i29.52a95517HFsZEc\">Material: Umweltfreundliches Papier<\/div>\n<\/td>\n<td colspan=\"1\" rowspan=\"1\">\n<div class=\"magic-34\">Normale Gr\u00f6\u00dfe ist 17 x 17 cm, ungefaltet 33 x 33 cm<\/div>\n<\/td>\n<\/tr>\n<tr>\n<td colspan=\"1\" rowspan=\"1\">\n<div class=\"magic-33\">Stroh<\/div>\n<\/td>\n<td colspan=\"1\" rowspan=\"1\">\n<div class=\"magic-29\">Material: Umweltfreundliches, lebensmittelechtes Elfenbeinbrett<\/div>\n<\/td>\n<td colspan=\"1\" rowspan=\"1\">\n<div class=\"magic-34\" data-spm-anchor-id=\"a2700.details.0.i31.52a95517HFsZEc\">Normale Gr\u00f6\u00dfe ist 0,5 x 20 cm, Packung: 16 x 26 cm<\/div>\n<\/td>\n<\/tr>\n<tr>\n<td colspan=\"1\" rowspan=\"1\">Popcornbecher<\/td>\n<td colspan=\"1\" rowspan=\"1\">Material: Umweltfreundliches, lebensmittelechtes Elfenbeinbrett<\/td>\n<td colspan=\"1\" rowspan=\"1\">\n<div class=\"magic-34\" data-spm-anchor-id=\"a2700.details.0.i32.52a95517HFsZEc\">Normale Gr\u00f6\u00dfe ist 14 x 9 cm<\/div>\n<\/td>\n<\/tr>\n<tr>\n<td colspan=\"1\" rowspan=\"1\">Ausgeblasen<\/td>\n<td colspan=\"1\" rowspan=\"1\">Material: Kunststoff<\/td>\n<td colspan=\"1\" rowspan=\"1\">\n<div class=\"magic-34\" data-spm-anchor-id=\"a2700.details.0.i32.52a95517HFsZEc\">Normale Gr\u00f6\u00dfe ist 1 x 12 cm, Packung: 22 x 18 cm<\/div>\n<\/td>\n<\/tr>\n<tr>\n<td colspan=\"1\" rowspan=\"1\">Kappe<\/td>\n<td colspan=\"1\" rowspan=\"1\">Material: Umweltfreundliches Papier<\/td>\n<td colspan=\"1\" rowspan=\"1\">\n<div class=\"magic-34\" data-spm-anchor-id=\"a2700.details.0.i32.52a95517HFsZEc\">Normale Gr\u00f6\u00dfe ist 21 x 15 cm<\/div>\n<\/td>\n<\/tr>\n<tr>\n<td colspan=\"1\" rowspan=\"1\">Wimpel<\/td>\n<td colspan=\"1\" rowspan=\"1\">Material: Umweltfreundliches Papier<\/td>\n<td colspan=\"1\" rowspan=\"1\">\n<div class=\"magic-34\" data-spm-anchor-id=\"a2700.details.0.i32.52a95517HFsZEc\">Normale Gr\u00f6\u00dfe ist 16 x 14 cm, 12 St\u00fcck, 2 m<\/div>\n<\/td>\n<\/tr>\n<tr>\n<td colspan=\"1\" rowspan=\"1\">\n<div class=\"magic-33\">Verpackung<\/div>\n<\/td>\n<td colspan=\"1\" rowspan=\"1\">\n<div class=\"magic-29\">Schrumpffolie\/Opp mit Kopfkarte<\/div>\n<\/td>\n<td colspan=\"1\" rowspan=\"1\">\n<div class=\"magic-34\">10 St\u00fcck pro Packung (Servietten 20 St\u00fcck)<\/div>\n<\/td>\n<\/tr>\n<tr>\n<td colspan=\"5\" rowspan=\"1\">\n<div class=\"magic-27\" data-spm-anchor-id=\"a2700.details.0.i48.52a95517HFsZEc\"><strong data-spm-anchor-id=\"a2g0o.detail.1000023.i0.7ad9403drNmuzB\">Wir haben ein 8er-Set mit 56 Teilen zum Thema Geschirr, darunter Dessertteller, Essteller, Pappbecher, Popcornbecher, Strohhalm, Ausblasbecher, Geburtstagskappe oder eine Zusammenstellung nach Ihren W\u00fcnschen.<\/strong><\/div>\n<\/td>\n<\/tr>\n<\/tbody>\n<\/table>\n<p><img decoding=\"async\" class=\"alignnone size-full wp-image-18180\" src=\"https:\/\/tonysourcing.com\/wp-content\/uploads\/2023\/05\/H448ea90e0ee8477d95f3905c4ac5b331m.jpg\" alt=\"\" width=\"1000\" height=\"755\" srcset=\"https:\/\/tonysourcing.com\/wp-content\/uploads\/2023\/05\/H448ea90e0ee8477d95f3905c4ac5b331m.jpg 1000w, https:\/\/tonysourcing.com\/wp-content\/uploads\/2023\/05\/H448ea90e0ee8477d95f3905c4ac5b331m-300x227.jpg 300w, https:\/\/tonysourcing.com\/wp-content\/uploads\/2023\/05\/H448ea90e0ee8477d95f3905c4ac5b331m-800x604.jpg 800w, https:\/\/tonysourcing.com\/wp-content\/uploads\/2023\/05\/H448ea90e0ee8477d95f3905c4ac5b331m-768x580.jpg 768w, https:\/\/tonysourcing.com\/wp-content\/uploads\/2023\/05\/H448ea90e0ee8477d95f3905c4ac5b331m-600x453.jpg 600w\" sizes=\"(max-width: 1000px) 100vw, 1000px\" \/> <img decoding=\"async\" class=\"alignnone size-full wp-image-18181\" src=\"https:\/\/tonysourcing.com\/wp-content\/uploads\/2023\/05\/H850bcf35ce5a481a8db5841b8cef2c4aw.jpg\" alt=\"\" width=\"1000\" height=\"682\" srcset=\"https:\/\/tonysourcing.com\/wp-content\/uploads\/2023\/05\/H850bcf35ce5a481a8db5841b8cef2c4aw.jpg 1000w, https:\/\/tonysourcing.com\/wp-content\/uploads\/2023\/05\/H850bcf35ce5a481a8db5841b8cef2c4aw-300x205.jpg 300w, https:\/\/tonysourcing.com\/wp-content\/uploads\/2023\/05\/H850bcf35ce5a481a8db5841b8cef2c4aw-800x546.jpg 800w, https:\/\/tonysourcing.com\/wp-content\/uploads\/2023\/05\/H850bcf35ce5a481a8db5841b8cef2c4aw-768x524.jpg 768w, https:\/\/tonysourcing.com\/wp-content\/uploads\/2023\/05\/H850bcf35ce5a481a8db5841b8cef2c4aw-600x409.jpg 600w\" sizes=\"(max-width: 1000px) 100vw, 1000px\" \/> <img loading=\"lazy\" decoding=\"async\" class=\"alignnone size-full wp-image-18179\" src=\"https:\/\/tonysourcing.com\/wp-content\/uploads\/2023\/05\/H9dfb32f213184a34adb3e05737d0e9ae6.jpg\" alt=\"\" width=\"1000\" height=\"1446\" srcset=\"https:\/\/tonysourcing.com\/wp-content\/uploads\/2023\/05\/H9dfb32f213184a34adb3e05737d0e9ae6.jpg 1000w, https:\/\/tonysourcing.com\/wp-content\/uploads\/2023\/05\/H9dfb32f213184a34adb3e05737d0e9ae6-207x300.jpg 207w, https:\/\/tonysourcing.com\/wp-content\/uploads\/2023\/05\/H9dfb32f213184a34adb3e05737d0e9ae6-553x800.jpg 553w, https:\/\/tonysourcing.com\/wp-content\/uploads\/2023\/05\/H9dfb32f213184a34adb3e05737d0e9ae6-768x1111.jpg 768w, https:\/\/tonysourcing.com\/wp-content\/uploads\/2023\/05\/H9dfb32f213184a34adb3e05737d0e9ae6-600x868.jpg 600w\" sizes=\"(max-width: 1000px) 100vw, 1000px\" \/> <img loading=\"lazy\" decoding=\"async\" class=\"alignnone size-full wp-image-18178\" src=\"https:\/\/tonysourcing.com\/wp-content\/uploads\/2023\/05\/H6c744bfddc044f2ba9fcb092fcac1660F.jpg\" alt=\"\" width=\"1000\" height=\"1019\" srcset=\"https:\/\/tonysourcing.com\/wp-content\/uploads\/2023\/05\/H6c744bfddc044f2ba9fcb092fcac1660F.jpg 1000w, https:\/\/tonysourcing.com\/wp-content\/uploads\/2023\/05\/H6c744bfddc044f2ba9fcb092fcac1660F-294x300.jpg 294w, https:\/\/tonysourcing.com\/wp-content\/uploads\/2023\/05\/H6c744bfddc044f2ba9fcb092fcac1660F-785x800.jpg 785w, https:\/\/tonysourcing.com\/wp-content\/uploads\/2023\/05\/H6c744bfddc044f2ba9fcb092fcac1660F-768x783.jpg 768w, https:\/\/tonysourcing.com\/wp-content\/uploads\/2023\/05\/H6c744bfddc044f2ba9fcb092fcac1660F-600x611.jpg 600w\" sizes=\"(max-width: 1000px) 100vw, 1000px\" \/><\/p>\n<div class=\"J_module\">\n<h2 id=\"ali-anchor-AliMagic-s9kxka\" class=\"magic-14\" data-section=\"AliMagic-s9kxka\" data-section-title=\"FAQ\" data-spm-anchor-id=\"a2700.details.0.i53.558a7b73z5413m\">H\u00e4ufig gestellte Fragen<\/h2>\n<\/div>\n<div class=\"J_module\">\n<div class=\"detail-decorate-json-renderer-container\">\n<div class=\"magic-8\">\n<div class=\"magic-9\">\n<div class=\"magic-10\">\n<div class=\"magic-11\"><b>F1: Wo erhalte ich Produkt- und Preisinformationen?<\/b><\/div>\n<div class=\"magic-11\">A1: Senden Sie uns eine Anfrage-E-Mail. Wir werden Sie kontaktieren, sobald wir Ihre E-Mail erhalten haben.<\/div>\n<div class=\"magic-11\"><b>F2: Wie lange kann ich die Probe erhalten?<\/b><\/div>\n<div class=\"magic-11\">\n<div>A2: Abh\u00e4ngig von Ihren spezifischen Artikeln ist im Allgemeinen eine Lieferzeit von 3\u20137 Tagen erforderlich.<\/div>\n<div><b>F3: Welche Informationen ben\u00f6tigen Sie f\u00fcr ein Angebot?<\/b><br \/>\nA3: Geben Sie bitte die Artikelnummer des Produkts an. Am besten geben Sie auch die ungef\u00e4hre Bestellmenge an.<\/div>\n<div><b>F4: Wie lauten die Zahlungsbedingungen? <\/b><br \/>\nA4: Wir akzeptieren 30% als Anzahlung. Sobald die Ware fertig ist, machen wir Fotos f\u00fcr Ihren Scheck und Sie zahlen dann den Restbetrag. F\u00fcr kleine Betr\u00e4ge akzeptieren wir Paypal, und eine Paypal-Provision wird der Bestellung hinzugef\u00fcgt. F\u00fcr gro\u00dfe Betr\u00e4ge wird T\/T bevorzugt.<\/div>\n<div><b>F5: Wie werden die Waren geliefert?<\/b><br \/>\nA5: Wir liefern die Produkte per Kurierdienst.<\/div>\n<div><b>F6: K\u00f6nnen wir vor der Massenproduktion einige Muster erhalten? <\/b><br \/>\nA7: Auf jeden Fall. Wir werden Ihnen nach dem Ausprobieren der neuen Formen Muster zur Best\u00e4tigung liefern.<\/div>\n<div><b>F7: Warum sollten Sie bei uns und nicht bei anderen Anbietern kaufen? <\/b><br \/>\nA6: Die direkte Beschaffung von chinesischen Herstellern spart bis zu 60% an Kosten und wickelt alles \u00fcber den One-Step-Service von TonySourcing ab. Arbeiten Sie mit dem TonySourcing-Team zusammen, um Wissen und Unterst\u00fctzung beim Spielzeugkauf zu erhalten.<\/div>\n<\/div>\n<\/div>\n<\/div>\n<\/div>\n<\/div>\n<\/div>","protected":false},"excerpt":{"rendered":"<p>ARTIKEL: NR. 1115H<\/p>","protected":false},"featured_media":18342,"template":"","meta":{"_kad_post_transparent":"","_kad_post_title":"","_kad_post_layout":"","_kad_post_sidebar_id":"","_kad_post_content_style":"","_kad_post_vertical_padding":"","_kad_post_feature":"","_kad_post_feature_position":"","_kad_post_header":false,"_kad_post_footer":false,"_kad_post_classname":""},"product_brand":[],"product_cat":[997,1584],"product_tag":[1672,1671],"class_list":{"0":"post-18304","1":"product","2":"type-product","3":"status-publish","4":"has-post-thumbnail","6":"product_cat-party-supplies-wholesale","7":"product_cat-tableware","8":"product_tag-disposable","9":"product_tag-straw","11":"first","12":"instock","13":"shipping-taxable","14":"product-type-simple","15":"entry","16":"content-bg","17":"loop-entry"},"yoast_head":"<!-- This site is optimized with the Yoast SEO plugin v27.5 - https:\/\/yoast.com\/product\/yoast-seo-wordpress\/ -->\n<title>Party Paper Disposable Straw - Import Directly From Manufacturer<\/title>\n<meta name=\"description\" content=\"Import Party Paper Disposable Straw from China Manufacturer, Good Product and Good Price, Contact TonySourcing for Catalog today\" \/>\n<meta name=\"robots\" content=\"index, follow, max-snippet:-1, max-image-preview:large, max-video-preview:-1\" \/>\n<link rel=\"canonical\" href=\"https:\/\/tonysourcing.com\/de\/groshandel\/party-paper-disposable-straw\/\" \/>\n<meta property=\"og:locale\" content=\"de_DE\" \/>\n<meta property=\"og:type\" content=\"article\" \/>\n<meta property=\"og:title\" content=\"Party Paper Disposable Straw - Import Directly From Manufacturer\" \/>\n<meta property=\"og:description\" content=\"Import Party Paper Disposable Straw from China Manufacturer, Good Product and Good Price, Contact TonySourcing for Catalog today\" \/>\n<meta property=\"og:url\" content=\"https:\/\/tonysourcing.com\/de\/groshandel\/party-paper-disposable-straw\/\" \/>\n<meta property=\"og:site_name\" content=\"TonySourcing\" \/>\n<meta property=\"article:publisher\" content=\"https:\/\/www.facebook.com\/TonySourcing\" \/>\n<meta property=\"article:modified_time\" content=\"2023-05-31T06:45:58+00:00\" \/>\n<meta property=\"og:image\" content=\"https:\/\/tonysourcing.com\/wp-content\/uploads\/2023\/05\/Party-Paper-Disposable-Straw.png\" \/>\n\t<meta property=\"og:image:width\" content=\"500\" \/>\n\t<meta property=\"og:image:height\" content=\"500\" \/>\n\t<meta property=\"og:image:type\" content=\"image\/png\" \/>\n<meta name=\"twitter:card\" content=\"summary_large_image\" \/>\n<meta name=\"twitter:site\" content=\"@TonySourcing\" \/>\n<meta name=\"twitter:label1\" content=\"Gesch\u00e4tzte Lesezeit\" \/>\n\t<meta name=\"twitter:data1\" content=\"3\u00a0Minuten\" \/>\n<script type=\"application\/ld+json\" class=\"yoast-schema-graph\">{\"@context\":\"https:\\\/\\\/schema.org\",\"@graph\":[{\"@type\":\"WebPage\",\"@id\":\"https:\\\/\\\/tonysourcing.com\\\/wholesale\\\/party-paper-disposable-straw\\\/\",\"url\":\"https:\\\/\\\/tonysourcing.com\\\/wholesale\\\/party-paper-disposable-straw\\\/\",\"name\":\"Party Paper Disposable Straw - Import Directly From Manufacturer\",\"isPartOf\":{\"@id\":\"https:\\\/\\\/tonysourcing.com\\\/#website\"},\"primaryImageOfPage\":{\"@id\":\"https:\\\/\\\/tonysourcing.com\\\/wholesale\\\/party-paper-disposable-straw\\\/#primaryimage\"},\"image\":{\"@id\":\"https:\\\/\\\/tonysourcing.com\\\/wholesale\\\/party-paper-disposable-straw\\\/#primaryimage\"},\"thumbnailUrl\":\"https:\\\/\\\/tonysourcing.com\\\/wp-content\\\/uploads\\\/2023\\\/05\\\/Party-Paper-Disposable-Straw.png\",\"datePublished\":\"2023-05-30T11:01:47+00:00\",\"dateModified\":\"2023-05-31T06:45:58+00:00\",\"description\":\"Import Party Paper Disposable Straw from China Manufacturer, Good Product and Good Price, Contact TonySourcing for Catalog today\",\"breadcrumb\":{\"@id\":\"https:\\\/\\\/tonysourcing.com\\\/wholesale\\\/party-paper-disposable-straw\\\/#breadcrumb\"},\"inLanguage\":\"de\",\"potentialAction\":[{\"@type\":\"ReadAction\",\"target\":[\"https:\\\/\\\/tonysourcing.com\\\/wholesale\\\/party-paper-disposable-straw\\\/\"]}]},{\"@type\":\"ImageObject\",\"inLanguage\":\"de\",\"@id\":\"https:\\\/\\\/tonysourcing.com\\\/wholesale\\\/party-paper-disposable-straw\\\/#primaryimage\",\"url\":\"https:\\\/\\\/tonysourcing.com\\\/wp-content\\\/uploads\\\/2023\\\/05\\\/Party-Paper-Disposable-Straw.png\",\"contentUrl\":\"https:\\\/\\\/tonysourcing.com\\\/wp-content\\\/uploads\\\/2023\\\/05\\\/Party-Paper-Disposable-Straw.png\",\"width\":500,\"height\":500,\"caption\":\"Party Paper Disposable Straw\"},{\"@type\":\"BreadcrumbList\",\"@id\":\"https:\\\/\\\/tonysourcing.com\\\/wholesale\\\/party-paper-disposable-straw\\\/#breadcrumb\",\"itemListElement\":[{\"@type\":\"ListItem\",\"position\":1,\"name\":\"Home\",\"item\":\"https:\\\/\\\/tonysourcing.com\\\/\"},{\"@type\":\"ListItem\",\"position\":2,\"name\":\"Wholesale\",\"item\":\"https:\\\/\\\/tonysourcing.com\\\/wholesale\\\/\"},{\"@type\":\"ListItem\",\"position\":3,\"name\":\"Party Paper Disposable Straw\"}]},{\"@type\":\"WebSite\",\"@id\":\"https:\\\/\\\/tonysourcing.com\\\/#website\",\"url\":\"https:\\\/\\\/tonysourcing.com\\\/\",\"name\":\"TonySourcing\",\"description\":\"Toys Wholesale Distributor &amp; China Promition Items\",\"publisher\":{\"@id\":\"https:\\\/\\\/tonysourcing.com\\\/#organization\"},\"potentialAction\":[{\"@type\":\"SearchAction\",\"target\":{\"@type\":\"EntryPoint\",\"urlTemplate\":\"https:\\\/\\\/tonysourcing.com\\\/?s={search_term_string}\"},\"query-input\":{\"@type\":\"PropertyValueSpecification\",\"valueRequired\":true,\"valueName\":\"search_term_string\"}}],\"inLanguage\":\"de\"},{\"@type\":\"Organization\",\"@id\":\"https:\\\/\\\/tonysourcing.com\\\/#organization\",\"name\":\"Yiwu Zongge\",\"url\":\"https:\\\/\\\/tonysourcing.com\\\/\",\"logo\":{\"@type\":\"ImageObject\",\"inLanguage\":\"de\",\"@id\":\"https:\\\/\\\/tonysourcing.com\\\/#\\\/schema\\\/logo\\\/image\\\/\",\"url\":\"https:\\\/\\\/tonysourcing.com\\\/wp-content\\\/uploads\\\/2021\\\/07\\\/cropped-TonySourcing-logo-1.png\",\"contentUrl\":\"https:\\\/\\\/tonysourcing.com\\\/wp-content\\\/uploads\\\/2021\\\/07\\\/cropped-TonySourcing-logo-1.png\",\"width\":300,\"height\":92,\"caption\":\"Yiwu Zongge\"},\"image\":{\"@id\":\"https:\\\/\\\/tonysourcing.com\\\/#\\\/schema\\\/logo\\\/image\\\/\"},\"sameAs\":[\"https:\\\/\\\/www.facebook.com\\\/TonySourcing\",\"https:\\\/\\\/x.com\\\/TonySourcing\",\"https:\\\/\\\/www.instagram.com\\\/tony_sourcing\\\/\",\"http:\\\/\\\/www.linkedin.com\\\/in\\\/tonychen88\",\"https:\\\/\\\/www.youtube.com\\\/channel\\\/UCZfST1M-NDoqjQ3dB-Tzszg\"]}]}<\/script>\n<!-- \/ Yoast SEO plugin. -->","yoast_head_json":{"title":"Party Paper Disposable Straw - Import Directly From Manufacturer","description":"Import Party Paper Disposable Straw from China Manufacturer, Good Product and Good Price, Contact TonySourcing for Catalog today","robots":{"index":"index","follow":"follow","max-snippet":"max-snippet:-1","max-image-preview":"max-image-preview:large","max-video-preview":"max-video-preview:-1"},"canonical":"https:\/\/tonysourcing.com\/de\/groshandel\/party-paper-disposable-straw\/","og_locale":"de_DE","og_type":"article","og_title":"Party Paper Disposable Straw - Import Directly From Manufacturer","og_description":"Import Party Paper Disposable Straw from China Manufacturer, Good Product and Good Price, Contact TonySourcing for Catalog today","og_url":"https:\/\/tonysourcing.com\/de\/groshandel\/party-paper-disposable-straw\/","og_site_name":"TonySourcing","article_publisher":"https:\/\/www.facebook.com\/TonySourcing","article_modified_time":"2023-05-31T06:45:58+00:00","og_image":[{"width":500,"height":500,"url":"https:\/\/tonysourcing.com\/wp-content\/uploads\/2023\/05\/Party-Paper-Disposable-Straw.png","type":"image\/png"}],"twitter_card":"summary_large_image","twitter_site":"@TonySourcing","twitter_misc":{"Gesch\u00e4tzte Lesezeit":"3\u00a0Minuten"},"schema":{"@context":"https:\/\/schema.org","@graph":[{"@type":"WebPage","@id":"https:\/\/tonysourcing.com\/wholesale\/party-paper-disposable-straw\/","url":"https:\/\/tonysourcing.com\/wholesale\/party-paper-disposable-straw\/","name":"Party Paper Disposable Straw - Import Directly From Manufacturer","isPartOf":{"@id":"https:\/\/tonysourcing.com\/#website"},"primaryImageOfPage":{"@id":"https:\/\/tonysourcing.com\/wholesale\/party-paper-disposable-straw\/#primaryimage"},"image":{"@id":"https:\/\/tonysourcing.com\/wholesale\/party-paper-disposable-straw\/#primaryimage"},"thumbnailUrl":"https:\/\/tonysourcing.com\/wp-content\/uploads\/2023\/05\/Party-Paper-Disposable-Straw.png","datePublished":"2023-05-30T11:01:47+00:00","dateModified":"2023-05-31T06:45:58+00:00","description":"Import Party Paper Disposable Straw from China Manufacturer, Good Product and Good Price, Contact TonySourcing for Catalog today","breadcrumb":{"@id":"https:\/\/tonysourcing.com\/wholesale\/party-paper-disposable-straw\/#breadcrumb"},"inLanguage":"de","potentialAction":[{"@type":"ReadAction","target":["https:\/\/tonysourcing.com\/wholesale\/party-paper-disposable-straw\/"]}]},{"@type":"ImageObject","inLanguage":"de","@id":"https:\/\/tonysourcing.com\/wholesale\/party-paper-disposable-straw\/#primaryimage","url":"https:\/\/tonysourcing.com\/wp-content\/uploads\/2023\/05\/Party-Paper-Disposable-Straw.png","contentUrl":"https:\/\/tonysourcing.com\/wp-content\/uploads\/2023\/05\/Party-Paper-Disposable-Straw.png","width":500,"height":500,"caption":"Party Paper Disposable Straw"},{"@type":"BreadcrumbList","@id":"https:\/\/tonysourcing.com\/wholesale\/party-paper-disposable-straw\/#breadcrumb","itemListElement":[{"@type":"ListItem","position":1,"name":"Home","item":"https:\/\/tonysourcing.com\/"},{"@type":"ListItem","position":2,"name":"Wholesale","item":"https:\/\/tonysourcing.com\/wholesale\/"},{"@type":"ListItem","position":3,"name":"Party Paper Disposable Straw"}]},{"@type":"WebSite","@id":"https:\/\/tonysourcing.com\/#website","url":"https:\/\/tonysourcing.com\/","name":"TonySourcing","description":"Spielzeuggro\u00dfh\u00e4ndler und Werbeartikel aus China","publisher":{"@id":"https:\/\/tonysourcing.com\/#organization"},"potentialAction":[{"@type":"SearchAction","target":{"@type":"EntryPoint","urlTemplate":"https:\/\/tonysourcing.com\/?s={search_term_string}"},"query-input":{"@type":"PropertyValueSpecification","valueRequired":true,"valueName":"search_term_string"}}],"inLanguage":"de"},{"@type":"Organization","@id":"https:\/\/tonysourcing.com\/#organization","name":"Yiwu Zongge","url":"https:\/\/tonysourcing.com\/","logo":{"@type":"ImageObject","inLanguage":"de","@id":"https:\/\/tonysourcing.com\/#\/schema\/logo\/image\/","url":"https:\/\/tonysourcing.com\/wp-content\/uploads\/2021\/07\/cropped-TonySourcing-logo-1.png","contentUrl":"https:\/\/tonysourcing.com\/wp-content\/uploads\/2021\/07\/cropped-TonySourcing-logo-1.png","width":300,"height":92,"caption":"Yiwu Zongge"},"image":{"@id":"https:\/\/tonysourcing.com\/#\/schema\/logo\/image\/"},"sameAs":["https:\/\/www.facebook.com\/TonySourcing","https:\/\/x.com\/TonySourcing","https:\/\/www.instagram.com\/tony_sourcing\/","http:\/\/www.linkedin.com\/in\/tonychen88","https:\/\/www.youtube.com\/channel\/UCZfST1M-NDoqjQ3dB-Tzszg"]}]}},"_links":{"self":[{"href":"https:\/\/tonysourcing.com\/de\/wp-json\/wp\/v2\/product\/18304","targetHints":{"allow":["GET"]}}],"collection":[{"href":"https:\/\/tonysourcing.com\/de\/wp-json\/wp\/v2\/product"}],"about":[{"href":"https:\/\/tonysourcing.com\/de\/wp-json\/wp\/v2\/types\/product"}],"version-history":[{"count":1,"href":"https:\/\/tonysourcing.com\/de\/wp-json\/wp\/v2\/product\/18304\/revisions"}],"predecessor-version":[{"id":18319,"href":"https:\/\/tonysourcing.com\/de\/wp-json\/wp\/v2\/product\/18304\/revisions\/18319"}],"wp:featuredmedia":[{"embeddable":true,"href":"https:\/\/tonysourcing.com\/de\/wp-json\/wp\/v2\/media\/18342"}],"wp:attachment":[{"href":"https:\/\/tonysourcing.com\/de\/wp-json\/wp\/v2\/media?parent=18304"}],"wp:term":[{"taxonomy":"product_brand","embeddable":true,"href":"https:\/\/tonysourcing.com\/de\/wp-json\/wp\/v2\/product_brand?post=18304"},{"taxonomy":"product_cat","embeddable":true,"href":"https:\/\/tonysourcing.com\/de\/wp-json\/wp\/v2\/product_cat?post=18304"},{"taxonomy":"product_tag","embeddable":true,"href":"https:\/\/tonysourcing.com\/de\/wp-json\/wp\/v2\/product_tag?post=18304"}],"curies":[{"name":"wp","href":"https:\/\/api.w.org\/{rel}","templated":true}]}}