{"id":19048,"date":"2023-07-08T02:56:39","date_gmt":"2023-07-08T02:56:39","guid":{"rendered":"https:\/\/tonysourcing.com\/?post_type=product&#038;p=19048"},"modified":"2025-12-26T05:00:54","modified_gmt":"2025-12-26T05:00:54","slug":"tragheitsauto","status":"publish","type":"product","link":"https:\/\/tonysourcing.com\/de\/wholesale\/inertia-car\/","title":{"rendered":"Tr\u00e4gheitsauto"},"content":{"rendered":"<p>Wissen Sie, welche Spielzeuge den Umsatz steigern k\u00f6nnen? \ud83e\uddd0<br \/>\nGlauben Sie, dass ein Karton mit Spielzeugen den gleichen Stil hat und Sie ihn nicht kaufen werden, wenn Sie nicht wissen, ob das Spielzeug ein Verkaufsschlager ist? \ud83d\udc40<br \/>\nSchauen wir uns nun die folgenden Spielzeugautos genauer an. Wir ber\u00fccksichtigen Ihre Bedenken. Beim Kauf dieser Spielzeugautos k\u00f6nnen viele verschiedene Modelle in einem Karton verpackt werden, \u00e4hnlich wie beim gemischten Gro\u00dfhandel. So haben Sie und Ihre Kinder eine gro\u00dfe Auswahl. Ist das nicht toll?<\/p>\n<p><img fetchpriority=\"high\" decoding=\"async\" class=\"alignnone  wp-image-19373\" src=\"https:\/\/tonysourcing.com\/wp-content\/uploads\/2023\/07\/Inertia-Car-1-300x183.jpg\" alt=\"\" width=\"1693\" height=\"1033\" srcset=\"https:\/\/tonysourcing.com\/wp-content\/uploads\/2023\/07\/Inertia-Car-1-300x183.jpg 300w, https:\/\/tonysourcing.com\/wp-content\/uploads\/2023\/07\/Inertia-Car-1-800x487.jpg 800w, https:\/\/tonysourcing.com\/wp-content\/uploads\/2023\/07\/Inertia-Car-1-600x365.jpg 600w\" sizes=\"(max-width: 1693px) 100vw, 1693px\" \/> <img decoding=\"async\" class=\"alignnone  wp-image-19372\" src=\"https:\/\/tonysourcing.com\/wp-content\/uploads\/2023\/07\/Inertia-Car-3-1-300x200.jpg\" alt=\"\" width=\"1716\" height=\"1144\" srcset=\"https:\/\/tonysourcing.com\/wp-content\/uploads\/2023\/07\/Inertia-Car-3-1-300x200.jpg 300w, https:\/\/tonysourcing.com\/wp-content\/uploads\/2023\/07\/Inertia-Car-3-1-800x533.jpg 800w, https:\/\/tonysourcing.com\/wp-content\/uploads\/2023\/07\/Inertia-Car-3-1-768x512.jpg 768w, https:\/\/tonysourcing.com\/wp-content\/uploads\/2023\/07\/Inertia-Car-3-1-600x400.jpg 600w, https:\/\/tonysourcing.com\/wp-content\/uploads\/2023\/07\/Inertia-Car-3-1.jpg 1024w\" sizes=\"(max-width: 1716px) 100vw, 1716px\" \/><\/p>\n<p><img decoding=\"async\" class=\"wp-image-19371\" src=\"https:\/\/tonysourcing.com\/wp-content\/uploads\/2023\/07\/Inertia-Car-2-1-300x181.jpg\" alt=\"Tr\u00e4gheitsauto\" width=\"1638\" height=\"988\" srcset=\"https:\/\/tonysourcing.com\/wp-content\/uploads\/2023\/07\/Inertia-Car-2-1-300x181.jpg 300w, https:\/\/tonysourcing.com\/wp-content\/uploads\/2023\/07\/Inertia-Car-2-1-800x483.jpg 800w, https:\/\/tonysourcing.com\/wp-content\/uploads\/2023\/07\/Inertia-Car-2-1-768x464.jpg 768w, https:\/\/tonysourcing.com\/wp-content\/uploads\/2023\/07\/Inertia-Car-2-1-600x362.jpg 600w, https:\/\/tonysourcing.com\/wp-content\/uploads\/2023\/07\/Inertia-Car-2-1.jpg 1024w\" sizes=\"(max-width: 1638px) 100vw, 1638px\" \/><\/p>","protected":false},"excerpt":{"rendered":"<p>Artikel-Nr.: LD-065<\/p>\n<p>Gro\u00dfhandelspreis: <span style=\"color: #ff0000\">0,7\u20130,81 TP4T\/Einheit<\/span><\/p>\n<p>UVP: <span style=\"color: #ff0000\">7$<\/span><\/p>","protected":false},"featured_media":19377,"template":"","meta":{"_kad_post_transparent":"","_kad_post_title":"","_kad_post_layout":"","_kad_post_sidebar_id":"","_kad_post_content_style":"","_kad_post_vertical_padding":"","_kad_post_feature":"","_kad_post_feature_position":"","_kad_post_header":false,"_kad_post_footer":false,"_kad_post_classname":""},"product_brand":[],"product_cat":[525,151],"product_tag":[1821],"class_list":{"0":"post-19048","1":"product","2":"type-product","3":"status-publish","4":"has-post-thumbnail","6":"product_cat-car-toys","7":"product_cat-game-toys","8":"product_tag-hot-toys","10":"first","11":"instock","12":"shipping-taxable","13":"product-type-simple","14":"entry","15":"content-bg","16":"loop-entry"},"yoast_head":"<!-- This site is optimized with the Yoast SEO plugin v27.4 - https:\/\/yoast.com\/product\/yoast-seo-wordpress\/ -->\n<title>Inertia Car - Import Toys Wholesale Directly From Manufacturer<\/title>\n<meta name=\"description\" content=\"Import Inertia Car from China Manufacturer, Good Product and Good Price, Contact TonySourcing for Catalog today. Welcome to our shop.\" \/>\n<meta name=\"robots\" content=\"index, follow, max-snippet:-1, max-image-preview:large, max-video-preview:-1\" \/>\n<link rel=\"canonical\" href=\"https:\/\/tonysourcing.com\/de\/groshandel\/tragheitsauto\/\" \/>\n<meta property=\"og:locale\" content=\"de_DE\" \/>\n<meta property=\"og:type\" content=\"article\" \/>\n<meta property=\"og:title\" content=\"Inertia Car - Import Toys Wholesale Directly From Manufacturer\" \/>\n<meta property=\"og:description\" content=\"Import Inertia Car from China Manufacturer, Good Product and Good Price, Contact TonySourcing for Catalog today. Welcome to our shop.\" \/>\n<meta property=\"og:url\" content=\"https:\/\/tonysourcing.com\/de\/groshandel\/tragheitsauto\/\" \/>\n<meta property=\"og:site_name\" content=\"TonySourcing\" \/>\n<meta property=\"article:publisher\" content=\"https:\/\/www.facebook.com\/TonySourcing\" \/>\n<meta property=\"article:modified_time\" content=\"2025-12-26T05:00:54+00:00\" \/>\n<meta property=\"og:image\" content=\"https:\/\/tonysourcing.com\/wp-content\/uploads\/2023\/07\/Inertia-Car-4.jpg\" \/>\n\t<meta property=\"og:image:width\" content=\"718\" \/>\n\t<meta property=\"og:image:height\" content=\"717\" \/>\n\t<meta property=\"og:image:type\" content=\"image\/jpeg\" \/>\n<meta name=\"twitter:card\" content=\"summary_large_image\" \/>\n<meta name=\"twitter:site\" content=\"@TonySourcing\" \/>\n<meta name=\"twitter:label1\" content=\"Gesch\u00e4tzte Lesezeit\" \/>\n\t<meta name=\"twitter:data1\" content=\"1\u00a0Minute\" \/>\n<script type=\"application\/ld+json\" class=\"yoast-schema-graph\">{\"@context\":\"https:\\\/\\\/schema.org\",\"@graph\":[{\"@type\":\"WebPage\",\"@id\":\"https:\\\/\\\/tonysourcing.com\\\/wholesale\\\/inertia-car\\\/\",\"url\":\"https:\\\/\\\/tonysourcing.com\\\/wholesale\\\/inertia-car\\\/\",\"name\":\"Inertia Car - Import Toys Wholesale Directly From Manufacturer\",\"isPartOf\":{\"@id\":\"https:\\\/\\\/tonysourcing.com\\\/#website\"},\"primaryImageOfPage\":{\"@id\":\"https:\\\/\\\/tonysourcing.com\\\/wholesale\\\/inertia-car\\\/#primaryimage\"},\"image\":{\"@id\":\"https:\\\/\\\/tonysourcing.com\\\/wholesale\\\/inertia-car\\\/#primaryimage\"},\"thumbnailUrl\":\"https:\\\/\\\/tonysourcing.com\\\/wp-content\\\/uploads\\\/2023\\\/07\\\/Inertia-Car-4.jpg\",\"datePublished\":\"2023-07-08T02:56:39+00:00\",\"dateModified\":\"2025-12-26T05:00:54+00:00\",\"description\":\"Import Inertia Car from China Manufacturer, Good Product and Good Price, Contact TonySourcing for Catalog today. Welcome to our shop.\",\"breadcrumb\":{\"@id\":\"https:\\\/\\\/tonysourcing.com\\\/wholesale\\\/inertia-car\\\/#breadcrumb\"},\"inLanguage\":\"de\",\"potentialAction\":[{\"@type\":\"ReadAction\",\"target\":[\"https:\\\/\\\/tonysourcing.com\\\/wholesale\\\/inertia-car\\\/\"]}]},{\"@type\":\"ImageObject\",\"inLanguage\":\"de\",\"@id\":\"https:\\\/\\\/tonysourcing.com\\\/wholesale\\\/inertia-car\\\/#primaryimage\",\"url\":\"https:\\\/\\\/tonysourcing.com\\\/wp-content\\\/uploads\\\/2023\\\/07\\\/Inertia-Car-4.jpg\",\"contentUrl\":\"https:\\\/\\\/tonysourcing.com\\\/wp-content\\\/uploads\\\/2023\\\/07\\\/Inertia-Car-4.jpg\",\"width\":718,\"height\":717,\"caption\":\"Inertia Car\"},{\"@type\":\"BreadcrumbList\",\"@id\":\"https:\\\/\\\/tonysourcing.com\\\/wholesale\\\/inertia-car\\\/#breadcrumb\",\"itemListElement\":[{\"@type\":\"ListItem\",\"position\":1,\"name\":\"Home\",\"item\":\"https:\\\/\\\/tonysourcing.com\\\/\"},{\"@type\":\"ListItem\",\"position\":2,\"name\":\"Wholesale\",\"item\":\"https:\\\/\\\/tonysourcing.com\\\/wholesale\\\/\"},{\"@type\":\"ListItem\",\"position\":3,\"name\":\"Inertia Car\"}]},{\"@type\":\"WebSite\",\"@id\":\"https:\\\/\\\/tonysourcing.com\\\/#website\",\"url\":\"https:\\\/\\\/tonysourcing.com\\\/\",\"name\":\"TonySourcing\",\"description\":\"Toys Wholesale Distributor &amp; China Promition Items\",\"publisher\":{\"@id\":\"https:\\\/\\\/tonysourcing.com\\\/#organization\"},\"potentialAction\":[{\"@type\":\"SearchAction\",\"target\":{\"@type\":\"EntryPoint\",\"urlTemplate\":\"https:\\\/\\\/tonysourcing.com\\\/?s={search_term_string}\"},\"query-input\":{\"@type\":\"PropertyValueSpecification\",\"valueRequired\":true,\"valueName\":\"search_term_string\"}}],\"inLanguage\":\"de\"},{\"@type\":\"Organization\",\"@id\":\"https:\\\/\\\/tonysourcing.com\\\/#organization\",\"name\":\"Yiwu Zongge\",\"url\":\"https:\\\/\\\/tonysourcing.com\\\/\",\"logo\":{\"@type\":\"ImageObject\",\"inLanguage\":\"de\",\"@id\":\"https:\\\/\\\/tonysourcing.com\\\/#\\\/schema\\\/logo\\\/image\\\/\",\"url\":\"https:\\\/\\\/tonysourcing.com\\\/wp-content\\\/uploads\\\/2021\\\/07\\\/cropped-TonySourcing-logo-1.png\",\"contentUrl\":\"https:\\\/\\\/tonysourcing.com\\\/wp-content\\\/uploads\\\/2021\\\/07\\\/cropped-TonySourcing-logo-1.png\",\"width\":300,\"height\":92,\"caption\":\"Yiwu Zongge\"},\"image\":{\"@id\":\"https:\\\/\\\/tonysourcing.com\\\/#\\\/schema\\\/logo\\\/image\\\/\"},\"sameAs\":[\"https:\\\/\\\/www.facebook.com\\\/TonySourcing\",\"https:\\\/\\\/x.com\\\/TonySourcing\",\"https:\\\/\\\/www.instagram.com\\\/tony_sourcing\\\/\",\"http:\\\/\\\/www.linkedin.com\\\/in\\\/tonychen88\",\"https:\\\/\\\/www.youtube.com\\\/channel\\\/UCZfST1M-NDoqjQ3dB-Tzszg\"]}]}<\/script>\n<!-- \/ Yoast SEO plugin. -->","yoast_head_json":{"title":"Tr\u00e4gheitsauto - Importieren Sie Spielzeug im Gro\u00dfhandel direkt vom Hersteller","description":"Importieren Sie ein Tr\u00e4gheitsauto vom chinesischen Hersteller. Gutes Produkt und guter Preis. Kontaktieren Sie TonySourcing noch heute f\u00fcr den Katalog. Willkommen in unserem Shop.","robots":{"index":"index","follow":"follow","max-snippet":"max-snippet:-1","max-image-preview":"max-image-preview:large","max-video-preview":"max-video-preview:-1"},"canonical":"https:\/\/tonysourcing.com\/de\/groshandel\/tragheitsauto\/","og_locale":"de_DE","og_type":"article","og_title":"Inertia Car - Import Toys Wholesale Directly From Manufacturer","og_description":"Import Inertia Car from China Manufacturer, Good Product and Good Price, Contact TonySourcing for Catalog today. Welcome to our shop.","og_url":"https:\/\/tonysourcing.com\/de\/groshandel\/tragheitsauto\/","og_site_name":"TonySourcing","article_publisher":"https:\/\/www.facebook.com\/TonySourcing","article_modified_time":"2025-12-26T05:00:54+00:00","og_image":[{"width":718,"height":717,"url":"https:\/\/tonysourcing.com\/wp-content\/uploads\/2023\/07\/Inertia-Car-4.jpg","type":"image\/jpeg"}],"twitter_card":"summary_large_image","twitter_site":"@TonySourcing","twitter_misc":{"Gesch\u00e4tzte Lesezeit":"1\u00a0Minute"},"schema":{"@context":"https:\/\/schema.org","@graph":[{"@type":"WebPage","@id":"https:\/\/tonysourcing.com\/wholesale\/inertia-car\/","url":"https:\/\/tonysourcing.com\/wholesale\/inertia-car\/","name":"Tr\u00e4gheitsauto - Importieren Sie Spielzeug im Gro\u00dfhandel direkt vom Hersteller","isPartOf":{"@id":"https:\/\/tonysourcing.com\/#website"},"primaryImageOfPage":{"@id":"https:\/\/tonysourcing.com\/wholesale\/inertia-car\/#primaryimage"},"image":{"@id":"https:\/\/tonysourcing.com\/wholesale\/inertia-car\/#primaryimage"},"thumbnailUrl":"https:\/\/tonysourcing.com\/wp-content\/uploads\/2023\/07\/Inertia-Car-4.jpg","datePublished":"2023-07-08T02:56:39+00:00","dateModified":"2025-12-26T05:00:54+00:00","description":"Importieren Sie ein Tr\u00e4gheitsauto vom chinesischen Hersteller. Gutes Produkt und guter Preis. Kontaktieren Sie TonySourcing noch heute f\u00fcr den Katalog. Willkommen in unserem Shop.","breadcrumb":{"@id":"https:\/\/tonysourcing.com\/wholesale\/inertia-car\/#breadcrumb"},"inLanguage":"de","potentialAction":[{"@type":"ReadAction","target":["https:\/\/tonysourcing.com\/wholesale\/inertia-car\/"]}]},{"@type":"ImageObject","inLanguage":"de","@id":"https:\/\/tonysourcing.com\/wholesale\/inertia-car\/#primaryimage","url":"https:\/\/tonysourcing.com\/wp-content\/uploads\/2023\/07\/Inertia-Car-4.jpg","contentUrl":"https:\/\/tonysourcing.com\/wp-content\/uploads\/2023\/07\/Inertia-Car-4.jpg","width":718,"height":717,"caption":"Inertia Car"},{"@type":"BreadcrumbList","@id":"https:\/\/tonysourcing.com\/wholesale\/inertia-car\/#breadcrumb","itemListElement":[{"@type":"ListItem","position":1,"name":"Home","item":"https:\/\/tonysourcing.com\/"},{"@type":"ListItem","position":2,"name":"Wholesale","item":"https:\/\/tonysourcing.com\/wholesale\/"},{"@type":"ListItem","position":3,"name":"Inertia Car"}]},{"@type":"WebSite","@id":"https:\/\/tonysourcing.com\/#website","url":"https:\/\/tonysourcing.com\/","name":"TonySourcing","description":"Spielzeuggro\u00dfh\u00e4ndler und Werbeartikel aus China","publisher":{"@id":"https:\/\/tonysourcing.com\/#organization"},"potentialAction":[{"@type":"SearchAction","target":{"@type":"EntryPoint","urlTemplate":"https:\/\/tonysourcing.com\/?s={search_term_string}"},"query-input":{"@type":"PropertyValueSpecification","valueRequired":true,"valueName":"search_term_string"}}],"inLanguage":"de"},{"@type":"Organization","@id":"https:\/\/tonysourcing.com\/#organization","name":"Yiwu Zongge","url":"https:\/\/tonysourcing.com\/","logo":{"@type":"ImageObject","inLanguage":"de","@id":"https:\/\/tonysourcing.com\/#\/schema\/logo\/image\/","url":"https:\/\/tonysourcing.com\/wp-content\/uploads\/2021\/07\/cropped-TonySourcing-logo-1.png","contentUrl":"https:\/\/tonysourcing.com\/wp-content\/uploads\/2021\/07\/cropped-TonySourcing-logo-1.png","width":300,"height":92,"caption":"Yiwu Zongge"},"image":{"@id":"https:\/\/tonysourcing.com\/#\/schema\/logo\/image\/"},"sameAs":["https:\/\/www.facebook.com\/TonySourcing","https:\/\/x.com\/TonySourcing","https:\/\/www.instagram.com\/tony_sourcing\/","http:\/\/www.linkedin.com\/in\/tonychen88","https:\/\/www.youtube.com\/channel\/UCZfST1M-NDoqjQ3dB-Tzszg"]}]}},"_links":{"self":[{"href":"https:\/\/tonysourcing.com\/de\/wp-json\/wp\/v2\/product\/19048","targetHints":{"allow":["GET"]}}],"collection":[{"href":"https:\/\/tonysourcing.com\/de\/wp-json\/wp\/v2\/product"}],"about":[{"href":"https:\/\/tonysourcing.com\/de\/wp-json\/wp\/v2\/types\/product"}],"version-history":[{"count":4,"href":"https:\/\/tonysourcing.com\/de\/wp-json\/wp\/v2\/product\/19048\/revisions"}],"predecessor-version":[{"id":19379,"href":"https:\/\/tonysourcing.com\/de\/wp-json\/wp\/v2\/product\/19048\/revisions\/19379"}],"wp:featuredmedia":[{"embeddable":true,"href":"https:\/\/tonysourcing.com\/de\/wp-json\/wp\/v2\/media\/19377"}],"wp:attachment":[{"href":"https:\/\/tonysourcing.com\/de\/wp-json\/wp\/v2\/media?parent=19048"}],"wp:term":[{"taxonomy":"product_brand","embeddable":true,"href":"https:\/\/tonysourcing.com\/de\/wp-json\/wp\/v2\/product_brand?post=19048"},{"taxonomy":"product_cat","embeddable":true,"href":"https:\/\/tonysourcing.com\/de\/wp-json\/wp\/v2\/product_cat?post=19048"},{"taxonomy":"product_tag","embeddable":true,"href":"https:\/\/tonysourcing.com\/de\/wp-json\/wp\/v2\/product_tag?post=19048"}],"curies":[{"name":"wp","href":"https:\/\/api.w.org\/{rel}","templated":true}]}}