{"id":19623,"date":"2023-08-02T10:03:23","date_gmt":"2023-08-02T10:03:23","guid":{"rendered":"https:\/\/tonysourcing.com\/?post_type=product&#038;p=19623"},"modified":"2023-08-02T10:17:59","modified_gmt":"2023-08-02T10:17:59","slug":"online-kaufen-party-zubehor","status":"publish","type":"product","link":"https:\/\/tonysourcing.com\/de\/wholesale\/party-supplies-online\/","title":{"rendered":"Partyzubeh\u00f6r online"},"content":{"rendered":"<h2>Details<\/h2>\n<table class=\"is-zebra all magic-11\">\n<tbody>\n<tr>\n<td colspan=\"1\" rowspan=\"1\">\n<div class=\"magic-12\">Produktname<\/div>\n<\/td>\n<td colspan=\"1\" rowspan=\"1\">\n<div class=\"magic-13\">Pappteller, Geburtstagsteller, Einweggeschirr<\/div>\n<\/td>\n<\/tr>\n<tr>\n<td colspan=\"1\" rowspan=\"1\">\n<div class=\"magic-12\">Material<\/div>\n<\/td>\n<td colspan=\"1\" rowspan=\"1\">\n<div class=\"magic-13\">Karton und Tinte in Lebensmittelqualit\u00e4t<\/div>\n<\/td>\n<\/tr>\n<tr>\n<td colspan=\"1\" rowspan=\"1\">\n<div class=\"magic-12\">Farbe<\/div>\n<\/td>\n<td colspan=\"1\" rowspan=\"1\">\n<div class=\"magic-13\">Rot, Blau, Gelb, Rosa, Lila, Wei\u00df, Regenbogen<\/div>\n<\/td>\n<\/tr>\n<tr>\n<td colspan=\"1\" rowspan=\"1\">\n<div class=\"magic-12\">Gewicht<\/div>\n<\/td>\n<td colspan=\"1\" rowspan=\"1\">\n<div class=\"magic-13\">200 g<\/div>\n<\/td>\n<\/tr>\n<tr>\n<td colspan=\"1\" rowspan=\"1\">\n<div class=\"magic-12\">Gr\u00f6\u00dfe<\/div>\n<\/td>\n<td colspan=\"1\" rowspan=\"1\">\n<div class=\"magic-13\">9-Zoll-Teller, 270-ml-Tasse<\/div>\n<\/td>\n<\/tr>\n<tr>\n<td colspan=\"1\" rowspan=\"1\">\n<div class=\"magic-12\">Verpackung<\/div>\n<\/td>\n<td colspan=\"1\" rowspan=\"1\">\n<div class=\"magic-13\">OPP-Beutel<\/div>\n<\/td>\n<\/tr>\n<tr>\n<td colspan=\"1\" rowspan=\"1\">\n<div class=\"magic-12\">Schicht<\/div>\n<\/td>\n<td colspan=\"1\" rowspan=\"1\">\n<div class=\"magic-13\">doppelt<\/div>\n<\/td>\n<\/tr>\n<tr>\n<td colspan=\"1\" rowspan=\"1\">\n<div class=\"magic-12\">Probe<\/div>\n<\/td>\n<td colspan=\"1\" rowspan=\"1\">\n<div class=\"magic-13\">Verf\u00fcgbar<\/div>\n<\/td>\n<\/tr>\n<tr>\n<td colspan=\"1\" rowspan=\"1\">\n<div class=\"magic-12\">Lieferzeit<\/div>\n<\/td>\n<td colspan=\"1\" rowspan=\"1\">\n<div class=\"magic-13\" data-spm-anchor-id=\"a2700.wholesale.0.i44.f8e762ff76NAWa\">8 \u2013 10 Tage<\/div>\n<\/td>\n<\/tr>\n<\/tbody>\n<\/table>\n<p>&nbsp;<\/p>\n<h3>Speichermethode:<\/h3>\n<p>Sie ver\u00e4ndern ihre Farbe oder verblassen, wenn sie l\u00e4ngere Zeit starkem Licht ausgesetzt sind. Es wird empfohlen, sie nicht l\u00e4ngere Zeit direktem Sonnenlicht, Leuchtstoffr\u00f6hren oder anderen starken Lichtquellen auszusetzen. Bitte lagern Sie sie an einem k\u00fchlen, trockenen Ort.<\/p>\n<h2>H\u00e4ufig gestellte Fragen<\/h2>\n<h4>F1: Wo erhalte ich Produkt- und Preisinformationen?<br \/>\nA1: Senden Sie uns eine Anfrage-E-Mail und wir werden Sie kontaktieren, sobald wir Ihre E-Mail erhalten haben.<\/h4>\n<h4>F2: Wie lange kann ich die Probe erhalten?<br \/>\nA2: Abh\u00e4ngig von Ihren spezifischen Artikeln ist im Allgemeinen eine Lieferzeit von 3\u20137 Tagen erforderlich.<\/h4>\n<h4>F3: Welche Informationen ben\u00f6tigen Sie f\u00fcr ein Angebot?<br \/>\nA3: Bitte geben Sie die Artikelnummer des Produkts an. Am besten w\u00e4re es, wenn Sie die ungef\u00e4hre Bestellmenge angeben k\u00f6nnten.<\/h4>\n<h4>F4: Wie lauten die Zahlungsbedingungen?<br \/>\nA4: Wir akzeptieren 30% als Anzahlung. Sobald die Ware fertig ist, machen wir Fotos f\u00fcr Ihren Scheck und Sie zahlen dann den Restbetrag. F\u00fcr kleine Betr\u00e4ge akzeptieren wir Paypal, und eine Paypal-Provision wird der Bestellung hinzugef\u00fcgt. F\u00fcr gro\u00dfe Betr\u00e4ge wird T\/T bevorzugt.<\/h4>\n<h4>F5: Wie werden die Waren geliefert?<br \/>\nA5: Wir liefern die Produkte per Kurierdienst.<\/h4>\n<h4>F6: K\u00f6nnen wir vor der Massenproduktion einige Muster erhalten?<br \/>\nA6: Auf jeden Fall. Wir werden nach dem Ausprobieren der neuen Formen Muster zur Best\u00e4tigung liefern.<\/h4>\n<h4>F7: Warum sollten Sie bei uns und nicht bei anderen Anbietern kaufen?<br \/>\nA7: Die direkte Beschaffung von chinesischen Herstellern spart bis zu 60% an Kosten und wickelt alles \u00fcber den One-Step-Service von TonySourcing ab. Arbeiten Sie mit dem TonySourcing-Team zusammen, um Einkaufswissen und Unterst\u00fctzung zu erhalten.<\/h4>","protected":false},"excerpt":{"rendered":"<p>ARTIKEL:.NO789H<\/p>\n<p>UVP: $16.99<\/p>\n<p>Unser Preis: $1.72<\/p>","protected":false},"featured_media":19624,"template":"","meta":{"_kad_post_transparent":"","_kad_post_title":"","_kad_post_layout":"","_kad_post_sidebar_id":"","_kad_post_content_style":"","_kad_post_vertical_padding":"","_kad_post_feature":"","_kad_post_feature_position":"","_kad_post_header":false,"_kad_post_footer":false,"_kad_post_classname":""},"product_brand":[],"product_cat":[997,1585,1584],"product_tag":[1685,1668],"class_list":{"0":"post-19623","1":"product","2":"type-product","3":"status-publish","4":"has-post-thumbnail","6":"product_cat-party-supplies-wholesale","7":"product_cat-birthday-party-supplies","8":"product_cat-tableware","9":"product_tag-kids-birthday","10":"product_tag-paper-plate","12":"first","13":"instock","14":"featured","15":"shipping-taxable","16":"product-type-simple","17":"entry","18":"content-bg","19":"loop-entry"},"yoast_head":"<!-- This site is optimized with the Yoast SEO plugin v27.4 - https:\/\/yoast.com\/product\/yoast-seo-wordpress\/ -->\n<title>Party Supplies Online - Import Wholesale From Manufacturer<\/title>\n<meta name=\"description\" content=\"Import Party Supplies Online from China Manufacturer, Good Product and Good Price, Contact TonySourcing for Catalog today\" \/>\n<meta name=\"robots\" content=\"index, follow, max-snippet:-1, max-image-preview:large, max-video-preview:-1\" \/>\n<link rel=\"canonical\" href=\"https:\/\/tonysourcing.com\/de\/groshandel\/online-kaufen-party-zubehor\/\" \/>\n<meta property=\"og:locale\" content=\"de_DE\" \/>\n<meta property=\"og:type\" content=\"article\" \/>\n<meta property=\"og:title\" content=\"Party Supplies Online - Import Wholesale From Manufacturer\" \/>\n<meta property=\"og:description\" content=\"Import Party Supplies Online from China Manufacturer, Good Product and Good Price, Contact TonySourcing for Catalog today\" \/>\n<meta property=\"og:url\" content=\"https:\/\/tonysourcing.com\/de\/groshandel\/online-kaufen-party-zubehor\/\" \/>\n<meta property=\"og:site_name\" content=\"TonySourcing\" \/>\n<meta property=\"article:publisher\" content=\"https:\/\/www.facebook.com\/TonySourcing\" \/>\n<meta property=\"article:modified_time\" content=\"2023-08-02T10:17:59+00:00\" \/>\n<meta property=\"og:image\" content=\"https:\/\/tonysourcing.com\/wp-content\/uploads\/2023\/08\/Party-Supplies-Online-2.jpg\" \/>\n\t<meta property=\"og:image:width\" content=\"800\" \/>\n\t<meta property=\"og:image:height\" content=\"800\" \/>\n\t<meta property=\"og:image:type\" content=\"image\/jpeg\" \/>\n<meta name=\"twitter:card\" content=\"summary_large_image\" \/>\n<meta name=\"twitter:site\" content=\"@TonySourcing\" \/>\n<meta name=\"twitter:label1\" content=\"Gesch\u00e4tzte Lesezeit\" \/>\n\t<meta name=\"twitter:data1\" content=\"2\u00a0Minuten\" \/>\n<script type=\"application\/ld+json\" class=\"yoast-schema-graph\">{\"@context\":\"https:\\\/\\\/schema.org\",\"@graph\":[{\"@type\":\"WebPage\",\"@id\":\"https:\\\/\\\/tonysourcing.com\\\/wholesale\\\/party-supplies-online\\\/\",\"url\":\"https:\\\/\\\/tonysourcing.com\\\/wholesale\\\/party-supplies-online\\\/\",\"name\":\"Party Supplies Online - Import Wholesale From Manufacturer\",\"isPartOf\":{\"@id\":\"https:\\\/\\\/tonysourcing.com\\\/#website\"},\"primaryImageOfPage\":{\"@id\":\"https:\\\/\\\/tonysourcing.com\\\/wholesale\\\/party-supplies-online\\\/#primaryimage\"},\"image\":{\"@id\":\"https:\\\/\\\/tonysourcing.com\\\/wholesale\\\/party-supplies-online\\\/#primaryimage\"},\"thumbnailUrl\":\"https:\\\/\\\/tonysourcing.com\\\/wp-content\\\/uploads\\\/2023\\\/08\\\/Party-Supplies-Online-2.jpg\",\"datePublished\":\"2023-08-02T10:03:23+00:00\",\"dateModified\":\"2023-08-02T10:17:59+00:00\",\"description\":\"Import Party Supplies Online from China Manufacturer, Good Product and Good Price, Contact TonySourcing for Catalog today\",\"breadcrumb\":{\"@id\":\"https:\\\/\\\/tonysourcing.com\\\/wholesale\\\/party-supplies-online\\\/#breadcrumb\"},\"inLanguage\":\"de\",\"potentialAction\":[{\"@type\":\"ReadAction\",\"target\":[\"https:\\\/\\\/tonysourcing.com\\\/wholesale\\\/party-supplies-online\\\/\"]}]},{\"@type\":\"ImageObject\",\"inLanguage\":\"de\",\"@id\":\"https:\\\/\\\/tonysourcing.com\\\/wholesale\\\/party-supplies-online\\\/#primaryimage\",\"url\":\"https:\\\/\\\/tonysourcing.com\\\/wp-content\\\/uploads\\\/2023\\\/08\\\/Party-Supplies-Online-2.jpg\",\"contentUrl\":\"https:\\\/\\\/tonysourcing.com\\\/wp-content\\\/uploads\\\/2023\\\/08\\\/Party-Supplies-Online-2.jpg\",\"width\":800,\"height\":800,\"caption\":\"Party Supplies Online\"},{\"@type\":\"BreadcrumbList\",\"@id\":\"https:\\\/\\\/tonysourcing.com\\\/wholesale\\\/party-supplies-online\\\/#breadcrumb\",\"itemListElement\":[{\"@type\":\"ListItem\",\"position\":1,\"name\":\"Home\",\"item\":\"https:\\\/\\\/tonysourcing.com\\\/\"},{\"@type\":\"ListItem\",\"position\":2,\"name\":\"Wholesale\",\"item\":\"https:\\\/\\\/tonysourcing.com\\\/wholesale\\\/\"},{\"@type\":\"ListItem\",\"position\":3,\"name\":\"Party Supplies Online\"}]},{\"@type\":\"WebSite\",\"@id\":\"https:\\\/\\\/tonysourcing.com\\\/#website\",\"url\":\"https:\\\/\\\/tonysourcing.com\\\/\",\"name\":\"TonySourcing\",\"description\":\"Toys Wholesale Distributor &amp; China Promition Items\",\"publisher\":{\"@id\":\"https:\\\/\\\/tonysourcing.com\\\/#organization\"},\"potentialAction\":[{\"@type\":\"SearchAction\",\"target\":{\"@type\":\"EntryPoint\",\"urlTemplate\":\"https:\\\/\\\/tonysourcing.com\\\/?s={search_term_string}\"},\"query-input\":{\"@type\":\"PropertyValueSpecification\",\"valueRequired\":true,\"valueName\":\"search_term_string\"}}],\"inLanguage\":\"de\"},{\"@type\":\"Organization\",\"@id\":\"https:\\\/\\\/tonysourcing.com\\\/#organization\",\"name\":\"Yiwu Zongge\",\"url\":\"https:\\\/\\\/tonysourcing.com\\\/\",\"logo\":{\"@type\":\"ImageObject\",\"inLanguage\":\"de\",\"@id\":\"https:\\\/\\\/tonysourcing.com\\\/#\\\/schema\\\/logo\\\/image\\\/\",\"url\":\"https:\\\/\\\/tonysourcing.com\\\/wp-content\\\/uploads\\\/2021\\\/07\\\/cropped-TonySourcing-logo-1.png\",\"contentUrl\":\"https:\\\/\\\/tonysourcing.com\\\/wp-content\\\/uploads\\\/2021\\\/07\\\/cropped-TonySourcing-logo-1.png\",\"width\":300,\"height\":92,\"caption\":\"Yiwu Zongge\"},\"image\":{\"@id\":\"https:\\\/\\\/tonysourcing.com\\\/#\\\/schema\\\/logo\\\/image\\\/\"},\"sameAs\":[\"https:\\\/\\\/www.facebook.com\\\/TonySourcing\",\"https:\\\/\\\/x.com\\\/TonySourcing\",\"https:\\\/\\\/www.instagram.com\\\/tony_sourcing\\\/\",\"http:\\\/\\\/www.linkedin.com\\\/in\\\/tonychen88\",\"https:\\\/\\\/www.youtube.com\\\/channel\\\/UCZfST1M-NDoqjQ3dB-Tzszg\"]}]}<\/script>\n<!-- \/ Yoast SEO plugin. -->","yoast_head_json":{"title":"Partyzubeh\u00f6r online - Import Gro\u00dfhandel vom Hersteller","description":"Importieren Sie Partyzubeh\u00f6r online vom chinesischen Hersteller. Gutes Produkt und guter Preis. Kontaktieren Sie TonySourcing noch heute f\u00fcr den Katalog.","robots":{"index":"index","follow":"follow","max-snippet":"max-snippet:-1","max-image-preview":"max-image-preview:large","max-video-preview":"max-video-preview:-1"},"canonical":"https:\/\/tonysourcing.com\/de\/groshandel\/online-kaufen-party-zubehor\/","og_locale":"de_DE","og_type":"article","og_title":"Party Supplies Online - Import Wholesale From Manufacturer","og_description":"Import Party Supplies Online from China Manufacturer, Good Product and Good Price, Contact TonySourcing for Catalog today","og_url":"https:\/\/tonysourcing.com\/de\/groshandel\/online-kaufen-party-zubehor\/","og_site_name":"TonySourcing","article_publisher":"https:\/\/www.facebook.com\/TonySourcing","article_modified_time":"2023-08-02T10:17:59+00:00","og_image":[{"width":800,"height":800,"url":"https:\/\/tonysourcing.com\/wp-content\/uploads\/2023\/08\/Party-Supplies-Online-2.jpg","type":"image\/jpeg"}],"twitter_card":"summary_large_image","twitter_site":"@TonySourcing","twitter_misc":{"Gesch\u00e4tzte Lesezeit":"2\u00a0Minuten"},"schema":{"@context":"https:\/\/schema.org","@graph":[{"@type":"WebPage","@id":"https:\/\/tonysourcing.com\/wholesale\/party-supplies-online\/","url":"https:\/\/tonysourcing.com\/wholesale\/party-supplies-online\/","name":"Partyzubeh\u00f6r online - Import Gro\u00dfhandel vom Hersteller","isPartOf":{"@id":"https:\/\/tonysourcing.com\/#website"},"primaryImageOfPage":{"@id":"https:\/\/tonysourcing.com\/wholesale\/party-supplies-online\/#primaryimage"},"image":{"@id":"https:\/\/tonysourcing.com\/wholesale\/party-supplies-online\/#primaryimage"},"thumbnailUrl":"https:\/\/tonysourcing.com\/wp-content\/uploads\/2023\/08\/Party-Supplies-Online-2.jpg","datePublished":"2023-08-02T10:03:23+00:00","dateModified":"2023-08-02T10:17:59+00:00","description":"Importieren Sie Partyzubeh\u00f6r online vom chinesischen Hersteller. Gutes Produkt und guter Preis. Kontaktieren Sie TonySourcing noch heute f\u00fcr den Katalog.","breadcrumb":{"@id":"https:\/\/tonysourcing.com\/wholesale\/party-supplies-online\/#breadcrumb"},"inLanguage":"de","potentialAction":[{"@type":"ReadAction","target":["https:\/\/tonysourcing.com\/wholesale\/party-supplies-online\/"]}]},{"@type":"ImageObject","inLanguage":"de","@id":"https:\/\/tonysourcing.com\/wholesale\/party-supplies-online\/#primaryimage","url":"https:\/\/tonysourcing.com\/wp-content\/uploads\/2023\/08\/Party-Supplies-Online-2.jpg","contentUrl":"https:\/\/tonysourcing.com\/wp-content\/uploads\/2023\/08\/Party-Supplies-Online-2.jpg","width":800,"height":800,"caption":"Party Supplies Online"},{"@type":"BreadcrumbList","@id":"https:\/\/tonysourcing.com\/wholesale\/party-supplies-online\/#breadcrumb","itemListElement":[{"@type":"ListItem","position":1,"name":"Home","item":"https:\/\/tonysourcing.com\/"},{"@type":"ListItem","position":2,"name":"Wholesale","item":"https:\/\/tonysourcing.com\/wholesale\/"},{"@type":"ListItem","position":3,"name":"Party Supplies Online"}]},{"@type":"WebSite","@id":"https:\/\/tonysourcing.com\/#website","url":"https:\/\/tonysourcing.com\/","name":"TonySourcing","description":"Spielzeuggro\u00dfh\u00e4ndler und Werbeartikel aus China","publisher":{"@id":"https:\/\/tonysourcing.com\/#organization"},"potentialAction":[{"@type":"SearchAction","target":{"@type":"EntryPoint","urlTemplate":"https:\/\/tonysourcing.com\/?s={search_term_string}"},"query-input":{"@type":"PropertyValueSpecification","valueRequired":true,"valueName":"search_term_string"}}],"inLanguage":"de"},{"@type":"Organization","@id":"https:\/\/tonysourcing.com\/#organization","name":"Yiwu Zongge","url":"https:\/\/tonysourcing.com\/","logo":{"@type":"ImageObject","inLanguage":"de","@id":"https:\/\/tonysourcing.com\/#\/schema\/logo\/image\/","url":"https:\/\/tonysourcing.com\/wp-content\/uploads\/2021\/07\/cropped-TonySourcing-logo-1.png","contentUrl":"https:\/\/tonysourcing.com\/wp-content\/uploads\/2021\/07\/cropped-TonySourcing-logo-1.png","width":300,"height":92,"caption":"Yiwu Zongge"},"image":{"@id":"https:\/\/tonysourcing.com\/#\/schema\/logo\/image\/"},"sameAs":["https:\/\/www.facebook.com\/TonySourcing","https:\/\/x.com\/TonySourcing","https:\/\/www.instagram.com\/tony_sourcing\/","http:\/\/www.linkedin.com\/in\/tonychen88","https:\/\/www.youtube.com\/channel\/UCZfST1M-NDoqjQ3dB-Tzszg"]}]}},"_links":{"self":[{"href":"https:\/\/tonysourcing.com\/de\/wp-json\/wp\/v2\/product\/19623","targetHints":{"allow":["GET"]}}],"collection":[{"href":"https:\/\/tonysourcing.com\/de\/wp-json\/wp\/v2\/product"}],"about":[{"href":"https:\/\/tonysourcing.com\/de\/wp-json\/wp\/v2\/types\/product"}],"version-history":[{"count":1,"href":"https:\/\/tonysourcing.com\/de\/wp-json\/wp\/v2\/product\/19623\/revisions"}],"predecessor-version":[{"id":19627,"href":"https:\/\/tonysourcing.com\/de\/wp-json\/wp\/v2\/product\/19623\/revisions\/19627"}],"wp:featuredmedia":[{"embeddable":true,"href":"https:\/\/tonysourcing.com\/de\/wp-json\/wp\/v2\/media\/19624"}],"wp:attachment":[{"href":"https:\/\/tonysourcing.com\/de\/wp-json\/wp\/v2\/media?parent=19623"}],"wp:term":[{"taxonomy":"product_brand","embeddable":true,"href":"https:\/\/tonysourcing.com\/de\/wp-json\/wp\/v2\/product_brand?post=19623"},{"taxonomy":"product_cat","embeddable":true,"href":"https:\/\/tonysourcing.com\/de\/wp-json\/wp\/v2\/product_cat?post=19623"},{"taxonomy":"product_tag","embeddable":true,"href":"https:\/\/tonysourcing.com\/de\/wp-json\/wp\/v2\/product_tag?post=19623"}],"curies":[{"name":"wp","href":"https:\/\/api.w.org\/{rel}","templated":true}]}}