{"id":19776,"date":"2023-08-30T09:59:05","date_gmt":"2023-08-30T09:59:05","guid":{"rendered":"https:\/\/tonysourcing.com\/?post_type=product&#038;p=19776"},"modified":"2023-08-30T09:59:35","modified_gmt":"2023-08-30T09:59:35","slug":"weihnachtsfeierzubehor","status":"publish","type":"product","link":"https:\/\/tonysourcing.com\/de\/wholesale\/christmas-party-supplies\/","title":{"rendered":"Weihnachtsfeierzubeh\u00f6r"},"content":{"rendered":"<ul class=\"list-disc pl-8 space-y-2\">\n<li class=\"whitespace-normal\">Welche Formen und Designs gibt es f\u00fcr Ihre Weihnachtsballons?<\/li>\n<li class=\"whitespace-normal\">Wir haben Weihnachtsballons in lustigen Formen wie Weihnachtsb\u00e4umen, Schneem\u00e4nnern, Zuckerstangen, Schneeflocken und mehr! Und festliche Aufdrucke wie Weihnachtsmann, Weihnachtsstern und Karos.<\/li>\n<li><\/li>\n<li>Sind Ihre Ballons aus Latex oder Folie? Was eignet sich besser f\u00fcr die Weihnachtsdekoration?<\/li>\n<li class=\"whitespace-normal\">Unsere Weihnachtsballons sind von h\u00f6chster Qualit\u00e4t. Sowohl Latex als auch Folie eignen sich hervorragend zum Dekorieren.<\/li>\n<li><\/li>\n<li class=\"whitespace-normal\">Wie hoch ist die Mindestbestellmenge f\u00fcr Weihnachtsballons im Gro\u00dfhandel?<\/li>\n<li class=\"whitespace-normal\">Die Mindestbestellmenge im Gro\u00dfhandel betr\u00e4gt 50 St\u00fcck pro Stil.<\/li>\n<li><\/li>\n<li class=\"whitespace-normal\">Wann sollte ich meine Weihnachtsballonbestellung aufgeben, um eine rechtzeitige Lieferung zu gew\u00e4hrleisten?<\/li>\n<li class=\"whitespace-normal\">Wir empfehlen, Weihnachtsballonbestellungen bis Anfang September aufzugeben, um eine rechtzeitige Lieferung und Verteilung zu gew\u00e4hrleisten.<\/li>\n<li><\/li>\n<li class=\"whitespace-normal\">Haben Sie Ballons speziell zum Schm\u00fccken des Weihnachtsbaums?<\/li>\n<li class=\"whitespace-normal\">Absolut! Wir haben Mini-Weihnachtsballons, die sich perfekt zum Dekorieren von B\u00e4umen eignen.<\/li>\n<li><\/li>\n<li class=\"whitespace-normal\">Wie befestigt man Weihnachtsballons am besten f\u00fcr die Au\u00dfendekoration?<\/li>\n<li class=\"whitespace-normal\">Verwenden Sie B\u00e4nder und Heftklammern oder mit Nylonschnur befestigte Ballongewichte, um Ballons im Freien zu verankern.<\/li>\n<\/ul>","protected":false},"excerpt":{"rendered":"<p>ARTIKEL: NR. 6548H<\/p>","protected":false},"featured_media":19777,"template":"","meta":{"_kad_post_transparent":"","_kad_post_title":"","_kad_post_layout":"","_kad_post_sidebar_id":"","_kad_post_content_style":"","_kad_post_vertical_padding":"","_kad_post_feature":"","_kad_post_feature_position":"","_kad_post_header":false,"_kad_post_footer":false,"_kad_post_classname":""},"product_brand":[],"product_cat":[31],"product_tag":[1036],"class_list":{"0":"post-19776","1":"product","2":"type-product","3":"status-publish","4":"has-post-thumbnail","6":"product_cat-uncategorized","7":"product_tag-christmas-balloons","9":"first","10":"instock","11":"featured","12":"shipping-taxable","13":"product-type-simple","14":"entry","15":"content-bg","16":"loop-entry"},"yoast_head":"<!-- This site is optimized with the Yoast SEO plugin v27.5 - https:\/\/yoast.com\/product\/yoast-seo-wordpress\/ -->\n<title>Christmas Party Supplies - Import Wholesale From Manufacturer<\/title>\n<meta name=\"description\" content=\"Import Christmas Party Supplies from China Manufacturer, Good Product and Good Price, Contact TonySourcing for Catalog today\" \/>\n<meta name=\"robots\" content=\"index, follow, max-snippet:-1, max-image-preview:large, max-video-preview:-1\" \/>\n<link rel=\"canonical\" href=\"https:\/\/tonysourcing.com\/de\/groshandel\/weihnachtsfeierzubehor\/\" \/>\n<meta property=\"og:locale\" content=\"de_DE\" \/>\n<meta property=\"og:type\" content=\"article\" \/>\n<meta property=\"og:title\" content=\"Christmas Party Supplies - Import Wholesale From Manufacturer\" \/>\n<meta property=\"og:description\" content=\"Import Christmas Party Supplies from China Manufacturer, Good Product and Good Price, Contact TonySourcing for Catalog today\" \/>\n<meta property=\"og:url\" content=\"https:\/\/tonysourcing.com\/de\/groshandel\/weihnachtsfeierzubehor\/\" \/>\n<meta property=\"og:site_name\" content=\"TonySourcing\" \/>\n<meta property=\"article:publisher\" content=\"https:\/\/www.facebook.com\/TonySourcing\" \/>\n<meta property=\"article:modified_time\" content=\"2023-08-30T09:59:35+00:00\" \/>\n<meta property=\"og:image\" content=\"https:\/\/tonysourcing.com\/wp-content\/uploads\/2023\/08\/christmas-party-supplies.png\" \/>\n\t<meta property=\"og:image:width\" content=\"500\" \/>\n\t<meta property=\"og:image:height\" content=\"500\" \/>\n\t<meta property=\"og:image:type\" content=\"image\/png\" \/>\n<meta name=\"twitter:card\" content=\"summary_large_image\" \/>\n<meta name=\"twitter:site\" content=\"@TonySourcing\" \/>\n<meta name=\"twitter:label1\" content=\"Gesch\u00e4tzte Lesezeit\" \/>\n\t<meta name=\"twitter:data1\" content=\"1\u00a0Minute\" \/>\n<script type=\"application\/ld+json\" class=\"yoast-schema-graph\">{\"@context\":\"https:\\\/\\\/schema.org\",\"@graph\":[{\"@type\":\"WebPage\",\"@id\":\"https:\\\/\\\/tonysourcing.com\\\/wholesale\\\/christmas-party-supplies\\\/\",\"url\":\"https:\\\/\\\/tonysourcing.com\\\/wholesale\\\/christmas-party-supplies\\\/\",\"name\":\"Christmas Party Supplies - Import Wholesale From Manufacturer\",\"isPartOf\":{\"@id\":\"https:\\\/\\\/tonysourcing.com\\\/#website\"},\"primaryImageOfPage\":{\"@id\":\"https:\\\/\\\/tonysourcing.com\\\/wholesale\\\/christmas-party-supplies\\\/#primaryimage\"},\"image\":{\"@id\":\"https:\\\/\\\/tonysourcing.com\\\/wholesale\\\/christmas-party-supplies\\\/#primaryimage\"},\"thumbnailUrl\":\"https:\\\/\\\/tonysourcing.com\\\/wp-content\\\/uploads\\\/2023\\\/08\\\/christmas-party-supplies.png\",\"datePublished\":\"2023-08-30T09:59:05+00:00\",\"dateModified\":\"2023-08-30T09:59:35+00:00\",\"description\":\"Import Christmas Party Supplies from China Manufacturer, Good Product and Good Price, Contact TonySourcing for Catalog today\",\"breadcrumb\":{\"@id\":\"https:\\\/\\\/tonysourcing.com\\\/wholesale\\\/christmas-party-supplies\\\/#breadcrumb\"},\"inLanguage\":\"de\",\"potentialAction\":[{\"@type\":\"ReadAction\",\"target\":[\"https:\\\/\\\/tonysourcing.com\\\/wholesale\\\/christmas-party-supplies\\\/\"]}]},{\"@type\":\"ImageObject\",\"inLanguage\":\"de\",\"@id\":\"https:\\\/\\\/tonysourcing.com\\\/wholesale\\\/christmas-party-supplies\\\/#primaryimage\",\"url\":\"https:\\\/\\\/tonysourcing.com\\\/wp-content\\\/uploads\\\/2023\\\/08\\\/christmas-party-supplies.png\",\"contentUrl\":\"https:\\\/\\\/tonysourcing.com\\\/wp-content\\\/uploads\\\/2023\\\/08\\\/christmas-party-supplies.png\",\"width\":500,\"height\":500,\"caption\":\"christmas party supplies\"},{\"@type\":\"BreadcrumbList\",\"@id\":\"https:\\\/\\\/tonysourcing.com\\\/wholesale\\\/christmas-party-supplies\\\/#breadcrumb\",\"itemListElement\":[{\"@type\":\"ListItem\",\"position\":1,\"name\":\"Home\",\"item\":\"https:\\\/\\\/tonysourcing.com\\\/\"},{\"@type\":\"ListItem\",\"position\":2,\"name\":\"Wholesale\",\"item\":\"https:\\\/\\\/tonysourcing.com\\\/wholesale\\\/\"},{\"@type\":\"ListItem\",\"position\":3,\"name\":\"christmas party supplies\"}]},{\"@type\":\"WebSite\",\"@id\":\"https:\\\/\\\/tonysourcing.com\\\/#website\",\"url\":\"https:\\\/\\\/tonysourcing.com\\\/\",\"name\":\"TonySourcing\",\"description\":\"Toys Wholesale Distributor &amp; China Promition Items\",\"publisher\":{\"@id\":\"https:\\\/\\\/tonysourcing.com\\\/#organization\"},\"potentialAction\":[{\"@type\":\"SearchAction\",\"target\":{\"@type\":\"EntryPoint\",\"urlTemplate\":\"https:\\\/\\\/tonysourcing.com\\\/?s={search_term_string}\"},\"query-input\":{\"@type\":\"PropertyValueSpecification\",\"valueRequired\":true,\"valueName\":\"search_term_string\"}}],\"inLanguage\":\"de\"},{\"@type\":\"Organization\",\"@id\":\"https:\\\/\\\/tonysourcing.com\\\/#organization\",\"name\":\"Yiwu Zongge\",\"url\":\"https:\\\/\\\/tonysourcing.com\\\/\",\"logo\":{\"@type\":\"ImageObject\",\"inLanguage\":\"de\",\"@id\":\"https:\\\/\\\/tonysourcing.com\\\/#\\\/schema\\\/logo\\\/image\\\/\",\"url\":\"https:\\\/\\\/tonysourcing.com\\\/wp-content\\\/uploads\\\/2021\\\/07\\\/cropped-TonySourcing-logo-1.png\",\"contentUrl\":\"https:\\\/\\\/tonysourcing.com\\\/wp-content\\\/uploads\\\/2021\\\/07\\\/cropped-TonySourcing-logo-1.png\",\"width\":300,\"height\":92,\"caption\":\"Yiwu Zongge\"},\"image\":{\"@id\":\"https:\\\/\\\/tonysourcing.com\\\/#\\\/schema\\\/logo\\\/image\\\/\"},\"sameAs\":[\"https:\\\/\\\/www.facebook.com\\\/TonySourcing\",\"https:\\\/\\\/x.com\\\/TonySourcing\",\"https:\\\/\\\/www.instagram.com\\\/tony_sourcing\\\/\",\"http:\\\/\\\/www.linkedin.com\\\/in\\\/tonychen88\",\"https:\\\/\\\/www.youtube.com\\\/channel\\\/UCZfST1M-NDoqjQ3dB-Tzszg\"]}]}<\/script>\n<!-- \/ Yoast SEO plugin. -->","yoast_head_json":{"title":"Weihnachtspartyzubeh\u00f6r - Import Gro\u00dfhandel vom Hersteller","description":"Importieren Sie Weihnachtsparty-Zubeh\u00f6r von einem chinesischen Hersteller. Gutes Produkt und guter Preis. Kontaktieren Sie TonySourcing noch heute f\u00fcr den Katalog.","robots":{"index":"index","follow":"follow","max-snippet":"max-snippet:-1","max-image-preview":"max-image-preview:large","max-video-preview":"max-video-preview:-1"},"canonical":"https:\/\/tonysourcing.com\/de\/groshandel\/weihnachtsfeierzubehor\/","og_locale":"de_DE","og_type":"article","og_title":"Christmas Party Supplies - Import Wholesale From Manufacturer","og_description":"Import Christmas Party Supplies from China Manufacturer, Good Product and Good Price, Contact TonySourcing for Catalog today","og_url":"https:\/\/tonysourcing.com\/de\/groshandel\/weihnachtsfeierzubehor\/","og_site_name":"TonySourcing","article_publisher":"https:\/\/www.facebook.com\/TonySourcing","article_modified_time":"2023-08-30T09:59:35+00:00","og_image":[{"width":500,"height":500,"url":"https:\/\/tonysourcing.com\/wp-content\/uploads\/2023\/08\/christmas-party-supplies.png","type":"image\/png"}],"twitter_card":"summary_large_image","twitter_site":"@TonySourcing","twitter_misc":{"Gesch\u00e4tzte Lesezeit":"1\u00a0Minute"},"schema":{"@context":"https:\/\/schema.org","@graph":[{"@type":"WebPage","@id":"https:\/\/tonysourcing.com\/wholesale\/christmas-party-supplies\/","url":"https:\/\/tonysourcing.com\/wholesale\/christmas-party-supplies\/","name":"Weihnachtspartyzubeh\u00f6r - Import Gro\u00dfhandel vom Hersteller","isPartOf":{"@id":"https:\/\/tonysourcing.com\/#website"},"primaryImageOfPage":{"@id":"https:\/\/tonysourcing.com\/wholesale\/christmas-party-supplies\/#primaryimage"},"image":{"@id":"https:\/\/tonysourcing.com\/wholesale\/christmas-party-supplies\/#primaryimage"},"thumbnailUrl":"https:\/\/tonysourcing.com\/wp-content\/uploads\/2023\/08\/christmas-party-supplies.png","datePublished":"2023-08-30T09:59:05+00:00","dateModified":"2023-08-30T09:59:35+00:00","description":"Importieren Sie Weihnachtsparty-Zubeh\u00f6r von einem chinesischen Hersteller. Gutes Produkt und guter Preis. Kontaktieren Sie TonySourcing noch heute f\u00fcr den Katalog.","breadcrumb":{"@id":"https:\/\/tonysourcing.com\/wholesale\/christmas-party-supplies\/#breadcrumb"},"inLanguage":"de","potentialAction":[{"@type":"ReadAction","target":["https:\/\/tonysourcing.com\/wholesale\/christmas-party-supplies\/"]}]},{"@type":"ImageObject","inLanguage":"de","@id":"https:\/\/tonysourcing.com\/wholesale\/christmas-party-supplies\/#primaryimage","url":"https:\/\/tonysourcing.com\/wp-content\/uploads\/2023\/08\/christmas-party-supplies.png","contentUrl":"https:\/\/tonysourcing.com\/wp-content\/uploads\/2023\/08\/christmas-party-supplies.png","width":500,"height":500,"caption":"christmas party supplies"},{"@type":"BreadcrumbList","@id":"https:\/\/tonysourcing.com\/wholesale\/christmas-party-supplies\/#breadcrumb","itemListElement":[{"@type":"ListItem","position":1,"name":"Home","item":"https:\/\/tonysourcing.com\/"},{"@type":"ListItem","position":2,"name":"Wholesale","item":"https:\/\/tonysourcing.com\/wholesale\/"},{"@type":"ListItem","position":3,"name":"christmas party supplies"}]},{"@type":"WebSite","@id":"https:\/\/tonysourcing.com\/#website","url":"https:\/\/tonysourcing.com\/","name":"TonySourcing","description":"Spielzeuggro\u00dfh\u00e4ndler und Werbeartikel aus China","publisher":{"@id":"https:\/\/tonysourcing.com\/#organization"},"potentialAction":[{"@type":"SearchAction","target":{"@type":"EntryPoint","urlTemplate":"https:\/\/tonysourcing.com\/?s={search_term_string}"},"query-input":{"@type":"PropertyValueSpecification","valueRequired":true,"valueName":"search_term_string"}}],"inLanguage":"de"},{"@type":"Organization","@id":"https:\/\/tonysourcing.com\/#organization","name":"Yiwu Zongge","url":"https:\/\/tonysourcing.com\/","logo":{"@type":"ImageObject","inLanguage":"de","@id":"https:\/\/tonysourcing.com\/#\/schema\/logo\/image\/","url":"https:\/\/tonysourcing.com\/wp-content\/uploads\/2021\/07\/cropped-TonySourcing-logo-1.png","contentUrl":"https:\/\/tonysourcing.com\/wp-content\/uploads\/2021\/07\/cropped-TonySourcing-logo-1.png","width":300,"height":92,"caption":"Yiwu Zongge"},"image":{"@id":"https:\/\/tonysourcing.com\/#\/schema\/logo\/image\/"},"sameAs":["https:\/\/www.facebook.com\/TonySourcing","https:\/\/x.com\/TonySourcing","https:\/\/www.instagram.com\/tony_sourcing\/","http:\/\/www.linkedin.com\/in\/tonychen88","https:\/\/www.youtube.com\/channel\/UCZfST1M-NDoqjQ3dB-Tzszg"]}]}},"_links":{"self":[{"href":"https:\/\/tonysourcing.com\/de\/wp-json\/wp\/v2\/product\/19776","targetHints":{"allow":["GET"]}}],"collection":[{"href":"https:\/\/tonysourcing.com\/de\/wp-json\/wp\/v2\/product"}],"about":[{"href":"https:\/\/tonysourcing.com\/de\/wp-json\/wp\/v2\/types\/product"}],"version-history":[{"count":1,"href":"https:\/\/tonysourcing.com\/de\/wp-json\/wp\/v2\/product\/19776\/revisions"}],"predecessor-version":[{"id":19783,"href":"https:\/\/tonysourcing.com\/de\/wp-json\/wp\/v2\/product\/19776\/revisions\/19783"}],"wp:featuredmedia":[{"embeddable":true,"href":"https:\/\/tonysourcing.com\/de\/wp-json\/wp\/v2\/media\/19777"}],"wp:attachment":[{"href":"https:\/\/tonysourcing.com\/de\/wp-json\/wp\/v2\/media?parent=19776"}],"wp:term":[{"taxonomy":"product_brand","embeddable":true,"href":"https:\/\/tonysourcing.com\/de\/wp-json\/wp\/v2\/product_brand?post=19776"},{"taxonomy":"product_cat","embeddable":true,"href":"https:\/\/tonysourcing.com\/de\/wp-json\/wp\/v2\/product_cat?post=19776"},{"taxonomy":"product_tag","embeddable":true,"href":"https:\/\/tonysourcing.com\/de\/wp-json\/wp\/v2\/product_tag?post=19776"}],"curies":[{"name":"wp","href":"https:\/\/api.w.org\/{rel}","templated":true}]}}