{"id":23799,"date":"2025-03-08T05:53:01","date_gmt":"2025-03-08T05:53:01","guid":{"rendered":"https:\/\/tonysourcing.com\/?post_type=product&#038;p=23799"},"modified":"2025-06-12T07:49:23","modified_gmt":"2025-06-12T07:49:23","slug":"farbige-benutzerdefinierte-wasserflaschen","status":"publish","type":"product","link":"https:\/\/tonysourcing.com\/de\/wholesale\/color-custom-water-bottles\/","title":{"rendered":"Farbige, individuelle Wasserflaschen"},"content":{"rendered":"<p data-sourcepos=\"3:1-3:261\">Wir sind Ihr One-Stop-Shop f\u00fcr alle Ihre <strong>individuelle Werbeartikel<\/strong> Bed\u00fcrfnisse. Mit Zugang zu \u00fcber 1000 Herstellern in ganz China bieten wir eine gro\u00dfe Auswahl an <strong>g\u00fcnstige Werbeartikel<\/strong> Und <strong>personalisierte Geschenke in gro\u00dfen Mengen<\/strong> f\u00fcr jedes Budget und jede Marke.<\/p>\n<ul data-sourcepos=\"5:1-8:0\">\n<li data-sourcepos=\"5:1-5:178\"><strong>F\u00fcr Importeure:<\/strong> Wir bieten umfassende Unterst\u00fctzung, darunter Marktbesuchsleitf\u00e4den, Auftragsverfolgung, sichere Zahlungsabwicklung, strenge Qualit\u00e4tskontrolle und reibungslosen Versand.<\/li>\n<li data-sourcepos=\"6:1-6:178\"><strong>F\u00fcr Gro\u00df-\/Einzelh\u00e4ndler:<\/strong> Unser Entwicklungsteam kuratiert sorgf\u00e4ltig \u00fcber 10 Millionen Artikel und w\u00e4hlt die 5.000 meistverkauften Produkte f\u00fcr unseren exklusiven Katalog aus.<\/li>\n<li data-sourcepos=\"7:1-8:0\"><strong>F\u00fcr Amazon-Verk\u00e4ufer und Online-Unternehmen:<\/strong> Wir sind spezialisiert auf <strong>Produktbeschaffung<\/strong>, bringt Sie mit den richtigen Herstellern in Kontakt, bietet wertvolle Ratschl\u00e4ge und verhandelt die besten Preise.<\/li>\n<\/ul>\n<p data-sourcepos=\"9:1-9:164\"><strong>Entdecken Sie einzigartige Werbeartikel, g\u00fcnstige Werbegeschenke und finden Sie die perfekten Produkte, um Ihre Marke zu pr\u00e4sentieren. Kontaktieren Sie uns noch heute f\u00fcr eine kostenlose Beratung.<\/strong><\/p>\n<p><img fetchpriority=\"high\" decoding=\"async\" class=\"aligncenter wp-image-22618 size-full\" src=\"https:\/\/tonysourcing.com\/wp-content\/uploads\/2025\/01\/promotional-banner-1.jpg\" alt=\"Werbebanner (1)\" width=\"1200\" height=\"960\" srcset=\"https:\/\/tonysourcing.com\/wp-content\/uploads\/2025\/01\/promotional-banner-1.jpg 1200w, https:\/\/tonysourcing.com\/wp-content\/uploads\/2025\/01\/promotional-banner-1-300x240.jpg 300w, https:\/\/tonysourcing.com\/wp-content\/uploads\/2025\/01\/promotional-banner-1-800x640.jpg 800w, https:\/\/tonysourcing.com\/wp-content\/uploads\/2025\/01\/promotional-banner-1-768x614.jpg 768w, https:\/\/tonysourcing.com\/wp-content\/uploads\/2025\/01\/promotional-banner-1-600x480.jpg 600w\" sizes=\"(max-width: 1200px) 100vw, 1200px\" \/><\/p>","protected":false},"excerpt":{"rendered":"<p>Artikelnummer: JA20250308C<\/p>","protected":false},"featured_media":23800,"template":"","meta":{"_kad_post_transparent":"","_kad_post_title":"","_kad_post_layout":"","_kad_post_sidebar_id":"","_kad_post_content_style":"","_kad_post_vertical_padding":"","_kad_post_feature":"","_kad_post_feature_position":"","_kad_post_header":false,"_kad_post_footer":false,"_kad_post_classname":""},"product_brand":[],"product_cat":[1719],"product_tag":[],"class_list":{"0":"post-23799","1":"product","2":"type-product","3":"status-publish","4":"has-post-thumbnail","6":"product_cat-custom-water-bottles","8":"first","9":"instock","10":"shipping-taxable","11":"product-type-simple","12":"entry","13":"content-bg","14":"loop-entry"},"yoast_head":"<!-- This site is optimized with the Yoast SEO plugin v27.4 - https:\/\/yoast.com\/product\/yoast-seo-wordpress\/ -->\n<title>Color Custom Water Bottles - Import Wholesale From Manufacturer<\/title>\n<meta name=\"description\" content=\"Import Color Custom Water Bottles from China Manufacturer, Good Product and Good Price, Contact TonySourcing for catalog today\" \/>\n<meta name=\"robots\" content=\"index, follow, max-snippet:-1, max-image-preview:large, max-video-preview:-1\" \/>\n<link rel=\"canonical\" href=\"https:\/\/tonysourcing.com\/de\/groshandel\/farbige-benutzerdefinierte-wasserflaschen\/\" \/>\n<meta property=\"og:locale\" content=\"de_DE\" \/>\n<meta property=\"og:type\" content=\"article\" \/>\n<meta property=\"og:title\" content=\"Color Custom Water Bottles - Import Wholesale From Manufacturer\" \/>\n<meta property=\"og:description\" content=\"Import Color Custom Water Bottles from China Manufacturer, Good Product and Good Price, Contact TonySourcing for catalog today\" \/>\n<meta property=\"og:url\" content=\"https:\/\/tonysourcing.com\/de\/groshandel\/farbige-benutzerdefinierte-wasserflaschen\/\" \/>\n<meta property=\"og:site_name\" content=\"TonySourcing\" \/>\n<meta property=\"article:publisher\" content=\"https:\/\/www.facebook.com\/TonySourcing\" \/>\n<meta property=\"article:modified_time\" content=\"2025-06-12T07:49:23+00:00\" \/>\n<meta property=\"og:image\" content=\"https:\/\/tonysourcing.com\/wp-content\/uploads\/2025\/03\/color-Custom-Water-Bottles.jpg\" \/>\n\t<meta property=\"og:image:width\" content=\"600\" \/>\n\t<meta property=\"og:image:height\" content=\"600\" \/>\n\t<meta property=\"og:image:type\" content=\"image\/jpeg\" \/>\n<meta name=\"twitter:card\" content=\"summary_large_image\" \/>\n<meta name=\"twitter:site\" content=\"@TonySourcing\" \/>\n<meta name=\"twitter:label1\" content=\"Gesch\u00e4tzte Lesezeit\" \/>\n\t<meta name=\"twitter:data1\" content=\"1\u00a0Minute\" \/>\n<script type=\"application\/ld+json\" class=\"yoast-schema-graph\">{\"@context\":\"https:\\\/\\\/schema.org\",\"@graph\":[{\"@type\":\"WebPage\",\"@id\":\"https:\\\/\\\/tonysourcing.com\\\/wholesale\\\/color-custom-water-bottles\\\/\",\"url\":\"https:\\\/\\\/tonysourcing.com\\\/wholesale\\\/color-custom-water-bottles\\\/\",\"name\":\"Color Custom Water Bottles - Import Wholesale From Manufacturer\",\"isPartOf\":{\"@id\":\"https:\\\/\\\/tonysourcing.com\\\/#website\"},\"primaryImageOfPage\":{\"@id\":\"https:\\\/\\\/tonysourcing.com\\\/wholesale\\\/color-custom-water-bottles\\\/#primaryimage\"},\"image\":{\"@id\":\"https:\\\/\\\/tonysourcing.com\\\/wholesale\\\/color-custom-water-bottles\\\/#primaryimage\"},\"thumbnailUrl\":\"https:\\\/\\\/tonysourcing.com\\\/wp-content\\\/uploads\\\/2025\\\/03\\\/color-Custom-Water-Bottles.jpg\",\"datePublished\":\"2025-03-08T05:53:01+00:00\",\"dateModified\":\"2025-06-12T07:49:23+00:00\",\"description\":\"Import Color Custom Water Bottles from China Manufacturer, Good Product and Good Price, Contact TonySourcing for catalog today\",\"breadcrumb\":{\"@id\":\"https:\\\/\\\/tonysourcing.com\\\/wholesale\\\/color-custom-water-bottles\\\/#breadcrumb\"},\"inLanguage\":\"de\",\"potentialAction\":[{\"@type\":\"ReadAction\",\"target\":[\"https:\\\/\\\/tonysourcing.com\\\/wholesale\\\/color-custom-water-bottles\\\/\"]}]},{\"@type\":\"ImageObject\",\"inLanguage\":\"de\",\"@id\":\"https:\\\/\\\/tonysourcing.com\\\/wholesale\\\/color-custom-water-bottles\\\/#primaryimage\",\"url\":\"https:\\\/\\\/tonysourcing.com\\\/wp-content\\\/uploads\\\/2025\\\/03\\\/color-Custom-Water-Bottles.jpg\",\"contentUrl\":\"https:\\\/\\\/tonysourcing.com\\\/wp-content\\\/uploads\\\/2025\\\/03\\\/color-Custom-Water-Bottles.jpg\",\"width\":600,\"height\":600,\"caption\":\"color Custom Water Bottles\"},{\"@type\":\"BreadcrumbList\",\"@id\":\"https:\\\/\\\/tonysourcing.com\\\/wholesale\\\/color-custom-water-bottles\\\/#breadcrumb\",\"itemListElement\":[{\"@type\":\"ListItem\",\"position\":1,\"name\":\"Home\",\"item\":\"https:\\\/\\\/tonysourcing.com\\\/\"},{\"@type\":\"ListItem\",\"position\":2,\"name\":\"Wholesale\",\"item\":\"https:\\\/\\\/tonysourcing.com\\\/wholesale\\\/\"},{\"@type\":\"ListItem\",\"position\":3,\"name\":\"Color Custom Water Bottles\"}]},{\"@type\":\"WebSite\",\"@id\":\"https:\\\/\\\/tonysourcing.com\\\/#website\",\"url\":\"https:\\\/\\\/tonysourcing.com\\\/\",\"name\":\"TonySourcing\",\"description\":\"Toys Wholesale Distributor &amp; China Promition Items\",\"publisher\":{\"@id\":\"https:\\\/\\\/tonysourcing.com\\\/#organization\"},\"potentialAction\":[{\"@type\":\"SearchAction\",\"target\":{\"@type\":\"EntryPoint\",\"urlTemplate\":\"https:\\\/\\\/tonysourcing.com\\\/?s={search_term_string}\"},\"query-input\":{\"@type\":\"PropertyValueSpecification\",\"valueRequired\":true,\"valueName\":\"search_term_string\"}}],\"inLanguage\":\"de\"},{\"@type\":\"Organization\",\"@id\":\"https:\\\/\\\/tonysourcing.com\\\/#organization\",\"name\":\"Yiwu Zongge\",\"url\":\"https:\\\/\\\/tonysourcing.com\\\/\",\"logo\":{\"@type\":\"ImageObject\",\"inLanguage\":\"de\",\"@id\":\"https:\\\/\\\/tonysourcing.com\\\/#\\\/schema\\\/logo\\\/image\\\/\",\"url\":\"https:\\\/\\\/tonysourcing.com\\\/wp-content\\\/uploads\\\/2021\\\/07\\\/cropped-TonySourcing-logo-1.png\",\"contentUrl\":\"https:\\\/\\\/tonysourcing.com\\\/wp-content\\\/uploads\\\/2021\\\/07\\\/cropped-TonySourcing-logo-1.png\",\"width\":300,\"height\":92,\"caption\":\"Yiwu Zongge\"},\"image\":{\"@id\":\"https:\\\/\\\/tonysourcing.com\\\/#\\\/schema\\\/logo\\\/image\\\/\"},\"sameAs\":[\"https:\\\/\\\/www.facebook.com\\\/TonySourcing\",\"https:\\\/\\\/x.com\\\/TonySourcing\",\"https:\\\/\\\/www.instagram.com\\\/tony_sourcing\\\/\",\"http:\\\/\\\/www.linkedin.com\\\/in\\\/tonychen88\",\"https:\\\/\\\/www.youtube.com\\\/channel\\\/UCZfST1M-NDoqjQ3dB-Tzszg\"]}]}<\/script>\n<!-- \/ Yoast SEO plugin. -->","yoast_head_json":{"title":"Farbige, individuelle Wasserflaschen \u2013 Importgro\u00dfhandel vom Hersteller","description":"Importieren Sie farbige, kundenspezifische Wasserflaschen vom chinesischen Hersteller. Gutes Produkt und guter Preis. Kontaktieren Sie TonySourcing noch heute f\u00fcr den Katalog.","robots":{"index":"index","follow":"follow","max-snippet":"max-snippet:-1","max-image-preview":"max-image-preview:large","max-video-preview":"max-video-preview:-1"},"canonical":"https:\/\/tonysourcing.com\/de\/groshandel\/farbige-benutzerdefinierte-wasserflaschen\/","og_locale":"de_DE","og_type":"article","og_title":"Color Custom Water Bottles - Import Wholesale From Manufacturer","og_description":"Import Color Custom Water Bottles from China Manufacturer, Good Product and Good Price, Contact TonySourcing for catalog today","og_url":"https:\/\/tonysourcing.com\/de\/groshandel\/farbige-benutzerdefinierte-wasserflaschen\/","og_site_name":"TonySourcing","article_publisher":"https:\/\/www.facebook.com\/TonySourcing","article_modified_time":"2025-06-12T07:49:23+00:00","og_image":[{"width":600,"height":600,"url":"https:\/\/tonysourcing.com\/wp-content\/uploads\/2025\/03\/color-Custom-Water-Bottles.jpg","type":"image\/jpeg"}],"twitter_card":"summary_large_image","twitter_site":"@TonySourcing","twitter_misc":{"Gesch\u00e4tzte Lesezeit":"1\u00a0Minute"},"schema":{"@context":"https:\/\/schema.org","@graph":[{"@type":"WebPage","@id":"https:\/\/tonysourcing.com\/wholesale\/color-custom-water-bottles\/","url":"https:\/\/tonysourcing.com\/wholesale\/color-custom-water-bottles\/","name":"Farbige, individuelle Wasserflaschen \u2013 Importgro\u00dfhandel vom Hersteller","isPartOf":{"@id":"https:\/\/tonysourcing.com\/#website"},"primaryImageOfPage":{"@id":"https:\/\/tonysourcing.com\/wholesale\/color-custom-water-bottles\/#primaryimage"},"image":{"@id":"https:\/\/tonysourcing.com\/wholesale\/color-custom-water-bottles\/#primaryimage"},"thumbnailUrl":"https:\/\/tonysourcing.com\/wp-content\/uploads\/2025\/03\/color-Custom-Water-Bottles.jpg","datePublished":"2025-03-08T05:53:01+00:00","dateModified":"2025-06-12T07:49:23+00:00","description":"Importieren Sie farbige, kundenspezifische Wasserflaschen vom chinesischen Hersteller. Gutes Produkt und guter Preis. Kontaktieren Sie TonySourcing noch heute f\u00fcr den Katalog.","breadcrumb":{"@id":"https:\/\/tonysourcing.com\/wholesale\/color-custom-water-bottles\/#breadcrumb"},"inLanguage":"de","potentialAction":[{"@type":"ReadAction","target":["https:\/\/tonysourcing.com\/wholesale\/color-custom-water-bottles\/"]}]},{"@type":"ImageObject","inLanguage":"de","@id":"https:\/\/tonysourcing.com\/wholesale\/color-custom-water-bottles\/#primaryimage","url":"https:\/\/tonysourcing.com\/wp-content\/uploads\/2025\/03\/color-Custom-Water-Bottles.jpg","contentUrl":"https:\/\/tonysourcing.com\/wp-content\/uploads\/2025\/03\/color-Custom-Water-Bottles.jpg","width":600,"height":600,"caption":"color Custom Water Bottles"},{"@type":"BreadcrumbList","@id":"https:\/\/tonysourcing.com\/wholesale\/color-custom-water-bottles\/#breadcrumb","itemListElement":[{"@type":"ListItem","position":1,"name":"Home","item":"https:\/\/tonysourcing.com\/"},{"@type":"ListItem","position":2,"name":"Wholesale","item":"https:\/\/tonysourcing.com\/wholesale\/"},{"@type":"ListItem","position":3,"name":"Color Custom Water Bottles"}]},{"@type":"WebSite","@id":"https:\/\/tonysourcing.com\/#website","url":"https:\/\/tonysourcing.com\/","name":"TonySourcing","description":"Spielzeuggro\u00dfh\u00e4ndler und Werbeartikel aus China","publisher":{"@id":"https:\/\/tonysourcing.com\/#organization"},"potentialAction":[{"@type":"SearchAction","target":{"@type":"EntryPoint","urlTemplate":"https:\/\/tonysourcing.com\/?s={search_term_string}"},"query-input":{"@type":"PropertyValueSpecification","valueRequired":true,"valueName":"search_term_string"}}],"inLanguage":"de"},{"@type":"Organization","@id":"https:\/\/tonysourcing.com\/#organization","name":"Yiwu Zongge","url":"https:\/\/tonysourcing.com\/","logo":{"@type":"ImageObject","inLanguage":"de","@id":"https:\/\/tonysourcing.com\/#\/schema\/logo\/image\/","url":"https:\/\/tonysourcing.com\/wp-content\/uploads\/2021\/07\/cropped-TonySourcing-logo-1.png","contentUrl":"https:\/\/tonysourcing.com\/wp-content\/uploads\/2021\/07\/cropped-TonySourcing-logo-1.png","width":300,"height":92,"caption":"Yiwu Zongge"},"image":{"@id":"https:\/\/tonysourcing.com\/#\/schema\/logo\/image\/"},"sameAs":["https:\/\/www.facebook.com\/TonySourcing","https:\/\/x.com\/TonySourcing","https:\/\/www.instagram.com\/tony_sourcing\/","http:\/\/www.linkedin.com\/in\/tonychen88","https:\/\/www.youtube.com\/channel\/UCZfST1M-NDoqjQ3dB-Tzszg"]}]}},"_links":{"self":[{"href":"https:\/\/tonysourcing.com\/de\/wp-json\/wp\/v2\/product\/23799","targetHints":{"allow":["GET"]}}],"collection":[{"href":"https:\/\/tonysourcing.com\/de\/wp-json\/wp\/v2\/product"}],"about":[{"href":"https:\/\/tonysourcing.com\/de\/wp-json\/wp\/v2\/types\/product"}],"version-history":[{"count":2,"href":"https:\/\/tonysourcing.com\/de\/wp-json\/wp\/v2\/product\/23799\/revisions"}],"predecessor-version":[{"id":23803,"href":"https:\/\/tonysourcing.com\/de\/wp-json\/wp\/v2\/product\/23799\/revisions\/23803"}],"wp:featuredmedia":[{"embeddable":true,"href":"https:\/\/tonysourcing.com\/de\/wp-json\/wp\/v2\/media\/23800"}],"wp:attachment":[{"href":"https:\/\/tonysourcing.com\/de\/wp-json\/wp\/v2\/media?parent=23799"}],"wp:term":[{"taxonomy":"product_brand","embeddable":true,"href":"https:\/\/tonysourcing.com\/de\/wp-json\/wp\/v2\/product_brand?post=23799"},{"taxonomy":"product_cat","embeddable":true,"href":"https:\/\/tonysourcing.com\/de\/wp-json\/wp\/v2\/product_cat?post=23799"},{"taxonomy":"product_tag","embeddable":true,"href":"https:\/\/tonysourcing.com\/de\/wp-json\/wp\/v2\/product_tag?post=23799"}],"curies":[{"name":"wp","href":"https:\/\/api.w.org\/{rel}","templated":true}]}}