{"id":23971,"date":"2025-03-10T07:11:15","date_gmt":"2025-03-10T07:11:15","guid":{"rendered":"https:\/\/tonysourcing.com\/?post_type=product&#038;p=23971"},"modified":"2025-06-12T08:50:13","modified_gmt":"2025-06-12T08:50:13","slug":"vogelspitzen","status":"publish","type":"product","link":"https:\/\/tonysourcing.com\/de\/wholesale\/bird-spikes\/","title":{"rendered":"Vogelspitzen"},"content":{"rendered":"<p>#1 Warum Vogelspikes kaufen in <a href=\"https:\/\/tonysourcing.com\/de\/\">TonySouring.com<\/a><br \/>\nW\u00e4hlen Sie aus \u00fcber 5.000 chinesischen Lieferanten<br \/>\nSparen Sie bis zu 60% an Kosten durch die direkte Beschaffung von chinesischen Herstellern<br \/>\nErledigen Sie alles \u00fcber den One-Step-Service von TonySourcing<br \/>\nArbeiten Sie mit dem TonySourcing-Team zusammen und kaufen Sie Wissen und Unterst\u00fctzung<\/p>\n<p>#2 Zusammenarbeit mit Tonysourcing. Vorteile beim Import?<br \/>\nSie m\u00fcssen nicht mehr Zeit darauf verwenden, einen guten Lieferanten zu finden. Wir arbeiten mit \u00fcber 10.000 chinesischen Lieferanten zusammen und liefern Ihnen immer gleich beim ersten Mal die besten Artikel. Sie m\u00fcssen sich keine Sorgen um die Zahlung machen. Viele chinesische Lieferanten akzeptieren keine Devisen. Wir akzeptieren USD-Konten, Euro-Konten, PayPal und weitere Zahlungsmethoden. Sie m\u00fcssen sich keine Sorgen um Qualit\u00e4tsprobleme machen \u2013 wir kontrollieren die Qualit\u00e4t und den Versand, bevor wir die Qualit\u00e4tskontrolle durchf\u00fchren und mit der Fabrik chatten, um das Verkaufsproblem zu l\u00f6sen.<\/p>\n<p>#3: Kundenspezifischer Service: Logo auf Waren drucken, neues Design erstellen und benutzerdefinierte Farbbox,<\/p>\n<p><img fetchpriority=\"high\" decoding=\"async\" class=\"aligncenter size-full wp-image-23977\" src=\"https:\/\/tonysourcing.com\/wp-content\/uploads\/2025\/03\/bird-Spikes-2-scaled.jpg\" alt=\"\" width=\"1939\" height=\"2560\" srcset=\"https:\/\/tonysourcing.com\/wp-content\/uploads\/2025\/03\/bird-Spikes-2-scaled.jpg 1939w, https:\/\/tonysourcing.com\/wp-content\/uploads\/2025\/03\/bird-Spikes-2-227x300.jpg 227w, https:\/\/tonysourcing.com\/wp-content\/uploads\/2025\/03\/bird-Spikes-2-606x800.jpg 606w, https:\/\/tonysourcing.com\/wp-content\/uploads\/2025\/03\/bird-Spikes-2-768x1014.jpg 768w, https:\/\/tonysourcing.com\/wp-content\/uploads\/2025\/03\/bird-Spikes-2-1164x1536.jpg 1164w, https:\/\/tonysourcing.com\/wp-content\/uploads\/2025\/03\/bird-Spikes-2-1552x2048.jpg 1552w, https:\/\/tonysourcing.com\/wp-content\/uploads\/2025\/03\/bird-Spikes-2-600x792.jpg 600w\" sizes=\"(max-width: 1939px) 100vw, 1939px\" \/><\/p>\n<p>&nbsp;<\/p>\n<p>&nbsp;<\/p>\n<p>&nbsp;<\/p>\n<p>&nbsp;<\/p>","protected":false},"excerpt":{"rendered":"<p>Artikelnummer: SU-2025001<\/p>","protected":false},"featured_media":23979,"template":"","meta":{"_kad_post_transparent":"","_kad_post_title":"","_kad_post_layout":"","_kad_post_sidebar_id":"","_kad_post_content_style":"","_kad_post_vertical_padding":"","_kad_post_feature":"","_kad_post_feature_position":"","_kad_post_header":false,"_kad_post_footer":false,"_kad_post_classname":""},"product_brand":[],"product_cat":[1765],"product_tag":[1766],"class_list":{"0":"post-23971","1":"product","2":"type-product","3":"status-publish","4":"has-post-thumbnail","6":"product_cat-garden-decoration","7":"product_tag-gardenoutdoor","9":"first","10":"instock","11":"shipping-taxable","12":"product-type-simple","13":"entry","14":"content-bg","15":"loop-entry"},"yoast_head":"<!-- This site is optimized with the Yoast SEO plugin v27.5 - https:\/\/yoast.com\/product\/yoast-seo-wordpress\/ -->\n<title>bird Spikes Import Wholesale From Manufacturer<\/title>\n<meta name=\"description\" content=\"Import bird Spikes China Manufacturer, Good Product and Good Price, Contact TonySourcing for Catalog\" \/>\n<meta name=\"robots\" content=\"index, follow, max-snippet:-1, max-image-preview:large, max-video-preview:-1\" \/>\n<link rel=\"canonical\" href=\"https:\/\/tonysourcing.com\/de\/groshandel\/vogelspitzen\/\" \/>\n<meta property=\"og:locale\" content=\"de_DE\" \/>\n<meta property=\"og:type\" content=\"article\" \/>\n<meta property=\"og:title\" content=\"bird Spikes Import Wholesale From Manufacturer\" \/>\n<meta property=\"og:description\" content=\"Import bird Spikes China Manufacturer, Good Product and Good Price, Contact TonySourcing for Catalog\" \/>\n<meta property=\"og:url\" content=\"https:\/\/tonysourcing.com\/de\/groshandel\/vogelspitzen\/\" \/>\n<meta property=\"og:site_name\" content=\"TonySourcing\" \/>\n<meta property=\"article:publisher\" content=\"https:\/\/www.facebook.com\/TonySourcing\" \/>\n<meta property=\"article:modified_time\" content=\"2025-06-12T08:50:13+00:00\" \/>\n<meta property=\"og:image\" content=\"https:\/\/tonysourcing.com\/wp-content\/uploads\/2025\/03\/Spikes-for-Bird.jpg\" \/>\n\t<meta property=\"og:image:width\" content=\"1000\" \/>\n\t<meta property=\"og:image:height\" content=\"1000\" \/>\n\t<meta property=\"og:image:type\" content=\"image\/jpeg\" \/>\n<meta name=\"twitter:card\" content=\"summary_large_image\" \/>\n<meta name=\"twitter:site\" content=\"@TonySourcing\" \/>\n<meta name=\"twitter:label1\" content=\"Gesch\u00e4tzte Lesezeit\" \/>\n\t<meta name=\"twitter:data1\" content=\"1\u00a0Minute\" \/>\n<script type=\"application\/ld+json\" class=\"yoast-schema-graph\">{\"@context\":\"https:\\\/\\\/schema.org\",\"@graph\":[{\"@type\":\"WebPage\",\"@id\":\"https:\\\/\\\/tonysourcing.com\\\/wholesale\\\/bird-spikes\\\/\",\"url\":\"https:\\\/\\\/tonysourcing.com\\\/wholesale\\\/bird-spikes\\\/\",\"name\":\"bird Spikes Import Wholesale From Manufacturer\",\"isPartOf\":{\"@id\":\"https:\\\/\\\/tonysourcing.com\\\/#website\"},\"primaryImageOfPage\":{\"@id\":\"https:\\\/\\\/tonysourcing.com\\\/wholesale\\\/bird-spikes\\\/#primaryimage\"},\"image\":{\"@id\":\"https:\\\/\\\/tonysourcing.com\\\/wholesale\\\/bird-spikes\\\/#primaryimage\"},\"thumbnailUrl\":\"https:\\\/\\\/tonysourcing.com\\\/wp-content\\\/uploads\\\/2025\\\/03\\\/Spikes-for-Bird.jpg\",\"datePublished\":\"2025-03-10T07:11:15+00:00\",\"dateModified\":\"2025-06-12T08:50:13+00:00\",\"description\":\"Import bird Spikes China Manufacturer, Good Product and Good Price, Contact TonySourcing for Catalog\",\"breadcrumb\":{\"@id\":\"https:\\\/\\\/tonysourcing.com\\\/wholesale\\\/bird-spikes\\\/#breadcrumb\"},\"inLanguage\":\"de\",\"potentialAction\":[{\"@type\":\"ReadAction\",\"target\":[\"https:\\\/\\\/tonysourcing.com\\\/wholesale\\\/bird-spikes\\\/\"]}]},{\"@type\":\"ImageObject\",\"inLanguage\":\"de\",\"@id\":\"https:\\\/\\\/tonysourcing.com\\\/wholesale\\\/bird-spikes\\\/#primaryimage\",\"url\":\"https:\\\/\\\/tonysourcing.com\\\/wp-content\\\/uploads\\\/2025\\\/03\\\/Spikes-for-Bird.jpg\",\"contentUrl\":\"https:\\\/\\\/tonysourcing.com\\\/wp-content\\\/uploads\\\/2025\\\/03\\\/Spikes-for-Bird.jpg\",\"width\":1000,\"height\":1000},{\"@type\":\"BreadcrumbList\",\"@id\":\"https:\\\/\\\/tonysourcing.com\\\/wholesale\\\/bird-spikes\\\/#breadcrumb\",\"itemListElement\":[{\"@type\":\"ListItem\",\"position\":1,\"name\":\"Home\",\"item\":\"https:\\\/\\\/tonysourcing.com\\\/\"},{\"@type\":\"ListItem\",\"position\":2,\"name\":\"Wholesale\",\"item\":\"https:\\\/\\\/tonysourcing.com\\\/wholesale\\\/\"},{\"@type\":\"ListItem\",\"position\":3,\"name\":\"bird Spikes\"}]},{\"@type\":\"WebSite\",\"@id\":\"https:\\\/\\\/tonysourcing.com\\\/#website\",\"url\":\"https:\\\/\\\/tonysourcing.com\\\/\",\"name\":\"TonySourcing\",\"description\":\"Toys Wholesale Distributor &amp; China Promition Items\",\"publisher\":{\"@id\":\"https:\\\/\\\/tonysourcing.com\\\/#organization\"},\"potentialAction\":[{\"@type\":\"SearchAction\",\"target\":{\"@type\":\"EntryPoint\",\"urlTemplate\":\"https:\\\/\\\/tonysourcing.com\\\/?s={search_term_string}\"},\"query-input\":{\"@type\":\"PropertyValueSpecification\",\"valueRequired\":true,\"valueName\":\"search_term_string\"}}],\"inLanguage\":\"de\"},{\"@type\":\"Organization\",\"@id\":\"https:\\\/\\\/tonysourcing.com\\\/#organization\",\"name\":\"Yiwu Zongge\",\"url\":\"https:\\\/\\\/tonysourcing.com\\\/\",\"logo\":{\"@type\":\"ImageObject\",\"inLanguage\":\"de\",\"@id\":\"https:\\\/\\\/tonysourcing.com\\\/#\\\/schema\\\/logo\\\/image\\\/\",\"url\":\"https:\\\/\\\/tonysourcing.com\\\/wp-content\\\/uploads\\\/2021\\\/07\\\/cropped-TonySourcing-logo-1.png\",\"contentUrl\":\"https:\\\/\\\/tonysourcing.com\\\/wp-content\\\/uploads\\\/2021\\\/07\\\/cropped-TonySourcing-logo-1.png\",\"width\":300,\"height\":92,\"caption\":\"Yiwu Zongge\"},\"image\":{\"@id\":\"https:\\\/\\\/tonysourcing.com\\\/#\\\/schema\\\/logo\\\/image\\\/\"},\"sameAs\":[\"https:\\\/\\\/www.facebook.com\\\/TonySourcing\",\"https:\\\/\\\/x.com\\\/TonySourcing\",\"https:\\\/\\\/www.instagram.com\\\/tony_sourcing\\\/\",\"http:\\\/\\\/www.linkedin.com\\\/in\\\/tonychen88\",\"https:\\\/\\\/www.youtube.com\\\/channel\\\/UCZfST1M-NDoqjQ3dB-Tzszg\"]}]}<\/script>\n<!-- \/ Yoast SEO plugin. -->","yoast_head_json":{"title":"Vogelspikes Import Gro\u00dfhandel vom Hersteller","description":"Importieren Sie Vogelspikes, chinesischer Hersteller, gutes Produkt und guter Preis, kontaktieren Sie TonySourcing f\u00fcr den Katalog","robots":{"index":"index","follow":"follow","max-snippet":"max-snippet:-1","max-image-preview":"max-image-preview:large","max-video-preview":"max-video-preview:-1"},"canonical":"https:\/\/tonysourcing.com\/de\/groshandel\/vogelspitzen\/","og_locale":"de_DE","og_type":"article","og_title":"bird Spikes Import Wholesale From Manufacturer","og_description":"Import bird Spikes China Manufacturer, Good Product and Good Price, Contact TonySourcing for Catalog","og_url":"https:\/\/tonysourcing.com\/de\/groshandel\/vogelspitzen\/","og_site_name":"TonySourcing","article_publisher":"https:\/\/www.facebook.com\/TonySourcing","article_modified_time":"2025-06-12T08:50:13+00:00","og_image":[{"width":1000,"height":1000,"url":"https:\/\/tonysourcing.com\/wp-content\/uploads\/2025\/03\/Spikes-for-Bird.jpg","type":"image\/jpeg"}],"twitter_card":"summary_large_image","twitter_site":"@TonySourcing","twitter_misc":{"Gesch\u00e4tzte Lesezeit":"1\u00a0Minute"},"schema":{"@context":"https:\/\/schema.org","@graph":[{"@type":"WebPage","@id":"https:\/\/tonysourcing.com\/wholesale\/bird-spikes\/","url":"https:\/\/tonysourcing.com\/wholesale\/bird-spikes\/","name":"Vogelspikes Import Gro\u00dfhandel vom Hersteller","isPartOf":{"@id":"https:\/\/tonysourcing.com\/#website"},"primaryImageOfPage":{"@id":"https:\/\/tonysourcing.com\/wholesale\/bird-spikes\/#primaryimage"},"image":{"@id":"https:\/\/tonysourcing.com\/wholesale\/bird-spikes\/#primaryimage"},"thumbnailUrl":"https:\/\/tonysourcing.com\/wp-content\/uploads\/2025\/03\/Spikes-for-Bird.jpg","datePublished":"2025-03-10T07:11:15+00:00","dateModified":"2025-06-12T08:50:13+00:00","description":"Importieren Sie Vogelspikes, chinesischer Hersteller, gutes Produkt und guter Preis, kontaktieren Sie TonySourcing f\u00fcr den Katalog","breadcrumb":{"@id":"https:\/\/tonysourcing.com\/wholesale\/bird-spikes\/#breadcrumb"},"inLanguage":"de","potentialAction":[{"@type":"ReadAction","target":["https:\/\/tonysourcing.com\/wholesale\/bird-spikes\/"]}]},{"@type":"ImageObject","inLanguage":"de","@id":"https:\/\/tonysourcing.com\/wholesale\/bird-spikes\/#primaryimage","url":"https:\/\/tonysourcing.com\/wp-content\/uploads\/2025\/03\/Spikes-for-Bird.jpg","contentUrl":"https:\/\/tonysourcing.com\/wp-content\/uploads\/2025\/03\/Spikes-for-Bird.jpg","width":1000,"height":1000},{"@type":"BreadcrumbList","@id":"https:\/\/tonysourcing.com\/wholesale\/bird-spikes\/#breadcrumb","itemListElement":[{"@type":"ListItem","position":1,"name":"Home","item":"https:\/\/tonysourcing.com\/"},{"@type":"ListItem","position":2,"name":"Wholesale","item":"https:\/\/tonysourcing.com\/wholesale\/"},{"@type":"ListItem","position":3,"name":"bird Spikes"}]},{"@type":"WebSite","@id":"https:\/\/tonysourcing.com\/#website","url":"https:\/\/tonysourcing.com\/","name":"TonySourcing","description":"Spielzeuggro\u00dfh\u00e4ndler und Werbeartikel aus China","publisher":{"@id":"https:\/\/tonysourcing.com\/#organization"},"potentialAction":[{"@type":"SearchAction","target":{"@type":"EntryPoint","urlTemplate":"https:\/\/tonysourcing.com\/?s={search_term_string}"},"query-input":{"@type":"PropertyValueSpecification","valueRequired":true,"valueName":"search_term_string"}}],"inLanguage":"de"},{"@type":"Organization","@id":"https:\/\/tonysourcing.com\/#organization","name":"Yiwu Zongge","url":"https:\/\/tonysourcing.com\/","logo":{"@type":"ImageObject","inLanguage":"de","@id":"https:\/\/tonysourcing.com\/#\/schema\/logo\/image\/","url":"https:\/\/tonysourcing.com\/wp-content\/uploads\/2021\/07\/cropped-TonySourcing-logo-1.png","contentUrl":"https:\/\/tonysourcing.com\/wp-content\/uploads\/2021\/07\/cropped-TonySourcing-logo-1.png","width":300,"height":92,"caption":"Yiwu Zongge"},"image":{"@id":"https:\/\/tonysourcing.com\/#\/schema\/logo\/image\/"},"sameAs":["https:\/\/www.facebook.com\/TonySourcing","https:\/\/x.com\/TonySourcing","https:\/\/www.instagram.com\/tony_sourcing\/","http:\/\/www.linkedin.com\/in\/tonychen88","https:\/\/www.youtube.com\/channel\/UCZfST1M-NDoqjQ3dB-Tzszg"]}]}},"_links":{"self":[{"href":"https:\/\/tonysourcing.com\/de\/wp-json\/wp\/v2\/product\/23971","targetHints":{"allow":["GET"]}}],"collection":[{"href":"https:\/\/tonysourcing.com\/de\/wp-json\/wp\/v2\/product"}],"about":[{"href":"https:\/\/tonysourcing.com\/de\/wp-json\/wp\/v2\/types\/product"}],"version-history":[{"count":1,"href":"https:\/\/tonysourcing.com\/de\/wp-json\/wp\/v2\/product\/23971\/revisions"}],"predecessor-version":[{"id":23980,"href":"https:\/\/tonysourcing.com\/de\/wp-json\/wp\/v2\/product\/23971\/revisions\/23980"}],"wp:featuredmedia":[{"embeddable":true,"href":"https:\/\/tonysourcing.com\/de\/wp-json\/wp\/v2\/media\/23979"}],"wp:attachment":[{"href":"https:\/\/tonysourcing.com\/de\/wp-json\/wp\/v2\/media?parent=23971"}],"wp:term":[{"taxonomy":"product_brand","embeddable":true,"href":"https:\/\/tonysourcing.com\/de\/wp-json\/wp\/v2\/product_brand?post=23971"},{"taxonomy":"product_cat","embeddable":true,"href":"https:\/\/tonysourcing.com\/de\/wp-json\/wp\/v2\/product_cat?post=23971"},{"taxonomy":"product_tag","embeddable":true,"href":"https:\/\/tonysourcing.com\/de\/wp-json\/wp\/v2\/product_tag?post=23971"}],"curies":[{"name":"wp","href":"https:\/\/api.w.org\/{rel}","templated":true}]}}