{"id":23982,"date":"2025-03-10T08:24:39","date_gmt":"2025-03-10T08:24:39","guid":{"rendered":"https:\/\/tonysourcing.com\/?post_type=product&#038;p=23982"},"modified":"2025-06-12T08:50:10","modified_gmt":"2025-06-12T08:50:10","slug":"stainless-steel-bird-spikes","status":"publish","type":"product","link":"https:\/\/tonysourcing.com\/de\/wholesale\/stainless-steel-bird-spikes\/","title":{"rendered":"Vogelspikes aus Edelstahl"},"content":{"rendered":"<p>#1 Why buy Stainless Steel Bird Spikes in <a href=\"https:\/\/tonysourcing.com\/de\/\">TonySouring.com<\/a><br \/>\nW\u00e4hlen Sie aus \u00fcber 5.000 chinesischen Lieferanten<br \/>\nSparen Sie bis zu 60% an Kosten durch die direkte Beschaffung von chinesischen Herstellern<br \/>\nErledigen Sie alles \u00fcber den One-Step-Service von TonySourcing<br \/>\nArbeiten Sie mit dem TonySourcing-Team zusammen und kaufen Sie Wissen und Unterst\u00fctzung<\/p>\n<p>#2 Zusammenarbeit mit Tonysourcing. Vorteile beim Import?<br \/>\nSie m\u00fcssen nicht mehr Zeit damit verbringen, einen guten Lieferanten zu finden. Wir arbeiten mit \u00fcber 10.000 chinesischen Lieferanten zusammen.<br \/>\nWir bieten immer die besten Artikel unserer Lieferanten an.<br \/>\nSie m\u00fcssen sich keine Sorgen um die Zahlung machen, da viele chinesische Lieferanten keine Devisen akzeptieren.<br \/>\nWir akzeptieren USD-Konten, Euro-Konten, Paypal und weitere Zahlungsmethoden.<br \/>\nSie m\u00fcssen sich keine Sorgen um Qualit\u00e4tsprobleme machen \u2013 wir kontrollieren die Qualit\u00e4t und den Versand, bevor wir die Qualit\u00e4tskontrolle durchf\u00fchren und mit der Fabrik chatten, um das Verkaufsproblem zu l\u00f6sen.<\/p>\n<p>#3: Kundenspezifischer Service: Logo auf Waren drucken, neues Design erstellen und benutzerdefinierte Farbbox,<\/p>\n<p><img fetchpriority=\"high\" decoding=\"async\" class=\"aligncenter size-full wp-image-23988\" src=\"https:\/\/tonysourcing.com\/wp-content\/uploads\/2025\/03\/Stainless-Steel-Bird-Spikes-catalog-scaled.jpg\" alt=\"\" width=\"1810\" height=\"2560\" srcset=\"https:\/\/tonysourcing.com\/wp-content\/uploads\/2025\/03\/Stainless-Steel-Bird-Spikes-catalog-scaled.jpg 1810w, https:\/\/tonysourcing.com\/wp-content\/uploads\/2025\/03\/Stainless-Steel-Bird-Spikes-catalog-212x300.jpg 212w, https:\/\/tonysourcing.com\/wp-content\/uploads\/2025\/03\/Stainless-Steel-Bird-Spikes-catalog-566x800.jpg 566w, https:\/\/tonysourcing.com\/wp-content\/uploads\/2025\/03\/Stainless-Steel-Bird-Spikes-catalog-768x1086.jpg 768w, https:\/\/tonysourcing.com\/wp-content\/uploads\/2025\/03\/Stainless-Steel-Bird-Spikes-catalog-1086x1536.jpg 1086w, https:\/\/tonysourcing.com\/wp-content\/uploads\/2025\/03\/Stainless-Steel-Bird-Spikes-catalog-1448x2048.jpg 1448w, https:\/\/tonysourcing.com\/wp-content\/uploads\/2025\/03\/Stainless-Steel-Bird-Spikes-catalog-600x848.jpg 600w\" sizes=\"(max-width: 1810px) 100vw, 1810px\" \/><\/p>\n<p><img decoding=\"async\" class=\"aligncenter size-full wp-image-23993\" src=\"https:\/\/tonysourcing.com\/wp-content\/uploads\/2025\/03\/Stainless-Steel-Bird-Spikes-catalog-2-scaled.jpg\" alt=\"\" width=\"1802\" height=\"2560\" srcset=\"https:\/\/tonysourcing.com\/wp-content\/uploads\/2025\/03\/Stainless-Steel-Bird-Spikes-catalog-2-scaled.jpg 1802w, https:\/\/tonysourcing.com\/wp-content\/uploads\/2025\/03\/Stainless-Steel-Bird-Spikes-catalog-2-211x300.jpg 211w, https:\/\/tonysourcing.com\/wp-content\/uploads\/2025\/03\/Stainless-Steel-Bird-Spikes-catalog-2-563x800.jpg 563w, https:\/\/tonysourcing.com\/wp-content\/uploads\/2025\/03\/Stainless-Steel-Bird-Spikes-catalog-2-768x1091.jpg 768w, https:\/\/tonysourcing.com\/wp-content\/uploads\/2025\/03\/Stainless-Steel-Bird-Spikes-catalog-2-1081x1536.jpg 1081w, https:\/\/tonysourcing.com\/wp-content\/uploads\/2025\/03\/Stainless-Steel-Bird-Spikes-catalog-2-1441x2048.jpg 1441w, https:\/\/tonysourcing.com\/wp-content\/uploads\/2025\/03\/Stainless-Steel-Bird-Spikes-catalog-2-600x852.jpg 600w\" sizes=\"(max-width: 1802px) 100vw, 1802px\" \/><\/p>","protected":false},"excerpt":{"rendered":"<p>Artikelnummer: SU-2025002<\/p>","protected":false},"featured_media":23994,"template":"","meta":{"_kad_post_transparent":"","_kad_post_title":"","_kad_post_layout":"","_kad_post_sidebar_id":"","_kad_post_content_style":"","_kad_post_vertical_padding":"","_kad_post_feature":"","_kad_post_feature_position":"","_kad_post_header":false,"_kad_post_footer":false,"_kad_post_classname":""},"product_brand":[],"product_cat":[1765],"product_tag":[1766],"class_list":{"0":"post-23982","1":"product","2":"type-product","3":"status-publish","4":"has-post-thumbnail","6":"product_cat-garden-decoration","7":"product_tag-gardenoutdoor","9":"first","10":"instock","11":"shipping-taxable","12":"product-type-simple","13":"entry","14":"content-bg","15":"loop-entry"},"yoast_head":"<!-- This site is optimized with the Yoast SEO plugin v27.5 - https:\/\/yoast.com\/product\/yoast-seo-wordpress\/ -->\n<title>Stainless Steel Bird Spikes Import Wholesale From Manufacturer<\/title>\n<meta name=\"description\" content=\"Import Stainless Steel Bird Spikes China Manufacturer, Good Product and Good Price, Contact TonySourcing for Catalog\" \/>\n<meta name=\"robots\" content=\"index, follow, max-snippet:-1, max-image-preview:large, max-video-preview:-1\" \/>\n<link rel=\"canonical\" href=\"https:\/\/tonysourcing.com\/de\/groshandel\/stainless-steel-bird-spikes\/\" \/>\n<meta property=\"og:locale\" content=\"de_DE\" \/>\n<meta property=\"og:type\" content=\"article\" \/>\n<meta property=\"og:title\" content=\"Stainless Steel Bird Spikes Import Wholesale From Manufacturer\" \/>\n<meta property=\"og:description\" content=\"Import Stainless Steel Bird Spikes China Manufacturer, Good Product and Good Price, Contact TonySourcing for Catalog\" \/>\n<meta property=\"og:url\" content=\"https:\/\/tonysourcing.com\/de\/groshandel\/stainless-steel-bird-spikes\/\" \/>\n<meta property=\"og:site_name\" content=\"TonySourcing\" \/>\n<meta property=\"article:publisher\" content=\"https:\/\/www.facebook.com\/TonySourcing\" \/>\n<meta property=\"article:modified_time\" content=\"2025-06-12T08:50:10+00:00\" \/>\n<meta property=\"og:image\" content=\"https:\/\/tonysourcing.com\/wp-content\/uploads\/2025\/03\/Stainless-Steel-Bird-Spikes.jpg\" \/>\n\t<meta property=\"og:image:width\" content=\"1000\" \/>\n\t<meta property=\"og:image:height\" content=\"1000\" \/>\n\t<meta property=\"og:image:type\" content=\"image\/jpeg\" \/>\n<meta name=\"twitter:card\" content=\"summary_large_image\" \/>\n<meta name=\"twitter:site\" content=\"@TonySourcing\" \/>\n<meta name=\"twitter:label1\" content=\"Gesch\u00e4tzte Lesezeit\" \/>\n\t<meta name=\"twitter:data1\" content=\"2\u00a0Minuten\" \/>\n<script type=\"application\/ld+json\" class=\"yoast-schema-graph\">{\"@context\":\"https:\\\/\\\/schema.org\",\"@graph\":[{\"@type\":\"WebPage\",\"@id\":\"https:\\\/\\\/tonysourcing.com\\\/wholesale\\\/stainless-steel-bird-spikes\\\/\",\"url\":\"https:\\\/\\\/tonysourcing.com\\\/wholesale\\\/stainless-steel-bird-spikes\\\/\",\"name\":\"Stainless Steel Bird Spikes Import Wholesale From Manufacturer\",\"isPartOf\":{\"@id\":\"https:\\\/\\\/tonysourcing.com\\\/#website\"},\"primaryImageOfPage\":{\"@id\":\"https:\\\/\\\/tonysourcing.com\\\/wholesale\\\/stainless-steel-bird-spikes\\\/#primaryimage\"},\"image\":{\"@id\":\"https:\\\/\\\/tonysourcing.com\\\/wholesale\\\/stainless-steel-bird-spikes\\\/#primaryimage\"},\"thumbnailUrl\":\"https:\\\/\\\/tonysourcing.com\\\/wp-content\\\/uploads\\\/2025\\\/03\\\/Stainless-Steel-Bird-Spikes.jpg\",\"datePublished\":\"2025-03-10T08:24:39+00:00\",\"dateModified\":\"2025-06-12T08:50:10+00:00\",\"description\":\"Import Stainless Steel Bird Spikes China Manufacturer, Good Product and Good Price, Contact TonySourcing for Catalog\",\"breadcrumb\":{\"@id\":\"https:\\\/\\\/tonysourcing.com\\\/wholesale\\\/stainless-steel-bird-spikes\\\/#breadcrumb\"},\"inLanguage\":\"de\",\"potentialAction\":[{\"@type\":\"ReadAction\",\"target\":[\"https:\\\/\\\/tonysourcing.com\\\/wholesale\\\/stainless-steel-bird-spikes\\\/\"]}]},{\"@type\":\"ImageObject\",\"inLanguage\":\"de\",\"@id\":\"https:\\\/\\\/tonysourcing.com\\\/wholesale\\\/stainless-steel-bird-spikes\\\/#primaryimage\",\"url\":\"https:\\\/\\\/tonysourcing.com\\\/wp-content\\\/uploads\\\/2025\\\/03\\\/Stainless-Steel-Bird-Spikes.jpg\",\"contentUrl\":\"https:\\\/\\\/tonysourcing.com\\\/wp-content\\\/uploads\\\/2025\\\/03\\\/Stainless-Steel-Bird-Spikes.jpg\",\"width\":1000,\"height\":1000},{\"@type\":\"BreadcrumbList\",\"@id\":\"https:\\\/\\\/tonysourcing.com\\\/wholesale\\\/stainless-steel-bird-spikes\\\/#breadcrumb\",\"itemListElement\":[{\"@type\":\"ListItem\",\"position\":1,\"name\":\"Home\",\"item\":\"https:\\\/\\\/tonysourcing.com\\\/\"},{\"@type\":\"ListItem\",\"position\":2,\"name\":\"Wholesale\",\"item\":\"https:\\\/\\\/tonysourcing.com\\\/wholesale\\\/\"},{\"@type\":\"ListItem\",\"position\":3,\"name\":\"Stainless Steel Bird Spikes\"}]},{\"@type\":\"WebSite\",\"@id\":\"https:\\\/\\\/tonysourcing.com\\\/#website\",\"url\":\"https:\\\/\\\/tonysourcing.com\\\/\",\"name\":\"TonySourcing\",\"description\":\"Toys Wholesale Distributor &amp; China Promition Items\",\"publisher\":{\"@id\":\"https:\\\/\\\/tonysourcing.com\\\/#organization\"},\"potentialAction\":[{\"@type\":\"SearchAction\",\"target\":{\"@type\":\"EntryPoint\",\"urlTemplate\":\"https:\\\/\\\/tonysourcing.com\\\/?s={search_term_string}\"},\"query-input\":{\"@type\":\"PropertyValueSpecification\",\"valueRequired\":true,\"valueName\":\"search_term_string\"}}],\"inLanguage\":\"de\"},{\"@type\":\"Organization\",\"@id\":\"https:\\\/\\\/tonysourcing.com\\\/#organization\",\"name\":\"Yiwu Zongge\",\"url\":\"https:\\\/\\\/tonysourcing.com\\\/\",\"logo\":{\"@type\":\"ImageObject\",\"inLanguage\":\"de\",\"@id\":\"https:\\\/\\\/tonysourcing.com\\\/#\\\/schema\\\/logo\\\/image\\\/\",\"url\":\"https:\\\/\\\/tonysourcing.com\\\/wp-content\\\/uploads\\\/2021\\\/07\\\/cropped-TonySourcing-logo-1.png\",\"contentUrl\":\"https:\\\/\\\/tonysourcing.com\\\/wp-content\\\/uploads\\\/2021\\\/07\\\/cropped-TonySourcing-logo-1.png\",\"width\":300,\"height\":92,\"caption\":\"Yiwu Zongge\"},\"image\":{\"@id\":\"https:\\\/\\\/tonysourcing.com\\\/#\\\/schema\\\/logo\\\/image\\\/\"},\"sameAs\":[\"https:\\\/\\\/www.facebook.com\\\/TonySourcing\",\"https:\\\/\\\/x.com\\\/TonySourcing\",\"https:\\\/\\\/www.instagram.com\\\/tony_sourcing\\\/\",\"http:\\\/\\\/www.linkedin.com\\\/in\\\/tonychen88\",\"https:\\\/\\\/www.youtube.com\\\/channel\\\/UCZfST1M-NDoqjQ3dB-Tzszg\"]}]}<\/script>\n<!-- \/ Yoast SEO plugin. -->","yoast_head_json":{"title":"Stainless Steel Bird Spikes Import Wholesale From Manufacturer","description":"Import Stainless Steel Bird Spikes China Manufacturer, Good Product and Good Price, Contact TonySourcing for Catalog","robots":{"index":"index","follow":"follow","max-snippet":"max-snippet:-1","max-image-preview":"max-image-preview:large","max-video-preview":"max-video-preview:-1"},"canonical":"https:\/\/tonysourcing.com\/de\/groshandel\/stainless-steel-bird-spikes\/","og_locale":"de_DE","og_type":"article","og_title":"Stainless Steel Bird Spikes Import Wholesale From Manufacturer","og_description":"Import Stainless Steel Bird Spikes China Manufacturer, Good Product and Good Price, Contact TonySourcing for Catalog","og_url":"https:\/\/tonysourcing.com\/de\/groshandel\/stainless-steel-bird-spikes\/","og_site_name":"TonySourcing","article_publisher":"https:\/\/www.facebook.com\/TonySourcing","article_modified_time":"2025-06-12T08:50:10+00:00","og_image":[{"width":1000,"height":1000,"url":"https:\/\/tonysourcing.com\/wp-content\/uploads\/2025\/03\/Stainless-Steel-Bird-Spikes.jpg","type":"image\/jpeg"}],"twitter_card":"summary_large_image","twitter_site":"@TonySourcing","twitter_misc":{"Gesch\u00e4tzte Lesezeit":"2\u00a0Minuten"},"schema":{"@context":"https:\/\/schema.org","@graph":[{"@type":"WebPage","@id":"https:\/\/tonysourcing.com\/wholesale\/stainless-steel-bird-spikes\/","url":"https:\/\/tonysourcing.com\/wholesale\/stainless-steel-bird-spikes\/","name":"Stainless Steel Bird Spikes Import Wholesale From Manufacturer","isPartOf":{"@id":"https:\/\/tonysourcing.com\/#website"},"primaryImageOfPage":{"@id":"https:\/\/tonysourcing.com\/wholesale\/stainless-steel-bird-spikes\/#primaryimage"},"image":{"@id":"https:\/\/tonysourcing.com\/wholesale\/stainless-steel-bird-spikes\/#primaryimage"},"thumbnailUrl":"https:\/\/tonysourcing.com\/wp-content\/uploads\/2025\/03\/Stainless-Steel-Bird-Spikes.jpg","datePublished":"2025-03-10T08:24:39+00:00","dateModified":"2025-06-12T08:50:10+00:00","description":"Import Stainless Steel Bird Spikes China Manufacturer, Good Product and Good Price, Contact TonySourcing for Catalog","breadcrumb":{"@id":"https:\/\/tonysourcing.com\/wholesale\/stainless-steel-bird-spikes\/#breadcrumb"},"inLanguage":"de","potentialAction":[{"@type":"ReadAction","target":["https:\/\/tonysourcing.com\/wholesale\/stainless-steel-bird-spikes\/"]}]},{"@type":"ImageObject","inLanguage":"de","@id":"https:\/\/tonysourcing.com\/wholesale\/stainless-steel-bird-spikes\/#primaryimage","url":"https:\/\/tonysourcing.com\/wp-content\/uploads\/2025\/03\/Stainless-Steel-Bird-Spikes.jpg","contentUrl":"https:\/\/tonysourcing.com\/wp-content\/uploads\/2025\/03\/Stainless-Steel-Bird-Spikes.jpg","width":1000,"height":1000},{"@type":"BreadcrumbList","@id":"https:\/\/tonysourcing.com\/wholesale\/stainless-steel-bird-spikes\/#breadcrumb","itemListElement":[{"@type":"ListItem","position":1,"name":"Home","item":"https:\/\/tonysourcing.com\/"},{"@type":"ListItem","position":2,"name":"Wholesale","item":"https:\/\/tonysourcing.com\/wholesale\/"},{"@type":"ListItem","position":3,"name":"Stainless Steel Bird Spikes"}]},{"@type":"WebSite","@id":"https:\/\/tonysourcing.com\/#website","url":"https:\/\/tonysourcing.com\/","name":"TonySourcing","description":"Spielzeuggro\u00dfh\u00e4ndler und Werbeartikel aus China","publisher":{"@id":"https:\/\/tonysourcing.com\/#organization"},"potentialAction":[{"@type":"SearchAction","target":{"@type":"EntryPoint","urlTemplate":"https:\/\/tonysourcing.com\/?s={search_term_string}"},"query-input":{"@type":"PropertyValueSpecification","valueRequired":true,"valueName":"search_term_string"}}],"inLanguage":"de"},{"@type":"Organization","@id":"https:\/\/tonysourcing.com\/#organization","name":"Yiwu Zongge","url":"https:\/\/tonysourcing.com\/","logo":{"@type":"ImageObject","inLanguage":"de","@id":"https:\/\/tonysourcing.com\/#\/schema\/logo\/image\/","url":"https:\/\/tonysourcing.com\/wp-content\/uploads\/2021\/07\/cropped-TonySourcing-logo-1.png","contentUrl":"https:\/\/tonysourcing.com\/wp-content\/uploads\/2021\/07\/cropped-TonySourcing-logo-1.png","width":300,"height":92,"caption":"Yiwu Zongge"},"image":{"@id":"https:\/\/tonysourcing.com\/#\/schema\/logo\/image\/"},"sameAs":["https:\/\/www.facebook.com\/TonySourcing","https:\/\/x.com\/TonySourcing","https:\/\/www.instagram.com\/tony_sourcing\/","http:\/\/www.linkedin.com\/in\/tonychen88","https:\/\/www.youtube.com\/channel\/UCZfST1M-NDoqjQ3dB-Tzszg"]}]}},"_links":{"self":[{"href":"https:\/\/tonysourcing.com\/de\/wp-json\/wp\/v2\/product\/23982","targetHints":{"allow":["GET"]}}],"collection":[{"href":"https:\/\/tonysourcing.com\/de\/wp-json\/wp\/v2\/product"}],"about":[{"href":"https:\/\/tonysourcing.com\/de\/wp-json\/wp\/v2\/types\/product"}],"version-history":[{"count":5,"href":"https:\/\/tonysourcing.com\/de\/wp-json\/wp\/v2\/product\/23982\/revisions"}],"predecessor-version":[{"id":24002,"href":"https:\/\/tonysourcing.com\/de\/wp-json\/wp\/v2\/product\/23982\/revisions\/24002"}],"wp:featuredmedia":[{"embeddable":true,"href":"https:\/\/tonysourcing.com\/de\/wp-json\/wp\/v2\/media\/23994"}],"wp:attachment":[{"href":"https:\/\/tonysourcing.com\/de\/wp-json\/wp\/v2\/media?parent=23982"}],"wp:term":[{"taxonomy":"product_brand","embeddable":true,"href":"https:\/\/tonysourcing.com\/de\/wp-json\/wp\/v2\/product_brand?post=23982"},{"taxonomy":"product_cat","embeddable":true,"href":"https:\/\/tonysourcing.com\/de\/wp-json\/wp\/v2\/product_cat?post=23982"},{"taxonomy":"product_tag","embeddable":true,"href":"https:\/\/tonysourcing.com\/de\/wp-json\/wp\/v2\/product_tag?post=23982"}],"curies":[{"name":"wp","href":"https:\/\/api.w.org\/{rel}","templated":true}]}}