{"id":26804,"date":"2025-07-15T03:38:04","date_gmt":"2025-07-15T03:38:04","guid":{"rendered":"https:\/\/tonysourcing.com\/?post_type=product&#038;p=26804"},"modified":"2025-07-15T03:39:02","modified_gmt":"2025-07-15T03:39:02","slug":"tragbarer-flaschenoffner","status":"publish","type":"product","link":"https:\/\/tonysourcing.com\/de\/wholesale\/portable-bottle-opener\/","title":{"rendered":"Tragbarer Flaschen\u00f6ffner"},"content":{"rendered":"<h3 data-start=\"87\" data-end=\"158\"><strong data-start=\"91\" data-end=\"158\">Individuelle Flaschen\u00f6ffner \u2013 Markenwerkzeuge mit Pers\u00f6nlichkeit<\/strong><\/h3>\n<p data-start=\"160\" data-end=\"456\"><strong data-start=\"160\" data-end=\"176\">Beschreibung:<\/strong><br data-start=\"176\" data-end=\"179\" \/>Erschlie\u00dfen Sie neue Branding-M\u00f6glichkeiten mit unserem <strong data-start=\"223\" data-end=\"248\">benutzerdefinierte Flaschen\u00f6ffner<\/strong> \u2014 die perfekte Mischung aus Funktion und Werbung. Ideal f\u00fcr Bars, Events, Brauereien und Werbegeschenke. <strong data-start=\"362\" data-end=\"388\">Marken-Flaschen\u00f6ffner<\/strong> sind mit Ihrem Logo, Ihrer Nachricht oder Ihrem gravierten Design vollst\u00e4ndig anpassbar.<\/p>\n<p data-start=\"458\" data-end=\"744\">Ob Sie brauchen <strong data-start=\"475\" data-end=\"505\">benutzerdefinierte Bierflaschen\u00f6ffner<\/strong>, <strong data-start=\"507\" data-end=\"534\">Metall\u00f6ffner mit Logo<\/strong>, oder <strong data-start=\"539\" data-end=\"561\">gravierte Barwerkzeuge<\/strong>, wir bieten Ihnen eine gro\u00dfe Auswahl an Stilen, Materialien und Ausf\u00fchrungen. Von Taschenmodellen bis hin zu robusten Bar\u00f6ffnern \u2013 jedes St\u00fcck ist beeindruckend und langlebig.<\/p>\n<p data-start=\"746\" data-end=\"872\">Erh\u00e4ltlich in <strong data-start=\"759\" data-end=\"767\">Sch\u00fcttgut<\/strong>, mit niedrigen Mindestbestellmengen und schneller Lieferung sind diese \u00d6ffner ideal sowohl f\u00fcr Werbekampagnen als auch f\u00fcr den Einzelhandel.<\/p>\n<p data-start=\"874\" data-end=\"897\"><strong data-start=\"874\" data-end=\"897\">Produkt-Highlights:<\/strong><\/p>\n<ul data-start=\"898\" data-end=\"1314\">\n<li data-start=\"898\" data-end=\"973\">\n<p data-start=\"900\" data-end=\"973\">\u2705 Robuste Metallkonstruktion (Edelstahl, Aluminium oder Zinklegierung)<\/p>\n<\/li>\n<li data-start=\"974\" data-end=\"1044\">\n<p data-start=\"976\" data-end=\"1044\">\u2705 Individueller Druck oder Gravur \u2013 Ihr Logo, Markenname oder Ihre Botschaft<\/p>\n<\/li>\n<li data-start=\"1045\" data-end=\"1110\">\n<p data-start=\"1047\" data-end=\"1110\">\u2705 Kompakte oder gro\u00dfe Modelle f\u00fcr den Einsatz zu Hause, in der Bar oder unterwegs<\/p>\n<\/li>\n<li data-start=\"1111\" data-end=\"1170\">\n<p data-start=\"1113\" data-end=\"1170\">\u2705 Optionale Schl\u00fcsselanh\u00e4nger-, Magnet- oder Wandmontageversionen<\/p>\n<\/li>\n<li data-start=\"1171\" data-end=\"1235\">\n<p data-start=\"1173\" data-end=\"1235\">\u2705 Perfekt f\u00fcr Biermarken, Events, Restaurants oder Werbegeschenke<\/p>\n<\/li>\n<li data-start=\"1236\" data-end=\"1269\">\n<p data-start=\"1238\" data-end=\"1269\">\u2705 Niedrige Mindestbestellmenge ab 100 St\u00fcck<\/p>\n<\/li>\n<li data-start=\"1270\" data-end=\"1314\">\n<p data-start=\"1272\" data-end=\"1314\">\u2705 Direktpreise ab Werk und weltweiter Versand<\/p>\n<\/li>\n<\/ul>\n<p data-start=\"1316\" data-end=\"1342\"><strong data-start=\"1316\" data-end=\"1342\">Anpassungsoptionen:<\/strong><\/p>\n<ul data-start=\"1343\" data-end=\"1561\">\n<li data-start=\"1343\" data-end=\"1373\">\n<p data-start=\"1345\" data-end=\"1373\">Flaschen\u00f6ffner mit individuellem Logo<\/p>\n<\/li>\n<li data-start=\"1374\" data-end=\"1412\">\n<p data-start=\"1376\" data-end=\"1412\">Gravierte oder bedruckte Flaschen\u00f6ffner<\/p>\n<\/li>\n<li data-start=\"1413\" data-end=\"1457\">\n<p data-start=\"1415\" data-end=\"1457\">Werbe-Flaschen\u00f6ffner mit Schl\u00fcsselanh\u00e4nger<\/p>\n<\/li>\n<li data-start=\"1458\" data-end=\"1516\">\n<p data-start=\"1460\" data-end=\"1516\">Vollfarbige Markendesigns oder minimalistische Lasergravur<\/p>\n<\/li>\n<li data-start=\"1517\" data-end=\"1561\">\n<p data-start=\"1519\" data-end=\"1561\">Individuelle Bar\u00f6ffner f\u00fcr Veranstaltungen oder den Einsatz durch das Personal<\/p>\n<\/li>\n<\/ul>\n<hr data-start=\"1563\" data-end=\"1566\" \/>\n<p data-start=\"1568\" data-end=\"1656\"><strong data-start=\"1571\" data-end=\"1604\">Individuelle Flaschen\u00f6ffner in gro\u00dfen Mengen<\/strong> verf\u00fcgbar \u2013 passend zu Ihrem Branding und Budget.<\/p>\n<p data-start=\"1658\" data-end=\"1736\">\ufe0f <strong data-start=\"1662\" data-end=\"1692\">Service vom Design bis zur Lieferung<\/strong> \u2013 Von Ihrem Logo bis zum gebrauchsfertigen Produkt.<\/p>\n<p data-start=\"1738\" data-end=\"1825\"><strong data-start=\"1741\" data-end=\"1782\">Fordern Sie jetzt Ihr kostenloses Muster oder Angebot an<\/strong> und lassen Sie uns Ihren n\u00e4chsten Werbehit bauen!<\/p>","protected":false},"excerpt":{"rendered":"<p>Artikel-Nr.: Lu2001<\/p>","protected":false},"featured_media":26802,"template":"","meta":{"_kad_post_transparent":"default","_kad_post_title":"","_kad_post_layout":"default","_kad_post_sidebar_id":"","_kad_post_content_style":"default","_kad_post_vertical_padding":"default","_kad_post_feature":"","_kad_post_feature_position":"","_kad_post_header":false,"_kad_post_footer":false,"_kad_post_classname":""},"product_brand":[],"product_cat":[1801],"product_tag":[1803],"class_list":{"0":"post-26804","1":"product","2":"type-product","3":"status-publish","4":"has-post-thumbnail","6":"product_cat-custom-wine-opener","7":"product_tag-custom-wine-opener","9":"first","10":"instock","11":"shipping-taxable","12":"product-type-simple","13":"entry","14":"content-bg","15":"loop-entry"},"yoast_head":"<!-- This site is optimized with the Yoast SEO plugin v27.4 - https:\/\/yoast.com\/product\/yoast-seo-wordpress\/ -->\n<title>Portable Bottle Opener- Import Product Directly From Manufactur<\/title>\n<meta name=\"description\" content=\"Import Portable Bottle Opener from China Manufacturer, Good Product and Good Price Promotional items, Contact TonySourcing for Catalog today\" \/>\n<meta name=\"robots\" content=\"index, follow, max-snippet:-1, max-image-preview:large, max-video-preview:-1\" \/>\n<link rel=\"canonical\" href=\"https:\/\/tonysourcing.com\/de\/groshandel\/tragbarer-flaschenoffner\/\" \/>\n<meta property=\"og:locale\" content=\"de_DE\" \/>\n<meta property=\"og:type\" content=\"article\" \/>\n<meta property=\"og:title\" content=\"Portable Bottle Opener- Import Product Directly From Manufactur\" \/>\n<meta property=\"og:description\" content=\"Import Portable Bottle Opener from China Manufacturer, Good Product and Good Price Promotional items, Contact TonySourcing for Catalog today\" \/>\n<meta property=\"og:url\" content=\"https:\/\/tonysourcing.com\/de\/groshandel\/tragbarer-flaschenoffner\/\" \/>\n<meta property=\"og:site_name\" content=\"TonySourcing\" \/>\n<meta property=\"article:publisher\" content=\"https:\/\/www.facebook.com\/TonySourcing\" \/>\n<meta property=\"article:modified_time\" content=\"2025-07-15T03:39:02+00:00\" \/>\n<meta property=\"og:image\" content=\"https:\/\/tonysourcing.com\/wp-content\/uploads\/2025\/07\/Portable-bottle-opener.jpg\" \/>\n\t<meta property=\"og:image:width\" content=\"500\" \/>\n\t<meta property=\"og:image:height\" content=\"451\" \/>\n\t<meta property=\"og:image:type\" content=\"image\/jpeg\" \/>\n<meta name=\"twitter:card\" content=\"summary_large_image\" \/>\n<meta name=\"twitter:site\" content=\"@TonySourcing\" \/>\n<meta name=\"twitter:label1\" content=\"Gesch\u00e4tzte Lesezeit\" \/>\n\t<meta name=\"twitter:data1\" content=\"2\u00a0Minuten\" \/>\n<script type=\"application\/ld+json\" class=\"yoast-schema-graph\">{\"@context\":\"https:\\\/\\\/schema.org\",\"@graph\":[{\"@type\":\"WebPage\",\"@id\":\"https:\\\/\\\/tonysourcing.com\\\/wholesale\\\/portable-bottle-opener\\\/\",\"url\":\"https:\\\/\\\/tonysourcing.com\\\/wholesale\\\/portable-bottle-opener\\\/\",\"name\":\"Portable Bottle Opener- Import Product Directly From Manufactur\",\"isPartOf\":{\"@id\":\"https:\\\/\\\/tonysourcing.com\\\/#website\"},\"primaryImageOfPage\":{\"@id\":\"https:\\\/\\\/tonysourcing.com\\\/wholesale\\\/portable-bottle-opener\\\/#primaryimage\"},\"image\":{\"@id\":\"https:\\\/\\\/tonysourcing.com\\\/wholesale\\\/portable-bottle-opener\\\/#primaryimage\"},\"thumbnailUrl\":\"https:\\\/\\\/tonysourcing.com\\\/wp-content\\\/uploads\\\/2025\\\/07\\\/Portable-bottle-opener.jpg\",\"datePublished\":\"2025-07-15T03:38:04+00:00\",\"dateModified\":\"2025-07-15T03:39:02+00:00\",\"description\":\"Import Portable Bottle Opener from China Manufacturer, Good Product and Good Price Promotional items, Contact TonySourcing for Catalog today\",\"breadcrumb\":{\"@id\":\"https:\\\/\\\/tonysourcing.com\\\/wholesale\\\/portable-bottle-opener\\\/#breadcrumb\"},\"inLanguage\":\"de\",\"potentialAction\":[{\"@type\":\"ReadAction\",\"target\":[\"https:\\\/\\\/tonysourcing.com\\\/wholesale\\\/portable-bottle-opener\\\/\"]}]},{\"@type\":\"ImageObject\",\"inLanguage\":\"de\",\"@id\":\"https:\\\/\\\/tonysourcing.com\\\/wholesale\\\/portable-bottle-opener\\\/#primaryimage\",\"url\":\"https:\\\/\\\/tonysourcing.com\\\/wp-content\\\/uploads\\\/2025\\\/07\\\/Portable-bottle-opener.jpg\",\"contentUrl\":\"https:\\\/\\\/tonysourcing.com\\\/wp-content\\\/uploads\\\/2025\\\/07\\\/Portable-bottle-opener.jpg\",\"width\":500,\"height\":451,\"caption\":\"Portable Bottle Opener\"},{\"@type\":\"BreadcrumbList\",\"@id\":\"https:\\\/\\\/tonysourcing.com\\\/wholesale\\\/portable-bottle-opener\\\/#breadcrumb\",\"itemListElement\":[{\"@type\":\"ListItem\",\"position\":1,\"name\":\"Home\",\"item\":\"https:\\\/\\\/tonysourcing.com\\\/\"},{\"@type\":\"ListItem\",\"position\":2,\"name\":\"Wholesale\",\"item\":\"https:\\\/\\\/tonysourcing.com\\\/wholesale\\\/\"},{\"@type\":\"ListItem\",\"position\":3,\"name\":\"Portable Bottle Opener\"}]},{\"@type\":\"WebSite\",\"@id\":\"https:\\\/\\\/tonysourcing.com\\\/#website\",\"url\":\"https:\\\/\\\/tonysourcing.com\\\/\",\"name\":\"TonySourcing\",\"description\":\"Toys Wholesale Distributor &amp; China Promition Items\",\"publisher\":{\"@id\":\"https:\\\/\\\/tonysourcing.com\\\/#organization\"},\"potentialAction\":[{\"@type\":\"SearchAction\",\"target\":{\"@type\":\"EntryPoint\",\"urlTemplate\":\"https:\\\/\\\/tonysourcing.com\\\/?s={search_term_string}\"},\"query-input\":{\"@type\":\"PropertyValueSpecification\",\"valueRequired\":true,\"valueName\":\"search_term_string\"}}],\"inLanguage\":\"de\"},{\"@type\":\"Organization\",\"@id\":\"https:\\\/\\\/tonysourcing.com\\\/#organization\",\"name\":\"Yiwu Zongge\",\"url\":\"https:\\\/\\\/tonysourcing.com\\\/\",\"logo\":{\"@type\":\"ImageObject\",\"inLanguage\":\"de\",\"@id\":\"https:\\\/\\\/tonysourcing.com\\\/#\\\/schema\\\/logo\\\/image\\\/\",\"url\":\"https:\\\/\\\/tonysourcing.com\\\/wp-content\\\/uploads\\\/2021\\\/07\\\/cropped-TonySourcing-logo-1.png\",\"contentUrl\":\"https:\\\/\\\/tonysourcing.com\\\/wp-content\\\/uploads\\\/2021\\\/07\\\/cropped-TonySourcing-logo-1.png\",\"width\":300,\"height\":92,\"caption\":\"Yiwu Zongge\"},\"image\":{\"@id\":\"https:\\\/\\\/tonysourcing.com\\\/#\\\/schema\\\/logo\\\/image\\\/\"},\"sameAs\":[\"https:\\\/\\\/www.facebook.com\\\/TonySourcing\",\"https:\\\/\\\/x.com\\\/TonySourcing\",\"https:\\\/\\\/www.instagram.com\\\/tony_sourcing\\\/\",\"http:\\\/\\\/www.linkedin.com\\\/in\\\/tonychen88\",\"https:\\\/\\\/www.youtube.com\\\/channel\\\/UCZfST1M-NDoqjQ3dB-Tzszg\"]}]}<\/script>\n<!-- \/ Yoast SEO plugin. -->","yoast_head_json":{"title":"Tragbarer Flaschen\u00f6ffner \u2013 Produkt direkt vom Hersteller importieren","description":"Importieren Sie tragbare Flaschen\u00f6ffner von einem chinesischen Hersteller. Gutes Produkt und Werbeartikel zu einem guten Preis. Kontaktieren Sie TonySourcing noch heute f\u00fcr den Katalog.","robots":{"index":"index","follow":"follow","max-snippet":"max-snippet:-1","max-image-preview":"max-image-preview:large","max-video-preview":"max-video-preview:-1"},"canonical":"https:\/\/tonysourcing.com\/de\/groshandel\/tragbarer-flaschenoffner\/","og_locale":"de_DE","og_type":"article","og_title":"Portable Bottle Opener- Import Product Directly From Manufactur","og_description":"Import Portable Bottle Opener from China Manufacturer, Good Product and Good Price Promotional items, Contact TonySourcing for Catalog today","og_url":"https:\/\/tonysourcing.com\/de\/groshandel\/tragbarer-flaschenoffner\/","og_site_name":"TonySourcing","article_publisher":"https:\/\/www.facebook.com\/TonySourcing","article_modified_time":"2025-07-15T03:39:02+00:00","og_image":[{"width":500,"height":451,"url":"https:\/\/tonysourcing.com\/wp-content\/uploads\/2025\/07\/Portable-bottle-opener.jpg","type":"image\/jpeg"}],"twitter_card":"summary_large_image","twitter_site":"@TonySourcing","twitter_misc":{"Gesch\u00e4tzte Lesezeit":"2\u00a0Minuten"},"schema":{"@context":"https:\/\/schema.org","@graph":[{"@type":"WebPage","@id":"https:\/\/tonysourcing.com\/wholesale\/portable-bottle-opener\/","url":"https:\/\/tonysourcing.com\/wholesale\/portable-bottle-opener\/","name":"Tragbarer Flaschen\u00f6ffner \u2013 Produkt direkt vom Hersteller importieren","isPartOf":{"@id":"https:\/\/tonysourcing.com\/#website"},"primaryImageOfPage":{"@id":"https:\/\/tonysourcing.com\/wholesale\/portable-bottle-opener\/#primaryimage"},"image":{"@id":"https:\/\/tonysourcing.com\/wholesale\/portable-bottle-opener\/#primaryimage"},"thumbnailUrl":"https:\/\/tonysourcing.com\/wp-content\/uploads\/2025\/07\/Portable-bottle-opener.jpg","datePublished":"2025-07-15T03:38:04+00:00","dateModified":"2025-07-15T03:39:02+00:00","description":"Importieren Sie tragbare Flaschen\u00f6ffner von einem chinesischen Hersteller. Gutes Produkt und Werbeartikel zu einem guten Preis. Kontaktieren Sie TonySourcing noch heute f\u00fcr den Katalog.","breadcrumb":{"@id":"https:\/\/tonysourcing.com\/wholesale\/portable-bottle-opener\/#breadcrumb"},"inLanguage":"de","potentialAction":[{"@type":"ReadAction","target":["https:\/\/tonysourcing.com\/wholesale\/portable-bottle-opener\/"]}]},{"@type":"ImageObject","inLanguage":"de","@id":"https:\/\/tonysourcing.com\/wholesale\/portable-bottle-opener\/#primaryimage","url":"https:\/\/tonysourcing.com\/wp-content\/uploads\/2025\/07\/Portable-bottle-opener.jpg","contentUrl":"https:\/\/tonysourcing.com\/wp-content\/uploads\/2025\/07\/Portable-bottle-opener.jpg","width":500,"height":451,"caption":"Portable Bottle Opener"},{"@type":"BreadcrumbList","@id":"https:\/\/tonysourcing.com\/wholesale\/portable-bottle-opener\/#breadcrumb","itemListElement":[{"@type":"ListItem","position":1,"name":"Home","item":"https:\/\/tonysourcing.com\/"},{"@type":"ListItem","position":2,"name":"Wholesale","item":"https:\/\/tonysourcing.com\/wholesale\/"},{"@type":"ListItem","position":3,"name":"Portable Bottle Opener"}]},{"@type":"WebSite","@id":"https:\/\/tonysourcing.com\/#website","url":"https:\/\/tonysourcing.com\/","name":"TonySourcing","description":"Spielzeuggro\u00dfh\u00e4ndler und Werbeartikel aus China","publisher":{"@id":"https:\/\/tonysourcing.com\/#organization"},"potentialAction":[{"@type":"SearchAction","target":{"@type":"EntryPoint","urlTemplate":"https:\/\/tonysourcing.com\/?s={search_term_string}"},"query-input":{"@type":"PropertyValueSpecification","valueRequired":true,"valueName":"search_term_string"}}],"inLanguage":"de"},{"@type":"Organization","@id":"https:\/\/tonysourcing.com\/#organization","name":"Yiwu Zongge","url":"https:\/\/tonysourcing.com\/","logo":{"@type":"ImageObject","inLanguage":"de","@id":"https:\/\/tonysourcing.com\/#\/schema\/logo\/image\/","url":"https:\/\/tonysourcing.com\/wp-content\/uploads\/2021\/07\/cropped-TonySourcing-logo-1.png","contentUrl":"https:\/\/tonysourcing.com\/wp-content\/uploads\/2021\/07\/cropped-TonySourcing-logo-1.png","width":300,"height":92,"caption":"Yiwu Zongge"},"image":{"@id":"https:\/\/tonysourcing.com\/#\/schema\/logo\/image\/"},"sameAs":["https:\/\/www.facebook.com\/TonySourcing","https:\/\/x.com\/TonySourcing","https:\/\/www.instagram.com\/tony_sourcing\/","http:\/\/www.linkedin.com\/in\/tonychen88","https:\/\/www.youtube.com\/channel\/UCZfST1M-NDoqjQ3dB-Tzszg"]}]}},"_links":{"self":[{"href":"https:\/\/tonysourcing.com\/de\/wp-json\/wp\/v2\/product\/26804","targetHints":{"allow":["GET"]}}],"collection":[{"href":"https:\/\/tonysourcing.com\/de\/wp-json\/wp\/v2\/product"}],"about":[{"href":"https:\/\/tonysourcing.com\/de\/wp-json\/wp\/v2\/types\/product"}],"version-history":[{"count":1,"href":"https:\/\/tonysourcing.com\/de\/wp-json\/wp\/v2\/product\/26804\/revisions"}],"predecessor-version":[{"id":26805,"href":"https:\/\/tonysourcing.com\/de\/wp-json\/wp\/v2\/product\/26804\/revisions\/26805"}],"wp:featuredmedia":[{"embeddable":true,"href":"https:\/\/tonysourcing.com\/de\/wp-json\/wp\/v2\/media\/26802"}],"wp:attachment":[{"href":"https:\/\/tonysourcing.com\/de\/wp-json\/wp\/v2\/media?parent=26804"}],"wp:term":[{"taxonomy":"product_brand","embeddable":true,"href":"https:\/\/tonysourcing.com\/de\/wp-json\/wp\/v2\/product_brand?post=26804"},{"taxonomy":"product_cat","embeddable":true,"href":"https:\/\/tonysourcing.com\/de\/wp-json\/wp\/v2\/product_cat?post=26804"},{"taxonomy":"product_tag","embeddable":true,"href":"https:\/\/tonysourcing.com\/de\/wp-json\/wp\/v2\/product_tag?post=26804"}],"curies":[{"name":"wp","href":"https:\/\/api.w.org\/{rel}","templated":true}]}}