{"id":6642,"date":"2020-08-25T04:22:20","date_gmt":"2020-08-25T04:22:20","guid":{"rendered":"https:\/\/tonysourcing.com\/?post_type=product&#038;p=6642"},"modified":"2020-09-08T10:26:29","modified_gmt":"2020-09-08T10:26:29","slug":"holzspielzeug-fur-kleinkinder","status":"publish","type":"product","link":"https:\/\/tonysourcing.com\/de\/wholesale\/toddlers-wooden-toys\/","title":{"rendered":"Holzspielzeug f\u00fcr Kleinkinder"},"content":{"rendered":"<ul class=\"a-unordered-list a-vertical a-spacing-mini\">\n<li><span class=\"a-list-item\">Sicheres Material und hervorragende Qualit\u00e4t: Unser Holzperlen-Labyrinth f\u00fcr M\u00e4dchen und Jungen ab 3 Jahren besteht aus Naturholz mit ungiftiger Farbe auf Wasserbasis. Stabile Holzkonstruktion mit glatten Kanten. Gepr\u00fcft nach ASTM-Sicherheitsstandards. Kein Zusammenbau erforderlich, keine Teile fallen heraus. Die ideale Gr\u00f6\u00dfe f\u00fcr Tisch- oder Bodenspiele sorgt f\u00fcr stundenlangen Spielspa\u00df allein oder mit den Eltern.<\/span><\/li>\n<li><span class=\"a-list-item\">Klassisches Perlenlabyrinth-Spielzeug: Die Achterbahn mit starkem Saugnapf wurde entwickelt, um die F\u00e4higkeiten von Kindern auf m\u00f6glichst sichere Weise zu f\u00f6rdern. Die farbenfrohen Formen dieses Sets sind tierisch gestaltet, wie Schmetterling, Libelle und Biene. Die meisten Perlen lassen sich sehr leicht durch das Labyrinth bewegen.&nbsp;<\/span><\/li>\n<li><span class=\"a-list-item\">Besch\u00e4ftigt Kinder stundenlang: Kinder k\u00f6nnen das Perlenlabyrinth-Spielzeug herumtragen und stundenlang damit spielen, w\u00e4hrend die Eltern mit anderen Dingen besch\u00e4ftigt sind. 3 Perlenspuren und 2 Reihen Schiebeperlen an der Unterseite, die Perlen entlang der Dr\u00e4hte schieben, helfen Kindern, Wege und Ged\u00e4chtnis zu lernen, ideal f\u00fcr zu Hause, im Kindergarten und in der Arztpraxis<\/span><\/li>\n<li><span class=\"a-list-item\">Lernspielzeug f\u00fcr Kleinkinder: Eltern k\u00f6nnen mit ihren Kindern spielen. F\u00f6rdert ihre Gef\u00fchle. F\u00f6rdert sensorische F\u00e4higkeiten, Feinmotorik, Hand-Auge-Koordination, das Erlernen grundlegender Mathematik und stimuliert das Gehirn des Babys sowie die Unterscheidung von Formen und Farben.<\/span><\/li>\n<li><span class=\"a-list-item\">Tolles Geschenk f\u00fcr Ihre Kinder: Das Spielen mit Ihrem Kind ist eine gro\u00dfartige Interaktion zwischen Eltern und Kindern und sehr hilfreich f\u00fcr das Wachstum der Kinder. Bestes Geschenk f\u00fcr Feiertage, Geburtstage oder Feste (Kindertag, Weihnachten, Halloween, Erntedankfest und Neujahr).<\/span><\/li>\n<li>Hochwertiges Holzspielzeug f\u00fcr Kleinkinder<\/li>\n<\/ul>\n<p>&nbsp;<\/p>\n<p><img fetchpriority=\"high\" decoding=\"async\" class=\"aligncenter size-full wp-image-6694\" src=\"http:\/\/tonysourcing.com\/wp-content\/uploads\/2020\/09\/wooden-toys-catalog.jpg\" alt=\"Holzspielzeugkatalog\" width=\"1017\" height=\"392\" srcset=\"https:\/\/tonysourcing.com\/wp-content\/uploads\/2020\/09\/wooden-toys-catalog.jpg 1017w, https:\/\/tonysourcing.com\/wp-content\/uploads\/2020\/09\/wooden-toys-catalog-600x231.jpg 600w, https:\/\/tonysourcing.com\/wp-content\/uploads\/2020\/09\/wooden-toys-catalog-300x116.jpg 300w, https:\/\/tonysourcing.com\/wp-content\/uploads\/2020\/09\/wooden-toys-catalog-800x308.jpg 800w, https:\/\/tonysourcing.com\/wp-content\/uploads\/2020\/09\/wooden-toys-catalog-768x296.jpg 768w, https:\/\/tonysourcing.com\/wp-content\/uploads\/2020\/09\/wooden-toys-catalog-200x77.jpg 200w, https:\/\/tonysourcing.com\/wp-content\/uploads\/2020\/09\/wooden-toys-catalog-400x154.jpg 400w\" sizes=\"(max-width: 1017px) 100vw, 1017px\" \/><\/p>","protected":false},"excerpt":{"rendered":"<table width=\"334\">\n<tbody>\n<tr>\n<td width=\"110\">Artikelnummer:<\/td>\n<td width=\"224\">ME-002<\/td>\n<\/tr>\n<tr>\n<td>Produktgr\u00f6\u00dfe:<\/td>\n<td>18*12,5*16 cm<\/td>\n<\/tr>\n<tr>\n<td>Verpackung:<\/td>\n<td>Farbfeld<\/td>\n<\/tr>\n<tr>\n<td>Menge\/Karton:<\/td>\n<td>60<\/td>\n<\/tr>\n<tr>\n<td>CTN-Volumen:<\/td>\n<td>64,5 * 56,5 * 66 cm<\/td>\n<\/tr>\n<tr>\n<td>GW.NW:<\/td>\n<td>22\/21 kg<\/td>\n<\/tr>\n<\/tbody>\n<\/table>","protected":false},"featured_media":6644,"template":"","meta":{"_kad_post_transparent":"","_kad_post_title":"","_kad_post_layout":"","_kad_post_sidebar_id":"","_kad_post_content_style":"","_kad_post_vertical_padding":"","_kad_post_feature":"","_kad_post_feature_position":"","_kad_post_header":false,"_kad_post_footer":false,"_kad_post_classname":""},"product_brand":[],"product_cat":[554],"product_tag":[557],"class_list":{"0":"post-6642","1":"product","2":"type-product","3":"status-publish","4":"has-post-thumbnail","6":"product_cat-wooden-toys","7":"product_tag-toddlers-wooden-toys","9":"first","10":"instock","11":"shipping-taxable","12":"product-type-simple","13":"entry","14":"content-bg","15":"loop-entry"},"yoast_head":"<!-- This site is optimized with the Yoast SEO plugin v27.5 - https:\/\/yoast.com\/product\/yoast-seo-wordpress\/ -->\n<title>Wholesale Toddlers Wooden Toys - Import Direcly from China Factory<\/title>\n<meta name=\"description\" content=\"China Toddlers Wooden Toys Factory Wholesale, Get Wooden Toys Catalog to FREE Download, Contact TonySourcing Today.\" \/>\n<meta name=\"robots\" content=\"index, follow, max-snippet:-1, max-image-preview:large, max-video-preview:-1\" \/>\n<link rel=\"canonical\" href=\"https:\/\/tonysourcing.com\/de\/groshandel\/holzspielzeug-fur-kleinkinder\/\" \/>\n<meta property=\"og:locale\" content=\"de_DE\" \/>\n<meta property=\"og:type\" content=\"article\" \/>\n<meta property=\"og:title\" content=\"Wholesale Toddlers Wooden Toys - Import Direcly from China Factory\" \/>\n<meta property=\"og:description\" content=\"China Toddlers Wooden Toys Factory Wholesale, Get Wooden Toys Catalog to FREE Download, Contact TonySourcing Today.\" \/>\n<meta property=\"og:url\" content=\"https:\/\/tonysourcing.com\/de\/groshandel\/holzspielzeug-fur-kleinkinder\/\" \/>\n<meta property=\"og:site_name\" content=\"TonySourcing\" \/>\n<meta property=\"article:publisher\" content=\"https:\/\/www.facebook.com\/TonySourcing\" \/>\n<meta property=\"article:modified_time\" content=\"2020-09-08T10:26:29+00:00\" \/>\n<meta property=\"og:image\" content=\"https:\/\/tonysourcing.com\/wp-content\/uploads\/2020\/08\/Toddlers-First-Bead-Maze-Roller-Coaster-wooden-Toys.png\" \/>\n\t<meta property=\"og:image:width\" content=\"445\" \/>\n\t<meta property=\"og:image:height\" content=\"462\" \/>\n\t<meta property=\"og:image:type\" content=\"image\/png\" \/>\n<meta name=\"twitter:card\" content=\"summary_large_image\" \/>\n<meta name=\"twitter:site\" content=\"@TonySourcing\" \/>\n<meta name=\"twitter:label1\" content=\"Gesch\u00e4tzte Lesezeit\" \/>\n\t<meta name=\"twitter:data1\" content=\"1\u00a0Minute\" \/>\n<script type=\"application\/ld+json\" class=\"yoast-schema-graph\">{\"@context\":\"https:\\\/\\\/schema.org\",\"@graph\":[{\"@type\":\"WebPage\",\"@id\":\"https:\\\/\\\/tonysourcing.com\\\/wholesale\\\/toddlers-wooden-toys\\\/\",\"url\":\"https:\\\/\\\/tonysourcing.com\\\/wholesale\\\/toddlers-wooden-toys\\\/\",\"name\":\"Wholesale Toddlers Wooden Toys - Import Direcly from China Factory\",\"isPartOf\":{\"@id\":\"https:\\\/\\\/tonysourcing.com\\\/#website\"},\"primaryImageOfPage\":{\"@id\":\"https:\\\/\\\/tonysourcing.com\\\/wholesale\\\/toddlers-wooden-toys\\\/#primaryimage\"},\"image\":{\"@id\":\"https:\\\/\\\/tonysourcing.com\\\/wholesale\\\/toddlers-wooden-toys\\\/#primaryimage\"},\"thumbnailUrl\":\"https:\\\/\\\/tonysourcing.com\\\/wp-content\\\/uploads\\\/2020\\\/08\\\/Toddlers-First-Bead-Maze-Roller-Coaster-wooden-Toys.png\",\"datePublished\":\"2020-08-25T04:22:20+00:00\",\"dateModified\":\"2020-09-08T10:26:29+00:00\",\"description\":\"China Toddlers Wooden Toys Factory Wholesale, Get Wooden Toys Catalog to FREE Download, Contact TonySourcing Today.\",\"breadcrumb\":{\"@id\":\"https:\\\/\\\/tonysourcing.com\\\/wholesale\\\/toddlers-wooden-toys\\\/#breadcrumb\"},\"inLanguage\":\"de\",\"potentialAction\":[{\"@type\":\"ReadAction\",\"target\":[\"https:\\\/\\\/tonysourcing.com\\\/wholesale\\\/toddlers-wooden-toys\\\/\"]}]},{\"@type\":\"ImageObject\",\"inLanguage\":\"de\",\"@id\":\"https:\\\/\\\/tonysourcing.com\\\/wholesale\\\/toddlers-wooden-toys\\\/#primaryimage\",\"url\":\"https:\\\/\\\/tonysourcing.com\\\/wp-content\\\/uploads\\\/2020\\\/08\\\/Toddlers-First-Bead-Maze-Roller-Coaster-wooden-Toys.png\",\"contentUrl\":\"https:\\\/\\\/tonysourcing.com\\\/wp-content\\\/uploads\\\/2020\\\/08\\\/Toddlers-First-Bead-Maze-Roller-Coaster-wooden-Toys.png\",\"width\":445,\"height\":462,\"caption\":\"Toddlers First Bead Maze Roller Coaster wooden Toys\"},{\"@type\":\"BreadcrumbList\",\"@id\":\"https:\\\/\\\/tonysourcing.com\\\/wholesale\\\/toddlers-wooden-toys\\\/#breadcrumb\",\"itemListElement\":[{\"@type\":\"ListItem\",\"position\":1,\"name\":\"Home\",\"item\":\"https:\\\/\\\/tonysourcing.com\\\/\"},{\"@type\":\"ListItem\",\"position\":2,\"name\":\"Wholesale\",\"item\":\"https:\\\/\\\/tonysourcing.com\\\/wholesale\\\/\"},{\"@type\":\"ListItem\",\"position\":3,\"name\":\"Toddlers Wooden Toys\"}]},{\"@type\":\"WebSite\",\"@id\":\"https:\\\/\\\/tonysourcing.com\\\/#website\",\"url\":\"https:\\\/\\\/tonysourcing.com\\\/\",\"name\":\"TonySourcing\",\"description\":\"Toys Wholesale Distributor &amp; China Promition Items\",\"publisher\":{\"@id\":\"https:\\\/\\\/tonysourcing.com\\\/#organization\"},\"potentialAction\":[{\"@type\":\"SearchAction\",\"target\":{\"@type\":\"EntryPoint\",\"urlTemplate\":\"https:\\\/\\\/tonysourcing.com\\\/?s={search_term_string}\"},\"query-input\":{\"@type\":\"PropertyValueSpecification\",\"valueRequired\":true,\"valueName\":\"search_term_string\"}}],\"inLanguage\":\"de\"},{\"@type\":\"Organization\",\"@id\":\"https:\\\/\\\/tonysourcing.com\\\/#organization\",\"name\":\"Yiwu Zongge\",\"url\":\"https:\\\/\\\/tonysourcing.com\\\/\",\"logo\":{\"@type\":\"ImageObject\",\"inLanguage\":\"de\",\"@id\":\"https:\\\/\\\/tonysourcing.com\\\/#\\\/schema\\\/logo\\\/image\\\/\",\"url\":\"https:\\\/\\\/tonysourcing.com\\\/wp-content\\\/uploads\\\/2021\\\/07\\\/cropped-TonySourcing-logo-1.png\",\"contentUrl\":\"https:\\\/\\\/tonysourcing.com\\\/wp-content\\\/uploads\\\/2021\\\/07\\\/cropped-TonySourcing-logo-1.png\",\"width\":300,\"height\":92,\"caption\":\"Yiwu Zongge\"},\"image\":{\"@id\":\"https:\\\/\\\/tonysourcing.com\\\/#\\\/schema\\\/logo\\\/image\\\/\"},\"sameAs\":[\"https:\\\/\\\/www.facebook.com\\\/TonySourcing\",\"https:\\\/\\\/x.com\\\/TonySourcing\",\"https:\\\/\\\/www.instagram.com\\\/tony_sourcing\\\/\",\"http:\\\/\\\/www.linkedin.com\\\/in\\\/tonychen88\",\"https:\\\/\\\/www.youtube.com\\\/channel\\\/UCZfST1M-NDoqjQ3dB-Tzszg\"]}]}<\/script>\n<!-- \/ Yoast SEO plugin. -->","yoast_head_json":{"title":"Gro\u00dfhandel f\u00fcr Holzspielzeug f\u00fcr Kleinkinder \u2013 Direktimport aus der chinesischen Fabrik","description":"Gro\u00dfhandel mit Holzspielzeugfabriken f\u00fcr Kleinkinder in China. Holen Sie sich den Holzspielzeugkatalog zum KOSTENLOSEN Download. Kontaktieren Sie TonySourcing noch heute.","robots":{"index":"index","follow":"follow","max-snippet":"max-snippet:-1","max-image-preview":"max-image-preview:large","max-video-preview":"max-video-preview:-1"},"canonical":"https:\/\/tonysourcing.com\/de\/groshandel\/holzspielzeug-fur-kleinkinder\/","og_locale":"de_DE","og_type":"article","og_title":"Wholesale Toddlers Wooden Toys - Import Direcly from China Factory","og_description":"China Toddlers Wooden Toys Factory Wholesale, Get Wooden Toys Catalog to FREE Download, Contact TonySourcing Today.","og_url":"https:\/\/tonysourcing.com\/de\/groshandel\/holzspielzeug-fur-kleinkinder\/","og_site_name":"TonySourcing","article_publisher":"https:\/\/www.facebook.com\/TonySourcing","article_modified_time":"2020-09-08T10:26:29+00:00","og_image":[{"width":445,"height":462,"url":"https:\/\/tonysourcing.com\/wp-content\/uploads\/2020\/08\/Toddlers-First-Bead-Maze-Roller-Coaster-wooden-Toys.png","type":"image\/png"}],"twitter_card":"summary_large_image","twitter_site":"@TonySourcing","twitter_misc":{"Gesch\u00e4tzte Lesezeit":"1\u00a0Minute"},"schema":{"@context":"https:\/\/schema.org","@graph":[{"@type":"WebPage","@id":"https:\/\/tonysourcing.com\/wholesale\/toddlers-wooden-toys\/","url":"https:\/\/tonysourcing.com\/wholesale\/toddlers-wooden-toys\/","name":"Gro\u00dfhandel f\u00fcr Holzspielzeug f\u00fcr Kleinkinder \u2013 Direktimport aus der chinesischen Fabrik","isPartOf":{"@id":"https:\/\/tonysourcing.com\/#website"},"primaryImageOfPage":{"@id":"https:\/\/tonysourcing.com\/wholesale\/toddlers-wooden-toys\/#primaryimage"},"image":{"@id":"https:\/\/tonysourcing.com\/wholesale\/toddlers-wooden-toys\/#primaryimage"},"thumbnailUrl":"https:\/\/tonysourcing.com\/wp-content\/uploads\/2020\/08\/Toddlers-First-Bead-Maze-Roller-Coaster-wooden-Toys.png","datePublished":"2020-08-25T04:22:20+00:00","dateModified":"2020-09-08T10:26:29+00:00","description":"Gro\u00dfhandel mit Holzspielzeugfabriken f\u00fcr Kleinkinder in China. Holen Sie sich den Holzspielzeugkatalog zum KOSTENLOSEN Download. Kontaktieren Sie TonySourcing noch heute.","breadcrumb":{"@id":"https:\/\/tonysourcing.com\/wholesale\/toddlers-wooden-toys\/#breadcrumb"},"inLanguage":"de","potentialAction":[{"@type":"ReadAction","target":["https:\/\/tonysourcing.com\/wholesale\/toddlers-wooden-toys\/"]}]},{"@type":"ImageObject","inLanguage":"de","@id":"https:\/\/tonysourcing.com\/wholesale\/toddlers-wooden-toys\/#primaryimage","url":"https:\/\/tonysourcing.com\/wp-content\/uploads\/2020\/08\/Toddlers-First-Bead-Maze-Roller-Coaster-wooden-Toys.png","contentUrl":"https:\/\/tonysourcing.com\/wp-content\/uploads\/2020\/08\/Toddlers-First-Bead-Maze-Roller-Coaster-wooden-Toys.png","width":445,"height":462,"caption":"Toddlers First Bead Maze Roller Coaster wooden Toys"},{"@type":"BreadcrumbList","@id":"https:\/\/tonysourcing.com\/wholesale\/toddlers-wooden-toys\/#breadcrumb","itemListElement":[{"@type":"ListItem","position":1,"name":"Home","item":"https:\/\/tonysourcing.com\/"},{"@type":"ListItem","position":2,"name":"Wholesale","item":"https:\/\/tonysourcing.com\/wholesale\/"},{"@type":"ListItem","position":3,"name":"Toddlers Wooden Toys"}]},{"@type":"WebSite","@id":"https:\/\/tonysourcing.com\/#website","url":"https:\/\/tonysourcing.com\/","name":"TonySourcing","description":"Spielzeuggro\u00dfh\u00e4ndler und Werbeartikel aus China","publisher":{"@id":"https:\/\/tonysourcing.com\/#organization"},"potentialAction":[{"@type":"SearchAction","target":{"@type":"EntryPoint","urlTemplate":"https:\/\/tonysourcing.com\/?s={search_term_string}"},"query-input":{"@type":"PropertyValueSpecification","valueRequired":true,"valueName":"search_term_string"}}],"inLanguage":"de"},{"@type":"Organization","@id":"https:\/\/tonysourcing.com\/#organization","name":"Yiwu Zongge","url":"https:\/\/tonysourcing.com\/","logo":{"@type":"ImageObject","inLanguage":"de","@id":"https:\/\/tonysourcing.com\/#\/schema\/logo\/image\/","url":"https:\/\/tonysourcing.com\/wp-content\/uploads\/2021\/07\/cropped-TonySourcing-logo-1.png","contentUrl":"https:\/\/tonysourcing.com\/wp-content\/uploads\/2021\/07\/cropped-TonySourcing-logo-1.png","width":300,"height":92,"caption":"Yiwu Zongge"},"image":{"@id":"https:\/\/tonysourcing.com\/#\/schema\/logo\/image\/"},"sameAs":["https:\/\/www.facebook.com\/TonySourcing","https:\/\/x.com\/TonySourcing","https:\/\/www.instagram.com\/tony_sourcing\/","http:\/\/www.linkedin.com\/in\/tonychen88","https:\/\/www.youtube.com\/channel\/UCZfST1M-NDoqjQ3dB-Tzszg"]}]}},"_links":{"self":[{"href":"https:\/\/tonysourcing.com\/de\/wp-json\/wp\/v2\/product\/6642","targetHints":{"allow":["GET"]}}],"collection":[{"href":"https:\/\/tonysourcing.com\/de\/wp-json\/wp\/v2\/product"}],"about":[{"href":"https:\/\/tonysourcing.com\/de\/wp-json\/wp\/v2\/types\/product"}],"version-history":[{"count":4,"href":"https:\/\/tonysourcing.com\/de\/wp-json\/wp\/v2\/product\/6642\/revisions"}],"predecessor-version":[{"id":6742,"href":"https:\/\/tonysourcing.com\/de\/wp-json\/wp\/v2\/product\/6642\/revisions\/6742"}],"wp:featuredmedia":[{"embeddable":true,"href":"https:\/\/tonysourcing.com\/de\/wp-json\/wp\/v2\/media\/6644"}],"wp:attachment":[{"href":"https:\/\/tonysourcing.com\/de\/wp-json\/wp\/v2\/media?parent=6642"}],"wp:term":[{"taxonomy":"product_brand","embeddable":true,"href":"https:\/\/tonysourcing.com\/de\/wp-json\/wp\/v2\/product_brand?post=6642"},{"taxonomy":"product_cat","embeddable":true,"href":"https:\/\/tonysourcing.com\/de\/wp-json\/wp\/v2\/product_cat?post=6642"},{"taxonomy":"product_tag","embeddable":true,"href":"https:\/\/tonysourcing.com\/de\/wp-json\/wp\/v2\/product_tag?post=6642"}],"curies":[{"name":"wp","href":"https:\/\/api.w.org\/{rel}","templated":true}]}}