{"id":6665,"date":"2020-08-25T09:03:17","date_gmt":"2020-08-25T09:03:17","guid":{"rendered":"https:\/\/tonysourcing.com\/?post_type=product&#038;p=6665"},"modified":"2020-09-08T10:24:23","modified_gmt":"2020-09-08T10:24:23","slug":"drahtperlen-labyrinth-spielzeug-2","status":"publish","type":"product","link":"https:\/\/tonysourcing.com\/de\/wholesale\/wire-bead-maze-toys-2\/","title":{"rendered":"Drahtperlen-Labyrinth-Spielzeug"},"content":{"rendered":"<p>Das Holzperlenlabyrinth besteht aus Naturholz und Metall. Das Metall ist fest mit dem Holz verbunden und l\u00e4sst sich nicht so leicht l\u00f6sen. Das farbenfrohe Perlenlabyrinth-Aktivit\u00e4tszentrum zeigt niedliche Insekten wie Bienen, Schmetterlinge, Libellen und Schnecken. Kinder verlieben sich auf den ersten Blick in dieses tolle Labyrinth-Spielzeug. Die Unterseite des Spielzeugs ist mit zwei Reihen gerader Perlenbahnen versehen. Viele Holzperlenlabyrinthe verf\u00fcgen nicht \u00fcber diese Funktion. Spielen Sie es als Abakus. Auch f\u00fcr Kinder mit besonderen Bed\u00fcrfnissen eine gute Lernaktivit\u00e4t! Ein tolles Geschenk f\u00fcr 1-j\u00e4hrige Jungen und M\u00e4dchen.<\/p>\n<p>Lernen durch Spa\u00df<br \/>\nUnser tolles Perlenlabyrinth ist ein Muss f\u00fcr Kleinkinder. Das multifunktionale Aktivit\u00e4tszentrum bietet Ihrem Baby ein hervorragendes Unterhaltungserlebnis. Tolles Lernspielzeug, das Kindern hilft, die Hand-Augen-Koordination, Tiere, Form- und Farbunterscheidung sowie die Feinmotorik zu entwickeln. Ideales Geschenk f\u00fcr Feiertage, Geburtstage oder Feste (Kindertag, Weihnachten, Halloween, Erntedankfest und Neujahr).<\/p>\n<p>Holzlabyrinthspielzeug f\u00fcr 1-j\u00e4hrige Jungen und M\u00e4dchen<br \/>\nDieses Achterbahn-Spielzeug eignet sich hervorragend als lehrreiches Geschenk zu Ostern oder zum Geburtstag, um den Geist von Kindern herauszufordern. Kinder k\u00f6nnen viel Zeit mit diesem Holzperlenlabyrinth verbringen. Wir ermutigen Eltern, mit ihren Kindern zu spielen, was eine hervorragende Gelegenheit ist, die Eltern-Kind-Kommunikation zu verbessern. Passende Gr\u00f6\u00dfe f\u00fcr kleine H\u00e4nde, ideal f\u00fcr Arztpraxen, Klassenzimmer und Heimunterricht.<\/p>\n<p><img fetchpriority=\"high\" decoding=\"async\" class=\"aligncenter size-full wp-image-6694\" src=\"http:\/\/tonysourcing.com\/wp-content\/uploads\/2020\/09\/wooden-toys-catalog.jpg\" alt=\"Holzspielzeugkatalog\" width=\"1017\" height=\"392\" srcset=\"https:\/\/tonysourcing.com\/wp-content\/uploads\/2020\/09\/wooden-toys-catalog.jpg 1017w, https:\/\/tonysourcing.com\/wp-content\/uploads\/2020\/09\/wooden-toys-catalog-600x231.jpg 600w, https:\/\/tonysourcing.com\/wp-content\/uploads\/2020\/09\/wooden-toys-catalog-300x116.jpg 300w, https:\/\/tonysourcing.com\/wp-content\/uploads\/2020\/09\/wooden-toys-catalog-800x308.jpg 800w, https:\/\/tonysourcing.com\/wp-content\/uploads\/2020\/09\/wooden-toys-catalog-768x296.jpg 768w, https:\/\/tonysourcing.com\/wp-content\/uploads\/2020\/09\/wooden-toys-catalog-200x77.jpg 200w, https:\/\/tonysourcing.com\/wp-content\/uploads\/2020\/09\/wooden-toys-catalog-400x154.jpg 400w\" sizes=\"(max-width: 1017px) 100vw, 1017px\" \/><\/p>","protected":false},"excerpt":{"rendered":"<p>Artikelnummer: ME-004<br \/>\nProduktgr\u00f6\u00dfe: 22 x 16,5 x 22 cm<br \/>\nVerpackung: Farbbox<br \/>\nMenge\/Karton: 60<br \/>\nCTN-Volumen: 63 * 57,5 * 68 cm \/ 0,246<br \/>\nGW.NW: 25\/24kg<\/p>","protected":false},"featured_media":6666,"template":"","meta":{"_kad_post_transparent":"","_kad_post_title":"","_kad_post_layout":"","_kad_post_sidebar_id":"","_kad_post_content_style":"","_kad_post_vertical_padding":"","_kad_post_feature":"","_kad_post_feature_position":"","_kad_post_header":false,"_kad_post_footer":false,"_kad_post_classname":""},"product_brand":[],"product_cat":[554],"product_tag":[560,562,558],"class_list":{"0":"post-6665","1":"product","2":"type-product","3":"status-publish","4":"has-post-thumbnail","6":"product_cat-wooden-toys","7":"product_tag-educational-toy","8":"product_tag-learning-toy","9":"product_tag-wooden-toy","11":"first","12":"instock","13":"shipping-taxable","14":"product-type-simple","15":"entry","16":"content-bg","17":"loop-entry"},"yoast_head":"<!-- This site is optimized with the Yoast SEO plugin v27.5 - https:\/\/yoast.com\/product\/yoast-seo-wordpress\/ -->\n<title>Import wire bead maze toys from China Manufacturer -- TonySourcing.com<\/title>\n<meta name=\"description\" content=\"Import wire bead maze toys from China Manufacturer, Good Product and Good Price, Contact TonySourcing for Catalog today.\" \/>\n<meta name=\"robots\" content=\"index, follow, max-snippet:-1, max-image-preview:large, max-video-preview:-1\" \/>\n<link rel=\"canonical\" href=\"https:\/\/tonysourcing.com\/de\/groshandel\/drahtperlen-labyrinth-spielzeug-2\/\" \/>\n<meta property=\"og:locale\" content=\"de_DE\" \/>\n<meta property=\"og:type\" content=\"article\" \/>\n<meta property=\"og:title\" content=\"Import wire bead maze toys from China Manufacturer -- TonySourcing.com\" \/>\n<meta property=\"og:description\" content=\"Import wire bead maze toys from China Manufacturer, Good Product and Good Price, Contact TonySourcing for Catalog today.\" \/>\n<meta property=\"og:url\" content=\"https:\/\/tonysourcing.com\/de\/groshandel\/drahtperlen-labyrinth-spielzeug-2\/\" \/>\n<meta property=\"og:site_name\" content=\"TonySourcing\" \/>\n<meta property=\"article:publisher\" content=\"https:\/\/www.facebook.com\/TonySourcing\" \/>\n<meta property=\"article:modified_time\" content=\"2020-09-08T10:24:23+00:00\" \/>\n<meta property=\"og:image\" content=\"https:\/\/tonysourcing.com\/wp-content\/uploads\/2020\/08\/wire-bead-maze-toys.png\" \/>\n\t<meta property=\"og:image:width\" content=\"433\" \/>\n\t<meta property=\"og:image:height\" content=\"461\" \/>\n\t<meta property=\"og:image:type\" content=\"image\/png\" \/>\n<meta name=\"twitter:card\" content=\"summary_large_image\" \/>\n<meta name=\"twitter:site\" content=\"@TonySourcing\" \/>\n<meta name=\"twitter:label1\" content=\"Gesch\u00e4tzte Lesezeit\" \/>\n\t<meta name=\"twitter:data1\" content=\"1\u00a0Minute\" \/>\n<script type=\"application\/ld+json\" class=\"yoast-schema-graph\">{\"@context\":\"https:\\\/\\\/schema.org\",\"@graph\":[{\"@type\":\"WebPage\",\"@id\":\"https:\\\/\\\/tonysourcing.com\\\/wholesale\\\/wire-bead-maze-toys-2\\\/\",\"url\":\"https:\\\/\\\/tonysourcing.com\\\/wholesale\\\/wire-bead-maze-toys-2\\\/\",\"name\":\"Import wire bead maze toys from China Manufacturer -- TonySourcing.com\",\"isPartOf\":{\"@id\":\"https:\\\/\\\/tonysourcing.com\\\/#website\"},\"primaryImageOfPage\":{\"@id\":\"https:\\\/\\\/tonysourcing.com\\\/wholesale\\\/wire-bead-maze-toys-2\\\/#primaryimage\"},\"image\":{\"@id\":\"https:\\\/\\\/tonysourcing.com\\\/wholesale\\\/wire-bead-maze-toys-2\\\/#primaryimage\"},\"thumbnailUrl\":\"https:\\\/\\\/tonysourcing.com\\\/wp-content\\\/uploads\\\/2020\\\/08\\\/wire-bead-maze-toys.png\",\"datePublished\":\"2020-08-25T09:03:17+00:00\",\"dateModified\":\"2020-09-08T10:24:23+00:00\",\"description\":\"Import wire bead maze toys from China Manufacturer, Good Product and Good Price, Contact TonySourcing for Catalog today.\",\"breadcrumb\":{\"@id\":\"https:\\\/\\\/tonysourcing.com\\\/wholesale\\\/wire-bead-maze-toys-2\\\/#breadcrumb\"},\"inLanguage\":\"de\",\"potentialAction\":[{\"@type\":\"ReadAction\",\"target\":[\"https:\\\/\\\/tonysourcing.com\\\/wholesale\\\/wire-bead-maze-toys-2\\\/\"]}]},{\"@type\":\"ImageObject\",\"inLanguage\":\"de\",\"@id\":\"https:\\\/\\\/tonysourcing.com\\\/wholesale\\\/wire-bead-maze-toys-2\\\/#primaryimage\",\"url\":\"https:\\\/\\\/tonysourcing.com\\\/wp-content\\\/uploads\\\/2020\\\/08\\\/wire-bead-maze-toys.png\",\"contentUrl\":\"https:\\\/\\\/tonysourcing.com\\\/wp-content\\\/uploads\\\/2020\\\/08\\\/wire-bead-maze-toys.png\",\"width\":433,\"height\":461,\"caption\":\"wire bead maze toys\"},{\"@type\":\"BreadcrumbList\",\"@id\":\"https:\\\/\\\/tonysourcing.com\\\/wholesale\\\/wire-bead-maze-toys-2\\\/#breadcrumb\",\"itemListElement\":[{\"@type\":\"ListItem\",\"position\":1,\"name\":\"Home\",\"item\":\"https:\\\/\\\/tonysourcing.com\\\/\"},{\"@type\":\"ListItem\",\"position\":2,\"name\":\"Wholesale\",\"item\":\"https:\\\/\\\/tonysourcing.com\\\/wholesale\\\/\"},{\"@type\":\"ListItem\",\"position\":3,\"name\":\"Wire Bead Maze Toys\"}]},{\"@type\":\"WebSite\",\"@id\":\"https:\\\/\\\/tonysourcing.com\\\/#website\",\"url\":\"https:\\\/\\\/tonysourcing.com\\\/\",\"name\":\"TonySourcing\",\"description\":\"Toys Wholesale Distributor &amp; China Promition Items\",\"publisher\":{\"@id\":\"https:\\\/\\\/tonysourcing.com\\\/#organization\"},\"potentialAction\":[{\"@type\":\"SearchAction\",\"target\":{\"@type\":\"EntryPoint\",\"urlTemplate\":\"https:\\\/\\\/tonysourcing.com\\\/?s={search_term_string}\"},\"query-input\":{\"@type\":\"PropertyValueSpecification\",\"valueRequired\":true,\"valueName\":\"search_term_string\"}}],\"inLanguage\":\"de\"},{\"@type\":\"Organization\",\"@id\":\"https:\\\/\\\/tonysourcing.com\\\/#organization\",\"name\":\"Yiwu Zongge\",\"url\":\"https:\\\/\\\/tonysourcing.com\\\/\",\"logo\":{\"@type\":\"ImageObject\",\"inLanguage\":\"de\",\"@id\":\"https:\\\/\\\/tonysourcing.com\\\/#\\\/schema\\\/logo\\\/image\\\/\",\"url\":\"https:\\\/\\\/tonysourcing.com\\\/wp-content\\\/uploads\\\/2021\\\/07\\\/cropped-TonySourcing-logo-1.png\",\"contentUrl\":\"https:\\\/\\\/tonysourcing.com\\\/wp-content\\\/uploads\\\/2021\\\/07\\\/cropped-TonySourcing-logo-1.png\",\"width\":300,\"height\":92,\"caption\":\"Yiwu Zongge\"},\"image\":{\"@id\":\"https:\\\/\\\/tonysourcing.com\\\/#\\\/schema\\\/logo\\\/image\\\/\"},\"sameAs\":[\"https:\\\/\\\/www.facebook.com\\\/TonySourcing\",\"https:\\\/\\\/x.com\\\/TonySourcing\",\"https:\\\/\\\/www.instagram.com\\\/tony_sourcing\\\/\",\"http:\\\/\\\/www.linkedin.com\\\/in\\\/tonychen88\",\"https:\\\/\\\/www.youtube.com\\\/channel\\\/UCZfST1M-NDoqjQ3dB-Tzszg\"]}]}<\/script>\n<!-- \/ Yoast SEO plugin. -->","yoast_head_json":{"title":"Importieren Sie Drahtperlen-Labyrinth-Spielzeuge vom chinesischen Hersteller - TonySourcing.com","description":"Importieren Sie Drahtperlen-Labyrinth-Spielzeuge von einem chinesischen Hersteller. Gutes Produkt und guter Preis. Kontaktieren Sie TonySourcing noch heute f\u00fcr den Katalog.","robots":{"index":"index","follow":"follow","max-snippet":"max-snippet:-1","max-image-preview":"max-image-preview:large","max-video-preview":"max-video-preview:-1"},"canonical":"https:\/\/tonysourcing.com\/de\/groshandel\/drahtperlen-labyrinth-spielzeug-2\/","og_locale":"de_DE","og_type":"article","og_title":"Import wire bead maze toys from China Manufacturer -- TonySourcing.com","og_description":"Import wire bead maze toys from China Manufacturer, Good Product and Good Price, Contact TonySourcing for Catalog today.","og_url":"https:\/\/tonysourcing.com\/de\/groshandel\/drahtperlen-labyrinth-spielzeug-2\/","og_site_name":"TonySourcing","article_publisher":"https:\/\/www.facebook.com\/TonySourcing","article_modified_time":"2020-09-08T10:24:23+00:00","og_image":[{"width":433,"height":461,"url":"https:\/\/tonysourcing.com\/wp-content\/uploads\/2020\/08\/wire-bead-maze-toys.png","type":"image\/png"}],"twitter_card":"summary_large_image","twitter_site":"@TonySourcing","twitter_misc":{"Gesch\u00e4tzte Lesezeit":"1\u00a0Minute"},"schema":{"@context":"https:\/\/schema.org","@graph":[{"@type":"WebPage","@id":"https:\/\/tonysourcing.com\/wholesale\/wire-bead-maze-toys-2\/","url":"https:\/\/tonysourcing.com\/wholesale\/wire-bead-maze-toys-2\/","name":"Importieren Sie Drahtperlen-Labyrinth-Spielzeuge vom chinesischen Hersteller - TonySourcing.com","isPartOf":{"@id":"https:\/\/tonysourcing.com\/#website"},"primaryImageOfPage":{"@id":"https:\/\/tonysourcing.com\/wholesale\/wire-bead-maze-toys-2\/#primaryimage"},"image":{"@id":"https:\/\/tonysourcing.com\/wholesale\/wire-bead-maze-toys-2\/#primaryimage"},"thumbnailUrl":"https:\/\/tonysourcing.com\/wp-content\/uploads\/2020\/08\/wire-bead-maze-toys.png","datePublished":"2020-08-25T09:03:17+00:00","dateModified":"2020-09-08T10:24:23+00:00","description":"Importieren Sie Drahtperlen-Labyrinth-Spielzeuge von einem chinesischen Hersteller. Gutes Produkt und guter Preis. Kontaktieren Sie TonySourcing noch heute f\u00fcr den Katalog.","breadcrumb":{"@id":"https:\/\/tonysourcing.com\/wholesale\/wire-bead-maze-toys-2\/#breadcrumb"},"inLanguage":"de","potentialAction":[{"@type":"ReadAction","target":["https:\/\/tonysourcing.com\/wholesale\/wire-bead-maze-toys-2\/"]}]},{"@type":"ImageObject","inLanguage":"de","@id":"https:\/\/tonysourcing.com\/wholesale\/wire-bead-maze-toys-2\/#primaryimage","url":"https:\/\/tonysourcing.com\/wp-content\/uploads\/2020\/08\/wire-bead-maze-toys.png","contentUrl":"https:\/\/tonysourcing.com\/wp-content\/uploads\/2020\/08\/wire-bead-maze-toys.png","width":433,"height":461,"caption":"wire bead maze toys"},{"@type":"BreadcrumbList","@id":"https:\/\/tonysourcing.com\/wholesale\/wire-bead-maze-toys-2\/#breadcrumb","itemListElement":[{"@type":"ListItem","position":1,"name":"Home","item":"https:\/\/tonysourcing.com\/"},{"@type":"ListItem","position":2,"name":"Wholesale","item":"https:\/\/tonysourcing.com\/wholesale\/"},{"@type":"ListItem","position":3,"name":"Wire Bead Maze Toys"}]},{"@type":"WebSite","@id":"https:\/\/tonysourcing.com\/#website","url":"https:\/\/tonysourcing.com\/","name":"TonySourcing","description":"Spielzeuggro\u00dfh\u00e4ndler und Werbeartikel aus China","publisher":{"@id":"https:\/\/tonysourcing.com\/#organization"},"potentialAction":[{"@type":"SearchAction","target":{"@type":"EntryPoint","urlTemplate":"https:\/\/tonysourcing.com\/?s={search_term_string}"},"query-input":{"@type":"PropertyValueSpecification","valueRequired":true,"valueName":"search_term_string"}}],"inLanguage":"de"},{"@type":"Organization","@id":"https:\/\/tonysourcing.com\/#organization","name":"Yiwu Zongge","url":"https:\/\/tonysourcing.com\/","logo":{"@type":"ImageObject","inLanguage":"de","@id":"https:\/\/tonysourcing.com\/#\/schema\/logo\/image\/","url":"https:\/\/tonysourcing.com\/wp-content\/uploads\/2021\/07\/cropped-TonySourcing-logo-1.png","contentUrl":"https:\/\/tonysourcing.com\/wp-content\/uploads\/2021\/07\/cropped-TonySourcing-logo-1.png","width":300,"height":92,"caption":"Yiwu Zongge"},"image":{"@id":"https:\/\/tonysourcing.com\/#\/schema\/logo\/image\/"},"sameAs":["https:\/\/www.facebook.com\/TonySourcing","https:\/\/x.com\/TonySourcing","https:\/\/www.instagram.com\/tony_sourcing\/","http:\/\/www.linkedin.com\/in\/tonychen88","https:\/\/www.youtube.com\/channel\/UCZfST1M-NDoqjQ3dB-Tzszg"]}]}},"_links":{"self":[{"href":"https:\/\/tonysourcing.com\/de\/wp-json\/wp\/v2\/product\/6665","targetHints":{"allow":["GET"]}}],"collection":[{"href":"https:\/\/tonysourcing.com\/de\/wp-json\/wp\/v2\/product"}],"about":[{"href":"https:\/\/tonysourcing.com\/de\/wp-json\/wp\/v2\/types\/product"}],"version-history":[{"count":2,"href":"https:\/\/tonysourcing.com\/de\/wp-json\/wp\/v2\/product\/6665\/revisions"}],"predecessor-version":[{"id":6733,"href":"https:\/\/tonysourcing.com\/de\/wp-json\/wp\/v2\/product\/6665\/revisions\/6733"}],"wp:featuredmedia":[{"embeddable":true,"href":"https:\/\/tonysourcing.com\/de\/wp-json\/wp\/v2\/media\/6666"}],"wp:attachment":[{"href":"https:\/\/tonysourcing.com\/de\/wp-json\/wp\/v2\/media?parent=6665"}],"wp:term":[{"taxonomy":"product_brand","embeddable":true,"href":"https:\/\/tonysourcing.com\/de\/wp-json\/wp\/v2\/product_brand?post=6665"},{"taxonomy":"product_cat","embeddable":true,"href":"https:\/\/tonysourcing.com\/de\/wp-json\/wp\/v2\/product_cat?post=6665"},{"taxonomy":"product_tag","embeddable":true,"href":"https:\/\/tonysourcing.com\/de\/wp-json\/wp\/v2\/product_tag?post=6665"}],"curies":[{"name":"wp","href":"https:\/\/api.w.org\/{rel}","templated":true}]}}