{"id":6746,"date":"2021-02-01T01:52:08","date_gmt":"2021-02-01T01:52:08","guid":{"rendered":"https:\/\/tonysourcing.com\/?post_type=product&#038;p=6746"},"modified":"2021-02-01T07:36:59","modified_gmt":"2021-02-01T07:36:59","slug":"mattenzeichnung","status":"publish","type":"product","link":"https:\/\/tonysourcing.com\/de\/wholesale\/mat-drawing\/","title":{"rendered":"Doodle-Matte"},"content":{"rendered":"<ol>\n<li>Extrem gro\u00df: Exklusives Design mit Meerestiermotiven, das sich von anderen Modellen auf dem Markt unterscheidet. Kann von drei bis vier Kindern gleichzeitig gespielt werden. Kann kompakt zusammengefaltet werden. Tragbar f\u00fcr drinnen, drau\u00dfen und unterwegs. Geeignet f\u00fcr Kinder zum Lernen. Ein gutes interaktives Spielzeug f\u00fcr Jungen und M\u00e4dchen<\/li>\n<li>Exklusives neues Design: Verpackungsbox mit Tierwelt-Design. Paket enth\u00e4lt: 1 x Kritzelmatte + 4 x Zauberstifte + 6 x Zeichenform + 4 x Zeichenvorlage + 1 x Zeichenheft \u2013 F\u00fcr Kinder ab 3 Jahren<\/li>\n<li>Magische Zeichenmatte: Wiederverwendbar \u2013 F\u00fcllen Sie den Zauberstift mit sauberem Wasser und zeichnen Sie auf die magische Zeichenmatte. Die Kritzeleien brauchen 3\u201310 Minuten, um automatisch zu verschwinden (abh\u00e4ngig von Temperatur und Luftstrom). Kinder k\u00f6nnen immer wieder auf der Zeichenmatte zeichnen.<\/li>\n<li>Perfektes Geschenk &amp; Kommunikation: Mit diesem magischen Wassermalblock kann Ihr Kind mit Freunden auf dem Tisch oder Boden malen, die Hand-Auge-Koordination und Farbwahrnehmung trainieren und Mal- und Kreativf\u00e4higkeiten entwickeln. Die beste Wahl als Geburtstagsgeschenk oder Weihnachtsgeschenk f\u00fcr Kinder<\/li>\n<li>Lernspielzeug: Keine Tinte, keine Farbe, ungiftig, umweltfreundlich. Machen Sie nie ein Chaos. Die R\u00fcckseite der Matte besteht aus wasserabweisendem Nylonmaterial, sauber und sicher f\u00fcr Kinder. Die Spuren werden nie chaotisch sein und die Fantasie und Kreativit\u00e4t der Kinder beim unendlichen Malen befriedigen<\/li>\n<\/ol>\n<p>&nbsp;<\/p>\n<p><a href=\"http:\/\/tonysourcing.com\/wp-content\/uploads\/2020\/09\/Educational-toys-catalog.jpg\"><img fetchpriority=\"high\" decoding=\"async\" class=\"aligncenter wp-image-6756\" src=\"http:\/\/tonysourcing.com\/wp-content\/uploads\/2020\/09\/Educational-toys-catalog-300x125.jpg\" alt=\"Lernspielzeug-Katalog\" width=\"711\" height=\"296\" srcset=\"https:\/\/tonysourcing.com\/wp-content\/uploads\/2020\/09\/Educational-toys-catalog-300x125.jpg 300w, https:\/\/tonysourcing.com\/wp-content\/uploads\/2020\/09\/Educational-toys-catalog-600x250.jpg 600w, https:\/\/tonysourcing.com\/wp-content\/uploads\/2020\/09\/Educational-toys-catalog-800x333.jpg 800w, https:\/\/tonysourcing.com\/wp-content\/uploads\/2020\/09\/Educational-toys-catalog-768x319.jpg 768w, https:\/\/tonysourcing.com\/wp-content\/uploads\/2020\/09\/Educational-toys-catalog-200x83.jpg 200w, https:\/\/tonysourcing.com\/wp-content\/uploads\/2020\/09\/Educational-toys-catalog-400x166.jpg 400w, https:\/\/tonysourcing.com\/wp-content\/uploads\/2020\/09\/Educational-toys-catalog.jpg 1017w\" sizes=\"(max-width: 711px) 100vw, 711px\" \/><\/a><\/p>","protected":false},"excerpt":{"rendered":"<p>Artikelnummer: 127021-L<br \/>\nVerpackungsgr\u00f6\u00dfe: 36 \u00d7 27,5 \u00d7 5 cm<br \/>\nVerpackung: K\u00fcnstlerische Magnetbox<br \/>\nMenge\/Karton: 48<br \/>\nCTN-Volumen: 65 \u00d7 38 \u00d7 110 cm\/0,272<br \/>\nBruttogewicht: 17\/15kg<\/p>","protected":false},"featured_media":6832,"template":"","meta":{"_kad_post_transparent":"","_kad_post_title":"","_kad_post_layout":"","_kad_post_sidebar_id":"","_kad_post_content_style":"","_kad_post_vertical_padding":"","_kad_post_feature":"","_kad_post_feature_position":"","_kad_post_header":false,"_kad_post_footer":false,"_kad_post_classname":""},"product_brand":[],"product_cat":[506],"product_tag":[568,567,569],"class_list":{"0":"post-6746","1":"product","2":"type-product","3":"status-publish","4":"has-post-thumbnail","6":"product_cat-wholesale-educational-toys","7":"product_tag-early-children-eduation-material","8":"product_tag-education-toy","9":"product_tag-magic-kids-water-canvas","11":"first","12":"instock","13":"shipping-taxable","14":"product-type-simple","15":"entry","16":"content-bg","17":"loop-entry"},"yoast_head":"<!-- This site is optimized with the Yoast SEO plugin v27.5 - https:\/\/yoast.com\/product\/yoast-seo-wordpress\/ -->\n<title>Import Mat Drawing from China Manufacturer --Tonysourcing<\/title>\n<meta name=\"description\" content=\"Import Mat Drawing from China Manufacturer, Good Product and Good Price, Contact TonySourcing for Catalog today\" \/>\n<meta name=\"robots\" content=\"index, follow, max-snippet:-1, max-image-preview:large, max-video-preview:-1\" \/>\n<link rel=\"canonical\" href=\"https:\/\/tonysourcing.com\/de\/groshandel\/mattenzeichnung\/\" \/>\n<meta property=\"og:locale\" content=\"de_DE\" \/>\n<meta property=\"og:type\" content=\"article\" \/>\n<meta property=\"og:title\" content=\"Import Mat Drawing from China Manufacturer --Tonysourcing\" \/>\n<meta property=\"og:description\" content=\"Import Mat Drawing from China Manufacturer, Good Product and Good Price, Contact TonySourcing for Catalog today\" \/>\n<meta property=\"og:url\" content=\"https:\/\/tonysourcing.com\/de\/groshandel\/mattenzeichnung\/\" \/>\n<meta property=\"og:site_name\" content=\"TonySourcing\" \/>\n<meta property=\"article:publisher\" content=\"https:\/\/www.facebook.com\/TonySourcing\" \/>\n<meta property=\"article:modified_time\" content=\"2021-02-01T07:36:59+00:00\" \/>\n<meta property=\"og:image\" content=\"https:\/\/tonysourcing.com\/wp-content\/uploads\/2020\/09\/Doodle-Mat.jpg\" \/>\n\t<meta property=\"og:image:width\" content=\"600\" \/>\n\t<meta property=\"og:image:height\" content=\"600\" \/>\n\t<meta property=\"og:image:type\" content=\"image\/jpeg\" \/>\n<meta name=\"twitter:card\" content=\"summary_large_image\" \/>\n<meta name=\"twitter:site\" content=\"@TonySourcing\" \/>\n<meta name=\"twitter:label1\" content=\"Gesch\u00e4tzte Lesezeit\" \/>\n\t<meta name=\"twitter:data1\" content=\"1\u00a0Minute\" \/>\n<script type=\"application\/ld+json\" class=\"yoast-schema-graph\">{\"@context\":\"https:\\\/\\\/schema.org\",\"@graph\":[{\"@type\":\"WebPage\",\"@id\":\"https:\\\/\\\/tonysourcing.com\\\/wholesale\\\/mat-drawing\\\/\",\"url\":\"https:\\\/\\\/tonysourcing.com\\\/wholesale\\\/mat-drawing\\\/\",\"name\":\"Import Mat Drawing from China Manufacturer --Tonysourcing\",\"isPartOf\":{\"@id\":\"https:\\\/\\\/tonysourcing.com\\\/#website\"},\"primaryImageOfPage\":{\"@id\":\"https:\\\/\\\/tonysourcing.com\\\/wholesale\\\/mat-drawing\\\/#primaryimage\"},\"image\":{\"@id\":\"https:\\\/\\\/tonysourcing.com\\\/wholesale\\\/mat-drawing\\\/#primaryimage\"},\"thumbnailUrl\":\"https:\\\/\\\/tonysourcing.com\\\/wp-content\\\/uploads\\\/2020\\\/09\\\/Doodle-Mat.jpg\",\"datePublished\":\"2021-02-01T01:52:08+00:00\",\"dateModified\":\"2021-02-01T07:36:59+00:00\",\"description\":\"Import Mat Drawing from China Manufacturer, Good Product and Good Price, Contact TonySourcing for Catalog today\",\"breadcrumb\":{\"@id\":\"https:\\\/\\\/tonysourcing.com\\\/wholesale\\\/mat-drawing\\\/#breadcrumb\"},\"inLanguage\":\"de\",\"potentialAction\":[{\"@type\":\"ReadAction\",\"target\":[\"https:\\\/\\\/tonysourcing.com\\\/wholesale\\\/mat-drawing\\\/\"]}]},{\"@type\":\"ImageObject\",\"inLanguage\":\"de\",\"@id\":\"https:\\\/\\\/tonysourcing.com\\\/wholesale\\\/mat-drawing\\\/#primaryimage\",\"url\":\"https:\\\/\\\/tonysourcing.com\\\/wp-content\\\/uploads\\\/2020\\\/09\\\/Doodle-Mat.jpg\",\"contentUrl\":\"https:\\\/\\\/tonysourcing.com\\\/wp-content\\\/uploads\\\/2020\\\/09\\\/Doodle-Mat.jpg\",\"width\":600,\"height\":600,\"caption\":\"Doodle Mat\"},{\"@type\":\"BreadcrumbList\",\"@id\":\"https:\\\/\\\/tonysourcing.com\\\/wholesale\\\/mat-drawing\\\/#breadcrumb\",\"itemListElement\":[{\"@type\":\"ListItem\",\"position\":1,\"name\":\"Home\",\"item\":\"https:\\\/\\\/tonysourcing.com\\\/\"},{\"@type\":\"ListItem\",\"position\":2,\"name\":\"Wholesale\",\"item\":\"https:\\\/\\\/tonysourcing.com\\\/wholesale\\\/\"},{\"@type\":\"ListItem\",\"position\":3,\"name\":\"Doodle mat\"}]},{\"@type\":\"WebSite\",\"@id\":\"https:\\\/\\\/tonysourcing.com\\\/#website\",\"url\":\"https:\\\/\\\/tonysourcing.com\\\/\",\"name\":\"TonySourcing\",\"description\":\"Toys Wholesale Distributor &amp; China Promition Items\",\"publisher\":{\"@id\":\"https:\\\/\\\/tonysourcing.com\\\/#organization\"},\"potentialAction\":[{\"@type\":\"SearchAction\",\"target\":{\"@type\":\"EntryPoint\",\"urlTemplate\":\"https:\\\/\\\/tonysourcing.com\\\/?s={search_term_string}\"},\"query-input\":{\"@type\":\"PropertyValueSpecification\",\"valueRequired\":true,\"valueName\":\"search_term_string\"}}],\"inLanguage\":\"de\"},{\"@type\":\"Organization\",\"@id\":\"https:\\\/\\\/tonysourcing.com\\\/#organization\",\"name\":\"Yiwu Zongge\",\"url\":\"https:\\\/\\\/tonysourcing.com\\\/\",\"logo\":{\"@type\":\"ImageObject\",\"inLanguage\":\"de\",\"@id\":\"https:\\\/\\\/tonysourcing.com\\\/#\\\/schema\\\/logo\\\/image\\\/\",\"url\":\"https:\\\/\\\/tonysourcing.com\\\/wp-content\\\/uploads\\\/2021\\\/07\\\/cropped-TonySourcing-logo-1.png\",\"contentUrl\":\"https:\\\/\\\/tonysourcing.com\\\/wp-content\\\/uploads\\\/2021\\\/07\\\/cropped-TonySourcing-logo-1.png\",\"width\":300,\"height\":92,\"caption\":\"Yiwu Zongge\"},\"image\":{\"@id\":\"https:\\\/\\\/tonysourcing.com\\\/#\\\/schema\\\/logo\\\/image\\\/\"},\"sameAs\":[\"https:\\\/\\\/www.facebook.com\\\/TonySourcing\",\"https:\\\/\\\/x.com\\\/TonySourcing\",\"https:\\\/\\\/www.instagram.com\\\/tony_sourcing\\\/\",\"http:\\\/\\\/www.linkedin.com\\\/in\\\/tonychen88\",\"https:\\\/\\\/www.youtube.com\\\/channel\\\/UCZfST1M-NDoqjQ3dB-Tzszg\"]}]}<\/script>\n<!-- \/ Yoast SEO plugin. -->","yoast_head_json":{"title":"Importieren Sie Mattenzeichnungen vom chinesischen Hersteller - Tonysourcing","description":"Importieren Sie Mattenzeichnungen von einem chinesischen Hersteller. Gutes Produkt und guter Preis. Kontaktieren Sie TonySourcing noch heute f\u00fcr den Katalog.","robots":{"index":"index","follow":"follow","max-snippet":"max-snippet:-1","max-image-preview":"max-image-preview:large","max-video-preview":"max-video-preview:-1"},"canonical":"https:\/\/tonysourcing.com\/de\/groshandel\/mattenzeichnung\/","og_locale":"de_DE","og_type":"article","og_title":"Import Mat Drawing from China Manufacturer --Tonysourcing","og_description":"Import Mat Drawing from China Manufacturer, Good Product and Good Price, Contact TonySourcing for Catalog today","og_url":"https:\/\/tonysourcing.com\/de\/groshandel\/mattenzeichnung\/","og_site_name":"TonySourcing","article_publisher":"https:\/\/www.facebook.com\/TonySourcing","article_modified_time":"2021-02-01T07:36:59+00:00","og_image":[{"width":600,"height":600,"url":"https:\/\/tonysourcing.com\/wp-content\/uploads\/2020\/09\/Doodle-Mat.jpg","type":"image\/jpeg"}],"twitter_card":"summary_large_image","twitter_site":"@TonySourcing","twitter_misc":{"Gesch\u00e4tzte Lesezeit":"1\u00a0Minute"},"schema":{"@context":"https:\/\/schema.org","@graph":[{"@type":"WebPage","@id":"https:\/\/tonysourcing.com\/wholesale\/mat-drawing\/","url":"https:\/\/tonysourcing.com\/wholesale\/mat-drawing\/","name":"Importieren Sie Mattenzeichnungen vom chinesischen Hersteller - Tonysourcing","isPartOf":{"@id":"https:\/\/tonysourcing.com\/#website"},"primaryImageOfPage":{"@id":"https:\/\/tonysourcing.com\/wholesale\/mat-drawing\/#primaryimage"},"image":{"@id":"https:\/\/tonysourcing.com\/wholesale\/mat-drawing\/#primaryimage"},"thumbnailUrl":"https:\/\/tonysourcing.com\/wp-content\/uploads\/2020\/09\/Doodle-Mat.jpg","datePublished":"2021-02-01T01:52:08+00:00","dateModified":"2021-02-01T07:36:59+00:00","description":"Importieren Sie Mattenzeichnungen von einem chinesischen Hersteller. Gutes Produkt und guter Preis. Kontaktieren Sie TonySourcing noch heute f\u00fcr den Katalog.","breadcrumb":{"@id":"https:\/\/tonysourcing.com\/wholesale\/mat-drawing\/#breadcrumb"},"inLanguage":"de","potentialAction":[{"@type":"ReadAction","target":["https:\/\/tonysourcing.com\/wholesale\/mat-drawing\/"]}]},{"@type":"ImageObject","inLanguage":"de","@id":"https:\/\/tonysourcing.com\/wholesale\/mat-drawing\/#primaryimage","url":"https:\/\/tonysourcing.com\/wp-content\/uploads\/2020\/09\/Doodle-Mat.jpg","contentUrl":"https:\/\/tonysourcing.com\/wp-content\/uploads\/2020\/09\/Doodle-Mat.jpg","width":600,"height":600,"caption":"Doodle Mat"},{"@type":"BreadcrumbList","@id":"https:\/\/tonysourcing.com\/wholesale\/mat-drawing\/#breadcrumb","itemListElement":[{"@type":"ListItem","position":1,"name":"Home","item":"https:\/\/tonysourcing.com\/"},{"@type":"ListItem","position":2,"name":"Wholesale","item":"https:\/\/tonysourcing.com\/wholesale\/"},{"@type":"ListItem","position":3,"name":"Doodle mat"}]},{"@type":"WebSite","@id":"https:\/\/tonysourcing.com\/#website","url":"https:\/\/tonysourcing.com\/","name":"TonySourcing","description":"Spielzeuggro\u00dfh\u00e4ndler und Werbeartikel aus China","publisher":{"@id":"https:\/\/tonysourcing.com\/#organization"},"potentialAction":[{"@type":"SearchAction","target":{"@type":"EntryPoint","urlTemplate":"https:\/\/tonysourcing.com\/?s={search_term_string}"},"query-input":{"@type":"PropertyValueSpecification","valueRequired":true,"valueName":"search_term_string"}}],"inLanguage":"de"},{"@type":"Organization","@id":"https:\/\/tonysourcing.com\/#organization","name":"Yiwu Zongge","url":"https:\/\/tonysourcing.com\/","logo":{"@type":"ImageObject","inLanguage":"de","@id":"https:\/\/tonysourcing.com\/#\/schema\/logo\/image\/","url":"https:\/\/tonysourcing.com\/wp-content\/uploads\/2021\/07\/cropped-TonySourcing-logo-1.png","contentUrl":"https:\/\/tonysourcing.com\/wp-content\/uploads\/2021\/07\/cropped-TonySourcing-logo-1.png","width":300,"height":92,"caption":"Yiwu Zongge"},"image":{"@id":"https:\/\/tonysourcing.com\/#\/schema\/logo\/image\/"},"sameAs":["https:\/\/www.facebook.com\/TonySourcing","https:\/\/x.com\/TonySourcing","https:\/\/www.instagram.com\/tony_sourcing\/","http:\/\/www.linkedin.com\/in\/tonychen88","https:\/\/www.youtube.com\/channel\/UCZfST1M-NDoqjQ3dB-Tzszg"]}]}},"_links":{"self":[{"href":"https:\/\/tonysourcing.com\/de\/wp-json\/wp\/v2\/product\/6746","targetHints":{"allow":["GET"]}}],"collection":[{"href":"https:\/\/tonysourcing.com\/de\/wp-json\/wp\/v2\/product"}],"about":[{"href":"https:\/\/tonysourcing.com\/de\/wp-json\/wp\/v2\/types\/product"}],"version-history":[{"count":5,"href":"https:\/\/tonysourcing.com\/de\/wp-json\/wp\/v2\/product\/6746\/revisions"}],"predecessor-version":[{"id":6760,"href":"https:\/\/tonysourcing.com\/de\/wp-json\/wp\/v2\/product\/6746\/revisions\/6760"}],"wp:featuredmedia":[{"embeddable":true,"href":"https:\/\/tonysourcing.com\/de\/wp-json\/wp\/v2\/media\/6832"}],"wp:attachment":[{"href":"https:\/\/tonysourcing.com\/de\/wp-json\/wp\/v2\/media?parent=6746"}],"wp:term":[{"taxonomy":"product_brand","embeddable":true,"href":"https:\/\/tonysourcing.com\/de\/wp-json\/wp\/v2\/product_brand?post=6746"},{"taxonomy":"product_cat","embeddable":true,"href":"https:\/\/tonysourcing.com\/de\/wp-json\/wp\/v2\/product_cat?post=6746"},{"taxonomy":"product_tag","embeddable":true,"href":"https:\/\/tonysourcing.com\/de\/wp-json\/wp\/v2\/product_tag?post=6746"}],"curies":[{"name":"wp","href":"https:\/\/api.w.org\/{rel}","templated":true}]}}