{"id":6783,"date":"2020-09-10T02:46:03","date_gmt":"2020-09-10T02:46:03","guid":{"rendered":"https:\/\/tonysourcing.com\/?post_type=product&#038;p=6783"},"modified":"2020-09-15T03:50:26","modified_gmt":"2020-09-15T03:50:26","slug":"babybadebuch-2","status":"publish","type":"product","link":"https:\/\/tonysourcing.com\/de\/wholesale\/baby-bath-book-2\/","title":{"rendered":"Baby-Badebuch"},"content":{"rendered":"<ol>\n<li>QUETSCH- UND QUIETSCHSPASS \u2013 Badewannenb\u00fccher, die beim Dr\u00fccken lustige Ger\u00e4usche machen; Ihr Kleinkind wird beim Baden blitzsauber, w\u00e4hrend es das ABC, Fr\u00fcchte, Zahlen und Meerestiere erkundet.<\/li>\n<li>UNGIFTIG 100% SICHER \u2013 Asthmafreundlich, BPA-frei, ungiftiges Material f\u00fcr Badespa\u00df. 4er-Pack erm\u00f6glicht sicheres Spielen jederzeit. Kinder spielen sicher beim Baden.<\/li>\n<li>LEICHT ZU REINIGENDES 4ER-PACK - Die Lernb\u00fccher f\u00fcr die Badewanne bestehen aus weichem, leicht zu reinigendem Material. Flecken lassen sich beim Baden Ihres Kindes leicht entfernen; kein \u00c4rger und sauberer Spa\u00df, ein Paradies f\u00fcr Eltern.<\/li>\n<li>KINDERBUCH-SET - Das 4-IN-1-B\u00fccherset f\u00fcr Kinder ist ein tolles Geschenkset f\u00fcr Kinder. Badeb\u00fccher dienen gleichzeitig als Baby-Badespielzeug, das w\u00e4hrend des Badens leicht schwimmt. Kinder k\u00f6nnen die Seiten leicht halten und umbl\u00e4ttern, da die B\u00fccher klein sind (8,9 x 8,9 cm).<\/li>\n<li>ILLUSTRATION VON ANFANG BIS ZUM ANFANG \u2013 Badeb\u00fccher f\u00fcr Kleinkinder mit attraktiven Drucken regen Kinder zum Lernen in der Badewanne an. Das 8-seitige Set mit Baby-Badeb\u00fcchern im auff\u00e4lligen Design entf\u00fchrt Ihr Kind in die Unterwasserwelt; Lernen wird so zum Kinderspiel und ist einfach.<\/li>\n<\/ol>\n<p><img fetchpriority=\"high\" decoding=\"async\" class=\"size-full wp-image-6756\" src=\"http:\/\/tonysourcing.com\/wp-content\/uploads\/2020\/09\/Educational-toys-catalog.jpg\" alt=\"Lernspielzeug-Katalog\" width=\"1017\" height=\"423\" srcset=\"https:\/\/tonysourcing.com\/wp-content\/uploads\/2020\/09\/Educational-toys-catalog.jpg 1017w, https:\/\/tonysourcing.com\/wp-content\/uploads\/2020\/09\/Educational-toys-catalog-600x250.jpg 600w, https:\/\/tonysourcing.com\/wp-content\/uploads\/2020\/09\/Educational-toys-catalog-300x125.jpg 300w, https:\/\/tonysourcing.com\/wp-content\/uploads\/2020\/09\/Educational-toys-catalog-800x333.jpg 800w, https:\/\/tonysourcing.com\/wp-content\/uploads\/2020\/09\/Educational-toys-catalog-768x319.jpg 768w, https:\/\/tonysourcing.com\/wp-content\/uploads\/2020\/09\/Educational-toys-catalog-200x83.jpg 200w, https:\/\/tonysourcing.com\/wp-content\/uploads\/2020\/09\/Educational-toys-catalog-400x166.jpg 400w\" sizes=\"(max-width: 1017px) 100vw, 1017px\" \/><\/p>","protected":false},"excerpt":{"rendered":"<p>Artikelnummer: A503<br \/>\nVerpackungsgr\u00f6\u00dfe: 36 \u00d7 27,5 \u00d7 5 cm<br \/>\nVerpackung: PVC-Kartentasche<br \/>\nMenge\/Karton:408<br \/>\nCTN-Volumen: 81 * 52 * 64 cm \/ 0,272<br \/>\nBruttogewicht: 22\/21kg<\/p>","protected":false},"featured_media":6825,"template":"","meta":{"_kad_post_transparent":"","_kad_post_title":"","_kad_post_layout":"","_kad_post_sidebar_id":"","_kad_post_content_style":"","_kad_post_vertical_padding":"","_kad_post_feature":"","_kad_post_feature_position":"","_kad_post_header":false,"_kad_post_footer":false,"_kad_post_classname":""},"product_brand":[],"product_cat":[506],"product_tag":[568,567,574],"class_list":{"0":"post-6783","1":"product","2":"type-product","3":"status-publish","4":"has-post-thumbnail","6":"product_cat-wholesale-educational-toys","7":"product_tag-early-children-eduation-material","8":"product_tag-education-toy","9":"product_tag-whale-baby-bath-book","11":"first","12":"instock","13":"shipping-taxable","14":"product-type-simple","15":"entry","16":"content-bg","17":"loop-entry"},"yoast_head":"<!-- This site is optimized with the Yoast SEO plugin v27.6 - https:\/\/yoast.com\/product\/yoast-seo-wordpress\/ -->\n<title>Whale Baby Bath Book - Import toys Wholesale directly From manufacturer<\/title>\n<meta name=\"description\" content=\"Import Whale Baby Bath Book from China Manufacturer, Good Product and Good Price, Contact TonySourcing for Catalog today\" \/>\n<meta name=\"robots\" content=\"index, follow, max-snippet:-1, max-image-preview:large, max-video-preview:-1\" \/>\n<link rel=\"canonical\" href=\"https:\/\/tonysourcing.com\/de\/groshandel\/babybadebuch-2\/\" \/>\n<meta property=\"og:locale\" content=\"de_DE\" \/>\n<meta property=\"og:type\" content=\"article\" \/>\n<meta property=\"og:title\" content=\"Whale Baby Bath Book - Import toys Wholesale directly From manufacturer\" \/>\n<meta property=\"og:description\" content=\"Import Whale Baby Bath Book from China Manufacturer, Good Product and Good Price, Contact TonySourcing for Catalog today\" \/>\n<meta property=\"og:url\" content=\"https:\/\/tonysourcing.com\/de\/groshandel\/babybadebuch-2\/\" \/>\n<meta property=\"og:site_name\" content=\"TonySourcing\" \/>\n<meta property=\"article:publisher\" content=\"https:\/\/www.facebook.com\/TonySourcing\" \/>\n<meta property=\"article:modified_time\" content=\"2020-09-15T03:50:26+00:00\" \/>\n<meta property=\"og:image\" content=\"https:\/\/tonysourcing.com\/wp-content\/uploads\/2020\/09\/Baby-Bath-Book-1.jpg\" \/>\n\t<meta property=\"og:image:width\" content=\"600\" \/>\n\t<meta property=\"og:image:height\" content=\"600\" \/>\n\t<meta property=\"og:image:type\" content=\"image\/jpeg\" \/>\n<meta name=\"twitter:card\" content=\"summary_large_image\" \/>\n<meta name=\"twitter:site\" content=\"@TonySourcing\" \/>\n<meta name=\"twitter:label1\" content=\"Gesch\u00e4tzte Lesezeit\" \/>\n\t<meta name=\"twitter:data1\" content=\"1\u00a0Minute\" \/>\n<script type=\"application\/ld+json\" class=\"yoast-schema-graph\">{\"@context\":\"https:\\\/\\\/schema.org\",\"@graph\":[{\"@type\":\"WebPage\",\"@id\":\"https:\\\/\\\/tonysourcing.com\\\/wholesale\\\/baby-bath-book-2\\\/\",\"url\":\"https:\\\/\\\/tonysourcing.com\\\/wholesale\\\/baby-bath-book-2\\\/\",\"name\":\"Whale Baby Bath Book - Import toys Wholesale directly From manufacturer\",\"isPartOf\":{\"@id\":\"https:\\\/\\\/tonysourcing.com\\\/#website\"},\"primaryImageOfPage\":{\"@id\":\"https:\\\/\\\/tonysourcing.com\\\/wholesale\\\/baby-bath-book-2\\\/#primaryimage\"},\"image\":{\"@id\":\"https:\\\/\\\/tonysourcing.com\\\/wholesale\\\/baby-bath-book-2\\\/#primaryimage\"},\"thumbnailUrl\":\"https:\\\/\\\/tonysourcing.com\\\/wp-content\\\/uploads\\\/2020\\\/09\\\/Baby-Bath-Book-1.jpg\",\"datePublished\":\"2020-09-10T02:46:03+00:00\",\"dateModified\":\"2020-09-15T03:50:26+00:00\",\"description\":\"Import Whale Baby Bath Book from China Manufacturer, Good Product and Good Price, Contact TonySourcing for Catalog today\",\"breadcrumb\":{\"@id\":\"https:\\\/\\\/tonysourcing.com\\\/wholesale\\\/baby-bath-book-2\\\/#breadcrumb\"},\"inLanguage\":\"de\",\"potentialAction\":[{\"@type\":\"ReadAction\",\"target\":[\"https:\\\/\\\/tonysourcing.com\\\/wholesale\\\/baby-bath-book-2\\\/\"]}]},{\"@type\":\"ImageObject\",\"inLanguage\":\"de\",\"@id\":\"https:\\\/\\\/tonysourcing.com\\\/wholesale\\\/baby-bath-book-2\\\/#primaryimage\",\"url\":\"https:\\\/\\\/tonysourcing.com\\\/wp-content\\\/uploads\\\/2020\\\/09\\\/Baby-Bath-Book-1.jpg\",\"contentUrl\":\"https:\\\/\\\/tonysourcing.com\\\/wp-content\\\/uploads\\\/2020\\\/09\\\/Baby-Bath-Book-1.jpg\",\"width\":600,\"height\":600,\"caption\":\"Baby Bath Book\"},{\"@type\":\"BreadcrumbList\",\"@id\":\"https:\\\/\\\/tonysourcing.com\\\/wholesale\\\/baby-bath-book-2\\\/#breadcrumb\",\"itemListElement\":[{\"@type\":\"ListItem\",\"position\":1,\"name\":\"Home\",\"item\":\"https:\\\/\\\/tonysourcing.com\\\/\"},{\"@type\":\"ListItem\",\"position\":2,\"name\":\"Wholesale\",\"item\":\"https:\\\/\\\/tonysourcing.com\\\/wholesale\\\/\"},{\"@type\":\"ListItem\",\"position\":3,\"name\":\"Baby Bath Book\"}]},{\"@type\":\"WebSite\",\"@id\":\"https:\\\/\\\/tonysourcing.com\\\/#website\",\"url\":\"https:\\\/\\\/tonysourcing.com\\\/\",\"name\":\"TonySourcing\",\"description\":\"Toys Wholesale Distributor &amp; China Promition Items\",\"publisher\":{\"@id\":\"https:\\\/\\\/tonysourcing.com\\\/#organization\"},\"potentialAction\":[{\"@type\":\"SearchAction\",\"target\":{\"@type\":\"EntryPoint\",\"urlTemplate\":\"https:\\\/\\\/tonysourcing.com\\\/?s={search_term_string}\"},\"query-input\":{\"@type\":\"PropertyValueSpecification\",\"valueRequired\":true,\"valueName\":\"search_term_string\"}}],\"inLanguage\":\"de\"},{\"@type\":\"Organization\",\"@id\":\"https:\\\/\\\/tonysourcing.com\\\/#organization\",\"name\":\"Yiwu Zongge\",\"url\":\"https:\\\/\\\/tonysourcing.com\\\/\",\"logo\":{\"@type\":\"ImageObject\",\"inLanguage\":\"de\",\"@id\":\"https:\\\/\\\/tonysourcing.com\\\/#\\\/schema\\\/logo\\\/image\\\/\",\"url\":\"https:\\\/\\\/tonysourcing.com\\\/wp-content\\\/uploads\\\/2021\\\/07\\\/cropped-TonySourcing-logo-1.png\",\"contentUrl\":\"https:\\\/\\\/tonysourcing.com\\\/wp-content\\\/uploads\\\/2021\\\/07\\\/cropped-TonySourcing-logo-1.png\",\"width\":300,\"height\":92,\"caption\":\"Yiwu Zongge\"},\"image\":{\"@id\":\"https:\\\/\\\/tonysourcing.com\\\/#\\\/schema\\\/logo\\\/image\\\/\"},\"sameAs\":[\"https:\\\/\\\/www.facebook.com\\\/TonySourcing\",\"https:\\\/\\\/x.com\\\/TonySourcing\",\"https:\\\/\\\/www.instagram.com\\\/tony_sourcing\\\/\",\"http:\\\/\\\/www.linkedin.com\\\/in\\\/tonychen88\",\"https:\\\/\\\/www.youtube.com\\\/channel\\\/UCZfST1M-NDoqjQ3dB-Tzszg\"]}]}<\/script>\n<!-- \/ Yoast SEO plugin. -->","yoast_head_json":{"title":"Wal Baby Badebuch - Import Spielzeug Gro\u00dfhandel direkt vom Hersteller","description":"Importieren Sie das Wal-Baby-Badebuch vom chinesischen Hersteller. Gutes Produkt und guter Preis. Kontaktieren Sie TonySourcing noch heute f\u00fcr den Katalog","robots":{"index":"index","follow":"follow","max-snippet":"max-snippet:-1","max-image-preview":"max-image-preview:large","max-video-preview":"max-video-preview:-1"},"canonical":"https:\/\/tonysourcing.com\/de\/groshandel\/babybadebuch-2\/","og_locale":"de_DE","og_type":"article","og_title":"Whale Baby Bath Book - Import toys Wholesale directly From manufacturer","og_description":"Import Whale Baby Bath Book from China Manufacturer, Good Product and Good Price, Contact TonySourcing for Catalog today","og_url":"https:\/\/tonysourcing.com\/de\/groshandel\/babybadebuch-2\/","og_site_name":"TonySourcing","article_publisher":"https:\/\/www.facebook.com\/TonySourcing","article_modified_time":"2020-09-15T03:50:26+00:00","og_image":[{"width":600,"height":600,"url":"https:\/\/tonysourcing.com\/wp-content\/uploads\/2020\/09\/Baby-Bath-Book-1.jpg","type":"image\/jpeg"}],"twitter_card":"summary_large_image","twitter_site":"@TonySourcing","twitter_misc":{"Gesch\u00e4tzte Lesezeit":"1\u00a0Minute"},"schema":{"@context":"https:\/\/schema.org","@graph":[{"@type":"WebPage","@id":"https:\/\/tonysourcing.com\/wholesale\/baby-bath-book-2\/","url":"https:\/\/tonysourcing.com\/wholesale\/baby-bath-book-2\/","name":"Wal Baby Badebuch - Import Spielzeug Gro\u00dfhandel direkt vom Hersteller","isPartOf":{"@id":"https:\/\/tonysourcing.com\/#website"},"primaryImageOfPage":{"@id":"https:\/\/tonysourcing.com\/wholesale\/baby-bath-book-2\/#primaryimage"},"image":{"@id":"https:\/\/tonysourcing.com\/wholesale\/baby-bath-book-2\/#primaryimage"},"thumbnailUrl":"https:\/\/tonysourcing.com\/wp-content\/uploads\/2020\/09\/Baby-Bath-Book-1.jpg","datePublished":"2020-09-10T02:46:03+00:00","dateModified":"2020-09-15T03:50:26+00:00","description":"Importieren Sie das Wal-Baby-Badebuch vom chinesischen Hersteller. Gutes Produkt und guter Preis. Kontaktieren Sie TonySourcing noch heute f\u00fcr den Katalog","breadcrumb":{"@id":"https:\/\/tonysourcing.com\/wholesale\/baby-bath-book-2\/#breadcrumb"},"inLanguage":"de","potentialAction":[{"@type":"ReadAction","target":["https:\/\/tonysourcing.com\/wholesale\/baby-bath-book-2\/"]}]},{"@type":"ImageObject","inLanguage":"de","@id":"https:\/\/tonysourcing.com\/wholesale\/baby-bath-book-2\/#primaryimage","url":"https:\/\/tonysourcing.com\/wp-content\/uploads\/2020\/09\/Baby-Bath-Book-1.jpg","contentUrl":"https:\/\/tonysourcing.com\/wp-content\/uploads\/2020\/09\/Baby-Bath-Book-1.jpg","width":600,"height":600,"caption":"Baby Bath Book"},{"@type":"BreadcrumbList","@id":"https:\/\/tonysourcing.com\/wholesale\/baby-bath-book-2\/#breadcrumb","itemListElement":[{"@type":"ListItem","position":1,"name":"Home","item":"https:\/\/tonysourcing.com\/"},{"@type":"ListItem","position":2,"name":"Wholesale","item":"https:\/\/tonysourcing.com\/wholesale\/"},{"@type":"ListItem","position":3,"name":"Baby Bath Book"}]},{"@type":"WebSite","@id":"https:\/\/tonysourcing.com\/#website","url":"https:\/\/tonysourcing.com\/","name":"TonySourcing","description":"Spielzeuggro\u00dfh\u00e4ndler und Werbeartikel aus China","publisher":{"@id":"https:\/\/tonysourcing.com\/#organization"},"potentialAction":[{"@type":"SearchAction","target":{"@type":"EntryPoint","urlTemplate":"https:\/\/tonysourcing.com\/?s={search_term_string}"},"query-input":{"@type":"PropertyValueSpecification","valueRequired":true,"valueName":"search_term_string"}}],"inLanguage":"de"},{"@type":"Organization","@id":"https:\/\/tonysourcing.com\/#organization","name":"Yiwu Zongge","url":"https:\/\/tonysourcing.com\/","logo":{"@type":"ImageObject","inLanguage":"de","@id":"https:\/\/tonysourcing.com\/#\/schema\/logo\/image\/","url":"https:\/\/tonysourcing.com\/wp-content\/uploads\/2021\/07\/cropped-TonySourcing-logo-1.png","contentUrl":"https:\/\/tonysourcing.com\/wp-content\/uploads\/2021\/07\/cropped-TonySourcing-logo-1.png","width":300,"height":92,"caption":"Yiwu Zongge"},"image":{"@id":"https:\/\/tonysourcing.com\/#\/schema\/logo\/image\/"},"sameAs":["https:\/\/www.facebook.com\/TonySourcing","https:\/\/x.com\/TonySourcing","https:\/\/www.instagram.com\/tony_sourcing\/","http:\/\/www.linkedin.com\/in\/tonychen88","https:\/\/www.youtube.com\/channel\/UCZfST1M-NDoqjQ3dB-Tzszg"]}]}},"_links":{"self":[{"href":"https:\/\/tonysourcing.com\/de\/wp-json\/wp\/v2\/product\/6783","targetHints":{"allow":["GET"]}}],"collection":[{"href":"https:\/\/tonysourcing.com\/de\/wp-json\/wp\/v2\/product"}],"about":[{"href":"https:\/\/tonysourcing.com\/de\/wp-json\/wp\/v2\/types\/product"}],"version-history":[{"count":2,"href":"https:\/\/tonysourcing.com\/de\/wp-json\/wp\/v2\/product\/6783\/revisions"}],"predecessor-version":[{"id":6824,"href":"https:\/\/tonysourcing.com\/de\/wp-json\/wp\/v2\/product\/6783\/revisions\/6824"}],"wp:featuredmedia":[{"embeddable":true,"href":"https:\/\/tonysourcing.com\/de\/wp-json\/wp\/v2\/media\/6825"}],"wp:attachment":[{"href":"https:\/\/tonysourcing.com\/de\/wp-json\/wp\/v2\/media?parent=6783"}],"wp:term":[{"taxonomy":"product_brand","embeddable":true,"href":"https:\/\/tonysourcing.com\/de\/wp-json\/wp\/v2\/product_brand?post=6783"},{"taxonomy":"product_cat","embeddable":true,"href":"https:\/\/tonysourcing.com\/de\/wp-json\/wp\/v2\/product_cat?post=6783"},{"taxonomy":"product_tag","embeddable":true,"href":"https:\/\/tonysourcing.com\/de\/wp-json\/wp\/v2\/product_tag?post=6783"}],"curies":[{"name":"wp","href":"https:\/\/api.w.org\/{rel}","templated":true}]}}