{"id":9565,"date":"2021-01-15T01:58:31","date_gmt":"2021-01-15T01:58:31","guid":{"rendered":"https:\/\/tonysourcing.com\/?post_type=product&#038;p=9565"},"modified":"2021-01-15T02:00:50","modified_gmt":"2021-01-15T02:00:50","slug":"kinderspielzeug-puppen-2","status":"publish","type":"product","link":"https:\/\/tonysourcing.com\/de\/wholesale\/kids-toys-dolls-2\/","title":{"rendered":"Kinderspielzeug Puppen"},"content":{"rendered":"<p>#1 Warum Kinderspielzeugpuppen kaufen von <a href=\"https:\/\/tonysourcing.com\/de\/\">TonySouring.com<\/a><br \/>\nW\u00e4hlen Sie aus \u00fcber 5.000 chinesischen Spielzeuglieferanten mit \u00fcber 100.000.000 Artikeln<br \/>\nSparen Sie bis zu 60% an Kosten, indem Sie direkt von chinesischen Spielzeugherstellern beziehen<br \/>\nErledigen Sie alles \u00fcber den One-Step-Service von TonySourcing<br \/>\nArbeiten Sie mit dem TonySourcing-Team zusammen, um Wissen und Unterst\u00fctzung beim Spielzeugkauf zu erhalten<\/p>\n<p>#2 Welche Zertifizierung haben Kinderspielzeugpuppen?<br \/>\nEN71 &amp; CE-Pr\u00fcfbericht: Die europ\u00e4ische Norm EN 71 legt Sicherheitsanforderungen f\u00fcr Spielzeug fest. Die Einhaltung der Norm ist f\u00fcr alle in der Europ\u00e4ischen Union verkauften Spielzeuge gesetzlich vorgeschrieben.<br \/>\nASTM-Testbericht: Nach der neuen Bundesgesetzgebung, die heute in Kraft tritt, m\u00fcssen alle in den USA verkauften Spielzeuge die Sicherheitsanforderungen von ASTM F963 erf\u00fcllen.<\/p>\n<p>#19 Was sind die besten Kinderspielzeugpuppen<br \/>\nDie besten Spielzeugpuppen f\u00fcr Kinder sollten \u00fcber Spiel-, Lern- und L\u00e4chelfunktionen verf\u00fcgen.<\/p>\n<p>&gt;&gt;Play-Funktion<br \/>\nLernspielzeuge werden auf der Grundlage von Bereichen wie r\u00e4umlichen Konzepten, mathematischer Logik, intellektueller Entwicklung, Sprachenlernen, Kunstverst\u00e4ndnis und kognitiver Kompetenz entwickelt. Verschiedene Lernspielzeuge k\u00f6nnen die F\u00e4higkeiten von Kindern in verschiedenen Bereichen f\u00f6rdern und ihr angeborenes Potenzial durch lustige Spiele erschlie\u00dfen.<\/p>\n<p>&gt;&gt;Lernfunktion<br \/>\nBringen Sie Kinder dazu, die Initiative zu ergreifen und bereitwillig zu lernen. Spielen ist die Grundlage des Lernens! Wenn ein Kind interessiert ein Spielzeug in die Hand nimmt, zeigt dies, dass sein Gehirn bereits auf Hochtouren arbeitet. Gleichzeitig trainiert das Kind seine motorischen F\u00e4higkeiten, die Auge-Hand-Koordination, Konzentration, Sprach- und Kommunikationsf\u00e4higkeiten, Kreativit\u00e4t, Vorstellungskraft, r\u00e4umliches Vorstellungsverm\u00f6gen, Logik, Probleml\u00f6sungsf\u00e4higkeiten sowie mathematisches Denkverm\u00f6gen.<\/p>\n<p>&gt;&gt;Smile-Funktion:<br \/>\n\u201eSpielen und Lernen\u201c reicht noch nicht aus.<br \/>\nDer sch\u00f6nste Wunsch ist, dass jedes Kind beim Spielen mit Lernspielzeug von Herzen l\u00e4chelt, lernt zu denken und sogar einen Schritt weiter zu gehen und zu erforschen.<\/p>\n<p><img fetchpriority=\"high\" decoding=\"async\" class=\"aligncenter wp-image-9118 size-full\" src=\"https:\/\/tonysourcing.com\/wp-content\/uploads\/2020\/12\/1-3.jpg\" alt=\"\" width=\"900\" height=\"360\" srcset=\"https:\/\/tonysourcing.com\/wp-content\/uploads\/2020\/12\/1-3.jpg 900w, https:\/\/tonysourcing.com\/wp-content\/uploads\/2020\/12\/1-3-300x120.jpg 300w, https:\/\/tonysourcing.com\/wp-content\/uploads\/2020\/12\/1-3-800x320.jpg 800w, https:\/\/tonysourcing.com\/wp-content\/uploads\/2020\/12\/1-3-768x307.jpg 768w, https:\/\/tonysourcing.com\/wp-content\/uploads\/2020\/12\/1-3-600x240.jpg 600w\" sizes=\"(max-width: 900px) 100vw, 900px\" \/><\/p>","protected":false},"excerpt":{"rendered":"<table style=\"border-collapse: collapse;width: 216.78pt\" border=\"0\" width=\"289\" cellspacing=\"0\" cellpadding=\"0\">\n<tbody>\n<tr style=\"height: 100.50pt\">\n<td class=\"et3\" style=\"height: 100.50pt;width: 217.00pt\" width=\"289\" height=\"134\">Artikelnummer: SUDO-00007<\/td>\n<\/tr>\n<\/tbody>\n<\/table>","protected":false},"featured_media":9566,"template":"","meta":{"_kad_post_transparent":"","_kad_post_title":"","_kad_post_layout":"","_kad_post_sidebar_id":"","_kad_post_content_style":"","_kad_post_vertical_padding":"","_kad_post_feature":"","_kad_post_feature_position":"","_kad_post_header":false,"_kad_post_footer":false,"_kad_post_classname":""},"product_brand":[],"product_cat":[1001],"product_tag":[1119,1018,1019],"class_list":{"0":"post-9565","1":"product","2":"type-product","3":"status-publish","4":"has-post-thumbnail","6":"product_cat-dolls-figures-toys","7":"product_tag-kids-toys-dolls","8":"product_tag-kids-doodle-scribbler-boards","9":"product_tag-toddler-art-creativity-toys","11":"first","12":"instock","13":"shipping-taxable","14":"product-type-simple","15":"entry","16":"content-bg","17":"loop-entry"},"yoast_head":"<!-- This site is optimized with the Yoast SEO plugin v27.4 - https:\/\/yoast.com\/product\/yoast-seo-wordpress\/ -->\n<title>kids toys dolls - Import Toys Wholesale From Manufacturer Directly<\/title>\n<meta name=\"description\" content=\"Import kids toys dolls from China Manufacturer, Good Product and Good Price, Contact TonySourcing for Catalog today Directly from China\" \/>\n<meta name=\"robots\" content=\"index, follow, max-snippet:-1, max-image-preview:large, max-video-preview:-1\" \/>\n<link rel=\"canonical\" href=\"https:\/\/tonysourcing.com\/de\/groshandel\/kinderspielzeug-puppen-2\/\" \/>\n<meta property=\"og:locale\" content=\"de_DE\" \/>\n<meta property=\"og:type\" content=\"article\" \/>\n<meta property=\"og:title\" content=\"kids toys dolls - Import Toys Wholesale From Manufacturer Directly\" \/>\n<meta property=\"og:description\" content=\"Import kids toys dolls from China Manufacturer, Good Product and Good Price, Contact TonySourcing for Catalog today Directly from China\" \/>\n<meta property=\"og:url\" content=\"https:\/\/tonysourcing.com\/de\/groshandel\/kinderspielzeug-puppen-2\/\" \/>\n<meta property=\"og:site_name\" content=\"TonySourcing\" \/>\n<meta property=\"article:publisher\" content=\"https:\/\/www.facebook.com\/TonySourcing\" \/>\n<meta property=\"article:modified_time\" content=\"2021-01-15T02:00:50+00:00\" \/>\n<meta property=\"og:image\" content=\"https:\/\/tonysourcing.com\/wp-content\/uploads\/2021\/01\/kids-toys-dolls.jpg\" \/>\n\t<meta property=\"og:image:width\" content=\"600\" \/>\n\t<meta property=\"og:image:height\" content=\"600\" \/>\n\t<meta property=\"og:image:type\" content=\"image\/jpeg\" \/>\n<meta name=\"twitter:card\" content=\"summary_large_image\" \/>\n<meta name=\"twitter:site\" content=\"@TonySourcing\" \/>\n<meta name=\"twitter:label1\" content=\"Gesch\u00e4tzte Lesezeit\" \/>\n\t<meta name=\"twitter:data1\" content=\"1\u00a0Minute\" \/>\n<script type=\"application\/ld+json\" class=\"yoast-schema-graph\">{\"@context\":\"https:\\\/\\\/schema.org\",\"@graph\":[{\"@type\":\"WebPage\",\"@id\":\"https:\\\/\\\/tonysourcing.com\\\/wholesale\\\/kids-toys-dolls-2\\\/\",\"url\":\"https:\\\/\\\/tonysourcing.com\\\/wholesale\\\/kids-toys-dolls-2\\\/\",\"name\":\"kids toys dolls - Import Toys Wholesale From Manufacturer Directly\",\"isPartOf\":{\"@id\":\"https:\\\/\\\/tonysourcing.com\\\/#website\"},\"primaryImageOfPage\":{\"@id\":\"https:\\\/\\\/tonysourcing.com\\\/wholesale\\\/kids-toys-dolls-2\\\/#primaryimage\"},\"image\":{\"@id\":\"https:\\\/\\\/tonysourcing.com\\\/wholesale\\\/kids-toys-dolls-2\\\/#primaryimage\"},\"thumbnailUrl\":\"https:\\\/\\\/tonysourcing.com\\\/wp-content\\\/uploads\\\/2021\\\/01\\\/kids-toys-dolls.jpg\",\"datePublished\":\"2021-01-15T01:58:31+00:00\",\"dateModified\":\"2021-01-15T02:00:50+00:00\",\"description\":\"Import kids toys dolls from China Manufacturer, Good Product and Good Price, Contact TonySourcing for Catalog today Directly from China\",\"breadcrumb\":{\"@id\":\"https:\\\/\\\/tonysourcing.com\\\/wholesale\\\/kids-toys-dolls-2\\\/#breadcrumb\"},\"inLanguage\":\"de\",\"potentialAction\":[{\"@type\":\"ReadAction\",\"target\":[\"https:\\\/\\\/tonysourcing.com\\\/wholesale\\\/kids-toys-dolls-2\\\/\"]}]},{\"@type\":\"ImageObject\",\"inLanguage\":\"de\",\"@id\":\"https:\\\/\\\/tonysourcing.com\\\/wholesale\\\/kids-toys-dolls-2\\\/#primaryimage\",\"url\":\"https:\\\/\\\/tonysourcing.com\\\/wp-content\\\/uploads\\\/2021\\\/01\\\/kids-toys-dolls.jpg\",\"contentUrl\":\"https:\\\/\\\/tonysourcing.com\\\/wp-content\\\/uploads\\\/2021\\\/01\\\/kids-toys-dolls.jpg\",\"width\":600,\"height\":600},{\"@type\":\"BreadcrumbList\",\"@id\":\"https:\\\/\\\/tonysourcing.com\\\/wholesale\\\/kids-toys-dolls-2\\\/#breadcrumb\",\"itemListElement\":[{\"@type\":\"ListItem\",\"position\":1,\"name\":\"Home\",\"item\":\"https:\\\/\\\/tonysourcing.com\\\/\"},{\"@type\":\"ListItem\",\"position\":2,\"name\":\"Wholesale\",\"item\":\"https:\\\/\\\/tonysourcing.com\\\/wholesale\\\/\"},{\"@type\":\"ListItem\",\"position\":3,\"name\":\"kids toys dolls\"}]},{\"@type\":\"WebSite\",\"@id\":\"https:\\\/\\\/tonysourcing.com\\\/#website\",\"url\":\"https:\\\/\\\/tonysourcing.com\\\/\",\"name\":\"TonySourcing\",\"description\":\"Toys Wholesale Distributor &amp; China Promition Items\",\"publisher\":{\"@id\":\"https:\\\/\\\/tonysourcing.com\\\/#organization\"},\"potentialAction\":[{\"@type\":\"SearchAction\",\"target\":{\"@type\":\"EntryPoint\",\"urlTemplate\":\"https:\\\/\\\/tonysourcing.com\\\/?s={search_term_string}\"},\"query-input\":{\"@type\":\"PropertyValueSpecification\",\"valueRequired\":true,\"valueName\":\"search_term_string\"}}],\"inLanguage\":\"de\"},{\"@type\":\"Organization\",\"@id\":\"https:\\\/\\\/tonysourcing.com\\\/#organization\",\"name\":\"Yiwu Zongge\",\"url\":\"https:\\\/\\\/tonysourcing.com\\\/\",\"logo\":{\"@type\":\"ImageObject\",\"inLanguage\":\"de\",\"@id\":\"https:\\\/\\\/tonysourcing.com\\\/#\\\/schema\\\/logo\\\/image\\\/\",\"url\":\"https:\\\/\\\/tonysourcing.com\\\/wp-content\\\/uploads\\\/2021\\\/07\\\/cropped-TonySourcing-logo-1.png\",\"contentUrl\":\"https:\\\/\\\/tonysourcing.com\\\/wp-content\\\/uploads\\\/2021\\\/07\\\/cropped-TonySourcing-logo-1.png\",\"width\":300,\"height\":92,\"caption\":\"Yiwu Zongge\"},\"image\":{\"@id\":\"https:\\\/\\\/tonysourcing.com\\\/#\\\/schema\\\/logo\\\/image\\\/\"},\"sameAs\":[\"https:\\\/\\\/www.facebook.com\\\/TonySourcing\",\"https:\\\/\\\/x.com\\\/TonySourcing\",\"https:\\\/\\\/www.instagram.com\\\/tony_sourcing\\\/\",\"http:\\\/\\\/www.linkedin.com\\\/in\\\/tonychen88\",\"https:\\\/\\\/www.youtube.com\\\/channel\\\/UCZfST1M-NDoqjQ3dB-Tzszg\"]}]}<\/script>\n<!-- \/ Yoast SEO plugin. -->","yoast_head_json":{"title":"Kinderspielzeugpuppen - Spielzeuggro\u00dfhandel direkt vom Hersteller importieren","description":"Importieren Sie Kinderspielzeugpuppen vom chinesischen Hersteller. Gutes Produkt und guter Preis. Kontaktieren Sie TonySourcing noch heute f\u00fcr einen Katalog. Direkt aus China","robots":{"index":"index","follow":"follow","max-snippet":"max-snippet:-1","max-image-preview":"max-image-preview:large","max-video-preview":"max-video-preview:-1"},"canonical":"https:\/\/tonysourcing.com\/de\/groshandel\/kinderspielzeug-puppen-2\/","og_locale":"de_DE","og_type":"article","og_title":"kids toys dolls - Import Toys Wholesale From Manufacturer Directly","og_description":"Import kids toys dolls from China Manufacturer, Good Product and Good Price, Contact TonySourcing for Catalog today Directly from China","og_url":"https:\/\/tonysourcing.com\/de\/groshandel\/kinderspielzeug-puppen-2\/","og_site_name":"TonySourcing","article_publisher":"https:\/\/www.facebook.com\/TonySourcing","article_modified_time":"2021-01-15T02:00:50+00:00","og_image":[{"width":600,"height":600,"url":"https:\/\/tonysourcing.com\/wp-content\/uploads\/2021\/01\/kids-toys-dolls.jpg","type":"image\/jpeg"}],"twitter_card":"summary_large_image","twitter_site":"@TonySourcing","twitter_misc":{"Gesch\u00e4tzte Lesezeit":"1\u00a0Minute"},"schema":{"@context":"https:\/\/schema.org","@graph":[{"@type":"WebPage","@id":"https:\/\/tonysourcing.com\/wholesale\/kids-toys-dolls-2\/","url":"https:\/\/tonysourcing.com\/wholesale\/kids-toys-dolls-2\/","name":"Kinderspielzeugpuppen - Spielzeuggro\u00dfhandel direkt vom Hersteller importieren","isPartOf":{"@id":"https:\/\/tonysourcing.com\/#website"},"primaryImageOfPage":{"@id":"https:\/\/tonysourcing.com\/wholesale\/kids-toys-dolls-2\/#primaryimage"},"image":{"@id":"https:\/\/tonysourcing.com\/wholesale\/kids-toys-dolls-2\/#primaryimage"},"thumbnailUrl":"https:\/\/tonysourcing.com\/wp-content\/uploads\/2021\/01\/kids-toys-dolls.jpg","datePublished":"2021-01-15T01:58:31+00:00","dateModified":"2021-01-15T02:00:50+00:00","description":"Importieren Sie Kinderspielzeugpuppen vom chinesischen Hersteller. Gutes Produkt und guter Preis. Kontaktieren Sie TonySourcing noch heute f\u00fcr einen Katalog. Direkt aus China","breadcrumb":{"@id":"https:\/\/tonysourcing.com\/wholesale\/kids-toys-dolls-2\/#breadcrumb"},"inLanguage":"de","potentialAction":[{"@type":"ReadAction","target":["https:\/\/tonysourcing.com\/wholesale\/kids-toys-dolls-2\/"]}]},{"@type":"ImageObject","inLanguage":"de","@id":"https:\/\/tonysourcing.com\/wholesale\/kids-toys-dolls-2\/#primaryimage","url":"https:\/\/tonysourcing.com\/wp-content\/uploads\/2021\/01\/kids-toys-dolls.jpg","contentUrl":"https:\/\/tonysourcing.com\/wp-content\/uploads\/2021\/01\/kids-toys-dolls.jpg","width":600,"height":600},{"@type":"BreadcrumbList","@id":"https:\/\/tonysourcing.com\/wholesale\/kids-toys-dolls-2\/#breadcrumb","itemListElement":[{"@type":"ListItem","position":1,"name":"Home","item":"https:\/\/tonysourcing.com\/"},{"@type":"ListItem","position":2,"name":"Wholesale","item":"https:\/\/tonysourcing.com\/wholesale\/"},{"@type":"ListItem","position":3,"name":"kids toys dolls"}]},{"@type":"WebSite","@id":"https:\/\/tonysourcing.com\/#website","url":"https:\/\/tonysourcing.com\/","name":"TonySourcing","description":"Spielzeuggro\u00dfh\u00e4ndler und Werbeartikel aus China","publisher":{"@id":"https:\/\/tonysourcing.com\/#organization"},"potentialAction":[{"@type":"SearchAction","target":{"@type":"EntryPoint","urlTemplate":"https:\/\/tonysourcing.com\/?s={search_term_string}"},"query-input":{"@type":"PropertyValueSpecification","valueRequired":true,"valueName":"search_term_string"}}],"inLanguage":"de"},{"@type":"Organization","@id":"https:\/\/tonysourcing.com\/#organization","name":"Yiwu Zongge","url":"https:\/\/tonysourcing.com\/","logo":{"@type":"ImageObject","inLanguage":"de","@id":"https:\/\/tonysourcing.com\/#\/schema\/logo\/image\/","url":"https:\/\/tonysourcing.com\/wp-content\/uploads\/2021\/07\/cropped-TonySourcing-logo-1.png","contentUrl":"https:\/\/tonysourcing.com\/wp-content\/uploads\/2021\/07\/cropped-TonySourcing-logo-1.png","width":300,"height":92,"caption":"Yiwu Zongge"},"image":{"@id":"https:\/\/tonysourcing.com\/#\/schema\/logo\/image\/"},"sameAs":["https:\/\/www.facebook.com\/TonySourcing","https:\/\/x.com\/TonySourcing","https:\/\/www.instagram.com\/tony_sourcing\/","http:\/\/www.linkedin.com\/in\/tonychen88","https:\/\/www.youtube.com\/channel\/UCZfST1M-NDoqjQ3dB-Tzszg"]}]}},"_links":{"self":[{"href":"https:\/\/tonysourcing.com\/de\/wp-json\/wp\/v2\/product\/9565","targetHints":{"allow":["GET"]}}],"collection":[{"href":"https:\/\/tonysourcing.com\/de\/wp-json\/wp\/v2\/product"}],"about":[{"href":"https:\/\/tonysourcing.com\/de\/wp-json\/wp\/v2\/types\/product"}],"version-history":[{"count":1,"href":"https:\/\/tonysourcing.com\/de\/wp-json\/wp\/v2\/product\/9565\/revisions"}],"predecessor-version":[{"id":9567,"href":"https:\/\/tonysourcing.com\/de\/wp-json\/wp\/v2\/product\/9565\/revisions\/9567"}],"wp:featuredmedia":[{"embeddable":true,"href":"https:\/\/tonysourcing.com\/de\/wp-json\/wp\/v2\/media\/9566"}],"wp:attachment":[{"href":"https:\/\/tonysourcing.com\/de\/wp-json\/wp\/v2\/media?parent=9565"}],"wp:term":[{"taxonomy":"product_brand","embeddable":true,"href":"https:\/\/tonysourcing.com\/de\/wp-json\/wp\/v2\/product_brand?post=9565"},{"taxonomy":"product_cat","embeddable":true,"href":"https:\/\/tonysourcing.com\/de\/wp-json\/wp\/v2\/product_cat?post=9565"},{"taxonomy":"product_tag","embeddable":true,"href":"https:\/\/tonysourcing.com\/de\/wp-json\/wp\/v2\/product_tag?post=9565"}],"curies":[{"name":"wp","href":"https:\/\/api.w.org\/{rel}","templated":true}]}}