{"id":9666,"date":"2021-01-19T02:55:10","date_gmt":"2021-01-19T02:55:10","guid":{"rendered":"https:\/\/tonysourcing.com\/?post_type=product&#038;p=9666"},"modified":"2021-01-19T02:58:18","modified_gmt":"2021-01-19T02:58:18","slug":"legierung-auto-spielzeug","status":"publish","type":"product","link":"https:\/\/tonysourcing.com\/de\/wholesale\/alloy-car-toys\/","title":{"rendered":"legierung auto spielzeug"},"content":{"rendered":"<p>#1 Warum Legierungsautospielzeug in Toy Story kaufen von <a href=\"https:\/\/tonysourcing.com\/de\/\">TonySouring.com<\/a><br \/>\nW\u00e4hlen Sie aus \u00fcber 5.000 chinesischen Spielzeuglieferanten mit \u00fcber 100.000.000 Artikeln<br \/>\nSparen Sie bis zu 60% an Kosten, indem Sie direkt von chinesischen Spielzeugherstellern beziehen<br \/>\nErledigen Sie alles \u00fcber den One-Step-Service von TonySourcing<br \/>\nArbeiten Sie mit dem TonySourcing-Team zusammen, um Wissen und Unterst\u00fctzung beim Spielzeugkauf zu erhalten<\/p>\n<p>#2 Welche Zertifizierung haben Spielzeugautos aus Legierung?<br \/>\nEN71 &amp; CE-Pr\u00fcfbericht: Die europ\u00e4ische Norm EN 71 legt Sicherheitsanforderungen f\u00fcr Spielzeug fest. Die Einhaltung der Norm ist f\u00fcr alle in der Europ\u00e4ischen Union verkauften Spielzeuge gesetzlich vorgeschrieben.<br \/>\nASTM-Testbericht: Nach der neuen Bundesgesetzgebung, die heute in Kraft tritt, m\u00fcssen alle in den USA verkauften Spielzeuge die Sicherheitsanforderungen von ASTM F963 erf\u00fcllen.<\/p>\n<p>#19 Was ist das beste Legierungsautospielzeug in Toy Story?<br \/>\nDie besten Spielzeugautos aus Legierung sollten \u00fcber Spiel-, Lern- und L\u00e4chelfunktionen verf\u00fcgen.<\/p>\n<p>&gt;&gt;Play-Funktion<br \/>\n<a href=\"https:\/\/tonysourcing.toys\/\">Lernspielzeug<\/a> werden auf der Grundlage von Bereichen wie r\u00e4umlichen Konzepten, mathematischer Logik, intellektueller Entwicklung, Sprachenlernen, Kunstverst\u00e4ndnis und kognitiver Kompetenz entwickelt. Verschiedene Lernspielzeuge k\u00f6nnen die F\u00e4higkeiten von Kindern in verschiedenen Bereichen f\u00f6rdern und ihr angeborenes Potenzial durch lustige Spiele erschlie\u00dfen.<\/p>\n<p>&gt;&gt;Lernfunktion<br \/>\nBringen Sie Kinder dazu, die Initiative zu ergreifen und bereitwillig zu lernen. Spielen ist die Grundlage des Lernens! Wenn ein Kind interessiert ein Spielzeug in die Hand nimmt, zeigt dies, dass sein Gehirn bereits auf Hochtouren arbeitet. Gleichzeitig trainiert das Kind seine motorischen F\u00e4higkeiten, die Auge-Hand-Koordination, Konzentration, Sprach- und Kommunikationsf\u00e4higkeiten, Kreativit\u00e4t, Vorstellungskraft, r\u00e4umliches Vorstellungsverm\u00f6gen, Logik, Probleml\u00f6sungsf\u00e4higkeiten sowie mathematisches Denkverm\u00f6gen.<\/p>\n<p>&gt;&gt;Smile-Funktion:<br \/>\n\u201eSpielen und Lernen\u201c reicht noch nicht aus.<br \/>\nDer sch\u00f6nste Wunsch ist, dass jedes Kind beim Spielen mit Lernspielzeug von Herzen l\u00e4chelt, lernt zu denken und sogar einen Schritt weiter zu gehen und zu erforschen.<\/p>\n<p><img fetchpriority=\"high\" decoding=\"async\" class=\"size-full wp-image-7144\" src=\"https:\/\/tonysourcing.com\/wp-content\/uploads\/2020\/10\/Toys-catalog-for-RC.jpg\" alt=\"Spielzeugkatalog f\u00fcr RC\" width=\"1023\" height=\"493\" srcset=\"https:\/\/tonysourcing.com\/wp-content\/uploads\/2020\/10\/Toys-catalog-for-RC.jpg 1023w, https:\/\/tonysourcing.com\/wp-content\/uploads\/2020\/10\/Toys-catalog-for-RC-300x145.jpg 300w, https:\/\/tonysourcing.com\/wp-content\/uploads\/2020\/10\/Toys-catalog-for-RC-800x386.jpg 800w, https:\/\/tonysourcing.com\/wp-content\/uploads\/2020\/10\/Toys-catalog-for-RC-768x370.jpg 768w, https:\/\/tonysourcing.com\/wp-content\/uploads\/2020\/10\/Toys-catalog-for-RC-200x96.jpg 200w, https:\/\/tonysourcing.com\/wp-content\/uploads\/2020\/10\/Toys-catalog-for-RC-400x193.jpg 400w, https:\/\/tonysourcing.com\/wp-content\/uploads\/2020\/10\/Toys-catalog-for-RC-600x289.jpg 600w\" sizes=\"(max-width: 1023px) 100vw, 1023px\" \/><\/p>\n<p>Spielzeugkatalog f\u00fcr RC<\/p>","protected":false},"excerpt":{"rendered":"<p>Artikel: SUCAR-00003<\/p>","protected":false},"featured_media":9667,"template":"","meta":{"_kad_post_transparent":"","_kad_post_title":"","_kad_post_layout":"","_kad_post_sidebar_id":"","_kad_post_content_style":"","_kad_post_vertical_padding":"","_kad_post_feature":"","_kad_post_feature_position":"","_kad_post_header":false,"_kad_post_footer":false,"_kad_post_classname":""},"product_brand":[],"product_cat":[507],"product_tag":[1149,971,678],"class_list":{"0":"post-9666","1":"product","2":"type-product","3":"status-publish","4":"has-post-thumbnail","6":"product_cat-rc-toys","7":"product_tag-alloy-car-toys","8":"product_tag-hobby-remote-controlled","9":"product_tag-rc-toys","11":"first","12":"instock","13":"shipping-taxable","14":"product-type-simple","15":"entry","16":"content-bg","17":"loop-entry"},"yoast_head":"<!-- This site is optimized with the Yoast SEO plugin v27.4 - https:\/\/yoast.com\/product\/yoast-seo-wordpress\/ -->\n<title>alloy car toys - Import Toys Wholesale Directly From Manufacturer<\/title>\n<meta name=\"description\" content=\"Import alloy car toys from China Manufacturer, Good Product and Good Price, Contact TonySourcing for Catalog today Directly\" \/>\n<meta name=\"robots\" content=\"index, follow, max-snippet:-1, max-image-preview:large, max-video-preview:-1\" \/>\n<link rel=\"canonical\" href=\"https:\/\/tonysourcing.com\/de\/groshandel\/legierung-auto-spielzeug\/\" \/>\n<meta property=\"og:locale\" content=\"de_DE\" \/>\n<meta property=\"og:type\" content=\"article\" \/>\n<meta property=\"og:title\" content=\"alloy car toys - Import Toys Wholesale Directly From Manufacturer\" \/>\n<meta property=\"og:description\" content=\"Import alloy car toys from China Manufacturer, Good Product and Good Price, Contact TonySourcing for Catalog today Directly\" \/>\n<meta property=\"og:url\" content=\"https:\/\/tonysourcing.com\/de\/groshandel\/legierung-auto-spielzeug\/\" \/>\n<meta property=\"og:site_name\" content=\"TonySourcing\" \/>\n<meta property=\"article:publisher\" content=\"https:\/\/www.facebook.com\/TonySourcing\" \/>\n<meta property=\"article:modified_time\" content=\"2021-01-19T02:58:18+00:00\" \/>\n<meta property=\"og:image\" content=\"https:\/\/tonysourcing.com\/wp-content\/uploads\/2021\/01\/alloy-car-toys-set.jpg\" \/>\n\t<meta property=\"og:image:width\" content=\"600\" \/>\n\t<meta property=\"og:image:height\" content=\"600\" \/>\n\t<meta property=\"og:image:type\" content=\"image\/jpeg\" \/>\n<meta name=\"twitter:card\" content=\"summary_large_image\" \/>\n<meta name=\"twitter:site\" content=\"@TonySourcing\" \/>\n<meta name=\"twitter:label1\" content=\"Gesch\u00e4tzte Lesezeit\" \/>\n\t<meta name=\"twitter:data1\" content=\"2\u00a0Minuten\" \/>\n<script type=\"application\/ld+json\" class=\"yoast-schema-graph\">{\"@context\":\"https:\\\/\\\/schema.org\",\"@graph\":[{\"@type\":\"WebPage\",\"@id\":\"https:\\\/\\\/tonysourcing.com\\\/wholesale\\\/alloy-car-toys\\\/\",\"url\":\"https:\\\/\\\/tonysourcing.com\\\/wholesale\\\/alloy-car-toys\\\/\",\"name\":\"alloy car toys - Import Toys Wholesale Directly From Manufacturer\",\"isPartOf\":{\"@id\":\"https:\\\/\\\/tonysourcing.com\\\/#website\"},\"primaryImageOfPage\":{\"@id\":\"https:\\\/\\\/tonysourcing.com\\\/wholesale\\\/alloy-car-toys\\\/#primaryimage\"},\"image\":{\"@id\":\"https:\\\/\\\/tonysourcing.com\\\/wholesale\\\/alloy-car-toys\\\/#primaryimage\"},\"thumbnailUrl\":\"https:\\\/\\\/tonysourcing.com\\\/wp-content\\\/uploads\\\/2021\\\/01\\\/alloy-car-toys-set.jpg\",\"datePublished\":\"2021-01-19T02:55:10+00:00\",\"dateModified\":\"2021-01-19T02:58:18+00:00\",\"description\":\"Import alloy car toys from China Manufacturer, Good Product and Good Price, Contact TonySourcing for Catalog today Directly\",\"breadcrumb\":{\"@id\":\"https:\\\/\\\/tonysourcing.com\\\/wholesale\\\/alloy-car-toys\\\/#breadcrumb\"},\"inLanguage\":\"de\",\"potentialAction\":[{\"@type\":\"ReadAction\",\"target\":[\"https:\\\/\\\/tonysourcing.com\\\/wholesale\\\/alloy-car-toys\\\/\"]}]},{\"@type\":\"ImageObject\",\"inLanguage\":\"de\",\"@id\":\"https:\\\/\\\/tonysourcing.com\\\/wholesale\\\/alloy-car-toys\\\/#primaryimage\",\"url\":\"https:\\\/\\\/tonysourcing.com\\\/wp-content\\\/uploads\\\/2021\\\/01\\\/alloy-car-toys-set.jpg\",\"contentUrl\":\"https:\\\/\\\/tonysourcing.com\\\/wp-content\\\/uploads\\\/2021\\\/01\\\/alloy-car-toys-set.jpg\",\"width\":600,\"height\":600},{\"@type\":\"BreadcrumbList\",\"@id\":\"https:\\\/\\\/tonysourcing.com\\\/wholesale\\\/alloy-car-toys\\\/#breadcrumb\",\"itemListElement\":[{\"@type\":\"ListItem\",\"position\":1,\"name\":\"Home\",\"item\":\"https:\\\/\\\/tonysourcing.com\\\/\"},{\"@type\":\"ListItem\",\"position\":2,\"name\":\"Wholesale\",\"item\":\"https:\\\/\\\/tonysourcing.com\\\/wholesale\\\/\"},{\"@type\":\"ListItem\",\"position\":3,\"name\":\"alloy car toys\"}]},{\"@type\":\"WebSite\",\"@id\":\"https:\\\/\\\/tonysourcing.com\\\/#website\",\"url\":\"https:\\\/\\\/tonysourcing.com\\\/\",\"name\":\"TonySourcing\",\"description\":\"Toys Wholesale Distributor &amp; China Promition Items\",\"publisher\":{\"@id\":\"https:\\\/\\\/tonysourcing.com\\\/#organization\"},\"potentialAction\":[{\"@type\":\"SearchAction\",\"target\":{\"@type\":\"EntryPoint\",\"urlTemplate\":\"https:\\\/\\\/tonysourcing.com\\\/?s={search_term_string}\"},\"query-input\":{\"@type\":\"PropertyValueSpecification\",\"valueRequired\":true,\"valueName\":\"search_term_string\"}}],\"inLanguage\":\"de\"},{\"@type\":\"Organization\",\"@id\":\"https:\\\/\\\/tonysourcing.com\\\/#organization\",\"name\":\"Yiwu Zongge\",\"url\":\"https:\\\/\\\/tonysourcing.com\\\/\",\"logo\":{\"@type\":\"ImageObject\",\"inLanguage\":\"de\",\"@id\":\"https:\\\/\\\/tonysourcing.com\\\/#\\\/schema\\\/logo\\\/image\\\/\",\"url\":\"https:\\\/\\\/tonysourcing.com\\\/wp-content\\\/uploads\\\/2021\\\/07\\\/cropped-TonySourcing-logo-1.png\",\"contentUrl\":\"https:\\\/\\\/tonysourcing.com\\\/wp-content\\\/uploads\\\/2021\\\/07\\\/cropped-TonySourcing-logo-1.png\",\"width\":300,\"height\":92,\"caption\":\"Yiwu Zongge\"},\"image\":{\"@id\":\"https:\\\/\\\/tonysourcing.com\\\/#\\\/schema\\\/logo\\\/image\\\/\"},\"sameAs\":[\"https:\\\/\\\/www.facebook.com\\\/TonySourcing\",\"https:\\\/\\\/x.com\\\/TonySourcing\",\"https:\\\/\\\/www.instagram.com\\\/tony_sourcing\\\/\",\"http:\\\/\\\/www.linkedin.com\\\/in\\\/tonychen88\",\"https:\\\/\\\/www.youtube.com\\\/channel\\\/UCZfST1M-NDoqjQ3dB-Tzszg\"]}]}<\/script>\n<!-- \/ Yoast SEO plugin. -->","yoast_head_json":{"title":"Legierungsautospielzeug - Importieren Sie Spielzeuggro\u00dfhandel direkt vom Hersteller","description":"Importieren Sie Legierungsautospielzeug vom chinesischen Hersteller, gutes Produkt und guter Preis, kontaktieren Sie TonySourcing noch heute direkt f\u00fcr den Katalog","robots":{"index":"index","follow":"follow","max-snippet":"max-snippet:-1","max-image-preview":"max-image-preview:large","max-video-preview":"max-video-preview:-1"},"canonical":"https:\/\/tonysourcing.com\/de\/groshandel\/legierung-auto-spielzeug\/","og_locale":"de_DE","og_type":"article","og_title":"alloy car toys - Import Toys Wholesale Directly From Manufacturer","og_description":"Import alloy car toys from China Manufacturer, Good Product and Good Price, Contact TonySourcing for Catalog today Directly","og_url":"https:\/\/tonysourcing.com\/de\/groshandel\/legierung-auto-spielzeug\/","og_site_name":"TonySourcing","article_publisher":"https:\/\/www.facebook.com\/TonySourcing","article_modified_time":"2021-01-19T02:58:18+00:00","og_image":[{"width":600,"height":600,"url":"https:\/\/tonysourcing.com\/wp-content\/uploads\/2021\/01\/alloy-car-toys-set.jpg","type":"image\/jpeg"}],"twitter_card":"summary_large_image","twitter_site":"@TonySourcing","twitter_misc":{"Gesch\u00e4tzte Lesezeit":"2\u00a0Minuten"},"schema":{"@context":"https:\/\/schema.org","@graph":[{"@type":"WebPage","@id":"https:\/\/tonysourcing.com\/wholesale\/alloy-car-toys\/","url":"https:\/\/tonysourcing.com\/wholesale\/alloy-car-toys\/","name":"Legierungsautospielzeug - Importieren Sie Spielzeuggro\u00dfhandel direkt vom Hersteller","isPartOf":{"@id":"https:\/\/tonysourcing.com\/#website"},"primaryImageOfPage":{"@id":"https:\/\/tonysourcing.com\/wholesale\/alloy-car-toys\/#primaryimage"},"image":{"@id":"https:\/\/tonysourcing.com\/wholesale\/alloy-car-toys\/#primaryimage"},"thumbnailUrl":"https:\/\/tonysourcing.com\/wp-content\/uploads\/2021\/01\/alloy-car-toys-set.jpg","datePublished":"2021-01-19T02:55:10+00:00","dateModified":"2021-01-19T02:58:18+00:00","description":"Importieren Sie Legierungsautospielzeug vom chinesischen Hersteller, gutes Produkt und guter Preis, kontaktieren Sie TonySourcing noch heute direkt f\u00fcr den Katalog","breadcrumb":{"@id":"https:\/\/tonysourcing.com\/wholesale\/alloy-car-toys\/#breadcrumb"},"inLanguage":"de","potentialAction":[{"@type":"ReadAction","target":["https:\/\/tonysourcing.com\/wholesale\/alloy-car-toys\/"]}]},{"@type":"ImageObject","inLanguage":"de","@id":"https:\/\/tonysourcing.com\/wholesale\/alloy-car-toys\/#primaryimage","url":"https:\/\/tonysourcing.com\/wp-content\/uploads\/2021\/01\/alloy-car-toys-set.jpg","contentUrl":"https:\/\/tonysourcing.com\/wp-content\/uploads\/2021\/01\/alloy-car-toys-set.jpg","width":600,"height":600},{"@type":"BreadcrumbList","@id":"https:\/\/tonysourcing.com\/wholesale\/alloy-car-toys\/#breadcrumb","itemListElement":[{"@type":"ListItem","position":1,"name":"Home","item":"https:\/\/tonysourcing.com\/"},{"@type":"ListItem","position":2,"name":"Wholesale","item":"https:\/\/tonysourcing.com\/wholesale\/"},{"@type":"ListItem","position":3,"name":"alloy car toys"}]},{"@type":"WebSite","@id":"https:\/\/tonysourcing.com\/#website","url":"https:\/\/tonysourcing.com\/","name":"TonySourcing","description":"Spielzeuggro\u00dfh\u00e4ndler und Werbeartikel aus China","publisher":{"@id":"https:\/\/tonysourcing.com\/#organization"},"potentialAction":[{"@type":"SearchAction","target":{"@type":"EntryPoint","urlTemplate":"https:\/\/tonysourcing.com\/?s={search_term_string}"},"query-input":{"@type":"PropertyValueSpecification","valueRequired":true,"valueName":"search_term_string"}}],"inLanguage":"de"},{"@type":"Organization","@id":"https:\/\/tonysourcing.com\/#organization","name":"Yiwu Zongge","url":"https:\/\/tonysourcing.com\/","logo":{"@type":"ImageObject","inLanguage":"de","@id":"https:\/\/tonysourcing.com\/#\/schema\/logo\/image\/","url":"https:\/\/tonysourcing.com\/wp-content\/uploads\/2021\/07\/cropped-TonySourcing-logo-1.png","contentUrl":"https:\/\/tonysourcing.com\/wp-content\/uploads\/2021\/07\/cropped-TonySourcing-logo-1.png","width":300,"height":92,"caption":"Yiwu Zongge"},"image":{"@id":"https:\/\/tonysourcing.com\/#\/schema\/logo\/image\/"},"sameAs":["https:\/\/www.facebook.com\/TonySourcing","https:\/\/x.com\/TonySourcing","https:\/\/www.instagram.com\/tony_sourcing\/","http:\/\/www.linkedin.com\/in\/tonychen88","https:\/\/www.youtube.com\/channel\/UCZfST1M-NDoqjQ3dB-Tzszg"]}]}},"_links":{"self":[{"href":"https:\/\/tonysourcing.com\/de\/wp-json\/wp\/v2\/product\/9666","targetHints":{"allow":["GET"]}}],"collection":[{"href":"https:\/\/tonysourcing.com\/de\/wp-json\/wp\/v2\/product"}],"about":[{"href":"https:\/\/tonysourcing.com\/de\/wp-json\/wp\/v2\/types\/product"}],"version-history":[{"count":1,"href":"https:\/\/tonysourcing.com\/de\/wp-json\/wp\/v2\/product\/9666\/revisions"}],"predecessor-version":[{"id":9668,"href":"https:\/\/tonysourcing.com\/de\/wp-json\/wp\/v2\/product\/9666\/revisions\/9668"}],"wp:featuredmedia":[{"embeddable":true,"href":"https:\/\/tonysourcing.com\/de\/wp-json\/wp\/v2\/media\/9667"}],"wp:attachment":[{"href":"https:\/\/tonysourcing.com\/de\/wp-json\/wp\/v2\/media?parent=9666"}],"wp:term":[{"taxonomy":"product_brand","embeddable":true,"href":"https:\/\/tonysourcing.com\/de\/wp-json\/wp\/v2\/product_brand?post=9666"},{"taxonomy":"product_cat","embeddable":true,"href":"https:\/\/tonysourcing.com\/de\/wp-json\/wp\/v2\/product_cat?post=9666"},{"taxonomy":"product_tag","embeddable":true,"href":"https:\/\/tonysourcing.com\/de\/wp-json\/wp\/v2\/product_tag?post=9666"}],"curies":[{"name":"wp","href":"https:\/\/api.w.org\/{rel}","templated":true}]}}