{"id":9999,"date":"2021-01-24T05:48:20","date_gmt":"2021-01-24T05:48:20","guid":{"rendered":"https:\/\/tonysourcing.com\/?post_type=product&#038;p=9999"},"modified":"2021-01-24T05:50:40","modified_gmt":"2021-01-24T05:50:40","slug":"stress-reliver-toys","status":"publish","type":"product","link":"https:\/\/tonysourcing.com\/de\/wholesale\/stress-reliver-toys\/","title":{"rendered":"Stressabbau-Spielzeug"},"content":{"rendered":"<p>#1 Why buy Stress Reliver Toys from <a href=\"https:\/\/tonysourcing.com\/de\/\">TonySouring.com<\/a><br \/>\nW\u00e4hlen Sie aus \u00fcber 5.000 chinesischen Spielzeuglieferanten mit \u00fcber 100.000.000 Artikeln<br \/>\nSparen Sie bis zu 60% an Kosten, indem Sie direkt von chinesischen Spielzeugherstellern beziehen<br \/>\nErledigen Sie alles \u00fcber den One-Step-Service von TonySourcing<br \/>\nArbeiten Sie mit dem TonySourcing-Team zusammen, um Wissen und Unterst\u00fctzung beim Spielzeugkauf zu erhalten<\/p>\n<p>#2 Welche Zertifizierung hat das Fidget-Spielzeug?<br \/>\nEN71 &amp; CE-Pr\u00fcfbericht: Die europ\u00e4ische Norm EN 71 legt Sicherheitsanforderungen f\u00fcr Spielzeug fest. Die Einhaltung der Norm ist f\u00fcr alle in der Europ\u00e4ischen Union verkauften Spielzeuge gesetzlich vorgeschrieben.<br \/>\nASTM-Testbericht: Nach der neuen Bundesgesetzgebung, die heute in Kraft tritt, m\u00fcssen alle in den USA verkauften Spielzeuge die Sicherheitsanforderungen von ASTM F963 erf\u00fcllen.<\/p>\n<p>#3 Was ist <a href=\"http:\/\/2.tonysourcing.store\/\">die besten Spielzeuge<\/a><br \/>\nDas beste Fidget-Spielzeug sollte \u00fcber Spiel-, Lern- und L\u00e4chelfunktionen verf\u00fcgen.<\/p>\n<blockquote><p>&gt;Play-Funktion<br \/>\nVerschiedene Lernspielzeuge k\u00f6nnen die F\u00e4higkeiten von Kindern in unterschiedlichen Bereichen f\u00f6rdern und ihr angeborenes Potenzial durch lustige Spiele erschlie\u00dfen.<br \/>\n&gt;&gt;Lernfunktion<br \/>\nBringen Sie Kinder dazu, die Initiative zu ergreifen und bereitwillig zu lernen. Spielen ist die Grundlage des Lernens!<br \/>\n&gt;Smile-Funktion:<br \/>\n\u201eSpielen und Lernen\u201c reicht noch nicht aus.<\/p><\/blockquote>\n<p>Der sch\u00f6nste Wunsch ist, dass jedes Kind beim Spielen mit Lernspielzeug von Herzen l\u00e4chelt, lernt zu denken und sogar einen Schritt weiter zu gehen und zu erforschen.<br \/>\nTonySourcing ist ein innovatives chinesisches Unternehmen, das ausl\u00e4ndischen Spielwarenh\u00e4ndlern den Import von Spielwaren aus China erleichtert. Erleichtern Sie sich Ihren Einkauf mit einem umfassenden Service \u2013 von der Suche nach chinesischen Spielzeuglieferanten, Herstellern und Fabriken \u00fcber die Auftragsverfolgung, Lagerabholung und Qualit\u00e4tskontrolle bis hin zur Organisation des Versands.<br \/>\nTonySourcing ist weder eine Spielzeugfabrik noch ein Handelsunternehmen, aber der echte TonySourcing-Service kann Ihnen helfen, Ihre Endkosten zu senken und Gesch\u00e4ftsrisiken zu reduzieren. TonySourcing verf\u00fcgt \u00fcber mehr als acht Jahre Erfahrung im Spielzeugeinkauf und arbeitet mit \u00fcber 5.000 echten chinesischen Spielzeugfabriken zusammen (darunter Chinas f\u00fchrender Spielzeughersteller).<\/p>\n<p><img fetchpriority=\"high\" decoding=\"async\" class=\"size-full wp-image-9946\" src=\"https:\/\/tonysourcing.com\/wp-content\/uploads\/2021\/01\/Noveity-Toys-Catalogue.jpg\" alt=\"Katalog f\u00fcr Neuheitenspielzeug\" width=\"1017\" height=\"423\" srcset=\"https:\/\/tonysourcing.com\/wp-content\/uploads\/2021\/01\/Noveity-Toys-Catalogue.jpg 1017w, https:\/\/tonysourcing.com\/wp-content\/uploads\/2021\/01\/Noveity-Toys-Catalogue-300x125.jpg 300w, https:\/\/tonysourcing.com\/wp-content\/uploads\/2021\/01\/Noveity-Toys-Catalogue-800x333.jpg 800w, https:\/\/tonysourcing.com\/wp-content\/uploads\/2021\/01\/Noveity-Toys-Catalogue-768x319.jpg 768w, https:\/\/tonysourcing.com\/wp-content\/uploads\/2021\/01\/Noveity-Toys-Catalogue-600x250.jpg 600w\" sizes=\"(max-width: 1017px) 100vw, 1017px\" \/><\/p>\n<p>Katalog f\u00fcr Neuheitenspielzeug<\/p>","protected":false},"excerpt":{"rendered":"<table style=\"border-collapse: collapse;width: 216.78pt\" border=\"0\" width=\"289\" cellspacing=\"0\" cellpadding=\"0\">\n<tbody>\n<tr style=\"height: 100.50pt\">\n<td class=\"et3\" style=\"height: 100.50pt;width: 217.00pt\" width=\"289\" height=\"134\">Artikelnummer: VENT005<\/td>\n<\/tr>\n<\/tbody>\n<\/table>\n<p>&nbsp;<\/p>","protected":false},"featured_media":10000,"template":"","meta":{"_kad_post_transparent":"","_kad_post_title":"","_kad_post_layout":"","_kad_post_sidebar_id":"","_kad_post_content_style":"","_kad_post_vertical_padding":"","_kad_post_feature":"","_kad_post_feature_position":"","_kad_post_header":false,"_kad_post_footer":false,"_kad_post_classname":""},"product_brand":[],"product_cat":[999],"product_tag":[1232,1231,1248],"class_list":{"0":"post-9999","1":"product","2":"type-product","3":"status-publish","4":"has-post-thumbnail","6":"product_cat-novelty-toys","7":"product_tag-fidget-toys","8":"product_tag-noveity-toys","9":"product_tag-stress-reliver-toys","11":"first","12":"instock","13":"shipping-taxable","14":"product-type-simple","15":"entry","16":"content-bg","17":"loop-entry"},"yoast_head":"<!-- This site is optimized with the Yoast SEO plugin v27.4 - https:\/\/yoast.com\/product\/yoast-seo-wordpress\/ -->\n<title>Stress Reliver Toys - Import Toys Wholesale Directly From Manufacturer<\/title>\n<meta name=\"description\" content=\"Import Stress Reliver Toys from China Manufacturer, Good Product and Good Price, Contact TonySourcing for Catalog today directly.\" \/>\n<meta name=\"robots\" content=\"index, follow, max-snippet:-1, max-image-preview:large, max-video-preview:-1\" \/>\n<link rel=\"canonical\" href=\"https:\/\/tonysourcing.com\/de\/groshandel\/stress-reliver-toys\/\" \/>\n<meta property=\"og:locale\" content=\"de_DE\" \/>\n<meta property=\"og:type\" content=\"article\" \/>\n<meta property=\"og:title\" content=\"Stress Reliver Toys - Import Toys Wholesale Directly From Manufacturer\" \/>\n<meta property=\"og:description\" content=\"Import Stress Reliver Toys from China Manufacturer, Good Product and Good Price, Contact TonySourcing for Catalog today directly.\" \/>\n<meta property=\"og:url\" content=\"https:\/\/tonysourcing.com\/de\/groshandel\/stress-reliver-toys\/\" \/>\n<meta property=\"og:site_name\" content=\"TonySourcing\" \/>\n<meta property=\"article:publisher\" content=\"https:\/\/www.facebook.com\/TonySourcing\" \/>\n<meta property=\"article:modified_time\" content=\"2021-01-24T05:50:40+00:00\" \/>\n<meta property=\"og:image\" content=\"https:\/\/tonysourcing.com\/wp-content\/uploads\/2021\/01\/200169051.jpg\" \/>\n\t<meta property=\"og:image:width\" content=\"600\" \/>\n\t<meta property=\"og:image:height\" content=\"600\" \/>\n\t<meta property=\"og:image:type\" content=\"image\/jpeg\" \/>\n<meta name=\"twitter:card\" content=\"summary_large_image\" \/>\n<meta name=\"twitter:site\" content=\"@TonySourcing\" \/>\n<meta name=\"twitter:label1\" content=\"Gesch\u00e4tzte Lesezeit\" \/>\n\t<meta name=\"twitter:data1\" content=\"2\u00a0Minuten\" \/>\n<script type=\"application\/ld+json\" class=\"yoast-schema-graph\">{\"@context\":\"https:\\\/\\\/schema.org\",\"@graph\":[{\"@type\":\"WebPage\",\"@id\":\"https:\\\/\\\/tonysourcing.com\\\/wholesale\\\/stress-reliver-toys\\\/\",\"url\":\"https:\\\/\\\/tonysourcing.com\\\/wholesale\\\/stress-reliver-toys\\\/\",\"name\":\"Stress Reliver Toys - Import Toys Wholesale Directly From Manufacturer\",\"isPartOf\":{\"@id\":\"https:\\\/\\\/tonysourcing.com\\\/#website\"},\"primaryImageOfPage\":{\"@id\":\"https:\\\/\\\/tonysourcing.com\\\/wholesale\\\/stress-reliver-toys\\\/#primaryimage\"},\"image\":{\"@id\":\"https:\\\/\\\/tonysourcing.com\\\/wholesale\\\/stress-reliver-toys\\\/#primaryimage\"},\"thumbnailUrl\":\"https:\\\/\\\/tonysourcing.com\\\/wp-content\\\/uploads\\\/2021\\\/01\\\/200169051.jpg\",\"datePublished\":\"2021-01-24T05:48:20+00:00\",\"dateModified\":\"2021-01-24T05:50:40+00:00\",\"description\":\"Import Stress Reliver Toys from China Manufacturer, Good Product and Good Price, Contact TonySourcing for Catalog today directly.\",\"breadcrumb\":{\"@id\":\"https:\\\/\\\/tonysourcing.com\\\/wholesale\\\/stress-reliver-toys\\\/#breadcrumb\"},\"inLanguage\":\"de\",\"potentialAction\":[{\"@type\":\"ReadAction\",\"target\":[\"https:\\\/\\\/tonysourcing.com\\\/wholesale\\\/stress-reliver-toys\\\/\"]}]},{\"@type\":\"ImageObject\",\"inLanguage\":\"de\",\"@id\":\"https:\\\/\\\/tonysourcing.com\\\/wholesale\\\/stress-reliver-toys\\\/#primaryimage\",\"url\":\"https:\\\/\\\/tonysourcing.com\\\/wp-content\\\/uploads\\\/2021\\\/01\\\/200169051.jpg\",\"contentUrl\":\"https:\\\/\\\/tonysourcing.com\\\/wp-content\\\/uploads\\\/2021\\\/01\\\/200169051.jpg\",\"width\":600,\"height\":600,\"caption\":\"Stress Reliver Toys\"},{\"@type\":\"BreadcrumbList\",\"@id\":\"https:\\\/\\\/tonysourcing.com\\\/wholesale\\\/stress-reliver-toys\\\/#breadcrumb\",\"itemListElement\":[{\"@type\":\"ListItem\",\"position\":1,\"name\":\"Home\",\"item\":\"https:\\\/\\\/tonysourcing.com\\\/\"},{\"@type\":\"ListItem\",\"position\":2,\"name\":\"Wholesale\",\"item\":\"https:\\\/\\\/tonysourcing.com\\\/wholesale\\\/\"},{\"@type\":\"ListItem\",\"position\":3,\"name\":\"Stress Reliver Toys\"}]},{\"@type\":\"WebSite\",\"@id\":\"https:\\\/\\\/tonysourcing.com\\\/#website\",\"url\":\"https:\\\/\\\/tonysourcing.com\\\/\",\"name\":\"TonySourcing\",\"description\":\"Toys Wholesale Distributor &amp; China Promition Items\",\"publisher\":{\"@id\":\"https:\\\/\\\/tonysourcing.com\\\/#organization\"},\"potentialAction\":[{\"@type\":\"SearchAction\",\"target\":{\"@type\":\"EntryPoint\",\"urlTemplate\":\"https:\\\/\\\/tonysourcing.com\\\/?s={search_term_string}\"},\"query-input\":{\"@type\":\"PropertyValueSpecification\",\"valueRequired\":true,\"valueName\":\"search_term_string\"}}],\"inLanguage\":\"de\"},{\"@type\":\"Organization\",\"@id\":\"https:\\\/\\\/tonysourcing.com\\\/#organization\",\"name\":\"Yiwu Zongge\",\"url\":\"https:\\\/\\\/tonysourcing.com\\\/\",\"logo\":{\"@type\":\"ImageObject\",\"inLanguage\":\"de\",\"@id\":\"https:\\\/\\\/tonysourcing.com\\\/#\\\/schema\\\/logo\\\/image\\\/\",\"url\":\"https:\\\/\\\/tonysourcing.com\\\/wp-content\\\/uploads\\\/2021\\\/07\\\/cropped-TonySourcing-logo-1.png\",\"contentUrl\":\"https:\\\/\\\/tonysourcing.com\\\/wp-content\\\/uploads\\\/2021\\\/07\\\/cropped-TonySourcing-logo-1.png\",\"width\":300,\"height\":92,\"caption\":\"Yiwu Zongge\"},\"image\":{\"@id\":\"https:\\\/\\\/tonysourcing.com\\\/#\\\/schema\\\/logo\\\/image\\\/\"},\"sameAs\":[\"https:\\\/\\\/www.facebook.com\\\/TonySourcing\",\"https:\\\/\\\/x.com\\\/TonySourcing\",\"https:\\\/\\\/www.instagram.com\\\/tony_sourcing\\\/\",\"http:\\\/\\\/www.linkedin.com\\\/in\\\/tonychen88\",\"https:\\\/\\\/www.youtube.com\\\/channel\\\/UCZfST1M-NDoqjQ3dB-Tzszg\"]}]}<\/script>\n<!-- \/ Yoast SEO plugin. -->","yoast_head_json":{"title":"Stress Reliver Toys - Import Toys Wholesale Directly From Manufacturer","description":"Import Stress Reliver Toys from China Manufacturer, Good Product and Good Price, Contact TonySourcing for Catalog today directly.","robots":{"index":"index","follow":"follow","max-snippet":"max-snippet:-1","max-image-preview":"max-image-preview:large","max-video-preview":"max-video-preview:-1"},"canonical":"https:\/\/tonysourcing.com\/de\/groshandel\/stress-reliver-toys\/","og_locale":"de_DE","og_type":"article","og_title":"Stress Reliver Toys - Import Toys Wholesale Directly From Manufacturer","og_description":"Import Stress Reliver Toys from China Manufacturer, Good Product and Good Price, Contact TonySourcing for Catalog today directly.","og_url":"https:\/\/tonysourcing.com\/de\/groshandel\/stress-reliver-toys\/","og_site_name":"TonySourcing","article_publisher":"https:\/\/www.facebook.com\/TonySourcing","article_modified_time":"2021-01-24T05:50:40+00:00","og_image":[{"width":600,"height":600,"url":"https:\/\/tonysourcing.com\/wp-content\/uploads\/2021\/01\/200169051.jpg","type":"image\/jpeg"}],"twitter_card":"summary_large_image","twitter_site":"@TonySourcing","twitter_misc":{"Gesch\u00e4tzte Lesezeit":"2\u00a0Minuten"},"schema":{"@context":"https:\/\/schema.org","@graph":[{"@type":"WebPage","@id":"https:\/\/tonysourcing.com\/wholesale\/stress-reliver-toys\/","url":"https:\/\/tonysourcing.com\/wholesale\/stress-reliver-toys\/","name":"Stress Reliver Toys - Import Toys Wholesale Directly From Manufacturer","isPartOf":{"@id":"https:\/\/tonysourcing.com\/#website"},"primaryImageOfPage":{"@id":"https:\/\/tonysourcing.com\/wholesale\/stress-reliver-toys\/#primaryimage"},"image":{"@id":"https:\/\/tonysourcing.com\/wholesale\/stress-reliver-toys\/#primaryimage"},"thumbnailUrl":"https:\/\/tonysourcing.com\/wp-content\/uploads\/2021\/01\/200169051.jpg","datePublished":"2021-01-24T05:48:20+00:00","dateModified":"2021-01-24T05:50:40+00:00","description":"Import Stress Reliver Toys from China Manufacturer, Good Product and Good Price, Contact TonySourcing for Catalog today directly.","breadcrumb":{"@id":"https:\/\/tonysourcing.com\/wholesale\/stress-reliver-toys\/#breadcrumb"},"inLanguage":"de","potentialAction":[{"@type":"ReadAction","target":["https:\/\/tonysourcing.com\/wholesale\/stress-reliver-toys\/"]}]},{"@type":"ImageObject","inLanguage":"de","@id":"https:\/\/tonysourcing.com\/wholesale\/stress-reliver-toys\/#primaryimage","url":"https:\/\/tonysourcing.com\/wp-content\/uploads\/2021\/01\/200169051.jpg","contentUrl":"https:\/\/tonysourcing.com\/wp-content\/uploads\/2021\/01\/200169051.jpg","width":600,"height":600,"caption":"Stress Reliver Toys"},{"@type":"BreadcrumbList","@id":"https:\/\/tonysourcing.com\/wholesale\/stress-reliver-toys\/#breadcrumb","itemListElement":[{"@type":"ListItem","position":1,"name":"Home","item":"https:\/\/tonysourcing.com\/"},{"@type":"ListItem","position":2,"name":"Wholesale","item":"https:\/\/tonysourcing.com\/wholesale\/"},{"@type":"ListItem","position":3,"name":"Stress Reliver Toys"}]},{"@type":"WebSite","@id":"https:\/\/tonysourcing.com\/#website","url":"https:\/\/tonysourcing.com\/","name":"TonySourcing","description":"Spielzeuggro\u00dfh\u00e4ndler und Werbeartikel aus China","publisher":{"@id":"https:\/\/tonysourcing.com\/#organization"},"potentialAction":[{"@type":"SearchAction","target":{"@type":"EntryPoint","urlTemplate":"https:\/\/tonysourcing.com\/?s={search_term_string}"},"query-input":{"@type":"PropertyValueSpecification","valueRequired":true,"valueName":"search_term_string"}}],"inLanguage":"de"},{"@type":"Organization","@id":"https:\/\/tonysourcing.com\/#organization","name":"Yiwu Zongge","url":"https:\/\/tonysourcing.com\/","logo":{"@type":"ImageObject","inLanguage":"de","@id":"https:\/\/tonysourcing.com\/#\/schema\/logo\/image\/","url":"https:\/\/tonysourcing.com\/wp-content\/uploads\/2021\/07\/cropped-TonySourcing-logo-1.png","contentUrl":"https:\/\/tonysourcing.com\/wp-content\/uploads\/2021\/07\/cropped-TonySourcing-logo-1.png","width":300,"height":92,"caption":"Yiwu Zongge"},"image":{"@id":"https:\/\/tonysourcing.com\/#\/schema\/logo\/image\/"},"sameAs":["https:\/\/www.facebook.com\/TonySourcing","https:\/\/x.com\/TonySourcing","https:\/\/www.instagram.com\/tony_sourcing\/","http:\/\/www.linkedin.com\/in\/tonychen88","https:\/\/www.youtube.com\/channel\/UCZfST1M-NDoqjQ3dB-Tzszg"]}]}},"_links":{"self":[{"href":"https:\/\/tonysourcing.com\/de\/wp-json\/wp\/v2\/product\/9999","targetHints":{"allow":["GET"]}}],"collection":[{"href":"https:\/\/tonysourcing.com\/de\/wp-json\/wp\/v2\/product"}],"about":[{"href":"https:\/\/tonysourcing.com\/de\/wp-json\/wp\/v2\/types\/product"}],"version-history":[{"count":1,"href":"https:\/\/tonysourcing.com\/de\/wp-json\/wp\/v2\/product\/9999\/revisions"}],"predecessor-version":[{"id":10001,"href":"https:\/\/tonysourcing.com\/de\/wp-json\/wp\/v2\/product\/9999\/revisions\/10001"}],"wp:featuredmedia":[{"embeddable":true,"href":"https:\/\/tonysourcing.com\/de\/wp-json\/wp\/v2\/media\/10000"}],"wp:attachment":[{"href":"https:\/\/tonysourcing.com\/de\/wp-json\/wp\/v2\/media?parent=9999"}],"wp:term":[{"taxonomy":"product_brand","embeddable":true,"href":"https:\/\/tonysourcing.com\/de\/wp-json\/wp\/v2\/product_brand?post=9999"},{"taxonomy":"product_cat","embeddable":true,"href":"https:\/\/tonysourcing.com\/de\/wp-json\/wp\/v2\/product_cat?post=9999"},{"taxonomy":"product_tag","embeddable":true,"href":"https:\/\/tonysourcing.com\/de\/wp-json\/wp\/v2\/product_tag?post=9999"}],"curies":[{"name":"wp","href":"https:\/\/api.w.org\/{rel}","templated":true}]}}