{"id":18941,"date":"2023-07-06T03:40:27","date_gmt":"2023-07-06T03:40:27","guid":{"rendered":"https:\/\/tonysourcing.com\/?page_id=18941"},"modified":"2023-07-06T03:43:41","modified_gmt":"2023-07-06T03:43:41","slug":"pautas-para-publicaciones-invitadas","status":"publish","type":"page","link":"https:\/\/tonysourcing.com\/es\/guest-post-guidelines\/","title":{"rendered":"Pautas para publicaciones invitadas"},"content":{"rendered":"<div data-elementor-type=\"wp-page\" data-elementor-id=\"18941\" class=\"elementor elementor-18941\" data-elementor-post-type=\"page\">\n\t\t\t\t\t\t<section class=\"elementor-section elementor-top-section elementor-element elementor-element-2f100a6 elementor-section-boxed elementor-section-height-default elementor-section-height-default\" data-id=\"2f100a6\" data-element_type=\"section\" data-e-type=\"section\">\n\t\t\t\t\t\t<div class=\"elementor-container elementor-column-gap-default\">\n\t\t\t\t\t<div class=\"elementor-column elementor-col-100 elementor-top-column elementor-element elementor-element-b664d7f\" data-id=\"b664d7f\" data-element_type=\"column\" data-e-type=\"column\">\n\t\t\t<div class=\"elementor-widget-wrap elementor-element-populated\">\n\t\t\t\t\t\t<div class=\"elementor-element elementor-element-f98636b elementor-widget elementor-widget-heading\" data-id=\"f98636b\" data-element_type=\"widget\" data-e-type=\"widget\" data-widget_type=\"heading.default\">\n\t\t\t\t<div class=\"elementor-widget-container\">\n\t\t\t\t\t<h2 class=\"elementor-heading-title elementor-size-default\">Pautas para publicaciones invitadas<\/h2>\t\t\t\t<\/div>\n\t\t\t\t<\/div>\n\t\t\t\t<div class=\"elementor-element elementor-element-0002708 elementor-widget elementor-widget-text-editor\" data-id=\"0002708\" data-element_type=\"widget\" data-e-type=\"widget\" data-widget_type=\"text-editor.default\">\n\t\t\t\t<div class=\"elementor-widget-container\">\n\t\t\t\t\t\t\t\t\t<p>Pautas para publicaciones invitadas para enviar una publicaci\u00f3n a este sitio<\/p>\t\t\t\t\t\t\t\t<\/div>\n\t\t\t\t<\/div>\n\t\t\t\t<section class=\"elementor-section elementor-inner-section elementor-element elementor-element-81c6779 elementor-section-boxed elementor-section-height-default elementor-section-height-default\" data-id=\"81c6779\" data-element_type=\"section\" data-e-type=\"section\">\n\t\t\t\t\t\t<div class=\"elementor-container elementor-column-gap-default\">\n\t\t\t\t\t<div class=\"elementor-column elementor-col-50 elementor-inner-column elementor-element elementor-element-69bfbe4\" data-id=\"69bfbe4\" data-element_type=\"column\" data-e-type=\"column\">\n\t\t\t<div class=\"elementor-widget-wrap elementor-element-populated\">\n\t\t\t\t\t\t<div class=\"elementor-element elementor-element-d047502 elementor-widget elementor-widget-text-editor\" data-id=\"d047502\" data-element_type=\"widget\" data-e-type=\"widget\" data-widget_type=\"text-editor.default\">\n\t\t\t\t<div class=\"elementor-widget-container\">\n\t\t\t\t\t\t\t\t\t<ol><li>El art\u00edculo debe estar relacionado con <a href=\"https:\/\/tonysourcing.com\/es\/informacion-del-blog\/\" target=\"_blank\" rel=\"noopener\">Industria de art\u00edculos para ni\u00f1os, industria de suministros para fiestas o industria de abastecimiento<\/a>;<\/li><li>El art\u00edculo debe haber sido escrito originalmente por usted y no reproducido ni plagiado de otro lugar;<\/li><li>El art\u00edculo debe ser exclusivo de este sitio y no reproducirse en ning\u00fan otro lugar;<\/li><li>Si desea citar informaci\u00f3n de otro lugar, aseg\u00farese de agregar el cr\u00e9dito necesario al autor original, enlaces, etc.<\/li><li>Una vez que su publicaci\u00f3n se haya publicado en este sitio, usted acepta no publicar la misma publicaci\u00f3n en ning\u00fan otro lugar de Internet, pero puede promover el enlace desde este sitio web seg\u00fan sea necesario;<\/li><li>Puede proporcionar un enlace a su p\u00e1gina de inicio o p\u00e1gina de destino que se mostrar\u00e1 en la parte inferior de su publicaci\u00f3n invitada junto con una breve biograf\u00eda suya (el autor);<\/li><li>Por favor env\u00ede el art\u00edculo como documento de Word o por correo electr\u00f3nico;<\/li><li>Si se decide publicar su publicaci\u00f3n invitada en este sitio, se debe colocar un enlace rec\u00edproco en el sitio del autor o en el sitio de la empresa para la que el autor lo est\u00e1 escribiendo.<\/li><\/ol>\t\t\t\t\t\t\t\t<\/div>\n\t\t\t\t<\/div>\n\t\t\t\t\t<\/div>\n\t\t<\/div>\n\t\t\t\t<div class=\"elementor-column elementor-col-50 elementor-inner-column elementor-element elementor-element-fed706c\" data-id=\"fed706c\" data-element_type=\"column\" data-e-type=\"column\">\n\t\t\t<div class=\"elementor-widget-wrap elementor-element-populated\">\n\t\t\t\t\t\t<div class=\"elementor-element elementor-element-20481a8 elementor-widget__width-initial elementor-widget elementor-widget-image\" data-id=\"20481a8\" data-element_type=\"widget\" data-e-type=\"widget\" data-widget_type=\"image.default\">\n\t\t\t\t<div class=\"elementor-widget-container\">\n\t\t\t\t\t\t\t\t\t\t\t\t\t\t\t<img fetchpriority=\"high\" decoding=\"async\" width=\"400\" height=\"400\" src=\"https:\/\/tonysourcing.com\/wp-content\/uploads\/2023\/07\/TOYS-GUEST-POST.jpg\" class=\"attachment-large size-large wp-image-18943\" alt=\"\" srcset=\"https:\/\/tonysourcing.com\/wp-content\/uploads\/2023\/07\/TOYS-GUEST-POST.jpg 400w, https:\/\/tonysourcing.com\/wp-content\/uploads\/2023\/07\/TOYS-GUEST-POST-300x300.jpg 300w, https:\/\/tonysourcing.com\/wp-content\/uploads\/2023\/07\/TOYS-GUEST-POST-150x150.jpg 150w, https:\/\/tonysourcing.com\/wp-content\/uploads\/2023\/07\/TOYS-GUEST-POST-200x200.jpg 200w, https:\/\/tonysourcing.com\/wp-content\/uploads\/2023\/07\/TOYS-GUEST-POST-100x100.jpg 100w\" sizes=\"(max-width: 400px) 100vw, 400px\" \/>\t\t\t\t\t\t\t\t\t\t\t\t\t\t\t<\/div>\n\t\t\t\t<\/div>\n\t\t\t\t\t<\/div>\n\t\t<\/div>\n\t\t\t\t\t<\/div>\n\t\t<\/section>\n\t\t\t\t<section class=\"elementor-section elementor-inner-section elementor-element elementor-element-603cd8f elementor-section-boxed elementor-section-height-default elementor-section-height-default\" data-id=\"603cd8f\" data-element_type=\"section\" data-e-type=\"section\">\n\t\t\t\t\t\t<div class=\"elementor-container elementor-column-gap-default\">\n\t\t\t\t\t<div class=\"elementor-column elementor-col-100 elementor-inner-column elementor-element elementor-element-846c680\" data-id=\"846c680\" data-element_type=\"column\" data-e-type=\"column\">\n\t\t\t<div class=\"elementor-widget-wrap elementor-element-populated\">\n\t\t\t\t\t\t<div class=\"elementor-element elementor-element-8ef869b elementor-widget elementor-widget-text-editor\" data-id=\"8ef869b\" data-element_type=\"widget\" data-e-type=\"widget\" data-widget_type=\"text-editor.default\">\n\t\t\t\t<div class=\"elementor-widget-container\">\n\t\t\t\t\t\t\t\t\t<p>Puedes enviarnos un correo electr\u00f3nico ( <span style=\"color: #ff6600;\">info@TonySourcing.com<\/span> ) con la publicaci\u00f3n y si cumple con los criterios anteriores, y la publicaci\u00f3n es apropiada para este sitio, recibir\u00e1 una confirmaci\u00f3n. Se aceptan fotograf\u00edas de identificaci\u00f3n escaneadas suyas y una biograf\u00eda de 5 l\u00edneas.<\/p><p>Confiamos en que estas pautas para publicaciones de invitados sean claras y esperamos recibir contribuciones.<\/p><p><em>PD: Como una forma de alentar a los escritores en ciernes a mostrar y promover sus habilidades, de vez en cuando acepto art\u00edculos de escritores que pueden no ser de la industria, pero tienen la capacidad de crear art\u00edculos significativos que los ayuden a ganar experiencia y tambi\u00e9n a la industria.<\/em><\/p>\t\t\t\t\t\t\t\t<\/div>\n\t\t\t\t<\/div>\n\t\t\t\t\t<\/div>\n\t\t<\/div>\n\t\t\t\t\t<\/div>\n\t\t<\/section>\n\t\t\t\t\t<\/div>\n\t\t<\/div>\n\t\t\t\t\t<\/div>\n\t\t<\/section>\n\t\t\t\t<\/div>","protected":false},"excerpt":{"rendered":"<p>Guest post guidelines Guest Post Guidelines to submit a post to this site The article must relate to kids item industry, Party supplies industry or Sourcing industry; The article should have been originally written by you and not reproduced or plagiarised from elsewhere; The article should be unique to this site and not reproduced elsewhere;&#8230;<\/p>","protected":false},"author":1,"featured_media":0,"parent":0,"menu_order":0,"comment_status":"closed","ping_status":"closed","template":"","meta":{"_kad_post_transparent":"","_kad_post_title":"","_kad_post_layout":"","_kad_post_sidebar_id":"","_kad_post_content_style":"","_kad_post_vertical_padding":"","_kad_post_feature":"","_kad_post_feature_position":"","_kad_post_header":false,"_kad_post_footer":false,"footnotes":""},"class_list":["post-18941","page","type-page","status-publish","hentry"],"yoast_head":"<!-- This site is optimized with the Yoast SEO plugin v27.4 - https:\/\/yoast.com\/product\/yoast-seo-wordpress\/ -->\n<title>Guest post guidelines - TonySourcing<\/title>\n<meta name=\"description\" content=\"Here are the guest post guidelines for submitting a guest post on the toys and sourcing Resource.. check detail.\" \/>\n<meta name=\"robots\" content=\"index, follow, max-snippet:-1, max-image-preview:large, max-video-preview:-1\" \/>\n<link rel=\"canonical\" href=\"https:\/\/tonysourcing.com\/es\/pautas-para-publicaciones-invitadas\/\" \/>\n<meta property=\"og:locale\" content=\"es_ES\" \/>\n<meta property=\"og:type\" content=\"article\" \/>\n<meta property=\"og:title\" content=\"Guest post guidelines - TonySourcing\" \/>\n<meta property=\"og:description\" content=\"Here are the guest post guidelines for submitting a guest post on the toys and sourcing Resource.. check detail.\" \/>\n<meta property=\"og:url\" content=\"https:\/\/tonysourcing.com\/es\/pautas-para-publicaciones-invitadas\/\" \/>\n<meta property=\"og:site_name\" content=\"TonySourcing\" \/>\n<meta property=\"article:publisher\" content=\"https:\/\/www.facebook.com\/TonySourcing\" \/>\n<meta property=\"article:modified_time\" content=\"2023-07-06T03:43:41+00:00\" \/>\n<meta property=\"og:image\" content=\"https:\/\/tonysourcing.com\/wp-content\/uploads\/2023\/07\/TOYS-GUEST-POST.jpg\" \/>\n<meta name=\"twitter:card\" content=\"summary_large_image\" \/>\n<meta name=\"twitter:site\" content=\"@TonySourcing\" \/>\n<meta name=\"twitter:label1\" content=\"Tiempo de lectura\" \/>\n\t<meta name=\"twitter:data1\" content=\"2 minutos\" \/>\n<script type=\"application\/ld+json\" class=\"yoast-schema-graph\">{\"@context\":\"https:\\\/\\\/schema.org\",\"@graph\":[{\"@type\":\"Article\",\"@id\":\"https:\\\/\\\/tonysourcing.com\\\/guest-post-guidelines\\\/#article\",\"isPartOf\":{\"@id\":\"https:\\\/\\\/tonysourcing.com\\\/guest-post-guidelines\\\/\"},\"author\":{\"name\":\"Tony Chen\",\"@id\":\"https:\\\/\\\/tonysourcing.com\\\/#\\\/schema\\\/person\\\/4e4714e456f747f921bd2cce0cad60f8\"},\"headline\":\"Guest post guidelines\",\"datePublished\":\"2023-07-06T03:40:27+00:00\",\"dateModified\":\"2023-07-06T03:43:41+00:00\",\"mainEntityOfPage\":{\"@id\":\"https:\\\/\\\/tonysourcing.com\\\/guest-post-guidelines\\\/\"},\"wordCount\":298,\"publisher\":{\"@id\":\"https:\\\/\\\/tonysourcing.com\\\/#organization\"},\"image\":{\"@id\":\"https:\\\/\\\/tonysourcing.com\\\/guest-post-guidelines\\\/#primaryimage\"},\"thumbnailUrl\":\"https:\\\/\\\/tonysourcing.com\\\/wp-content\\\/uploads\\\/2023\\\/07\\\/TOYS-GUEST-POST.jpg\",\"inLanguage\":\"es\"},{\"@type\":\"WebPage\",\"@id\":\"https:\\\/\\\/tonysourcing.com\\\/guest-post-guidelines\\\/\",\"url\":\"https:\\\/\\\/tonysourcing.com\\\/guest-post-guidelines\\\/\",\"name\":\"Guest post guidelines - TonySourcing\",\"isPartOf\":{\"@id\":\"https:\\\/\\\/tonysourcing.com\\\/#website\"},\"primaryImageOfPage\":{\"@id\":\"https:\\\/\\\/tonysourcing.com\\\/guest-post-guidelines\\\/#primaryimage\"},\"image\":{\"@id\":\"https:\\\/\\\/tonysourcing.com\\\/guest-post-guidelines\\\/#primaryimage\"},\"thumbnailUrl\":\"https:\\\/\\\/tonysourcing.com\\\/wp-content\\\/uploads\\\/2023\\\/07\\\/TOYS-GUEST-POST.jpg\",\"datePublished\":\"2023-07-06T03:40:27+00:00\",\"dateModified\":\"2023-07-06T03:43:41+00:00\",\"description\":\"Here are the guest post guidelines for submitting a guest post on the toys and sourcing Resource.. check detail.\",\"breadcrumb\":{\"@id\":\"https:\\\/\\\/tonysourcing.com\\\/guest-post-guidelines\\\/#breadcrumb\"},\"inLanguage\":\"es\",\"potentialAction\":[{\"@type\":\"ReadAction\",\"target\":[\"https:\\\/\\\/tonysourcing.com\\\/guest-post-guidelines\\\/\"]}]},{\"@type\":\"ImageObject\",\"inLanguage\":\"es\",\"@id\":\"https:\\\/\\\/tonysourcing.com\\\/guest-post-guidelines\\\/#primaryimage\",\"url\":\"https:\\\/\\\/tonysourcing.com\\\/wp-content\\\/uploads\\\/2023\\\/07\\\/TOYS-GUEST-POST.jpg\",\"contentUrl\":\"https:\\\/\\\/tonysourcing.com\\\/wp-content\\\/uploads\\\/2023\\\/07\\\/TOYS-GUEST-POST.jpg\"},{\"@type\":\"BreadcrumbList\",\"@id\":\"https:\\\/\\\/tonysourcing.com\\\/guest-post-guidelines\\\/#breadcrumb\",\"itemListElement\":[{\"@type\":\"ListItem\",\"position\":1,\"name\":\"Home\",\"item\":\"https:\\\/\\\/tonysourcing.com\\\/\"},{\"@type\":\"ListItem\",\"position\":2,\"name\":\"Guest post guidelines\"}]},{\"@type\":\"WebSite\",\"@id\":\"https:\\\/\\\/tonysourcing.com\\\/#website\",\"url\":\"https:\\\/\\\/tonysourcing.com\\\/\",\"name\":\"TonySourcing\",\"description\":\"Toys Wholesale Distributor &amp; China Promition Items\",\"publisher\":{\"@id\":\"https:\\\/\\\/tonysourcing.com\\\/#organization\"},\"potentialAction\":[{\"@type\":\"SearchAction\",\"target\":{\"@type\":\"EntryPoint\",\"urlTemplate\":\"https:\\\/\\\/tonysourcing.com\\\/?s={search_term_string}\"},\"query-input\":{\"@type\":\"PropertyValueSpecification\",\"valueRequired\":true,\"valueName\":\"search_term_string\"}}],\"inLanguage\":\"es\"},{\"@type\":\"Organization\",\"@id\":\"https:\\\/\\\/tonysourcing.com\\\/#organization\",\"name\":\"Yiwu Zongge\",\"url\":\"https:\\\/\\\/tonysourcing.com\\\/\",\"logo\":{\"@type\":\"ImageObject\",\"inLanguage\":\"es\",\"@id\":\"https:\\\/\\\/tonysourcing.com\\\/#\\\/schema\\\/logo\\\/image\\\/\",\"url\":\"https:\\\/\\\/tonysourcing.com\\\/wp-content\\\/uploads\\\/2021\\\/07\\\/cropped-TonySourcing-logo-1.png\",\"contentUrl\":\"https:\\\/\\\/tonysourcing.com\\\/wp-content\\\/uploads\\\/2021\\\/07\\\/cropped-TonySourcing-logo-1.png\",\"width\":300,\"height\":92,\"caption\":\"Yiwu Zongge\"},\"image\":{\"@id\":\"https:\\\/\\\/tonysourcing.com\\\/#\\\/schema\\\/logo\\\/image\\\/\"},\"sameAs\":[\"https:\\\/\\\/www.facebook.com\\\/TonySourcing\",\"https:\\\/\\\/x.com\\\/TonySourcing\",\"https:\\\/\\\/www.instagram.com\\\/tony_sourcing\\\/\",\"http:\\\/\\\/www.linkedin.com\\\/in\\\/tonychen88\",\"https:\\\/\\\/www.youtube.com\\\/channel\\\/UCZfST1M-NDoqjQ3dB-Tzszg\"]},{\"@type\":\"Person\",\"@id\":\"https:\\\/\\\/tonysourcing.com\\\/#\\\/schema\\\/person\\\/4e4714e456f747f921bd2cce0cad60f8\",\"name\":\"Tony Chen\",\"description\":\"Tony Chen, the founder of TonySourcing.com &amp; TonyPromos.com He is Professional merchandiser in China since 2011, Now he have quote a lot of Professional knowledge for all kind of Toys and Promos item.\",\"sameAs\":[\"https:\\\/\\\/tonysourcing.com\"],\"url\":\"https:\\\/\\\/tonysourcing.com\\\/es\\\/author\\\/tony\\\/\"}]}<\/script>\n<!-- \/ Yoast SEO plugin. -->","yoast_head_json":{"title":"Pautas para publicaciones de invitados - TonySourcing","description":"Aqu\u00ed est\u00e1n las pautas para publicaciones invitadas para enviar una publicaci\u00f3n invitada sobre los juguetes y obtener recursos. Consulte los detalles.","robots":{"index":"index","follow":"follow","max-snippet":"max-snippet:-1","max-image-preview":"max-image-preview:large","max-video-preview":"max-video-preview:-1"},"canonical":"https:\/\/tonysourcing.com\/es\/pautas-para-publicaciones-invitadas\/","og_locale":"es_ES","og_type":"article","og_title":"Guest post guidelines - TonySourcing","og_description":"Here are the guest post guidelines for submitting a guest post on the toys and sourcing Resource.. check detail.","og_url":"https:\/\/tonysourcing.com\/es\/pautas-para-publicaciones-invitadas\/","og_site_name":"TonySourcing","article_publisher":"https:\/\/www.facebook.com\/TonySourcing","article_modified_time":"2023-07-06T03:43:41+00:00","og_image":[{"url":"https:\/\/tonysourcing.com\/wp-content\/uploads\/2023\/07\/TOYS-GUEST-POST.jpg","type":"","width":"","height":""}],"twitter_card":"summary_large_image","twitter_site":"@TonySourcing","twitter_misc":{"Tiempo de lectura":"2 minutos"},"schema":{"@context":"https:\/\/schema.org","@graph":[{"@type":"Article","@id":"https:\/\/tonysourcing.com\/guest-post-guidelines\/#article","isPartOf":{"@id":"https:\/\/tonysourcing.com\/guest-post-guidelines\/"},"author":{"name":"Tony Chen","@id":"https:\/\/tonysourcing.com\/#\/schema\/person\/4e4714e456f747f921bd2cce0cad60f8"},"headline":"Guest post guidelines","datePublished":"2023-07-06T03:40:27+00:00","dateModified":"2023-07-06T03:43:41+00:00","mainEntityOfPage":{"@id":"https:\/\/tonysourcing.com\/guest-post-guidelines\/"},"wordCount":298,"publisher":{"@id":"https:\/\/tonysourcing.com\/#organization"},"image":{"@id":"https:\/\/tonysourcing.com\/guest-post-guidelines\/#primaryimage"},"thumbnailUrl":"https:\/\/tonysourcing.com\/wp-content\/uploads\/2023\/07\/TOYS-GUEST-POST.jpg","inLanguage":"es"},{"@type":"WebPage","@id":"https:\/\/tonysourcing.com\/guest-post-guidelines\/","url":"https:\/\/tonysourcing.com\/guest-post-guidelines\/","name":"Pautas para publicaciones de invitados - TonySourcing","isPartOf":{"@id":"https:\/\/tonysourcing.com\/#website"},"primaryImageOfPage":{"@id":"https:\/\/tonysourcing.com\/guest-post-guidelines\/#primaryimage"},"image":{"@id":"https:\/\/tonysourcing.com\/guest-post-guidelines\/#primaryimage"},"thumbnailUrl":"https:\/\/tonysourcing.com\/wp-content\/uploads\/2023\/07\/TOYS-GUEST-POST.jpg","datePublished":"2023-07-06T03:40:27+00:00","dateModified":"2023-07-06T03:43:41+00:00","description":"Aqu\u00ed est\u00e1n las pautas para publicaciones invitadas para enviar una publicaci\u00f3n invitada sobre los juguetes y obtener recursos. Consulte los detalles.","breadcrumb":{"@id":"https:\/\/tonysourcing.com\/guest-post-guidelines\/#breadcrumb"},"inLanguage":"es","potentialAction":[{"@type":"ReadAction","target":["https:\/\/tonysourcing.com\/guest-post-guidelines\/"]}]},{"@type":"ImageObject","inLanguage":"es","@id":"https:\/\/tonysourcing.com\/guest-post-guidelines\/#primaryimage","url":"https:\/\/tonysourcing.com\/wp-content\/uploads\/2023\/07\/TOYS-GUEST-POST.jpg","contentUrl":"https:\/\/tonysourcing.com\/wp-content\/uploads\/2023\/07\/TOYS-GUEST-POST.jpg"},{"@type":"BreadcrumbList","@id":"https:\/\/tonysourcing.com\/guest-post-guidelines\/#breadcrumb","itemListElement":[{"@type":"ListItem","position":1,"name":"Home","item":"https:\/\/tonysourcing.com\/"},{"@type":"ListItem","position":2,"name":"Guest post guidelines"}]},{"@type":"WebSite","@id":"https:\/\/tonysourcing.com\/#website","url":"https:\/\/tonysourcing.com\/","name":"TonySourcing","description":"Distribuidor mayorista de juguetes y art\u00edculos en promoci\u00f3n en China","publisher":{"@id":"https:\/\/tonysourcing.com\/#organization"},"potentialAction":[{"@type":"SearchAction","target":{"@type":"EntryPoint","urlTemplate":"https:\/\/tonysourcing.com\/?s={search_term_string}"},"query-input":{"@type":"PropertyValueSpecification","valueRequired":true,"valueName":"search_term_string"}}],"inLanguage":"es"},{"@type":"Organization","@id":"https:\/\/tonysourcing.com\/#organization","name":"Yiwu Zongge","url":"https:\/\/tonysourcing.com\/","logo":{"@type":"ImageObject","inLanguage":"es","@id":"https:\/\/tonysourcing.com\/#\/schema\/logo\/image\/","url":"https:\/\/tonysourcing.com\/wp-content\/uploads\/2021\/07\/cropped-TonySourcing-logo-1.png","contentUrl":"https:\/\/tonysourcing.com\/wp-content\/uploads\/2021\/07\/cropped-TonySourcing-logo-1.png","width":300,"height":92,"caption":"Yiwu Zongge"},"image":{"@id":"https:\/\/tonysourcing.com\/#\/schema\/logo\/image\/"},"sameAs":["https:\/\/www.facebook.com\/TonySourcing","https:\/\/x.com\/TonySourcing","https:\/\/www.instagram.com\/tony_sourcing\/","http:\/\/www.linkedin.com\/in\/tonychen88","https:\/\/www.youtube.com\/channel\/UCZfST1M-NDoqjQ3dB-Tzszg"]},{"@type":"Person","@id":"https:\/\/tonysourcing.com\/#\/schema\/person\/4e4714e456f747f921bd2cce0cad60f8","name":"Tony Chen","description":"Tony Chen, el fundador de TonySourcing.com y TonyPromos.com. Es comerciante profesional en China desde 2011 y ahora tiene un gran conocimiento profesional para todo tipo de juguetes y art\u00edculos promocionales.","sameAs":["https:\/\/tonysourcing.com"],"url":"https:\/\/tonysourcing.com\/es\/author\/tony\/"}]}},"_links":{"self":[{"href":"https:\/\/tonysourcing.com\/es\/wp-json\/wp\/v2\/pages\/18941","targetHints":{"allow":["GET"]}}],"collection":[{"href":"https:\/\/tonysourcing.com\/es\/wp-json\/wp\/v2\/pages"}],"about":[{"href":"https:\/\/tonysourcing.com\/es\/wp-json\/wp\/v2\/types\/page"}],"author":[{"embeddable":true,"href":"https:\/\/tonysourcing.com\/es\/wp-json\/wp\/v2\/users\/1"}],"replies":[{"embeddable":true,"href":"https:\/\/tonysourcing.com\/es\/wp-json\/wp\/v2\/comments?post=18941"}],"version-history":[{"count":5,"href":"https:\/\/tonysourcing.com\/es\/wp-json\/wp\/v2\/pages\/18941\/revisions"}],"predecessor-version":[{"id":18947,"href":"https:\/\/tonysourcing.com\/es\/wp-json\/wp\/v2\/pages\/18941\/revisions\/18947"}],"wp:attachment":[{"href":"https:\/\/tonysourcing.com\/es\/wp-json\/wp\/v2\/media?parent=18941"}],"curies":[{"name":"gracias","href":"https:\/\/api.w.org\/{rel}","templated":true}]}}