{"id":4759,"date":"2019-06-29T07:20:00","date_gmt":"2019-06-29T07:20:00","guid":{"rendered":"https:\/\/tonysourcing.com\/?page_id=4759"},"modified":"2020-11-24T04:03:59","modified_gmt":"2020-11-24T04:03:59","slug":"agente-de-carga-de-china","status":"publish","type":"page","link":"https:\/\/tonysourcing.com\/es\/freight-forwarder-china\/","title":{"rendered":"\u00bfQu\u00e9 podemos hacer por los importadores internacionales de juguetes?"},"content":{"rendered":"<div data-elementor-type=\"wp-page\" data-elementor-id=\"4759\" class=\"elementor elementor-4759\" data-elementor-post-type=\"page\">\n\t\t\t\t\t\t<section class=\"elementor-section elementor-top-section elementor-element elementor-element-8821f82 elementor-section-boxed elementor-section-height-default elementor-section-height-default\" data-id=\"8821f82\" data-element_type=\"section\" data-e-type=\"section\">\n\t\t\t\t\t\t<div class=\"elementor-container elementor-column-gap-default\">\n\t\t\t\t\t<div class=\"elementor-column elementor-col-100 elementor-top-column elementor-element elementor-element-ac03f8\" data-id=\"ac03f8\" data-element_type=\"column\" data-e-type=\"column\">\n\t\t\t<div class=\"elementor-widget-wrap elementor-element-populated\">\n\t\t\t\t\t\t<div class=\"elementor-element elementor-element-5b2bf97f elementor-widget elementor-widget-text-editor\" data-id=\"5b2bf97f\" data-element_type=\"widget\" data-e-type=\"widget\" data-widget_type=\"text-editor.default\">\n\t\t\t\t<div class=\"elementor-widget-container\">\n\t\t\t\t\t\t\t\t\t<p>\u00a0<\/p><h1>\u00bfQu\u00e9 podemos hacer por los importadores internacionales de juguetes?<\/h1><p>Al importar juguetes de proveedores internacionales, se enfrentan a numerosos desaf\u00edos, como la administraci\u00f3n, el papeleo, la log\u00edstica, las diferencias horarias y monetarias, las barreras ling\u00fc\u00edsticas y los tr\u00e1mites aduaneros.<\/p><p>En SINO Shipping, nos ocuparemos de todos estos requisitos de manera profesional, eficaz y oportuna.<\/p><p>Prestaremos especial atenci\u00f3n a todos los detalles para asegurarnos de no pasar por alto ning\u00fan detalle que pueda retrasar el env\u00edo de su juguete. Cada pa\u00eds tiene diferentes normativas que deben cumplirse, lo que garantiza que sus productos se env\u00eden de forma r\u00e1pida y segura. Nos encargaremos de esa parte del proceso, colaborando con aduanas, transportistas y agentes locales.<\/p><p>Nuestro negocio es servirle y puede estar seguro de que trabajaremos para usted, ofreci\u00e9ndole un servicio personalizado y una atenci\u00f3n de alta calidad para sus env\u00edos de juguetes. Si surge alg\u00fan problema, haremos todo lo posible por resolverlo r\u00e1pidamente.<\/p><p>Optimizaremos su transporte global de juguetes, asegur\u00e1ndonos de que el transportista seleccionado sea el m\u00e1s adecuado para su negocio y le ofrezca las mejores rutas y el precio m\u00e1s bajo. Si es necesario, consolidaremos env\u00edos m\u00e1s peque\u00f1os en env\u00edos m\u00e1s grandes y rentables, ya que siempre velamos por su rentabilidad.<\/p><p>Al permitirnos encargarnos de todo el papeleo, embalaje, aduanas, seguros y transporte hacia y desde los almacenes, podremos encontrar la soluci\u00f3n log\u00edstica m\u00e1s adecuada para usted equilibrando perfectamente econom\u00eda y velocidad.<\/p><p>Nos esforzamos por crear alianzas a largo plazo para ayudarle a mejorar sus m\u00e1rgenes y hacer crecer su negocio. Somos profesionales, trabajadores, honestos y transparentes, y siempre sabr\u00e1 exactamente d\u00f3nde se encuentra al trabajar con nosotros.<\/p><p>Cumplimos con los m\u00e1s altos est\u00e1ndares internacionales en todas nuestras instalaciones de procesamiento, transportistas, almacenes y empresas asociadas. Conocemos a fondo las rutas, opciones, tarifas y cargos, por lo que podemos encontrar f\u00e1cilmente la mejor manera de enviar sus juguetes.<\/p><p>Juntos podemos crear la log\u00edstica perfecta que impulsar\u00e1 el crecimiento de su negocio a largo plazo. Sus env\u00edos de juguetes llegar\u00e1n seguros y puntuales, ahorr\u00e1ndole costos en cada etapa del proceso.<\/p><h2><strong>Ventajas de contratar un agente naviero o transitario.<\/strong><\/h2><p>Los transportistas pueden ahorrarle tiempo, dinero y energ\u00eda. El gasto de contratar una de estas empresas suele valer la pena, simplemente para evitarse algunas molestias.<\/p><p>Cabe se\u00f1alar que los transportistas suelen trabajar con agentes locales, especialmente si no cuentan con oficinas propias en China. Esto implica que la comisi\u00f3n del agente se a\u00f1adir\u00e1 al coste, lo que a menudo reduce la eficiencia y encarece las operaciones de env\u00edo.<\/p><p>Al seleccionar un transportista, es recomendable trabajar con uno con sede en China y oficinas all\u00ed. Si bien nos encantar\u00eda que eligiera a SINO Shipping, en \u00faltima instancia, debe comparar las opciones disponibles en el mercado y tomar la decisi\u00f3n seg\u00fan la que mejor se adapte a su negocio.<\/p><p>Los transportistas con sede en China pueden mantener un contacto estrecho y eficaz con sus proveedores de juguetes y mantenerle al d\u00eda con la informaci\u00f3n m\u00e1s reciente sobre sus productos y paquetes. Las empresas locales tambi\u00e9n podr\u00e1n atender r\u00e1pidamente cualquier problema que pueda surgir. Dado que SINO Shipping tiene su sede en China, estaremos encantados de encargarnos de esta tarea.<\/p><h2><strong>Servicios adicionales<\/strong><\/h2><p>Cuando sea necesario, trabajaremos junto con los transportistas tanto del pa\u00eds de exportaci\u00f3n como del de importaci\u00f3n, asegur\u00e1ndonos de que todos est\u00e9n en sinton\u00eda y trabajando por el bien de su env\u00edo de juguetes.<\/p><p>Dise\u00f1aremos una soluci\u00f3n de env\u00edo confiable y eficiente, que funcione a la perfecci\u00f3n. Sabemos que enviar mercanc\u00edas a nivel internacional genera mucho estr\u00e9s y le quita tiempo para tareas m\u00e1s importantes. Le quitaremos ese estr\u00e9s para que pueda concentrarse en lo importante.<\/p><p>Tambi\u00e9n ofrecemos:<\/p><ul><li>Operaciones respetuosas con el medio ambiente<\/li><li>Seguimiento desde la salida hasta la llegada<\/li><li>Seguro en todos los env\u00edos<\/li><li>Normas \u00e9ticas internacionales<\/li><li>Seguridad en toda nuestra carga<\/li><\/ul><h2><strong>Nuestro compromiso contigo<\/strong><\/h2><p>Estamos comprometidos con nuestro negocio y nos apasiona formar alianzas a largo plazo que beneficien a ambas partes. Garantizamos que siempre lucharemos por el mejor precio para cada componente del proceso log\u00edstico.<\/p><p>Esto le permitir\u00e1 invertir su dinero en construir un negocio y ofrecer productos de juguetes incre\u00edbles, en lugar de desperdiciarlo en costos log\u00edsticos y laborales innecesarios.<\/p><p>Podremos reducir tipos de cambio, costos laborales, gastos y tarifas.<\/p><p>Tambi\u00e9n adaptaremos nuestros procesos a sus necesidades. Las cosas suelen cambiar muy r\u00e1pidamente y nos adaptaremos a usted para que pueda seguir avanzando. Ofrecemos flexibilidad en la gesti\u00f3n de sus env\u00edos y siempre buscaremos las mejores soluciones para usted.<\/p><p>Nuestro personal habla con fluidez chino, ingl\u00e9s y franc\u00e9s.<\/p><h2><strong>Nuestro alcance de trabajo\u00a0 <\/strong><\/h2><p>SINO Shipping es una empresa multiling\u00fce de log\u00edstica y mudanzas internacionales con sede en China. Una de nuestras fortalezas reside en nuestro gran n\u00famero de socios en todo el mundo, lo que nos permite ofrecer soluciones log\u00edsticas eficientes que satisfacen sus necesidades con plazos garantizados.<\/p><p>Nuestros equipos est\u00e1n totalmente dedicados a brindarle soluciones de env\u00edo confiables para satisfacer cualquier presupuesto o necesidad, ya sea una empresa o un individuo.<\/p><p>SINO Shipping ofrece servicios log\u00edsticos a precios competitivos y respeta los est\u00e1ndares internacionales de calidad. Nuestra \u00fanica misi\u00f3n es satisfacer sus necesidades, y lo logramos gracias a nuestra amplia experiencia en transporte mar\u00edtimo internacional y regulaci\u00f3n.<\/p><p>Los servicios de SINO Shipping incluyen transporte mar\u00edtimo, a\u00e9reo, ferroviario y terrestre. Nuestros expertos le asesorar\u00e1n y asistir\u00e1n en toda la cadena log\u00edstica, brind\u00e1ndole las mejores recomendaciones en cada etapa. Contamos con expertos en aduanas y una red de agentes que facilitar\u00e1n los tr\u00e1mites administrativos y el env\u00edo de sus juguetes a su destino final.<\/p><p>Gracias a nuestra experiencia en la regi\u00f3n, hemos desarrollado la experiencia y el conocimiento del mercado asi\u00e1tico mundial en el transporte de mercanc\u00edas (o efectos personales) en China. Nuestra prioridad es su satisfacci\u00f3n, por lo que el equipo de SINO Shipping pone toda su experiencia a su servicio.<\/p><figure id=\"attachment_4760\" aria-describedby=\"caption-attachment-4760\" style=\"width: 300px\" class=\"wp-caption aligncenter\"><img fetchpriority=\"high\" decoding=\"async\" class=\"wp-image-4760 size-medium\" src=\"http:\/\/tonysourcing.com\/wp-content\/uploads\/2019\/06\/Sino-Shipping-logo-1-300x196.png\" alt=\"Env\u00edo chino \" width=\"300\" height=\"196\" srcset=\"https:\/\/tonysourcing.com\/wp-content\/uploads\/2019\/06\/Sino-Shipping-logo-1-300x196.png 300w, https:\/\/tonysourcing.com\/wp-content\/uploads\/2019\/06\/Sino-Shipping-logo-1-600x392.png 600w, https:\/\/tonysourcing.com\/wp-content\/uploads\/2019\/06\/Sino-Shipping-logo-1-200x131.png 200w, https:\/\/tonysourcing.com\/wp-content\/uploads\/2019\/06\/Sino-Shipping-logo-1-400x262.png 400w, https:\/\/tonysourcing.com\/wp-content\/uploads\/2019\/06\/Sino-Shipping-logo-1.png 685w\" sizes=\"(max-width: 300px) 100vw, 300px\" \/><figcaption id=\"caption-attachment-4760\" class=\"wp-caption-text\">Env\u00edo chino<\/figcaption><\/figure><p>\u00a0<\/p>\t\t\t\t\t\t\t\t<\/div>\n\t\t\t\t<\/div>\n\t\t\t\t\t<\/div>\n\t\t<\/div>\n\t\t\t\t\t<\/div>\n\t\t<\/section>\n\t\t\t\t<\/div>","protected":false},"excerpt":{"rendered":"<p>\u00a0 \u00bfQu\u00e9 podemos hacer por los importadores internacionales de juguetes? Al importar juguetes de proveedores internacionales, se enfrentan a numerosos desaf\u00edos. Estos incluyen la administraci\u00f3n, el papeleo, la log\u00edstica, las diferencias horarias, las diferencias monetarias, las barreras ling\u00fc\u00edsticas y los tr\u00e1mites aduaneros. En SINO Shipping, nos encargamos de todos estos requisitos de forma profesional, eficaz y oportuna.<\/p>","protected":false},"author":1,"featured_media":0,"parent":0,"menu_order":0,"comment_status":"closed","ping_status":"closed","template":"","meta":{"_kad_post_transparent":"","_kad_post_title":"","_kad_post_layout":"","_kad_post_sidebar_id":"","_kad_post_content_style":"","_kad_post_vertical_padding":"","_kad_post_feature":"","_kad_post_feature_position":"","_kad_post_header":false,"_kad_post_footer":false,"_kad_post_classname":"","footnotes":""},"class_list":["post-4759","page","type-page","status-publish","hentry"],"yoast_head":"<!-- This site is optimized with the Yoast SEO plugin v27.4 - https:\/\/yoast.com\/product\/yoast-seo-wordpress\/ -->\n<title>What we can do for international toy importers? - TonySourcing<\/title>\n<meta name=\"description\" content=\"SINO Shipping is a multilingual international logistics and moving company based in China. Our strengths lies in our large number of worldwide parner.\" \/>\n<meta name=\"robots\" content=\"index, follow, max-snippet:-1, max-image-preview:large, max-video-preview:-1\" \/>\n<link rel=\"canonical\" href=\"https:\/\/tonysourcing.com\/es\/agente-de-carga-de-china\/\" \/>\n<meta property=\"og:locale\" content=\"es_ES\" \/>\n<meta property=\"og:type\" content=\"article\" \/>\n<meta property=\"og:title\" content=\"What we can do for international toy importers? - TonySourcing\" \/>\n<meta property=\"og:description\" content=\"SINO Shipping is a multilingual international logistics and moving company based in China. Our strengths lies in our large number of worldwide parner.\" \/>\n<meta property=\"og:url\" content=\"https:\/\/tonysourcing.com\/es\/agente-de-carga-de-china\/\" \/>\n<meta property=\"og:site_name\" content=\"TonySourcing\" \/>\n<meta property=\"article:publisher\" content=\"https:\/\/www.facebook.com\/TonySourcing\" \/>\n<meta property=\"article:modified_time\" content=\"2020-11-24T04:03:59+00:00\" \/>\n<meta property=\"og:image\" content=\"http:\/\/tonysourcing.com\/wp-content\/uploads\/2019\/06\/Sino-Shipping-logo-1-300x196.png\" \/>\n<meta name=\"twitter:card\" content=\"summary_large_image\" \/>\n<meta name=\"twitter:site\" content=\"@TonySourcing\" \/>\n<meta name=\"twitter:label1\" content=\"Tiempo de lectura\" \/>\n\t<meta name=\"twitter:data1\" content=\"5 minutos\" \/>\n<script type=\"application\/ld+json\" class=\"yoast-schema-graph\">{\"@context\":\"https:\\\/\\\/schema.org\",\"@graph\":[{\"@type\":\"Article\",\"@id\":\"https:\\\/\\\/tonysourcing.com\\\/freight-forwarder-china\\\/#article\",\"isPartOf\":{\"@id\":\"https:\\\/\\\/tonysourcing.com\\\/freight-forwarder-china\\\/\"},\"author\":{\"name\":\"Tony Chen\",\"@id\":\"https:\\\/\\\/tonysourcing.com\\\/#\\\/schema\\\/person\\\/4e4714e456f747f921bd2cce0cad60f8\"},\"headline\":\"What we can do for international toy importers?\",\"datePublished\":\"2019-06-29T07:20:00+00:00\",\"dateModified\":\"2020-11-24T04:03:59+00:00\",\"mainEntityOfPage\":{\"@id\":\"https:\\\/\\\/tonysourcing.com\\\/freight-forwarder-china\\\/\"},\"wordCount\":1056,\"publisher\":{\"@id\":\"https:\\\/\\\/tonysourcing.com\\\/#organization\"},\"image\":{\"@id\":\"https:\\\/\\\/tonysourcing.com\\\/freight-forwarder-china\\\/#primaryimage\"},\"thumbnailUrl\":\"http:\\\/\\\/tonysourcing.com\\\/wp-content\\\/uploads\\\/2019\\\/06\\\/Sino-Shipping-logo-1-300x196.png\",\"inLanguage\":\"es\"},{\"@type\":\"WebPage\",\"@id\":\"https:\\\/\\\/tonysourcing.com\\\/freight-forwarder-china\\\/\",\"url\":\"https:\\\/\\\/tonysourcing.com\\\/freight-forwarder-china\\\/\",\"name\":\"What we can do for international toy importers? - TonySourcing\",\"isPartOf\":{\"@id\":\"https:\\\/\\\/tonysourcing.com\\\/#website\"},\"primaryImageOfPage\":{\"@id\":\"https:\\\/\\\/tonysourcing.com\\\/freight-forwarder-china\\\/#primaryimage\"},\"image\":{\"@id\":\"https:\\\/\\\/tonysourcing.com\\\/freight-forwarder-china\\\/#primaryimage\"},\"thumbnailUrl\":\"http:\\\/\\\/tonysourcing.com\\\/wp-content\\\/uploads\\\/2019\\\/06\\\/Sino-Shipping-logo-1-300x196.png\",\"datePublished\":\"2019-06-29T07:20:00+00:00\",\"dateModified\":\"2020-11-24T04:03:59+00:00\",\"description\":\"SINO Shipping is a multilingual international logistics and moving company based in China. Our strengths lies in our large number of worldwide parner.\",\"breadcrumb\":{\"@id\":\"https:\\\/\\\/tonysourcing.com\\\/freight-forwarder-china\\\/#breadcrumb\"},\"inLanguage\":\"es\",\"potentialAction\":[{\"@type\":\"ReadAction\",\"target\":[\"https:\\\/\\\/tonysourcing.com\\\/freight-forwarder-china\\\/\"]}]},{\"@type\":\"ImageObject\",\"inLanguage\":\"es\",\"@id\":\"https:\\\/\\\/tonysourcing.com\\\/freight-forwarder-china\\\/#primaryimage\",\"url\":\"http:\\\/\\\/tonysourcing.com\\\/wp-content\\\/uploads\\\/2019\\\/06\\\/Sino-Shipping-logo-1-300x196.png\",\"contentUrl\":\"http:\\\/\\\/tonysourcing.com\\\/wp-content\\\/uploads\\\/2019\\\/06\\\/Sino-Shipping-logo-1-300x196.png\"},{\"@type\":\"BreadcrumbList\",\"@id\":\"https:\\\/\\\/tonysourcing.com\\\/freight-forwarder-china\\\/#breadcrumb\",\"itemListElement\":[{\"@type\":\"ListItem\",\"position\":1,\"name\":\"Home\",\"item\":\"https:\\\/\\\/tonysourcing.com\\\/\"},{\"@type\":\"ListItem\",\"position\":2,\"name\":\"What we can do for international toy importers?\"}]},{\"@type\":\"WebSite\",\"@id\":\"https:\\\/\\\/tonysourcing.com\\\/#website\",\"url\":\"https:\\\/\\\/tonysourcing.com\\\/\",\"name\":\"TonySourcing\",\"description\":\"Toys Wholesale Distributor &amp; China Promition Items\",\"publisher\":{\"@id\":\"https:\\\/\\\/tonysourcing.com\\\/#organization\"},\"potentialAction\":[{\"@type\":\"SearchAction\",\"target\":{\"@type\":\"EntryPoint\",\"urlTemplate\":\"https:\\\/\\\/tonysourcing.com\\\/?s={search_term_string}\"},\"query-input\":{\"@type\":\"PropertyValueSpecification\",\"valueRequired\":true,\"valueName\":\"search_term_string\"}}],\"inLanguage\":\"es\"},{\"@type\":\"Organization\",\"@id\":\"https:\\\/\\\/tonysourcing.com\\\/#organization\",\"name\":\"Yiwu Zongge\",\"url\":\"https:\\\/\\\/tonysourcing.com\\\/\",\"logo\":{\"@type\":\"ImageObject\",\"inLanguage\":\"es\",\"@id\":\"https:\\\/\\\/tonysourcing.com\\\/#\\\/schema\\\/logo\\\/image\\\/\",\"url\":\"https:\\\/\\\/tonysourcing.com\\\/wp-content\\\/uploads\\\/2021\\\/07\\\/cropped-TonySourcing-logo-1.png\",\"contentUrl\":\"https:\\\/\\\/tonysourcing.com\\\/wp-content\\\/uploads\\\/2021\\\/07\\\/cropped-TonySourcing-logo-1.png\",\"width\":300,\"height\":92,\"caption\":\"Yiwu Zongge\"},\"image\":{\"@id\":\"https:\\\/\\\/tonysourcing.com\\\/#\\\/schema\\\/logo\\\/image\\\/\"},\"sameAs\":[\"https:\\\/\\\/www.facebook.com\\\/TonySourcing\",\"https:\\\/\\\/x.com\\\/TonySourcing\",\"https:\\\/\\\/www.instagram.com\\\/tony_sourcing\\\/\",\"http:\\\/\\\/www.linkedin.com\\\/in\\\/tonychen88\",\"https:\\\/\\\/www.youtube.com\\\/channel\\\/UCZfST1M-NDoqjQ3dB-Tzszg\"]},{\"@type\":\"Person\",\"@id\":\"https:\\\/\\\/tonysourcing.com\\\/#\\\/schema\\\/person\\\/4e4714e456f747f921bd2cce0cad60f8\",\"name\":\"Tony Chen\",\"description\":\"Tony Chen, the founder of TonySourcing.com &amp; TonyPromos.com He is Professional merchandiser in China since 2011, Now he have quote a lot of Professional knowledge for all kind of Toys and Promos item.\",\"sameAs\":[\"https:\\\/\\\/tonysourcing.com\"],\"url\":\"https:\\\/\\\/tonysourcing.com\\\/es\\\/author\\\/tony\\\/\"}]}<\/script>\n<!-- \/ Yoast SEO plugin. -->","yoast_head_json":{"title":"\u00bfQu\u00e9 podemos hacer por los importadores internacionales de juguetes? - TonySourcing","description":"SINO Shipping es una empresa multiling\u00fce de log\u00edstica y mudanzas internacionales con sede en China. Nuestra fortaleza reside en nuestro gran n\u00famero de socios en todo el mundo.","robots":{"index":"index","follow":"follow","max-snippet":"max-snippet:-1","max-image-preview":"max-image-preview:large","max-video-preview":"max-video-preview:-1"},"canonical":"https:\/\/tonysourcing.com\/es\/agente-de-carga-de-china\/","og_locale":"es_ES","og_type":"article","og_title":"What we can do for international toy importers? - TonySourcing","og_description":"SINO Shipping is a multilingual international logistics and moving company based in China. Our strengths lies in our large number of worldwide parner.","og_url":"https:\/\/tonysourcing.com\/es\/agente-de-carga-de-china\/","og_site_name":"TonySourcing","article_publisher":"https:\/\/www.facebook.com\/TonySourcing","article_modified_time":"2020-11-24T04:03:59+00:00","og_image":[{"url":"http:\/\/tonysourcing.com\/wp-content\/uploads\/2019\/06\/Sino-Shipping-logo-1-300x196.png","type":"","width":"","height":""}],"twitter_card":"summary_large_image","twitter_site":"@TonySourcing","twitter_misc":{"Tiempo de lectura":"5 minutos"},"schema":{"@context":"https:\/\/schema.org","@graph":[{"@type":"Article","@id":"https:\/\/tonysourcing.com\/freight-forwarder-china\/#article","isPartOf":{"@id":"https:\/\/tonysourcing.com\/freight-forwarder-china\/"},"author":{"name":"Tony Chen","@id":"https:\/\/tonysourcing.com\/#\/schema\/person\/4e4714e456f747f921bd2cce0cad60f8"},"headline":"What we can do for international toy importers?","datePublished":"2019-06-29T07:20:00+00:00","dateModified":"2020-11-24T04:03:59+00:00","mainEntityOfPage":{"@id":"https:\/\/tonysourcing.com\/freight-forwarder-china\/"},"wordCount":1056,"publisher":{"@id":"https:\/\/tonysourcing.com\/#organization"},"image":{"@id":"https:\/\/tonysourcing.com\/freight-forwarder-china\/#primaryimage"},"thumbnailUrl":"http:\/\/tonysourcing.com\/wp-content\/uploads\/2019\/06\/Sino-Shipping-logo-1-300x196.png","inLanguage":"es"},{"@type":"WebPage","@id":"https:\/\/tonysourcing.com\/freight-forwarder-china\/","url":"https:\/\/tonysourcing.com\/freight-forwarder-china\/","name":"\u00bfQu\u00e9 podemos hacer por los importadores internacionales de juguetes? - TonySourcing","isPartOf":{"@id":"https:\/\/tonysourcing.com\/#website"},"primaryImageOfPage":{"@id":"https:\/\/tonysourcing.com\/freight-forwarder-china\/#primaryimage"},"image":{"@id":"https:\/\/tonysourcing.com\/freight-forwarder-china\/#primaryimage"},"thumbnailUrl":"http:\/\/tonysourcing.com\/wp-content\/uploads\/2019\/06\/Sino-Shipping-logo-1-300x196.png","datePublished":"2019-06-29T07:20:00+00:00","dateModified":"2020-11-24T04:03:59+00:00","description":"SINO Shipping es una empresa multiling\u00fce de log\u00edstica y mudanzas internacionales con sede en China. Nuestra fortaleza reside en nuestro gran n\u00famero de socios en todo el mundo.","breadcrumb":{"@id":"https:\/\/tonysourcing.com\/freight-forwarder-china\/#breadcrumb"},"inLanguage":"es","potentialAction":[{"@type":"ReadAction","target":["https:\/\/tonysourcing.com\/freight-forwarder-china\/"]}]},{"@type":"ImageObject","inLanguage":"es","@id":"https:\/\/tonysourcing.com\/freight-forwarder-china\/#primaryimage","url":"http:\/\/tonysourcing.com\/wp-content\/uploads\/2019\/06\/Sino-Shipping-logo-1-300x196.png","contentUrl":"http:\/\/tonysourcing.com\/wp-content\/uploads\/2019\/06\/Sino-Shipping-logo-1-300x196.png"},{"@type":"BreadcrumbList","@id":"https:\/\/tonysourcing.com\/freight-forwarder-china\/#breadcrumb","itemListElement":[{"@type":"ListItem","position":1,"name":"Home","item":"https:\/\/tonysourcing.com\/"},{"@type":"ListItem","position":2,"name":"What we can do for international toy importers?"}]},{"@type":"WebSite","@id":"https:\/\/tonysourcing.com\/#website","url":"https:\/\/tonysourcing.com\/","name":"TonySourcing","description":"Distribuidor mayorista de juguetes y art\u00edculos en promoci\u00f3n en China","publisher":{"@id":"https:\/\/tonysourcing.com\/#organization"},"potentialAction":[{"@type":"SearchAction","target":{"@type":"EntryPoint","urlTemplate":"https:\/\/tonysourcing.com\/?s={search_term_string}"},"query-input":{"@type":"PropertyValueSpecification","valueRequired":true,"valueName":"search_term_string"}}],"inLanguage":"es"},{"@type":"Organization","@id":"https:\/\/tonysourcing.com\/#organization","name":"Yiwu Zongge","url":"https:\/\/tonysourcing.com\/","logo":{"@type":"ImageObject","inLanguage":"es","@id":"https:\/\/tonysourcing.com\/#\/schema\/logo\/image\/","url":"https:\/\/tonysourcing.com\/wp-content\/uploads\/2021\/07\/cropped-TonySourcing-logo-1.png","contentUrl":"https:\/\/tonysourcing.com\/wp-content\/uploads\/2021\/07\/cropped-TonySourcing-logo-1.png","width":300,"height":92,"caption":"Yiwu Zongge"},"image":{"@id":"https:\/\/tonysourcing.com\/#\/schema\/logo\/image\/"},"sameAs":["https:\/\/www.facebook.com\/TonySourcing","https:\/\/x.com\/TonySourcing","https:\/\/www.instagram.com\/tony_sourcing\/","http:\/\/www.linkedin.com\/in\/tonychen88","https:\/\/www.youtube.com\/channel\/UCZfST1M-NDoqjQ3dB-Tzszg"]},{"@type":"Person","@id":"https:\/\/tonysourcing.com\/#\/schema\/person\/4e4714e456f747f921bd2cce0cad60f8","name":"Tony Chen","description":"Tony Chen, el fundador de TonySourcing.com y TonyPromos.com. Es comerciante profesional en China desde 2011 y ahora tiene un gran conocimiento profesional para todo tipo de juguetes y art\u00edculos promocionales.","sameAs":["https:\/\/tonysourcing.com"],"url":"https:\/\/tonysourcing.com\/es\/author\/tony\/"}]}},"_links":{"self":[{"href":"https:\/\/tonysourcing.com\/es\/wp-json\/wp\/v2\/pages\/4759","targetHints":{"allow":["GET"]}}],"collection":[{"href":"https:\/\/tonysourcing.com\/es\/wp-json\/wp\/v2\/pages"}],"about":[{"href":"https:\/\/tonysourcing.com\/es\/wp-json\/wp\/v2\/types\/page"}],"author":[{"embeddable":true,"href":"https:\/\/tonysourcing.com\/es\/wp-json\/wp\/v2\/users\/1"}],"replies":[{"embeddable":true,"href":"https:\/\/tonysourcing.com\/es\/wp-json\/wp\/v2\/comments?post=4759"}],"version-history":[{"count":3,"href":"https:\/\/tonysourcing.com\/es\/wp-json\/wp\/v2\/pages\/4759\/revisions"}],"predecessor-version":[{"id":8533,"href":"https:\/\/tonysourcing.com\/es\/wp-json\/wp\/v2\/pages\/4759\/revisions\/8533"}],"wp:attachment":[{"href":"https:\/\/tonysourcing.com\/es\/wp-json\/wp\/v2\/media?parent=4759"}],"curies":[{"name":"gracias","href":"https:\/\/api.w.org\/{rel}","templated":true}]}}