{"id":10942,"date":"2021-05-10T01:52:27","date_gmt":"2021-05-10T01:52:27","guid":{"rendered":"https:\/\/tonysourcing.com\/?post_type=product&#038;p=10942"},"modified":"2021-06-23T01:34:31","modified_gmt":"2021-06-23T01:34:31","slug":"dna-stress-balls-3","status":"publish","type":"product","link":"https:\/\/tonysourcing.com\/es\/wholesale\/dna-stress-balls-3\/","title":{"rendered":"Pelotas antiestr\u00e9s de ADN"},"content":{"rendered":"<p><img fetchpriority=\"high\" decoding=\"async\" class=\"aligncenter size-full wp-image-11712\" src=\"https:\/\/tonysourcing.com\/wp-content\/uploads\/2021\/03\/wholesaler-distribution-fidget-toys-1.jpg\" alt=\"Cat\u00e1logo de juguetes antiestr\u00e9s para mayoristas\" width=\"1028\" height=\"330\" srcset=\"https:\/\/tonysourcing.com\/wp-content\/uploads\/2021\/03\/wholesaler-distribution-fidget-toys-1.jpg 1028w, https:\/\/tonysourcing.com\/wp-content\/uploads\/2021\/03\/wholesaler-distribution-fidget-toys-1-300x96.jpg 300w, https:\/\/tonysourcing.com\/wp-content\/uploads\/2021\/03\/wholesaler-distribution-fidget-toys-1-800x257.jpg 800w, https:\/\/tonysourcing.com\/wp-content\/uploads\/2021\/03\/wholesaler-distribution-fidget-toys-1-768x247.jpg 768w, https:\/\/tonysourcing.com\/wp-content\/uploads\/2021\/03\/wholesaler-distribution-fidget-toys-1-600x193.jpg 600w\" sizes=\"(max-width: 1028px) 100vw, 1028px\" \/><\/p>\n<p>&nbsp;<\/p>\n<p>#1 \u00bfPor qu\u00e9 comprar el juguete Pop it Fidget de <a href=\"https:\/\/tonysourcing.com\/es\/\">TonySouring.com<\/a><br \/>\nElija entre m\u00e1s de 5000 proveedores de juguetes de China con m\u00e1s de 100 000 000 de art\u00edculos<br \/>\nAhorre hasta 60% en costos al comprar directamente a fabricantes de juguetes chinos.<br \/>\nGestione todo a trav\u00e9s del servicio en un solo paso de TonySourcing<br \/>\nColabore con el equipo de TonySourcing para obtener conocimientos y apoyo en la compra de juguetes.<\/p>\n<p>#2 \u00bfQu\u00e9 Certificaci\u00f3n tienen los Funko Pop?<br \/>\nInforme de pruebas EN71 y CE: La norma europea EN 71 especifica los requisitos de seguridad para los juguetes. El cumplimiento de esta norma es obligatorio para todos los juguetes vendidos en la Uni\u00f3n Europea.<br \/>\nInforme de prueba de ASTM: Seg\u00fan la nueva legislaci\u00f3n federal que entra en vigor hoy, todos los juguetes vendidos en los Estados Unidos deben cumplir con los requisitos de seguridad de ASTM F963<\/p>\n<p>#3 \u00bfCu\u00e1l es el mejor? <a href=\"http:\/\/2.tonysourcing.store\/\">Pop It Fidget S<\/a>?<br \/>\nLos mejores juguetes Pop It Fidget deben tener funci\u00f3n de juego, aprendizaje y sonrisa.<\/p>\n<p>&gt;&gt;Funci\u00f3n de reproducci\u00f3n<br \/>\nLos juguetes educativos se desarrollan en funci\u00f3n de \u00e1reas como conceptos espaciales, l\u00f3gica matem\u00e1tica, desarrollo intelectual, aprendizaje del lenguaje, apreciaci\u00f3n del arte y competencia cognitiva. Varios juguetes educativos pueden estimular las habilidades de los ni\u00f1os en varias \u00e1reas distintas y aprovechar su potencial innato a trav\u00e9s de juegos divertidos.<\/p>\n<p>&gt;&gt;Funci\u00f3n de aprendizaje<br \/>\nIncentive a los ni\u00f1os a aprender con iniciativa. \u00a1El juego es la base del aprendizaje! Cuando un ni\u00f1o toma un juguete con inter\u00e9s, indica que su cerebro ya est\u00e1 en un estado de intercambio de ideas a gran velocidad. Al mismo tiempo, tambi\u00e9n comenzar\u00e1 a desarrollar sus habilidades motoras, coordinaci\u00f3n ojo-mano, concentraci\u00f3n, lenguaje y comunicaci\u00f3n, creatividad, imaginaci\u00f3n, concepto espacial, l\u00f3gica y capacidad para resolver problemas, as\u00ed como el pensamiento matem\u00e1tico.<\/p>\n<p>&gt;&gt;Funci\u00f3n de sonrisa:<br \/>\n\u201cJugar y aprender\u201d todav\u00eda es insuficiente<br \/>\nEl mejor deseo es que cada ni\u00f1o sonr\u00eda desde el coraz\u00f3n, aprenda a pensar e incluso d\u00e9 un paso m\u00e1s y explore, cuando juega con los juguetes educativos.<\/p>\n<figure id=\"attachment_9946\" aria-describedby=\"caption-attachment-9946\" style=\"width: 1017px\" class=\"wp-caption alignnone\"><img decoding=\"async\" class=\"size-full wp-image-9946\" src=\"https:\/\/tonysourcing.com\/wp-content\/uploads\/2021\/01\/Noveity-Toys-Catalogue.jpg\" alt=\"Cat\u00e1logo de juguetes novedosos\" width=\"1017\" height=\"423\" srcset=\"https:\/\/tonysourcing.com\/wp-content\/uploads\/2021\/01\/Noveity-Toys-Catalogue.jpg 1017w, https:\/\/tonysourcing.com\/wp-content\/uploads\/2021\/01\/Noveity-Toys-Catalogue-300x125.jpg 300w, https:\/\/tonysourcing.com\/wp-content\/uploads\/2021\/01\/Noveity-Toys-Catalogue-800x333.jpg 800w, https:\/\/tonysourcing.com\/wp-content\/uploads\/2021\/01\/Noveity-Toys-Catalogue-768x319.jpg 768w, https:\/\/tonysourcing.com\/wp-content\/uploads\/2021\/01\/Noveity-Toys-Catalogue-600x250.jpg 600w\" sizes=\"(max-width: 1017px) 100vw, 1017px\" \/><figcaption id=\"caption-attachment-9946\" class=\"wp-caption-text\">Cat\u00e1logo de juguetes novedosos<\/figcaption><\/figure>","protected":false},"excerpt":{"rendered":"<table style=\"border-collapse: collapse; width: 216.78pt;\" border=\"0\" width=\"289\" cellspacing=\"0\" cellpadding=\"0\">\n<tbody>\n<tr style=\"height: 100.50pt;\">\n<td class=\"et3\" style=\"height: 100.50pt; width: 217.00pt;\" width=\"289\" height=\"134\">Art\u00edculo n.\u00ba: VENT030<\/td>\n<\/tr>\n<\/tbody>\n<\/table>","protected":false},"featured_media":10943,"template":"","meta":{"_kad_post_transparent":"","_kad_post_title":"","_kad_post_layout":"","_kad_post_sidebar_id":"","_kad_post_content_style":"","_kad_post_vertical_padding":"","_kad_post_feature":"","_kad_post_feature_position":"","_kad_post_header":false,"_kad_post_footer":false},"product_brand":[],"product_cat":[999],"product_tag":[1405,1232,1231],"class_list":{"0":"post-10942","1":"product","2":"type-product","3":"status-publish","4":"has-post-thumbnail","6":"product_cat-novelty-toys","7":"product_tag-dna-stress-balls","8":"product_tag-fidget-toys","9":"product_tag-noveity-toys","11":"first","12":"instock","13":"shipping-taxable","14":"product-type-simple","15":"entry","16":"content-bg","17":"loop-entry"},"yoast_head":"<!-- This site is optimized with the Yoast SEO plugin v27.3 - https:\/\/yoast.com\/product\/yoast-seo-wordpress\/ -->\n<title>DNA Stress balls - Import Toys Wholesale Directly From Manufacturer<\/title>\n<meta name=\"description\" content=\"Import DNA Stress balls from China Manufacturer, Good Product and Good Price, Contact TonySourcing for Catalog today directly\" \/>\n<meta name=\"robots\" content=\"index, follow, max-snippet:-1, max-image-preview:large, max-video-preview:-1\" \/>\n<link rel=\"canonical\" href=\"https:\/\/tonysourcing.com\/es\/al-por-mayor\/dna-stress-balls-3\/\" \/>\n<meta property=\"og:locale\" content=\"es_ES\" \/>\n<meta property=\"og:type\" content=\"article\" \/>\n<meta property=\"og:title\" content=\"DNA Stress balls - Import Toys Wholesale Directly From Manufacturer\" \/>\n<meta property=\"og:description\" content=\"Import DNA Stress balls from China Manufacturer, Good Product and Good Price, Contact TonySourcing for Catalog today directly\" \/>\n<meta property=\"og:url\" content=\"https:\/\/tonysourcing.com\/es\/al-por-mayor\/dna-stress-balls-3\/\" \/>\n<meta property=\"og:site_name\" content=\"TonySourcing\" \/>\n<meta property=\"article:publisher\" content=\"https:\/\/www.facebook.com\/TonySourcing\" \/>\n<meta property=\"article:modified_time\" content=\"2021-06-23T01:34:31+00:00\" \/>\n<meta property=\"og:image\" content=\"https:\/\/tonysourcing.com\/wp-content\/uploads\/2021\/05\/DNA-Stress-balls-1.jpg\" \/>\n\t<meta property=\"og:image:width\" content=\"600\" \/>\n\t<meta property=\"og:image:height\" content=\"600\" \/>\n\t<meta property=\"og:image:type\" content=\"image\/jpeg\" \/>\n<meta name=\"twitter:card\" content=\"summary_large_image\" \/>\n<meta name=\"twitter:site\" content=\"@TonySourcing\" \/>\n<meta name=\"twitter:label1\" content=\"Tiempo de lectura\" \/>\n\t<meta name=\"twitter:data1\" content=\"2 minutos\" \/>\n<script type=\"application\/ld+json\" class=\"yoast-schema-graph\">{\"@context\":\"https:\\\/\\\/schema.org\",\"@graph\":[{\"@type\":\"WebPage\",\"@id\":\"https:\\\/\\\/tonysourcing.com\\\/wholesale\\\/dna-stress-balls-3\\\/\",\"url\":\"https:\\\/\\\/tonysourcing.com\\\/wholesale\\\/dna-stress-balls-3\\\/\",\"name\":\"DNA Stress balls - Import Toys Wholesale Directly From Manufacturer\",\"isPartOf\":{\"@id\":\"https:\\\/\\\/tonysourcing.com\\\/#website\"},\"primaryImageOfPage\":{\"@id\":\"https:\\\/\\\/tonysourcing.com\\\/wholesale\\\/dna-stress-balls-3\\\/#primaryimage\"},\"image\":{\"@id\":\"https:\\\/\\\/tonysourcing.com\\\/wholesale\\\/dna-stress-balls-3\\\/#primaryimage\"},\"thumbnailUrl\":\"https:\\\/\\\/tonysourcing.com\\\/wp-content\\\/uploads\\\/2021\\\/05\\\/DNA-Stress-balls-1.jpg\",\"datePublished\":\"2021-05-10T01:52:27+00:00\",\"dateModified\":\"2021-06-23T01:34:31+00:00\",\"description\":\"Import DNA Stress balls from China Manufacturer, Good Product and Good Price, Contact TonySourcing for Catalog today directly\",\"breadcrumb\":{\"@id\":\"https:\\\/\\\/tonysourcing.com\\\/wholesale\\\/dna-stress-balls-3\\\/#breadcrumb\"},\"inLanguage\":\"es\",\"potentialAction\":[{\"@type\":\"ReadAction\",\"target\":[\"https:\\\/\\\/tonysourcing.com\\\/wholesale\\\/dna-stress-balls-3\\\/\"]}]},{\"@type\":\"ImageObject\",\"inLanguage\":\"es\",\"@id\":\"https:\\\/\\\/tonysourcing.com\\\/wholesale\\\/dna-stress-balls-3\\\/#primaryimage\",\"url\":\"https:\\\/\\\/tonysourcing.com\\\/wp-content\\\/uploads\\\/2021\\\/05\\\/DNA-Stress-balls-1.jpg\",\"contentUrl\":\"https:\\\/\\\/tonysourcing.com\\\/wp-content\\\/uploads\\\/2021\\\/05\\\/DNA-Stress-balls-1.jpg\",\"width\":600,\"height\":600,\"caption\":\"DNA Stress balls\"},{\"@type\":\"BreadcrumbList\",\"@id\":\"https:\\\/\\\/tonysourcing.com\\\/wholesale\\\/dna-stress-balls-3\\\/#breadcrumb\",\"itemListElement\":[{\"@type\":\"ListItem\",\"position\":1,\"name\":\"Home\",\"item\":\"https:\\\/\\\/tonysourcing.com\\\/\"},{\"@type\":\"ListItem\",\"position\":2,\"name\":\"Wholesale\",\"item\":\"https:\\\/\\\/tonysourcing.com\\\/wholesale\\\/\"},{\"@type\":\"ListItem\",\"position\":3,\"name\":\"DNA Stress balls\"}]},{\"@type\":\"WebSite\",\"@id\":\"https:\\\/\\\/tonysourcing.com\\\/#website\",\"url\":\"https:\\\/\\\/tonysourcing.com\\\/\",\"name\":\"TonySourcing\",\"description\":\"Toys Wholesale Distributor &amp; China Promition Items\",\"publisher\":{\"@id\":\"https:\\\/\\\/tonysourcing.com\\\/#organization\"},\"potentialAction\":[{\"@type\":\"SearchAction\",\"target\":{\"@type\":\"EntryPoint\",\"urlTemplate\":\"https:\\\/\\\/tonysourcing.com\\\/?s={search_term_string}\"},\"query-input\":{\"@type\":\"PropertyValueSpecification\",\"valueRequired\":true,\"valueName\":\"search_term_string\"}}],\"inLanguage\":\"es\"},{\"@type\":\"Organization\",\"@id\":\"https:\\\/\\\/tonysourcing.com\\\/#organization\",\"name\":\"Yiwu Zongge\",\"url\":\"https:\\\/\\\/tonysourcing.com\\\/\",\"logo\":{\"@type\":\"ImageObject\",\"inLanguage\":\"es\",\"@id\":\"https:\\\/\\\/tonysourcing.com\\\/#\\\/schema\\\/logo\\\/image\\\/\",\"url\":\"https:\\\/\\\/tonysourcing.com\\\/wp-content\\\/uploads\\\/2021\\\/07\\\/cropped-TonySourcing-logo-1.png\",\"contentUrl\":\"https:\\\/\\\/tonysourcing.com\\\/wp-content\\\/uploads\\\/2021\\\/07\\\/cropped-TonySourcing-logo-1.png\",\"width\":300,\"height\":92,\"caption\":\"Yiwu Zongge\"},\"image\":{\"@id\":\"https:\\\/\\\/tonysourcing.com\\\/#\\\/schema\\\/logo\\\/image\\\/\"},\"sameAs\":[\"https:\\\/\\\/www.facebook.com\\\/TonySourcing\",\"https:\\\/\\\/x.com\\\/TonySourcing\",\"https:\\\/\\\/www.instagram.com\\\/tony_sourcing\\\/\",\"http:\\\/\\\/www.linkedin.com\\\/in\\\/tonychen88\",\"https:\\\/\\\/www.youtube.com\\\/channel\\\/UCZfST1M-NDoqjQ3dB-Tzszg\"]}]}<\/script>\n<!-- \/ Yoast SEO plugin. -->","yoast_head_json":{"title":"DNA Stress balls - Import Toys Wholesale Directly From Manufacturer","description":"Import DNA Stress balls from China Manufacturer, Good Product and Good Price, Contact TonySourcing for Catalog today directly","robots":{"index":"index","follow":"follow","max-snippet":"max-snippet:-1","max-image-preview":"max-image-preview:large","max-video-preview":"max-video-preview:-1"},"canonical":"https:\/\/tonysourcing.com\/es\/al-por-mayor\/dna-stress-balls-3\/","og_locale":"es_ES","og_type":"article","og_title":"DNA Stress balls - Import Toys Wholesale Directly From Manufacturer","og_description":"Import DNA Stress balls from China Manufacturer, Good Product and Good Price, Contact TonySourcing for Catalog today directly","og_url":"https:\/\/tonysourcing.com\/es\/al-por-mayor\/dna-stress-balls-3\/","og_site_name":"TonySourcing","article_publisher":"https:\/\/www.facebook.com\/TonySourcing","article_modified_time":"2021-06-23T01:34:31+00:00","og_image":[{"width":600,"height":600,"url":"https:\/\/tonysourcing.com\/wp-content\/uploads\/2021\/05\/DNA-Stress-balls-1.jpg","type":"image\/jpeg"}],"twitter_card":"summary_large_image","twitter_site":"@TonySourcing","twitter_misc":{"Tiempo de lectura":"2 minutos"},"schema":{"@context":"https:\/\/schema.org","@graph":[{"@type":"WebPage","@id":"https:\/\/tonysourcing.com\/wholesale\/dna-stress-balls-3\/","url":"https:\/\/tonysourcing.com\/wholesale\/dna-stress-balls-3\/","name":"DNA Stress balls - Import Toys Wholesale Directly From Manufacturer","isPartOf":{"@id":"https:\/\/tonysourcing.com\/#website"},"primaryImageOfPage":{"@id":"https:\/\/tonysourcing.com\/wholesale\/dna-stress-balls-3\/#primaryimage"},"image":{"@id":"https:\/\/tonysourcing.com\/wholesale\/dna-stress-balls-3\/#primaryimage"},"thumbnailUrl":"https:\/\/tonysourcing.com\/wp-content\/uploads\/2021\/05\/DNA-Stress-balls-1.jpg","datePublished":"2021-05-10T01:52:27+00:00","dateModified":"2021-06-23T01:34:31+00:00","description":"Import DNA Stress balls from China Manufacturer, Good Product and Good Price, Contact TonySourcing for Catalog today directly","breadcrumb":{"@id":"https:\/\/tonysourcing.com\/wholesale\/dna-stress-balls-3\/#breadcrumb"},"inLanguage":"es","potentialAction":[{"@type":"ReadAction","target":["https:\/\/tonysourcing.com\/wholesale\/dna-stress-balls-3\/"]}]},{"@type":"ImageObject","inLanguage":"es","@id":"https:\/\/tonysourcing.com\/wholesale\/dna-stress-balls-3\/#primaryimage","url":"https:\/\/tonysourcing.com\/wp-content\/uploads\/2021\/05\/DNA-Stress-balls-1.jpg","contentUrl":"https:\/\/tonysourcing.com\/wp-content\/uploads\/2021\/05\/DNA-Stress-balls-1.jpg","width":600,"height":600,"caption":"DNA Stress balls"},{"@type":"BreadcrumbList","@id":"https:\/\/tonysourcing.com\/wholesale\/dna-stress-balls-3\/#breadcrumb","itemListElement":[{"@type":"ListItem","position":1,"name":"Home","item":"https:\/\/tonysourcing.com\/"},{"@type":"ListItem","position":2,"name":"Wholesale","item":"https:\/\/tonysourcing.com\/wholesale\/"},{"@type":"ListItem","position":3,"name":"DNA Stress balls"}]},{"@type":"WebSite","@id":"https:\/\/tonysourcing.com\/#website","url":"https:\/\/tonysourcing.com\/","name":"TonySourcing","description":"Distribuidor mayorista de juguetes y art\u00edculos en promoci\u00f3n en China","publisher":{"@id":"https:\/\/tonysourcing.com\/#organization"},"potentialAction":[{"@type":"SearchAction","target":{"@type":"EntryPoint","urlTemplate":"https:\/\/tonysourcing.com\/?s={search_term_string}"},"query-input":{"@type":"PropertyValueSpecification","valueRequired":true,"valueName":"search_term_string"}}],"inLanguage":"es"},{"@type":"Organization","@id":"https:\/\/tonysourcing.com\/#organization","name":"Yiwu Zongge","url":"https:\/\/tonysourcing.com\/","logo":{"@type":"ImageObject","inLanguage":"es","@id":"https:\/\/tonysourcing.com\/#\/schema\/logo\/image\/","url":"https:\/\/tonysourcing.com\/wp-content\/uploads\/2021\/07\/cropped-TonySourcing-logo-1.png","contentUrl":"https:\/\/tonysourcing.com\/wp-content\/uploads\/2021\/07\/cropped-TonySourcing-logo-1.png","width":300,"height":92,"caption":"Yiwu Zongge"},"image":{"@id":"https:\/\/tonysourcing.com\/#\/schema\/logo\/image\/"},"sameAs":["https:\/\/www.facebook.com\/TonySourcing","https:\/\/x.com\/TonySourcing","https:\/\/www.instagram.com\/tony_sourcing\/","http:\/\/www.linkedin.com\/in\/tonychen88","https:\/\/www.youtube.com\/channel\/UCZfST1M-NDoqjQ3dB-Tzszg"]}]}},"_links":{"self":[{"href":"https:\/\/tonysourcing.com\/es\/wp-json\/wp\/v2\/product\/10942","targetHints":{"allow":["GET"]}}],"collection":[{"href":"https:\/\/tonysourcing.com\/es\/wp-json\/wp\/v2\/product"}],"about":[{"href":"https:\/\/tonysourcing.com\/es\/wp-json\/wp\/v2\/types\/product"}],"version-history":[{"count":2,"href":"https:\/\/tonysourcing.com\/es\/wp-json\/wp\/v2\/product\/10942\/revisions"}],"predecessor-version":[{"id":11735,"href":"https:\/\/tonysourcing.com\/es\/wp-json\/wp\/v2\/product\/10942\/revisions\/11735"}],"wp:featuredmedia":[{"embeddable":true,"href":"https:\/\/tonysourcing.com\/es\/wp-json\/wp\/v2\/media\/10943"}],"wp:attachment":[{"href":"https:\/\/tonysourcing.com\/es\/wp-json\/wp\/v2\/media?parent=10942"}],"wp:term":[{"taxonomy":"product_brand","embeddable":true,"href":"https:\/\/tonysourcing.com\/es\/wp-json\/wp\/v2\/product_brand?post=10942"},{"taxonomy":"product_cat","embeddable":true,"href":"https:\/\/tonysourcing.com\/es\/wp-json\/wp\/v2\/product_cat?post=10942"},{"taxonomy":"product_tag","embeddable":true,"href":"https:\/\/tonysourcing.com\/es\/wp-json\/wp\/v2\/product_tag?post=10942"}],"curies":[{"name":"gracias","href":"https:\/\/api.w.org\/{rel}","templated":true}]}}