{"id":12474,"date":"2021-11-17T03:45:53","date_gmt":"2021-11-17T03:45:53","guid":{"rendered":"https:\/\/tonysourcing.com\/?post_type=product&#038;p=12474"},"modified":"2022-11-18T05:43:25","modified_gmt":"2022-11-18T05:43:25","slug":"bola-voladora-rc","status":"publish","type":"product","link":"https:\/\/tonysourcing.com\/es\/wholesale\/bola-voladora-rc\/","title":{"rendered":"Bola Voladora RC"},"content":{"rendered":"<p style=\"font-weight: 400;\"><b><strong>\u00bfQu\u00e9 es un juguete novedoso?<\/strong><\/b><\/p>\n<p style=\"font-weight: 400;\">Por definici\u00f3n, un art\u00edculo novedoso se dise\u00f1a y se vende por su singularidad. A menudo, aporta humor, pero tambi\u00e9n puede ser simplemente algo nuevo e in\u00e9dito. Un juguete novedoso no tiene un prop\u00f3sito pr\u00e1ctico, aunque puede parecer algo de uso diario. Los art\u00edculos novedosos suelen ser peque\u00f1os y se venden con fines promocionales, como souvenir o simplemente por diversi\u00f3n.<\/p>\n<p style=\"font-weight: 400;\">Lo bueno de los juguetes novedosos es que no suelen ser muy caros. Regalarle un juguete novedoso a alguien es una excelente manera de demostrarle cari\u00f1o sin arriesgar mucho dinero. Los padres pueden comprarles regalos a sus hijos con m\u00e1s frecuencia sin tener que gastar mucho.<\/p>\n<p style=\"font-weight: 400;\"><b><strong>Los juguetes novedosos m\u00e1s populares de todos los tiempos<\/strong><\/b><\/p>\n<p style=\"font-weight: 400;\">Si tuvieras que pensar en uno de los juguetes novedosos m\u00e1s populares de todos los tiempos, probablemente ser\u00eda la mascota de piedra. En 1975, el ejecutivo de publicidad Gary Dahl pens\u00f3 que ser\u00eda divertido vender una piedra con ojos saltones, comercializ\u00e1ndola como tal. Ir\u00f3nicamente, la idea triunf\u00f3.<\/p>\n<p style=\"font-weight: 400;\">Lo pens\u00f3 despu\u00e9s de o\u00edr a sus amigos quejarse de sus mascotas. Pens\u00f3 que una roca ser\u00eda una mascota excelente, ya que era obediente por naturaleza y f\u00e1cil de cuidar. Las rocas ven\u00edan con una caja de cart\u00f3n con agujeros para respirar (claramente no los necesitaban). Tambi\u00e9n inclu\u00edan un manual de entrenamiento oficial de 32 p\u00e1ginas. Durante los seis meses que dur\u00f3 la fiebre, Dahl vendi\u00f3 1,5 millones de rocas para mascotas y se hizo millonario. Las rocas para mascotas volvieron a venderse en 2012, pero no pudieron repetir el \u00e9xito de los a\u00f1os 70.<\/p>\n<p style=\"font-weight: 400;\">Los juguetes novedosos no siempre son cosas tontas como piedras para mascotas. Tambi\u00e9n son los juguetes m\u00e1s novedosos del mercado. Aunque parezca incre\u00edble, un oso de peluche fue un juguete novedoso en alg\u00fan momento. De hecho, Morris y Rose Michtom crearon el primer prototipo y pidieron permiso a Teddy Roosevelt para usar su nombre. Lo autoriz\u00f3 en 1902, y ahora probablemente no te imagines a nadie que no sepa qu\u00e9 es un oso de peluche.<\/p>\n<p><img fetchpriority=\"high\" decoding=\"async\" class=\"aligncenter wp-image-12472 size-full\" src=\"https:\/\/tonysourcing.com\/wp-content\/uploads\/2021\/08\/Novelty-Toys-Catalog.jpg\" alt=\"Cat\u00e1logo de juguetes novedosos\" width=\"900\" height=\"360\" srcset=\"https:\/\/tonysourcing.com\/wp-content\/uploads\/2021\/08\/Novelty-Toys-Catalog.jpg 900w, https:\/\/tonysourcing.com\/wp-content\/uploads\/2021\/08\/Novelty-Toys-Catalog-300x120.jpg 300w, https:\/\/tonysourcing.com\/wp-content\/uploads\/2021\/08\/Novelty-Toys-Catalog-800x320.jpg 800w, https:\/\/tonysourcing.com\/wp-content\/uploads\/2021\/08\/Novelty-Toys-Catalog-768x307.jpg 768w, https:\/\/tonysourcing.com\/wp-content\/uploads\/2021\/08\/Novelty-Toys-Catalog-600x240.jpg 600w\" sizes=\"(max-width: 900px) 100vw, 900px\" \/><\/p>","protected":false},"excerpt":{"rendered":"<p>Art\u00edculo: TONO20210802<\/p>","protected":false},"featured_media":12475,"template":"","meta":{"_kad_post_transparent":"","_kad_post_title":"","_kad_post_layout":"","_kad_post_sidebar_id":"","_kad_post_content_style":"","_kad_post_vertical_padding":"","_kad_post_feature":"","_kad_post_feature_position":"","_kad_post_header":false,"_kad_post_footer":false},"product_brand":[],"product_cat":[999],"product_tag":[1356],"class_list":{"0":"post-12474","1":"product","2":"type-product","3":"status-publish","4":"has-post-thumbnail","6":"product_cat-novelty-toys","7":"product_tag-novelty-toys","9":"first","10":"instock","11":"shipping-taxable","12":"product-type-simple","13":"entry","14":"content-bg","15":"loop-entry"},"yoast_head":"<!-- This site is optimized with the Yoast SEO plugin v27.4 - https:\/\/yoast.com\/product\/yoast-seo-wordpress\/ -->\n<title>Bola Voladora Rc - Import Toys Wholesale Directly From Manufacturer<\/title>\n<meta name=\"description\" content=\"Import Bola Voladora Rc from China Manufacturer, Good Product and Good Price, Contact TonySourcing for Catalog today\" \/>\n<meta name=\"robots\" content=\"index, follow, max-snippet:-1, max-image-preview:large, max-video-preview:-1\" \/>\n<link rel=\"canonical\" href=\"https:\/\/tonysourcing.com\/es\/al-por-mayor\/bola-voladora-rc\/\" \/>\n<meta property=\"og:locale\" content=\"es_ES\" \/>\n<meta property=\"og:type\" content=\"article\" \/>\n<meta property=\"og:title\" content=\"Bola Voladora Rc - Import Toys Wholesale Directly From Manufacturer\" \/>\n<meta property=\"og:description\" content=\"Import Bola Voladora Rc from China Manufacturer, Good Product and Good Price, Contact TonySourcing for Catalog today\" \/>\n<meta property=\"og:url\" content=\"https:\/\/tonysourcing.com\/es\/al-por-mayor\/bola-voladora-rc\/\" \/>\n<meta property=\"og:site_name\" content=\"TonySourcing\" \/>\n<meta property=\"article:publisher\" content=\"https:\/\/www.facebook.com\/TonySourcing\" \/>\n<meta property=\"article:modified_time\" content=\"2022-11-18T05:43:25+00:00\" \/>\n<meta property=\"og:image\" content=\"https:\/\/tonysourcing.com\/wp-content\/uploads\/2021\/08\/Bola-Voladora-Rc.jpg\" \/>\n\t<meta property=\"og:image:width\" content=\"600\" \/>\n\t<meta property=\"og:image:height\" content=\"600\" \/>\n\t<meta property=\"og:image:type\" content=\"image\/jpeg\" \/>\n<meta name=\"twitter:card\" content=\"summary_large_image\" \/>\n<meta name=\"twitter:site\" content=\"@TonySourcing\" \/>\n<meta name=\"twitter:label1\" content=\"Tiempo de lectura\" \/>\n\t<meta name=\"twitter:data1\" content=\"2 minutos\" \/>\n<script type=\"application\/ld+json\" class=\"yoast-schema-graph\">{\"@context\":\"https:\\\/\\\/schema.org\",\"@graph\":[{\"@type\":\"WebPage\",\"@id\":\"https:\\\/\\\/tonysourcing.com\\\/wholesale\\\/bola-voladora-rc\\\/\",\"url\":\"https:\\\/\\\/tonysourcing.com\\\/wholesale\\\/bola-voladora-rc\\\/\",\"name\":\"Bola Voladora Rc - Import Toys Wholesale Directly From Manufacturer\",\"isPartOf\":{\"@id\":\"https:\\\/\\\/tonysourcing.com\\\/#website\"},\"primaryImageOfPage\":{\"@id\":\"https:\\\/\\\/tonysourcing.com\\\/wholesale\\\/bola-voladora-rc\\\/#primaryimage\"},\"image\":{\"@id\":\"https:\\\/\\\/tonysourcing.com\\\/wholesale\\\/bola-voladora-rc\\\/#primaryimage\"},\"thumbnailUrl\":\"https:\\\/\\\/tonysourcing.com\\\/wp-content\\\/uploads\\\/2021\\\/08\\\/Bola-Voladora-Rc.jpg\",\"datePublished\":\"2021-11-17T03:45:53+00:00\",\"dateModified\":\"2022-11-18T05:43:25+00:00\",\"description\":\"Import Bola Voladora Rc from China Manufacturer, Good Product and Good Price, Contact TonySourcing for Catalog today\",\"breadcrumb\":{\"@id\":\"https:\\\/\\\/tonysourcing.com\\\/wholesale\\\/bola-voladora-rc\\\/#breadcrumb\"},\"inLanguage\":\"es\",\"potentialAction\":[{\"@type\":\"ReadAction\",\"target\":[\"https:\\\/\\\/tonysourcing.com\\\/wholesale\\\/bola-voladora-rc\\\/\"]}]},{\"@type\":\"ImageObject\",\"inLanguage\":\"es\",\"@id\":\"https:\\\/\\\/tonysourcing.com\\\/wholesale\\\/bola-voladora-rc\\\/#primaryimage\",\"url\":\"https:\\\/\\\/tonysourcing.com\\\/wp-content\\\/uploads\\\/2021\\\/08\\\/Bola-Voladora-Rc.jpg\",\"contentUrl\":\"https:\\\/\\\/tonysourcing.com\\\/wp-content\\\/uploads\\\/2021\\\/08\\\/Bola-Voladora-Rc.jpg\",\"width\":600,\"height\":600,\"caption\":\"Bola Voladora Rc\"},{\"@type\":\"BreadcrumbList\",\"@id\":\"https:\\\/\\\/tonysourcing.com\\\/wholesale\\\/bola-voladora-rc\\\/#breadcrumb\",\"itemListElement\":[{\"@type\":\"ListItem\",\"position\":1,\"name\":\"Home\",\"item\":\"https:\\\/\\\/tonysourcing.com\\\/\"},{\"@type\":\"ListItem\",\"position\":2,\"name\":\"Wholesale\",\"item\":\"https:\\\/\\\/tonysourcing.com\\\/wholesale\\\/\"},{\"@type\":\"ListItem\",\"position\":3,\"name\":\"Bola Voladora Rc\"}]},{\"@type\":\"WebSite\",\"@id\":\"https:\\\/\\\/tonysourcing.com\\\/#website\",\"url\":\"https:\\\/\\\/tonysourcing.com\\\/\",\"name\":\"TonySourcing\",\"description\":\"Toys Wholesale Distributor &amp; China Promition Items\",\"publisher\":{\"@id\":\"https:\\\/\\\/tonysourcing.com\\\/#organization\"},\"potentialAction\":[{\"@type\":\"SearchAction\",\"target\":{\"@type\":\"EntryPoint\",\"urlTemplate\":\"https:\\\/\\\/tonysourcing.com\\\/?s={search_term_string}\"},\"query-input\":{\"@type\":\"PropertyValueSpecification\",\"valueRequired\":true,\"valueName\":\"search_term_string\"}}],\"inLanguage\":\"es\"},{\"@type\":\"Organization\",\"@id\":\"https:\\\/\\\/tonysourcing.com\\\/#organization\",\"name\":\"Yiwu Zongge\",\"url\":\"https:\\\/\\\/tonysourcing.com\\\/\",\"logo\":{\"@type\":\"ImageObject\",\"inLanguage\":\"es\",\"@id\":\"https:\\\/\\\/tonysourcing.com\\\/#\\\/schema\\\/logo\\\/image\\\/\",\"url\":\"https:\\\/\\\/tonysourcing.com\\\/wp-content\\\/uploads\\\/2021\\\/07\\\/cropped-TonySourcing-logo-1.png\",\"contentUrl\":\"https:\\\/\\\/tonysourcing.com\\\/wp-content\\\/uploads\\\/2021\\\/07\\\/cropped-TonySourcing-logo-1.png\",\"width\":300,\"height\":92,\"caption\":\"Yiwu Zongge\"},\"image\":{\"@id\":\"https:\\\/\\\/tonysourcing.com\\\/#\\\/schema\\\/logo\\\/image\\\/\"},\"sameAs\":[\"https:\\\/\\\/www.facebook.com\\\/TonySourcing\",\"https:\\\/\\\/x.com\\\/TonySourcing\",\"https:\\\/\\\/www.instagram.com\\\/tony_sourcing\\\/\",\"http:\\\/\\\/www.linkedin.com\\\/in\\\/tonychen88\",\"https:\\\/\\\/www.youtube.com\\\/channel\\\/UCZfST1M-NDoqjQ3dB-Tzszg\"]}]}<\/script>\n<!-- \/ Yoast SEO plugin. -->","yoast_head_json":{"title":"Bola Voladora Rc - Import Toys Wholesale Directly From Manufacturer","description":"Import Bola Voladora Rc from China Manufacturer, Good Product and Good Price, Contact TonySourcing for Catalog today","robots":{"index":"index","follow":"follow","max-snippet":"max-snippet:-1","max-image-preview":"max-image-preview:large","max-video-preview":"max-video-preview:-1"},"canonical":"https:\/\/tonysourcing.com\/es\/al-por-mayor\/bola-voladora-rc\/","og_locale":"es_ES","og_type":"article","og_title":"Bola Voladora Rc - Import Toys Wholesale Directly From Manufacturer","og_description":"Import Bola Voladora Rc from China Manufacturer, Good Product and Good Price, Contact TonySourcing for Catalog today","og_url":"https:\/\/tonysourcing.com\/es\/al-por-mayor\/bola-voladora-rc\/","og_site_name":"TonySourcing","article_publisher":"https:\/\/www.facebook.com\/TonySourcing","article_modified_time":"2022-11-18T05:43:25+00:00","og_image":[{"width":600,"height":600,"url":"https:\/\/tonysourcing.com\/wp-content\/uploads\/2021\/08\/Bola-Voladora-Rc.jpg","type":"image\/jpeg"}],"twitter_card":"summary_large_image","twitter_site":"@TonySourcing","twitter_misc":{"Tiempo de lectura":"2 minutos"},"schema":{"@context":"https:\/\/schema.org","@graph":[{"@type":"WebPage","@id":"https:\/\/tonysourcing.com\/wholesale\/bola-voladora-rc\/","url":"https:\/\/tonysourcing.com\/wholesale\/bola-voladora-rc\/","name":"Bola Voladora Rc - Import Toys Wholesale Directly From Manufacturer","isPartOf":{"@id":"https:\/\/tonysourcing.com\/#website"},"primaryImageOfPage":{"@id":"https:\/\/tonysourcing.com\/wholesale\/bola-voladora-rc\/#primaryimage"},"image":{"@id":"https:\/\/tonysourcing.com\/wholesale\/bola-voladora-rc\/#primaryimage"},"thumbnailUrl":"https:\/\/tonysourcing.com\/wp-content\/uploads\/2021\/08\/Bola-Voladora-Rc.jpg","datePublished":"2021-11-17T03:45:53+00:00","dateModified":"2022-11-18T05:43:25+00:00","description":"Import Bola Voladora Rc from China Manufacturer, Good Product and Good Price, Contact TonySourcing for Catalog today","breadcrumb":{"@id":"https:\/\/tonysourcing.com\/wholesale\/bola-voladora-rc\/#breadcrumb"},"inLanguage":"es","potentialAction":[{"@type":"ReadAction","target":["https:\/\/tonysourcing.com\/wholesale\/bola-voladora-rc\/"]}]},{"@type":"ImageObject","inLanguage":"es","@id":"https:\/\/tonysourcing.com\/wholesale\/bola-voladora-rc\/#primaryimage","url":"https:\/\/tonysourcing.com\/wp-content\/uploads\/2021\/08\/Bola-Voladora-Rc.jpg","contentUrl":"https:\/\/tonysourcing.com\/wp-content\/uploads\/2021\/08\/Bola-Voladora-Rc.jpg","width":600,"height":600,"caption":"Bola Voladora Rc"},{"@type":"BreadcrumbList","@id":"https:\/\/tonysourcing.com\/wholesale\/bola-voladora-rc\/#breadcrumb","itemListElement":[{"@type":"ListItem","position":1,"name":"Home","item":"https:\/\/tonysourcing.com\/"},{"@type":"ListItem","position":2,"name":"Wholesale","item":"https:\/\/tonysourcing.com\/wholesale\/"},{"@type":"ListItem","position":3,"name":"Bola Voladora Rc"}]},{"@type":"WebSite","@id":"https:\/\/tonysourcing.com\/#website","url":"https:\/\/tonysourcing.com\/","name":"TonySourcing","description":"Distribuidor mayorista de juguetes y art\u00edculos en promoci\u00f3n en China","publisher":{"@id":"https:\/\/tonysourcing.com\/#organization"},"potentialAction":[{"@type":"SearchAction","target":{"@type":"EntryPoint","urlTemplate":"https:\/\/tonysourcing.com\/?s={search_term_string}"},"query-input":{"@type":"PropertyValueSpecification","valueRequired":true,"valueName":"search_term_string"}}],"inLanguage":"es"},{"@type":"Organization","@id":"https:\/\/tonysourcing.com\/#organization","name":"Yiwu Zongge","url":"https:\/\/tonysourcing.com\/","logo":{"@type":"ImageObject","inLanguage":"es","@id":"https:\/\/tonysourcing.com\/#\/schema\/logo\/image\/","url":"https:\/\/tonysourcing.com\/wp-content\/uploads\/2021\/07\/cropped-TonySourcing-logo-1.png","contentUrl":"https:\/\/tonysourcing.com\/wp-content\/uploads\/2021\/07\/cropped-TonySourcing-logo-1.png","width":300,"height":92,"caption":"Yiwu Zongge"},"image":{"@id":"https:\/\/tonysourcing.com\/#\/schema\/logo\/image\/"},"sameAs":["https:\/\/www.facebook.com\/TonySourcing","https:\/\/x.com\/TonySourcing","https:\/\/www.instagram.com\/tony_sourcing\/","http:\/\/www.linkedin.com\/in\/tonychen88","https:\/\/www.youtube.com\/channel\/UCZfST1M-NDoqjQ3dB-Tzszg"]}]}},"_links":{"self":[{"href":"https:\/\/tonysourcing.com\/es\/wp-json\/wp\/v2\/product\/12474","targetHints":{"allow":["GET"]}}],"collection":[{"href":"https:\/\/tonysourcing.com\/es\/wp-json\/wp\/v2\/product"}],"about":[{"href":"https:\/\/tonysourcing.com\/es\/wp-json\/wp\/v2\/types\/product"}],"version-history":[{"count":1,"href":"https:\/\/tonysourcing.com\/es\/wp-json\/wp\/v2\/product\/12474\/revisions"}],"predecessor-version":[{"id":12476,"href":"https:\/\/tonysourcing.com\/es\/wp-json\/wp\/v2\/product\/12474\/revisions\/12476"}],"wp:featuredmedia":[{"embeddable":true,"href":"https:\/\/tonysourcing.com\/es\/wp-json\/wp\/v2\/media\/12475"}],"wp:attachment":[{"href":"https:\/\/tonysourcing.com\/es\/wp-json\/wp\/v2\/media?parent=12474"}],"wp:term":[{"taxonomy":"product_brand","embeddable":true,"href":"https:\/\/tonysourcing.com\/es\/wp-json\/wp\/v2\/product_brand?post=12474"},{"taxonomy":"product_cat","embeddable":true,"href":"https:\/\/tonysourcing.com\/es\/wp-json\/wp\/v2\/product_cat?post=12474"},{"taxonomy":"product_tag","embeddable":true,"href":"https:\/\/tonysourcing.com\/es\/wp-json\/wp\/v2\/product_tag?post=12474"}],"curies":[{"name":"gracias","href":"https:\/\/api.w.org\/{rel}","templated":true}]}}