{"id":12802,"date":"2021-11-10T08:41:30","date_gmt":"2021-11-10T08:41:30","guid":{"rendered":"https:\/\/tonysourcing.com\/?post_type=product&#038;p=12802"},"modified":"2021-11-10T08:43:06","modified_gmt":"2021-11-10T08:43:06","slug":"gelatina-con-forma-de-fruta","status":"publish","type":"product","link":"https:\/\/tonysourcing.com\/es\/wholesale\/fruit-shape-jelly\/","title":{"rendered":"gelatina con forma de fruta"},"content":{"rendered":"<p>#1 Why buy fruit shape jelly from <a href=\"https:\/\/tonysourcing.com\/es\/\">TonySouring.com<\/a><br \/>\nElija entre m\u00e1s de 5000 proveedores de dulces de China con m\u00e1s de 100 000 000 de art\u00edculos<br \/>\nAhorre hasta 60% en costos al comprar directamente de fabricantes chinos de dulces.<br \/>\nGestione todo a trav\u00e9s del servicio en un solo paso de TonySourcing<br \/>\nColabore con el equipo de TonySourcing para obtener conocimientos y asistencia en la compra de dulces.<\/p>\n<p>#2 What Certification of fruit shape jelly has?<br \/>\nLa f\u00e1brica ha pasado la norma ISO9001 y ha obtenido el certificado HACCP por un buen control de seguridad.<\/p>\n<p>Mientras tanto, tambi\u00e9n obtenemos el certificado HALAL que solicita un cliente isl\u00e1mico.<\/p>\n<p>#3 What is the best fruit shape jelly wholesale?<br \/>\nLa mejor piruleta de galleta debe ser segura, deliciosa y saludable.<\/p>\n<p>&gt;Informaci\u00f3n de seguridad:<\/p>\n<p>Elaborado con sabores naturales y sin colorantes artificiales. \u00a1Perfecto para despu\u00e9s de comer! Disfrute uno despu\u00e9s de cada comida para una sonrisa m\u00e1s limpia y saludable.<\/p>\n<p>&gt;&gt;delicioso :<br \/>\n\u00a1Los dulces en deliciosos sabores variados que les encantan a los ni\u00f1os significa que todos pueden tener su favorito y la diversi\u00f3n nunca tiene por qu\u00e9 terminar!<\/p>\n<p>&gt;Salud:<br \/>\n\u00a1Educa e inspira a los ni\u00f1os a que lo logren todo! Zollipops ofrece dulces deliciosos y saludables con la misi\u00f3n de mantener a todos sonriendo.<\/p>\n<p>&nbsp;<\/p>\n<p><img fetchpriority=\"high\" decoding=\"async\" class=\"aligncenter wp-image-10925 size-full\" src=\"https:\/\/tonysourcing.com\/wp-content\/uploads\/2021\/05\/Candy-toys-catalog.jpg\" alt=\"Cat\u00e1logo de juguetes de caramelo\" width=\"1314\" height=\"820\" srcset=\"https:\/\/tonysourcing.com\/wp-content\/uploads\/2021\/05\/Candy-toys-catalog.jpg 1314w, https:\/\/tonysourcing.com\/wp-content\/uploads\/2021\/05\/Candy-toys-catalog-300x187.jpg 300w, https:\/\/tonysourcing.com\/wp-content\/uploads\/2021\/05\/Candy-toys-catalog-800x499.jpg 800w, https:\/\/tonysourcing.com\/wp-content\/uploads\/2021\/05\/Candy-toys-catalog-768x479.jpg 768w, https:\/\/tonysourcing.com\/wp-content\/uploads\/2021\/05\/Candy-toys-catalog-600x374.jpg 600w\" sizes=\"(max-width: 1314px) 100vw, 1314px\" \/><\/p>","protected":false},"excerpt":{"rendered":"<p>Art\u00edculo n.\u00ba: 0410112021<\/p>","protected":false},"featured_media":12803,"template":"","meta":{"_kad_post_transparent":"","_kad_post_title":"","_kad_post_layout":"","_kad_post_sidebar_id":"","_kad_post_content_style":"","_kad_post_vertical_padding":"","_kad_post_feature":"","_kad_post_feature_position":"","_kad_post_header":false,"_kad_post_footer":false},"product_brand":[],"product_cat":[1399],"product_tag":[1400,1401,1534],"class_list":{"0":"post-12802","1":"product","2":"type-product","3":"status-publish","4":"has-post-thumbnail","6":"product_cat-candy","7":"product_tag-candy-toys","8":"product_tag-candy-wholesale","9":"product_tag-fruit-shape-jelly","11":"first","12":"instock","13":"shipping-taxable","14":"product-type-simple","15":"entry","16":"content-bg","17":"loop-entry"},"yoast_head":"<!-- This site is optimized with the Yoast SEO plugin v27.3 - https:\/\/yoast.com\/product\/yoast-seo-wordpress\/ -->\n<title>fruit shape jelly- Import candy Wholesale Directly From Factory<\/title>\n<meta name=\"description\" content=\"Import fruit shape jelly from China Manufacturer, Good Product and Good Price, Contact TonySourcing for Catalog today Directly.\" \/>\n<meta name=\"robots\" content=\"index, follow, max-snippet:-1, max-image-preview:large, max-video-preview:-1\" \/>\n<link rel=\"canonical\" href=\"https:\/\/tonysourcing.com\/es\/al-por-mayor\/gelatina-con-forma-de-fruta\/\" \/>\n<meta property=\"og:locale\" content=\"es_ES\" \/>\n<meta property=\"og:type\" content=\"article\" \/>\n<meta property=\"og:title\" content=\"fruit shape jelly- Import candy Wholesale Directly From Factory\" \/>\n<meta property=\"og:description\" content=\"Import fruit shape jelly from China Manufacturer, Good Product and Good Price, Contact TonySourcing for Catalog today Directly.\" \/>\n<meta property=\"og:url\" content=\"https:\/\/tonysourcing.com\/es\/al-por-mayor\/gelatina-con-forma-de-fruta\/\" \/>\n<meta property=\"og:site_name\" content=\"TonySourcing\" \/>\n<meta property=\"article:publisher\" content=\"https:\/\/www.facebook.com\/TonySourcing\" \/>\n<meta property=\"article:modified_time\" content=\"2021-11-10T08:43:06+00:00\" \/>\n<meta property=\"og:image\" content=\"https:\/\/tonysourcing.com\/wp-content\/uploads\/2021\/11\/fruit-shape-jelly.jpg\" \/>\n\t<meta property=\"og:image:width\" content=\"600\" \/>\n\t<meta property=\"og:image:height\" content=\"600\" \/>\n\t<meta property=\"og:image:type\" content=\"image\/jpeg\" \/>\n<meta name=\"twitter:card\" content=\"summary_large_image\" \/>\n<meta name=\"twitter:site\" content=\"@TonySourcing\" \/>\n<meta name=\"twitter:label1\" content=\"Tiempo de lectura\" \/>\n\t<meta name=\"twitter:data1\" content=\"1 minuto\" \/>\n<script type=\"application\/ld+json\" class=\"yoast-schema-graph\">{\"@context\":\"https:\\\/\\\/schema.org\",\"@graph\":[{\"@type\":\"WebPage\",\"@id\":\"https:\\\/\\\/tonysourcing.com\\\/wholesale\\\/fruit-shape-jelly\\\/\",\"url\":\"https:\\\/\\\/tonysourcing.com\\\/wholesale\\\/fruit-shape-jelly\\\/\",\"name\":\"fruit shape jelly- Import candy Wholesale Directly From Factory\",\"isPartOf\":{\"@id\":\"https:\\\/\\\/tonysourcing.com\\\/#website\"},\"primaryImageOfPage\":{\"@id\":\"https:\\\/\\\/tonysourcing.com\\\/wholesale\\\/fruit-shape-jelly\\\/#primaryimage\"},\"image\":{\"@id\":\"https:\\\/\\\/tonysourcing.com\\\/wholesale\\\/fruit-shape-jelly\\\/#primaryimage\"},\"thumbnailUrl\":\"https:\\\/\\\/tonysourcing.com\\\/wp-content\\\/uploads\\\/2021\\\/11\\\/fruit-shape-jelly.jpg\",\"datePublished\":\"2021-11-10T08:41:30+00:00\",\"dateModified\":\"2021-11-10T08:43:06+00:00\",\"description\":\"Import fruit shape jelly from China Manufacturer, Good Product and Good Price, Contact TonySourcing for Catalog today Directly.\",\"breadcrumb\":{\"@id\":\"https:\\\/\\\/tonysourcing.com\\\/wholesale\\\/fruit-shape-jelly\\\/#breadcrumb\"},\"inLanguage\":\"es\",\"potentialAction\":[{\"@type\":\"ReadAction\",\"target\":[\"https:\\\/\\\/tonysourcing.com\\\/wholesale\\\/fruit-shape-jelly\\\/\"]}]},{\"@type\":\"ImageObject\",\"inLanguage\":\"es\",\"@id\":\"https:\\\/\\\/tonysourcing.com\\\/wholesale\\\/fruit-shape-jelly\\\/#primaryimage\",\"url\":\"https:\\\/\\\/tonysourcing.com\\\/wp-content\\\/uploads\\\/2021\\\/11\\\/fruit-shape-jelly.jpg\",\"contentUrl\":\"https:\\\/\\\/tonysourcing.com\\\/wp-content\\\/uploads\\\/2021\\\/11\\\/fruit-shape-jelly.jpg\",\"width\":600,\"height\":600},{\"@type\":\"BreadcrumbList\",\"@id\":\"https:\\\/\\\/tonysourcing.com\\\/wholesale\\\/fruit-shape-jelly\\\/#breadcrumb\",\"itemListElement\":[{\"@type\":\"ListItem\",\"position\":1,\"name\":\"Home\",\"item\":\"https:\\\/\\\/tonysourcing.com\\\/\"},{\"@type\":\"ListItem\",\"position\":2,\"name\":\"Wholesale\",\"item\":\"https:\\\/\\\/tonysourcing.com\\\/wholesale\\\/\"},{\"@type\":\"ListItem\",\"position\":3,\"name\":\"fruit shape jelly\"}]},{\"@type\":\"WebSite\",\"@id\":\"https:\\\/\\\/tonysourcing.com\\\/#website\",\"url\":\"https:\\\/\\\/tonysourcing.com\\\/\",\"name\":\"TonySourcing\",\"description\":\"Toys Wholesale Distributor &amp; China Promition Items\",\"publisher\":{\"@id\":\"https:\\\/\\\/tonysourcing.com\\\/#organization\"},\"potentialAction\":[{\"@type\":\"SearchAction\",\"target\":{\"@type\":\"EntryPoint\",\"urlTemplate\":\"https:\\\/\\\/tonysourcing.com\\\/?s={search_term_string}\"},\"query-input\":{\"@type\":\"PropertyValueSpecification\",\"valueRequired\":true,\"valueName\":\"search_term_string\"}}],\"inLanguage\":\"es\"},{\"@type\":\"Organization\",\"@id\":\"https:\\\/\\\/tonysourcing.com\\\/#organization\",\"name\":\"Yiwu Zongge\",\"url\":\"https:\\\/\\\/tonysourcing.com\\\/\",\"logo\":{\"@type\":\"ImageObject\",\"inLanguage\":\"es\",\"@id\":\"https:\\\/\\\/tonysourcing.com\\\/#\\\/schema\\\/logo\\\/image\\\/\",\"url\":\"https:\\\/\\\/tonysourcing.com\\\/wp-content\\\/uploads\\\/2021\\\/07\\\/cropped-TonySourcing-logo-1.png\",\"contentUrl\":\"https:\\\/\\\/tonysourcing.com\\\/wp-content\\\/uploads\\\/2021\\\/07\\\/cropped-TonySourcing-logo-1.png\",\"width\":300,\"height\":92,\"caption\":\"Yiwu Zongge\"},\"image\":{\"@id\":\"https:\\\/\\\/tonysourcing.com\\\/#\\\/schema\\\/logo\\\/image\\\/\"},\"sameAs\":[\"https:\\\/\\\/www.facebook.com\\\/TonySourcing\",\"https:\\\/\\\/x.com\\\/TonySourcing\",\"https:\\\/\\\/www.instagram.com\\\/tony_sourcing\\\/\",\"http:\\\/\\\/www.linkedin.com\\\/in\\\/tonychen88\",\"https:\\\/\\\/www.youtube.com\\\/channel\\\/UCZfST1M-NDoqjQ3dB-Tzszg\"]}]}<\/script>\n<!-- \/ Yoast SEO plugin. -->","yoast_head_json":{"title":"fruit shape jelly- Import candy Wholesale Directly From Factory","description":"Import fruit shape jelly from China Manufacturer, Good Product and Good Price, Contact TonySourcing for Catalog today Directly.","robots":{"index":"index","follow":"follow","max-snippet":"max-snippet:-1","max-image-preview":"max-image-preview:large","max-video-preview":"max-video-preview:-1"},"canonical":"https:\/\/tonysourcing.com\/es\/al-por-mayor\/gelatina-con-forma-de-fruta\/","og_locale":"es_ES","og_type":"article","og_title":"fruit shape jelly- Import candy Wholesale Directly From Factory","og_description":"Import fruit shape jelly from China Manufacturer, Good Product and Good Price, Contact TonySourcing for Catalog today Directly.","og_url":"https:\/\/tonysourcing.com\/es\/al-por-mayor\/gelatina-con-forma-de-fruta\/","og_site_name":"TonySourcing","article_publisher":"https:\/\/www.facebook.com\/TonySourcing","article_modified_time":"2021-11-10T08:43:06+00:00","og_image":[{"width":600,"height":600,"url":"https:\/\/tonysourcing.com\/wp-content\/uploads\/2021\/11\/fruit-shape-jelly.jpg","type":"image\/jpeg"}],"twitter_card":"summary_large_image","twitter_site":"@TonySourcing","twitter_misc":{"Tiempo de lectura":"1 minuto"},"schema":{"@context":"https:\/\/schema.org","@graph":[{"@type":"WebPage","@id":"https:\/\/tonysourcing.com\/wholesale\/fruit-shape-jelly\/","url":"https:\/\/tonysourcing.com\/wholesale\/fruit-shape-jelly\/","name":"fruit shape jelly- Import candy Wholesale Directly From Factory","isPartOf":{"@id":"https:\/\/tonysourcing.com\/#website"},"primaryImageOfPage":{"@id":"https:\/\/tonysourcing.com\/wholesale\/fruit-shape-jelly\/#primaryimage"},"image":{"@id":"https:\/\/tonysourcing.com\/wholesale\/fruit-shape-jelly\/#primaryimage"},"thumbnailUrl":"https:\/\/tonysourcing.com\/wp-content\/uploads\/2021\/11\/fruit-shape-jelly.jpg","datePublished":"2021-11-10T08:41:30+00:00","dateModified":"2021-11-10T08:43:06+00:00","description":"Import fruit shape jelly from China Manufacturer, Good Product and Good Price, Contact TonySourcing for Catalog today Directly.","breadcrumb":{"@id":"https:\/\/tonysourcing.com\/wholesale\/fruit-shape-jelly\/#breadcrumb"},"inLanguage":"es","potentialAction":[{"@type":"ReadAction","target":["https:\/\/tonysourcing.com\/wholesale\/fruit-shape-jelly\/"]}]},{"@type":"ImageObject","inLanguage":"es","@id":"https:\/\/tonysourcing.com\/wholesale\/fruit-shape-jelly\/#primaryimage","url":"https:\/\/tonysourcing.com\/wp-content\/uploads\/2021\/11\/fruit-shape-jelly.jpg","contentUrl":"https:\/\/tonysourcing.com\/wp-content\/uploads\/2021\/11\/fruit-shape-jelly.jpg","width":600,"height":600},{"@type":"BreadcrumbList","@id":"https:\/\/tonysourcing.com\/wholesale\/fruit-shape-jelly\/#breadcrumb","itemListElement":[{"@type":"ListItem","position":1,"name":"Home","item":"https:\/\/tonysourcing.com\/"},{"@type":"ListItem","position":2,"name":"Wholesale","item":"https:\/\/tonysourcing.com\/wholesale\/"},{"@type":"ListItem","position":3,"name":"fruit shape jelly"}]},{"@type":"WebSite","@id":"https:\/\/tonysourcing.com\/#website","url":"https:\/\/tonysourcing.com\/","name":"TonySourcing","description":"Distribuidor mayorista de juguetes y art\u00edculos en promoci\u00f3n en China","publisher":{"@id":"https:\/\/tonysourcing.com\/#organization"},"potentialAction":[{"@type":"SearchAction","target":{"@type":"EntryPoint","urlTemplate":"https:\/\/tonysourcing.com\/?s={search_term_string}"},"query-input":{"@type":"PropertyValueSpecification","valueRequired":true,"valueName":"search_term_string"}}],"inLanguage":"es"},{"@type":"Organization","@id":"https:\/\/tonysourcing.com\/#organization","name":"Yiwu Zongge","url":"https:\/\/tonysourcing.com\/","logo":{"@type":"ImageObject","inLanguage":"es","@id":"https:\/\/tonysourcing.com\/#\/schema\/logo\/image\/","url":"https:\/\/tonysourcing.com\/wp-content\/uploads\/2021\/07\/cropped-TonySourcing-logo-1.png","contentUrl":"https:\/\/tonysourcing.com\/wp-content\/uploads\/2021\/07\/cropped-TonySourcing-logo-1.png","width":300,"height":92,"caption":"Yiwu Zongge"},"image":{"@id":"https:\/\/tonysourcing.com\/#\/schema\/logo\/image\/"},"sameAs":["https:\/\/www.facebook.com\/TonySourcing","https:\/\/x.com\/TonySourcing","https:\/\/www.instagram.com\/tony_sourcing\/","http:\/\/www.linkedin.com\/in\/tonychen88","https:\/\/www.youtube.com\/channel\/UCZfST1M-NDoqjQ3dB-Tzszg"]}]}},"_links":{"self":[{"href":"https:\/\/tonysourcing.com\/es\/wp-json\/wp\/v2\/product\/12802","targetHints":{"allow":["GET"]}}],"collection":[{"href":"https:\/\/tonysourcing.com\/es\/wp-json\/wp\/v2\/product"}],"about":[{"href":"https:\/\/tonysourcing.com\/es\/wp-json\/wp\/v2\/types\/product"}],"version-history":[{"count":1,"href":"https:\/\/tonysourcing.com\/es\/wp-json\/wp\/v2\/product\/12802\/revisions"}],"predecessor-version":[{"id":12804,"href":"https:\/\/tonysourcing.com\/es\/wp-json\/wp\/v2\/product\/12802\/revisions\/12804"}],"wp:featuredmedia":[{"embeddable":true,"href":"https:\/\/tonysourcing.com\/es\/wp-json\/wp\/v2\/media\/12803"}],"wp:attachment":[{"href":"https:\/\/tonysourcing.com\/es\/wp-json\/wp\/v2\/media?parent=12802"}],"wp:term":[{"taxonomy":"product_brand","embeddable":true,"href":"https:\/\/tonysourcing.com\/es\/wp-json\/wp\/v2\/product_brand?post=12802"},{"taxonomy":"product_cat","embeddable":true,"href":"https:\/\/tonysourcing.com\/es\/wp-json\/wp\/v2\/product_cat?post=12802"},{"taxonomy":"product_tag","embeddable":true,"href":"https:\/\/tonysourcing.com\/es\/wp-json\/wp\/v2\/product_tag?post=12802"}],"curies":[{"name":"gracias","href":"https:\/\/api.w.org\/{rel}","templated":true}]}}