{"id":12955,"date":"2021-11-29T02:15:38","date_gmt":"2021-11-29T02:15:38","guid":{"rendered":"https:\/\/tonysourcing.com\/?post_type=product&#038;p=12955"},"modified":"2021-11-29T02:15:38","modified_gmt":"2021-11-29T02:15:38","slug":"juego-de-tienda-de-madera-de-29-piezas","status":"publish","type":"product","link":"https:\/\/tonysourcing.com\/es\/wholesale\/wooden-shop-set-29pcs\/","title":{"rendered":"Juego de tienda de madera 29 piezas"},"content":{"rendered":"<p>El puesto de madera es un juguete fant\u00e1stico para los peque\u00f1os que adoran jugar en la tienda. El set incluye muchos accesorios esenciales, como una caja registradora, un reloj, una b\u00e1scula y cajas con abundante fruta y verdura fresca. Mientras juega, el ni\u00f1o puede pagar con tarjeta de cr\u00e9dito. Todos los accesorios, incluido el mostrador, son multicolores y simulan de forma atractiva productos y compras reales.<\/p>\n<p>Este juguete te permitir\u00e1 combinar diversi\u00f3n y aprendizaje. Con los productos que vende, el ni\u00f1o puede aprender c\u00e1lculos matem\u00e1ticos sencillos. Cada juego puede basarse en un escenario diferente, lo que tambi\u00e9n estimular\u00e1 su imaginaci\u00f3n.<\/p>\n<p>La belleza cl\u00e1sica y la durabilidad de la madera siempre han sido muy valoradas. Esta materia prima luce atractiva tanto en colores naturales como te\u00f1ida. Los accesorios son seguros para cualquier ni\u00f1o. El material natural significa que, incluso si un ni\u00f1o se lleva un juguete a la boca, no entrar\u00e1 en contacto con pl\u00e1stico ni sustancias nocivas.<\/p>\n<p>La tienda est\u00e1 decorada con colores vibrantes, lo que anima a los peque\u00f1os a jugar y estimula su imaginaci\u00f3n y creatividad. El juguete refleja a la perfecci\u00f3n los productos reales. Perfecto como regalo.<\/p>\n<p>&nbsp;<\/p>\n<p><strong>ESPECIFICACI\u00d3N:<\/strong><\/p>\n<ul>\n<li>material: madera<\/li>\n<li>N\u00famero de art\u00edculos: 29<\/li>\n<li>Dimensiones (largo\/ancho\/alto): 29\/44,5\/94cm<\/li>\n<li>peso: 3,2 kg<\/li>\n<li>edad: 3+<\/li>\n<\/ul>\n<p>&nbsp;<\/p>\n<p><strong>EN LA COLECCI\u00d3N:<\/strong><\/p>\n<ul>\n<li>pararse<\/li>\n<li>caja registradora<\/li>\n<li>reloj<\/li>\n<li>balanza<\/li>\n<li>tarjeta de cr\u00e9dito<\/li>\n<li>sal y pimienta<\/li>\n<li>yogures<\/li>\n<li>varias botellas<\/li>\n<li>cestas<\/li>\n<li>leche<\/li>\n<li>verduras<\/li>\n<li>frutas<\/li>\n<\/ul>","protected":false},"excerpt":{"rendered":"<p>ART\u00cdCULO N.\u00ba ZJ112607<\/p>\n<p><strong>ESPECIFICACI\u00d3N:<\/strong><\/p>\n<ul>\n<li>material: madera<\/li>\n<li>N\u00famero de art\u00edculos: 29<\/li>\n<li>Dimensiones (largo\/ancho\/alto): 29\/44,5\/94cm<\/li>\n<li>peso: 3,2 kg<\/li>\n<li>edad: 3+<\/li>\n<\/ul>\n<p>&nbsp;<\/p>\n<p><strong>EN LA COLECCI\u00d3N:<\/strong><\/p>\n<ul>\n<li>pararse<\/li>\n<li>caja registradora<\/li>\n<li>reloj<\/li>\n<li>balanza<\/li>\n<li>tarjeta de cr\u00e9dito<\/li>\n<li>sal y pimienta<\/li>\n<li>yogures<\/li>\n<li>varias botellas<\/li>\n<li>cestas<\/li>\n<li>leche<\/li>\n<li>verduras<\/li>\n<li>frutas<\/li>\n<\/ul>","protected":false},"featured_media":12956,"template":"","meta":{"_kad_post_transparent":"","_kad_post_title":"","_kad_post_layout":"","_kad_post_sidebar_id":"","_kad_post_content_style":"","_kad_post_vertical_padding":"","_kad_post_feature":"","_kad_post_feature_position":"","_kad_post_header":false,"_kad_post_footer":false},"product_brand":[],"product_cat":[1539],"product_tag":[],"class_list":{"0":"post-12955","1":"product","2":"type-product","3":"status-publish","4":"has-post-thumbnail","6":"product_cat-kitchen-equipment","8":"first","9":"instock","10":"shipping-taxable","11":"product-type-simple","12":"entry","13":"content-bg","14":"loop-entry"},"yoast_head":"<!-- This site is optimized with the Yoast SEO plugin v27.4 - https:\/\/yoast.com\/product\/yoast-seo-wordpress\/ -->\n<title>Wooden shop set 29pcs - Import Wholesale Directly From Manufacturer<\/title>\n<meta name=\"description\" content=\"Import Wooden shop set 29pcs from China Manufacturer, Good Product and Good Price, Contact TonySourcing for Catalog today.\" \/>\n<meta name=\"robots\" content=\"index, follow, max-snippet:-1, max-image-preview:large, max-video-preview:-1\" \/>\n<link rel=\"canonical\" href=\"https:\/\/tonysourcing.com\/es\/al-por-mayor\/juego-de-tienda-de-madera-de-29-piezas\/\" \/>\n<meta property=\"og:locale\" content=\"es_ES\" \/>\n<meta property=\"og:type\" content=\"article\" \/>\n<meta property=\"og:title\" content=\"Wooden shop set 29pcs - Import Wholesale Directly From Manufacturer\" \/>\n<meta property=\"og:description\" content=\"Import Wooden shop set 29pcs from China Manufacturer, Good Product and Good Price, Contact TonySourcing for Catalog today.\" \/>\n<meta property=\"og:url\" content=\"https:\/\/tonysourcing.com\/es\/al-por-mayor\/juego-de-tienda-de-madera-de-29-piezas\/\" \/>\n<meta property=\"og:site_name\" content=\"TonySourcing\" \/>\n<meta property=\"article:publisher\" content=\"https:\/\/www.facebook.com\/TonySourcing\" \/>\n<meta property=\"og:image\" content=\"https:\/\/tonysourcing.com\/wp-content\/uploads\/2021\/11\/medinis-parduotuves-rinkinys.jpg\" \/>\n\t<meta property=\"og:image:width\" content=\"700\" \/>\n\t<meta property=\"og:image:height\" content=\"807\" \/>\n\t<meta property=\"og:image:type\" content=\"image\/jpeg\" \/>\n<meta name=\"twitter:card\" content=\"summary_large_image\" \/>\n<meta name=\"twitter:site\" content=\"@TonySourcing\" \/>\n<meta name=\"twitter:label1\" content=\"Tiempo de lectura\" \/>\n\t<meta name=\"twitter:data1\" content=\"1 minuto\" \/>\n<script type=\"application\/ld+json\" class=\"yoast-schema-graph\">{\"@context\":\"https:\\\/\\\/schema.org\",\"@graph\":[{\"@type\":\"WebPage\",\"@id\":\"https:\\\/\\\/tonysourcing.com\\\/wholesale\\\/wooden-shop-set-29pcs\\\/\",\"url\":\"https:\\\/\\\/tonysourcing.com\\\/wholesale\\\/wooden-shop-set-29pcs\\\/\",\"name\":\"Wooden shop set 29pcs - Import Wholesale Directly From Manufacturer\",\"isPartOf\":{\"@id\":\"https:\\\/\\\/tonysourcing.com\\\/#website\"},\"primaryImageOfPage\":{\"@id\":\"https:\\\/\\\/tonysourcing.com\\\/wholesale\\\/wooden-shop-set-29pcs\\\/#primaryimage\"},\"image\":{\"@id\":\"https:\\\/\\\/tonysourcing.com\\\/wholesale\\\/wooden-shop-set-29pcs\\\/#primaryimage\"},\"thumbnailUrl\":\"https:\\\/\\\/tonysourcing.com\\\/wp-content\\\/uploads\\\/2021\\\/11\\\/medinis-parduotuves-rinkinys.jpg\",\"datePublished\":\"2021-11-29T02:15:38+00:00\",\"description\":\"Import Wooden shop set 29pcs from China Manufacturer, Good Product and Good Price, Contact TonySourcing for Catalog today.\",\"breadcrumb\":{\"@id\":\"https:\\\/\\\/tonysourcing.com\\\/wholesale\\\/wooden-shop-set-29pcs\\\/#breadcrumb\"},\"inLanguage\":\"es\",\"potentialAction\":[{\"@type\":\"ReadAction\",\"target\":[\"https:\\\/\\\/tonysourcing.com\\\/wholesale\\\/wooden-shop-set-29pcs\\\/\"]}]},{\"@type\":\"ImageObject\",\"inLanguage\":\"es\",\"@id\":\"https:\\\/\\\/tonysourcing.com\\\/wholesale\\\/wooden-shop-set-29pcs\\\/#primaryimage\",\"url\":\"https:\\\/\\\/tonysourcing.com\\\/wp-content\\\/uploads\\\/2021\\\/11\\\/medinis-parduotuves-rinkinys.jpg\",\"contentUrl\":\"https:\\\/\\\/tonysourcing.com\\\/wp-content\\\/uploads\\\/2021\\\/11\\\/medinis-parduotuves-rinkinys.jpg\",\"width\":700,\"height\":807,\"caption\":\"medinis-parduotuves-rinkinys\"},{\"@type\":\"BreadcrumbList\",\"@id\":\"https:\\\/\\\/tonysourcing.com\\\/wholesale\\\/wooden-shop-set-29pcs\\\/#breadcrumb\",\"itemListElement\":[{\"@type\":\"ListItem\",\"position\":1,\"name\":\"Home\",\"item\":\"https:\\\/\\\/tonysourcing.com\\\/\"},{\"@type\":\"ListItem\",\"position\":2,\"name\":\"Wholesale\",\"item\":\"https:\\\/\\\/tonysourcing.com\\\/wholesale\\\/\"},{\"@type\":\"ListItem\",\"position\":3,\"name\":\"Wooden shop set 29pcs\"}]},{\"@type\":\"WebSite\",\"@id\":\"https:\\\/\\\/tonysourcing.com\\\/#website\",\"url\":\"https:\\\/\\\/tonysourcing.com\\\/\",\"name\":\"TonySourcing\",\"description\":\"Toys Wholesale Distributor &amp; China Promition Items\",\"publisher\":{\"@id\":\"https:\\\/\\\/tonysourcing.com\\\/#organization\"},\"potentialAction\":[{\"@type\":\"SearchAction\",\"target\":{\"@type\":\"EntryPoint\",\"urlTemplate\":\"https:\\\/\\\/tonysourcing.com\\\/?s={search_term_string}\"},\"query-input\":{\"@type\":\"PropertyValueSpecification\",\"valueRequired\":true,\"valueName\":\"search_term_string\"}}],\"inLanguage\":\"es\"},{\"@type\":\"Organization\",\"@id\":\"https:\\\/\\\/tonysourcing.com\\\/#organization\",\"name\":\"Yiwu Zongge\",\"url\":\"https:\\\/\\\/tonysourcing.com\\\/\",\"logo\":{\"@type\":\"ImageObject\",\"inLanguage\":\"es\",\"@id\":\"https:\\\/\\\/tonysourcing.com\\\/#\\\/schema\\\/logo\\\/image\\\/\",\"url\":\"https:\\\/\\\/tonysourcing.com\\\/wp-content\\\/uploads\\\/2021\\\/07\\\/cropped-TonySourcing-logo-1.png\",\"contentUrl\":\"https:\\\/\\\/tonysourcing.com\\\/wp-content\\\/uploads\\\/2021\\\/07\\\/cropped-TonySourcing-logo-1.png\",\"width\":300,\"height\":92,\"caption\":\"Yiwu Zongge\"},\"image\":{\"@id\":\"https:\\\/\\\/tonysourcing.com\\\/#\\\/schema\\\/logo\\\/image\\\/\"},\"sameAs\":[\"https:\\\/\\\/www.facebook.com\\\/TonySourcing\",\"https:\\\/\\\/x.com\\\/TonySourcing\",\"https:\\\/\\\/www.instagram.com\\\/tony_sourcing\\\/\",\"http:\\\/\\\/www.linkedin.com\\\/in\\\/tonychen88\",\"https:\\\/\\\/www.youtube.com\\\/channel\\\/UCZfST1M-NDoqjQ3dB-Tzszg\"]}]}<\/script>\n<!-- \/ Yoast SEO plugin. -->","yoast_head_json":{"title":"Juego de tienda de madera (29 piezas) - Importaci\u00f3n al por mayor directamente del fabricante","description":"Juego de tienda de madera de importaci\u00f3n, 29 piezas del fabricante de China, buen producto y buen precio. Comun\u00edquese con TonySourcing para obtener el cat\u00e1logo hoy.","robots":{"index":"index","follow":"follow","max-snippet":"max-snippet:-1","max-image-preview":"max-image-preview:large","max-video-preview":"max-video-preview:-1"},"canonical":"https:\/\/tonysourcing.com\/es\/al-por-mayor\/juego-de-tienda-de-madera-de-29-piezas\/","og_locale":"es_ES","og_type":"article","og_title":"Wooden shop set 29pcs - Import Wholesale Directly From Manufacturer","og_description":"Import Wooden shop set 29pcs from China Manufacturer, Good Product and Good Price, Contact TonySourcing for Catalog today.","og_url":"https:\/\/tonysourcing.com\/es\/al-por-mayor\/juego-de-tienda-de-madera-de-29-piezas\/","og_site_name":"TonySourcing","article_publisher":"https:\/\/www.facebook.com\/TonySourcing","og_image":[{"width":700,"height":807,"url":"https:\/\/tonysourcing.com\/wp-content\/uploads\/2021\/11\/medinis-parduotuves-rinkinys.jpg","type":"image\/jpeg"}],"twitter_card":"summary_large_image","twitter_site":"@TonySourcing","twitter_misc":{"Tiempo de lectura":"1 minuto"},"schema":{"@context":"https:\/\/schema.org","@graph":[{"@type":"WebPage","@id":"https:\/\/tonysourcing.com\/wholesale\/wooden-shop-set-29pcs\/","url":"https:\/\/tonysourcing.com\/wholesale\/wooden-shop-set-29pcs\/","name":"Juego de tienda de madera (29 piezas) - Importaci\u00f3n al por mayor directamente del fabricante","isPartOf":{"@id":"https:\/\/tonysourcing.com\/#website"},"primaryImageOfPage":{"@id":"https:\/\/tonysourcing.com\/wholesale\/wooden-shop-set-29pcs\/#primaryimage"},"image":{"@id":"https:\/\/tonysourcing.com\/wholesale\/wooden-shop-set-29pcs\/#primaryimage"},"thumbnailUrl":"https:\/\/tonysourcing.com\/wp-content\/uploads\/2021\/11\/medinis-parduotuves-rinkinys.jpg","datePublished":"2021-11-29T02:15:38+00:00","description":"Juego de tienda de madera de importaci\u00f3n, 29 piezas del fabricante de China, buen producto y buen precio. Comun\u00edquese con TonySourcing para obtener el cat\u00e1logo hoy.","breadcrumb":{"@id":"https:\/\/tonysourcing.com\/wholesale\/wooden-shop-set-29pcs\/#breadcrumb"},"inLanguage":"es","potentialAction":[{"@type":"ReadAction","target":["https:\/\/tonysourcing.com\/wholesale\/wooden-shop-set-29pcs\/"]}]},{"@type":"ImageObject","inLanguage":"es","@id":"https:\/\/tonysourcing.com\/wholesale\/wooden-shop-set-29pcs\/#primaryimage","url":"https:\/\/tonysourcing.com\/wp-content\/uploads\/2021\/11\/medinis-parduotuves-rinkinys.jpg","contentUrl":"https:\/\/tonysourcing.com\/wp-content\/uploads\/2021\/11\/medinis-parduotuves-rinkinys.jpg","width":700,"height":807,"caption":"medinis-parduotuves-rinkinys"},{"@type":"BreadcrumbList","@id":"https:\/\/tonysourcing.com\/wholesale\/wooden-shop-set-29pcs\/#breadcrumb","itemListElement":[{"@type":"ListItem","position":1,"name":"Home","item":"https:\/\/tonysourcing.com\/"},{"@type":"ListItem","position":2,"name":"Wholesale","item":"https:\/\/tonysourcing.com\/wholesale\/"},{"@type":"ListItem","position":3,"name":"Wooden shop set 29pcs"}]},{"@type":"WebSite","@id":"https:\/\/tonysourcing.com\/#website","url":"https:\/\/tonysourcing.com\/","name":"TonySourcing","description":"Distribuidor mayorista de juguetes y art\u00edculos en promoci\u00f3n en China","publisher":{"@id":"https:\/\/tonysourcing.com\/#organization"},"potentialAction":[{"@type":"SearchAction","target":{"@type":"EntryPoint","urlTemplate":"https:\/\/tonysourcing.com\/?s={search_term_string}"},"query-input":{"@type":"PropertyValueSpecification","valueRequired":true,"valueName":"search_term_string"}}],"inLanguage":"es"},{"@type":"Organization","@id":"https:\/\/tonysourcing.com\/#organization","name":"Yiwu Zongge","url":"https:\/\/tonysourcing.com\/","logo":{"@type":"ImageObject","inLanguage":"es","@id":"https:\/\/tonysourcing.com\/#\/schema\/logo\/image\/","url":"https:\/\/tonysourcing.com\/wp-content\/uploads\/2021\/07\/cropped-TonySourcing-logo-1.png","contentUrl":"https:\/\/tonysourcing.com\/wp-content\/uploads\/2021\/07\/cropped-TonySourcing-logo-1.png","width":300,"height":92,"caption":"Yiwu Zongge"},"image":{"@id":"https:\/\/tonysourcing.com\/#\/schema\/logo\/image\/"},"sameAs":["https:\/\/www.facebook.com\/TonySourcing","https:\/\/x.com\/TonySourcing","https:\/\/www.instagram.com\/tony_sourcing\/","http:\/\/www.linkedin.com\/in\/tonychen88","https:\/\/www.youtube.com\/channel\/UCZfST1M-NDoqjQ3dB-Tzszg"]}]}},"_links":{"self":[{"href":"https:\/\/tonysourcing.com\/es\/wp-json\/wp\/v2\/product\/12955","targetHints":{"allow":["GET"]}}],"collection":[{"href":"https:\/\/tonysourcing.com\/es\/wp-json\/wp\/v2\/product"}],"about":[{"href":"https:\/\/tonysourcing.com\/es\/wp-json\/wp\/v2\/types\/product"}],"version-history":[{"count":1,"href":"https:\/\/tonysourcing.com\/es\/wp-json\/wp\/v2\/product\/12955\/revisions"}],"predecessor-version":[{"id":12965,"href":"https:\/\/tonysourcing.com\/es\/wp-json\/wp\/v2\/product\/12955\/revisions\/12965"}],"wp:featuredmedia":[{"embeddable":true,"href":"https:\/\/tonysourcing.com\/es\/wp-json\/wp\/v2\/media\/12956"}],"wp:attachment":[{"href":"https:\/\/tonysourcing.com\/es\/wp-json\/wp\/v2\/media?parent=12955"}],"wp:term":[{"taxonomy":"product_brand","embeddable":true,"href":"https:\/\/tonysourcing.com\/es\/wp-json\/wp\/v2\/product_brand?post=12955"},{"taxonomy":"product_cat","embeddable":true,"href":"https:\/\/tonysourcing.com\/es\/wp-json\/wp\/v2\/product_cat?post=12955"},{"taxonomy":"product_tag","embeddable":true,"href":"https:\/\/tonysourcing.com\/es\/wp-json\/wp\/v2\/product_tag?post=12955"}],"curies":[{"name":"gracias","href":"https:\/\/api.w.org\/{rel}","templated":true}]}}