{"id":12972,"date":"2021-11-29T02:54:48","date_gmt":"2021-11-29T02:54:48","guid":{"rendered":"https:\/\/tonysourcing.com\/?post_type=product&#038;p=12972"},"modified":"2021-11-29T02:54:48","modified_gmt":"2021-11-29T02:54:48","slug":"prensa-de-hamburguesas-de-aluminio","status":"publish","type":"product","link":"https:\/\/tonysourcing.com\/es\/wholesale\/aluminum-burger-press\/","title":{"rendered":"Prensa de hamburguesas de aluminio"},"content":{"rendered":"<p>La mini prensa para hamburguesas es totalmente antiadherente, por lo que las piezas se desprenden solas. Su pr\u00e1ctico mango de pl\u00e1stico garantiza una distribuci\u00f3n m\u00e1s c\u00f3moda de la presi\u00f3n al presionar.<br \/>\nCon el molde para hamburguesas, puedes prensar la carne picada r\u00e1pida y f\u00e1cilmente para darle la forma deseada y prepararla en la sart\u00e9n o a la parrilla. Pesa la carne picada, presi\u00f3nala en la prensa y listo.<br \/>\nCon la pr\u00e1ctica prensa para hamburguesas, podr\u00e1s preparar deliciosas minihamburguesas f\u00e1cilmente. Gracias a la distribuci\u00f3n \u00f3ptima de la presi\u00f3n, tus hamburguesas siempre tendr\u00e1n la forma ideal.<\/p>\n<ul>\n<li>3 mini prensas para hamburguesas fabricadas en aluminio;<\/li>\n<li>revestimiento antiadherente;<\/li>\n<li>mango \u2013 imitaci\u00f3n madera;<\/li>\n<li>Di\u00e1metro del pan plano: aproximadamente 6,5 cm, altura: aproximadamente 1,5 cm.<\/li>\n<\/ul>","protected":false},"excerpt":{"rendered":"<ul>\n<li>ART\u00cdCULO N.\u00ba ZJ112608<\/li>\n<li>3 mini prensas para hamburguesas fabricadas en aluminio;<\/li>\n<li>revestimiento antiadherente;<\/li>\n<li>mango \u2013 imitaci\u00f3n madera;<\/li>\n<li>Di\u00e1metro del pan plano: aproximadamente 6,5 cm, altura: aproximadamente 1,5 cm.<\/li>\n<\/ul>","protected":false},"featured_media":12973,"template":"","meta":{"_kad_post_transparent":"","_kad_post_title":"","_kad_post_layout":"","_kad_post_sidebar_id":"","_kad_post_content_style":"","_kad_post_vertical_padding":"","_kad_post_feature":"","_kad_post_feature_position":"","_kad_post_header":false,"_kad_post_footer":false},"product_brand":[],"product_cat":[1539],"product_tag":[],"class_list":{"0":"post-12972","1":"product","2":"type-product","3":"status-publish","4":"has-post-thumbnail","6":"product_cat-kitchen-equipment","8":"first","9":"instock","10":"shipping-taxable","11":"product-type-simple","12":"entry","13":"content-bg","14":"loop-entry"},"yoast_head":"<!-- This site is optimized with the Yoast SEO plugin v27.4 - https:\/\/yoast.com\/product\/yoast-seo-wordpress\/ -->\n<title>Aluminum Burger Press - Import Wholesale Directly From Manufacturer<\/title>\n<meta name=\"description\" content=\"Import Aluminum Burger Press from China Manufacturer, Good Product and Good Price, Contact TonySourcing for Catalog today.\" \/>\n<meta name=\"robots\" content=\"index, follow, max-snippet:-1, max-image-preview:large, max-video-preview:-1\" \/>\n<link rel=\"canonical\" href=\"https:\/\/tonysourcing.com\/es\/al-por-mayor\/prensa-de-hamburguesas-de-aluminio\/\" \/>\n<meta property=\"og:locale\" content=\"es_ES\" \/>\n<meta property=\"og:type\" content=\"article\" \/>\n<meta property=\"og:title\" content=\"Aluminum Burger Press - Import Wholesale Directly From Manufacturer\" \/>\n<meta property=\"og:description\" content=\"Import Aluminum Burger Press from China Manufacturer, Good Product and Good Price, Contact TonySourcing for Catalog today.\" \/>\n<meta property=\"og:url\" content=\"https:\/\/tonysourcing.com\/es\/al-por-mayor\/prensa-de-hamburguesas-de-aluminio\/\" \/>\n<meta property=\"og:site_name\" content=\"TonySourcing\" \/>\n<meta property=\"article:publisher\" content=\"https:\/\/www.facebook.com\/TonySourcing\" \/>\n<meta property=\"og:image\" content=\"https:\/\/tonysourcing.com\/wp-content\/uploads\/2021\/11\/aliuminines-mesainiu-gaminimo-formos.jpg\" \/>\n\t<meta property=\"og:image:width\" content=\"700\" \/>\n\t<meta property=\"og:image:height\" content=\"807\" \/>\n\t<meta property=\"og:image:type\" content=\"image\/jpeg\" \/>\n<meta name=\"twitter:card\" content=\"summary_large_image\" \/>\n<meta name=\"twitter:site\" content=\"@TonySourcing\" \/>\n<meta name=\"twitter:label1\" content=\"Tiempo de lectura\" \/>\n\t<meta name=\"twitter:data1\" content=\"1 minuto\" \/>\n<script type=\"application\/ld+json\" class=\"yoast-schema-graph\">{\"@context\":\"https:\\\/\\\/schema.org\",\"@graph\":[{\"@type\":\"WebPage\",\"@id\":\"https:\\\/\\\/tonysourcing.com\\\/wholesale\\\/aluminum-burger-press\\\/\",\"url\":\"https:\\\/\\\/tonysourcing.com\\\/wholesale\\\/aluminum-burger-press\\\/\",\"name\":\"Aluminum Burger Press - Import Wholesale Directly From Manufacturer\",\"isPartOf\":{\"@id\":\"https:\\\/\\\/tonysourcing.com\\\/#website\"},\"primaryImageOfPage\":{\"@id\":\"https:\\\/\\\/tonysourcing.com\\\/wholesale\\\/aluminum-burger-press\\\/#primaryimage\"},\"image\":{\"@id\":\"https:\\\/\\\/tonysourcing.com\\\/wholesale\\\/aluminum-burger-press\\\/#primaryimage\"},\"thumbnailUrl\":\"https:\\\/\\\/tonysourcing.com\\\/wp-content\\\/uploads\\\/2021\\\/11\\\/aliuminines-mesainiu-gaminimo-formos.jpg\",\"datePublished\":\"2021-11-29T02:54:48+00:00\",\"description\":\"Import Aluminum Burger Press from China Manufacturer, Good Product and Good Price, Contact TonySourcing for Catalog today.\",\"breadcrumb\":{\"@id\":\"https:\\\/\\\/tonysourcing.com\\\/wholesale\\\/aluminum-burger-press\\\/#breadcrumb\"},\"inLanguage\":\"es\",\"potentialAction\":[{\"@type\":\"ReadAction\",\"target\":[\"https:\\\/\\\/tonysourcing.com\\\/wholesale\\\/aluminum-burger-press\\\/\"]}]},{\"@type\":\"ImageObject\",\"inLanguage\":\"es\",\"@id\":\"https:\\\/\\\/tonysourcing.com\\\/wholesale\\\/aluminum-burger-press\\\/#primaryimage\",\"url\":\"https:\\\/\\\/tonysourcing.com\\\/wp-content\\\/uploads\\\/2021\\\/11\\\/aliuminines-mesainiu-gaminimo-formos.jpg\",\"contentUrl\":\"https:\\\/\\\/tonysourcing.com\\\/wp-content\\\/uploads\\\/2021\\\/11\\\/aliuminines-mesainiu-gaminimo-formos.jpg\",\"width\":700,\"height\":807,\"caption\":\"aliuminines-mesainiu-gaminimo-formos\"},{\"@type\":\"BreadcrumbList\",\"@id\":\"https:\\\/\\\/tonysourcing.com\\\/wholesale\\\/aluminum-burger-press\\\/#breadcrumb\",\"itemListElement\":[{\"@type\":\"ListItem\",\"position\":1,\"name\":\"Home\",\"item\":\"https:\\\/\\\/tonysourcing.com\\\/\"},{\"@type\":\"ListItem\",\"position\":2,\"name\":\"Wholesale\",\"item\":\"https:\\\/\\\/tonysourcing.com\\\/wholesale\\\/\"},{\"@type\":\"ListItem\",\"position\":3,\"name\":\"Aluminum Burger Press\"}]},{\"@type\":\"WebSite\",\"@id\":\"https:\\\/\\\/tonysourcing.com\\\/#website\",\"url\":\"https:\\\/\\\/tonysourcing.com\\\/\",\"name\":\"TonySourcing\",\"description\":\"Toys Wholesale Distributor &amp; China Promition Items\",\"publisher\":{\"@id\":\"https:\\\/\\\/tonysourcing.com\\\/#organization\"},\"potentialAction\":[{\"@type\":\"SearchAction\",\"target\":{\"@type\":\"EntryPoint\",\"urlTemplate\":\"https:\\\/\\\/tonysourcing.com\\\/?s={search_term_string}\"},\"query-input\":{\"@type\":\"PropertyValueSpecification\",\"valueRequired\":true,\"valueName\":\"search_term_string\"}}],\"inLanguage\":\"es\"},{\"@type\":\"Organization\",\"@id\":\"https:\\\/\\\/tonysourcing.com\\\/#organization\",\"name\":\"Yiwu Zongge\",\"url\":\"https:\\\/\\\/tonysourcing.com\\\/\",\"logo\":{\"@type\":\"ImageObject\",\"inLanguage\":\"es\",\"@id\":\"https:\\\/\\\/tonysourcing.com\\\/#\\\/schema\\\/logo\\\/image\\\/\",\"url\":\"https:\\\/\\\/tonysourcing.com\\\/wp-content\\\/uploads\\\/2021\\\/07\\\/cropped-TonySourcing-logo-1.png\",\"contentUrl\":\"https:\\\/\\\/tonysourcing.com\\\/wp-content\\\/uploads\\\/2021\\\/07\\\/cropped-TonySourcing-logo-1.png\",\"width\":300,\"height\":92,\"caption\":\"Yiwu Zongge\"},\"image\":{\"@id\":\"https:\\\/\\\/tonysourcing.com\\\/#\\\/schema\\\/logo\\\/image\\\/\"},\"sameAs\":[\"https:\\\/\\\/www.facebook.com\\\/TonySourcing\",\"https:\\\/\\\/x.com\\\/TonySourcing\",\"https:\\\/\\\/www.instagram.com\\\/tony_sourcing\\\/\",\"http:\\\/\\\/www.linkedin.com\\\/in\\\/tonychen88\",\"https:\\\/\\\/www.youtube.com\\\/channel\\\/UCZfST1M-NDoqjQ3dB-Tzszg\"]}]}<\/script>\n<!-- \/ Yoast SEO plugin. -->","yoast_head_json":{"title":"Prensa de aluminio para hamburguesas: importaci\u00f3n al por mayor directamente del fabricante","description":"Importe prensa de hamburguesas de aluminio del fabricante de China, buen producto y buen precio, comun\u00edquese con TonySourcing para obtener el cat\u00e1logo hoy.","robots":{"index":"index","follow":"follow","max-snippet":"max-snippet:-1","max-image-preview":"max-image-preview:large","max-video-preview":"max-video-preview:-1"},"canonical":"https:\/\/tonysourcing.com\/es\/al-por-mayor\/prensa-de-hamburguesas-de-aluminio\/","og_locale":"es_ES","og_type":"article","og_title":"Aluminum Burger Press - Import Wholesale Directly From Manufacturer","og_description":"Import Aluminum Burger Press from China Manufacturer, Good Product and Good Price, Contact TonySourcing for Catalog today.","og_url":"https:\/\/tonysourcing.com\/es\/al-por-mayor\/prensa-de-hamburguesas-de-aluminio\/","og_site_name":"TonySourcing","article_publisher":"https:\/\/www.facebook.com\/TonySourcing","og_image":[{"width":700,"height":807,"url":"https:\/\/tonysourcing.com\/wp-content\/uploads\/2021\/11\/aliuminines-mesainiu-gaminimo-formos.jpg","type":"image\/jpeg"}],"twitter_card":"summary_large_image","twitter_site":"@TonySourcing","twitter_misc":{"Tiempo de lectura":"1 minuto"},"schema":{"@context":"https:\/\/schema.org","@graph":[{"@type":"WebPage","@id":"https:\/\/tonysourcing.com\/wholesale\/aluminum-burger-press\/","url":"https:\/\/tonysourcing.com\/wholesale\/aluminum-burger-press\/","name":"Prensa de aluminio para hamburguesas: importaci\u00f3n al por mayor directamente del fabricante","isPartOf":{"@id":"https:\/\/tonysourcing.com\/#website"},"primaryImageOfPage":{"@id":"https:\/\/tonysourcing.com\/wholesale\/aluminum-burger-press\/#primaryimage"},"image":{"@id":"https:\/\/tonysourcing.com\/wholesale\/aluminum-burger-press\/#primaryimage"},"thumbnailUrl":"https:\/\/tonysourcing.com\/wp-content\/uploads\/2021\/11\/aliuminines-mesainiu-gaminimo-formos.jpg","datePublished":"2021-11-29T02:54:48+00:00","description":"Importe prensa de hamburguesas de aluminio del fabricante de China, buen producto y buen precio, comun\u00edquese con TonySourcing para obtener el cat\u00e1logo hoy.","breadcrumb":{"@id":"https:\/\/tonysourcing.com\/wholesale\/aluminum-burger-press\/#breadcrumb"},"inLanguage":"es","potentialAction":[{"@type":"ReadAction","target":["https:\/\/tonysourcing.com\/wholesale\/aluminum-burger-press\/"]}]},{"@type":"ImageObject","inLanguage":"es","@id":"https:\/\/tonysourcing.com\/wholesale\/aluminum-burger-press\/#primaryimage","url":"https:\/\/tonysourcing.com\/wp-content\/uploads\/2021\/11\/aliuminines-mesainiu-gaminimo-formos.jpg","contentUrl":"https:\/\/tonysourcing.com\/wp-content\/uploads\/2021\/11\/aliuminines-mesainiu-gaminimo-formos.jpg","width":700,"height":807,"caption":"aliuminines-mesainiu-gaminimo-formos"},{"@type":"BreadcrumbList","@id":"https:\/\/tonysourcing.com\/wholesale\/aluminum-burger-press\/#breadcrumb","itemListElement":[{"@type":"ListItem","position":1,"name":"Home","item":"https:\/\/tonysourcing.com\/"},{"@type":"ListItem","position":2,"name":"Wholesale","item":"https:\/\/tonysourcing.com\/wholesale\/"},{"@type":"ListItem","position":3,"name":"Aluminum Burger Press"}]},{"@type":"WebSite","@id":"https:\/\/tonysourcing.com\/#website","url":"https:\/\/tonysourcing.com\/","name":"TonySourcing","description":"Distribuidor mayorista de juguetes y art\u00edculos en promoci\u00f3n en China","publisher":{"@id":"https:\/\/tonysourcing.com\/#organization"},"potentialAction":[{"@type":"SearchAction","target":{"@type":"EntryPoint","urlTemplate":"https:\/\/tonysourcing.com\/?s={search_term_string}"},"query-input":{"@type":"PropertyValueSpecification","valueRequired":true,"valueName":"search_term_string"}}],"inLanguage":"es"},{"@type":"Organization","@id":"https:\/\/tonysourcing.com\/#organization","name":"Yiwu Zongge","url":"https:\/\/tonysourcing.com\/","logo":{"@type":"ImageObject","inLanguage":"es","@id":"https:\/\/tonysourcing.com\/#\/schema\/logo\/image\/","url":"https:\/\/tonysourcing.com\/wp-content\/uploads\/2021\/07\/cropped-TonySourcing-logo-1.png","contentUrl":"https:\/\/tonysourcing.com\/wp-content\/uploads\/2021\/07\/cropped-TonySourcing-logo-1.png","width":300,"height":92,"caption":"Yiwu Zongge"},"image":{"@id":"https:\/\/tonysourcing.com\/#\/schema\/logo\/image\/"},"sameAs":["https:\/\/www.facebook.com\/TonySourcing","https:\/\/x.com\/TonySourcing","https:\/\/www.instagram.com\/tony_sourcing\/","http:\/\/www.linkedin.com\/in\/tonychen88","https:\/\/www.youtube.com\/channel\/UCZfST1M-NDoqjQ3dB-Tzszg"]}]}},"_links":{"self":[{"href":"https:\/\/tonysourcing.com\/es\/wp-json\/wp\/v2\/product\/12972","targetHints":{"allow":["GET"]}}],"collection":[{"href":"https:\/\/tonysourcing.com\/es\/wp-json\/wp\/v2\/product"}],"about":[{"href":"https:\/\/tonysourcing.com\/es\/wp-json\/wp\/v2\/types\/product"}],"version-history":[{"count":2,"href":"https:\/\/tonysourcing.com\/es\/wp-json\/wp\/v2\/product\/12972\/revisions"}],"predecessor-version":[{"id":12979,"href":"https:\/\/tonysourcing.com\/es\/wp-json\/wp\/v2\/product\/12972\/revisions\/12979"}],"wp:featuredmedia":[{"embeddable":true,"href":"https:\/\/tonysourcing.com\/es\/wp-json\/wp\/v2\/media\/12973"}],"wp:attachment":[{"href":"https:\/\/tonysourcing.com\/es\/wp-json\/wp\/v2\/media?parent=12972"}],"wp:term":[{"taxonomy":"product_brand","embeddable":true,"href":"https:\/\/tonysourcing.com\/es\/wp-json\/wp\/v2\/product_brand?post=12972"},{"taxonomy":"product_cat","embeddable":true,"href":"https:\/\/tonysourcing.com\/es\/wp-json\/wp\/v2\/product_cat?post=12972"},{"taxonomy":"product_tag","embeddable":true,"href":"https:\/\/tonysourcing.com\/es\/wp-json\/wp\/v2\/product_tag?post=12972"}],"curies":[{"name":"gracias","href":"https:\/\/api.w.org\/{rel}","templated":true}]}}