{"id":13009,"date":"2021-11-29T03:25:51","date_gmt":"2021-11-29T03:25:51","guid":{"rendered":"https:\/\/tonysourcing.com\/?post_type=product&#038;p=13009"},"modified":"2021-11-29T03:25:51","modified_gmt":"2021-11-29T03:25:51","slug":"calentador-de-agua-electrico-con-pantalla-lcd","status":"publish","type":"product","link":"https:\/\/tonysourcing.com\/es\/wholesale\/electric-water-heater-with-lcd-screen\/","title":{"rendered":"Calentador de agua el\u00e9ctrico con pantalla LCD"},"content":{"rendered":"<p>Calentador de agua con pantalla LED que muestra la temperatura del agua. La temperatura m\u00e1xima de calentamiento es de 60 \u00b0C. Ahorrar\u00e1 tiempo, energ\u00eda y agua, ya que no necesitar\u00e1 grandes calentadores ni un sistema de calefacci\u00f3n central para obtener agua caliente del grifo.<br \/>\nUn calentador de agua moderno le dar\u00e1 elegancia a su cocina. Este aparato no ocupa mucho espacio y su pr\u00e1ctica manija le permitir\u00e1 ajustar la temperatura del agua f\u00e1cilmente. Esta tecnolog\u00eda le ahorrar\u00e1 tiempo y dinero: un calentador de agua r\u00e1pido le permitir\u00e1 usar agua caliente cuando la necesite.<br \/>\n\u00a1No m\u00e1s calderas ni calefacci\u00f3n central!<br \/>\nEl sistema de calentamiento autom\u00e1tico es f\u00e1cil de instalar, con una espiral est\u00e1ndar.<\/p>\n<ul>\n<li>Voltaje: 220-240 V.<\/li>\n<li>Frecuencia: 50\/60 Hz.<\/li>\n<li>Potencia: 3 kW.<\/li>\n<li>Presi\u00f3n de funcionamiento: 0,04-0,5 MPA<\/li>\n<li>Resistente al agua<\/li>\n<li>Tratamiento de superficie: re-recubrimiento<\/li>\n<li>Bobina: Bobina de cer\u00e1mica de nivel diamante<\/li>\n<li>Tubo calefactor: elemento calefactor con revestimiento de cobre de alta pureza.<\/li>\n<li>Material principal: cobre refinado ambientalmente de nivel H59A + pl\u00e1stico de ingenier\u00eda ABS<\/li>\n<li>La conexi\u00f3n del dispositivo est\u00e1 en el lateral.<\/li>\n<li>Para uso dom\u00e9stico (en interiores).<\/li>\n<li>Garant\u00eda \u2013 12 meses.<\/li>\n<\/ul>","protected":false},"excerpt":{"rendered":"<ul>\n<li>ART\u00cdCULO N.\u00ba ZJ112614<\/li>\n<li>Voltaje: 220-240 V.<\/li>\n<li>Frecuencia: 50\/60 Hz.<\/li>\n<li>Potencia: 3 kW.<\/li>\n<li>Para uso dom\u00e9stico (en interiores).<\/li>\n<li>Garant\u00eda \u2013 12 meses.<\/li>\n<\/ul>","protected":false},"featured_media":13010,"template":"","meta":{"_kad_post_transparent":"","_kad_post_title":"","_kad_post_layout":"","_kad_post_sidebar_id":"","_kad_post_content_style":"","_kad_post_vertical_padding":"","_kad_post_feature":"","_kad_post_feature_position":"","_kad_post_header":false,"_kad_post_footer":false},"product_brand":[],"product_cat":[1539],"product_tag":[],"class_list":{"0":"post-13009","1":"product","2":"type-product","3":"status-publish","4":"has-post-thumbnail","6":"product_cat-kitchen-equipment","8":"first","9":"instock","10":"shipping-taxable","11":"product-type-simple","12":"entry","13":"content-bg","14":"loop-entry"},"yoast_head":"<!-- This site is optimized with the Yoast SEO plugin v27.4 - https:\/\/yoast.com\/product\/yoast-seo-wordpress\/ -->\n<title>Electric water heater with LCD screen - Import Wholesale Directly From Manufacturer<\/title>\n<meta name=\"description\" content=\"Import Electric water heater with LCD screen from China Manufacturer, Good Product and Good Price, Contact TonySourcing for Catalog today.\" \/>\n<meta name=\"robots\" content=\"index, follow, max-snippet:-1, max-image-preview:large, max-video-preview:-1\" \/>\n<link rel=\"canonical\" href=\"https:\/\/tonysourcing.com\/es\/al-por-mayor\/calentador-de-agua-electrico-con-pantalla-lcd\/\" \/>\n<meta property=\"og:locale\" content=\"es_ES\" \/>\n<meta property=\"og:type\" content=\"article\" \/>\n<meta property=\"og:title\" content=\"Electric water heater with LCD screen - Import Wholesale Directly From Manufacturer\" \/>\n<meta property=\"og:description\" content=\"Import Electric water heater with LCD screen from China Manufacturer, Good Product and Good Price, Contact TonySourcing for Catalog today.\" \/>\n<meta property=\"og:url\" content=\"https:\/\/tonysourcing.com\/es\/al-por-mayor\/calentador-de-agua-electrico-con-pantalla-lcd\/\" \/>\n<meta property=\"og:site_name\" content=\"TonySourcing\" \/>\n<meta property=\"article:publisher\" content=\"https:\/\/www.facebook.com\/TonySourcing\" \/>\n<meta property=\"og:image\" content=\"https:\/\/tonysourcing.com\/wp-content\/uploads\/2021\/11\/elektrinis-vandens-sildytuvas-su-lcd-ekranu.png\" \/>\n\t<meta property=\"og:image:width\" content=\"800\" \/>\n\t<meta property=\"og:image:height\" content=\"800\" \/>\n\t<meta property=\"og:image:type\" content=\"image\/png\" \/>\n<meta name=\"twitter:card\" content=\"summary_large_image\" \/>\n<meta name=\"twitter:site\" content=\"@TonySourcing\" \/>\n<meta name=\"twitter:label1\" content=\"Tiempo de lectura\" \/>\n\t<meta name=\"twitter:data1\" content=\"1 minuto\" \/>\n<script type=\"application\/ld+json\" class=\"yoast-schema-graph\">{\"@context\":\"https:\\\/\\\/schema.org\",\"@graph\":[{\"@type\":\"WebPage\",\"@id\":\"https:\\\/\\\/tonysourcing.com\\\/wholesale\\\/electric-water-heater-with-lcd-screen\\\/\",\"url\":\"https:\\\/\\\/tonysourcing.com\\\/wholesale\\\/electric-water-heater-with-lcd-screen\\\/\",\"name\":\"Electric water heater with LCD screen - Import Wholesale Directly From Manufacturer\",\"isPartOf\":{\"@id\":\"https:\\\/\\\/tonysourcing.com\\\/#website\"},\"primaryImageOfPage\":{\"@id\":\"https:\\\/\\\/tonysourcing.com\\\/wholesale\\\/electric-water-heater-with-lcd-screen\\\/#primaryimage\"},\"image\":{\"@id\":\"https:\\\/\\\/tonysourcing.com\\\/wholesale\\\/electric-water-heater-with-lcd-screen\\\/#primaryimage\"},\"thumbnailUrl\":\"https:\\\/\\\/tonysourcing.com\\\/wp-content\\\/uploads\\\/2021\\\/11\\\/elektrinis-vandens-sildytuvas-su-lcd-ekranu.png\",\"datePublished\":\"2021-11-29T03:25:51+00:00\",\"description\":\"Import Electric water heater with LCD screen from China Manufacturer, Good Product and Good Price, Contact TonySourcing for Catalog today.\",\"breadcrumb\":{\"@id\":\"https:\\\/\\\/tonysourcing.com\\\/wholesale\\\/electric-water-heater-with-lcd-screen\\\/#breadcrumb\"},\"inLanguage\":\"es\",\"potentialAction\":[{\"@type\":\"ReadAction\",\"target\":[\"https:\\\/\\\/tonysourcing.com\\\/wholesale\\\/electric-water-heater-with-lcd-screen\\\/\"]}]},{\"@type\":\"ImageObject\",\"inLanguage\":\"es\",\"@id\":\"https:\\\/\\\/tonysourcing.com\\\/wholesale\\\/electric-water-heater-with-lcd-screen\\\/#primaryimage\",\"url\":\"https:\\\/\\\/tonysourcing.com\\\/wp-content\\\/uploads\\\/2021\\\/11\\\/elektrinis-vandens-sildytuvas-su-lcd-ekranu.png\",\"contentUrl\":\"https:\\\/\\\/tonysourcing.com\\\/wp-content\\\/uploads\\\/2021\\\/11\\\/elektrinis-vandens-sildytuvas-su-lcd-ekranu.png\",\"width\":800,\"height\":800,\"caption\":\"elektrinis-vandens-sildytuvas-su-lcd-ekranu\"},{\"@type\":\"BreadcrumbList\",\"@id\":\"https:\\\/\\\/tonysourcing.com\\\/wholesale\\\/electric-water-heater-with-lcd-screen\\\/#breadcrumb\",\"itemListElement\":[{\"@type\":\"ListItem\",\"position\":1,\"name\":\"Home\",\"item\":\"https:\\\/\\\/tonysourcing.com\\\/\"},{\"@type\":\"ListItem\",\"position\":2,\"name\":\"Wholesale\",\"item\":\"https:\\\/\\\/tonysourcing.com\\\/wholesale\\\/\"},{\"@type\":\"ListItem\",\"position\":3,\"name\":\"Electric water heater with LCD screen\"}]},{\"@type\":\"WebSite\",\"@id\":\"https:\\\/\\\/tonysourcing.com\\\/#website\",\"url\":\"https:\\\/\\\/tonysourcing.com\\\/\",\"name\":\"TonySourcing\",\"description\":\"Toys Wholesale Distributor &amp; China Promition Items\",\"publisher\":{\"@id\":\"https:\\\/\\\/tonysourcing.com\\\/#organization\"},\"potentialAction\":[{\"@type\":\"SearchAction\",\"target\":{\"@type\":\"EntryPoint\",\"urlTemplate\":\"https:\\\/\\\/tonysourcing.com\\\/?s={search_term_string}\"},\"query-input\":{\"@type\":\"PropertyValueSpecification\",\"valueRequired\":true,\"valueName\":\"search_term_string\"}}],\"inLanguage\":\"es\"},{\"@type\":\"Organization\",\"@id\":\"https:\\\/\\\/tonysourcing.com\\\/#organization\",\"name\":\"Yiwu Zongge\",\"url\":\"https:\\\/\\\/tonysourcing.com\\\/\",\"logo\":{\"@type\":\"ImageObject\",\"inLanguage\":\"es\",\"@id\":\"https:\\\/\\\/tonysourcing.com\\\/#\\\/schema\\\/logo\\\/image\\\/\",\"url\":\"https:\\\/\\\/tonysourcing.com\\\/wp-content\\\/uploads\\\/2021\\\/07\\\/cropped-TonySourcing-logo-1.png\",\"contentUrl\":\"https:\\\/\\\/tonysourcing.com\\\/wp-content\\\/uploads\\\/2021\\\/07\\\/cropped-TonySourcing-logo-1.png\",\"width\":300,\"height\":92,\"caption\":\"Yiwu Zongge\"},\"image\":{\"@id\":\"https:\\\/\\\/tonysourcing.com\\\/#\\\/schema\\\/logo\\\/image\\\/\"},\"sameAs\":[\"https:\\\/\\\/www.facebook.com\\\/TonySourcing\",\"https:\\\/\\\/x.com\\\/TonySourcing\",\"https:\\\/\\\/www.instagram.com\\\/tony_sourcing\\\/\",\"http:\\\/\\\/www.linkedin.com\\\/in\\\/tonychen88\",\"https:\\\/\\\/www.youtube.com\\\/channel\\\/UCZfST1M-NDoqjQ3dB-Tzszg\"]}]}<\/script>\n<!-- \/ Yoast SEO plugin. -->","yoast_head_json":{"title":"Calentador de agua el\u00e9ctrico con pantalla LCD - Importaci\u00f3n al por mayor directamente del fabricante","description":"Importe calentador de agua el\u00e9ctrico con pantalla LCD del fabricante de China, buen producto y buen precio, comun\u00edquese con TonySourcing para obtener el cat\u00e1logo hoy.","robots":{"index":"index","follow":"follow","max-snippet":"max-snippet:-1","max-image-preview":"max-image-preview:large","max-video-preview":"max-video-preview:-1"},"canonical":"https:\/\/tonysourcing.com\/es\/al-por-mayor\/calentador-de-agua-electrico-con-pantalla-lcd\/","og_locale":"es_ES","og_type":"article","og_title":"Electric water heater with LCD screen - Import Wholesale Directly From Manufacturer","og_description":"Import Electric water heater with LCD screen from China Manufacturer, Good Product and Good Price, Contact TonySourcing for Catalog today.","og_url":"https:\/\/tonysourcing.com\/es\/al-por-mayor\/calentador-de-agua-electrico-con-pantalla-lcd\/","og_site_name":"TonySourcing","article_publisher":"https:\/\/www.facebook.com\/TonySourcing","og_image":[{"width":800,"height":800,"url":"https:\/\/tonysourcing.com\/wp-content\/uploads\/2021\/11\/elektrinis-vandens-sildytuvas-su-lcd-ekranu.png","type":"image\/png"}],"twitter_card":"summary_large_image","twitter_site":"@TonySourcing","twitter_misc":{"Tiempo de lectura":"1 minuto"},"schema":{"@context":"https:\/\/schema.org","@graph":[{"@type":"WebPage","@id":"https:\/\/tonysourcing.com\/wholesale\/electric-water-heater-with-lcd-screen\/","url":"https:\/\/tonysourcing.com\/wholesale\/electric-water-heater-with-lcd-screen\/","name":"Calentador de agua el\u00e9ctrico con pantalla LCD - Importaci\u00f3n al por mayor directamente del fabricante","isPartOf":{"@id":"https:\/\/tonysourcing.com\/#website"},"primaryImageOfPage":{"@id":"https:\/\/tonysourcing.com\/wholesale\/electric-water-heater-with-lcd-screen\/#primaryimage"},"image":{"@id":"https:\/\/tonysourcing.com\/wholesale\/electric-water-heater-with-lcd-screen\/#primaryimage"},"thumbnailUrl":"https:\/\/tonysourcing.com\/wp-content\/uploads\/2021\/11\/elektrinis-vandens-sildytuvas-su-lcd-ekranu.png","datePublished":"2021-11-29T03:25:51+00:00","description":"Importe calentador de agua el\u00e9ctrico con pantalla LCD del fabricante de China, buen producto y buen precio, comun\u00edquese con TonySourcing para obtener el cat\u00e1logo hoy.","breadcrumb":{"@id":"https:\/\/tonysourcing.com\/wholesale\/electric-water-heater-with-lcd-screen\/#breadcrumb"},"inLanguage":"es","potentialAction":[{"@type":"ReadAction","target":["https:\/\/tonysourcing.com\/wholesale\/electric-water-heater-with-lcd-screen\/"]}]},{"@type":"ImageObject","inLanguage":"es","@id":"https:\/\/tonysourcing.com\/wholesale\/electric-water-heater-with-lcd-screen\/#primaryimage","url":"https:\/\/tonysourcing.com\/wp-content\/uploads\/2021\/11\/elektrinis-vandens-sildytuvas-su-lcd-ekranu.png","contentUrl":"https:\/\/tonysourcing.com\/wp-content\/uploads\/2021\/11\/elektrinis-vandens-sildytuvas-su-lcd-ekranu.png","width":800,"height":800,"caption":"elektrinis-vandens-sildytuvas-su-lcd-ekranu"},{"@type":"BreadcrumbList","@id":"https:\/\/tonysourcing.com\/wholesale\/electric-water-heater-with-lcd-screen\/#breadcrumb","itemListElement":[{"@type":"ListItem","position":1,"name":"Home","item":"https:\/\/tonysourcing.com\/"},{"@type":"ListItem","position":2,"name":"Wholesale","item":"https:\/\/tonysourcing.com\/wholesale\/"},{"@type":"ListItem","position":3,"name":"Electric water heater with LCD screen"}]},{"@type":"WebSite","@id":"https:\/\/tonysourcing.com\/#website","url":"https:\/\/tonysourcing.com\/","name":"TonySourcing","description":"Distribuidor mayorista de juguetes y art\u00edculos en promoci\u00f3n en China","publisher":{"@id":"https:\/\/tonysourcing.com\/#organization"},"potentialAction":[{"@type":"SearchAction","target":{"@type":"EntryPoint","urlTemplate":"https:\/\/tonysourcing.com\/?s={search_term_string}"},"query-input":{"@type":"PropertyValueSpecification","valueRequired":true,"valueName":"search_term_string"}}],"inLanguage":"es"},{"@type":"Organization","@id":"https:\/\/tonysourcing.com\/#organization","name":"Yiwu Zongge","url":"https:\/\/tonysourcing.com\/","logo":{"@type":"ImageObject","inLanguage":"es","@id":"https:\/\/tonysourcing.com\/#\/schema\/logo\/image\/","url":"https:\/\/tonysourcing.com\/wp-content\/uploads\/2021\/07\/cropped-TonySourcing-logo-1.png","contentUrl":"https:\/\/tonysourcing.com\/wp-content\/uploads\/2021\/07\/cropped-TonySourcing-logo-1.png","width":300,"height":92,"caption":"Yiwu Zongge"},"image":{"@id":"https:\/\/tonysourcing.com\/#\/schema\/logo\/image\/"},"sameAs":["https:\/\/www.facebook.com\/TonySourcing","https:\/\/x.com\/TonySourcing","https:\/\/www.instagram.com\/tony_sourcing\/","http:\/\/www.linkedin.com\/in\/tonychen88","https:\/\/www.youtube.com\/channel\/UCZfST1M-NDoqjQ3dB-Tzszg"]}]}},"_links":{"self":[{"href":"https:\/\/tonysourcing.com\/es\/wp-json\/wp\/v2\/product\/13009","targetHints":{"allow":["GET"]}}],"collection":[{"href":"https:\/\/tonysourcing.com\/es\/wp-json\/wp\/v2\/product"}],"about":[{"href":"https:\/\/tonysourcing.com\/es\/wp-json\/wp\/v2\/types\/product"}],"version-history":[{"count":1,"href":"https:\/\/tonysourcing.com\/es\/wp-json\/wp\/v2\/product\/13009\/revisions"}],"predecessor-version":[{"id":13014,"href":"https:\/\/tonysourcing.com\/es\/wp-json\/wp\/v2\/product\/13009\/revisions\/13014"}],"wp:featuredmedia":[{"embeddable":true,"href":"https:\/\/tonysourcing.com\/es\/wp-json\/wp\/v2\/media\/13010"}],"wp:attachment":[{"href":"https:\/\/tonysourcing.com\/es\/wp-json\/wp\/v2\/media?parent=13009"}],"wp:term":[{"taxonomy":"product_brand","embeddable":true,"href":"https:\/\/tonysourcing.com\/es\/wp-json\/wp\/v2\/product_brand?post=13009"},{"taxonomy":"product_cat","embeddable":true,"href":"https:\/\/tonysourcing.com\/es\/wp-json\/wp\/v2\/product_cat?post=13009"},{"taxonomy":"product_tag","embeddable":true,"href":"https:\/\/tonysourcing.com\/es\/wp-json\/wp\/v2\/product_tag?post=13009"}],"curies":[{"name":"gracias","href":"https:\/\/api.w.org\/{rel}","templated":true}]}}