{"id":13040,"date":"2021-11-29T06:27:50","date_gmt":"2021-11-29T06:27:50","guid":{"rendered":"https:\/\/tonysourcing.com\/?post_type=product&#038;p=13040"},"modified":"2021-11-29T09:14:08","modified_gmt":"2021-11-29T09:14:08","slug":"plancha-de-pelo-2-en-1","status":"publish","type":"product","link":"https:\/\/tonysourcing.com\/es\/wholesale\/2in1-hair-straightener\/","title":{"rendered":"Plancha de pelo 2 en 1"},"content":{"rendered":"<p>Hair straightener 2in1 is an innovative device that allows you to quickly, easily and safely create the perfect hairstyle for you: soft waves, strong curls or perfectly straight strands of straight hair. Hair styling has never been easier!<\/p>\n<p>In minutes, you can create any style and create your own hairstyle differently every day. The type of twist depends on the size of the selected strand and the speed at which the appliance moves along the hair. Depending on the desired result, you can turn the straightener inwards or outwards.<\/p>\n<p>Choosing the optimal temperature is very important for effective and safe styling. The 2in1 straightener with digital display allows you to easily and accurately set the temperature to suit your hair type and condition. On the other hand, ceramic tiles with a tourmaline coating ensure even distribution and heat retention over the entire surface. If the settings of the device are properly adjusted, it will cope with even the most demanding hair.<\/p>\n<p>Style options you can create with this straightener:<\/p>\n<ul>\n<li>Expressive curls;<\/li>\n<li>Gentle, natural waves;<\/li>\n<li>Smooth, straight strands.<\/li>\n<\/ul>\n<p>Especificaciones t\u00e9cnicas:<\/p>\n<ul>\n<li>Dise\u00f1o \u00fanico;<\/li>\n<li>Material: placas de cer\u00e1mica con revestimiento de turmalina antiest\u00e1tico (ionizaci\u00f3n natural): cabello suave y brillante como la seda sin efecto est\u00e1tico ni rizado;<\/li>\n<li>Microinterruptores a las placas: distribuci\u00f3n adecuada entre las placas;<\/li>\n<li>Puntas sin calentamiento: excelente control al formar ondas;<\/li>\n<li>Enfriamiento r\u00e1pido del cabello y fijaci\u00f3n del rizo;<\/li>\n<li>Placas el\u00e1sticas m\u00f3viles: presi\u00f3n uniforme sobre el cabello;<\/li>\n<li>Pantalla digital LCD;<\/li>\n<li>Control de temperatura: en el rango de 100-230\u00baC \u2013 perfecto para todo tipo de cabello;<\/li>\n<li>Bot\u00f3n de encendido\/apagado;<\/li>\n<li>Calentamiento r\u00e1pido;<\/li>\n<li>Apagado autom\u00e1tico despu\u00e9s de 60 minutos;<\/li>\n<li>Cable giratorio de 360\u00b0: libertad de maniobra en cualquier \u00e1ngulo;<\/li>\n<li>Bloqueo para un almacenamiento c\u00f3modo;<\/li>\n<li>Volumen de suministro: bolsa de protecci\u00f3n t\u00e9rmica, guante protector, estuche;<\/li>\n<li>Potencia: 45W;<\/li>\n<li>Cable de alimentaci\u00f3n de 2m de largo.<\/li>\n<\/ul>","protected":false},"excerpt":{"rendered":"<ul>\n<li>Art\u00edculo n.\u00b0 AL04<\/li>\n<li>Dise\u00f1o \u00fanico;<\/li>\n<li>Material: placas de cer\u00e1mica con revestimiento de turmalina antiest\u00e1tico (ionizaci\u00f3n natural): cabello suave y brillante como la seda sin efecto est\u00e1tico ni rizado;<\/li>\n<li>Microinterruptores a las placas: distribuci\u00f3n adecuada entre las placas;<\/li>\n<li>Puntas sin calentamiento: excelente control al formar ondas;<\/li>\n<li>Enfriamiento r\u00e1pido del cabello y fijaci\u00f3n del rizo;<\/li>\n<li>Placas el\u00e1sticas m\u00f3viles: presi\u00f3n uniforme sobre el cabello;<\/li>\n<li>Pantalla digital LCD;<\/li>\n<li>Control de temperatura: en el rango de 100-230\u00baC \u2013 perfecto para todo tipo de cabello;<\/li>\n<li>Bot\u00f3n de encendido\/apagado;<\/li>\n<li>Calentamiento r\u00e1pido;<\/li>\n<li>Apagado autom\u00e1tico despu\u00e9s de 60 minutos;<\/li>\n<li>Cable giratorio de 360\u00b0: libertad de maniobra en cualquier \u00e1ngulo;<\/li>\n<li>Bloqueo para un almacenamiento c\u00f3modo;<\/li>\n<li>Volumen de suministro: bolsa de protecci\u00f3n t\u00e9rmica, guante protector, estuche;<\/li>\n<li>Potencia: 45W;<\/li>\n<li>Cable de alimentaci\u00f3n de 2m de largo.<\/li>\n<\/ul>","protected":false},"featured_media":13043,"template":"","meta":{"_kad_post_transparent":"","_kad_post_title":"","_kad_post_layout":"","_kad_post_sidebar_id":"","_kad_post_content_style":"","_kad_post_vertical_padding":"","_kad_post_feature":"","_kad_post_feature_position":"","_kad_post_header":false,"_kad_post_footer":false},"product_brand":[],"product_cat":[1540],"product_tag":[],"class_list":{"0":"post-13040","1":"product","2":"type-product","3":"status-publish","4":"has-post-thumbnail","6":"product_cat-haircare-products","8":"first","9":"instock","10":"shipping-taxable","11":"product-type-simple","12":"entry","13":"content-bg","14":"loop-entry"},"yoast_head":"<!-- This site is optimized with the Yoast SEO plugin v27.4 - https:\/\/yoast.com\/product\/yoast-seo-wordpress\/ -->\n<title>2in1 hair straightener- Import Toys Wholesale Directly From Manufacturer<\/title>\n<meta name=\"description\" content=\"Import 2in1 hair straightener from China Manufacturer, Good Product and Good Price, Contact TonySourcing for Catalog today.\" \/>\n<meta name=\"robots\" content=\"index, follow, max-snippet:-1, max-image-preview:large, max-video-preview:-1\" \/>\n<link rel=\"canonical\" href=\"https:\/\/tonysourcing.com\/es\/al-por-mayor\/plancha-de-pelo-2-en-1\/\" \/>\n<meta property=\"og:locale\" content=\"es_ES\" \/>\n<meta property=\"og:type\" content=\"article\" \/>\n<meta property=\"og:title\" content=\"2in1 hair straightener- Import Toys Wholesale Directly From Manufacturer\" \/>\n<meta property=\"og:description\" content=\"Import 2in1 hair straightener from China Manufacturer, Good Product and Good Price, Contact TonySourcing for Catalog today.\" \/>\n<meta property=\"og:url\" content=\"https:\/\/tonysourcing.com\/es\/al-por-mayor\/plancha-de-pelo-2-en-1\/\" \/>\n<meta property=\"og:site_name\" content=\"TonySourcing\" \/>\n<meta property=\"article:publisher\" content=\"https:\/\/www.facebook.com\/TonySourcing\" \/>\n<meta property=\"article:modified_time\" content=\"2021-11-29T09:14:08+00:00\" \/>\n<meta property=\"og:image\" content=\"https:\/\/tonysourcing.com\/wp-content\/uploads\/2021\/11\/2in1-plauku-tiesintuvas.jpg\" \/>\n\t<meta property=\"og:image:width\" content=\"700\" \/>\n\t<meta property=\"og:image:height\" content=\"807\" \/>\n\t<meta property=\"og:image:type\" content=\"image\/jpeg\" \/>\n<meta name=\"twitter:card\" content=\"summary_large_image\" \/>\n<meta name=\"twitter:site\" content=\"@TonySourcing\" \/>\n<meta name=\"twitter:label1\" content=\"Tiempo de lectura\" \/>\n\t<meta name=\"twitter:data1\" content=\"2 minutos\" \/>\n<script type=\"application\/ld+json\" class=\"yoast-schema-graph\">{\"@context\":\"https:\\\/\\\/schema.org\",\"@graph\":[{\"@type\":\"WebPage\",\"@id\":\"https:\\\/\\\/tonysourcing.com\\\/wholesale\\\/2in1-hair-straightener\\\/\",\"url\":\"https:\\\/\\\/tonysourcing.com\\\/wholesale\\\/2in1-hair-straightener\\\/\",\"name\":\"2in1 hair straightener- Import Toys Wholesale Directly From Manufacturer\",\"isPartOf\":{\"@id\":\"https:\\\/\\\/tonysourcing.com\\\/#website\"},\"primaryImageOfPage\":{\"@id\":\"https:\\\/\\\/tonysourcing.com\\\/wholesale\\\/2in1-hair-straightener\\\/#primaryimage\"},\"image\":{\"@id\":\"https:\\\/\\\/tonysourcing.com\\\/wholesale\\\/2in1-hair-straightener\\\/#primaryimage\"},\"thumbnailUrl\":\"https:\\\/\\\/tonysourcing.com\\\/wp-content\\\/uploads\\\/2021\\\/11\\\/2in1-plauku-tiesintuvas.jpg\",\"datePublished\":\"2021-11-29T06:27:50+00:00\",\"dateModified\":\"2021-11-29T09:14:08+00:00\",\"description\":\"Import 2in1 hair straightener from China Manufacturer, Good Product and Good Price, Contact TonySourcing for Catalog today.\",\"breadcrumb\":{\"@id\":\"https:\\\/\\\/tonysourcing.com\\\/wholesale\\\/2in1-hair-straightener\\\/#breadcrumb\"},\"inLanguage\":\"es\",\"potentialAction\":[{\"@type\":\"ReadAction\",\"target\":[\"https:\\\/\\\/tonysourcing.com\\\/wholesale\\\/2in1-hair-straightener\\\/\"]}]},{\"@type\":\"ImageObject\",\"inLanguage\":\"es\",\"@id\":\"https:\\\/\\\/tonysourcing.com\\\/wholesale\\\/2in1-hair-straightener\\\/#primaryimage\",\"url\":\"https:\\\/\\\/tonysourcing.com\\\/wp-content\\\/uploads\\\/2021\\\/11\\\/2in1-plauku-tiesintuvas.jpg\",\"contentUrl\":\"https:\\\/\\\/tonysourcing.com\\\/wp-content\\\/uploads\\\/2021\\\/11\\\/2in1-plauku-tiesintuvas.jpg\",\"width\":700,\"height\":807,\"caption\":\"2in1-plauku-tiesintuvas\"},{\"@type\":\"BreadcrumbList\",\"@id\":\"https:\\\/\\\/tonysourcing.com\\\/wholesale\\\/2in1-hair-straightener\\\/#breadcrumb\",\"itemListElement\":[{\"@type\":\"ListItem\",\"position\":1,\"name\":\"Home\",\"item\":\"https:\\\/\\\/tonysourcing.com\\\/\"},{\"@type\":\"ListItem\",\"position\":2,\"name\":\"Wholesale\",\"item\":\"https:\\\/\\\/tonysourcing.com\\\/wholesale\\\/\"},{\"@type\":\"ListItem\",\"position\":3,\"name\":\"2in1 hair straightener\"}]},{\"@type\":\"WebSite\",\"@id\":\"https:\\\/\\\/tonysourcing.com\\\/#website\",\"url\":\"https:\\\/\\\/tonysourcing.com\\\/\",\"name\":\"TonySourcing\",\"description\":\"Toys Wholesale Distributor &amp; China Promition Items\",\"publisher\":{\"@id\":\"https:\\\/\\\/tonysourcing.com\\\/#organization\"},\"potentialAction\":[{\"@type\":\"SearchAction\",\"target\":{\"@type\":\"EntryPoint\",\"urlTemplate\":\"https:\\\/\\\/tonysourcing.com\\\/?s={search_term_string}\"},\"query-input\":{\"@type\":\"PropertyValueSpecification\",\"valueRequired\":true,\"valueName\":\"search_term_string\"}}],\"inLanguage\":\"es\"},{\"@type\":\"Organization\",\"@id\":\"https:\\\/\\\/tonysourcing.com\\\/#organization\",\"name\":\"Yiwu Zongge\",\"url\":\"https:\\\/\\\/tonysourcing.com\\\/\",\"logo\":{\"@type\":\"ImageObject\",\"inLanguage\":\"es\",\"@id\":\"https:\\\/\\\/tonysourcing.com\\\/#\\\/schema\\\/logo\\\/image\\\/\",\"url\":\"https:\\\/\\\/tonysourcing.com\\\/wp-content\\\/uploads\\\/2021\\\/07\\\/cropped-TonySourcing-logo-1.png\",\"contentUrl\":\"https:\\\/\\\/tonysourcing.com\\\/wp-content\\\/uploads\\\/2021\\\/07\\\/cropped-TonySourcing-logo-1.png\",\"width\":300,\"height\":92,\"caption\":\"Yiwu Zongge\"},\"image\":{\"@id\":\"https:\\\/\\\/tonysourcing.com\\\/#\\\/schema\\\/logo\\\/image\\\/\"},\"sameAs\":[\"https:\\\/\\\/www.facebook.com\\\/TonySourcing\",\"https:\\\/\\\/x.com\\\/TonySourcing\",\"https:\\\/\\\/www.instagram.com\\\/tony_sourcing\\\/\",\"http:\\\/\\\/www.linkedin.com\\\/in\\\/tonychen88\",\"https:\\\/\\\/www.youtube.com\\\/channel\\\/UCZfST1M-NDoqjQ3dB-Tzszg\"]}]}<\/script>\n<!-- \/ Yoast SEO plugin. -->","yoast_head_json":{"title":"2in1 hair straightener- Import Toys Wholesale Directly From Manufacturer","description":"Import 2in1 hair straightener from China Manufacturer, Good Product and Good Price, Contact TonySourcing for Catalog today.","robots":{"index":"index","follow":"follow","max-snippet":"max-snippet:-1","max-image-preview":"max-image-preview:large","max-video-preview":"max-video-preview:-1"},"canonical":"https:\/\/tonysourcing.com\/es\/al-por-mayor\/plancha-de-pelo-2-en-1\/","og_locale":"es_ES","og_type":"article","og_title":"2in1 hair straightener- Import Toys Wholesale Directly From Manufacturer","og_description":"Import 2in1 hair straightener from China Manufacturer, Good Product and Good Price, Contact TonySourcing for Catalog today.","og_url":"https:\/\/tonysourcing.com\/es\/al-por-mayor\/plancha-de-pelo-2-en-1\/","og_site_name":"TonySourcing","article_publisher":"https:\/\/www.facebook.com\/TonySourcing","article_modified_time":"2021-11-29T09:14:08+00:00","og_image":[{"width":700,"height":807,"url":"https:\/\/tonysourcing.com\/wp-content\/uploads\/2021\/11\/2in1-plauku-tiesintuvas.jpg","type":"image\/jpeg"}],"twitter_card":"summary_large_image","twitter_site":"@TonySourcing","twitter_misc":{"Tiempo de lectura":"2 minutos"},"schema":{"@context":"https:\/\/schema.org","@graph":[{"@type":"WebPage","@id":"https:\/\/tonysourcing.com\/wholesale\/2in1-hair-straightener\/","url":"https:\/\/tonysourcing.com\/wholesale\/2in1-hair-straightener\/","name":"2in1 hair straightener- Import Toys Wholesale Directly From Manufacturer","isPartOf":{"@id":"https:\/\/tonysourcing.com\/#website"},"primaryImageOfPage":{"@id":"https:\/\/tonysourcing.com\/wholesale\/2in1-hair-straightener\/#primaryimage"},"image":{"@id":"https:\/\/tonysourcing.com\/wholesale\/2in1-hair-straightener\/#primaryimage"},"thumbnailUrl":"https:\/\/tonysourcing.com\/wp-content\/uploads\/2021\/11\/2in1-plauku-tiesintuvas.jpg","datePublished":"2021-11-29T06:27:50+00:00","dateModified":"2021-11-29T09:14:08+00:00","description":"Import 2in1 hair straightener from China Manufacturer, Good Product and Good Price, Contact TonySourcing for Catalog today.","breadcrumb":{"@id":"https:\/\/tonysourcing.com\/wholesale\/2in1-hair-straightener\/#breadcrumb"},"inLanguage":"es","potentialAction":[{"@type":"ReadAction","target":["https:\/\/tonysourcing.com\/wholesale\/2in1-hair-straightener\/"]}]},{"@type":"ImageObject","inLanguage":"es","@id":"https:\/\/tonysourcing.com\/wholesale\/2in1-hair-straightener\/#primaryimage","url":"https:\/\/tonysourcing.com\/wp-content\/uploads\/2021\/11\/2in1-plauku-tiesintuvas.jpg","contentUrl":"https:\/\/tonysourcing.com\/wp-content\/uploads\/2021\/11\/2in1-plauku-tiesintuvas.jpg","width":700,"height":807,"caption":"2in1-plauku-tiesintuvas"},{"@type":"BreadcrumbList","@id":"https:\/\/tonysourcing.com\/wholesale\/2in1-hair-straightener\/#breadcrumb","itemListElement":[{"@type":"ListItem","position":1,"name":"Home","item":"https:\/\/tonysourcing.com\/"},{"@type":"ListItem","position":2,"name":"Wholesale","item":"https:\/\/tonysourcing.com\/wholesale\/"},{"@type":"ListItem","position":3,"name":"2in1 hair straightener"}]},{"@type":"WebSite","@id":"https:\/\/tonysourcing.com\/#website","url":"https:\/\/tonysourcing.com\/","name":"TonySourcing","description":"Distribuidor mayorista de juguetes y art\u00edculos en promoci\u00f3n en China","publisher":{"@id":"https:\/\/tonysourcing.com\/#organization"},"potentialAction":[{"@type":"SearchAction","target":{"@type":"EntryPoint","urlTemplate":"https:\/\/tonysourcing.com\/?s={search_term_string}"},"query-input":{"@type":"PropertyValueSpecification","valueRequired":true,"valueName":"search_term_string"}}],"inLanguage":"es"},{"@type":"Organization","@id":"https:\/\/tonysourcing.com\/#organization","name":"Yiwu Zongge","url":"https:\/\/tonysourcing.com\/","logo":{"@type":"ImageObject","inLanguage":"es","@id":"https:\/\/tonysourcing.com\/#\/schema\/logo\/image\/","url":"https:\/\/tonysourcing.com\/wp-content\/uploads\/2021\/07\/cropped-TonySourcing-logo-1.png","contentUrl":"https:\/\/tonysourcing.com\/wp-content\/uploads\/2021\/07\/cropped-TonySourcing-logo-1.png","width":300,"height":92,"caption":"Yiwu Zongge"},"image":{"@id":"https:\/\/tonysourcing.com\/#\/schema\/logo\/image\/"},"sameAs":["https:\/\/www.facebook.com\/TonySourcing","https:\/\/x.com\/TonySourcing","https:\/\/www.instagram.com\/tony_sourcing\/","http:\/\/www.linkedin.com\/in\/tonychen88","https:\/\/www.youtube.com\/channel\/UCZfST1M-NDoqjQ3dB-Tzszg"]}]}},"_links":{"self":[{"href":"https:\/\/tonysourcing.com\/es\/wp-json\/wp\/v2\/product\/13040","targetHints":{"allow":["GET"]}}],"collection":[{"href":"https:\/\/tonysourcing.com\/es\/wp-json\/wp\/v2\/product"}],"about":[{"href":"https:\/\/tonysourcing.com\/es\/wp-json\/wp\/v2\/types\/product"}],"version-history":[{"count":2,"href":"https:\/\/tonysourcing.com\/es\/wp-json\/wp\/v2\/product\/13040\/revisions"}],"predecessor-version":[{"id":13201,"href":"https:\/\/tonysourcing.com\/es\/wp-json\/wp\/v2\/product\/13040\/revisions\/13201"}],"wp:featuredmedia":[{"embeddable":true,"href":"https:\/\/tonysourcing.com\/es\/wp-json\/wp\/v2\/media\/13043"}],"wp:attachment":[{"href":"https:\/\/tonysourcing.com\/es\/wp-json\/wp\/v2\/media?parent=13040"}],"wp:term":[{"taxonomy":"product_brand","embeddable":true,"href":"https:\/\/tonysourcing.com\/es\/wp-json\/wp\/v2\/product_brand?post=13040"},{"taxonomy":"product_cat","embeddable":true,"href":"https:\/\/tonysourcing.com\/es\/wp-json\/wp\/v2\/product_cat?post=13040"},{"taxonomy":"product_tag","embeddable":true,"href":"https:\/\/tonysourcing.com\/es\/wp-json\/wp\/v2\/product_tag?post=13040"}],"curies":[{"name":"gracias","href":"https:\/\/api.w.org\/{rel}","templated":true}]}}