{"id":13108,"date":"2021-11-29T07:08:33","date_gmt":"2021-11-29T07:08:33","guid":{"rendered":"https:\/\/tonysourcing.com\/?post_type=product&#038;p=13108"},"modified":"2021-11-29T07:08:33","modified_gmt":"2021-11-29T07:08:33","slug":"barbacoa-redonda-con-ruedas","status":"publish","type":"product","link":"https:\/\/tonysourcing.com\/es\/wholesale\/round-barbecue-with-wheels\/","title":{"rendered":"Barbacoa redonda con ruedas"},"content":{"rendered":"<p>\u00bfQuiz\u00e1s llevas tiempo so\u00f1ando con una barbacoa pr\u00e1ctica y port\u00e1til? \u00bfCu\u00e1ndo podr\u00e1s cocinar los alimentos m\u00e1s sabrosos y jugosos donde te sea m\u00e1s c\u00f3modo? \u00bfY entonces cu\u00e1ndo lo querr\u00e1s?<\/p>\n<p>\u00a1Esta barbacoa port\u00e1til es una excelente opci\u00f3n! Podr\u00e1s elegir la temperatura que mejor se adapte a ti, ya que cuenta con 4 opciones de temperatura, asas que permiten ajustar la altura y en la bandeja inferior podr\u00e1s colocar lo que necesites para cocinar.<\/p>\n<p>\u00a1Descubre el placer de cocinar con esta parrilla transportable!<\/p>\n<p>&nbsp;<\/p>\n<p><strong>Caracter\u00edsticas:<\/strong><\/p>\n<ul>\n<li>Transportable;<\/li>\n<li>4 opciones de temperatura;<\/li>\n<li>Mango ajustable;<\/li>\n<li>Cuaresma;<\/li>\n<li>Superficie de rejilla cromada;<\/li>\n<li>Altura: 67 cm;<\/li>\n<li>Ancho: 56 cm;<\/li>\n<li>Di\u00e1metro de la rejilla: 37 cm;<\/li>\n<li>Profundidad: 42 cm.<\/li>\n<\/ul>","protected":false},"excerpt":{"rendered":"<p>ART\u00cdCULO N.\u00ba ZJ112623<\/p>\n<p><strong>Caracter\u00edsticas:<\/strong><\/p>\n<ul>\n<li>Transportable;<\/li>\n<li>4 opciones de temperatura;<\/li>\n<li>Mango ajustable;<\/li>\n<li>Cuaresma;<\/li>\n<li>Superficie de rejilla cromada;<\/li>\n<li>Altura: 67 cm;<\/li>\n<li>Ancho: 56 cm;<\/li>\n<li>Di\u00e1metro de la rejilla: 37 cm;<\/li>\n<li>Profundidad: 42 cm.<\/li>\n<\/ul>","protected":false},"featured_media":13111,"template":"","meta":{"_kad_post_transparent":"","_kad_post_title":"","_kad_post_layout":"","_kad_post_sidebar_id":"","_kad_post_content_style":"","_kad_post_vertical_padding":"","_kad_post_feature":"","_kad_post_feature_position":"","_kad_post_header":false,"_kad_post_footer":false},"product_brand":[],"product_cat":[1539],"product_tag":[],"class_list":{"0":"post-13108","1":"product","2":"type-product","3":"status-publish","4":"has-post-thumbnail","6":"product_cat-kitchen-equipment","8":"first","9":"instock","10":"shipping-taxable","11":"product-type-simple","12":"entry","13":"content-bg","14":"loop-entry"},"yoast_head":"<!-- This site is optimized with the Yoast SEO plugin v27.4 - https:\/\/yoast.com\/product\/yoast-seo-wordpress\/ -->\n<title>Round barbecue with wheels - Import Wholesale Directly From Manufacturer<\/title>\n<meta name=\"description\" content=\"Import Round barbecue with wheels from China Manufacturer, Good Product and Good Price, Contact TonySourcing for Catalog today.\" \/>\n<meta name=\"robots\" content=\"index, follow, max-snippet:-1, max-image-preview:large, max-video-preview:-1\" \/>\n<link rel=\"canonical\" href=\"https:\/\/tonysourcing.com\/es\/al-por-mayor\/barbacoa-redonda-con-ruedas\/\" \/>\n<meta property=\"og:locale\" content=\"es_ES\" \/>\n<meta property=\"og:type\" content=\"article\" \/>\n<meta property=\"og:title\" content=\"Round barbecue with wheels - Import Wholesale Directly From Manufacturer\" \/>\n<meta property=\"og:description\" content=\"Import Round barbecue with wheels from China Manufacturer, Good Product and Good Price, Contact TonySourcing for Catalog today.\" \/>\n<meta property=\"og:url\" content=\"https:\/\/tonysourcing.com\/es\/al-por-mayor\/barbacoa-redonda-con-ruedas\/\" \/>\n<meta property=\"og:site_name\" content=\"TonySourcing\" \/>\n<meta property=\"article:publisher\" content=\"https:\/\/www.facebook.com\/TonySourcing\" \/>\n<meta property=\"og:image\" content=\"https:\/\/tonysourcing.com\/wp-content\/uploads\/2021\/11\/apvali-sodo-kepsnine-su-ratais.png\" \/>\n\t<meta property=\"og:image:width\" content=\"700\" \/>\n\t<meta property=\"og:image:height\" content=\"807\" \/>\n\t<meta property=\"og:image:type\" content=\"image\/png\" \/>\n<meta name=\"twitter:card\" content=\"summary_large_image\" \/>\n<meta name=\"twitter:site\" content=\"@TonySourcing\" \/>\n<meta name=\"twitter:label1\" content=\"Tiempo de lectura\" \/>\n\t<meta name=\"twitter:data1\" content=\"1 minuto\" \/>\n<script type=\"application\/ld+json\" class=\"yoast-schema-graph\">{\"@context\":\"https:\\\/\\\/schema.org\",\"@graph\":[{\"@type\":\"WebPage\",\"@id\":\"https:\\\/\\\/tonysourcing.com\\\/wholesale\\\/round-barbecue-with-wheels\\\/\",\"url\":\"https:\\\/\\\/tonysourcing.com\\\/wholesale\\\/round-barbecue-with-wheels\\\/\",\"name\":\"Round barbecue with wheels - Import Wholesale Directly From Manufacturer\",\"isPartOf\":{\"@id\":\"https:\\\/\\\/tonysourcing.com\\\/#website\"},\"primaryImageOfPage\":{\"@id\":\"https:\\\/\\\/tonysourcing.com\\\/wholesale\\\/round-barbecue-with-wheels\\\/#primaryimage\"},\"image\":{\"@id\":\"https:\\\/\\\/tonysourcing.com\\\/wholesale\\\/round-barbecue-with-wheels\\\/#primaryimage\"},\"thumbnailUrl\":\"https:\\\/\\\/tonysourcing.com\\\/wp-content\\\/uploads\\\/2021\\\/11\\\/apvali-sodo-kepsnine-su-ratais.png\",\"datePublished\":\"2021-11-29T07:08:33+00:00\",\"description\":\"Import Round barbecue with wheels from China Manufacturer, Good Product and Good Price, Contact TonySourcing for Catalog today.\",\"breadcrumb\":{\"@id\":\"https:\\\/\\\/tonysourcing.com\\\/wholesale\\\/round-barbecue-with-wheels\\\/#breadcrumb\"},\"inLanguage\":\"es\",\"potentialAction\":[{\"@type\":\"ReadAction\",\"target\":[\"https:\\\/\\\/tonysourcing.com\\\/wholesale\\\/round-barbecue-with-wheels\\\/\"]}]},{\"@type\":\"ImageObject\",\"inLanguage\":\"es\",\"@id\":\"https:\\\/\\\/tonysourcing.com\\\/wholesale\\\/round-barbecue-with-wheels\\\/#primaryimage\",\"url\":\"https:\\\/\\\/tonysourcing.com\\\/wp-content\\\/uploads\\\/2021\\\/11\\\/apvali-sodo-kepsnine-su-ratais.png\",\"contentUrl\":\"https:\\\/\\\/tonysourcing.com\\\/wp-content\\\/uploads\\\/2021\\\/11\\\/apvali-sodo-kepsnine-su-ratais.png\",\"width\":700,\"height\":807,\"caption\":\"apvali-sodo-kepsnine-su-ratais\"},{\"@type\":\"BreadcrumbList\",\"@id\":\"https:\\\/\\\/tonysourcing.com\\\/wholesale\\\/round-barbecue-with-wheels\\\/#breadcrumb\",\"itemListElement\":[{\"@type\":\"ListItem\",\"position\":1,\"name\":\"Home\",\"item\":\"https:\\\/\\\/tonysourcing.com\\\/\"},{\"@type\":\"ListItem\",\"position\":2,\"name\":\"Wholesale\",\"item\":\"https:\\\/\\\/tonysourcing.com\\\/wholesale\\\/\"},{\"@type\":\"ListItem\",\"position\":3,\"name\":\"Round barbecue with wheels\"}]},{\"@type\":\"WebSite\",\"@id\":\"https:\\\/\\\/tonysourcing.com\\\/#website\",\"url\":\"https:\\\/\\\/tonysourcing.com\\\/\",\"name\":\"TonySourcing\",\"description\":\"Toys Wholesale Distributor &amp; China Promition Items\",\"publisher\":{\"@id\":\"https:\\\/\\\/tonysourcing.com\\\/#organization\"},\"potentialAction\":[{\"@type\":\"SearchAction\",\"target\":{\"@type\":\"EntryPoint\",\"urlTemplate\":\"https:\\\/\\\/tonysourcing.com\\\/?s={search_term_string}\"},\"query-input\":{\"@type\":\"PropertyValueSpecification\",\"valueRequired\":true,\"valueName\":\"search_term_string\"}}],\"inLanguage\":\"es\"},{\"@type\":\"Organization\",\"@id\":\"https:\\\/\\\/tonysourcing.com\\\/#organization\",\"name\":\"Yiwu Zongge\",\"url\":\"https:\\\/\\\/tonysourcing.com\\\/\",\"logo\":{\"@type\":\"ImageObject\",\"inLanguage\":\"es\",\"@id\":\"https:\\\/\\\/tonysourcing.com\\\/#\\\/schema\\\/logo\\\/image\\\/\",\"url\":\"https:\\\/\\\/tonysourcing.com\\\/wp-content\\\/uploads\\\/2021\\\/07\\\/cropped-TonySourcing-logo-1.png\",\"contentUrl\":\"https:\\\/\\\/tonysourcing.com\\\/wp-content\\\/uploads\\\/2021\\\/07\\\/cropped-TonySourcing-logo-1.png\",\"width\":300,\"height\":92,\"caption\":\"Yiwu Zongge\"},\"image\":{\"@id\":\"https:\\\/\\\/tonysourcing.com\\\/#\\\/schema\\\/logo\\\/image\\\/\"},\"sameAs\":[\"https:\\\/\\\/www.facebook.com\\\/TonySourcing\",\"https:\\\/\\\/x.com\\\/TonySourcing\",\"https:\\\/\\\/www.instagram.com\\\/tony_sourcing\\\/\",\"http:\\\/\\\/www.linkedin.com\\\/in\\\/tonychen88\",\"https:\\\/\\\/www.youtube.com\\\/channel\\\/UCZfST1M-NDoqjQ3dB-Tzszg\"]}]}<\/script>\n<!-- \/ Yoast SEO plugin. -->","yoast_head_json":{"title":"Barbacoa redonda con ruedas - Importaci\u00f3n al por mayor directamente del fabricante","description":"Importe barbacoa redonda con ruedas del fabricante chino, buen producto y buen precio, comun\u00edquese con TonySourcing para obtener el cat\u00e1logo hoy.","robots":{"index":"index","follow":"follow","max-snippet":"max-snippet:-1","max-image-preview":"max-image-preview:large","max-video-preview":"max-video-preview:-1"},"canonical":"https:\/\/tonysourcing.com\/es\/al-por-mayor\/barbacoa-redonda-con-ruedas\/","og_locale":"es_ES","og_type":"article","og_title":"Round barbecue with wheels - Import Wholesale Directly From Manufacturer","og_description":"Import Round barbecue with wheels from China Manufacturer, Good Product and Good Price, Contact TonySourcing for Catalog today.","og_url":"https:\/\/tonysourcing.com\/es\/al-por-mayor\/barbacoa-redonda-con-ruedas\/","og_site_name":"TonySourcing","article_publisher":"https:\/\/www.facebook.com\/TonySourcing","og_image":[{"width":700,"height":807,"url":"https:\/\/tonysourcing.com\/wp-content\/uploads\/2021\/11\/apvali-sodo-kepsnine-su-ratais.png","type":"image\/png"}],"twitter_card":"summary_large_image","twitter_site":"@TonySourcing","twitter_misc":{"Tiempo de lectura":"1 minuto"},"schema":{"@context":"https:\/\/schema.org","@graph":[{"@type":"WebPage","@id":"https:\/\/tonysourcing.com\/wholesale\/round-barbecue-with-wheels\/","url":"https:\/\/tonysourcing.com\/wholesale\/round-barbecue-with-wheels\/","name":"Barbacoa redonda con ruedas - Importaci\u00f3n al por mayor directamente del fabricante","isPartOf":{"@id":"https:\/\/tonysourcing.com\/#website"},"primaryImageOfPage":{"@id":"https:\/\/tonysourcing.com\/wholesale\/round-barbecue-with-wheels\/#primaryimage"},"image":{"@id":"https:\/\/tonysourcing.com\/wholesale\/round-barbecue-with-wheels\/#primaryimage"},"thumbnailUrl":"https:\/\/tonysourcing.com\/wp-content\/uploads\/2021\/11\/apvali-sodo-kepsnine-su-ratais.png","datePublished":"2021-11-29T07:08:33+00:00","description":"Importe barbacoa redonda con ruedas del fabricante chino, buen producto y buen precio, comun\u00edquese con TonySourcing para obtener el cat\u00e1logo hoy.","breadcrumb":{"@id":"https:\/\/tonysourcing.com\/wholesale\/round-barbecue-with-wheels\/#breadcrumb"},"inLanguage":"es","potentialAction":[{"@type":"ReadAction","target":["https:\/\/tonysourcing.com\/wholesale\/round-barbecue-with-wheels\/"]}]},{"@type":"ImageObject","inLanguage":"es","@id":"https:\/\/tonysourcing.com\/wholesale\/round-barbecue-with-wheels\/#primaryimage","url":"https:\/\/tonysourcing.com\/wp-content\/uploads\/2021\/11\/apvali-sodo-kepsnine-su-ratais.png","contentUrl":"https:\/\/tonysourcing.com\/wp-content\/uploads\/2021\/11\/apvali-sodo-kepsnine-su-ratais.png","width":700,"height":807,"caption":"apvali-sodo-kepsnine-su-ratais"},{"@type":"BreadcrumbList","@id":"https:\/\/tonysourcing.com\/wholesale\/round-barbecue-with-wheels\/#breadcrumb","itemListElement":[{"@type":"ListItem","position":1,"name":"Home","item":"https:\/\/tonysourcing.com\/"},{"@type":"ListItem","position":2,"name":"Wholesale","item":"https:\/\/tonysourcing.com\/wholesale\/"},{"@type":"ListItem","position":3,"name":"Round barbecue with wheels"}]},{"@type":"WebSite","@id":"https:\/\/tonysourcing.com\/#website","url":"https:\/\/tonysourcing.com\/","name":"TonySourcing","description":"Distribuidor mayorista de juguetes y art\u00edculos en promoci\u00f3n en China","publisher":{"@id":"https:\/\/tonysourcing.com\/#organization"},"potentialAction":[{"@type":"SearchAction","target":{"@type":"EntryPoint","urlTemplate":"https:\/\/tonysourcing.com\/?s={search_term_string}"},"query-input":{"@type":"PropertyValueSpecification","valueRequired":true,"valueName":"search_term_string"}}],"inLanguage":"es"},{"@type":"Organization","@id":"https:\/\/tonysourcing.com\/#organization","name":"Yiwu Zongge","url":"https:\/\/tonysourcing.com\/","logo":{"@type":"ImageObject","inLanguage":"es","@id":"https:\/\/tonysourcing.com\/#\/schema\/logo\/image\/","url":"https:\/\/tonysourcing.com\/wp-content\/uploads\/2021\/07\/cropped-TonySourcing-logo-1.png","contentUrl":"https:\/\/tonysourcing.com\/wp-content\/uploads\/2021\/07\/cropped-TonySourcing-logo-1.png","width":300,"height":92,"caption":"Yiwu Zongge"},"image":{"@id":"https:\/\/tonysourcing.com\/#\/schema\/logo\/image\/"},"sameAs":["https:\/\/www.facebook.com\/TonySourcing","https:\/\/x.com\/TonySourcing","https:\/\/www.instagram.com\/tony_sourcing\/","http:\/\/www.linkedin.com\/in\/tonychen88","https:\/\/www.youtube.com\/channel\/UCZfST1M-NDoqjQ3dB-Tzszg"]}]}},"_links":{"self":[{"href":"https:\/\/tonysourcing.com\/es\/wp-json\/wp\/v2\/product\/13108","targetHints":{"allow":["GET"]}}],"collection":[{"href":"https:\/\/tonysourcing.com\/es\/wp-json\/wp\/v2\/product"}],"about":[{"href":"https:\/\/tonysourcing.com\/es\/wp-json\/wp\/v2\/types\/product"}],"version-history":[{"count":1,"href":"https:\/\/tonysourcing.com\/es\/wp-json\/wp\/v2\/product\/13108\/revisions"}],"predecessor-version":[{"id":13115,"href":"https:\/\/tonysourcing.com\/es\/wp-json\/wp\/v2\/product\/13108\/revisions\/13115"}],"wp:featuredmedia":[{"embeddable":true,"href":"https:\/\/tonysourcing.com\/es\/wp-json\/wp\/v2\/media\/13111"}],"wp:attachment":[{"href":"https:\/\/tonysourcing.com\/es\/wp-json\/wp\/v2\/media?parent=13108"}],"wp:term":[{"taxonomy":"product_brand","embeddable":true,"href":"https:\/\/tonysourcing.com\/es\/wp-json\/wp\/v2\/product_brand?post=13108"},{"taxonomy":"product_cat","embeddable":true,"href":"https:\/\/tonysourcing.com\/es\/wp-json\/wp\/v2\/product_cat?post=13108"},{"taxonomy":"product_tag","embeddable":true,"href":"https:\/\/tonysourcing.com\/es\/wp-json\/wp\/v2\/product_tag?post=13108"}],"curies":[{"name":"gracias","href":"https:\/\/api.w.org\/{rel}","templated":true}]}}