{"id":13110,"date":"2021-11-29T07:16:14","date_gmt":"2021-11-29T07:16:14","guid":{"rendered":"https:\/\/tonysourcing.com\/?post_type=product&#038;p=13110"},"modified":"2021-11-29T09:21:11","modified_gmt":"2021-11-29T09:21:11","slug":"tool-sterilizer-100w","status":"publish","type":"product","link":"https:\/\/tonysourcing.com\/es\/wholesale\/tool-sterilizer-100w\/","title":{"rendered":"Esterilizador de herramientas 100W"},"content":{"rendered":"<p>Professional ball sterilizer for decontamination of metal tools such as tweezers, scissors or pliers. Instantly removes all microorganisms, bacteria and fungi from tools. Perfect for sterilizing tools in hairdressers and beauty salons. For cleaning, it uses special glass balls heated to 175 degrees.<\/p>\n<p>&nbsp;<\/p>\n<p><strong>Caracter\u00edsticas del producto:<\/strong><\/p>\n<ul>\n<li>Esterilizador de bolas para descontaminaci\u00f3n de herramientas met\u00e1licas.<\/li>\n<li>Configuraci\u00f3n r\u00e1pida y f\u00e1cil de usar.<\/li>\n<li>Elimina instant\u00e1neamente microorganismos, bacterias y hongos.<\/li>\n<li>Para la esterilizaci\u00f3n se utilizan perlas de vidrio calentadas.<\/li>\n<\/ul>\n<p><strong>Especificaci\u00f3n:<\/strong><\/p>\n<ul>\n<li>Material: pl\u00e1stico + acero<\/li>\n<li>Alimentaci\u00f3n: red el\u00e9ctrica 230 V<\/li>\n<li>Potencia: 100W<\/li>\n<li>Temperatura de funcionamiento: 175 grados Celsius<\/li>\n<li>Tiempo de esterilizaci\u00f3n: 30 a 60 segundos<\/li>\n<li>Bot\u00f3n de encendido f\u00edsico (E\/S)<\/li>\n<li>Altura: 16,5 cm<\/li>\n<li>Di\u00e1metro (fondo): 16 cm<\/li>\n<li>Di\u00e1metro (superior): 12,5 cm<\/li>\n<li>Dimensiones del tanque: 4,5 cm x 7 cm<\/li>\n<li>Color blanco<\/li>\n<\/ul>\n<div class=\"product-dimensions\">\n<h3 class=\"h6\">Pakuot\u0117s informacija<\/h3>\n<ul class=\"data-sheet\">\n<li><strong>Pakuot\u0117s plotis:<\/strong>\u00a016.5 cm<\/li>\n<li><strong>Pakuot\u0117s auk\u0161tis:<\/strong>\u00a016.5 cm<\/li>\n<li><strong>Pakuot\u0117s gylis:<\/strong>\u00a017 cm<\/li>\n<li><strong>Pakuot\u0117s svoris:<\/strong>\u00a00.6 kg<\/li>\n<\/ul>\n<\/div>","protected":false},"excerpt":{"rendered":"<ul>\n<li>Art\u00edculo n.\u00b0 AL07<\/li>\n<li>Esterilizador de bolas para descontaminaci\u00f3n de herramientas met\u00e1licas.<\/li>\n<li>Configuraci\u00f3n r\u00e1pida y f\u00e1cil de usar.<\/li>\n<li>Elimina instant\u00e1neamente microorganismos, bacterias y hongos.<\/li>\n<li>Para la esterilizaci\u00f3n se utilizan perlas de vidrio calentadas.<\/li>\n<li>Material: pl\u00e1stico + acero<\/li>\n<li>Alimentaci\u00f3n: red el\u00e9ctrica 230 V<\/li>\n<li>Potencia: 100W<\/li>\n<li>Temperatura de funcionamiento: 175 grados Celsius<\/li>\n<li>Tiempo de esterilizaci\u00f3n: 30 a 60 segundos<\/li>\n<li>Bot\u00f3n de encendido f\u00edsico (E\/S)<\/li>\n<li>Altura: 16,5 cm<\/li>\n<li>Di\u00e1metro (fondo): 16 cm<\/li>\n<li>Di\u00e1metro (superior): 12,5 cm<\/li>\n<li>Dimensiones del tanque: 4,5 cm x 7 cm<\/li>\n<li>Color blanco<\/li>\n<\/ul>","protected":false},"featured_media":13116,"template":"","meta":{"_kad_post_transparent":"","_kad_post_title":"","_kad_post_layout":"","_kad_post_sidebar_id":"","_kad_post_content_style":"","_kad_post_vertical_padding":"","_kad_post_feature":"","_kad_post_feature_position":"","_kad_post_header":false,"_kad_post_footer":false},"product_brand":[],"product_cat":[1540],"product_tag":[],"class_list":{"0":"post-13110","1":"product","2":"type-product","3":"status-publish","4":"has-post-thumbnail","6":"product_cat-haircare-products","8":"first","9":"instock","10":"shipping-taxable","11":"product-type-simple","12":"entry","13":"content-bg","14":"loop-entry"},"yoast_head":"<!-- This site is optimized with the Yoast SEO plugin v27.4 - https:\/\/yoast.com\/product\/yoast-seo-wordpress\/ -->\n<title>Tool sterilizer 100W- Import Toys Wholesale Directly From Manufacturer<\/title>\n<meta name=\"description\" content=\"Import Tool sterilizer 100W from China Manufacturer, Good Product and Good Price, Contact TonySourcing for Catalog today.\" \/>\n<meta name=\"robots\" content=\"index, follow, max-snippet:-1, max-image-preview:large, max-video-preview:-1\" \/>\n<link rel=\"canonical\" href=\"https:\/\/tonysourcing.com\/es\/al-por-mayor\/tool-sterilizer-100w\/\" \/>\n<meta property=\"og:locale\" content=\"es_ES\" \/>\n<meta property=\"og:type\" content=\"article\" \/>\n<meta property=\"og:title\" content=\"Tool sterilizer 100W- Import Toys Wholesale Directly From Manufacturer\" \/>\n<meta property=\"og:description\" content=\"Import Tool sterilizer 100W from China Manufacturer, Good Product and Good Price, Contact TonySourcing for Catalog today.\" \/>\n<meta property=\"og:url\" content=\"https:\/\/tonysourcing.com\/es\/al-por-mayor\/tool-sterilizer-100w\/\" \/>\n<meta property=\"og:site_name\" content=\"TonySourcing\" \/>\n<meta property=\"article:publisher\" content=\"https:\/\/www.facebook.com\/TonySourcing\" \/>\n<meta property=\"article:modified_time\" content=\"2021-11-29T09:21:11+00:00\" \/>\n<meta property=\"og:image\" content=\"https:\/\/tonysourcing.com\/wp-content\/uploads\/2021\/11\/irankiu-sterilizatorius.jpg\" \/>\n\t<meta property=\"og:image:width\" content=\"700\" \/>\n\t<meta property=\"og:image:height\" content=\"807\" \/>\n\t<meta property=\"og:image:type\" content=\"image\/jpeg\" \/>\n<meta name=\"twitter:card\" content=\"summary_large_image\" \/>\n<meta name=\"twitter:site\" content=\"@TonySourcing\" \/>\n<meta name=\"twitter:label1\" content=\"Tiempo de lectura\" \/>\n\t<meta name=\"twitter:data1\" content=\"1 minuto\" \/>\n<script type=\"application\/ld+json\" class=\"yoast-schema-graph\">{\"@context\":\"https:\\\/\\\/schema.org\",\"@graph\":[{\"@type\":\"WebPage\",\"@id\":\"https:\\\/\\\/tonysourcing.com\\\/wholesale\\\/tool-sterilizer-100w\\\/\",\"url\":\"https:\\\/\\\/tonysourcing.com\\\/wholesale\\\/tool-sterilizer-100w\\\/\",\"name\":\"Tool sterilizer 100W- Import Toys Wholesale Directly From Manufacturer\",\"isPartOf\":{\"@id\":\"https:\\\/\\\/tonysourcing.com\\\/#website\"},\"primaryImageOfPage\":{\"@id\":\"https:\\\/\\\/tonysourcing.com\\\/wholesale\\\/tool-sterilizer-100w\\\/#primaryimage\"},\"image\":{\"@id\":\"https:\\\/\\\/tonysourcing.com\\\/wholesale\\\/tool-sterilizer-100w\\\/#primaryimage\"},\"thumbnailUrl\":\"https:\\\/\\\/tonysourcing.com\\\/wp-content\\\/uploads\\\/2021\\\/11\\\/irankiu-sterilizatorius.jpg\",\"datePublished\":\"2021-11-29T07:16:14+00:00\",\"dateModified\":\"2021-11-29T09:21:11+00:00\",\"description\":\"Import Tool sterilizer 100W from China Manufacturer, Good Product and Good Price, Contact TonySourcing for Catalog today.\",\"breadcrumb\":{\"@id\":\"https:\\\/\\\/tonysourcing.com\\\/wholesale\\\/tool-sterilizer-100w\\\/#breadcrumb\"},\"inLanguage\":\"es\",\"potentialAction\":[{\"@type\":\"ReadAction\",\"target\":[\"https:\\\/\\\/tonysourcing.com\\\/wholesale\\\/tool-sterilizer-100w\\\/\"]}]},{\"@type\":\"ImageObject\",\"inLanguage\":\"es\",\"@id\":\"https:\\\/\\\/tonysourcing.com\\\/wholesale\\\/tool-sterilizer-100w\\\/#primaryimage\",\"url\":\"https:\\\/\\\/tonysourcing.com\\\/wp-content\\\/uploads\\\/2021\\\/11\\\/irankiu-sterilizatorius.jpg\",\"contentUrl\":\"https:\\\/\\\/tonysourcing.com\\\/wp-content\\\/uploads\\\/2021\\\/11\\\/irankiu-sterilizatorius.jpg\",\"width\":700,\"height\":807,\"caption\":\"irankiu-sterilizatorius\"},{\"@type\":\"BreadcrumbList\",\"@id\":\"https:\\\/\\\/tonysourcing.com\\\/wholesale\\\/tool-sterilizer-100w\\\/#breadcrumb\",\"itemListElement\":[{\"@type\":\"ListItem\",\"position\":1,\"name\":\"Home\",\"item\":\"https:\\\/\\\/tonysourcing.com\\\/\"},{\"@type\":\"ListItem\",\"position\":2,\"name\":\"Wholesale\",\"item\":\"https:\\\/\\\/tonysourcing.com\\\/wholesale\\\/\"},{\"@type\":\"ListItem\",\"position\":3,\"name\":\"Tool sterilizer 100W\"}]},{\"@type\":\"WebSite\",\"@id\":\"https:\\\/\\\/tonysourcing.com\\\/#website\",\"url\":\"https:\\\/\\\/tonysourcing.com\\\/\",\"name\":\"TonySourcing\",\"description\":\"Toys Wholesale Distributor &amp; China Promition Items\",\"publisher\":{\"@id\":\"https:\\\/\\\/tonysourcing.com\\\/#organization\"},\"potentialAction\":[{\"@type\":\"SearchAction\",\"target\":{\"@type\":\"EntryPoint\",\"urlTemplate\":\"https:\\\/\\\/tonysourcing.com\\\/?s={search_term_string}\"},\"query-input\":{\"@type\":\"PropertyValueSpecification\",\"valueRequired\":true,\"valueName\":\"search_term_string\"}}],\"inLanguage\":\"es\"},{\"@type\":\"Organization\",\"@id\":\"https:\\\/\\\/tonysourcing.com\\\/#organization\",\"name\":\"Yiwu Zongge\",\"url\":\"https:\\\/\\\/tonysourcing.com\\\/\",\"logo\":{\"@type\":\"ImageObject\",\"inLanguage\":\"es\",\"@id\":\"https:\\\/\\\/tonysourcing.com\\\/#\\\/schema\\\/logo\\\/image\\\/\",\"url\":\"https:\\\/\\\/tonysourcing.com\\\/wp-content\\\/uploads\\\/2021\\\/07\\\/cropped-TonySourcing-logo-1.png\",\"contentUrl\":\"https:\\\/\\\/tonysourcing.com\\\/wp-content\\\/uploads\\\/2021\\\/07\\\/cropped-TonySourcing-logo-1.png\",\"width\":300,\"height\":92,\"caption\":\"Yiwu Zongge\"},\"image\":{\"@id\":\"https:\\\/\\\/tonysourcing.com\\\/#\\\/schema\\\/logo\\\/image\\\/\"},\"sameAs\":[\"https:\\\/\\\/www.facebook.com\\\/TonySourcing\",\"https:\\\/\\\/x.com\\\/TonySourcing\",\"https:\\\/\\\/www.instagram.com\\\/tony_sourcing\\\/\",\"http:\\\/\\\/www.linkedin.com\\\/in\\\/tonychen88\",\"https:\\\/\\\/www.youtube.com\\\/channel\\\/UCZfST1M-NDoqjQ3dB-Tzszg\"]}]}<\/script>\n<!-- \/ Yoast SEO plugin. -->","yoast_head_json":{"title":"Tool sterilizer 100W- Import Toys Wholesale Directly From Manufacturer","description":"Import Tool sterilizer 100W from China Manufacturer, Good Product and Good Price, Contact TonySourcing for Catalog today.","robots":{"index":"index","follow":"follow","max-snippet":"max-snippet:-1","max-image-preview":"max-image-preview:large","max-video-preview":"max-video-preview:-1"},"canonical":"https:\/\/tonysourcing.com\/es\/al-por-mayor\/tool-sterilizer-100w\/","og_locale":"es_ES","og_type":"article","og_title":"Tool sterilizer 100W- Import Toys Wholesale Directly From Manufacturer","og_description":"Import Tool sterilizer 100W from China Manufacturer, Good Product and Good Price, Contact TonySourcing for Catalog today.","og_url":"https:\/\/tonysourcing.com\/es\/al-por-mayor\/tool-sterilizer-100w\/","og_site_name":"TonySourcing","article_publisher":"https:\/\/www.facebook.com\/TonySourcing","article_modified_time":"2021-11-29T09:21:11+00:00","og_image":[{"width":700,"height":807,"url":"https:\/\/tonysourcing.com\/wp-content\/uploads\/2021\/11\/irankiu-sterilizatorius.jpg","type":"image\/jpeg"}],"twitter_card":"summary_large_image","twitter_site":"@TonySourcing","twitter_misc":{"Tiempo de lectura":"1 minuto"},"schema":{"@context":"https:\/\/schema.org","@graph":[{"@type":"WebPage","@id":"https:\/\/tonysourcing.com\/wholesale\/tool-sterilizer-100w\/","url":"https:\/\/tonysourcing.com\/wholesale\/tool-sterilizer-100w\/","name":"Tool sterilizer 100W- Import Toys Wholesale Directly From Manufacturer","isPartOf":{"@id":"https:\/\/tonysourcing.com\/#website"},"primaryImageOfPage":{"@id":"https:\/\/tonysourcing.com\/wholesale\/tool-sterilizer-100w\/#primaryimage"},"image":{"@id":"https:\/\/tonysourcing.com\/wholesale\/tool-sterilizer-100w\/#primaryimage"},"thumbnailUrl":"https:\/\/tonysourcing.com\/wp-content\/uploads\/2021\/11\/irankiu-sterilizatorius.jpg","datePublished":"2021-11-29T07:16:14+00:00","dateModified":"2021-11-29T09:21:11+00:00","description":"Import Tool sterilizer 100W from China Manufacturer, Good Product and Good Price, Contact TonySourcing for Catalog today.","breadcrumb":{"@id":"https:\/\/tonysourcing.com\/wholesale\/tool-sterilizer-100w\/#breadcrumb"},"inLanguage":"es","potentialAction":[{"@type":"ReadAction","target":["https:\/\/tonysourcing.com\/wholesale\/tool-sterilizer-100w\/"]}]},{"@type":"ImageObject","inLanguage":"es","@id":"https:\/\/tonysourcing.com\/wholesale\/tool-sterilizer-100w\/#primaryimage","url":"https:\/\/tonysourcing.com\/wp-content\/uploads\/2021\/11\/irankiu-sterilizatorius.jpg","contentUrl":"https:\/\/tonysourcing.com\/wp-content\/uploads\/2021\/11\/irankiu-sterilizatorius.jpg","width":700,"height":807,"caption":"irankiu-sterilizatorius"},{"@type":"BreadcrumbList","@id":"https:\/\/tonysourcing.com\/wholesale\/tool-sterilizer-100w\/#breadcrumb","itemListElement":[{"@type":"ListItem","position":1,"name":"Home","item":"https:\/\/tonysourcing.com\/"},{"@type":"ListItem","position":2,"name":"Wholesale","item":"https:\/\/tonysourcing.com\/wholesale\/"},{"@type":"ListItem","position":3,"name":"Tool sterilizer 100W"}]},{"@type":"WebSite","@id":"https:\/\/tonysourcing.com\/#website","url":"https:\/\/tonysourcing.com\/","name":"TonySourcing","description":"Distribuidor mayorista de juguetes y art\u00edculos en promoci\u00f3n en China","publisher":{"@id":"https:\/\/tonysourcing.com\/#organization"},"potentialAction":[{"@type":"SearchAction","target":{"@type":"EntryPoint","urlTemplate":"https:\/\/tonysourcing.com\/?s={search_term_string}"},"query-input":{"@type":"PropertyValueSpecification","valueRequired":true,"valueName":"search_term_string"}}],"inLanguage":"es"},{"@type":"Organization","@id":"https:\/\/tonysourcing.com\/#organization","name":"Yiwu Zongge","url":"https:\/\/tonysourcing.com\/","logo":{"@type":"ImageObject","inLanguage":"es","@id":"https:\/\/tonysourcing.com\/#\/schema\/logo\/image\/","url":"https:\/\/tonysourcing.com\/wp-content\/uploads\/2021\/07\/cropped-TonySourcing-logo-1.png","contentUrl":"https:\/\/tonysourcing.com\/wp-content\/uploads\/2021\/07\/cropped-TonySourcing-logo-1.png","width":300,"height":92,"caption":"Yiwu Zongge"},"image":{"@id":"https:\/\/tonysourcing.com\/#\/schema\/logo\/image\/"},"sameAs":["https:\/\/www.facebook.com\/TonySourcing","https:\/\/x.com\/TonySourcing","https:\/\/www.instagram.com\/tony_sourcing\/","http:\/\/www.linkedin.com\/in\/tonychen88","https:\/\/www.youtube.com\/channel\/UCZfST1M-NDoqjQ3dB-Tzszg"]}]}},"_links":{"self":[{"href":"https:\/\/tonysourcing.com\/es\/wp-json\/wp\/v2\/product\/13110","targetHints":{"allow":["GET"]}}],"collection":[{"href":"https:\/\/tonysourcing.com\/es\/wp-json\/wp\/v2\/product"}],"about":[{"href":"https:\/\/tonysourcing.com\/es\/wp-json\/wp\/v2\/types\/product"}],"version-history":[{"count":2,"href":"https:\/\/tonysourcing.com\/es\/wp-json\/wp\/v2\/product\/13110\/revisions"}],"predecessor-version":[{"id":13204,"href":"https:\/\/tonysourcing.com\/es\/wp-json\/wp\/v2\/product\/13110\/revisions\/13204"}],"wp:featuredmedia":[{"embeddable":true,"href":"https:\/\/tonysourcing.com\/es\/wp-json\/wp\/v2\/media\/13116"}],"wp:attachment":[{"href":"https:\/\/tonysourcing.com\/es\/wp-json\/wp\/v2\/media?parent=13110"}],"wp:term":[{"taxonomy":"product_brand","embeddable":true,"href":"https:\/\/tonysourcing.com\/es\/wp-json\/wp\/v2\/product_brand?post=13110"},{"taxonomy":"product_cat","embeddable":true,"href":"https:\/\/tonysourcing.com\/es\/wp-json\/wp\/v2\/product_cat?post=13110"},{"taxonomy":"product_tag","embeddable":true,"href":"https:\/\/tonysourcing.com\/es\/wp-json\/wp\/v2\/product_tag?post=13110"}],"curies":[{"name":"gracias","href":"https:\/\/api.w.org\/{rel}","templated":true}]}}