{"id":13211,"date":"2021-11-30T01:26:41","date_gmt":"2021-11-30T01:26:41","guid":{"rendered":"https:\/\/tonysourcing.com\/?post_type=product&#038;p=13211"},"modified":"2021-11-30T01:26:42","modified_gmt":"2021-11-30T01:26:42","slug":"juego-de-ollas-de-12-piezas-eiger-konig-con-accesorios","status":"publish","type":"product","link":"https:\/\/tonysourcing.com\/es\/wholesale\/12-piece-pot-set-eiger-konig-with-accessories\/","title":{"rendered":"Juego de ollas de 12 piezas Eiger &amp; Konig con accesorios"},"content":{"rendered":"<p>Fabricados en acero inoxidable de alta calidad para una distribuci\u00f3n uniforme del calor. Los ingredientes de este juego de platos calientan la comida r\u00e1pidamente y mantienen la temperatura durante m\u00e1s tiempo.<\/p>\n<p>Apto para todo tipo de electrodom\u00e9sticos: cocinas el\u00e9ctricas, de gas, vitrocer\u00e1mica, hal\u00f3genas y de inducci\u00f3n.<\/p>\n<p>Con un contenido m\u00ednimo de agua y grasa, los alimentos saludables preparados conservan vitaminas, minerales y sabores naturales. El borde para el llenado pr\u00e1cticamente evita derrames. Adem\u00e1s, cuenta con asas ergon\u00f3micas que no se calientan.<\/p>\n<p>F\u00e1cil de usar y a\u00fan m\u00e1s f\u00e1cil de limpiar, ya que la comida y la grasa no se acumulan en los bordes. Es pr\u00e1ctico, atractivo y apto para lavavajillas.<\/p>\n<p>&nbsp;<\/p>\n<p><strong>Caracter\u00edsticas:<\/strong><\/p>\n<ul>\n<li>Fondo 0,5 mm + 1,0 mm hierro + 0,5 mm con 5 pasos (fondo inductivo)<\/li>\n<li>Mango \u2013 Mango de acero inoxidable con remaches<\/li>\n<li>tapa de vidrio<\/li>\n<\/ul>\n<p>&nbsp;<\/p>\n<p><strong>En el conjunto:<\/strong><\/p>\n<ul>\n<li>Olla de 16 x 10,5 cm con tapa (2,0 l)<\/li>\n<li>Olla de 16 x 10,5 cm con tapa (2,0 l)<\/li>\n<li>Olla de 18 x 11,5 cm con tapa (2,7 L)<\/li>\n<li>Olla de 20 x 12,5 cm con tapa (3,6 l)<\/li>\n<li>Olla de 24 x 14,5 cm con tapa (6 L)<\/li>\n<li>Olla de 24 x 7,5 cm con tapa (3,0 l) (interior con dise\u00f1o)<\/li>\n<li>4 piezas de accesorios de nailon (2 cucharas, esp\u00e1tula, colador)<\/li>\n<li>1 alfombrilla de baquelita<\/li>\n<\/ul>","protected":false},"excerpt":{"rendered":"<p>ART\u00cdCULO N.\u00ba ZJ112629<\/p>\n<p><strong>En el conjunto:<\/strong><\/p>\n<ul>\n<li>Olla de 16 x 10,5 cm con tapa (2,0 l)<\/li>\n<li>Olla de 16 x 10,5 cm con tapa (2,0 l)<\/li>\n<li>Olla de 18 x 11,5 cm con tapa (2,7 L)<\/li>\n<li>Olla de 20 x 12,5 cm con tapa (3,6 l)<\/li>\n<li>Olla de 24 x 14,5 cm con tapa (6 L)<\/li>\n<li>Olla de 24 x 7,5 cm con tapa (3,0 l) (interior con dise\u00f1o)<\/li>\n<li>4 piezas de accesorios de nailon (2 cucharas, esp\u00e1tula, colador)<\/li>\n<li>1 alfombrilla de baquelita<\/li>\n<\/ul>","protected":false},"featured_media":13213,"template":"","meta":{"_kad_post_transparent":"","_kad_post_title":"","_kad_post_layout":"","_kad_post_sidebar_id":"","_kad_post_content_style":"","_kad_post_vertical_padding":"","_kad_post_feature":"","_kad_post_feature_position":"","_kad_post_header":false,"_kad_post_footer":false},"product_brand":[],"product_cat":[1544],"product_tag":[],"class_list":{"0":"post-13211","1":"product","2":"type-product","3":"status-publish","4":"has-post-thumbnail","6":"product_cat-kitchen-and-tableware","8":"first","9":"instock","10":"shipping-taxable","11":"product-type-simple","12":"entry","13":"content-bg","14":"loop-entry"},"yoast_head":"<!-- This site is optimized with the Yoast SEO plugin v27.4 - https:\/\/yoast.com\/product\/yoast-seo-wordpress\/ -->\n<title>12-piece pot set Eiger &amp; Konig with accessories - Import Wholesale Directly From Manufacturer<\/title>\n<meta name=\"description\" content=\"Import 12-piece pot set Eiger &amp; Konig with accessories from China Manufacturer, Good Product and Good Price, Contact TonySourcing for Catalog today.\" \/>\n<meta name=\"robots\" content=\"index, follow, max-snippet:-1, max-image-preview:large, max-video-preview:-1\" \/>\n<link rel=\"canonical\" href=\"https:\/\/tonysourcing.com\/es\/al-por-mayor\/juego-de-ollas-de-12-piezas-eiger-konig-con-accesorios\/\" \/>\n<meta property=\"og:locale\" content=\"es_ES\" \/>\n<meta property=\"og:type\" content=\"article\" \/>\n<meta property=\"og:title\" content=\"12-piece pot set Eiger &amp; Konig with accessories - Import Wholesale Directly From Manufacturer\" \/>\n<meta property=\"og:description\" content=\"Import 12-piece pot set Eiger &amp; Konig with accessories from China Manufacturer, Good Product and Good Price, Contact TonySourcing for Catalog today.\" \/>\n<meta property=\"og:url\" content=\"https:\/\/tonysourcing.com\/es\/al-por-mayor\/juego-de-ollas-de-12-piezas-eiger-konig-con-accesorios\/\" \/>\n<meta property=\"og:site_name\" content=\"TonySourcing\" \/>\n<meta property=\"article:publisher\" content=\"https:\/\/www.facebook.com\/TonySourcing\" \/>\n<meta property=\"article:modified_time\" content=\"2021-11-30T01:26:42+00:00\" \/>\n<meta property=\"og:image\" content=\"https:\/\/tonysourcing.com\/wp-content\/uploads\/2021\/11\/16-daliu-puodu-rinkinys-eigerkonig.jpg\" \/>\n\t<meta property=\"og:image:width\" content=\"700\" \/>\n\t<meta property=\"og:image:height\" content=\"807\" \/>\n\t<meta property=\"og:image:type\" content=\"image\/jpeg\" \/>\n<meta name=\"twitter:card\" content=\"summary_large_image\" \/>\n<meta name=\"twitter:site\" content=\"@TonySourcing\" \/>\n<meta name=\"twitter:label1\" content=\"Tiempo de lectura\" \/>\n\t<meta name=\"twitter:data1\" content=\"1 minuto\" \/>\n<script type=\"application\/ld+json\" class=\"yoast-schema-graph\">{\"@context\":\"https:\\\/\\\/schema.org\",\"@graph\":[{\"@type\":\"WebPage\",\"@id\":\"https:\\\/\\\/tonysourcing.com\\\/wholesale\\\/12-piece-pot-set-eiger-konig-with-accessories\\\/\",\"url\":\"https:\\\/\\\/tonysourcing.com\\\/wholesale\\\/12-piece-pot-set-eiger-konig-with-accessories\\\/\",\"name\":\"12-piece pot set Eiger & Konig with accessories - Import Wholesale Directly From Manufacturer\",\"isPartOf\":{\"@id\":\"https:\\\/\\\/tonysourcing.com\\\/#website\"},\"primaryImageOfPage\":{\"@id\":\"https:\\\/\\\/tonysourcing.com\\\/wholesale\\\/12-piece-pot-set-eiger-konig-with-accessories\\\/#primaryimage\"},\"image\":{\"@id\":\"https:\\\/\\\/tonysourcing.com\\\/wholesale\\\/12-piece-pot-set-eiger-konig-with-accessories\\\/#primaryimage\"},\"thumbnailUrl\":\"https:\\\/\\\/tonysourcing.com\\\/wp-content\\\/uploads\\\/2021\\\/11\\\/16-daliu-puodu-rinkinys-eigerkonig.jpg\",\"datePublished\":\"2021-11-30T01:26:41+00:00\",\"dateModified\":\"2021-11-30T01:26:42+00:00\",\"description\":\"Import 12-piece pot set Eiger & Konig with accessories from China Manufacturer, Good Product and Good Price, Contact TonySourcing for Catalog today.\",\"breadcrumb\":{\"@id\":\"https:\\\/\\\/tonysourcing.com\\\/wholesale\\\/12-piece-pot-set-eiger-konig-with-accessories\\\/#breadcrumb\"},\"inLanguage\":\"es\",\"potentialAction\":[{\"@type\":\"ReadAction\",\"target\":[\"https:\\\/\\\/tonysourcing.com\\\/wholesale\\\/12-piece-pot-set-eiger-konig-with-accessories\\\/\"]}]},{\"@type\":\"ImageObject\",\"inLanguage\":\"es\",\"@id\":\"https:\\\/\\\/tonysourcing.com\\\/wholesale\\\/12-piece-pot-set-eiger-konig-with-accessories\\\/#primaryimage\",\"url\":\"https:\\\/\\\/tonysourcing.com\\\/wp-content\\\/uploads\\\/2021\\\/11\\\/16-daliu-puodu-rinkinys-eigerkonig.jpg\",\"contentUrl\":\"https:\\\/\\\/tonysourcing.com\\\/wp-content\\\/uploads\\\/2021\\\/11\\\/16-daliu-puodu-rinkinys-eigerkonig.jpg\",\"width\":700,\"height\":807,\"caption\":\"16-daliu-puodu-rinkinys-eigerkonig\"},{\"@type\":\"BreadcrumbList\",\"@id\":\"https:\\\/\\\/tonysourcing.com\\\/wholesale\\\/12-piece-pot-set-eiger-konig-with-accessories\\\/#breadcrumb\",\"itemListElement\":[{\"@type\":\"ListItem\",\"position\":1,\"name\":\"Home\",\"item\":\"https:\\\/\\\/tonysourcing.com\\\/\"},{\"@type\":\"ListItem\",\"position\":2,\"name\":\"Wholesale\",\"item\":\"https:\\\/\\\/tonysourcing.com\\\/wholesale\\\/\"},{\"@type\":\"ListItem\",\"position\":3,\"name\":\"12-piece pot set Eiger &amp; Konig with accessories\"}]},{\"@type\":\"WebSite\",\"@id\":\"https:\\\/\\\/tonysourcing.com\\\/#website\",\"url\":\"https:\\\/\\\/tonysourcing.com\\\/\",\"name\":\"TonySourcing\",\"description\":\"Toys Wholesale Distributor &amp; China Promition Items\",\"publisher\":{\"@id\":\"https:\\\/\\\/tonysourcing.com\\\/#organization\"},\"potentialAction\":[{\"@type\":\"SearchAction\",\"target\":{\"@type\":\"EntryPoint\",\"urlTemplate\":\"https:\\\/\\\/tonysourcing.com\\\/?s={search_term_string}\"},\"query-input\":{\"@type\":\"PropertyValueSpecification\",\"valueRequired\":true,\"valueName\":\"search_term_string\"}}],\"inLanguage\":\"es\"},{\"@type\":\"Organization\",\"@id\":\"https:\\\/\\\/tonysourcing.com\\\/#organization\",\"name\":\"Yiwu Zongge\",\"url\":\"https:\\\/\\\/tonysourcing.com\\\/\",\"logo\":{\"@type\":\"ImageObject\",\"inLanguage\":\"es\",\"@id\":\"https:\\\/\\\/tonysourcing.com\\\/#\\\/schema\\\/logo\\\/image\\\/\",\"url\":\"https:\\\/\\\/tonysourcing.com\\\/wp-content\\\/uploads\\\/2021\\\/07\\\/cropped-TonySourcing-logo-1.png\",\"contentUrl\":\"https:\\\/\\\/tonysourcing.com\\\/wp-content\\\/uploads\\\/2021\\\/07\\\/cropped-TonySourcing-logo-1.png\",\"width\":300,\"height\":92,\"caption\":\"Yiwu Zongge\"},\"image\":{\"@id\":\"https:\\\/\\\/tonysourcing.com\\\/#\\\/schema\\\/logo\\\/image\\\/\"},\"sameAs\":[\"https:\\\/\\\/www.facebook.com\\\/TonySourcing\",\"https:\\\/\\\/x.com\\\/TonySourcing\",\"https:\\\/\\\/www.instagram.com\\\/tony_sourcing\\\/\",\"http:\\\/\\\/www.linkedin.com\\\/in\\\/tonychen88\",\"https:\\\/\\\/www.youtube.com\\\/channel\\\/UCZfST1M-NDoqjQ3dB-Tzszg\"]}]}<\/script>\n<!-- \/ Yoast SEO plugin. -->","yoast_head_json":{"title":"Juego de ollas de 12 piezas Eiger &amp; Konig con accesorios - Importaci\u00f3n al por mayor directamente del fabricante","description":"Importe el juego de ollas de 12 piezas Eiger &amp; Konig con accesorios del fabricante de China, buen producto y buen precio, comun\u00edquese con TonySourcing para obtener el cat\u00e1logo hoy.","robots":{"index":"index","follow":"follow","max-snippet":"max-snippet:-1","max-image-preview":"max-image-preview:large","max-video-preview":"max-video-preview:-1"},"canonical":"https:\/\/tonysourcing.com\/es\/al-por-mayor\/juego-de-ollas-de-12-piezas-eiger-konig-con-accesorios\/","og_locale":"es_ES","og_type":"article","og_title":"12-piece pot set Eiger & Konig with accessories - Import Wholesale Directly From Manufacturer","og_description":"Import 12-piece pot set Eiger & Konig with accessories from China Manufacturer, Good Product and Good Price, Contact TonySourcing for Catalog today.","og_url":"https:\/\/tonysourcing.com\/es\/al-por-mayor\/juego-de-ollas-de-12-piezas-eiger-konig-con-accesorios\/","og_site_name":"TonySourcing","article_publisher":"https:\/\/www.facebook.com\/TonySourcing","article_modified_time":"2021-11-30T01:26:42+00:00","og_image":[{"width":700,"height":807,"url":"https:\/\/tonysourcing.com\/wp-content\/uploads\/2021\/11\/16-daliu-puodu-rinkinys-eigerkonig.jpg","type":"image\/jpeg"}],"twitter_card":"summary_large_image","twitter_site":"@TonySourcing","twitter_misc":{"Tiempo de lectura":"1 minuto"},"schema":{"@context":"https:\/\/schema.org","@graph":[{"@type":"WebPage","@id":"https:\/\/tonysourcing.com\/wholesale\/12-piece-pot-set-eiger-konig-with-accessories\/","url":"https:\/\/tonysourcing.com\/wholesale\/12-piece-pot-set-eiger-konig-with-accessories\/","name":"Juego de ollas de 12 piezas Eiger &amp; Konig con accesorios - Importaci\u00f3n al por mayor directamente del fabricante","isPartOf":{"@id":"https:\/\/tonysourcing.com\/#website"},"primaryImageOfPage":{"@id":"https:\/\/tonysourcing.com\/wholesale\/12-piece-pot-set-eiger-konig-with-accessories\/#primaryimage"},"image":{"@id":"https:\/\/tonysourcing.com\/wholesale\/12-piece-pot-set-eiger-konig-with-accessories\/#primaryimage"},"thumbnailUrl":"https:\/\/tonysourcing.com\/wp-content\/uploads\/2021\/11\/16-daliu-puodu-rinkinys-eigerkonig.jpg","datePublished":"2021-11-30T01:26:41+00:00","dateModified":"2021-11-30T01:26:42+00:00","description":"Importe el juego de ollas de 12 piezas Eiger &amp; Konig con accesorios del fabricante de China, buen producto y buen precio, comun\u00edquese con TonySourcing para obtener el cat\u00e1logo hoy.","breadcrumb":{"@id":"https:\/\/tonysourcing.com\/wholesale\/12-piece-pot-set-eiger-konig-with-accessories\/#breadcrumb"},"inLanguage":"es","potentialAction":[{"@type":"ReadAction","target":["https:\/\/tonysourcing.com\/wholesale\/12-piece-pot-set-eiger-konig-with-accessories\/"]}]},{"@type":"ImageObject","inLanguage":"es","@id":"https:\/\/tonysourcing.com\/wholesale\/12-piece-pot-set-eiger-konig-with-accessories\/#primaryimage","url":"https:\/\/tonysourcing.com\/wp-content\/uploads\/2021\/11\/16-daliu-puodu-rinkinys-eigerkonig.jpg","contentUrl":"https:\/\/tonysourcing.com\/wp-content\/uploads\/2021\/11\/16-daliu-puodu-rinkinys-eigerkonig.jpg","width":700,"height":807,"caption":"16-daliu-puodu-rinkinys-eigerkonig"},{"@type":"BreadcrumbList","@id":"https:\/\/tonysourcing.com\/wholesale\/12-piece-pot-set-eiger-konig-with-accessories\/#breadcrumb","itemListElement":[{"@type":"ListItem","position":1,"name":"Home","item":"https:\/\/tonysourcing.com\/"},{"@type":"ListItem","position":2,"name":"Wholesale","item":"https:\/\/tonysourcing.com\/wholesale\/"},{"@type":"ListItem","position":3,"name":"12-piece pot set Eiger &amp; Konig with accessories"}]},{"@type":"WebSite","@id":"https:\/\/tonysourcing.com\/#website","url":"https:\/\/tonysourcing.com\/","name":"TonySourcing","description":"Distribuidor mayorista de juguetes y art\u00edculos en promoci\u00f3n en China","publisher":{"@id":"https:\/\/tonysourcing.com\/#organization"},"potentialAction":[{"@type":"SearchAction","target":{"@type":"EntryPoint","urlTemplate":"https:\/\/tonysourcing.com\/?s={search_term_string}"},"query-input":{"@type":"PropertyValueSpecification","valueRequired":true,"valueName":"search_term_string"}}],"inLanguage":"es"},{"@type":"Organization","@id":"https:\/\/tonysourcing.com\/#organization","name":"Yiwu Zongge","url":"https:\/\/tonysourcing.com\/","logo":{"@type":"ImageObject","inLanguage":"es","@id":"https:\/\/tonysourcing.com\/#\/schema\/logo\/image\/","url":"https:\/\/tonysourcing.com\/wp-content\/uploads\/2021\/07\/cropped-TonySourcing-logo-1.png","contentUrl":"https:\/\/tonysourcing.com\/wp-content\/uploads\/2021\/07\/cropped-TonySourcing-logo-1.png","width":300,"height":92,"caption":"Yiwu Zongge"},"image":{"@id":"https:\/\/tonysourcing.com\/#\/schema\/logo\/image\/"},"sameAs":["https:\/\/www.facebook.com\/TonySourcing","https:\/\/x.com\/TonySourcing","https:\/\/www.instagram.com\/tony_sourcing\/","http:\/\/www.linkedin.com\/in\/tonychen88","https:\/\/www.youtube.com\/channel\/UCZfST1M-NDoqjQ3dB-Tzszg"]}]}},"_links":{"self":[{"href":"https:\/\/tonysourcing.com\/es\/wp-json\/wp\/v2\/product\/13211","targetHints":{"allow":["GET"]}}],"collection":[{"href":"https:\/\/tonysourcing.com\/es\/wp-json\/wp\/v2\/product"}],"about":[{"href":"https:\/\/tonysourcing.com\/es\/wp-json\/wp\/v2\/types\/product"}],"version-history":[{"count":1,"href":"https:\/\/tonysourcing.com\/es\/wp-json\/wp\/v2\/product\/13211\/revisions"}],"predecessor-version":[{"id":13220,"href":"https:\/\/tonysourcing.com\/es\/wp-json\/wp\/v2\/product\/13211\/revisions\/13220"}],"wp:featuredmedia":[{"embeddable":true,"href":"https:\/\/tonysourcing.com\/es\/wp-json\/wp\/v2\/media\/13213"}],"wp:attachment":[{"href":"https:\/\/tonysourcing.com\/es\/wp-json\/wp\/v2\/media?parent=13211"}],"wp:term":[{"taxonomy":"product_brand","embeddable":true,"href":"https:\/\/tonysourcing.com\/es\/wp-json\/wp\/v2\/product_brand?post=13211"},{"taxonomy":"product_cat","embeddable":true,"href":"https:\/\/tonysourcing.com\/es\/wp-json\/wp\/v2\/product_cat?post=13211"},{"taxonomy":"product_tag","embeddable":true,"href":"https:\/\/tonysourcing.com\/es\/wp-json\/wp\/v2\/product_tag?post=13211"}],"curies":[{"name":"gracias","href":"https:\/\/api.w.org\/{rel}","templated":true}]}}