{"id":13274,"date":"2021-11-30T02:05:03","date_gmt":"2021-11-30T02:05:03","guid":{"rendered":"https:\/\/tonysourcing.com\/?post_type=product&#038;p=13274"},"modified":"2021-11-30T02:05:04","modified_gmt":"2021-11-30T02:05:04","slug":"vasos-de-doble-pared-2-piezas-450-ml","status":"publish","type":"product","link":"https:\/\/tonysourcing.com\/es\/wholesale\/double-walled-glasses-2pcs-450ml\/","title":{"rendered":"Vasos de doble pared (2uds.) 450ml."},"content":{"rendered":"<p>Presenta y disfruta deliciosas bebidas fr\u00edas y calientes en elegantes vasos de borosilicato. En los fr\u00edos d\u00edas de oto\u00f1o e invierno, no hay nada mejor que calentarse las manos con un delicioso chocolate caliente o capuchino. Sin embargo, apetece disfrutar de una deliciosa taza de t\u00e9 o caf\u00e9 cada ma\u00f1ana sin quemarse los dedos. Por eso, la taza de doble pared para caf\u00e9 y t\u00e9 protege tus manos del calor de tu bebida caliente favorita. Al mismo tiempo, el innovador recipiente evita que se enfr\u00ede demasiado r\u00e1pido. Los vasos t\u00e9rmicos aislantes tambi\u00e9n son ideales para bebidas fr\u00edas, pero no solo para bebidas calientes. En los calurosos d\u00edas de verano, puedes servir helader\u00edas, c\u00f3cteles y t\u00e9s helados con los vasos t\u00e9rmicos, ya que se mantienen frescos durante mucho tiempo.<br \/>\nLos vasos de borosilicato son nobles y robustos. Muchos caf\u00e9s, restaurantes, pubs de moda y salones de t\u00e9 ofrecen sus bebidas en estos vasos de borosilicato, especialmente resistentes y nobles. Tras fundirse, el vidrio de borosilicato es completamente reciclable y reutilizable.<br \/>\nDisfrute de un delicioso caf\u00e9 o t\u00e9 en un dise\u00f1o elegante: tazas transparentes, que mantienen sus bebidas calientes durante mucho tiempo.<\/p>\n<p>Dimensiones:<br \/>\nCapacidad \u2013 450 ml<br \/>\n450 ml \u2013 14 x 10 cm<\/p>\n<p>Propiedades:<br \/>\nLas bebidas calientes permanecen calientes durante mucho m\u00e1s tiempo a trav\u00e9s de las paredes dobles;<br \/>\nLas paredes dobles no emiten calor al exterior, por lo que puedes tomar caf\u00e9 o t\u00e9 caliente en la mano sin miedo, sin quemarte.<br \/>\nAl beber bebidas fr\u00edas, la humedad no se condensa en el exterior del vaso, por lo que el vaso no deja rastros de agua en la mesa;<br \/>\nApto para lavavajillas;<br \/>\nSe puede calentar en el microondas;<br \/>\nMaterial \u2013 Vidrio de borosilicato.<\/p>","protected":false},"excerpt":{"rendered":"<p>ART\u00cdCULO N.\u00ba ZJ112635<\/p>\n<p>Dimensiones:<br \/>\nCapacidad \u2013 450 ml<br \/>\n450 ml \u2013 14 x 10 cm<\/p>\n<p>Propiedades:<br \/>\nLas bebidas calientes permanecen calientes durante mucho m\u00e1s tiempo a trav\u00e9s de las paredes dobles;<br \/>\nLas paredes dobles no emiten calor al exterior, por lo que puedes tomar caf\u00e9 o t\u00e9 caliente en la mano sin miedo, sin quemarte.<br \/>\nAl beber bebidas fr\u00edas, la humedad no se condensa en el exterior del vaso, por lo que el vaso no deja rastros de agua en la mesa;<br \/>\nApto para lavavajillas;<br \/>\nSe puede calentar en el microondas;<br \/>\nMaterial \u2013 Vidrio de borosilicato.<\/p>","protected":false},"featured_media":13279,"template":"","meta":{"_kad_post_transparent":"","_kad_post_title":"","_kad_post_layout":"","_kad_post_sidebar_id":"","_kad_post_content_style":"","_kad_post_vertical_padding":"","_kad_post_feature":"","_kad_post_feature_position":"","_kad_post_header":false,"_kad_post_footer":false},"product_brand":[],"product_cat":[1544],"product_tag":[],"class_list":{"0":"post-13274","1":"product","2":"type-product","3":"status-publish","4":"has-post-thumbnail","6":"product_cat-kitchen-and-tableware","8":"first","9":"instock","10":"shipping-taxable","11":"product-type-simple","12":"entry","13":"content-bg","14":"loop-entry"},"yoast_head":"<!-- This site is optimized with the Yoast SEO plugin v27.4 - https:\/\/yoast.com\/product\/yoast-seo-wordpress\/ -->\n<title>Double-Walled glasses - Import Wholesale Directly From Manufacturer<\/title>\n<meta name=\"description\" content=\"Import Double-Walled glasses from China Manufacturer, Good Product and Good Price, Contact TonySourcing for Catalog today.\" \/>\n<meta name=\"robots\" content=\"index, follow, max-snippet:-1, max-image-preview:large, max-video-preview:-1\" \/>\n<link rel=\"canonical\" href=\"https:\/\/tonysourcing.com\/es\/al-por-mayor\/vasos-de-doble-pared-2-piezas-450-ml\/\" \/>\n<meta property=\"og:locale\" content=\"es_ES\" \/>\n<meta property=\"og:type\" content=\"article\" \/>\n<meta property=\"og:title\" content=\"Double-Walled glasses - Import Wholesale Directly From Manufacturer\" \/>\n<meta property=\"og:description\" content=\"Import Double-Walled glasses from China Manufacturer, Good Product and Good Price, Contact TonySourcing for Catalog today.\" \/>\n<meta property=\"og:url\" content=\"https:\/\/tonysourcing.com\/es\/al-por-mayor\/vasos-de-doble-pared-2-piezas-450-ml\/\" \/>\n<meta property=\"og:site_name\" content=\"TonySourcing\" \/>\n<meta property=\"article:publisher\" content=\"https:\/\/www.facebook.com\/TonySourcing\" \/>\n<meta property=\"article:modified_time\" content=\"2021-11-30T02:05:04+00:00\" \/>\n<meta property=\"og:image\" content=\"https:\/\/tonysourcing.com\/wp-content\/uploads\/2021\/11\/stikliniu-su-dvigubomis-sienelemis-rinkinys-2vnt-450ml.jpg\" \/>\n\t<meta property=\"og:image:width\" content=\"700\" \/>\n\t<meta property=\"og:image:height\" content=\"807\" \/>\n\t<meta property=\"og:image:type\" content=\"image\/jpeg\" \/>\n<meta name=\"twitter:card\" content=\"summary_large_image\" \/>\n<meta name=\"twitter:site\" content=\"@TonySourcing\" \/>\n<meta name=\"twitter:label1\" content=\"Tiempo de lectura\" \/>\n\t<meta name=\"twitter:data1\" content=\"1 minuto\" \/>\n<script type=\"application\/ld+json\" class=\"yoast-schema-graph\">{\"@context\":\"https:\\\/\\\/schema.org\",\"@graph\":[{\"@type\":\"WebPage\",\"@id\":\"https:\\\/\\\/tonysourcing.com\\\/wholesale\\\/double-walled-glasses-2pcs-450ml\\\/\",\"url\":\"https:\\\/\\\/tonysourcing.com\\\/wholesale\\\/double-walled-glasses-2pcs-450ml\\\/\",\"name\":\"Double-Walled glasses - Import Wholesale Directly From Manufacturer\",\"isPartOf\":{\"@id\":\"https:\\\/\\\/tonysourcing.com\\\/#website\"},\"primaryImageOfPage\":{\"@id\":\"https:\\\/\\\/tonysourcing.com\\\/wholesale\\\/double-walled-glasses-2pcs-450ml\\\/#primaryimage\"},\"image\":{\"@id\":\"https:\\\/\\\/tonysourcing.com\\\/wholesale\\\/double-walled-glasses-2pcs-450ml\\\/#primaryimage\"},\"thumbnailUrl\":\"https:\\\/\\\/tonysourcing.com\\\/wp-content\\\/uploads\\\/2021\\\/11\\\/stikliniu-su-dvigubomis-sienelemis-rinkinys-2vnt-450ml.jpg\",\"datePublished\":\"2021-11-30T02:05:03+00:00\",\"dateModified\":\"2021-11-30T02:05:04+00:00\",\"description\":\"Import Double-Walled glasses from China Manufacturer, Good Product and Good Price, Contact TonySourcing for Catalog today.\",\"breadcrumb\":{\"@id\":\"https:\\\/\\\/tonysourcing.com\\\/wholesale\\\/double-walled-glasses-2pcs-450ml\\\/#breadcrumb\"},\"inLanguage\":\"es\",\"potentialAction\":[{\"@type\":\"ReadAction\",\"target\":[\"https:\\\/\\\/tonysourcing.com\\\/wholesale\\\/double-walled-glasses-2pcs-450ml\\\/\"]}]},{\"@type\":\"ImageObject\",\"inLanguage\":\"es\",\"@id\":\"https:\\\/\\\/tonysourcing.com\\\/wholesale\\\/double-walled-glasses-2pcs-450ml\\\/#primaryimage\",\"url\":\"https:\\\/\\\/tonysourcing.com\\\/wp-content\\\/uploads\\\/2021\\\/11\\\/stikliniu-su-dvigubomis-sienelemis-rinkinys-2vnt-450ml.jpg\",\"contentUrl\":\"https:\\\/\\\/tonysourcing.com\\\/wp-content\\\/uploads\\\/2021\\\/11\\\/stikliniu-su-dvigubomis-sienelemis-rinkinys-2vnt-450ml.jpg\",\"width\":700,\"height\":807,\"caption\":\"stikliniu-su-dvigubomis-sienelemis-rinkinys-2vnt-450ml\"},{\"@type\":\"BreadcrumbList\",\"@id\":\"https:\\\/\\\/tonysourcing.com\\\/wholesale\\\/double-walled-glasses-2pcs-450ml\\\/#breadcrumb\",\"itemListElement\":[{\"@type\":\"ListItem\",\"position\":1,\"name\":\"Home\",\"item\":\"https:\\\/\\\/tonysourcing.com\\\/\"},{\"@type\":\"ListItem\",\"position\":2,\"name\":\"Wholesale\",\"item\":\"https:\\\/\\\/tonysourcing.com\\\/wholesale\\\/\"},{\"@type\":\"ListItem\",\"position\":3,\"name\":\"Double-Walled glasses (2pcs.) 450ml.\"}]},{\"@type\":\"WebSite\",\"@id\":\"https:\\\/\\\/tonysourcing.com\\\/#website\",\"url\":\"https:\\\/\\\/tonysourcing.com\\\/\",\"name\":\"TonySourcing\",\"description\":\"Toys Wholesale Distributor &amp; China Promition Items\",\"publisher\":{\"@id\":\"https:\\\/\\\/tonysourcing.com\\\/#organization\"},\"potentialAction\":[{\"@type\":\"SearchAction\",\"target\":{\"@type\":\"EntryPoint\",\"urlTemplate\":\"https:\\\/\\\/tonysourcing.com\\\/?s={search_term_string}\"},\"query-input\":{\"@type\":\"PropertyValueSpecification\",\"valueRequired\":true,\"valueName\":\"search_term_string\"}}],\"inLanguage\":\"es\"},{\"@type\":\"Organization\",\"@id\":\"https:\\\/\\\/tonysourcing.com\\\/#organization\",\"name\":\"Yiwu Zongge\",\"url\":\"https:\\\/\\\/tonysourcing.com\\\/\",\"logo\":{\"@type\":\"ImageObject\",\"inLanguage\":\"es\",\"@id\":\"https:\\\/\\\/tonysourcing.com\\\/#\\\/schema\\\/logo\\\/image\\\/\",\"url\":\"https:\\\/\\\/tonysourcing.com\\\/wp-content\\\/uploads\\\/2021\\\/07\\\/cropped-TonySourcing-logo-1.png\",\"contentUrl\":\"https:\\\/\\\/tonysourcing.com\\\/wp-content\\\/uploads\\\/2021\\\/07\\\/cropped-TonySourcing-logo-1.png\",\"width\":300,\"height\":92,\"caption\":\"Yiwu Zongge\"},\"image\":{\"@id\":\"https:\\\/\\\/tonysourcing.com\\\/#\\\/schema\\\/logo\\\/image\\\/\"},\"sameAs\":[\"https:\\\/\\\/www.facebook.com\\\/TonySourcing\",\"https:\\\/\\\/x.com\\\/TonySourcing\",\"https:\\\/\\\/www.instagram.com\\\/tony_sourcing\\\/\",\"http:\\\/\\\/www.linkedin.com\\\/in\\\/tonychen88\",\"https:\\\/\\\/www.youtube.com\\\/channel\\\/UCZfST1M-NDoqjQ3dB-Tzszg\"]}]}<\/script>\n<!-- \/ Yoast SEO plugin. -->","yoast_head_json":{"title":"Vasos de doble pared - Importaci\u00f3n al por mayor directamente del fabricante","description":"Importe vidrios de doble pared del fabricante chino, buen producto y buen precio, comun\u00edquese con TonySourcing para obtener el cat\u00e1logo hoy.","robots":{"index":"index","follow":"follow","max-snippet":"max-snippet:-1","max-image-preview":"max-image-preview:large","max-video-preview":"max-video-preview:-1"},"canonical":"https:\/\/tonysourcing.com\/es\/al-por-mayor\/vasos-de-doble-pared-2-piezas-450-ml\/","og_locale":"es_ES","og_type":"article","og_title":"Double-Walled glasses - Import Wholesale Directly From Manufacturer","og_description":"Import Double-Walled glasses from China Manufacturer, Good Product and Good Price, Contact TonySourcing for Catalog today.","og_url":"https:\/\/tonysourcing.com\/es\/al-por-mayor\/vasos-de-doble-pared-2-piezas-450-ml\/","og_site_name":"TonySourcing","article_publisher":"https:\/\/www.facebook.com\/TonySourcing","article_modified_time":"2021-11-30T02:05:04+00:00","og_image":[{"width":700,"height":807,"url":"https:\/\/tonysourcing.com\/wp-content\/uploads\/2021\/11\/stikliniu-su-dvigubomis-sienelemis-rinkinys-2vnt-450ml.jpg","type":"image\/jpeg"}],"twitter_card":"summary_large_image","twitter_site":"@TonySourcing","twitter_misc":{"Tiempo de lectura":"1 minuto"},"schema":{"@context":"https:\/\/schema.org","@graph":[{"@type":"WebPage","@id":"https:\/\/tonysourcing.com\/wholesale\/double-walled-glasses-2pcs-450ml\/","url":"https:\/\/tonysourcing.com\/wholesale\/double-walled-glasses-2pcs-450ml\/","name":"Vasos de doble pared - Importaci\u00f3n al por mayor directamente del fabricante","isPartOf":{"@id":"https:\/\/tonysourcing.com\/#website"},"primaryImageOfPage":{"@id":"https:\/\/tonysourcing.com\/wholesale\/double-walled-glasses-2pcs-450ml\/#primaryimage"},"image":{"@id":"https:\/\/tonysourcing.com\/wholesale\/double-walled-glasses-2pcs-450ml\/#primaryimage"},"thumbnailUrl":"https:\/\/tonysourcing.com\/wp-content\/uploads\/2021\/11\/stikliniu-su-dvigubomis-sienelemis-rinkinys-2vnt-450ml.jpg","datePublished":"2021-11-30T02:05:03+00:00","dateModified":"2021-11-30T02:05:04+00:00","description":"Importe vidrios de doble pared del fabricante chino, buen producto y buen precio, comun\u00edquese con TonySourcing para obtener el cat\u00e1logo hoy.","breadcrumb":{"@id":"https:\/\/tonysourcing.com\/wholesale\/double-walled-glasses-2pcs-450ml\/#breadcrumb"},"inLanguage":"es","potentialAction":[{"@type":"ReadAction","target":["https:\/\/tonysourcing.com\/wholesale\/double-walled-glasses-2pcs-450ml\/"]}]},{"@type":"ImageObject","inLanguage":"es","@id":"https:\/\/tonysourcing.com\/wholesale\/double-walled-glasses-2pcs-450ml\/#primaryimage","url":"https:\/\/tonysourcing.com\/wp-content\/uploads\/2021\/11\/stikliniu-su-dvigubomis-sienelemis-rinkinys-2vnt-450ml.jpg","contentUrl":"https:\/\/tonysourcing.com\/wp-content\/uploads\/2021\/11\/stikliniu-su-dvigubomis-sienelemis-rinkinys-2vnt-450ml.jpg","width":700,"height":807,"caption":"stikliniu-su-dvigubomis-sienelemis-rinkinys-2vnt-450ml"},{"@type":"BreadcrumbList","@id":"https:\/\/tonysourcing.com\/wholesale\/double-walled-glasses-2pcs-450ml\/#breadcrumb","itemListElement":[{"@type":"ListItem","position":1,"name":"Home","item":"https:\/\/tonysourcing.com\/"},{"@type":"ListItem","position":2,"name":"Wholesale","item":"https:\/\/tonysourcing.com\/wholesale\/"},{"@type":"ListItem","position":3,"name":"Double-Walled glasses (2pcs.) 450ml."}]},{"@type":"WebSite","@id":"https:\/\/tonysourcing.com\/#website","url":"https:\/\/tonysourcing.com\/","name":"TonySourcing","description":"Distribuidor mayorista de juguetes y art\u00edculos en promoci\u00f3n en China","publisher":{"@id":"https:\/\/tonysourcing.com\/#organization"},"potentialAction":[{"@type":"SearchAction","target":{"@type":"EntryPoint","urlTemplate":"https:\/\/tonysourcing.com\/?s={search_term_string}"},"query-input":{"@type":"PropertyValueSpecification","valueRequired":true,"valueName":"search_term_string"}}],"inLanguage":"es"},{"@type":"Organization","@id":"https:\/\/tonysourcing.com\/#organization","name":"Yiwu Zongge","url":"https:\/\/tonysourcing.com\/","logo":{"@type":"ImageObject","inLanguage":"es","@id":"https:\/\/tonysourcing.com\/#\/schema\/logo\/image\/","url":"https:\/\/tonysourcing.com\/wp-content\/uploads\/2021\/07\/cropped-TonySourcing-logo-1.png","contentUrl":"https:\/\/tonysourcing.com\/wp-content\/uploads\/2021\/07\/cropped-TonySourcing-logo-1.png","width":300,"height":92,"caption":"Yiwu Zongge"},"image":{"@id":"https:\/\/tonysourcing.com\/#\/schema\/logo\/image\/"},"sameAs":["https:\/\/www.facebook.com\/TonySourcing","https:\/\/x.com\/TonySourcing","https:\/\/www.instagram.com\/tony_sourcing\/","http:\/\/www.linkedin.com\/in\/tonychen88","https:\/\/www.youtube.com\/channel\/UCZfST1M-NDoqjQ3dB-Tzszg"]}]}},"_links":{"self":[{"href":"https:\/\/tonysourcing.com\/es\/wp-json\/wp\/v2\/product\/13274","targetHints":{"allow":["GET"]}}],"collection":[{"href":"https:\/\/tonysourcing.com\/es\/wp-json\/wp\/v2\/product"}],"about":[{"href":"https:\/\/tonysourcing.com\/es\/wp-json\/wp\/v2\/types\/product"}],"version-history":[{"count":1,"href":"https:\/\/tonysourcing.com\/es\/wp-json\/wp\/v2\/product\/13274\/revisions"}],"predecessor-version":[{"id":13286,"href":"https:\/\/tonysourcing.com\/es\/wp-json\/wp\/v2\/product\/13274\/revisions\/13286"}],"wp:featuredmedia":[{"embeddable":true,"href":"https:\/\/tonysourcing.com\/es\/wp-json\/wp\/v2\/media\/13279"}],"wp:attachment":[{"href":"https:\/\/tonysourcing.com\/es\/wp-json\/wp\/v2\/media?parent=13274"}],"wp:term":[{"taxonomy":"product_brand","embeddable":true,"href":"https:\/\/tonysourcing.com\/es\/wp-json\/wp\/v2\/product_brand?post=13274"},{"taxonomy":"product_cat","embeddable":true,"href":"https:\/\/tonysourcing.com\/es\/wp-json\/wp\/v2\/product_cat?post=13274"},{"taxonomy":"product_tag","embeddable":true,"href":"https:\/\/tonysourcing.com\/es\/wp-json\/wp\/v2\/product_tag?post=13274"}],"curies":[{"name":"gracias","href":"https:\/\/api.w.org\/{rel}","templated":true}]}}