{"id":13333,"date":"2021-11-30T02:46:23","date_gmt":"2021-11-30T02:46:23","guid":{"rendered":"https:\/\/tonysourcing.com\/?post_type=product&#038;p=13333"},"modified":"2021-11-30T02:46:23","modified_gmt":"2021-11-30T02:46:23","slug":"hybrid-48w-led-uv-lamp-for-nails-sun6s","status":"publish","type":"product","link":"https:\/\/tonysourcing.com\/es\/wholesale\/hybrid-48w-led-uv-lamp-for-nails-sun6s\/","title":{"rendered":"L\u00e1mpara h\u00edbrida LED\/UV de 48W para u\u00f1as SUN6S"},"content":{"rendered":"<p>The lamp is suitable for nail extensions and gel polishing, and the exclusive design is perfect for pedicure. The lower part of the lamp can be easily removed and cleaned. The color is chosen at random.<\/p>\n<p>&nbsp;<\/p>\n<p>Usage: connect the power supply, select the operating time: 99s, 30s, 60s.<\/p>\n<p>&nbsp;<\/p>\n<p><strong>Technical data:<\/strong><\/p>\n<ul>\n<li>Voltaje: 100 \u2013 240 V, 50 \u2013 60 Hz, 1 A<\/li>\n<li>Pantalla LCD.<\/li>\n<li>Potencia: 48W. Temporizador: 99s \/ 30s \/ 60s, sensores de movimiento.<\/li>\n<li>Modo de energ\u00eda dual, la tecnolog\u00eda de enfriamiento de la l\u00e1mpara proporciona una vida \u00fatil m\u00e1s larga.<\/li>\n<li>N\u00famero de LED: 21 LED DOBLES<\/li>\n<li>Dimensiones: 215 mm x 168 mm x 90 mm.<\/li>\n<\/ul>","protected":false},"excerpt":{"rendered":"<ul>\n<li>Art\u00edculo n.\u00b0 AL20<\/li>\n<li>Voltaje: 100 \u2013 240 V, 50 \u2013 60 Hz, 1 A<\/li>\n<li>Pantalla LCD.<\/li>\n<li>Potencia: 48W. Temporizador: 99s \/ 30s \/ 60s, sensores de movimiento.<\/li>\n<li>Modo de energ\u00eda dual, la tecnolog\u00eda de enfriamiento de la l\u00e1mpara proporciona una vida \u00fatil m\u00e1s larga.<\/li>\n<li>N\u00famero de LED: 21 LED DOBLES<\/li>\n<li>Dimensiones: 215 mm x 168 mm x 90 mm.<\/li>\n<\/ul>","protected":false},"featured_media":13340,"template":"","meta":{"_kad_post_transparent":"","_kad_post_title":"","_kad_post_layout":"","_kad_post_sidebar_id":"","_kad_post_content_style":"","_kad_post_vertical_padding":"","_kad_post_feature":"","_kad_post_feature_position":"","_kad_post_header":false,"_kad_post_footer":false,"_kad_post_classname":""},"product_brand":[],"product_cat":[1543],"product_tag":[],"class_list":{"0":"post-13333","1":"product","2":"type-product","3":"status-publish","4":"has-post-thumbnail","6":"product_cat-manicure-pedicure-tools","8":"first","9":"instock","10":"shipping-taxable","11":"product-type-simple","12":"entry","13":"content-bg","14":"loop-entry"},"yoast_head":"<!-- This site is optimized with the Yoast SEO plugin v27.4 - https:\/\/yoast.com\/product\/yoast-seo-wordpress\/ -->\n<title>Hybrid 48W LED \/ UV lamp for nails SUN6S- Import Toys Wholesale Directly From Manufacturer<\/title>\n<meta name=\"description\" content=\"Import Hybrid 48W LED \/ UV lamp for nails SUN6S from China Manufacturer, Good Product and Good Price, Contact TonySourcing for Catalog today.\" \/>\n<meta name=\"robots\" content=\"index, follow, max-snippet:-1, max-image-preview:large, max-video-preview:-1\" \/>\n<link rel=\"canonical\" href=\"https:\/\/tonysourcing.com\/es\/al-por-mayor\/hybrid-48w-led-uv-lamp-for-nails-sun6s\/\" \/>\n<meta property=\"og:locale\" content=\"es_ES\" \/>\n<meta property=\"og:type\" content=\"article\" \/>\n<meta property=\"og:title\" content=\"Hybrid 48W LED \/ UV lamp for nails SUN6S- Import Toys Wholesale Directly From Manufacturer\" \/>\n<meta property=\"og:description\" content=\"Import Hybrid 48W LED \/ UV lamp for nails SUN6S from China Manufacturer, Good Product and Good Price, Contact TonySourcing for Catalog today.\" \/>\n<meta property=\"og:url\" content=\"https:\/\/tonysourcing.com\/es\/al-por-mayor\/hybrid-48w-led-uv-lamp-for-nails-sun6s\/\" \/>\n<meta property=\"og:site_name\" content=\"TonySourcing\" \/>\n<meta property=\"article:publisher\" content=\"https:\/\/www.facebook.com\/TonySourcing\" \/>\n<meta property=\"og:image\" content=\"https:\/\/tonysourcing.com\/wp-content\/uploads\/2021\/11\/hibridine-48w-leduv-lempa-nagams-sun6s.jpg\" \/>\n\t<meta property=\"og:image:width\" content=\"800\" \/>\n\t<meta property=\"og:image:height\" content=\"800\" \/>\n\t<meta property=\"og:image:type\" content=\"image\/jpeg\" \/>\n<meta name=\"twitter:card\" content=\"summary_large_image\" \/>\n<meta name=\"twitter:site\" content=\"@TonySourcing\" \/>\n<meta name=\"twitter:label1\" content=\"Tiempo de lectura\" \/>\n\t<meta name=\"twitter:data1\" content=\"1 minuto\" \/>\n<script type=\"application\/ld+json\" class=\"yoast-schema-graph\">{\"@context\":\"https:\\\/\\\/schema.org\",\"@graph\":[{\"@type\":\"WebPage\",\"@id\":\"https:\\\/\\\/tonysourcing.com\\\/wholesale\\\/hybrid-48w-led-uv-lamp-for-nails-sun6s\\\/\",\"url\":\"https:\\\/\\\/tonysourcing.com\\\/wholesale\\\/hybrid-48w-led-uv-lamp-for-nails-sun6s\\\/\",\"name\":\"Hybrid 48W LED \\\/ UV lamp for nails SUN6S- Import Toys Wholesale Directly From Manufacturer\",\"isPartOf\":{\"@id\":\"https:\\\/\\\/tonysourcing.com\\\/#website\"},\"primaryImageOfPage\":{\"@id\":\"https:\\\/\\\/tonysourcing.com\\\/wholesale\\\/hybrid-48w-led-uv-lamp-for-nails-sun6s\\\/#primaryimage\"},\"image\":{\"@id\":\"https:\\\/\\\/tonysourcing.com\\\/wholesale\\\/hybrid-48w-led-uv-lamp-for-nails-sun6s\\\/#primaryimage\"},\"thumbnailUrl\":\"https:\\\/\\\/tonysourcing.com\\\/wp-content\\\/uploads\\\/2021\\\/11\\\/hibridine-48w-leduv-lempa-nagams-sun6s.jpg\",\"datePublished\":\"2021-11-30T02:46:23+00:00\",\"description\":\"Import Hybrid 48W LED \\\/ UV lamp for nails SUN6S from China Manufacturer, Good Product and Good Price, Contact TonySourcing for Catalog today.\",\"breadcrumb\":{\"@id\":\"https:\\\/\\\/tonysourcing.com\\\/wholesale\\\/hybrid-48w-led-uv-lamp-for-nails-sun6s\\\/#breadcrumb\"},\"inLanguage\":\"es\",\"potentialAction\":[{\"@type\":\"ReadAction\",\"target\":[\"https:\\\/\\\/tonysourcing.com\\\/wholesale\\\/hybrid-48w-led-uv-lamp-for-nails-sun6s\\\/\"]}]},{\"@type\":\"ImageObject\",\"inLanguage\":\"es\",\"@id\":\"https:\\\/\\\/tonysourcing.com\\\/wholesale\\\/hybrid-48w-led-uv-lamp-for-nails-sun6s\\\/#primaryimage\",\"url\":\"https:\\\/\\\/tonysourcing.com\\\/wp-content\\\/uploads\\\/2021\\\/11\\\/hibridine-48w-leduv-lempa-nagams-sun6s.jpg\",\"contentUrl\":\"https:\\\/\\\/tonysourcing.com\\\/wp-content\\\/uploads\\\/2021\\\/11\\\/hibridine-48w-leduv-lempa-nagams-sun6s.jpg\",\"width\":800,\"height\":800,\"caption\":\"hibridine-48w-leduv-lempa-nagams-sun6s\"},{\"@type\":\"BreadcrumbList\",\"@id\":\"https:\\\/\\\/tonysourcing.com\\\/wholesale\\\/hybrid-48w-led-uv-lamp-for-nails-sun6s\\\/#breadcrumb\",\"itemListElement\":[{\"@type\":\"ListItem\",\"position\":1,\"name\":\"Home\",\"item\":\"https:\\\/\\\/tonysourcing.com\\\/\"},{\"@type\":\"ListItem\",\"position\":2,\"name\":\"Wholesale\",\"item\":\"https:\\\/\\\/tonysourcing.com\\\/wholesale\\\/\"},{\"@type\":\"ListItem\",\"position\":3,\"name\":\"Hybrid 48W LED \\\/ UV lamp for nails SUN6S\"}]},{\"@type\":\"WebSite\",\"@id\":\"https:\\\/\\\/tonysourcing.com\\\/#website\",\"url\":\"https:\\\/\\\/tonysourcing.com\\\/\",\"name\":\"TonySourcing\",\"description\":\"Toys Wholesale Distributor &amp; China Promition Items\",\"publisher\":{\"@id\":\"https:\\\/\\\/tonysourcing.com\\\/#organization\"},\"potentialAction\":[{\"@type\":\"SearchAction\",\"target\":{\"@type\":\"EntryPoint\",\"urlTemplate\":\"https:\\\/\\\/tonysourcing.com\\\/?s={search_term_string}\"},\"query-input\":{\"@type\":\"PropertyValueSpecification\",\"valueRequired\":true,\"valueName\":\"search_term_string\"}}],\"inLanguage\":\"es\"},{\"@type\":\"Organization\",\"@id\":\"https:\\\/\\\/tonysourcing.com\\\/#organization\",\"name\":\"Yiwu Zongge\",\"url\":\"https:\\\/\\\/tonysourcing.com\\\/\",\"logo\":{\"@type\":\"ImageObject\",\"inLanguage\":\"es\",\"@id\":\"https:\\\/\\\/tonysourcing.com\\\/#\\\/schema\\\/logo\\\/image\\\/\",\"url\":\"https:\\\/\\\/tonysourcing.com\\\/wp-content\\\/uploads\\\/2021\\\/07\\\/cropped-TonySourcing-logo-1.png\",\"contentUrl\":\"https:\\\/\\\/tonysourcing.com\\\/wp-content\\\/uploads\\\/2021\\\/07\\\/cropped-TonySourcing-logo-1.png\",\"width\":300,\"height\":92,\"caption\":\"Yiwu Zongge\"},\"image\":{\"@id\":\"https:\\\/\\\/tonysourcing.com\\\/#\\\/schema\\\/logo\\\/image\\\/\"},\"sameAs\":[\"https:\\\/\\\/www.facebook.com\\\/TonySourcing\",\"https:\\\/\\\/x.com\\\/TonySourcing\",\"https:\\\/\\\/www.instagram.com\\\/tony_sourcing\\\/\",\"http:\\\/\\\/www.linkedin.com\\\/in\\\/tonychen88\",\"https:\\\/\\\/www.youtube.com\\\/channel\\\/UCZfST1M-NDoqjQ3dB-Tzszg\"]}]}<\/script>\n<!-- \/ Yoast SEO plugin. -->","yoast_head_json":{"title":"Hybrid 48W LED \/ UV lamp for nails SUN6S- Import Toys Wholesale Directly From Manufacturer","description":"Import Hybrid 48W LED \/ UV lamp for nails SUN6S from China Manufacturer, Good Product and Good Price, Contact TonySourcing for Catalog today.","robots":{"index":"index","follow":"follow","max-snippet":"max-snippet:-1","max-image-preview":"max-image-preview:large","max-video-preview":"max-video-preview:-1"},"canonical":"https:\/\/tonysourcing.com\/es\/al-por-mayor\/hybrid-48w-led-uv-lamp-for-nails-sun6s\/","og_locale":"es_ES","og_type":"article","og_title":"Hybrid 48W LED \/ UV lamp for nails SUN6S- Import Toys Wholesale Directly From Manufacturer","og_description":"Import Hybrid 48W LED \/ UV lamp for nails SUN6S from China Manufacturer, Good Product and Good Price, Contact TonySourcing for Catalog today.","og_url":"https:\/\/tonysourcing.com\/es\/al-por-mayor\/hybrid-48w-led-uv-lamp-for-nails-sun6s\/","og_site_name":"TonySourcing","article_publisher":"https:\/\/www.facebook.com\/TonySourcing","og_image":[{"width":800,"height":800,"url":"https:\/\/tonysourcing.com\/wp-content\/uploads\/2021\/11\/hibridine-48w-leduv-lempa-nagams-sun6s.jpg","type":"image\/jpeg"}],"twitter_card":"summary_large_image","twitter_site":"@TonySourcing","twitter_misc":{"Tiempo de lectura":"1 minuto"},"schema":{"@context":"https:\/\/schema.org","@graph":[{"@type":"WebPage","@id":"https:\/\/tonysourcing.com\/wholesale\/hybrid-48w-led-uv-lamp-for-nails-sun6s\/","url":"https:\/\/tonysourcing.com\/wholesale\/hybrid-48w-led-uv-lamp-for-nails-sun6s\/","name":"Hybrid 48W LED \/ UV lamp for nails SUN6S- Import Toys Wholesale Directly From Manufacturer","isPartOf":{"@id":"https:\/\/tonysourcing.com\/#website"},"primaryImageOfPage":{"@id":"https:\/\/tonysourcing.com\/wholesale\/hybrid-48w-led-uv-lamp-for-nails-sun6s\/#primaryimage"},"image":{"@id":"https:\/\/tonysourcing.com\/wholesale\/hybrid-48w-led-uv-lamp-for-nails-sun6s\/#primaryimage"},"thumbnailUrl":"https:\/\/tonysourcing.com\/wp-content\/uploads\/2021\/11\/hibridine-48w-leduv-lempa-nagams-sun6s.jpg","datePublished":"2021-11-30T02:46:23+00:00","description":"Import Hybrid 48W LED \/ UV lamp for nails SUN6S from China Manufacturer, Good Product and Good Price, Contact TonySourcing for Catalog today.","breadcrumb":{"@id":"https:\/\/tonysourcing.com\/wholesale\/hybrid-48w-led-uv-lamp-for-nails-sun6s\/#breadcrumb"},"inLanguage":"es","potentialAction":[{"@type":"ReadAction","target":["https:\/\/tonysourcing.com\/wholesale\/hybrid-48w-led-uv-lamp-for-nails-sun6s\/"]}]},{"@type":"ImageObject","inLanguage":"es","@id":"https:\/\/tonysourcing.com\/wholesale\/hybrid-48w-led-uv-lamp-for-nails-sun6s\/#primaryimage","url":"https:\/\/tonysourcing.com\/wp-content\/uploads\/2021\/11\/hibridine-48w-leduv-lempa-nagams-sun6s.jpg","contentUrl":"https:\/\/tonysourcing.com\/wp-content\/uploads\/2021\/11\/hibridine-48w-leduv-lempa-nagams-sun6s.jpg","width":800,"height":800,"caption":"hibridine-48w-leduv-lempa-nagams-sun6s"},{"@type":"BreadcrumbList","@id":"https:\/\/tonysourcing.com\/wholesale\/hybrid-48w-led-uv-lamp-for-nails-sun6s\/#breadcrumb","itemListElement":[{"@type":"ListItem","position":1,"name":"Home","item":"https:\/\/tonysourcing.com\/"},{"@type":"ListItem","position":2,"name":"Wholesale","item":"https:\/\/tonysourcing.com\/wholesale\/"},{"@type":"ListItem","position":3,"name":"Hybrid 48W LED \/ UV lamp for nails SUN6S"}]},{"@type":"WebSite","@id":"https:\/\/tonysourcing.com\/#website","url":"https:\/\/tonysourcing.com\/","name":"TonySourcing","description":"Distribuidor mayorista de juguetes y art\u00edculos en promoci\u00f3n en China","publisher":{"@id":"https:\/\/tonysourcing.com\/#organization"},"potentialAction":[{"@type":"SearchAction","target":{"@type":"EntryPoint","urlTemplate":"https:\/\/tonysourcing.com\/?s={search_term_string}"},"query-input":{"@type":"PropertyValueSpecification","valueRequired":true,"valueName":"search_term_string"}}],"inLanguage":"es"},{"@type":"Organization","@id":"https:\/\/tonysourcing.com\/#organization","name":"Yiwu Zongge","url":"https:\/\/tonysourcing.com\/","logo":{"@type":"ImageObject","inLanguage":"es","@id":"https:\/\/tonysourcing.com\/#\/schema\/logo\/image\/","url":"https:\/\/tonysourcing.com\/wp-content\/uploads\/2021\/07\/cropped-TonySourcing-logo-1.png","contentUrl":"https:\/\/tonysourcing.com\/wp-content\/uploads\/2021\/07\/cropped-TonySourcing-logo-1.png","width":300,"height":92,"caption":"Yiwu Zongge"},"image":{"@id":"https:\/\/tonysourcing.com\/#\/schema\/logo\/image\/"},"sameAs":["https:\/\/www.facebook.com\/TonySourcing","https:\/\/x.com\/TonySourcing","https:\/\/www.instagram.com\/tony_sourcing\/","http:\/\/www.linkedin.com\/in\/tonychen88","https:\/\/www.youtube.com\/channel\/UCZfST1M-NDoqjQ3dB-Tzszg"]}]}},"_links":{"self":[{"href":"https:\/\/tonysourcing.com\/es\/wp-json\/wp\/v2\/product\/13333","targetHints":{"allow":["GET"]}}],"collection":[{"href":"https:\/\/tonysourcing.com\/es\/wp-json\/wp\/v2\/product"}],"about":[{"href":"https:\/\/tonysourcing.com\/es\/wp-json\/wp\/v2\/types\/product"}],"version-history":[{"count":1,"href":"https:\/\/tonysourcing.com\/es\/wp-json\/wp\/v2\/product\/13333\/revisions"}],"predecessor-version":[{"id":13351,"href":"https:\/\/tonysourcing.com\/es\/wp-json\/wp\/v2\/product\/13333\/revisions\/13351"}],"wp:featuredmedia":[{"embeddable":true,"href":"https:\/\/tonysourcing.com\/es\/wp-json\/wp\/v2\/media\/13340"}],"wp:attachment":[{"href":"https:\/\/tonysourcing.com\/es\/wp-json\/wp\/v2\/media?parent=13333"}],"wp:term":[{"taxonomy":"product_brand","embeddable":true,"href":"https:\/\/tonysourcing.com\/es\/wp-json\/wp\/v2\/product_brand?post=13333"},{"taxonomy":"product_cat","embeddable":true,"href":"https:\/\/tonysourcing.com\/es\/wp-json\/wp\/v2\/product_cat?post=13333"},{"taxonomy":"product_tag","embeddable":true,"href":"https:\/\/tonysourcing.com\/es\/wp-json\/wp\/v2\/product_tag?post=13333"}],"curies":[{"name":"gracias","href":"https:\/\/api.w.org\/{rel}","templated":true}]}}