{"id":13345,"date":"2021-11-30T02:45:58","date_gmt":"2021-11-30T02:45:58","guid":{"rendered":"https:\/\/tonysourcing.com\/?post_type=product&#038;p=13345"},"modified":"2021-11-30T02:45:59","modified_gmt":"2021-11-30T02:45:59","slug":"pajitas-de-metal-10-piezas","status":"publish","type":"product","link":"https:\/\/tonysourcing.com\/es\/wholesale\/metal-straws-10pcs\/","title":{"rendered":"Pajitas de metal, 10uds."},"content":{"rendered":"<p>Las pajitas est\u00e1n fabricadas en metal de alta calidad, lo que permitir\u00e1 que se puedan utilizar durante muchos a\u00f1os, se pueden lavar f\u00e1cilmente en el lavavajillas, el set tambi\u00e9n incluye un cepillo que permite limpiar las pajitas de forma c\u00f3moda y en profundidad.<\/p>\n<p>El set incluye un pr\u00e1ctico estuche atado con una cuerda, te permite guardar las pajitas en un solo lugar y te permite llevarlo contigo al aire libre, de viaje, a una fiesta donde quieras.<\/p>\n<p>Combinan muy bien con caf\u00e9 y t\u00e9 calientes, as\u00ed como con jugos fr\u00edos, bebidas, c\u00f3cteles y m\u00e1s.<\/p>\n<p>&nbsp;<\/p>\n<p><strong>ESPECIFICACI\u00d3N<\/strong><\/p>\n<ul>\n<li>Material: acero inoxidable<\/li>\n<li>Color: plata \/ negro \/ dorado \/ camale\u00f3n<\/li>\n<li>Dimensiones de la pajita (largo\/ancho): 21,5\/0,8 cm<\/li>\n<li>Peso del juego: 165 g<\/li>\n<\/ul>\n<p><strong>INCLUIDO<\/strong><\/p>\n<ul>\n<li>8 pajitas (4 rectas + 4 dobladas)<\/li>\n<li>2 cepillos de limpieza<\/li>\n<\/ul>","protected":false},"excerpt":{"rendered":"<p>ART\u00cdCULO N.\u00ba ZJ112640<\/p>\n<p><strong>ESPECIFICACI\u00d3N<\/strong><\/p>\n<ul>\n<li>Material: acero inoxidable<\/li>\n<li>Color: plata \/ negro \/ dorado \/ camale\u00f3n<\/li>\n<li>Dimensiones de la pajita (largo\/ancho): 21,5\/0,8 cm<\/li>\n<li>Peso del juego: 165 g<\/li>\n<\/ul>\n<p><strong>INCLUIDO<\/strong><\/p>\n<ul>\n<li>8 pajitas (4 rectas + 4 dobladas)<\/li>\n<li>2 cepillos de limpieza<\/li>\n<\/ul>","protected":false},"featured_media":13346,"template":"","meta":{"_kad_post_transparent":"","_kad_post_title":"","_kad_post_layout":"","_kad_post_sidebar_id":"","_kad_post_content_style":"","_kad_post_vertical_padding":"","_kad_post_feature":"","_kad_post_feature_position":"","_kad_post_header":false,"_kad_post_footer":false,"_kad_post_classname":""},"product_brand":[],"product_cat":[1544],"product_tag":[],"class_list":{"0":"post-13345","1":"product","2":"type-product","3":"status-publish","4":"has-post-thumbnail","6":"product_cat-kitchen-and-tableware","8":"first","9":"instock","10":"shipping-taxable","11":"product-type-simple","12":"entry","13":"content-bg","14":"loop-entry"},"yoast_head":"<!-- This site is optimized with the Yoast SEO plugin v27.4 - https:\/\/yoast.com\/product\/yoast-seo-wordpress\/ -->\n<title>Metal straws - Import Wholesale Directly From Manufacturer<\/title>\n<meta name=\"description\" content=\"Import Metal straws from China Manufacturer, Good Product and Good Price, Contact TonySourcing for Catalog today.\" \/>\n<meta name=\"robots\" content=\"index, follow, max-snippet:-1, max-image-preview:large, max-video-preview:-1\" \/>\n<link rel=\"canonical\" href=\"https:\/\/tonysourcing.com\/es\/al-por-mayor\/pajitas-de-metal-10-piezas\/\" \/>\n<meta property=\"og:locale\" content=\"es_ES\" \/>\n<meta property=\"og:type\" content=\"article\" \/>\n<meta property=\"og:title\" content=\"Metal straws - Import Wholesale Directly From Manufacturer\" \/>\n<meta property=\"og:description\" content=\"Import Metal straws from China Manufacturer, Good Product and Good Price, Contact TonySourcing for Catalog today.\" \/>\n<meta property=\"og:url\" content=\"https:\/\/tonysourcing.com\/es\/al-por-mayor\/pajitas-de-metal-10-piezas\/\" \/>\n<meta property=\"og:site_name\" content=\"TonySourcing\" \/>\n<meta property=\"article:publisher\" content=\"https:\/\/www.facebook.com\/TonySourcing\" \/>\n<meta property=\"article:modified_time\" content=\"2021-11-30T02:45:59+00:00\" \/>\n<meta property=\"og:image\" content=\"https:\/\/tonysourcing.com\/wp-content\/uploads\/2021\/11\/metaliniai-siaudeliai-10vnt.jpg\" \/>\n\t<meta property=\"og:image:width\" content=\"700\" \/>\n\t<meta property=\"og:image:height\" content=\"807\" \/>\n\t<meta property=\"og:image:type\" content=\"image\/jpeg\" \/>\n<meta name=\"twitter:card\" content=\"summary_large_image\" \/>\n<meta name=\"twitter:site\" content=\"@TonySourcing\" \/>\n<meta name=\"twitter:label1\" content=\"Tiempo de lectura\" \/>\n\t<meta name=\"twitter:data1\" content=\"1 minuto\" \/>\n<script type=\"application\/ld+json\" class=\"yoast-schema-graph\">{\"@context\":\"https:\\\/\\\/schema.org\",\"@graph\":[{\"@type\":\"WebPage\",\"@id\":\"https:\\\/\\\/tonysourcing.com\\\/wholesale\\\/metal-straws-10pcs\\\/\",\"url\":\"https:\\\/\\\/tonysourcing.com\\\/wholesale\\\/metal-straws-10pcs\\\/\",\"name\":\"Metal straws - Import Wholesale Directly From Manufacturer\",\"isPartOf\":{\"@id\":\"https:\\\/\\\/tonysourcing.com\\\/#website\"},\"primaryImageOfPage\":{\"@id\":\"https:\\\/\\\/tonysourcing.com\\\/wholesale\\\/metal-straws-10pcs\\\/#primaryimage\"},\"image\":{\"@id\":\"https:\\\/\\\/tonysourcing.com\\\/wholesale\\\/metal-straws-10pcs\\\/#primaryimage\"},\"thumbnailUrl\":\"https:\\\/\\\/tonysourcing.com\\\/wp-content\\\/uploads\\\/2021\\\/11\\\/metaliniai-siaudeliai-10vnt.jpg\",\"datePublished\":\"2021-11-30T02:45:58+00:00\",\"dateModified\":\"2021-11-30T02:45:59+00:00\",\"description\":\"Import Metal straws from China Manufacturer, Good Product and Good Price, Contact TonySourcing for Catalog today.\",\"breadcrumb\":{\"@id\":\"https:\\\/\\\/tonysourcing.com\\\/wholesale\\\/metal-straws-10pcs\\\/#breadcrumb\"},\"inLanguage\":\"es\",\"potentialAction\":[{\"@type\":\"ReadAction\",\"target\":[\"https:\\\/\\\/tonysourcing.com\\\/wholesale\\\/metal-straws-10pcs\\\/\"]}]},{\"@type\":\"ImageObject\",\"inLanguage\":\"es\",\"@id\":\"https:\\\/\\\/tonysourcing.com\\\/wholesale\\\/metal-straws-10pcs\\\/#primaryimage\",\"url\":\"https:\\\/\\\/tonysourcing.com\\\/wp-content\\\/uploads\\\/2021\\\/11\\\/metaliniai-siaudeliai-10vnt.jpg\",\"contentUrl\":\"https:\\\/\\\/tonysourcing.com\\\/wp-content\\\/uploads\\\/2021\\\/11\\\/metaliniai-siaudeliai-10vnt.jpg\",\"width\":700,\"height\":807,\"caption\":\"metaliniai-siaudeliai-10vnt\"},{\"@type\":\"BreadcrumbList\",\"@id\":\"https:\\\/\\\/tonysourcing.com\\\/wholesale\\\/metal-straws-10pcs\\\/#breadcrumb\",\"itemListElement\":[{\"@type\":\"ListItem\",\"position\":1,\"name\":\"Home\",\"item\":\"https:\\\/\\\/tonysourcing.com\\\/\"},{\"@type\":\"ListItem\",\"position\":2,\"name\":\"Wholesale\",\"item\":\"https:\\\/\\\/tonysourcing.com\\\/wholesale\\\/\"},{\"@type\":\"ListItem\",\"position\":3,\"name\":\"Metal straws, 10pcs.\"}]},{\"@type\":\"WebSite\",\"@id\":\"https:\\\/\\\/tonysourcing.com\\\/#website\",\"url\":\"https:\\\/\\\/tonysourcing.com\\\/\",\"name\":\"TonySourcing\",\"description\":\"Toys Wholesale Distributor &amp; China Promition Items\",\"publisher\":{\"@id\":\"https:\\\/\\\/tonysourcing.com\\\/#organization\"},\"potentialAction\":[{\"@type\":\"SearchAction\",\"target\":{\"@type\":\"EntryPoint\",\"urlTemplate\":\"https:\\\/\\\/tonysourcing.com\\\/?s={search_term_string}\"},\"query-input\":{\"@type\":\"PropertyValueSpecification\",\"valueRequired\":true,\"valueName\":\"search_term_string\"}}],\"inLanguage\":\"es\"},{\"@type\":\"Organization\",\"@id\":\"https:\\\/\\\/tonysourcing.com\\\/#organization\",\"name\":\"Yiwu Zongge\",\"url\":\"https:\\\/\\\/tonysourcing.com\\\/\",\"logo\":{\"@type\":\"ImageObject\",\"inLanguage\":\"es\",\"@id\":\"https:\\\/\\\/tonysourcing.com\\\/#\\\/schema\\\/logo\\\/image\\\/\",\"url\":\"https:\\\/\\\/tonysourcing.com\\\/wp-content\\\/uploads\\\/2021\\\/07\\\/cropped-TonySourcing-logo-1.png\",\"contentUrl\":\"https:\\\/\\\/tonysourcing.com\\\/wp-content\\\/uploads\\\/2021\\\/07\\\/cropped-TonySourcing-logo-1.png\",\"width\":300,\"height\":92,\"caption\":\"Yiwu Zongge\"},\"image\":{\"@id\":\"https:\\\/\\\/tonysourcing.com\\\/#\\\/schema\\\/logo\\\/image\\\/\"},\"sameAs\":[\"https:\\\/\\\/www.facebook.com\\\/TonySourcing\",\"https:\\\/\\\/x.com\\\/TonySourcing\",\"https:\\\/\\\/www.instagram.com\\\/tony_sourcing\\\/\",\"http:\\\/\\\/www.linkedin.com\\\/in\\\/tonychen88\",\"https:\\\/\\\/www.youtube.com\\\/channel\\\/UCZfST1M-NDoqjQ3dB-Tzszg\"]}]}<\/script>\n<!-- \/ Yoast SEO plugin. -->","yoast_head_json":{"title":"Pajitas de metal - Importaci\u00f3n al por mayor directamente del fabricante","description":"Importe pajitas de metal del fabricante chino, buen producto y buen precio, comun\u00edquese con TonySourcing para obtener el cat\u00e1logo hoy.","robots":{"index":"index","follow":"follow","max-snippet":"max-snippet:-1","max-image-preview":"max-image-preview:large","max-video-preview":"max-video-preview:-1"},"canonical":"https:\/\/tonysourcing.com\/es\/al-por-mayor\/pajitas-de-metal-10-piezas\/","og_locale":"es_ES","og_type":"article","og_title":"Metal straws - Import Wholesale Directly From Manufacturer","og_description":"Import Metal straws from China Manufacturer, Good Product and Good Price, Contact TonySourcing for Catalog today.","og_url":"https:\/\/tonysourcing.com\/es\/al-por-mayor\/pajitas-de-metal-10-piezas\/","og_site_name":"TonySourcing","article_publisher":"https:\/\/www.facebook.com\/TonySourcing","article_modified_time":"2021-11-30T02:45:59+00:00","og_image":[{"width":700,"height":807,"url":"https:\/\/tonysourcing.com\/wp-content\/uploads\/2021\/11\/metaliniai-siaudeliai-10vnt.jpg","type":"image\/jpeg"}],"twitter_card":"summary_large_image","twitter_site":"@TonySourcing","twitter_misc":{"Tiempo de lectura":"1 minuto"},"schema":{"@context":"https:\/\/schema.org","@graph":[{"@type":"WebPage","@id":"https:\/\/tonysourcing.com\/wholesale\/metal-straws-10pcs\/","url":"https:\/\/tonysourcing.com\/wholesale\/metal-straws-10pcs\/","name":"Pajitas de metal - Importaci\u00f3n al por mayor directamente del fabricante","isPartOf":{"@id":"https:\/\/tonysourcing.com\/#website"},"primaryImageOfPage":{"@id":"https:\/\/tonysourcing.com\/wholesale\/metal-straws-10pcs\/#primaryimage"},"image":{"@id":"https:\/\/tonysourcing.com\/wholesale\/metal-straws-10pcs\/#primaryimage"},"thumbnailUrl":"https:\/\/tonysourcing.com\/wp-content\/uploads\/2021\/11\/metaliniai-siaudeliai-10vnt.jpg","datePublished":"2021-11-30T02:45:58+00:00","dateModified":"2021-11-30T02:45:59+00:00","description":"Importe pajitas de metal del fabricante chino, buen producto y buen precio, comun\u00edquese con TonySourcing para obtener el cat\u00e1logo hoy.","breadcrumb":{"@id":"https:\/\/tonysourcing.com\/wholesale\/metal-straws-10pcs\/#breadcrumb"},"inLanguage":"es","potentialAction":[{"@type":"ReadAction","target":["https:\/\/tonysourcing.com\/wholesale\/metal-straws-10pcs\/"]}]},{"@type":"ImageObject","inLanguage":"es","@id":"https:\/\/tonysourcing.com\/wholesale\/metal-straws-10pcs\/#primaryimage","url":"https:\/\/tonysourcing.com\/wp-content\/uploads\/2021\/11\/metaliniai-siaudeliai-10vnt.jpg","contentUrl":"https:\/\/tonysourcing.com\/wp-content\/uploads\/2021\/11\/metaliniai-siaudeliai-10vnt.jpg","width":700,"height":807,"caption":"metaliniai-siaudeliai-10vnt"},{"@type":"BreadcrumbList","@id":"https:\/\/tonysourcing.com\/wholesale\/metal-straws-10pcs\/#breadcrumb","itemListElement":[{"@type":"ListItem","position":1,"name":"Home","item":"https:\/\/tonysourcing.com\/"},{"@type":"ListItem","position":2,"name":"Wholesale","item":"https:\/\/tonysourcing.com\/wholesale\/"},{"@type":"ListItem","position":3,"name":"Metal straws, 10pcs."}]},{"@type":"WebSite","@id":"https:\/\/tonysourcing.com\/#website","url":"https:\/\/tonysourcing.com\/","name":"TonySourcing","description":"Distribuidor mayorista de juguetes y art\u00edculos en promoci\u00f3n en China","publisher":{"@id":"https:\/\/tonysourcing.com\/#organization"},"potentialAction":[{"@type":"SearchAction","target":{"@type":"EntryPoint","urlTemplate":"https:\/\/tonysourcing.com\/?s={search_term_string}"},"query-input":{"@type":"PropertyValueSpecification","valueRequired":true,"valueName":"search_term_string"}}],"inLanguage":"es"},{"@type":"Organization","@id":"https:\/\/tonysourcing.com\/#organization","name":"Yiwu Zongge","url":"https:\/\/tonysourcing.com\/","logo":{"@type":"ImageObject","inLanguage":"es","@id":"https:\/\/tonysourcing.com\/#\/schema\/logo\/image\/","url":"https:\/\/tonysourcing.com\/wp-content\/uploads\/2021\/07\/cropped-TonySourcing-logo-1.png","contentUrl":"https:\/\/tonysourcing.com\/wp-content\/uploads\/2021\/07\/cropped-TonySourcing-logo-1.png","width":300,"height":92,"caption":"Yiwu Zongge"},"image":{"@id":"https:\/\/tonysourcing.com\/#\/schema\/logo\/image\/"},"sameAs":["https:\/\/www.facebook.com\/TonySourcing","https:\/\/x.com\/TonySourcing","https:\/\/www.instagram.com\/tony_sourcing\/","http:\/\/www.linkedin.com\/in\/tonychen88","https:\/\/www.youtube.com\/channel\/UCZfST1M-NDoqjQ3dB-Tzszg"]}]}},"_links":{"self":[{"href":"https:\/\/tonysourcing.com\/es\/wp-json\/wp\/v2\/product\/13345","targetHints":{"allow":["GET"]}}],"collection":[{"href":"https:\/\/tonysourcing.com\/es\/wp-json\/wp\/v2\/product"}],"about":[{"href":"https:\/\/tonysourcing.com\/es\/wp-json\/wp\/v2\/types\/product"}],"version-history":[{"count":1,"href":"https:\/\/tonysourcing.com\/es\/wp-json\/wp\/v2\/product\/13345\/revisions"}],"predecessor-version":[{"id":13349,"href":"https:\/\/tonysourcing.com\/es\/wp-json\/wp\/v2\/product\/13345\/revisions\/13349"}],"wp:featuredmedia":[{"embeddable":true,"href":"https:\/\/tonysourcing.com\/es\/wp-json\/wp\/v2\/media\/13346"}],"wp:attachment":[{"href":"https:\/\/tonysourcing.com\/es\/wp-json\/wp\/v2\/media?parent=13345"}],"wp:term":[{"taxonomy":"product_brand","embeddable":true,"href":"https:\/\/tonysourcing.com\/es\/wp-json\/wp\/v2\/product_brand?post=13345"},{"taxonomy":"product_cat","embeddable":true,"href":"https:\/\/tonysourcing.com\/es\/wp-json\/wp\/v2\/product_cat?post=13345"},{"taxonomy":"product_tag","embeddable":true,"href":"https:\/\/tonysourcing.com\/es\/wp-json\/wp\/v2\/product_tag?post=13345"}],"curies":[{"name":"gracias","href":"https:\/\/api.w.org\/{rel}","templated":true}]}}