{"id":14819,"date":"2022-11-17T02:32:41","date_gmt":"2022-11-17T02:32:41","guid":{"rendered":"https:\/\/tonysourcing.com\/?post_type=product&#038;p=14819"},"modified":"2023-07-27T02:03:36","modified_gmt":"2023-07-27T02:03:36","slug":"juego-de-marcadores-artisticos","status":"publish","type":"product","link":"https:\/\/tonysourcing.com\/es\/wholesale\/art-marker-set\/","title":{"rendered":"Marcadores t\u00e1ctiles"},"content":{"rendered":"<h2>#1 \u00bfPor qu\u00e9 comprar el juego de marcadores art\u00edsticos? <a href=\"https:\/\/tonysourcing.com\/es\/\">TonySouring.com<\/a><\/h2>\n<p>Elija entre m\u00e1s de 5000 proveedores de juguetes de China con m\u00e1s de 100 000 000 de art\u00edculos. Ahorre hasta 601 TP3T en costos al abastecerse directamente de fabricantes de juguetes chinos. Maneje todo a trav\u00e9s del servicio de un solo paso de TonySourcing. As\u00f3ciese con el equipo de TonySourcing para obtener conocimiento y apoyo en la compra de juguetes.<\/p>\n<h2>#2 Acerca del detalle de los art\u00edculos.<\/h2>\n<p><span class=\"a-list-item\">80 COLORES VIBRANTES: el juego de marcadores de alcohol RUN HELIX viene con 80 colores vivos y vibrantes. Los marcadores de artista de doble punta resisten la decoloraci\u00f3n con el tiempo, lo que ayuda a su genialidad, inspiraci\u00f3n y creaci\u00f3n. Puede crear f\u00e1cilmente una cantidad ilimitada de combinaciones de colores superponiendo diferentes colores. Elecci\u00f3n perfecta para dibujar, colorear, ilustrar, sombrear, bocetar, dise\u00f1ar c\u00f3mics y m\u00e1s.<\/span><\/p>\n<p><img fetchpriority=\"high\" decoding=\"async\" class=\"aligncenter wp-image-19457 size-full\" src=\"https:\/\/tonysourcing.com\/wp-content\/uploads\/2022\/11\/art-markers.jpg\" alt=\"\" width=\"970\" height=\"600\" srcset=\"https:\/\/tonysourcing.com\/wp-content\/uploads\/2022\/11\/art-markers.jpg 970w, https:\/\/tonysourcing.com\/wp-content\/uploads\/2022\/11\/art-markers-300x186.jpg 300w, https:\/\/tonysourcing.com\/wp-content\/uploads\/2022\/11\/art-markers-800x495.jpg 800w, https:\/\/tonysourcing.com\/wp-content\/uploads\/2022\/11\/art-markers-768x475.jpg 768w, https:\/\/tonysourcing.com\/wp-content\/uploads\/2022\/11\/art-markers-600x371.jpg 600w\" sizes=\"(max-width: 970px) 100vw, 970px\" \/><img decoding=\"async\" class=\"aligncenter wp-image-19458\" src=\"https:\/\/tonysourcing.com\/wp-content\/uploads\/2022\/11\/different-color-for-drawing.jpg\" alt=\"\" width=\"970\" height=\"1110\" srcset=\"https:\/\/tonysourcing.com\/wp-content\/uploads\/2022\/11\/different-color-for-drawing.jpg 750w, https:\/\/tonysourcing.com\/wp-content\/uploads\/2022\/11\/different-color-for-drawing-262x300.jpg 262w, https:\/\/tonysourcing.com\/wp-content\/uploads\/2022\/11\/different-color-for-drawing-699x800.jpg 699w, https:\/\/tonysourcing.com\/wp-content\/uploads\/2022\/11\/different-color-for-drawing-600x686.jpg 600w\" sizes=\"(max-width: 970px) 100vw, 970px\" \/><\/p>\n<p>&nbsp;<\/p>","protected":false},"excerpt":{"rendered":"<p>N.\u00ba de art\u00edculo: SUST\u20130001<\/p>\n<p>Precio al por mayor: 25-36<strong>$\/Unidad<\/strong><\/p>\n<p>Precio de venta sugerido:<strong> 7$<\/strong><\/p>\n<p>Nombre del producto: Marcador t\u00e1ctil<br \/>\nFunci\u00f3n:<\/p>\n<p>Dise\u00f1o de doble cabezal<\/p>\n<p>Secado r\u00e1pido y fregado<\/p>\n<p>F\u00e1cil de almacenar y transportar<\/p>\n<h4 class=\"a-spacing-mini\"><\/h4>\n<p>&nbsp;<\/p>","protected":false},"featured_media":14820,"template":"","meta":{"_kad_post_transparent":"","_kad_post_title":"","_kad_post_layout":"","_kad_post_sidebar_id":"","_kad_post_content_style":"","_kad_post_vertical_padding":"","_kad_post_feature":"","_kad_post_feature_position":"","_kad_post_header":false,"_kad_post_footer":false,"_kad_post_classname":""},"product_brand":[],"product_cat":[1230],"product_tag":[1235,1679],"class_list":{"0":"post-14819","1":"product","2":"type-product","3":"status-publish","4":"has-post-thumbnail","6":"product_cat-stationery","7":"product_tag-stationery-wholesale","8":"product_tag-touch-markers","10":"first","11":"instock","12":"featured","13":"shipping-taxable","14":"product-type-simple","15":"entry","16":"content-bg","17":"loop-entry"},"yoast_head":"<!-- This site is optimized with the Yoast SEO plugin v27.5 - https:\/\/yoast.com\/product\/yoast-seo-wordpress\/ -->\n<title>Touch Markers- Import Toys Wholesale Directly From Manufacturer<\/title>\n<meta name=\"description\" content=\"Import Touch Markers from China Manufacturer, Good Product and Good Price, Contact TonySourcing for Catalog today\" \/>\n<meta name=\"robots\" content=\"index, follow, max-snippet:-1, max-image-preview:large, max-video-preview:-1\" \/>\n<link rel=\"canonical\" href=\"https:\/\/tonysourcing.com\/es\/al-por-mayor\/juego-de-marcadores-artisticos\/\" \/>\n<meta property=\"og:locale\" content=\"es_ES\" \/>\n<meta property=\"og:type\" content=\"article\" \/>\n<meta property=\"og:title\" content=\"Touch Markers- Import Toys Wholesale Directly From Manufacturer\" \/>\n<meta property=\"og:description\" content=\"Import Touch Markers from China Manufacturer, Good Product and Good Price, Contact TonySourcing for Catalog today\" \/>\n<meta property=\"og:url\" content=\"https:\/\/tonysourcing.com\/es\/al-por-mayor\/juego-de-marcadores-artisticos\/\" \/>\n<meta property=\"og:site_name\" content=\"TonySourcing\" \/>\n<meta property=\"article:publisher\" content=\"https:\/\/www.facebook.com\/TonySourcing\" \/>\n<meta property=\"article:modified_time\" content=\"2023-07-27T02:03:36+00:00\" \/>\n<meta property=\"og:image\" content=\"https:\/\/tonysourcing.com\/wp-content\/uploads\/2022\/07\/Art-Marker-Set.jpg\" \/>\n\t<meta property=\"og:image:width\" content=\"800\" \/>\n\t<meta property=\"og:image:height\" content=\"800\" \/>\n\t<meta property=\"og:image:type\" content=\"image\/jpeg\" \/>\n<meta name=\"twitter:card\" content=\"summary_large_image\" \/>\n<meta name=\"twitter:site\" content=\"@TonySourcing\" \/>\n<meta name=\"twitter:label1\" content=\"Tiempo de lectura\" \/>\n\t<meta name=\"twitter:data1\" content=\"1 minuto\" \/>\n<script type=\"application\/ld+json\" class=\"yoast-schema-graph\">{\"@context\":\"https:\\\/\\\/schema.org\",\"@graph\":[{\"@type\":\"WebPage\",\"@id\":\"https:\\\/\\\/tonysourcing.com\\\/wholesale\\\/art-marker-set\\\/\",\"url\":\"https:\\\/\\\/tonysourcing.com\\\/wholesale\\\/art-marker-set\\\/\",\"name\":\"Touch Markers- Import Toys Wholesale Directly From Manufacturer\",\"isPartOf\":{\"@id\":\"https:\\\/\\\/tonysourcing.com\\\/#website\"},\"primaryImageOfPage\":{\"@id\":\"https:\\\/\\\/tonysourcing.com\\\/wholesale\\\/art-marker-set\\\/#primaryimage\"},\"image\":{\"@id\":\"https:\\\/\\\/tonysourcing.com\\\/wholesale\\\/art-marker-set\\\/#primaryimage\"},\"thumbnailUrl\":\"https:\\\/\\\/tonysourcing.com\\\/wp-content\\\/uploads\\\/2022\\\/07\\\/Art-Marker-Set.jpg\",\"datePublished\":\"2022-11-17T02:32:41+00:00\",\"dateModified\":\"2023-07-27T02:03:36+00:00\",\"description\":\"Import Touch Markers from China Manufacturer, Good Product and Good Price, Contact TonySourcing for Catalog today\",\"breadcrumb\":{\"@id\":\"https:\\\/\\\/tonysourcing.com\\\/wholesale\\\/art-marker-set\\\/#breadcrumb\"},\"inLanguage\":\"es\",\"potentialAction\":[{\"@type\":\"ReadAction\",\"target\":[\"https:\\\/\\\/tonysourcing.com\\\/wholesale\\\/art-marker-set\\\/\"]}]},{\"@type\":\"ImageObject\",\"inLanguage\":\"es\",\"@id\":\"https:\\\/\\\/tonysourcing.com\\\/wholesale\\\/art-marker-set\\\/#primaryimage\",\"url\":\"https:\\\/\\\/tonysourcing.com\\\/wp-content\\\/uploads\\\/2022\\\/07\\\/Art-Marker-Set.jpg\",\"contentUrl\":\"https:\\\/\\\/tonysourcing.com\\\/wp-content\\\/uploads\\\/2022\\\/07\\\/Art-Marker-Set.jpg\",\"width\":800,\"height\":800},{\"@type\":\"BreadcrumbList\",\"@id\":\"https:\\\/\\\/tonysourcing.com\\\/wholesale\\\/art-marker-set\\\/#breadcrumb\",\"itemListElement\":[{\"@type\":\"ListItem\",\"position\":1,\"name\":\"Home\",\"item\":\"https:\\\/\\\/tonysourcing.com\\\/\"},{\"@type\":\"ListItem\",\"position\":2,\"name\":\"Wholesale\",\"item\":\"https:\\\/\\\/tonysourcing.com\\\/wholesale\\\/\"},{\"@type\":\"ListItem\",\"position\":3,\"name\":\"Touch Markers\"}]},{\"@type\":\"WebSite\",\"@id\":\"https:\\\/\\\/tonysourcing.com\\\/#website\",\"url\":\"https:\\\/\\\/tonysourcing.com\\\/\",\"name\":\"TonySourcing\",\"description\":\"Toys Wholesale Distributor &amp; China Promition Items\",\"publisher\":{\"@id\":\"https:\\\/\\\/tonysourcing.com\\\/#organization\"},\"potentialAction\":[{\"@type\":\"SearchAction\",\"target\":{\"@type\":\"EntryPoint\",\"urlTemplate\":\"https:\\\/\\\/tonysourcing.com\\\/?s={search_term_string}\"},\"query-input\":{\"@type\":\"PropertyValueSpecification\",\"valueRequired\":true,\"valueName\":\"search_term_string\"}}],\"inLanguage\":\"es\"},{\"@type\":\"Organization\",\"@id\":\"https:\\\/\\\/tonysourcing.com\\\/#organization\",\"name\":\"Yiwu Zongge\",\"url\":\"https:\\\/\\\/tonysourcing.com\\\/\",\"logo\":{\"@type\":\"ImageObject\",\"inLanguage\":\"es\",\"@id\":\"https:\\\/\\\/tonysourcing.com\\\/#\\\/schema\\\/logo\\\/image\\\/\",\"url\":\"https:\\\/\\\/tonysourcing.com\\\/wp-content\\\/uploads\\\/2021\\\/07\\\/cropped-TonySourcing-logo-1.png\",\"contentUrl\":\"https:\\\/\\\/tonysourcing.com\\\/wp-content\\\/uploads\\\/2021\\\/07\\\/cropped-TonySourcing-logo-1.png\",\"width\":300,\"height\":92,\"caption\":\"Yiwu Zongge\"},\"image\":{\"@id\":\"https:\\\/\\\/tonysourcing.com\\\/#\\\/schema\\\/logo\\\/image\\\/\"},\"sameAs\":[\"https:\\\/\\\/www.facebook.com\\\/TonySourcing\",\"https:\\\/\\\/x.com\\\/TonySourcing\",\"https:\\\/\\\/www.instagram.com\\\/tony_sourcing\\\/\",\"http:\\\/\\\/www.linkedin.com\\\/in\\\/tonychen88\",\"https:\\\/\\\/www.youtube.com\\\/channel\\\/UCZfST1M-NDoqjQ3dB-Tzszg\"]}]}<\/script>\n<!-- \/ Yoast SEO plugin. -->","yoast_head_json":{"title":"Marcadores t\u00e1ctiles: juguetes de importaci\u00f3n al por mayor directamente del fabricante","description":"Importe marcadores t\u00e1ctiles del fabricante chino. Buen producto y buen precio. Contacte con TonySourcing para obtener el cat\u00e1logo hoy mismo.","robots":{"index":"index","follow":"follow","max-snippet":"max-snippet:-1","max-image-preview":"max-image-preview:large","max-video-preview":"max-video-preview:-1"},"canonical":"https:\/\/tonysourcing.com\/es\/al-por-mayor\/juego-de-marcadores-artisticos\/","og_locale":"es_ES","og_type":"article","og_title":"Touch Markers- Import Toys Wholesale Directly From Manufacturer","og_description":"Import Touch Markers from China Manufacturer, Good Product and Good Price, Contact TonySourcing for Catalog today","og_url":"https:\/\/tonysourcing.com\/es\/al-por-mayor\/juego-de-marcadores-artisticos\/","og_site_name":"TonySourcing","article_publisher":"https:\/\/www.facebook.com\/TonySourcing","article_modified_time":"2023-07-27T02:03:36+00:00","og_image":[{"width":800,"height":800,"url":"https:\/\/tonysourcing.com\/wp-content\/uploads\/2022\/07\/Art-Marker-Set.jpg","type":"image\/jpeg"}],"twitter_card":"summary_large_image","twitter_site":"@TonySourcing","twitter_misc":{"Tiempo de lectura":"1 minuto"},"schema":{"@context":"https:\/\/schema.org","@graph":[{"@type":"WebPage","@id":"https:\/\/tonysourcing.com\/wholesale\/art-marker-set\/","url":"https:\/\/tonysourcing.com\/wholesale\/art-marker-set\/","name":"Marcadores t\u00e1ctiles: juguetes de importaci\u00f3n al por mayor directamente del fabricante","isPartOf":{"@id":"https:\/\/tonysourcing.com\/#website"},"primaryImageOfPage":{"@id":"https:\/\/tonysourcing.com\/wholesale\/art-marker-set\/#primaryimage"},"image":{"@id":"https:\/\/tonysourcing.com\/wholesale\/art-marker-set\/#primaryimage"},"thumbnailUrl":"https:\/\/tonysourcing.com\/wp-content\/uploads\/2022\/07\/Art-Marker-Set.jpg","datePublished":"2022-11-17T02:32:41+00:00","dateModified":"2023-07-27T02:03:36+00:00","description":"Importe marcadores t\u00e1ctiles del fabricante chino. Buen producto y buen precio. Contacte con TonySourcing para obtener el cat\u00e1logo hoy mismo.","breadcrumb":{"@id":"https:\/\/tonysourcing.com\/wholesale\/art-marker-set\/#breadcrumb"},"inLanguage":"es","potentialAction":[{"@type":"ReadAction","target":["https:\/\/tonysourcing.com\/wholesale\/art-marker-set\/"]}]},{"@type":"ImageObject","inLanguage":"es","@id":"https:\/\/tonysourcing.com\/wholesale\/art-marker-set\/#primaryimage","url":"https:\/\/tonysourcing.com\/wp-content\/uploads\/2022\/07\/Art-Marker-Set.jpg","contentUrl":"https:\/\/tonysourcing.com\/wp-content\/uploads\/2022\/07\/Art-Marker-Set.jpg","width":800,"height":800},{"@type":"BreadcrumbList","@id":"https:\/\/tonysourcing.com\/wholesale\/art-marker-set\/#breadcrumb","itemListElement":[{"@type":"ListItem","position":1,"name":"Home","item":"https:\/\/tonysourcing.com\/"},{"@type":"ListItem","position":2,"name":"Wholesale","item":"https:\/\/tonysourcing.com\/wholesale\/"},{"@type":"ListItem","position":3,"name":"Touch Markers"}]},{"@type":"WebSite","@id":"https:\/\/tonysourcing.com\/#website","url":"https:\/\/tonysourcing.com\/","name":"TonySourcing","description":"Distribuidor mayorista de juguetes y art\u00edculos en promoci\u00f3n en China","publisher":{"@id":"https:\/\/tonysourcing.com\/#organization"},"potentialAction":[{"@type":"SearchAction","target":{"@type":"EntryPoint","urlTemplate":"https:\/\/tonysourcing.com\/?s={search_term_string}"},"query-input":{"@type":"PropertyValueSpecification","valueRequired":true,"valueName":"search_term_string"}}],"inLanguage":"es"},{"@type":"Organization","@id":"https:\/\/tonysourcing.com\/#organization","name":"Yiwu Zongge","url":"https:\/\/tonysourcing.com\/","logo":{"@type":"ImageObject","inLanguage":"es","@id":"https:\/\/tonysourcing.com\/#\/schema\/logo\/image\/","url":"https:\/\/tonysourcing.com\/wp-content\/uploads\/2021\/07\/cropped-TonySourcing-logo-1.png","contentUrl":"https:\/\/tonysourcing.com\/wp-content\/uploads\/2021\/07\/cropped-TonySourcing-logo-1.png","width":300,"height":92,"caption":"Yiwu Zongge"},"image":{"@id":"https:\/\/tonysourcing.com\/#\/schema\/logo\/image\/"},"sameAs":["https:\/\/www.facebook.com\/TonySourcing","https:\/\/x.com\/TonySourcing","https:\/\/www.instagram.com\/tony_sourcing\/","http:\/\/www.linkedin.com\/in\/tonychen88","https:\/\/www.youtube.com\/channel\/UCZfST1M-NDoqjQ3dB-Tzszg"]}]}},"_links":{"self":[{"href":"https:\/\/tonysourcing.com\/es\/wp-json\/wp\/v2\/product\/14819","targetHints":{"allow":["GET"]}}],"collection":[{"href":"https:\/\/tonysourcing.com\/es\/wp-json\/wp\/v2\/product"}],"about":[{"href":"https:\/\/tonysourcing.com\/es\/wp-json\/wp\/v2\/types\/product"}],"version-history":[{"count":3,"href":"https:\/\/tonysourcing.com\/es\/wp-json\/wp\/v2\/product\/14819\/revisions"}],"predecessor-version":[{"id":19463,"href":"https:\/\/tonysourcing.com\/es\/wp-json\/wp\/v2\/product\/14819\/revisions\/19463"}],"wp:featuredmedia":[{"embeddable":true,"href":"https:\/\/tonysourcing.com\/es\/wp-json\/wp\/v2\/media\/14820"}],"wp:attachment":[{"href":"https:\/\/tonysourcing.com\/es\/wp-json\/wp\/v2\/media?parent=14819"}],"wp:term":[{"taxonomy":"product_brand","embeddable":true,"href":"https:\/\/tonysourcing.com\/es\/wp-json\/wp\/v2\/product_brand?post=14819"},{"taxonomy":"product_cat","embeddable":true,"href":"https:\/\/tonysourcing.com\/es\/wp-json\/wp\/v2\/product_cat?post=14819"},{"taxonomy":"product_tag","embeddable":true,"href":"https:\/\/tonysourcing.com\/es\/wp-json\/wp\/v2\/product_tag?post=14819"}],"curies":[{"name":"gracias","href":"https:\/\/api.w.org\/{rel}","templated":true}]}}